{"id":11837,"date":"2019-05-02T12:25:25","date_gmt":"2019-05-02T15:25:25","guid":{"rendered":"http:\/\/www.ataway.com\/?page_id=11837"},"modified":"2019-09-10T11:42:38","modified_gmt":"2019-09-10T14:42:38","slug":"privacy-policy","status":"publish","type":"page","link":"https:\/\/www.ataway.com\/ro-ro\/privacy-policy\/","title":{"rendered":"Privacy Policy"},"content":{"rendered":"<div class=\"wpb-content-wrapper\"><p>[vc_row full_width=&#8221;stretch_row&#8221; content_placement=&#8221;middle&#8221; css=&#8221;.vc_custom_1555087526866{background-color: #ffffff !important;}&#8221;][vc_column offset=&#8221;vc_hidden-xs&#8221;][vc_empty_space height=&#8221;100&#8243; css=&#8221;.vc_custom_1555087541028{background-color: #ffffff !important;}&#8221;][\/vc_column][\/vc_row][vc_row full_width=&#8221;stretch_row&#8221; full_height=&#8221;yes&#8221; content_placement=&#8221;middle&#8221; parallax=&#8221;content-moving&#8221; css=&#8221;.vc_custom_1555027545199{background-color: #ffffff !important;}&#8221;][vc_column][vc_row_inner][vc_column_inner][vc_empty_space][vc_column_text css_animation=&#8221;fadeInDown&#8221;]<\/p>\n<h1><strong><span style=\"color: #333333;\">Politica de confiden\u021bialitate<\/span><\/strong><\/h1>\n<p>[\/vc_column_text][vc_column_text css_animation=&#8221;fadeInUp&#8221; el_class=&#8221;small&#8221;]<\/p>\n<h3><span style=\"color: #333333;\"><strong>Cine suntem<\/strong><\/span><\/h3>\n<p><span style=\"color: #333333;\"><strong>Pagina web a corpora\u021biei Ataway poate fi accesat\u0103 la www.ataway.com (\u201cpagina de web Ataway\u201d).<\/strong><\/span><\/p>\n<h3><span style=\"color: #333333;\"><strong>Comentarii<\/strong><\/span><\/h3>\n<p><span style=\"color: #333333;\"><strong>Ataway Inc. (\u201eAtaway\u201d) a creat aceast\u0103 declara\u021bie de confiden\u021bialitate pentru a demonstra angajamentul s\u0103u serios privind caracterul confiden\u021bial al informa\u021biilor dvs. personale. Mai jos ve\u021bi g\u0103si informa\u021bii despre practicile noastre de colectare \u0219i difuzare a informa\u021biilor pe site-ul corporativ Ataway accesibil la adresa www.Ataway.com (\u201esite-ul Ataway\u201d).<\/strong><\/span><\/p>\n<p><span style=\"color: #333333;\"><strong>Ataway este unicul proprietar al tuturor informa\u021biilor colectate pe site-ul s\u0103u web. Nu vom vinde, distribui sau \u00eenchiria aceste informa\u021bii nim\u0103nui, dec\u00e2t cu acordul dvs. \u00een mod explicit de a face acest lucru.<\/strong><\/span><\/p>\n<h3><span style=\"color: #333333;\"><strong>Modulele cookie<\/strong><\/span><\/h3>\n<p><span style=\"color: #333333;\"><strong>Un modul cookie este constituit din date stocate pe hard disk-ul utilizatorului, care con\u021bine informa\u021bii despre acel utilizator. Ataway poate utiliza module cookie pentru a urm\u0103ri \u0219i analiza tendin\u021bele de trafic de pe site-ul Ataway pentru a \u00eembun\u0103t\u0103\u021bi capacitatea de utilizare a site-ului, www.ataway.com.<\/strong><\/span><\/p>\n<p><span style=\"color: #333333;\"><strong>Utilizarea unui modul cookie nu este \u00een niciun fel legat\u0103 de informa\u021biile de identificare personal\u0103 \u00een timpul navig\u0103rii pe site-ul nostru. Odat\u0103 ce utilizatorul \u00ee\u0219i \u00eenchide browserul, modulul cookie pur \u0219i simplu se \u00eentrerupe. Odat\u0103 ce utilizatorul a p\u0103r\u0103sit site-ul Ataway, modulele cookie nu sunt utilizate \u00een niciun fel. Dac\u0103 un utilizator refuz\u0103 modulul cookie-ul, acesta poate utiliza \u00een continuare site-ul nostru. Singurul dezavantaj este c\u0103, pe anumite zone ale site-ului nostru, experien\u021ba utilizatorului poate fi limitat\u0103.<\/strong><\/span><\/p>\n<h3><span style=\"color: #333333;\"><strong>Distribuirea de informa\u021bii demografice agregate<\/strong><\/span><\/h3>\n<p><span style=\"color: #333333;\"><strong>Site-ul Ataway folose\u0219te adrese IP pentru a analiza tendin\u021be, pentru a gestiona site-ul, pentru a urm\u0103ri mi\u0219c\u0103rile utilizatorilor pe site \u0219i pentru a colecta informa\u021bii demografice la scar\u0103 larg\u0103 pentru utilizare agregat\u0103. Adresele IP nu sunt legate de informa\u021bii de identificare personal\u0103. Ataway poate \u00eemp\u0103rt\u0103\u0219i partenerilor s\u0103i informa\u021bii demografice agregate (cum ar fi un num\u0103r de vizite etc.).<\/strong><\/span><\/p>\n<h3><span style=\"color: #333333;\"><strong>Link-uri<\/strong><\/span><\/h3>\n<p><span style=\"color: #333333;\"><strong>Site-ul Ataway con\u021bine link-uri c\u0103tre alte site-uri. \u00cen unele cazuri, vizitatorii site-ului Ataway pot fi transfera\u021bi pe un alt site, cum ar fi cele ale partenerilor Ataway, dup\u0103 accesarea site-urilor respective. V\u0103 rug\u0103m s\u0103 re\u021bine\u021bi c\u0103 Ataway nu este responsabil pentru practicile de confiden\u021bialitate ale altor site-uri. Ataway \u00eencurajeaz\u0103 vizitatorii site-ului Ataway s\u0103 fie aten\u021bi atunci c\u00e2nd p\u0103r\u0103sesc site-ul Ataway \u0219i s\u0103 citeasc\u0103 declara\u021biile de confiden\u021bialitate ale fiec\u0103rui site care colecteaz\u0103 informa\u021bii de identificare personal\u0103. Aceast\u0103 declara\u021bie de confiden\u021bialitate se aplic\u0103 numai site-ului Ataway.<\/strong><\/span><\/p>\n<h3><span style=\"color: #333333;\"><strong>Sondaje &amp; Concursuri<\/strong><\/span><\/h3>\n<p><span style=\"color: #333333;\"><strong>Din c\u00e2nd \u00een c\u00e2nd, site-ul Ataway poate solicita informa\u021bii de la vizitatori prin sondaje sau concursuri. Participarea la aceste sondaje sau concursuri este \u00een \u00eentregime voluntar\u0103, iar vizitatorul are posibilitatea de a dezv\u0103lui sau nu informa\u021biile solicitate. Informa\u021biile solicitate pot include informa\u021bii de contact (cum ar fi numele \u0219i adresa de e-mail) \u0219i informa\u021bii demografice (cum ar fi codul po\u0219tal sau nivelul de v\u00e2rst\u0103). Informa\u021biile de contact vor fi utilizate doar pentru a informa c\u00e2\u0219tig\u0103torii \u0219i pentru \u00eenm\u00e2narea premiilor.<\/strong><\/span><\/p>\n<h3><span style=\"color: #333333;\"><strong>Notificarea asupra modific\u0103rilor<\/strong><\/span><\/h3>\n<p><span style=\"color: #333333;\"><strong>\u00cen cazul \u00een care se fac modific\u0103ri asupra Politicii de confiden\u021bialitate a site-ului Ataway, Ataway le va posta sub forma unui link de la pagina principal\u0103 Ataway, astfel \u00eenc\u00e2t vizitatorii site-ului web Ataway s\u0103 fie \u00eentotdeauna la curent referitor la orice informa\u021bii pe care le putem colecta, modul \u00een care le-am putea utiliza \u0219i \u00een ce condi\u021bii, dac\u0103 este cazul, le putem dezv\u0103lui. Ataway va folosi informa\u021biile \u00een conformitate cu politica de confiden\u021bialitate \u00een baza c\u0103reia informa\u021biile au fost colectate.<\/strong><\/span><\/p>\n<p><span style=\"color: #333333;\"><strong>Ataway, sigla Ataway, sunt m\u0103rci comerciale \u00eenregistrate Ataway, Inc. \u00een Statele Unite \u0219i \u00een jurisdic\u021bii din \u00eentreaga lume. Alte nume de produse, nume de servicii, sloganuri sau logo-uri Ataway men\u021bionate pe acest site web sunt m\u0103rci comerciale sau m\u0103rci \u00eenregistrate ale Ataway, Inc.<\/strong><\/span><\/p>\n<h3><span style=\"color: #333333;\"><strong>Dreptul de autor<\/strong><\/span><\/h3>\n<p><span style=\"color: #333333;\"><strong>Tot con\u021binutul site-ului, inclusiv (f\u0103r\u0103 a se limita la) text, grafic\u0103, arhitectur\u0103 informa\u021bional\u0103 \u0219i sistem de codare, este protejat de drepturi de autor sau licen\u021biat de c\u0103tre Ataway, Inc. Pute\u021bi desc\u0103rca, afi\u0219a, tip\u0103ri \u0219i reproduce acest material pentru uz personal \u0219i non-comercial sau pentru uz necomercial \u00een cadrul organiza\u021biei dvs., cu condi\u021bia ca orice reproducere s\u0103 nu fie modificat\u0103, s\u0103 fie indicat\u0103 data primei public\u0103ri \u0219i s\u0103 fie men\u021bionat\u0103 sursa.<\/strong><\/span><\/p>\n<p><span style=\"color: #333333;\"><strong>Ataway Inc. poate \u00eencheia un acord separat cu dvs. cu privire la utilizarea con\u021binutului specific de pe site (caz \u00een care acordul respectiv va \u00eenlocui aceast\u0103 declara\u021bie de drept de autor \u0219i va prevala \u00een cazul oric\u0103rei inconsisten\u021be).<\/strong><\/span><\/p>\n<p><span style=\"color: #333333;\"><strong>Toate celelalte drepturi sunt rezervate, cu excep\u021bia oric\u0103rei alte utiliz\u0103ri permise prin Legea drepturilor de autor din 1968 (Cth) sau acordate printr-un acord separat.<\/strong><\/span><\/p>\n<p><span style=\"color: #333333;\"><strong>Dac\u0103 dori\u021bi s\u0103 folosi\u021bi orice alt con\u021binut al site-ului nostru, este obligatoriu s\u0103 ob\u021bine\u021bi permisiunea noastr\u0103 scris\u0103 prealabil\u0103. Pentru a solicita permisiunea sau pentru mai multe informa\u021bii, v\u0103 rug\u0103m s\u0103 ne contacta\u021bi prin intermediul adresei info@ataway.com. Ave\u021bi grij\u0103 s\u0103 selecta\u021bi ca titlu subiectul corespunz\u0103tor.<\/strong><\/span>[\/vc_column_text][vc_empty_space height=&#8221;64px&#8221;][\/vc_column_inner][\/vc_row_inner][\/vc_column][\/vc_row][vc_row full_width=&#8221;stretch_row&#8221; content_placement=&#8221;middle&#8221; css=&#8221;.vc_custom_1552900650622{background-color: #ffffff !important;}&#8221;][vc_column][vc_empty_space height=&#8221;32&#8243;][\/vc_column][\/vc_row][vc_row el_id=&#8221;js-code&#8221;][vc_column][vc_raw_js]JTNDc2NyaXB0JTIwdHlwZSUzRCUyMnRleHQlMkZqYXZhc2NyaXB0JTIyJTNFJTBBJTI0JTI4JTIyJTIzVG9wX2JhciUyMiUyOS5hZGRDbGFzcyUyOCUyMmRhcmtfYmFja2dyb3VuZCUyMiUyOSUzQiUwQSUzQyUyRnNjcmlwdCUzRQ==[\/vc_raw_js][\/vc_column][\/vc_row]<\/p>\n<\/div>","protected":false},"excerpt":{"rendered":"<p>[vc_row full_width=&#8221;stretch_row&#8221; content_placement=&#8221;middle&#8221; css=&#8221;.vc_custom_1555087526866{background-color: #ffffff !important;}&#8221;][vc_column offset=&#8221;vc_hidden-xs&#8221;][vc_empty_space height=&#8221;100&#8243; css=&#8221;.vc_custom_1555087541028{background-color: #ffffff !important;}&#8221;][\/vc_column][\/vc_row][vc_row full_width=&#8221;stretch_row&#8221; full_height=&#8221;yes&#8221; content_placement=&#8221;middle&#8221; parallax=&#8221;content-moving&#8221; css=&#8221;.vc_custom_1555027545199{background-color: #ffffff !important;}&#8221;][vc_column][vc_row_inner][vc_column_inner][vc_empty_space][vc_column_text css_animation=&#8221;fadeInDown&#8221;] Politica de confiden\u021bialitate [\/vc_column_text][vc_column_text css_animation=&#8221;fadeInUp&#8221; el_class=&#8221;small&#8221;] Cine<span class=\"excerpt-hellip\"> [\u2026]<\/span><\/p>\n","protected":false},"author":6,"featured_media":0,"parent":0,"menu_order":0,"comment_status":"closed","ping_status":"closed","template":"","meta":{"footnotes":""},"class_list":["post-11837","page","type-page","status-publish","hentry"],"_links":{"self":[{"href":"https:\/\/www.ataway.com\/ro-ro\/wp-json\/wp\/v2\/pages\/11837","targetHints":{"allow":["GET"]}}],"collection":[{"href":"https:\/\/www.ataway.com\/ro-ro\/wp-json\/wp\/v2\/pages"}],"about":[{"href":"https:\/\/www.ataway.com\/ro-ro\/wp-json\/wp\/v2\/types\/page"}],"author":[{"embeddable":true,"href":"https:\/\/www.ataway.com\/ro-ro\/wp-json\/wp\/v2\/users\/6"}],"replies":[{"embeddable":true,"href":"https:\/\/www.ataway.com\/ro-ro\/wp-json\/wp\/v2\/comments?post=11837"}],"version-history":[{"count":4,"href":"https:\/\/www.ataway.com\/ro-ro\/wp-json\/wp\/v2\/pages\/11837\/revisions"}],"predecessor-version":[{"id":12388,"href":"https:\/\/www.ataway.com\/ro-ro\/wp-json\/wp\/v2\/pages\/11837\/revisions\/12388"}],"wp:attachment":[{"href":"https:\/\/www.ataway.com\/ro-ro\/wp-json\/wp\/v2\/media?parent=11837"}],"curies":[{"name":"wp","href":"https:\/\/api.w.org\/{rel}","templated":true}]}}