{"id":11818,"date":"2019-05-02T12:17:17","date_gmt":"2019-05-02T15:17:17","guid":{"rendered":"http:\/\/www.ataway.com\/?page_id=11818"},"modified":"2025-12-17T12:20:01","modified_gmt":"2025-12-17T15:20:01","slug":"discover","status":"publish","type":"page","link":"https:\/\/www.ataway.com\/ro-ro\/discover\/","title":{"rendered":"Discover"},"content":{"rendered":"<div class=\"wpb-content-wrapper\"><p>[vc_row full_width=&#8221;stretch_row&#8221; full_height=&#8221;yes&#8221; content_placement=&#8221;middle&#8221; parallax=&#8221;content-moving&#8221; parallax_image=&#8221;10529&#8243;][vc_column][vc_empty_space height=&#8221;100&#8243;][vc_row_inner content_placement=&#8221;middle&#8221;][vc_column_inner][vc_column_text css_animation=&#8221;fadeInDown&#8221;]<\/p>\n<h1 style=\"text-align: left;\">Probleme complexe.<\/h1>\n<h1><strong>Solu\u021bii adaptabile.<\/strong><\/h1>\n<p>[\/vc_column_text][vc_column_text css_animation=&#8221;fadeInUp&#8221; css=&#8221;.vc_custom_1565985452569{padding-bottom: 32px !important;}&#8221; el_class=&#8221;medium&#8221;]<\/p>\n<h3><strong><span style=\"color: #ffffff;\">Ne punem expertiza, experien\u021ba, infrastructura \u0219i<br \/>\npasiunea \u00een slujba dvs. \u00cens\u0103, mai important, devenim<br \/>\npartenerul dvs., lucr\u00e2nd ca o echip\u0103 \u00een cadrul proiectelor dvs.<\/span><\/strong><\/h3>\n<p>[\/vc_column_text][\/vc_column_inner][\/vc_row_inner][vc_icon type=&#8221;entypo&#8221; icon_entypo=&#8221;entypo-icon entypo-icon-down-open-big&#8221; color=&#8221;custom&#8221; background_style=&#8221;rounded&#8221; background_color=&#8221;custom&#8221; size=&#8221;sm&#8221; align=&#8221;center&#8221; custom_color=&#8221;rgba(255,255,255,0.56)&#8221; custom_background_color=&#8221;rgba(10,10,10,0.56)&#8221; el_class=&#8221;scroller-cursor-pointer&#8221;][vc_empty_space height=&#8221;8px&#8221;][\/vc_column][\/vc_row][vc_row full_width=&#8221;stretch_row&#8221; full_height=&#8221;yes&#8221; content_placement=&#8221;middle&#8221; css=&#8221;.vc_custom_1551942447082{background-color: #ffffff !important;}&#8221; el_id=&#8221;scroller-second-frame&#8221;][vc_column][vc_empty_space height=&#8221;32&#8243;][vc_column_text css_animation=&#8221;fadeInDown&#8221;]<\/p>\n<h1 style=\"text-align: center;\"><strong><span style=\"color: #333333;\">Fondat\u0103 \u00een anul 2000 la Paris, Ataway s-a concentrat \u00eenc\u0103 de la \u00eenceput pe stabilirea rela\u021biilor pe termen lung cu clien\u021bii s\u0103i. Misiunea noastr\u0103 este de a v\u0103 duce afacerea la un nivel superior.<\/span><\/strong><\/h1>\n<p>[\/vc_column_text][vc_empty_space height=&#8221;64&#8243;][vc_column_text css_animation=&#8221;fadeInDown&#8221; el_class=&#8221;medium&#8221;]<\/p>\n<h1 style=\"text-align: center;\"><span style=\"color: #333333;\">O poveste de succes.<\/span><span style=\"color: #333333;\"> Parteneriate globale.<\/span><\/h1>\n<h3 style=\"text-align: center; color: #333333;\"><strong>Facem eforturi pentru a deveni cei mai buni parteneri din toate timpurile.<\/strong><br \/>\n<strong>F\u0103r\u0103 nicio \u00eendoial\u0103, le suntem recunosc\u0103tori pentru \u00eencrederea acordat\u0103.<\/strong><br \/>\n<strong>Vor fi m\u00e2ndri de noi!<\/strong><\/h3>\n<p>[\/vc_column_text][vc_empty_space height=&#8221;32&#8243;][vc_row_inner content_placement=&#8221;middle&#8221;][vc_column_inner width=&#8221;1\/4&#8243;][vc_single_image image=&#8221;9868&#8243; img_size=&#8221;240&#215;110&#8243; alignment=&#8221;center&#8221; onclick=&#8221;custom_link&#8221; img_link_target=&#8221;_blank&#8221; css_animation=&#8221;fadeInUp&#8221; link=&#8221;https:\/\/www.automationanywhere.com\/&#8221;][\/vc_column_inner][vc_column_inner width=&#8221;1\/4&#8243;][vc_single_image image=&#8221;44883&#8243; alignment=&#8221;center&#8221; onclick=&#8221;custom_link&#8221; img_link_target=&#8221;_blank&#8221; css_animation=&#8221;fadeInUp&#8221; link=&#8221;https:\/\/www.kronos.com&#8221;][\/vc_column_inner][vc_column_inner width=&#8221;1\/4&#8243;][vc_single_image image=&#8221;9866&#8243; img_size=&#8221;240&#215;110&#8243; alignment=&#8221;center&#8221; onclick=&#8221;custom_link&#8221; img_link_target=&#8221;_blank&#8221; css_animation=&#8221;fadeInUp&#8221; link=&#8221;https:\/\/www.oracle.com\/index.html&#8221;][\/vc_column_inner][vc_column_inner width=&#8221;1\/4&#8243;][vc_single_image image=&#8221;9865&#8243; img_size=&#8221;140&#215;70&#8243; alignment=&#8221;center&#8221; onclick=&#8221;custom_link&#8221; img_link_target=&#8221;_blank&#8221; css_animation=&#8221;fadeInUp&#8221; link=&#8221;https:\/\/www.sap.com\/index.html&#8221;][\/vc_column_inner][\/vc_row_inner][vc_empty_space height=&#8221;64&#8243;][\/vc_column][\/vc_row][vc_row full_width=&#8221;stretch_row_content&#8221; equal_height=&#8221;yes&#8221; content_placement=&#8221;middle&#8221; parallax=&#8221;content-moving&#8221; parallax_image=&#8221;10987&#8243; css=&#8221;.vc_custom_1553181248480{margin-top: 0px !important;margin-bottom: 0px !important;border-top-width: 0px !important;border-bottom-width: 0px !important;padding-top: 0px !important;padding-bottom: 0px !important;}&#8221; el_class=&#8221;double-image-row-left&#8221;][vc_column][vc_row_inner equal_height=&#8221;yes&#8221; content_placement=&#8221;middle&#8221;][vc_column_inner el_class=&#8221;case-studies-testimonial-rotator&#8221; width=&#8221;1\/2&#8243;][vc_empty_space][vc_column_text css_animation=&#8221;fadeInDown&#8221; el_class=&#8221;medium&#8221; css=&#8221;.vc_custom_1565985892269{margin-bottom: 48px !important;}&#8221;]<\/p>\n<h1 style=\"text-align: center;\"><strong><span style=\"color: #ffffff;\">Cele mai recente solu\u021bii inovatoare ale noastre<\/span><\/strong><\/h1>\n<p>[\/vc_column_text][vc_column_text css_animation=&#8221;fadeInUp&#8221; el_class=&#8221;white-font-color&#8221;]<\/p>\n<p style=\"text-align: center;\"><div id=\"testimonial_rotator_wrap_11232\" class=\"testimonial_rotator_wrap with-prevnext \">\n\t<div id=\"testimonial_rotator_11232\" class=\"testimonial_rotator hreview-aggregate cycletwo-slideshow format-rotator template-longform\" data-cycletwo-timeout=\"5000\" data-cycletwo-speed=\"1000\" data-cycletwo-pause-on-hover=\"true\"  data-cycletwo-swipe=\"true\" data-cycletwo-fx=\"fade\" data-cycletwo-auto-height=\"calc\"  data-cycletwo-next=\"#testimonial_rotator_wrap_11232 .testimonial_rotator_next\" data-cycletwo-prev=\"#testimonial_rotator_wrap_11232 .testimonial_rotator_prev\" data-cycletwo-slides=\"> div.slide\" data-cycletwo-log=\"false\" >\n<div class=\"slide slide1 testimonial_rotator_slide hreview itemreviewed item  cf-tr\">\n<h2 class=\"testimonial_rotator_slide_title\"><\/h2>\n<div class=\"text testimonial_rotator_description\">\n<div class=\"testimonial_rotator_quote\">\n<p style=\"text-align: center;\"><span style=\"color: #333333;\"><strong>Industry:<\/strong> Healthcare. Digital Imaging + Machine Learning + AI + Bots combined to reduce supplier invoices processing cost by 60%. From unstructured data straight to the finance system, fully automated. 90% straight through processing delivered after a 3 weeks project.<\/span><\/p><\/div>\n<hr class=\"longform_hr\"><div class=\"testimonial_rotator_author_info cf-tr\">\n<p><strong><span style=\"color: #333333;\">Robotic Process Automation &amp; AI<\/span><\/strong><\/p>\n<\/div>\n<\/div>\n<div class=\"testimonial_rotator_microdata\">\n\t<div class=\"dtreviewed\"> 2019-03-18T16:42:03-03:00<\/div>\t<div class=\"reviewer\"> \t<div class=\"fn\"> <p><strong><span style=\"color: #333333;\">Robotic Process Automation &amp; AI<\/span><\/strong><\/p>\n<\/div>\t<\/div>Industry: Healthcare. Digital Imaging + Machine Learning + AI + Bots combined to reduce supplier invoices processing cost by 60%. From unstructured data straight to the finance system, fully automated. 90% straight through processing delivered after a 3 weeks project.\t<div class=\"summary\"> <\/div>\t<div class=\"permalink\"> https:\/\/www.ataway.com\/ro-ro\/testimonials\/rpa-and-ai\/<\/div><\/div> <!-- .testimonial_rotator_microdata -->\n<\/div>\n<\/div><!-- #testimonial_rotator_11232 -->\n<\/div><!-- .testimonial_rotator_wrap -->\n\n<\/p>\n<p>[\/vc_column_text][\/vc_column_inner][vc_column_inner width=&#8221;1\/2&#8243; css=&#8221;.vc_custom_1553172822846{background-color: #ffffff !important;}&#8221; offset=&#8221;vc_hidden-xs&#8221;][vc_single_image image=&#8221;10971&#8243; img_size=&#8221;full&#8221;][\/vc_column_inner][\/vc_row_inner][\/vc_column][\/vc_row][vc_row full_width=&#8221;stretch_row&#8221; full_height=&#8221;yes&#8221; content_placement=&#8221;middle&#8221; parallax=&#8221;content-moving&#8221; css=&#8221;.vc_custom_1551946389935{background-color: #ffffff !important;}&#8221;][vc_column][vc_empty_space height=&#8221;32&#8243;][vc_row_inner content_placement=&#8221;top&#8221; css=&#8221;.vc_custom_1552903262759{margin-bottom: 0px !important;}&#8221;][vc_column_inner][vc_column_text css_animation=&#8221;fadeInDown&#8221; el_class=&#8221;medium&#8221; css=&#8221;.vc_custom_1566845469170{margin-bottom: 48px !important;}&#8221;]<\/p>\n<h1 style=\"text-align: center;\"><strong><span style=\"color: #333333;\">Topul celor 3 lucruri din cele 1000 \u00een care credem.<\/span><\/strong><\/h1>\n<p>[\/vc_column_text][\/vc_column_inner][\/vc_row_inner][vc_row_inner][vc_column_inner width=&#8221;1\/3&#8243;][vc_column_text css_animation=&#8221;fadeInUp&#8221; el_class=&#8221;small&#8221;]<\/p>\n<h4><img loading=\"lazy\" decoding=\"async\" class=\"alignnone wp-image-10427\" src=\"https:\/\/34.230.143.247\/wp-content\/uploads\/2019\/03\/Discover-icon-team-work-294x300.png\" alt=\"\" width=\"40\" height=\"41\" srcset=\"https:\/\/www.ataway.com\/wp-content\/uploads\/2019\/03\/Discover-icon-team-work-294x300.png 294w, https:\/\/www.ataway.com\/wp-content\/uploads\/2019\/03\/Discover-icon-team-work-150x150.png 150w, https:\/\/www.ataway.com\/wp-content\/uploads\/2019\/03\/Discover-icon-team-work-143x146.png 143w, https:\/\/www.ataway.com\/wp-content\/uploads\/2019\/03\/Discover-icon-team-work-50x50.png 50w, https:\/\/www.ataway.com\/wp-content\/uploads\/2019\/03\/Discover-icon-team-work-74x75.png 74w, https:\/\/www.ataway.com\/wp-content\/uploads\/2019\/03\/Discover-icon-team-work-85x85.png 85w, https:\/\/www.ataway.com\/wp-content\/uploads\/2019\/03\/Discover-icon-team-work-80x80.png 80w, https:\/\/www.ataway.com\/wp-content\/uploads\/2019\/03\/Discover-icon-team-work.png 500w\" sizes=\"auto, (max-width:767px) 40px, 40px\" \/><br \/>\n<strong><span style=\"color: #eb7932;\">MUNCA \u00ceN ECHIP\u0102<br \/>\n<span style=\"color: #333333;\">To\u021bi pentru unul, \u0219i unul pentru to\u021bi.<\/span><\/span><\/strong><br \/>\n<strong>S\u0103 lucra\u021bi cu noi \u00eenseamn\u0103 s\u0103 dispune\u021bi de mai mult dec\u00e2t de 3 muschetari. \u00cen calitate de muschetari, avem grij\u0103 unul de cel\u0103lalt, \u00eens\u0103 v\u0103 vom fi \u0219i al\u0103turi, indiferent de situa\u021bie, ca o echip\u0103. Ei bine, \u0219ti\u021bi cum e, am \u00eenceput \u00een Fran\u021ba, deci&#8230;<\/strong><\/h4>\n<p>[\/vc_column_text][\/vc_column_inner][vc_column_inner width=&#8221;1\/3&#8243;][vc_column_text css_animation=&#8221;fadeInUp&#8221; el_class=&#8221;small&#8221;]<\/p>\n<h4><img loading=\"lazy\" decoding=\"async\" class=\"alignnone wp-image-10429\" src=\"https:\/\/34.230.143.247\/wp-content\/uploads\/2019\/03\/Discover-icon-individuality-294x300.png\" alt=\"\" width=\"40\" height=\"41\" srcset=\"https:\/\/www.ataway.com\/wp-content\/uploads\/2019\/03\/Discover-icon-individuality-294x300.png 294w, https:\/\/www.ataway.com\/wp-content\/uploads\/2019\/03\/Discover-icon-individuality-150x150.png 150w, https:\/\/www.ataway.com\/wp-content\/uploads\/2019\/03\/Discover-icon-individuality-143x146.png 143w, https:\/\/www.ataway.com\/wp-content\/uploads\/2019\/03\/Discover-icon-individuality-50x50.png 50w, https:\/\/www.ataway.com\/wp-content\/uploads\/2019\/03\/Discover-icon-individuality-74x75.png 74w, https:\/\/www.ataway.com\/wp-content\/uploads\/2019\/03\/Discover-icon-individuality-85x85.png 85w, https:\/\/www.ataway.com\/wp-content\/uploads\/2019\/03\/Discover-icon-individuality-80x80.png 80w, https:\/\/www.ataway.com\/wp-content\/uploads\/2019\/03\/Discover-icon-individuality.png 500w\" sizes=\"auto, (max-width:767px) 40px, 40px\" \/><br \/>\n<strong><span style=\"color: #eb7932;\">INTEGRAREA<br \/>\n<span style=\"color: #333333;\">Haide\u021bi a\u0219a cum sunte\u021bi.<\/span><\/span><\/strong><br \/>\n<strong>Muschetarii no\u0219tri sunt de toate formele \u0219i m\u0103rimile. Ne m\u00e2ndrim c\u0103 sus\u021binem talentul \u00eentr-un mediu plin de respect. Aceea\u0219i \u0219ans\u0103 pentru fiecare. Deci, nu v\u0103 mai face\u021bi griji, nu exist\u0103 nicio limit\u0103!<\/strong><\/h4>\n<p>[\/vc_column_text][\/vc_column_inner][vc_column_inner width=&#8221;1\/3&#8243;][vc_column_text css_animation=&#8221;fadeInUp&#8221; el_class=&#8221;small&#8221;]<\/p>\n<h4><img loading=\"lazy\" decoding=\"async\" class=\"alignnone wp-image-10944\" src=\"https:\/\/www.ataway.com\/wp-content\/uploads\/2019\/03\/Discover-icon-community-294x300.png\" alt=\"\" width=\"40\" height=\"41\" srcset=\"https:\/\/www.ataway.com\/wp-content\/uploads\/2019\/03\/Discover-icon-community-294x300.png 294w, https:\/\/www.ataway.com\/wp-content\/uploads\/2019\/03\/Discover-icon-community-150x150.png 150w, https:\/\/www.ataway.com\/wp-content\/uploads\/2019\/03\/Discover-icon-community-143x146.png 143w, https:\/\/www.ataway.com\/wp-content\/uploads\/2019\/03\/Discover-icon-community-50x50.png 50w, https:\/\/www.ataway.com\/wp-content\/uploads\/2019\/03\/Discover-icon-community-74x75.png 74w, https:\/\/www.ataway.com\/wp-content\/uploads\/2019\/03\/Discover-icon-community-85x85.png 85w, https:\/\/www.ataway.com\/wp-content\/uploads\/2019\/03\/Discover-icon-community-80x80.png 80w, https:\/\/www.ataway.com\/wp-content\/uploads\/2019\/03\/Discover-icon-community.png 500w\" sizes=\"auto, (max-width:767px) 40px, 40px\" \/><br \/>\n<strong><span style=\"color: #eb7932;\">COMUNITATEA<br \/>\n<span style=\"color: #333333;\">Pentru c\u0103 ne pas\u0103.<\/span><\/span><\/strong><br \/>\n<strong>Ne place s\u0103 d\u0103m totul pentru clien\u021bii no\u0219tri, \u00eens\u0103 ne place s\u0103 d\u0103m \u00eenapoi \u0219i comunit\u0103\u021bilor noastre. Poate \u00eentr-o zi ne ve\u021bi vedea colect\u00e2nd haine sau f\u0103c\u00e2nd cur\u0103\u021benie \u00eentr-un parc. C\u00e2nd ne vede\u021bi, haide\u021bi al\u0103turi de noi! Asemenea nou\u0103, v\u0103 ve\u021bi sim\u021bi bine f\u0103c\u00e2nd un bine.<\/strong><\/h4>\n<p>[\/vc_column_text][\/vc_column_inner][\/vc_row_inner][vc_empty_space height=&#8221;64&#8243;][\/vc_column][\/vc_row]<\/p>\n<\/div>","protected":false},"excerpt":{"rendered":"<p>[vc_row full_width=&#8221;stretch_row&#8221; full_height=&#8221;yes&#8221; content_placement=&#8221;middle&#8221; parallax=&#8221;content-moving&#8221; parallax_image=&#8221;10529&#8243;][vc_column][vc_empty_space height=&#8221;100&#8243;][vc_row_inner content_placement=&#8221;middle&#8221;][vc_column_inner][vc_column_text css_animation=&#8221;fadeInDown&#8221;] Probleme complexe. Solu\u021bii adaptabile. [\/vc_column_text][vc_column_text css_animation=&#8221;fadeInUp&#8221; css=&#8221;.vc_custom_1565985452569{padding-bottom: 32px !important;}&#8221; el_class=&#8221;medium&#8221;] Ne punem expertiza, experien\u021ba, infrastructura \u0219i pasiunea<span class=\"excerpt-hellip\"> [\u2026]<\/span><\/p>\n","protected":false},"author":6,"featured_media":-1,"parent":0,"menu_order":0,"comment_status":"closed","ping_status":"closed","template":"","meta":{"footnotes":""},"class_list":["post-11818","page","type-page","status-publish","has-post-thumbnail","hentry"],"_links":{"self":[{"href":"https:\/\/www.ataway.com\/ro-ro\/wp-json\/wp\/v2\/pages\/11818","targetHints":{"allow":["GET"]}}],"collection":[{"href":"https:\/\/www.ataway.com\/ro-ro\/wp-json\/wp\/v2\/pages"}],"about":[{"href":"https:\/\/www.ataway.com\/ro-ro\/wp-json\/wp\/v2\/types\/page"}],"author":[{"embeddable":true,"href":"https:\/\/www.ataway.com\/ro-ro\/wp-json\/wp\/v2\/users\/6"}],"replies":[{"embeddable":true,"href":"https:\/\/www.ataway.com\/ro-ro\/wp-json\/wp\/v2\/comments?post=11818"}],"version-history":[{"count":9,"href":"https:\/\/www.ataway.com\/ro-ro\/wp-json\/wp\/v2\/pages\/11818\/revisions"}],"predecessor-version":[{"id":45281,"href":"https:\/\/www.ataway.com\/ro-ro\/wp-json\/wp\/v2\/pages\/11818\/revisions\/45281"}],"wp:featuredmedia":[{"embeddable":true,"href":"https:\/\/www.ataway.com\/ro-ro\/wp-json\/"}],"wp:attachment":[{"href":"https:\/\/www.ataway.com\/ro-ro\/wp-json\/wp\/v2\/media?parent=11818"}],"curies":[{"name":"wp","href":"https:\/\/api.w.org\/{rel}","templated":true}]}}