{"id":41080,"date":"2025-03-27T10:55:22","date_gmt":"2025-03-27T13:55:22","guid":{"rendered":"https:\/\/www.ataway.com\/?page_id=41080"},"modified":"2025-03-27T11:25:15","modified_gmt":"2025-03-27T14:25:15","slug":"oracle-peoplesoft","status":"publish","type":"page","link":"https:\/\/www.ataway.com\/pt-br\/consultoria\/oracle-peoplesoft\/","title":{"rendered":"Oracle Peoplesoft"},"content":{"rendered":"<div class=\"wpb-content-wrapper\"><p>[vc_row full_width=&#8221;stretch_row&#8221; full_height=&#8221;yes&#8221; content_placement=&#8221;middle&#8221; parallax=&#8221;content-moving&#8221; parallax_image=&#8221;41087&#8243; css=&#8221;.vc_custom_1743083693726{background-color: #eaeaea !important;}&#8221;][vc_column][vc_empty_space height=&#8221;100&#8243;][vc_row_inner][vc_column_inner width=&#8221;2\/3&#8243;][vc_column_text]<\/p>\n<h1><span style=\"color: #ffffff;\"><strong>Maximize o Potencial do Oracle PeopleSoft com Suporte Especializado e Treinamento Personalizado<br \/>\n<\/strong><\/span><\/h1>\n<p>[\/vc_column_text][vc_column_text]<\/p>\n<h3><span style=\"color: #ffffff;\"><em>Se sua empresa usa Oracle PeopleSoft, nossa equipe de especialistas est\u00e1 pronta para oferecer suporte t\u00e9cnico e funcional, treinamento e consultoria. Com experi\u00eancia e conhecimento profundo, ajudamos a resolver problemas, otimizar processos e capacitar sua equipe para aproveitar ao m\u00e1ximo o sistema, seguindo as melhores pr\u00e1ticas \u00e1geis.<\/em><\/span><\/h3>\n<p>[\/vc_column_text][vc_btn title=&#8221;Conhe\u00e7a todas as nossas solu\u00e7\u00f5es!&#8221; style=&#8221;outline&#8221; color=&#8221;white&#8221; size=&#8221;lg&#8221; css_animation=&#8221;bounceIn&#8221; link=&#8221;url:%23solucionesoraclecloud|||&#8221;][\/vc_column_inner][vc_column_inner width=&#8221;1\/3&#8243;][\/vc_column_inner][\/vc_row_inner][vc_icon type=&#8221;entypo&#8221; icon_entypo=&#8221;entypo-icon entypo-icon-down-open-big&#8221; color=&#8221;white&#8221; background_style=&#8221;rounded&#8221; background_color=&#8221;custom&#8221; size=&#8221;sm&#8221; align=&#8221;center&#8221; custom_background_color=&#8221;rgba(10,10,10,0.56)&#8221; el_class=&#8221;scroller-cursor-pointer&#8221;][\/vc_column][\/vc_row][vc_row full_width=&#8221;stretch_row&#8221; parallax=&#8221;content-moving&#8221; parallax_image=&#8221;40378&#8243;][vc_column][vc_column_text]<\/p>\n<h2 style=\"text-align: center;\"><span style=\"color: #ed7502;\"><strong>Gest\u00e3o Completa com Oracle PeopleSoft<\/strong><\/span><\/h2>\n<p>[\/vc_column_text][vc_column_text]<\/p>\n<h3 style=\"text-align: center;\"><span style=\"color: #333333;\">O <strong>Oracle PeopleSoft<\/strong> oferece solu\u00e7\u00f5es robustas para gerenciar todo o ciclo de vida dos colaboradores, desde a contrata\u00e7\u00e3o at\u00e9 o desenvolvimento cont\u00ednuo, com processos \u00e1geis e eficientes.<\/span><\/h3>\n<p>&nbsp;<\/p>\n<p><a href=\"https:\/\/www.ataway.com\/wp-content\/uploads\/2025\/03\/Oracle-Peoplesoft.png\"><img loading=\"lazy\" decoding=\"async\" class=\"aligncenter wp-image-41156\" src=\"https:\/\/www.ataway.com\/wp-content\/uploads\/2025\/03\/Oracle-Peoplesoft.png\" alt=\"Oracle Peoplesoft\" width=\"600\" height=\"600\" \/><\/a>[\/vc_column_text][vc_row_inner][vc_column_inner][vc_column_text]<\/p>\n<h2 style=\"text-align: center;\"><strong><span style=\"color: #ed7502;\">Fale com nossos especialistas!<\/span><\/strong><\/h2>\n<h3 style=\"text-align: center;\" data-start=\"93\" data-end=\"166\"><span style=\"color: #333333;\"><strong data-start=\"97\" data-end=\"166\">Agende uma demonstra\u00e7\u00e3o personalizada e veja como podemos ajudar.<\/strong><\/span><\/h3>\n<p>[\/vc_column_text][vc_btn title=&#8221;Agendar agora&#8221; style=&#8221;outline&#8221; color=&#8221;warning&#8221; size=&#8221;lg&#8221; align=&#8221;center&#8221; link=&#8221;url:https%3A%2F%2Fwww.ataway.com%2Fpt-br%2Fcontate-nos%2F|title:Agendar%20agora&#8221;][vc_empty_space][\/vc_column_inner][\/vc_row_inner][\/vc_column][\/vc_row]<\/p>\n<\/div>","protected":false},"excerpt":{"rendered":"<p>[vc_row full_width=&#8221;stretch_row&#8221; full_height=&#8221;yes&#8221; content_placement=&#8221;middle&#8221; parallax=&#8221;content-moving&#8221; parallax_image=&#8221;41087&#8243; css=&#8221;.vc_custom_1743083693726{background-color: #eaeaea !important;}&#8221;][vc_column][vc_empty_space height=&#8221;100&#8243;][vc_row_inner][vc_column_inner width=&#8221;2\/3&#8243;][vc_column_text] Maximize o Potencial do Oracle PeopleSoft com Suporte Especializado e Treinamento Personalizado [\/vc_column_text][vc_column_text] Se sua<span class=\"excerpt-hellip\"> [\u2026]<\/span><\/p>\n","protected":false},"author":6,"featured_media":0,"parent":11797,"menu_order":0,"comment_status":"closed","ping_status":"closed","template":"","meta":{"footnotes":""},"class_list":["post-41080","page","type-page","status-publish","hentry"],"_links":{"self":[{"href":"https:\/\/www.ataway.com\/pt-br\/wp-json\/wp\/v2\/pages\/41080","targetHints":{"allow":["GET"]}}],"collection":[{"href":"https:\/\/www.ataway.com\/pt-br\/wp-json\/wp\/v2\/pages"}],"about":[{"href":"https:\/\/www.ataway.com\/pt-br\/wp-json\/wp\/v2\/types\/page"}],"author":[{"embeddable":true,"href":"https:\/\/www.ataway.com\/pt-br\/wp-json\/wp\/v2\/users\/6"}],"replies":[{"embeddable":true,"href":"https:\/\/www.ataway.com\/pt-br\/wp-json\/wp\/v2\/comments?post=41080"}],"version-history":[{"count":4,"href":"https:\/\/www.ataway.com\/pt-br\/wp-json\/wp\/v2\/pages\/41080\/revisions"}],"predecessor-version":[{"id":41169,"href":"https:\/\/www.ataway.com\/pt-br\/wp-json\/wp\/v2\/pages\/41080\/revisions\/41169"}],"up":[{"embeddable":true,"href":"https:\/\/www.ataway.com\/pt-br\/wp-json\/wp\/v2\/pages\/11797"}],"wp:attachment":[{"href":"https:\/\/www.ataway.com\/pt-br\/wp-json\/wp\/v2\/media?parent=41080"}],"curies":[{"name":"wp","href":"https:\/\/api.w.org\/{rel}","templated":true}]}}