{"id":41046,"date":"2025-03-27T10:49:52","date_gmt":"2025-03-27T13:49:52","guid":{"rendered":"https:\/\/www.ataway.com\/?page_id=41046"},"modified":"2025-04-28T10:50:59","modified_gmt":"2025-04-28T13:50:59","slug":"oracle-hcm-cloud-talent","status":"publish","type":"page","link":"https:\/\/www.ataway.com\/pt-br\/consultoria\/oracle-hcm-cloud-talent\/","title":{"rendered":"Oracle Talent Management"},"content":{"rendered":"<div class=\"wpb-content-wrapper\"><p>[vc_row full_width=&#8221;stretch_row&#8221; full_height=&#8221;yes&#8221; content_placement=&#8221;middle&#8221; parallax=&#8221;content-moving&#8221; parallax_image=&#8221;41131&#8243; css=&#8221;.vc_custom_1743084117764{background-color: #eaeaea !important;}&#8221;][vc_column][vc_empty_space height=&#8221;100&#8243;][vc_row_inner][vc_column_inner width=&#8221;2\/3&#8243;][vc_column_text]<\/p>\n<h1><span style=\"color: #ffffff;\"><strong>Descubra Como Atrair, Desenvolver e Reter Talentos com a Gest\u00e3o de Talentos com Oracle HCM Cloud<br \/>\n<\/strong><\/span><\/h1>\n<p>[\/vc_column_text][vc_column_text]<\/p>\n<h3><span style=\"color: #ffffff;\"><em>A Gest\u00e3o de Talentos com Oracle HCM Cloud \u00e9 essencial para empresas que desejam atrair os melhores candidatos, aumentar a produtividade e tomar decis\u00f5es mais assertivas. Com essa solu\u00e7\u00e3o completa, voc\u00ea consegue gerenciar cada etapa do ciclo do colaborador de forma eficiente e centralizada.<\/em><\/span><\/h3>\n<p>[\/vc_column_text][vc_btn title=&#8221;Conhe\u00e7a todas as nossas solu\u00e7\u00f5es!&#8221; style=&#8221;outline&#8221; color=&#8221;white&#8221; size=&#8221;lg&#8221; css_animation=&#8221;bounceIn&#8221; link=&#8221;url:%23solucionesoraclecloud|||&#8221;][\/vc_column_inner][vc_column_inner width=&#8221;1\/3&#8243;][\/vc_column_inner][\/vc_row_inner][vc_icon type=&#8221;entypo&#8221; icon_entypo=&#8221;entypo-icon entypo-icon-down-open-big&#8221; color=&#8221;white&#8221; background_style=&#8221;rounded&#8221; background_color=&#8221;custom&#8221; size=&#8221;sm&#8221; align=&#8221;center&#8221; custom_background_color=&#8221;rgba(10,10,10,0.56)&#8221; el_class=&#8221;scroller-cursor-pointer&#8221;][\/vc_column][\/vc_row][vc_row full_width=&#8221;stretch_row&#8221;][vc_column][vc_empty_space][vc_column_text]<\/p>\n<h2 style=\"background: white; margin: 0in 0in 3pt; text-align: center;\"><span style=\"color: #ed7502;\"><strong><span lang=\"PT-BR\" style=\"font-family: 'Segoe UI', sans-serif;\">M\u00f3dulos de RH<\/span><\/strong><\/span><\/h2>\n<h3 style=\"text-align: center;\"><span style=\"color: #333333;\">Todas as ferramentas que sua empresa precisa para atrair, desenvolver e reter os melhores talentos com a Gest\u00e3o de Talentos com Oracle HCM Cloud.<\/span><\/h3>\n<p>[\/vc_column_text][vc_row_inner][vc_column_inner width=&#8221;1\/3&#8243;][vc_column_text]<\/p>\n<h3><span style=\"color: #ed7502;\"><strong><a href=\"https:\/\/www.ataway.com\/wp-content\/uploads\/2025\/02\/700-x-392-px.png\"><img loading=\"lazy\" decoding=\"async\" class=\"aligncenter wp-image-40499\" src=\"https:\/\/www.ataway.com\/wp-content\/uploads\/2025\/02\/700-x-392-px.png\" alt=\"People icon\" width=\"100\" height=\"56\" srcset=\"https:\/\/www.ataway.com\/wp-content\/uploads\/2025\/02\/700-x-392-px.png 613w, https:\/\/www.ataway.com\/wp-content\/uploads\/2025\/02\/700-x-392-px-300x168.png 300w, https:\/\/www.ataway.com\/wp-content\/uploads\/2025\/02\/700-x-392-px-134x75.png 134w, https:\/\/www.ataway.com\/wp-content\/uploads\/2025\/02\/700-x-392-px-480x269.png 480w\" sizes=\"auto, (max-width:767px) 100px, 100px\" \/><\/a><\/strong><\/span><\/h3>\n<h3 style=\"text-align: center;\"><span style=\"color: #ed7502;\"><strong>RECRUTAMENTO<\/strong><\/span><\/h3>\n<p style=\"text-align: center;\">Encontre e atraia os melhores talentos com processos de sele\u00e7\u00e3o modernos e eficientes.<\/p>\n<p>[\/vc_column_text][\/vc_column_inner][vc_column_inner width=&#8221;1\/3&#8243;][vc_column_text]<\/p>\n<h3><span style=\"color: #ed7502;\"><strong><a href=\"https:\/\/www.ataway.com\/wp-content\/uploads\/2025\/02\/700-x-392-px-2.png\"><img loading=\"lazy\" decoding=\"async\" class=\"wp-image-40523 aligncenter\" src=\"https:\/\/www.ataway.com\/wp-content\/uploads\/2025\/02\/700-x-392-px-2.png\" alt=\"Talent\" width=\"100\" height=\"56\" srcset=\"https:\/\/www.ataway.com\/wp-content\/uploads\/2025\/02\/700-x-392-px-2.png 700w, https:\/\/www.ataway.com\/wp-content\/uploads\/2025\/02\/700-x-392-px-2-300x168.png 300w, https:\/\/www.ataway.com\/wp-content\/uploads\/2025\/02\/700-x-392-px-2-134x75.png 134w, https:\/\/www.ataway.com\/wp-content\/uploads\/2025\/02\/700-x-392-px-2-480x269.png 480w\" sizes=\"auto, (max-width:767px) 100px, 100px\" \/><\/a><\/strong><\/span><\/h3>\n<h3 style=\"text-align: center;\"><span style=\"color: #ed7502;\"><strong>INTEGRA\u00c7\u00c3O DE NOVOS FUNCION\u00c1RIOS<\/strong><\/span><\/h3>\n<p style=\"text-align: center;\">Acelere o onboarding e garanta uma experi\u00eancia positiva desde o primeiro dia.<\/p>\n<p>[\/vc_column_text][\/vc_column_inner][vc_column_inner width=&#8221;1\/3&#8243;][vc_column_text]<\/p>\n<h3><span style=\"color: #ed7502;\"><strong><a href=\"https:\/\/www.ataway.com\/wp-content\/uploads\/2025\/03\/Diseno-sin-titulo-47.png\"><img loading=\"lazy\" decoding=\"async\" class=\"aligncenter wp-image-40965\" src=\"https:\/\/www.ataway.com\/wp-content\/uploads\/2025\/03\/Diseno-sin-titulo-47.png\" alt=\"\" width=\"56\" height=\"56\" srcset=\"https:\/\/www.ataway.com\/wp-content\/uploads\/2025\/03\/Diseno-sin-titulo-47.png 150w, https:\/\/www.ataway.com\/wp-content\/uploads\/2025\/03\/Diseno-sin-titulo-47-75x75.png 75w\" sizes=\"auto, (max-width:767px) 56px, 56px\" \/><\/a><\/strong><\/span><\/h3>\n<h3 style=\"text-align: center;\"><span style=\"color: #ed7502;\"><strong>APRENDIZADO<\/strong><\/span><\/h3>\n<p style=\"text-align: center;\">Capacite sua equipe com treinamentos cont\u00ednuos e personaliz\u00e1veis.<\/p>\n<p>[\/vc_column_text][\/vc_column_inner][\/vc_row_inner][vc_row_inner][vc_column_inner width=&#8221;1\/3&#8243;][vc_column_text]<\/p>\n<h3><span style=\"color: #ed7502;\"><strong><a href=\"https:\/\/www.ataway.com\/wp-content\/uploads\/2025\/02\/700-x-392-px-3.png\"><img loading=\"lazy\" decoding=\"async\" class=\"wp-image-40535 aligncenter\" src=\"https:\/\/www.ataway.com\/wp-content\/uploads\/2025\/02\/700-x-392-px-3.png\" alt=\"Growth\" width=\"100\" height=\"56\" srcset=\"https:\/\/www.ataway.com\/wp-content\/uploads\/2025\/02\/700-x-392-px-3.png 700w, https:\/\/www.ataway.com\/wp-content\/uploads\/2025\/02\/700-x-392-px-3-300x168.png 300w, https:\/\/www.ataway.com\/wp-content\/uploads\/2025\/02\/700-x-392-px-3-134x75.png 134w, https:\/\/www.ataway.com\/wp-content\/uploads\/2025\/02\/700-x-392-px-3-480x269.png 480w\" sizes=\"auto, (max-width:767px) 100px, 100px\" \/><\/a><\/strong><\/span><\/h3>\n<h3 style=\"text-align: center;\"><span style=\"color: #ed7502;\"><strong>DESENVOLVIMENTO DE CARREIRA<\/strong><\/span><\/h3>\n<p style=\"text-align: center;\">Crie planos de carreira que alinhem metas pessoais e organizacionais.<\/p>\n<p>[\/vc_column_text][\/vc_column_inner][vc_column_inner width=&#8221;1\/3&#8243;][vc_column_text]<\/p>\n<h3><span style=\"color: #ed7502;\"><strong><a href=\"https:\/\/www.ataway.com\/wp-content\/uploads\/2025\/02\/700-x-392-px-4.png\"><img loading=\"lazy\" decoding=\"async\" class=\"alignnone wp-image-40547 aligncenter\" src=\"https:\/\/www.ataway.com\/wp-content\/uploads\/2025\/02\/700-x-392-px-4.png\" alt=\"Growth 2\" width=\"100\" height=\"56\" srcset=\"https:\/\/www.ataway.com\/wp-content\/uploads\/2025\/02\/700-x-392-px-4.png 700w, https:\/\/www.ataway.com\/wp-content\/uploads\/2025\/02\/700-x-392-px-4-300x168.png 300w, https:\/\/www.ataway.com\/wp-content\/uploads\/2025\/02\/700-x-392-px-4-134x75.png 134w, https:\/\/www.ataway.com\/wp-content\/uploads\/2025\/02\/700-x-392-px-4-480x269.png 480w\" sizes=\"auto, (max-width:767px) 100px, 100px\" \/><\/a><\/strong><\/span><\/h3>\n<h3 style=\"text-align: center;\"><span style=\"color: #ed7502;\"><strong>MARKETPLACE DE OPORTUNIDADES<\/strong><\/span><\/h3>\n<p style=\"text-align: center;\">Conecte talentos internos com novas vagas e projetos estrat\u00e9gicos.<\/p>\n<p>[\/vc_column_text][\/vc_column_inner][vc_column_inner width=&#8221;1\/3&#8243;][vc_column_text]<\/p>\n<h3><span style=\"color: #ed7502;\"><strong><a href=\"https:\/\/www.ataway.com\/wp-content\/uploads\/2025\/03\/Diseno-sin-titulo-39.png\"><img loading=\"lazy\" decoding=\"async\" class=\"wp-image-40868 aligncenter\" src=\"https:\/\/www.ataway.com\/wp-content\/uploads\/2025\/03\/Diseno-sin-titulo-39.png\" alt=\"\" width=\"56\" height=\"56\" srcset=\"https:\/\/www.ataway.com\/wp-content\/uploads\/2025\/03\/Diseno-sin-titulo-39.png 150w, https:\/\/www.ataway.com\/wp-content\/uploads\/2025\/03\/Diseno-sin-titulo-39-75x75.png 75w\" sizes=\"auto, (max-width:767px) 56px, 56px\" \/><\/a><\/strong><\/span><\/h3>\n<h3 style=\"text-align: center;\"><span style=\"color: #ed7502;\"><strong>GEST\u00c3O DE DESEMPENHO<\/strong><\/span><\/h3>\n<p style=\"text-align: center;\">Avalie e potencialize o desempenho com feedback cont\u00ednuo e metas claras.<\/p>\n<p>[\/vc_column_text][\/vc_column_inner][\/vc_row_inner][vc_row_inner][vc_column_inner width=&#8221;1\/3&#8243;][vc_column_text]<\/p>\n<h3><span style=\"color: #ed7502;\"><strong><a href=\"https:\/\/www.ataway.com\/wp-content\/uploads\/2025\/02\/700-x-392-px-1.png\"><img loading=\"lazy\" decoding=\"async\" class=\"wp-image-40511 aligncenter\" src=\"https:\/\/www.ataway.com\/wp-content\/uploads\/2025\/02\/700-x-392-px-1.png\" alt=\"\" width=\"100\" height=\"56\" srcset=\"https:\/\/www.ataway.com\/wp-content\/uploads\/2025\/02\/700-x-392-px-1.png 700w, https:\/\/www.ataway.com\/wp-content\/uploads\/2025\/02\/700-x-392-px-1-300x168.png 300w, https:\/\/www.ataway.com\/wp-content\/uploads\/2025\/02\/700-x-392-px-1-134x75.png 134w, https:\/\/www.ataway.com\/wp-content\/uploads\/2025\/02\/700-x-392-px-1-480x269.png 480w\" sizes=\"auto, (max-width:767px) 100px, 100px\" \/><\/a><\/strong><\/span><\/h3>\n<h3 style=\"text-align: center;\"><span style=\"color: #ed7502;\"><strong>REMUNERA\u00c7\u00c3O<\/strong><\/span><\/h3>\n<p style=\"text-align: center;\">Otimize a gest\u00e3o salarial com pr\u00e1ticas justas e competitivas.<\/p>\n<p>[\/vc_column_text][\/vc_column_inner][vc_column_inner width=&#8221;1\/3&#8243;][vc_column_text]<\/p>\n<h3><span style=\"color: #ed7502;\"><strong><a href=\"https:\/\/www.ataway.com\/wp-content\/uploads\/2025\/03\/Diseno-sin-titulo-46.png\"><img loading=\"lazy\" decoding=\"async\" class=\"wp-image-40881 aligncenter\" src=\"https:\/\/www.ataway.com\/wp-content\/uploads\/2025\/03\/Diseno-sin-titulo-46.png\" alt=\"Deployment\" width=\"56\" height=\"56\" srcset=\"https:\/\/www.ataway.com\/wp-content\/uploads\/2025\/03\/Diseno-sin-titulo-46.png 150w, https:\/\/www.ataway.com\/wp-content\/uploads\/2025\/03\/Diseno-sin-titulo-46-75x75.png 75w\" sizes=\"auto, (max-width:767px) 56px, 56px\" \/><\/a><\/strong><\/span><\/h3>\n<h3 style=\"text-align: center;\"><span style=\"color: #ed7502;\"><strong>PLANEJAMENTO DE SUCESS\u00c3O<\/strong><\/span><\/h3>\n<p style=\"text-align: center;\">Identifique l\u00edderes futuros e garanta a continuidade do neg\u00f3cio.<\/p>\n<p>[\/vc_column_text][\/vc_column_inner][vc_column_inner width=&#8221;1\/3&#8243;][vc_column_text]<\/p>\n<h3><span style=\"color: #ed7502;\"><strong><a href=\"https:\/\/www.ataway.com\/wp-content\/uploads\/2025\/02\/700-x-392-px-6.png\"><img loading=\"lazy\" decoding=\"async\" class=\"wp-image-40571 aligncenter\" src=\"https:\/\/www.ataway.com\/wp-content\/uploads\/2025\/02\/700-x-392-px-6.png\" alt=\"Custom\" width=\"100\" height=\"56\" srcset=\"https:\/\/www.ataway.com\/wp-content\/uploads\/2025\/02\/700-x-392-px-6.png 700w, https:\/\/www.ataway.com\/wp-content\/uploads\/2025\/02\/700-x-392-px-6-300x168.png 300w, https:\/\/www.ataway.com\/wp-content\/uploads\/2025\/02\/700-x-392-px-6-134x75.png 134w, https:\/\/www.ataway.com\/wp-content\/uploads\/2025\/02\/700-x-392-px-6-480x269.png 480w\" sizes=\"auto, (max-width:767px) 100px, 100px\" \/><\/a><\/strong><\/span><\/h3>\n<h3 style=\"text-align: center;\"><span style=\"color: #ed7502;\"><strong>HABILIDADES DIN\u00c2MICAS<\/strong><\/span><\/h3>\n<p style=\"text-align: center;\">Mapeie e desenvolva habilidades em tempo real para responder \u00e0s mudan\u00e7as do mercado.<\/p>\n<p>[\/vc_column_text][\/vc_column_inner][\/vc_row_inner][\/vc_column][\/vc_row][vc_row full_width=&#8221;stretch_row&#8221; parallax=&#8221;content-moving&#8221; parallax_image=&#8221;40378&#8243;][vc_column][vc_column_text]<\/p>\n<h2 style=\"text-align: center;\"><span style=\"color: #ed7502;\"><strong>Gest\u00e3o de Talentos com Oracle HCM Cloud: Integre Toda a Jornada do Colaborador<\/strong><\/span><\/h2>\n<p>[\/vc_column_text][vc_column_text]<\/p>\n<h3 style=\"text-align: center;\"><span style=\"color: #333333;\">A Oracle HCM Cloud oferece uma solu\u00e7\u00e3o completa para atrair, desenvolver e reter talentos, conectando cada etapa da jornada do colaborador em um s\u00f3 sistema. <a style=\"color: #333333;\" href=\"https:\/\/www.oracle.com\/br\/human-capital-management\/\">Saiba mais sobre a Oracle HCM Cloud no site oficial da Oracle.<\/a><\/span><\/h3>\n<p>[\/vc_column_text][vc_row_inner content_placement=&#8221;middle&#8221;][vc_column_inner][vc_single_image image=&#8221;41067&#8243; img_size=&#8221;large&#8221; alignment=&#8221;center&#8221;][\/vc_column_inner][\/vc_row_inner][vc_row_inner][vc_column_inner][vc_column_text]<\/p>\n<h2 style=\"text-align: center;\"><strong><span style=\"color: #ed7502;\">Fale com nossos especialistas!<\/span><\/strong><\/h2>\n<h3 style=\"text-align: center;\" data-start=\"93\" data-end=\"166\"><span style=\"color: #333333;\">Agende uma demonstra\u00e7\u00e3o personalizada e veja como podemos ajudar.<\/span><\/h3>\n<p>[\/vc_column_text]\n<div class=\"wpcf7 no-js\" id=\"wpcf7-f35299-o1\" lang=\"en\" dir=\"ltr\" data-wpcf7-id=\"35299\">\n<div class=\"screen-reader-response\"><p role=\"status\" aria-live=\"polite\" aria-atomic=\"true\"><\/p> <ul><\/ul><\/div>\n<form action=\"\/pt-br\/wp-json\/wp\/v2\/pages\/41046#wpcf7-f35299-o1\" method=\"post\" class=\"wpcf7-form init\" aria-label=\"Contact form\" novalidate=\"novalidate\" data-status=\"init\">\n<fieldset class=\"hidden-fields-container\"><input type=\"hidden\" name=\"_wpcf7\" value=\"35299\" \/><input type=\"hidden\" name=\"_wpcf7_version\" value=\"6.1.2\" \/><input type=\"hidden\" name=\"_wpcf7_locale\" value=\"en\" \/><input type=\"hidden\" name=\"_wpcf7_unit_tag\" value=\"wpcf7-f35299-o1\" \/><input type=\"hidden\" name=\"_wpcf7_container_post\" value=\"0\" \/><input type=\"hidden\" name=\"_wpcf7_posted_data_hash\" value=\"\" \/><input type=\"hidden\" name=\"_wpcf7_recaptcha_response\" value=\"\" \/>\n<\/fieldset>\n<p><label><span style=\"color: #333333;\"> Nome<br \/>\n<span class=\"wpcf7-form-control-wrap\" data-name=\"your-name\"><input size=\"40\" maxlength=\"400\" class=\"wpcf7-form-control wpcf7-text\" aria-invalid=\"false\" value=\"\" type=\"text\" name=\"your-name\" \/><\/span> <\/span><\/label>\n<\/p>\n<p><label><span style=\"color: #333333;\"> Email<br \/>\n<span class=\"wpcf7-form-control-wrap\" data-name=\"your-email\"><input size=\"40\" maxlength=\"400\" class=\"wpcf7-form-control wpcf7-email wpcf7-validates-as-required wpcf7-text wpcf7-validates-as-email\" aria-required=\"true\" aria-invalid=\"false\" value=\"\" type=\"email\" name=\"your-email\" \/><\/span> <\/span><\/label>\n<\/p>\n<p><label><span style=\"color: #333333;\"> Email da Empresa<br \/>\n<span class=\"wpcf7-form-control-wrap\" data-name=\"companyname\"><input size=\"40\" maxlength=\"400\" class=\"wpcf7-form-control wpcf7-text\" aria-invalid=\"false\" value=\"\" type=\"text\" name=\"companyname\" \/><\/span> <\/span><\/label>\n<\/p>\n<p><label><span style=\"color: #333333;\"> Cargo<br \/>\n<span class=\"wpcf7-form-control-wrap\" data-name=\"companyjob\"><input size=\"40\" maxlength=\"400\" class=\"wpcf7-form-control wpcf7-text\" aria-invalid=\"false\" value=\"\" type=\"text\" name=\"companyjob\" \/><\/span> <\/span><\/label>\n<\/p>\n<p><span class=\"wpcf7-form-control-wrap\" data-name=\"PrivacyPolicy\"><span class=\"wpcf7-form-control wpcf7-acceptance\"><span class=\"wpcf7-list-item\"><label><input type=\"checkbox\" name=\"PrivacyPolicy\" value=\"1\" aria-invalid=\"false\" \/><span class=\"wpcf7-list-item-label\"><span style=\"color: #333333;\"> Li e concordo com a <a rel=\"nofollow\" href=\"https:\/\/www.ataway.com\/pt-br\/privacy-policy\/\"> Pol\u00edtica de Privacidade<\/a>.<\/span><\/label><\/span><\/span><\/span>\n<\/p>\n\n<p><input class=\"wpcf7-form-control wpcf7-submit has-spinner\" type=\"submit\" value=\"Entre em contato conosco!\" \/>\n<\/p><div class=\"wpcf7-response-output\" aria-hidden=\"true\"><\/div>\n<\/form>\n<\/div>\n[vc_empty_space][\/vc_column_inner][\/vc_row_inner][\/vc_column][\/vc_row]<\/p>\n<\/div>","protected":false},"excerpt":{"rendered":"<p>[vc_row full_width=&#8221;stretch_row&#8221; full_height=&#8221;yes&#8221; content_placement=&#8221;middle&#8221; parallax=&#8221;content-moving&#8221; parallax_image=&#8221;41131&#8243; css=&#8221;.vc_custom_1743084117764{background-color: #eaeaea !important;}&#8221;][vc_column][vc_empty_space height=&#8221;100&#8243;][vc_row_inner][vc_column_inner width=&#8221;2\/3&#8243;][vc_column_text] Descubra Como Atrair, Desenvolver e Reter Talentos com a Gest\u00e3o de Talentos com Oracle HCM<span class=\"excerpt-hellip\"> [\u2026]<\/span><\/p>\n","protected":false},"author":6,"featured_media":0,"parent":11797,"menu_order":0,"comment_status":"closed","ping_status":"closed","template":"","meta":{"footnotes":""},"class_list":["post-41046","page","type-page","status-publish","hentry"],"_links":{"self":[{"href":"https:\/\/www.ataway.com\/pt-br\/wp-json\/wp\/v2\/pages\/41046","targetHints":{"allow":["GET"]}}],"collection":[{"href":"https:\/\/www.ataway.com\/pt-br\/wp-json\/wp\/v2\/pages"}],"about":[{"href":"https:\/\/www.ataway.com\/pt-br\/wp-json\/wp\/v2\/types\/page"}],"author":[{"embeddable":true,"href":"https:\/\/www.ataway.com\/pt-br\/wp-json\/wp\/v2\/users\/6"}],"replies":[{"embeddable":true,"href":"https:\/\/www.ataway.com\/pt-br\/wp-json\/wp\/v2\/comments?post=41046"}],"version-history":[{"count":14,"href":"https:\/\/www.ataway.com\/pt-br\/wp-json\/wp\/v2\/pages\/41046\/revisions"}],"predecessor-version":[{"id":41214,"href":"https:\/\/www.ataway.com\/pt-br\/wp-json\/wp\/v2\/pages\/41046\/revisions\/41214"}],"up":[{"embeddable":true,"href":"https:\/\/www.ataway.com\/pt-br\/wp-json\/wp\/v2\/pages\/11797"}],"wp:attachment":[{"href":"https:\/\/www.ataway.com\/pt-br\/wp-json\/wp\/v2\/media?parent=41046"}],"curies":[{"name":"wp","href":"https:\/\/api.w.org\/{rel}","templated":true}]}}