{"id":35295,"date":"2019-10-15T10:41:27","date_gmt":"2019-10-15T13:41:27","guid":{"rendered":"https:\/\/www.ataway.com\/consultoria\/ukg-workforce-management\/"},"modified":"2025-12-17T12:41:56","modified_gmt":"2025-12-17T15:41:56","slug":"ukg-workforce-management","status":"publish","type":"page","link":"https:\/\/www.ataway.com\/pt-br\/consultoria\/ukg-workforce-management\/","title":{"rendered":"UKG"},"content":{"rendered":"<div class=\"wpb-content-wrapper\"><p>[vc_row full_width=&#8221;stretch_row&#8221; full_height=&#8221;yes&#8221; content_placement=&#8221;middle&#8221; parallax=&#8221;content-moving&#8221; parallax_image=&#8221;14262&#8243; css=&#8221;.vc_custom_1650384048036{background-color: #eaeaea !important;}&#8221;][vc_column][vc_empty_space height=&#8221;100&#8243;][vc_column_text css_animation=&#8221;fadeInDown&#8221;]<\/p>\n<h1 style=\"text-align: left;\"><img loading=\"lazy\" decoding=\"async\" class=\"alignnone wp-image-44907 size-medium\" src=\"https:\/\/www.ataway.com\/wp-content\/uploads\/2025\/11\/UKG-Ataway-300x90.png\" alt=\"\" width=\"300\" height=\"90\" srcset=\"https:\/\/www.ataway.com\/wp-content\/uploads\/2025\/11\/UKG-Ataway-300x90.png 300w, https:\/\/www.ataway.com\/wp-content\/uploads\/2025\/11\/UKG-Ataway-1024x307.png 1024w, https:\/\/www.ataway.com\/wp-content\/uploads\/2025\/11\/UKG-Ataway-768x230.png 768w, https:\/\/www.ataway.com\/wp-content\/uploads\/2025\/11\/UKG-Ataway-1536x461.png 1536w, https:\/\/www.ataway.com\/wp-content\/uploads\/2025\/11\/UKG-Ataway-2048x614.png 2048w, https:\/\/www.ataway.com\/wp-content\/uploads\/2025\/11\/UKG-Ataway-150x45.png 150w, https:\/\/www.ataway.com\/wp-content\/uploads\/2025\/11\/UKG-Ataway-480x144.png 480w\" sizes=\"auto, (max-width:767px) 300px, 300px\" \/><\/h1>\n<p>[\/vc_column_text][vc_column_text css_animation=&#8221;fadeInUp&#8221;]<\/p>\n<h2><strong><span style=\"color: #ffffff;\">Sua empresa est\u00e1 pronta para automatizar a tediosa tarefa de monitorar a frequ\u00eancia e o tempo de seus funcion\u00e1rios, o rastreamento do trabalho e a coleta de dados?<\/span><\/strong><\/h2>\n<p><span style=\"color: #ffffff;\">Conhe\u00e7a a UKG e acelere sua estrat\u00e9gia de pessoas economizando tempo de sua equipe. Automatize tarefas tediosas e rotineiras de tempo e frequ\u00eancia que sobrecarregam seu pessoal. Voc\u00ea obter\u00e1 maiores insights para tomar decis\u00f5es de neg\u00f3cios mais informadas e se colocar em um caminho claro para a conformidade.<\/span>[\/vc_column_text][vc_btn title=&#8221;Contate-nos!&#8221; style=&#8221;outline&#8221; color=&#8221;white&#8221; size=&#8221;lg&#8221; css_animation=&#8221;bounceInUp&#8221; link=&#8221;url:%231-ukgcontact|||rel:nofollow&#8221;][vc_empty_space height=&#8221;16px&#8221;][vc_icon type=&#8221;entypo&#8221; icon_entypo=&#8221;entypo-icon entypo-icon-down-open-big&#8221; color=&#8221;white&#8221; background_style=&#8221;rounded&#8221; background_color=&#8221;custom&#8221; size=&#8221;sm&#8221; align=&#8221;center&#8221; custom_background_color=&#8221;rgba(10,10,10,0.56)&#8221; el_class=&#8221;scroller-cursor-pointer&#8221;][\/vc_column][\/vc_row][vc_row full_height=&#8221;yes&#8221;][vc_column][vc_column_text css_animation=&#8221;fadeInDown&#8221;]<\/p>\n<h2 style=\"text-align: center;\"><span style=\"color: #333333;\"><strong>Conhe\u00e7a o UKG Dimensions!<br \/>\n<\/strong><\/span><span style=\"color: #333333;\"><em>A ferramenta que alavanca os resultados de WFM<\/em><\/span><\/h2>\n<p>[\/vc_column_text][vc_single_image image=&#8221;40029&#8243; img_size=&#8221;large&#8221; alignment=&#8221;center&#8221;][\/vc_column][\/vc_row][vc_row][vc_column][vc_row_inner][vc_column_inner width=&#8221;1\/5&#8243;][vc_column_text]<strong>Tempo e Presen\u00e7a<\/strong><\/p>\n<p>Acompanhe o tempo, a presen\u00e7a e a atividade dos funcion\u00e1rios enquanto coleta dados para aplicar regras de trabalho e pagamento e gerenciar exce\u00e7\u00f5es para conformidade cont\u00ednua e controle de custos.[\/vc_column_text][\/vc_column_inner][vc_column_inner width=&#8221;1\/5&#8243;][vc_column_text]<strong>Conformidade<\/strong><\/p>\n<p>Mantenha sua organiza\u00e7\u00e3o em dia com as regulamenta\u00e7\u00f5es governamentais e do setor com insights, informa\u00e7\u00f5es e ferramentas adequadas.[\/vc_column_text][\/vc_column_inner][vc_column_inner width=&#8221;1\/5&#8243;][vc_column_text]<strong>Agendamento<\/strong><\/p>\n<p>Garanta a cobertura ideal da equipe para cada turno, todos os dias, com visibilidade da equipe e, ao mesmo tempo, capacitando os funcion\u00e1rios com flexibilidade sobre como e quando trabalham.[\/vc_column_text][\/vc_column_inner][vc_column_inner width=&#8221;1\/5&#8243;][vc_column_text]<strong>Analytics<\/strong><\/p>\n<p>Forne\u00e7a aos gerentes de pessoal da linha de frente insights r\u00e1pidos e pr\u00e1ticos sobre a produtividade de suas equipes, tudo no momento \u2014 e apoiado por dados.[\/vc_column_text][\/vc_column_inner][vc_column_inner width=&#8221;1\/5&#8243;][vc_column_text]<strong>Planejamento estrat\u00e9gico da for\u00e7a de trabalho<\/strong><\/p>\n<p>Preveja, analise e resolva as lacunas entre sua for\u00e7a de trabalho na linha de frente hoje e suas necessidades de capital humano de amanh\u00e3.[\/vc_column_text][\/vc_column_inner][\/vc_row_inner][\/vc_column][\/vc_row][vc_row full_width=&#8221;stretch_row&#8221; content_placement=&#8221;middle&#8221; css=&#8221;.vc_custom_1560523572547{background-color: #ffffff !important;}&#8221; el_id=&#8221;scroller-second-frame&#8221;][vc_column][vc_empty_space height=&#8221;16&#8243;][vc_row_inner][vc_column_inner][vc_column_text css_animation=&#8221;fadeInDown&#8221;]<\/p>\n<h2 class=\"topFeatures_title\" data-testid=\"topFeatures:title\" data-e2e=\"topFeatures:title\"><strong><span style=\"color: #333333;\">Benef\u00edcios de implementar UKG com a Ataway<\/span><\/strong><\/h2>\n<p>[\/vc_column_text][\/vc_column_inner][\/vc_row_inner][vc_row_inner][vc_column_inner width=&#8221;1\/2&#8243;][vc_column_text css_animation=&#8221;fadeInUp&#8221;]<\/p>\n<h3 class=\"featureCard_title featureCard_title--heading\" data-testid=\"featureCard:title\" data-e2e=\"featureCard:title\"><span style=\"color: #333333;\"><strong>Servi\u00e7os de Implementa\u00e7\u00e3o<br \/>\n<\/strong><\/span><\/h3>\n<p>Como seu parceiro global para implanta\u00e7\u00f5es internacionais, a Ataway traz sua expertise e conhecimento das regulamenta\u00e7\u00f5es locais para oferecer servi\u00e7os de implementa\u00e7\u00e3o excepcionais para solu\u00e7\u00f5es UKG. Se voc\u00ea est\u00e1 procurando novas implementa\u00e7\u00f5es ou aprimorando e padronizando suas aplica\u00e7\u00f5es UKG existentes, nossa equipe est\u00e1 aqui para apoi\u00e1-lo em cada etapa do caminho.[\/vc_column_text][\/vc_column_inner][vc_column_inner width=&#8221;1\/2&#8243;][vc_column_text css_animation=&#8221;fadeInUp&#8221;]<\/p>\n<h3 class=\"featureCard_title featureCard_title--heading\" data-testid=\"featureCard:title\" data-e2e=\"featureCard:title\"><span style=\"color: #333333;\"><strong>Servi\u00e7os Gerenciados<\/strong><\/span><\/h3>\n<p>Na Ataway, entendemos a import\u00e2ncia do suporte cont\u00ednuo e da gest\u00e3o da sua solu\u00e7\u00e3o UKG. Por isso, oferecemos Servi\u00e7os de Suporte e Gest\u00e3o de Aplica\u00e7\u00f5es proativos para garantir que voc\u00ea maximize o retorno sobre o investimento nas suas solu\u00e7\u00f5es UKG. Com nossa expertise em enfrentar desafios de AMS, eliminamos incertezas e promovemos opera\u00e7\u00f5es eficientes para o crescimento da empresa. Nossos servi\u00e7os cobrem tanto o UKG Pro Workforce Management quanto o UKG Workforce Central.[\/vc_column_text][\/vc_column_inner][\/vc_row_inner][vc_row_inner][vc_column_inner width=&#8221;1\/2&#8243;][vc_column_text css_animation=&#8221;fadeInUp&#8221;]<\/p>\n<h3 class=\"featureCard_title featureCard_title--heading\" data-testid=\"featureCard:title\" data-e2e=\"featureCard:title\"><span style=\"color: #333333;\"><strong>Conector Oracle HCM Cloud para UKG HRSD<\/strong><\/span><\/h3>\n<p>O conector oferece um aplicativo de integra\u00e7\u00e3o de processos e dados facilmente configur\u00e1vel do Oracle HCM para o UKG HRSD, reduzindo consideravelmente o tempo e os custos de implementa\u00e7\u00e3o da integra\u00e7\u00e3o em compara\u00e7\u00e3o com qualquer constru\u00e7\u00e3o personalizada de API. Ele tamb\u00e9m permite o manuseio da gera\u00e7\u00e3o de documentos ad-hoc dentro do Oracle HCM. Os documentos podem ser criados manualmente ou automaticamente com base em eventos acionados, enviados para o processo de assinatura quando necess\u00e1rio e, em seguida, armazenados no reposit\u00f3rio de gest\u00e3o de documentos do HRSD.[\/vc_column_text][\/vc_column_inner][vc_column_inner width=&#8221;1\/2&#8243;][vc_column_text css_animation=&#8221;fadeInUp&#8221;]<\/p>\n<h3 class=\"featureCard_title featureCard_title--heading\" data-testid=\"featureCard:title\" data-e2e=\"featureCard:title\"><span style=\"color: #333333;\"><strong>Garantindo Conformidade da For\u00e7a de Trabalho Local<\/strong><\/span><\/h3>\n<p>A Ataway traz uma vasta experi\u00eancia na implementa\u00e7\u00e3o e suporte de solu\u00e7\u00f5es UKG Pro Workforce Management em todo o mundo. Temos um profundo entendimento dos requisitos legais locais, regulamenta\u00e7\u00f5es de RH e acordos sindicais, garantindo conformidade e opera\u00e7\u00f5es suaves de gest\u00e3o da for\u00e7a de trabalho. Com nossa expertise em configura\u00e7\u00f5es, gest\u00e3o de mudan\u00e7as e servi\u00e7os de consultoria, a Ataway \u00e9 seu consultor de confian\u00e7a para navegar pelas regulamenta\u00e7\u00f5es locais e otimizar sua solu\u00e7\u00e3o UKG.[\/vc_column_text][\/vc_column_inner][\/vc_row_inner][\/vc_column][\/vc_row][vc_row full_width=&#8221;stretch_row&#8221; parallax=&#8221;content-moving&#8221; parallax_image=&#8221;15890&#8243;][vc_column width=&#8221;2\/3&#8243;][vc_column_text css_animation=&#8221;fadeInLeft&#8221;]<\/p>\n<h2 style=\"text-align: right;\"><span style=\"color: #ffffff;\"><strong>Visite a Ataway no UKG Marketplace!<\/strong><\/span><\/h2>\n<p>[\/vc_column_text][\/vc_column][vc_column width=&#8221;1\/3&#8243;][vc_btn title=&#8221;Saiba Mais!&#8221; style=&#8221;outline&#8221; color=&#8221;white&#8221; size=&#8221;lg&#8221; css_animation=&#8221;bounceIn&#8221; link=&#8221;url:https%3A%2F%2Fmarketplace.ukg.com%2Fen-US%2Fapps%2F415995%2Fataway%2Ffeatures||target:%20_blank|&#8221;][\/vc_column][\/vc_row][vc_row full_width=&#8221;stretch_row&#8221; parallax=&#8221;content-moving&#8221; parallax_image=&#8221;14288&#8243; css=&#8221;.vc_custom_1650576330469{background-color: #efefef !important;background-position: 0 0;background-repeat: repeat !important;}&#8221;][vc_column][vc_row_inner][vc_column_inner width=&#8221;1\/2&#8243;][vc_empty_space][vc_column_text css_animation=&#8221;fadeInUp&#8221;]<a href=\"https:\/\/www.ataway.com\/wp-content\/uploads\/2022\/04\/UKG_Certified-Partner.png\"><img loading=\"lazy\" decoding=\"async\" class=\"alignnone wp-image-44882 \" src=\"https:\/\/www.ataway.com\/wp-content\/uploads\/2025\/11\/1-UKG-Partner-Network_partner-stacked-contrasting-teal-300x224.png\" alt=\"\" width=\"158\" height=\"118\" srcset=\"https:\/\/www.ataway.com\/wp-content\/uploads\/2025\/11\/1-UKG-Partner-Network_partner-stacked-contrasting-teal-300x224.png 300w, https:\/\/www.ataway.com\/wp-content\/uploads\/2025\/11\/1-UKG-Partner-Network_partner-stacked-contrasting-teal-1024x766.png 1024w, https:\/\/www.ataway.com\/wp-content\/uploads\/2025\/11\/1-UKG-Partner-Network_partner-stacked-contrasting-teal-768x575.png 768w, https:\/\/www.ataway.com\/wp-content\/uploads\/2025\/11\/1-UKG-Partner-Network_partner-stacked-contrasting-teal-100x75.png 100w, https:\/\/www.ataway.com\/wp-content\/uploads\/2025\/11\/1-UKG-Partner-Network_partner-stacked-contrasting-teal-1280x962.png 1280w, https:\/\/www.ataway.com\/wp-content\/uploads\/2025\/11\/1-UKG-Partner-Network_partner-stacked-contrasting-teal-960x720.png 960w, https:\/\/www.ataway.com\/wp-content\/uploads\/2025\/11\/1-UKG-Partner-Network_partner-stacked-contrasting-teal-480x359.png 480w, https:\/\/www.ataway.com\/wp-content\/uploads\/2025\/11\/1-UKG-Partner-Network_partner-stacked-contrasting-teal.png 1286w\" sizes=\"auto, (max-width:767px) 158px, 158px\" \/>\u00a0\u00a0\u00a0\u00a0\u00a0\u00a0\u00a0\u00a0\u00a0<\/a><img loading=\"lazy\" decoding=\"async\" class=\"alignnone wp-image-44920 size-medium\" src=\"https:\/\/www.ataway.com\/wp-content\/uploads\/2025\/11\/UKG-Partner-Network_authorized-reseller-stacked-contrasting-teal-300x112.png\" alt=\"\" width=\"300\" height=\"112\" srcset=\"https:\/\/www.ataway.com\/wp-content\/uploads\/2025\/11\/UKG-Partner-Network_authorized-reseller-stacked-contrasting-teal-300x112.png 300w, https:\/\/www.ataway.com\/wp-content\/uploads\/2025\/11\/UKG-Partner-Network_authorized-reseller-stacked-contrasting-teal-1024x384.png 1024w, https:\/\/www.ataway.com\/wp-content\/uploads\/2025\/11\/UKG-Partner-Network_authorized-reseller-stacked-contrasting-teal-768x288.png 768w, https:\/\/www.ataway.com\/wp-content\/uploads\/2025\/11\/UKG-Partner-Network_authorized-reseller-stacked-contrasting-teal-1536x576.png 1536w, https:\/\/www.ataway.com\/wp-content\/uploads\/2025\/11\/UKG-Partner-Network_authorized-reseller-stacked-contrasting-teal-2048x768.png 2048w, https:\/\/www.ataway.com\/wp-content\/uploads\/2025\/11\/UKG-Partner-Network_authorized-reseller-stacked-contrasting-teal-150x56.png 150w, https:\/\/www.ataway.com\/wp-content\/uploads\/2025\/11\/UKG-Partner-Network_authorized-reseller-stacked-contrasting-teal-480x180.png 480w\" sizes=\"auto, (max-width:767px) 300px, 300px\" \/>[\/vc_column_text][\/vc_column_inner][vc_column_inner width=&#8221;1\/2&#8243;][vc_column_text css_animation=&#8221;fadeInDown&#8221;]<\/p>\n<div class=\"group w-full text-token-text-primary border-b border-black\/10 gizmo:border-0 dark:border-gray-900\/50 gizmo:dark:border-0 bg-gray-50 gizmo:bg-transparent dark:bg-[#444654] gizmo:dark:bg-transparent\" data-testid=\"conversation-turn-9\">\n<div class=\"p-4 justify-center text-base md:gap-6 md:py-6 m-auto\">\n<div class=\"flex flex-1 gap-4 text-base mx-auto md:gap-6 gizmo:gap-3 gizmo:md:px-5 gizmo:lg:px-1 gizmo:xl:px-5 md:max-w-2xl lg:max-w-[38rem] gizmo:md:max-w-3xl gizmo:lg:max-w-[40rem] gizmo:xl:max-w-[48rem] xl:max-w-3xl }\">\n<div class=\"relative flex w-[calc(100%-50px)] flex-col gap-1 gizmo:w-full md:gap-3 lg:w-[calc(100%-115px)] agent-turn\">\n<div class=\"flex flex-grow flex-col gap-3 max-w-full\">\n<div class=\"min-h-[20px] flex flex-col items-start gap-3 overflow-x-auto whitespace-pre-wrap break-words\">\n<div class=\"markdown prose w-full break-words dark:prose-invert light\">\n<h2><span style=\"color: #333333;\"><strong>10 anos de parcerias<\/strong><\/span><\/h2>\n<\/div>\n<\/div>\n<\/div>\n<\/div>\n<\/div>\n<\/div>\n<\/div>\n<p>[\/vc_column_text][vc_column_text css_animation=&#8221;fadeInUp&#8221; el_class=&#8221;medium&#8221;]<\/p>\n<p style=\"text-align: left;\"><strong>Parceiros de servi\u00e7o<\/strong> e revendedores da UKG desde 2015.<br \/>\nConsultoria Global, Implementa\u00e7\u00f5es e Servi\u00e7os Gerenciados.<br \/>\n<strong>Mais de 450<\/strong> consultores bil\u00edngues treinados<br \/>\n<strong>Mais de 22<\/strong> escrit\u00f3rios em todo o mundo.<\/p>\n<p>[\/vc_column_text][\/vc_column_inner][\/vc_row_inner][\/vc_column][\/vc_row][vc_row full_width=&#8221;stretch_row&#8221; full_height=&#8221;yes&#8221; parallax=&#8221;content-moving-fade&#8221; parallax_image=&#8221;14290&#8243; el_class=&#8221;object-fit: cover&#8221;][vc_column width=&#8221;2\/3&#8243;][\/vc_column][vc_column width=&#8221;1\/3&#8243;][vc_column_text css_animation=&#8221;fadeInDown&#8221;]<img loading=\"lazy\" decoding=\"async\" class=\"alignnone wp-image-44932 size-medium\" src=\"https:\/\/www.ataway.com\/wp-content\/uploads\/2025\/11\/MX-15-anos-1-300x90.png\" alt=\"\" width=\"300\" height=\"90\" srcset=\"https:\/\/www.ataway.com\/wp-content\/uploads\/2025\/11\/MX-15-anos-1-300x90.png 300w, https:\/\/www.ataway.com\/wp-content\/uploads\/2025\/11\/MX-15-anos-1-1024x307.png 1024w, https:\/\/www.ataway.com\/wp-content\/uploads\/2025\/11\/MX-15-anos-1-768x230.png 768w, https:\/\/www.ataway.com\/wp-content\/uploads\/2025\/11\/MX-15-anos-1-1536x461.png 1536w, https:\/\/www.ataway.com\/wp-content\/uploads\/2025\/11\/MX-15-anos-1-2048x614.png 2048w, https:\/\/www.ataway.com\/wp-content\/uploads\/2025\/11\/MX-15-anos-1-150x45.png 150w, https:\/\/www.ataway.com\/wp-content\/uploads\/2025\/11\/MX-15-anos-1-480x144.png 480w\" sizes=\"auto, (max-width:767px) 300px, 300px\" \/>[\/vc_column_text][vc_column_text css_animation=&#8221;fadeInUp&#8221; el_class=&#8221;medium&#8221;]<\/p>\n<h2><strong><span style=\"color: #333333;\">UKG<\/span><\/strong><\/h2>\n<p>L\u00edder no mercado de solu\u00e7\u00f5es de Gest\u00e3o da For\u00e7a de Trabalho, a UKG simplifica tarefas complexas de gerenciamento de m\u00e3o de obra, incluindo controle de presen\u00e7a, recursos humanos e folha de pagamento.<\/p>\n<h2><strong><span style=\"color: #333333;\">Ataway<\/span><\/strong><\/h2>\n<p>Temos experi\u00eancia em implementa\u00e7\u00e3o de sistemas e expertise t\u00e9cnica para garantir o sucesso do seu projeto. Nossa equipe possui um hist\u00f3rico comprovado na entrega de projetos bem-sucedidos em todas as ind\u00fastrias.[\/vc_column_text][\/vc_column][\/vc_row][vc_row disable_element=&#8221;yes&#8221;][vc_column][vc_empty_space][vc_column_text css_animation=&#8221;fadeInDown&#8221;]<\/p>\n<h2 style=\"text-align: center;\"><span style=\"color: #333333;\"><strong>Aprenda com nossos estudos de caso!<\/strong><\/span><\/h2>\n<p>[\/vc_column_text][vc_basic_grid post_type=&#8221;post&#8221; max_items=&#8221;10&#8243; orderby=&#8221;title&#8221; item=&#8221;basicGrid_SlideFromLeft&#8221; initial_loading_animation=&#8221;fadeInUp&#8221; grid_id=&#8221;vc_gid:1765986017802-d52072ff-9ba5-3&#8243; taxonomies=&#8221;289, 290, 393&#8243;][\/vc_column][\/vc_row][vc_row el_id=&#8221;1-ukgcontact&#8221;][vc_column][vc_column_text css_animation=&#8221;fadeInDown&#8221;]<\/p>\n<h2 style=\"text-align: center;\"><span style=\"color: #333333;\"><strong>Entre em contato conosco!<\/strong><\/span><\/h2>\n<p>[\/vc_column_text][vc_row_inner css=&#8221;.vc_custom_1650488032422{padding-right: 128px !important;padding-left: 128px !important;}&#8221;][vc_column_inner]\n<div class=\"wpcf7 no-js\" id=\"wpcf7-f15247-o1\" lang=\"en\" dir=\"ltr\" data-wpcf7-id=\"15247\">\n<div class=\"screen-reader-response\"><p role=\"status\" aria-live=\"polite\" aria-atomic=\"true\"><\/p> <ul><\/ul><\/div>\n<form action=\"\/pt-br\/wp-json\/wp\/v2\/pages\/35295#wpcf7-f15247-o1\" method=\"post\" class=\"wpcf7-form init\" aria-label=\"Contact form\" novalidate=\"novalidate\" data-status=\"init\">\n<fieldset class=\"hidden-fields-container\"><input type=\"hidden\" name=\"_wpcf7\" value=\"15247\" \/><input type=\"hidden\" name=\"_wpcf7_version\" value=\"6.1.2\" \/><input type=\"hidden\" name=\"_wpcf7_locale\" value=\"en\" \/><input type=\"hidden\" name=\"_wpcf7_unit_tag\" value=\"wpcf7-f15247-o1\" \/><input type=\"hidden\" name=\"_wpcf7_container_post\" value=\"0\" \/><input type=\"hidden\" name=\"_wpcf7_posted_data_hash\" value=\"\" \/><input type=\"hidden\" name=\"_wpcf7_recaptcha_response\" value=\"\" \/>\n<\/fieldset>\n<div class=\"contact-form\">\n\t<p><label><span style=\"color: #333333;\"> Name*<br \/>\n<span class=\"wpcf7-form-control-wrap\" data-name=\"your-name\"><input size=\"40\" maxlength=\"400\" class=\"wpcf7-form-control wpcf7-text wpcf7-validates-as-required\" aria-required=\"true\" aria-invalid=\"false\" value=\"\" type=\"text\" name=\"your-name\" \/><\/span> <\/span><\/label>\n\t<\/p>\n\t<p><label><span style=\"color: #333333;\"> Email*<br \/>\n<span class=\"wpcf7-form-control-wrap\" data-name=\"your-email\"><input size=\"40\" maxlength=\"400\" class=\"wpcf7-form-control wpcf7-email wpcf7-validates-as-required wpcf7-text wpcf7-validates-as-email\" aria-required=\"true\" aria-invalid=\"false\" value=\"\" type=\"email\" name=\"your-email\" \/><\/span> <\/span><\/label>\n\t<\/p>\n\t<p><label><span style=\"color: #333333;\"> Company Name*<br \/>\n<span class=\"wpcf7-form-control-wrap\" data-name=\"companyname\"><input size=\"40\" maxlength=\"400\" class=\"wpcf7-form-control wpcf7-text wpcf7-validates-as-required\" aria-required=\"true\" aria-invalid=\"false\" value=\"\" type=\"text\" name=\"companyname\" \/><\/span> <\/span><\/label>\n\t<\/p>\n\t<p><label><span style=\"color: #333333;\"> Job Position*<br \/>\n<span class=\"wpcf7-form-control-wrap\" data-name=\"companyjob\"><input size=\"40\" maxlength=\"400\" class=\"wpcf7-form-control wpcf7-text wpcf7-validates-as-required\" aria-required=\"true\" aria-invalid=\"false\" value=\"\" type=\"text\" name=\"companyjob\" \/><\/span> <\/span><\/label>\n\t<\/p>\n<\/div>\n<div class=\"contact-form\">\n\t<p><label><span style=\"color: #333333;\"> How did you hear about Ataway?<br \/>\n<span class=\"wpcf7-form-control-wrap\" data-name=\"hear-about\"><select class=\"wpcf7-form-control wpcf7-select\" aria-invalid=\"false\" name=\"hear-about\"><option value=\"Select an option\">Select an option<\/option><option value=\"Recommendation\">Recommendation<\/option><option value=\"Search engine\">Search engine<\/option><option value=\"LinkedIn\">LinkedIn<\/option><option value=\"Partner marketplace\">Partner marketplace<\/option><option value=\"Event\">Event<\/option><option value=\"Other\">Other<\/option><\/select><\/span> <\/span><\/label>\n\t<\/p>\n\t<p><label><span style=\"color: #333333;\"> Your message*<br \/>\n<span class=\"wpcf7-form-control-wrap\" data-name=\"your-message\"><textarea cols=\"40\" rows=\"10\" maxlength=\"2000\" class=\"wpcf7-form-control wpcf7-textarea wpcf7-validates-as-required\" aria-required=\"true\" aria-invalid=\"false\" placeholder=\"Tell us about your needs or project...\" name=\"your-message\"><\/textarea><\/span> <\/span><\/label>\n\t<\/p>\n\t<p><span class=\"wpcf7-form-control-wrap\" data-name=\"PrivacyPolicy\"><span class=\"wpcf7-form-control wpcf7-acceptance\"><span class=\"wpcf7-list-item\"><label><input type=\"checkbox\" name=\"PrivacyPolicy\" value=\"1\" aria-invalid=\"false\" \/><span class=\"wpcf7-list-item-label\"><span style=\"color: #333333;\"> I have read and agree to the <a rel=\"nofollow\" href=\"https:\/\/www.ataway.com\/privacy-policy\/\">Privacy Policy<\/a>. <\/span><\/span><\/label><\/span><\/span><\/span>\n\t<\/p>\n\n\t<p><input class=\"wpcf7-form-control wpcf7-submit has-spinner\" type=\"submit\" value=\"Contact us!\" \/>\n\t<\/p>\n<\/div>\n<input class=\"wpcf7-form-control wpcf7-hidden\" id=\"solution-field\" value=\"\" type=\"hidden\" name=\"solution\" \/><div class=\"wpcf7-response-output\" aria-hidden=\"true\"><\/div>\n<\/form>\n<\/div>\n[\/vc_column_inner][\/vc_row_inner][\/vc_column][\/vc_row]<\/p>\n<\/div>","protected":false},"excerpt":{"rendered":"<p>[vc_row full_width=&#8221;stretch_row&#8221; full_height=&#8221;yes&#8221; content_placement=&#8221;middle&#8221; parallax=&#8221;content-moving&#8221; parallax_image=&#8221;14262&#8243; css=&#8221;.vc_custom_1650384048036{background-color: #eaeaea !important;}&#8221;][vc_column][vc_empty_space height=&#8221;100&#8243;][vc_column_text css_animation=&#8221;fadeInDown&#8221;] [\/vc_column_text][vc_column_text css_animation=&#8221;fadeInUp&#8221;] Sua empresa est\u00e1 pronta para automatizar a tediosa tarefa de monitorar a frequ\u00eancia<span class=\"excerpt-hellip\"> [\u2026]<\/span><\/p>\n","protected":false},"author":6,"featured_media":-1,"parent":11797,"menu_order":0,"comment_status":"closed","ping_status":"closed","template":"","meta":{"footnotes":""},"class_list":["post-35295","page","type-page","status-publish","has-post-thumbnail","hentry"],"_links":{"self":[{"href":"https:\/\/www.ataway.com\/pt-br\/wp-json\/wp\/v2\/pages\/35295","targetHints":{"allow":["GET"]}}],"collection":[{"href":"https:\/\/www.ataway.com\/pt-br\/wp-json\/wp\/v2\/pages"}],"about":[{"href":"https:\/\/www.ataway.com\/pt-br\/wp-json\/wp\/v2\/types\/page"}],"author":[{"embeddable":true,"href":"https:\/\/www.ataway.com\/pt-br\/wp-json\/wp\/v2\/users\/6"}],"replies":[{"embeddable":true,"href":"https:\/\/www.ataway.com\/pt-br\/wp-json\/wp\/v2\/comments?post=35295"}],"version-history":[{"count":7,"href":"https:\/\/www.ataway.com\/pt-br\/wp-json\/wp\/v2\/pages\/35295\/revisions"}],"predecessor-version":[{"id":45311,"href":"https:\/\/www.ataway.com\/pt-br\/wp-json\/wp\/v2\/pages\/35295\/revisions\/45311"}],"up":[{"embeddable":true,"href":"https:\/\/www.ataway.com\/pt-br\/wp-json\/wp\/v2\/pages\/11797"}],"wp:featuredmedia":[{"embeddable":true,"href":"https:\/\/www.ataway.com\/pt-br\/wp-json\/"}],"wp:attachment":[{"href":"https:\/\/www.ataway.com\/pt-br\/wp-json\/wp\/v2\/media?parent=35295"}],"curies":[{"name":"wp","href":"https:\/\/api.w.org\/{rel}","templated":true}]}}