{"id":33291,"date":"2019-08-16T15:06:57","date_gmt":"2019-08-16T18:06:57","guid":{"rendered":"https:\/\/www.ataway.com\/consultoria\/oraclecloud\/"},"modified":"2025-04-14T11:23:25","modified_gmt":"2025-04-14T14:23:25","slug":"oracle","status":"publish","type":"page","link":"https:\/\/www.ataway.com\/pt-br\/consultoria\/oracle\/","title":{"rendered":"Oracle"},"content":{"rendered":"<div class=\"wpb-content-wrapper\"><p>[vc_row full_width=&#8221;stretch_row&#8221; full_height=&#8221;yes&#8221; content_placement=&#8221;middle&#8221; parallax=&#8221;content-moving&#8221; parallax_image=&#8221;17356&#8243; css=&#8221;.vc_custom_1695132204337{background-color: #eaeaea !important;}&#8221;][vc_column][vc_empty_space height=&#8221;100&#8243;][vc_column_text]<\/p>\n<h1><span style=\"color: #ffffff;\"><strong>Oracle HCM Cloud &amp; Peoplesoft com Ataway:<br \/>\nSeu parceiro de RH.<br \/>\n<\/strong><\/span><\/h1>\n<p>[\/vc_column_text][vc_column_text]<\/p>\n<h2><span style=\"color: #ffffff;\"><em>Descubra as solu\u00e7\u00f5es completas Oracle<br \/>\nque conectam cada processo de recursos humanos,<br \/>\nal\u00e9m de cada pessoa, por toda a organiza\u00e7\u00e3o.<\/em><\/span><\/h2>\n<p>[\/vc_column_text][vc_btn title=&#8221;Conhe\u00e7a todas as nossas solu\u00e7\u00f5es!&#8221; style=&#8221;outline&#8221; color=&#8221;white&#8221; size=&#8221;lg&#8221; css_animation=&#8221;bounceIn&#8221; link=&#8221;url:%23solucionesoraclecloud|||&#8221;][vc_empty_space height=&#8221;16px&#8221;][vc_icon type=&#8221;entypo&#8221; icon_entypo=&#8221;entypo-icon entypo-icon-down-open-big&#8221; color=&#8221;white&#8221; background_style=&#8221;rounded&#8221; background_color=&#8221;custom&#8221; size=&#8221;sm&#8221; align=&#8221;center&#8221; custom_background_color=&#8221;rgba(10,10,10,0.56)&#8221; el_class=&#8221;scroller-cursor-pointer&#8221;][\/vc_column][\/vc_row][vc_row full_width=&#8221;stretch_row&#8221; content_placement=&#8221;middle&#8221; parallax=&#8221;content-moving&#8221; parallax_image=&#8221;40378&#8243;][vc_column][vc_empty_space][vc_row_inner content_placement=&#8221;middle&#8221;][vc_column_inner width=&#8221;1\/2&#8243;][vc_column_text]<a href=\"https:\/\/www.ataway.com\/pt-br\/consultoria\/oracle-hcm-cloud-core\/\"><img loading=\"lazy\" decoding=\"async\" class=\"alignnone wp-image-40304\" src=\"https:\/\/www.ataway.com\/wp-content\/uploads\/2025\/02\/1.png\" alt=\"\" width=\"600\" height=\"336\" srcset=\"https:\/\/www.ataway.com\/wp-content\/uploads\/2025\/02\/1.png 700w, https:\/\/www.ataway.com\/wp-content\/uploads\/2025\/02\/1-300x168.png 300w, https:\/\/www.ataway.com\/wp-content\/uploads\/2025\/02\/1-134x75.png 134w, https:\/\/www.ataway.com\/wp-content\/uploads\/2025\/02\/1-480x269.png 480w\" sizes=\"auto, (max-width:767px) 480px, 600px\" \/><\/a>[\/vc_column_text][\/vc_column_inner][vc_column_inner width=&#8221;1\/2&#8243;][vc_column_text css_animation=&#8221;none&#8221; el_class=&#8221;big&#8221;]<\/p>\n<h2 style=\"text-align: left;\"><a href=\"https:\/\/www.ataway.com\/pt-br\/consultoria\/oracle-hcm-cloud-core\/\"><span style=\"color: #ff7600;\"><strong>Oracle HCM Cloud &#8211; Core<\/strong><\/span><\/a><\/h2>\n<h3 style=\"text-align: left;\"><span style=\"color: #333333;\">Planeje, gerencie e otimize processos globais de pessoas com uma fonte de dados comum. Tome melhores decis\u00f5es, personalize as experi\u00eancias dos funcion\u00e1rios e aproveite fluxos de trabalho configur\u00e1veis que oferecem escalabilidade e localiza\u00e7\u00e3o.<\/span><\/h3>\n<p>[\/vc_column_text][vc_column_text]<\/p>\n<p style=\"text-align: left;\"><a href=\"https:\/\/www.ataway.com\/pt-br\/consultoria\/oracle-hcm-cloud-core\/\"><strong><span style=\"color: #ff7600;\">Saiba mais<\/span><\/strong><\/a><\/p>\n<p>[\/vc_column_text][\/vc_column_inner][\/vc_row_inner][vc_row_inner content_placement=&#8221;middle&#8221;][vc_column_inner width=&#8221;1\/2&#8243;][vc_column_text css_animation=&#8221;none&#8221; el_class=&#8221;big&#8221;]<\/p>\n<h2 style=\"text-align: left;\"><a href=\"https:\/\/www.ataway.com\/pt-br\/consultoria\/oracle-hcm-cloud-talent\/\"><span style=\"color: #ff7600;\"><strong>Oracle Talent Management<\/strong><\/span><\/a><\/h2>\n<h3 style=\"text-align: left;\"><span style=\"color: #333333;\">Atraia os melhores candidatos, aumente a produtividade e melhore as decis\u00f5es com a gest\u00e3o de talentos de ponta a ponta. Procure, recrute, integre, gerencie o desempenho, desenvolva carreiras e planeje a sucess\u00e3o &#8211; tudo em um s\u00f3 lugar.<\/span><\/h3>\n<p>[\/vc_column_text][vc_column_text]<\/p>\n<p style=\"text-align: left;\"><a href=\"https:\/\/www.ataway.com\/pt-br\/consultoria\/oracle-hcm-cloud-talent\/\"><strong><span style=\"color: #ff7600;\">Saiba mais<\/span><\/strong><\/a><\/p>\n<p>[\/vc_column_text][\/vc_column_inner][vc_column_inner width=&#8221;1\/2&#8243;][vc_column_text]<a href=\"https:\/\/www.ataway.com\/pt-br\/consultoria\/oracle-hcm-cloud-talent\/\"><img loading=\"lazy\" decoding=\"async\" class=\"alignnone wp-image-41113 size-full\" src=\"https:\/\/www.ataway.com\/wp-content\/uploads\/2025\/03\/700-x-392-px.png\" alt=\"Oracle HCM Cloud - Talent3\" width=\"700\" height=\"392\" srcset=\"https:\/\/www.ataway.com\/wp-content\/uploads\/2025\/03\/700-x-392-px.png 700w, https:\/\/www.ataway.com\/wp-content\/uploads\/2025\/03\/700-x-392-px-300x168.png 300w, https:\/\/www.ataway.com\/wp-content\/uploads\/2025\/03\/700-x-392-px-134x75.png 134w, https:\/\/www.ataway.com\/wp-content\/uploads\/2025\/03\/700-x-392-px-480x269.png 480w\" sizes=\"auto, (max-width:767px) 480px, 700px\" \/><\/a>[\/vc_column_text][\/vc_column_inner][\/vc_row_inner][vc_row_inner content_placement=&#8221;middle&#8221;][vc_column_inner width=&#8221;1\/2&#8243;][vc_column_text]<a href=\"https:\/\/www.ataway.com\/pt-br\/consultoria\/oracle-peoplesoft\/\"><img loading=\"lazy\" decoding=\"async\" class=\"wp-image-40328 size-full\" src=\"https:\/\/www.ataway.com\/wp-content\/uploads\/2025\/02\/3.png\" alt=\"\" width=\"700\" height=\"392\" srcset=\"https:\/\/www.ataway.com\/wp-content\/uploads\/2025\/02\/3.png 700w, https:\/\/www.ataway.com\/wp-content\/uploads\/2025\/02\/3-300x168.png 300w, https:\/\/www.ataway.com\/wp-content\/uploads\/2025\/02\/3-134x75.png 134w, https:\/\/www.ataway.com\/wp-content\/uploads\/2025\/02\/3-480x269.png 480w\" sizes=\"auto, (max-width:767px) 480px, 700px\" \/><\/a>[\/vc_column_text][\/vc_column_inner][vc_column_inner width=&#8221;1\/2&#8243;][vc_column_text css_animation=&#8221;none&#8221; el_class=&#8221;big&#8221;]<\/p>\n<h2 style=\"text-align: left;\"><a href=\"https:\/\/www.ataway.com\/pt-br\/consultoria\/oracle-peoplesoft\/\"><span style=\"color: #ff7600;\"><strong>Oracle Peoplesoft<\/strong><\/span><\/a><\/h2>\n<h3 style=\"text-align: left;\"><span style=\"color: #333333;\">Solu\u00e7\u00f5es abrangentes de neg\u00f3cios e setoriais que permitem que as empresas aumentem a produtividade, acelerem o desempenho dos neg\u00f3cios! Conhe\u00e7a as solu\u00e7\u00f5es de Financial Management, HCM &amp; Payroll, Supply Chain &amp; Campus Solutions<\/span><\/h3>\n<p>[\/vc_column_text][vc_column_text]<\/p>\n<p style=\"text-align: left;\"><a href=\"https:\/\/www.ataway.com\/pt-br\/consultoria\/oracle-peoplesoft\/\"><strong><span style=\"color: #ff7600;\">Saiba mais<\/span><\/strong><\/a><\/p>\n<p>[\/vc_column_text][\/vc_column_inner][\/vc_row_inner][\/vc_column][\/vc_row]<\/p>\n<\/div>","protected":false},"excerpt":{"rendered":"<p>[vc_row full_width=&#8221;stretch_row&#8221; full_height=&#8221;yes&#8221; content_placement=&#8221;middle&#8221; parallax=&#8221;content-moving&#8221; parallax_image=&#8221;17356&#8243; css=&#8221;.vc_custom_1695132204337{background-color: #eaeaea !important;}&#8221;][vc_column][vc_empty_space height=&#8221;100&#8243;][vc_column_text] Oracle HCM Cloud &amp; Peoplesoft com Ataway: Seu parceiro de RH. [\/vc_column_text][vc_column_text] Descubra as solu\u00e7\u00f5es completas<span class=\"excerpt-hellip\"> [\u2026]<\/span><\/p>\n","protected":false},"author":6,"featured_media":0,"parent":11797,"menu_order":0,"comment_status":"closed","ping_status":"closed","template":"","meta":{"footnotes":""},"class_list":["post-33291","page","type-page","status-publish","hentry"],"_links":{"self":[{"href":"https:\/\/www.ataway.com\/pt-br\/wp-json\/wp\/v2\/pages\/33291","targetHints":{"allow":["GET"]}}],"collection":[{"href":"https:\/\/www.ataway.com\/pt-br\/wp-json\/wp\/v2\/pages"}],"about":[{"href":"https:\/\/www.ataway.com\/pt-br\/wp-json\/wp\/v2\/types\/page"}],"author":[{"embeddable":true,"href":"https:\/\/www.ataway.com\/pt-br\/wp-json\/wp\/v2\/users\/6"}],"replies":[{"embeddable":true,"href":"https:\/\/www.ataway.com\/pt-br\/wp-json\/wp\/v2\/comments?post=33291"}],"version-history":[{"count":10,"href":"https:\/\/www.ataway.com\/pt-br\/wp-json\/wp\/v2\/pages\/33291\/revisions"}],"predecessor-version":[{"id":41176,"href":"https:\/\/www.ataway.com\/pt-br\/wp-json\/wp\/v2\/pages\/33291\/revisions\/41176"}],"up":[{"embeddable":true,"href":"https:\/\/www.ataway.com\/pt-br\/wp-json\/wp\/v2\/pages\/11797"}],"wp:attachment":[{"href":"https:\/\/www.ataway.com\/pt-br\/wp-json\/wp\/v2\/media?parent=33291"}],"curies":[{"name":"wp","href":"https:\/\/api.w.org\/{rel}","templated":true}]}}