{"id":33284,"date":"2022-05-12T11:15:11","date_gmt":"2022-05-12T14:15:11","guid":{"rendered":"https:\/\/www.ataway.com\/consultoria\/automatizacion-robotica-de-procesos\/"},"modified":"2025-02-20T11:20:20","modified_gmt":"2025-02-20T14:20:20","slug":"automacao-processos-roboticos","status":"publish","type":"page","link":"https:\/\/www.ataway.com\/pt-br\/consultoria\/automacao-processos-roboticos\/","title":{"rendered":"rpa"},"content":{"rendered":"<div class=\"wpb-content-wrapper\"><p>[vc_row full_width=&#8221;stretch_row&#8221; full_height=&#8221;yes&#8221; content_placement=&#8221;middle&#8221; parallax=&#8221;content-moving&#8221; parallax_image=&#8221;14389&#8243; css=&#8221;.vc_custom_1652461398637{background-color: #eaeaea !important;}&#8221;][vc_column][vc_empty_space height=&#8221;100&#8243;][vc_column_text css_animation=&#8221;fadeInDown&#8221;]<a href=\"https:\/\/www.ataway.com\/wp-content\/uploads\/2022\/05\/Automation-anywhere-ataway-white.png\"><img loading=\"lazy\" decoding=\"async\" class=\"alignnone wp-image-14339 size-medium\" src=\"https:\/\/www.ataway.com\/wp-content\/uploads\/2022\/05\/Automation-anywhere-ataway-white-300x51.png\" alt=\"\" width=\"300\" height=\"51\" srcset=\"https:\/\/www.ataway.com\/wp-content\/uploads\/2022\/05\/Automation-anywhere-ataway-white-300x51.png 300w, https:\/\/www.ataway.com\/wp-content\/uploads\/2022\/05\/Automation-anywhere-ataway-white-768x131.png 768w, https:\/\/www.ataway.com\/wp-content\/uploads\/2022\/05\/Automation-anywhere-ataway-white-260x44.png 260w, https:\/\/www.ataway.com\/wp-content\/uploads\/2022\/05\/Automation-anywhere-ataway-white-50x9.png 50w, https:\/\/www.ataway.com\/wp-content\/uploads\/2022\/05\/Automation-anywhere-ataway-white-150x26.png 150w, https:\/\/www.ataway.com\/wp-content\/uploads\/2022\/05\/Automation-anywhere-ataway-white.png 1000w\" sizes=\"auto, (max-width:767px) 300px, 300px\" \/><\/a>[\/vc_column_text][vc_column_text css_animation=&#8221;fadeInUp&#8221;]<\/p>\n<h2 style=\"text-align: left;\"><strong><span style=\"color: #ffffff;\">Automa\u00e7\u00e3o de Processos Rob\u00f3ticos (RPA)<\/span><\/strong><\/h2>\n<h3 style=\"text-align: left;\"><span style=\"color: #ffffff;\">O RPA \u00e9 uma solu\u00e7\u00e3o tecnol\u00f3gica que permite \u00e0s organiza\u00e7\u00f5es automatizar tarefas repetitivas, por meio de processos baseados em regras por meio de ferramentas computacionais. N\u00e3o disruptivo, n\u00e3o invasivo, f\u00e1cil de usar.<\/span><\/h3>\n<p>[\/vc_column_text][vc_btn title=&#8221;Pedir mais informa\u00e7\u00f5es!&#8221; style=&#8221;outline&#8221; color=&#8221;white&#8221; size=&#8221;lg&#8221; css_animation=&#8221;bounceInUp&#8221; link=&#8221;url:https%3A%2F%2Fwww.ataway.com%2Fpt-br%2Fcontate-nos%2F|rel:nofollow&#8221;][vc_empty_space height=&#8221;16px&#8221;][vc_icon type=&#8221;entypo&#8221; icon_entypo=&#8221;entypo-icon entypo-icon-down-open-big&#8221; color=&#8221;white&#8221; background_style=&#8221;rounded&#8221; background_color=&#8221;custom&#8221; size=&#8221;sm&#8221; align=&#8221;center&#8221; custom_background_color=&#8221;rgba(10,10,10,0.56)&#8221; el_class=&#8221;scroller-cursor-pointer&#8221;][\/vc_column][\/vc_row][vc_row full_width=&#8221;stretch_row&#8221; content_placement=&#8221;middle&#8221; css=&#8221;.vc_custom_1560523572547{background-color: #ffffff !important;}&#8221; el_id=&#8221;scroller-second-frame&#8221;][vc_column][vc_empty_space height=&#8221;16&#8243;][vc_row_inner][vc_column_inner][vc_column_text css_animation=&#8221;fadeInDown&#8221;]<\/p>\n<h2 style=\"text-align: left;\"><span style=\"color: #333333;\"><strong>O que \u00e9 automa\u00e7\u00e3o rob\u00f3tica de processos?<\/strong><\/span><\/h2>\n<p>[\/vc_column_text][vc_column_text css_animation=&#8221;fadeInUp&#8221; el_class=&#8221;medium&#8221;]RPA \u00e9 uma tecnologia de software que permite criar, implantar e gerenciar rob\u00f4s de software ou &#8220;bots&#8221; para emular a\u00e7\u00f5es humanas em sistemas digitais. Depois de ensinar aos bots o que fazer, eles ser\u00e3o capazes de entender o que veem em uma tela, preencher informa\u00e7\u00f5es, pressionar teclas, navegar em sistemas, identificar e extrair dados, entre muitas outras tarefas definidas.<\/p>\n<p><strong>* Tecnologia n\u00e3o invasiva, n\u00e3o disruptiva e f\u00e1cil de usar<\/strong><\/p>\n<p><strong>* Redu\u00e7\u00e3o de custos, maior precis\u00e3o, rapidez na entrega.<\/strong><\/p>\n<p><strong>* Software adapt\u00e1vel<\/strong>\u00a0a qualquer interface ou fluxo de trabalho.<\/p>\n<p><strong>* Aumentar a satisfa\u00e7\u00e3o, engajamento e produtividade dos funcion\u00e1rios,<\/strong>\u00a0eliminando tarefas repetitivas de seus dias de trabalho.[\/vc_column_text][\/vc_column_inner][\/vc_row_inner][\/vc_column][\/vc_row][vc_row full_width=&#8221;stretch_row&#8221; parallax=&#8221;content-moving&#8221; parallax_image=&#8221;14288&#8243; css=&#8221;.vc_custom_1650576330469{background-color: #efefef !important;background-position: 0 0;background-repeat: repeat !important;}&#8221;][vc_column][vc_row_inner][vc_column_inner width=&#8221;1\/2&#8243;][vc_empty_space][vc_column_text css_animation=&#8221;fadeInUp&#8221;]<a href=\"https:\/\/www.ataway.com\/wp-content\/uploads\/2022\/05\/Screenshot-2022-05-13-105654.png\"><img loading=\"lazy\" decoding=\"async\" class=\"alignnone wp-image-14340 size-full\" src=\"https:\/\/www.ataway.com\/wp-content\/uploads\/2022\/05\/Screenshot-2022-05-13-105654.png\" alt=\"\" width=\"597\" height=\"152\" \/><\/a>[\/vc_column_text][\/vc_column_inner][vc_column_inner width=&#8221;1\/2&#8243;][vc_column_text css_animation=&#8221;fadeInDown&#8221;]<\/p>\n<h2><span style=\"color: #333333;\"><strong>10 anos de parceria<\/strong><\/span><\/h2>\n<p>[\/vc_column_text][vc_column_text css_animation=&#8221;fadeInUp&#8221; el_class=&#8221;medium&#8221;]<strong>A Ataway \u00e9 parceira de neg\u00f3cios autorizada e centro de excel\u00eancia da Automation Anywhere desde 2015.<\/strong><\/p>\n<p>Vendas, atendimento profissional e manuten\u00e7\u00e3o operacional.<br \/>\n<strong>+450<\/strong>\u00a0consultores bil\u00edngues treinados.<br \/>\n<strong>22<\/strong>\u00a0escrit\u00f3rios em todo o mundo.[\/vc_column_text][\/vc_column_inner][\/vc_row_inner][\/vc_column][\/vc_row][vc_row full_width=&#8221;stretch_row&#8221; full_height=&#8221;yes&#8221; parallax=&#8221;content-moving-fade&#8221; parallax_image=&#8221;14342&#8243; el_class=&#8221;object-fit: cover&#8221;][vc_column width=&#8221;1\/2&#8243;][\/vc_column][vc_column width=&#8221;1\/2&#8243;][vc_column_text css_animation=&#8221;fadeInDown&#8221;]<a href=\"https:\/\/www.ataway.com\/wp-content\/uploads\/2022\/05\/Automation-anywhere-Ataway.png\"><img loading=\"lazy\" decoding=\"async\" class=\"alignnone wp-image-14341\" src=\"https:\/\/www.ataway.com\/wp-content\/uploads\/2022\/05\/Automation-anywhere-Ataway-300x51.png\" alt=\"\" width=\"400\" height=\"69\" srcset=\"https:\/\/www.ataway.com\/wp-content\/uploads\/2022\/05\/Automation-anywhere-Ataway-300x51.png 300w, https:\/\/www.ataway.com\/wp-content\/uploads\/2022\/05\/Automation-anywhere-Ataway-260x45.png 260w, https:\/\/www.ataway.com\/wp-content\/uploads\/2022\/05\/Automation-anywhere-Ataway-50x9.png 50w, https:\/\/www.ataway.com\/wp-content\/uploads\/2022\/05\/Automation-anywhere-Ataway-150x26.png 150w, https:\/\/www.ataway.com\/wp-content\/uploads\/2022\/05\/Automation-anywhere-Ataway.png 735w\" sizes=\"auto, (max-width:767px) 400px, 400px\" \/><\/a>[\/vc_column_text][vc_column_text css_animation=&#8221;fadeInUp&#8221; el_class=&#8221;medium&#8221;]<\/p>\n<h2><span style=\"color: #333333;\"><a style=\"color: #333333;\" href=\"https:\/\/www.automationanywhere.com\/la\/rpa\/robotic-process-automation\" target=\"_blank\" rel=\"noopener\"><strong>Automa\u00e7\u00e3o em Qualquer Lugar<\/strong><\/a><\/span><\/h2>\n<p><span lang=\"PT-BR\" style=\"font-size: 13.0pt; font-family: 'Segoe UI',sans-serif; color: #333333;\">A Automation Anywhere \u00e9 l\u00edder global em Robotic Process Automation (RPA) e Intelig\u00eancia Artificial (AI). Com sua solu\u00e7\u00e3o de software, eles oferecem a plataforma de RPA mais amplamente implantada para permitir que todos os membros de uma organiza\u00e7\u00e3o automatizem processos de ponta a ponta.<\/span><\/p>\n<h2><a href=\"http:\/\/www.ataway.com.ar\" target=\"_blank\" rel=\"noopener\"><strong><span style=\"color: #333333;\">Ataway<\/span><\/strong><\/a><\/h2>\n<p><span lang=\"PT-BR\" style=\"font-size: 13.0pt; font-family: 'Segoe UI',sans-serif; color: #333333;\">Consultores treinados e certificados. N\u00f3s o guiamos atrav\u00e9s do ciclo de implementa\u00e7\u00e3o de RPA em qualquer lugar do mundo. Trabalhamos em equipe para entender os requisitos do neg\u00f3cio e alcan\u00e7ar a melhor solu\u00e7\u00e3o.<br \/>\nProporcionamos flexibilidade \u00e0 sua organiza\u00e7\u00e3o, reduzindo seus custos e melhorando o desempenho das opera\u00e7\u00f5es do seu neg\u00f3cio, gerando um r\u00e1pido retorno sobre o seu investimento (ROI).<br \/>\n<\/span>[\/vc_column_text][\/vc_column][\/vc_row][vc_row full_width=&#8221;stretch_row&#8221; parallax=&#8221;content-moving&#8221; parallax_image=&#8221;14071&#8243;][vc_column][vc_column_text css_animation=&#8221;fadeInDown&#8221;]<\/p>\n<h2 style=\"text-align: center;\"><strong><span style=\"color: #ffffff;\">O que oferecemos na Ataway?<\/span><\/strong><\/h2>\n<p>[\/vc_column_text][vc_row_inner][vc_column_inner width=&#8221;1\/4&#8243;][vc_column_text css_animation=&#8221;fadeInUp&#8221;]<\/p>\n<h3><span style=\"color: #ffffff;\"><strong>#1 Consultoria RPA<\/strong><\/span><\/h3>\n<p>[\/vc_column_text][vc_column_text css_animation=&#8221;fadeInUp&#8221;]<span style=\"color: #ffffff;\">Ajudamos voc\u00ea com o desafio de integrar perfeitamente a tecnologia RPA sem interrup\u00e7\u00f5es com os processos e sistemas existentes da sua organiza\u00e7\u00e3o, gerando o m\u00ednimo de impacto. Nossos servi\u00e7os de consultoria:<\/span><\/p>\n<p><span style=\"color: #ffffff;\"><strong>*Avalia\u00e7\u00f5es e revis\u00f5es<\/strong><\/span><br \/>\n<span style=\"color: #ffffff;\"><strong>*Identifica\u00e7\u00e3o e sele\u00e7\u00e3o de tarefas automatizadas de alta prioridade<\/strong><\/span><br \/>\n<span style=\"color: #ffffff;\"><strong>*Desenvolvimento de roteiros de RPA de ponta a ponta<\/strong><\/span>[\/vc_column_text][\/vc_column_inner][vc_column_inner width=&#8221;1\/4&#8243;][vc_column_text css_animation=&#8221;fadeInUp&#8221;]<\/p>\n<h3><span style=\"color: #ffffff;\"><strong>#2 Desenvolvimento de RPA<\/strong><\/span><\/h3>\n<p>[\/vc_column_text][vc_column_text css_animation=&#8221;fadeInUp&#8221;]<span style=\"color: #ffffff;\">\u00a0Implementamos o RPA em um curto per\u00edodo e oferecemos manuten\u00e7\u00e3o considerando a evolu\u00e7\u00e3o e melhorias da solu\u00e7\u00e3o. Nosso servi\u00e7o de suporte:<\/span><\/p>\n<p><span style=\"color: #ffffff;\">* Gerencie e atualize seus processos de RPA<\/span><br \/>\n<span style=\"color: #ffffff;\">* Modernize os processos para corresponder \u00e0s varia\u00e7\u00f5es e ao crescimento de seus processos de neg\u00f3cios.<\/span>[\/vc_column_text][\/vc_column_inner][vc_column_inner width=&#8221;1\/4&#8243;][vc_column_text css_animation=&#8221;fadeInUp&#8221;]<\/p>\n<h3><span style=\"color: #ffffff;\"><strong>#3 Suporte de RPA<\/strong><\/span><\/h3>\n<p>[\/vc_column_text][vc_column_text css_animation=&#8221;fadeInUp&#8221;]<span style=\"color: #ffffff;\">Implementamos RPA em um curto espa\u00e7o de tempo e oferecemos manuten\u00e7\u00e3o considerando a evolu\u00e7\u00e3o e melhorias da solu\u00e7\u00e3o. Nosso servi\u00e7o de suporte:<\/span><br \/>\n<span style=\"color: #ffffff;\"><strong>* Administra\u00e7\u00e3o e atualiza\u00e7\u00e3o de seus processos RPA<\/strong><\/span><br \/>\n<span style=\"color: #ffffff;\"><strong>* Moderniza\u00e7\u00e3o de processos para corresponder \u00e0s varia\u00e7\u00f5es e ao crescimento dos seus processos de neg\u00f3cios.<\/strong><\/span>[\/vc_column_text][\/vc_column_inner][vc_column_inner width=&#8221;1\/4&#8243;][vc_column_text css_animation=&#8221;fadeInUp&#8221;]<\/p>\n<h3><span style=\"color: #ffffff;\"><strong>#4 Licen\u00e7as Automation Anywhere<\/strong><\/span><\/h3>\n<p>[\/vc_column_text][vc_column_text css_animation=&#8221;fadeInUp&#8221;]<span style=\"color: #ffffff;\">Adquira suas licen\u00e7as Automation Anywhere com a Ataway Brasil.<\/span>[\/vc_column_text][\/vc_column_inner][\/vc_row_inner][\/vc_column][\/vc_row][vc_row][vc_column][vc_empty_space][vc_column_text css_animation=&#8221;fadeInDown&#8221;]<\/p>\n<h2 style=\"text-align: center;\"><strong><span style=\"color: #333333;\">Comece sua jornada de RPA!<\/span><\/strong><\/h2>\n<p>[\/vc_column_text][vc_btn title=&#8221;Fale conosco&#8221; style=&#8221;classic&#8221; color=&#8221;warning&#8221; size=&#8221;lg&#8221; align=&#8221;center&#8221; link=&#8221;url:https%3A%2F%2Fwww.ataway.com%2Fpt-br%2Fcontate-nos%2F&#8221;][vc_empty_space][\/vc_column][\/vc_row]<\/p>\n<\/div>","protected":false},"excerpt":{"rendered":"<p>[vc_row full_width=&#8221;stretch_row&#8221; full_height=&#8221;yes&#8221; content_placement=&#8221;middle&#8221; parallax=&#8221;content-moving&#8221; parallax_image=&#8221;14389&#8243; css=&#8221;.vc_custom_1652461398637{background-color: #eaeaea !important;}&#8221;][vc_column][vc_empty_space height=&#8221;100&#8243;][vc_column_text css_animation=&#8221;fadeInDown&#8221;][\/vc_column_text][vc_column_text css_animation=&#8221;fadeInUp&#8221;] Automa\u00e7\u00e3o de Processos Rob\u00f3ticos (RPA) O RPA \u00e9 uma solu\u00e7\u00e3o tecnol\u00f3gica que permite \u00e0s<span class=\"excerpt-hellip\"> [\u2026]<\/span><\/p>\n","protected":false},"author":6,"featured_media":0,"parent":11797,"menu_order":0,"comment_status":"closed","ping_status":"closed","template":"","meta":{"footnotes":""},"class_list":["post-33284","page","type-page","status-publish","hentry"],"_links":{"self":[{"href":"https:\/\/www.ataway.com\/pt-br\/wp-json\/wp\/v2\/pages\/33284","targetHints":{"allow":["GET"]}}],"collection":[{"href":"https:\/\/www.ataway.com\/pt-br\/wp-json\/wp\/v2\/pages"}],"about":[{"href":"https:\/\/www.ataway.com\/pt-br\/wp-json\/wp\/v2\/types\/page"}],"author":[{"embeddable":true,"href":"https:\/\/www.ataway.com\/pt-br\/wp-json\/wp\/v2\/users\/6"}],"replies":[{"embeddable":true,"href":"https:\/\/www.ataway.com\/pt-br\/wp-json\/wp\/v2\/comments?post=33284"}],"version-history":[{"count":7,"href":"https:\/\/www.ataway.com\/pt-br\/wp-json\/wp\/v2\/pages\/33284\/revisions"}],"predecessor-version":[{"id":40047,"href":"https:\/\/www.ataway.com\/pt-br\/wp-json\/wp\/v2\/pages\/33284\/revisions\/40047"}],"up":[{"embeddable":true,"href":"https:\/\/www.ataway.com\/pt-br\/wp-json\/wp\/v2\/pages\/11797"}],"wp:attachment":[{"href":"https:\/\/www.ataway.com\/pt-br\/wp-json\/wp\/v2\/media?parent=33284"}],"curies":[{"name":"wp","href":"https:\/\/api.w.org\/{rel}","templated":true}]}}