{"id":11852,"date":"2019-05-02T12:32:16","date_gmt":"2019-05-02T15:32:16","guid":{"rendered":"http:\/\/www.ataway.com\/?page_id=11852"},"modified":"2021-01-14T13:29:25","modified_gmt":"2021-01-14T16:29:25","slug":"carreira","status":"publish","type":"page","link":"https:\/\/www.ataway.com\/pt-br\/carreira\/","title":{"rendered":"Work"},"content":{"rendered":"<div class=\"wpb-content-wrapper\"><p>[vc_row full_width=&#8221;stretch_row&#8221; full_height=&#8221;yes&#8221; content_placement=&#8221;middle&#8221; parallax=&#8221;content-moving&#8221; parallax_image=&#8221;11887&#8243;][vc_column][vc_empty_space height=&#8221;64&#8243;][vc_row_inner][vc_column_inner width=&#8221;1\/2&#8243;][vc_empty_space height=&#8221;16px&#8221;][vc_column_text css_animation=&#8221;fadeInDown&#8221;]<\/p>\n<h1 style=\"text-align: left;\">Voc\u00ea n\u00e3o precisa voar<strong> para se tornar nosso super-her\u00f3i<\/strong><\/h1>\n<p>[\/vc_column_text][vc_column_text css_animation=&#8221;fadeInUp&#8221; el_class=&#8221;medium&#8221;]<\/p>\n<h3><span style=\"color: #ffffff;\">Junte-se \u00e0 Ataway e ajude l\u00edderes globais a melhorar suas estrat\u00e9gias, tecnologia e opera\u00e7\u00f5es.<\/span><\/h3>\n<p>[\/vc_column_text][\/vc_column_inner][vc_column_inner width=&#8221;1\/2&#8243;][\/vc_column_inner][\/vc_row_inner][vc_empty_space height=&#8221;64px&#8221;][vc_icon type=&#8221;entypo&#8221; icon_entypo=&#8221;entypo-icon entypo-icon-down-open-big&#8221; color=&#8221;white&#8221; background_style=&#8221;rounded&#8221; background_color=&#8221;custom&#8221; size=&#8221;sm&#8221; align=&#8221;center&#8221; custom_background_color=&#8221;rgba(10,10,10,0.56)&#8221; el_class=&#8221;scroller-cursor-pointer&#8221;][\/vc_column][\/vc_row][vc_row full_width=&#8221;stretch_row&#8221; content_placement=&#8221;middle&#8221; parallax=&#8221;content-moving&#8221; css=&#8221;.vc_custom_1552963380056{padding-top: 30px !important;padding-bottom: 30px !important;background-color: #d47e2b !important;}&#8221;][vc_column][vc_column_text css_animation=&#8221;fadeInDown&#8221;]<\/p>\n<h1 style=\"text-align: left;\"><strong><span style=\"color: #fff;\">N\u00f3s acreditamos em<br \/>\nprojetos emocionantes.<\/span><\/strong><\/h1>\n<p>[\/vc_column_text][\/vc_column][\/vc_row][vc_row full_width=&#8221;stretch_row&#8221; content_placement=&#8221;middle&#8221; css=&#8221;.vc_custom_1552961918350{margin-top: 0px !important;background-color: #ffffff !important;}&#8221;][vc_column][vc_row_inner css=&#8221;.vc_custom_1552903423111{margin-top: 0px !important;margin-right: 0px !important;margin-bottom: 0px !important;margin-left: 0px !important;padding-top: 0px !important;padding-right: 0px !important;padding-bottom: 0px !important;padding-left: 0px !important;}&#8221;][vc_column_inner css=&#8221;.vc_custom_1552963900697{padding-right: 0px !important;padding-left: 0px !important;}&#8221;][vc_column_text css_animation=&#8221;fadeInDown&#8221; css=&#8221;.vc_custom_1557427062443{margin-bottom: 0px !important;}&#8221;]<\/p>\n<h1 style=\"text-align: left;\"><strong><span style=\"color: #333333;\">Com pessoas<br \/>\ntalentosas.<br \/>\n<\/span><\/strong><\/h1>\n<p>[\/vc_column_text][\/vc_column_inner][\/vc_row_inner][vc_row_inner equal_height=&#8221;yes&#8221; content_placement=&#8221;middle&#8221; gap=&#8221;10&#8243; css=&#8221;.vc_custom_1552963929899{margin-top: 0px !important;margin-bottom: 0px !important;padding-top: 0px !important;padding-right: 0px !important;padding-bottom: 0px !important;padding-left: 0px !important;}&#8221;][vc_column_inner width=&#8221;1\/3&#8243; css=&#8221;.vc_custom_1543476990494{padding-top: 10px !important;padding-right: 10px !important;padding-bottom: 10px !important;padding-left: 10px !important;background-position: center !important;background-repeat: no-repeat !important;background-size: cover !important;}&#8221;][vc_column_text css_animation=&#8221;fadeInUp&#8221; css=&#8221;.vc_custom_1557427155925{margin-bottom: 0px !important;padding-top: 32px !important;padding-right: 24px !important;padding-bottom: 32px !important;padding-left: 24px !important;background-color: rgba(255,255,255,0.8) !important;*background-color: rgb(255,255,255) !important;}&#8221; el_class=&#8221;small&#8221;]<\/p>\n<h4><img loading=\"lazy\" decoding=\"async\" class=\"alignnone wp-image-10444\" src=\"https:\/\/34.230.143.247\/wp-content\/uploads\/2019\/03\/Work-icon-passionate-1-294x300.png\" alt=\"\" width=\"40\" height=\"41\" srcset=\"https:\/\/www.ataway.com\/wp-content\/uploads\/2019\/03\/Work-icon-passionate-1-294x300.png 294w, https:\/\/www.ataway.com\/wp-content\/uploads\/2019\/03\/Work-icon-passionate-1-150x150.png 150w, https:\/\/www.ataway.com\/wp-content\/uploads\/2019\/03\/Work-icon-passionate-1-143x146.png 143w, https:\/\/www.ataway.com\/wp-content\/uploads\/2019\/03\/Work-icon-passionate-1-50x50.png 50w, https:\/\/www.ataway.com\/wp-content\/uploads\/2019\/03\/Work-icon-passionate-1-74x75.png 74w, https:\/\/www.ataway.com\/wp-content\/uploads\/2019\/03\/Work-icon-passionate-1-85x85.png 85w, https:\/\/www.ataway.com\/wp-content\/uploads\/2019\/03\/Work-icon-passionate-1-80x80.png 80w, https:\/\/www.ataway.com\/wp-content\/uploads\/2019\/03\/Work-icon-passionate-1.png 500w\" sizes=\"auto, (max-width:767px) 40px, 40px\" \/><br \/>\n<span style=\"color: #eb7932;\">PAIX\u00c3O<br \/>\n<\/span><strong><span style=\"color: #333333;\">Portanto<\/span><span style=\"color: #333333;\"> a divers\u00e3o nunca acaba<\/span><\/strong><span style=\"color: #333333;\"><br \/>\nTudo \u00e9 para nos certificarmos de que amamos fazer o que fazemos. No fundo, somos solucionadores de problemas e somos apaixonados por isso. Trazer a melhor solu\u00e7\u00e3o para nossos clientes \u00e9 a nossa emo\u00e7\u00e3o. E sabe de uma coisa? Toda vez que fazemos isso, estamos melhorando em faz\u00ea-lo!<br \/>\n<\/span><\/h4>\n<p>[\/vc_column_text][\/vc_column_inner][vc_column_inner width=&#8221;1\/3&#8243; css=&#8221;.vc_custom_1543476997944{padding-top: 10px !important;padding-right: 10px !important;padding-bottom: 10px !important;padding-left: 10px !important;background-position: center !important;background-repeat: no-repeat !important;background-size: cover !important;}&#8221;][vc_column_text css_animation=&#8221;fadeInUp&#8221; css=&#8221;.vc_custom_1557427211018{margin-bottom: 0px !important;padding-top: 32px !important;padding-right: 24px !important;padding-bottom: 32px !important;padding-left: 24px !important;background-color: rgba(255,255,255,0.8) !important;*background-color: rgb(255,255,255) !important;}&#8221; el_class=&#8221;small&#8221;]<\/p>\n<h4><img loading=\"lazy\" decoding=\"async\" class=\"alignnone wp-image-10436\" src=\"https:\/\/34.230.143.247\/wp-content\/uploads\/2019\/03\/Work-icon-positiviy-294x300.png\" alt=\"\" width=\"40\" height=\"41\" srcset=\"https:\/\/www.ataway.com\/wp-content\/uploads\/2019\/03\/Work-icon-positiviy-294x300.png 294w, https:\/\/www.ataway.com\/wp-content\/uploads\/2019\/03\/Work-icon-positiviy-150x150.png 150w, https:\/\/www.ataway.com\/wp-content\/uploads\/2019\/03\/Work-icon-positiviy-143x146.png 143w, https:\/\/www.ataway.com\/wp-content\/uploads\/2019\/03\/Work-icon-positiviy-50x50.png 50w, https:\/\/www.ataway.com\/wp-content\/uploads\/2019\/03\/Work-icon-positiviy-74x75.png 74w, https:\/\/www.ataway.com\/wp-content\/uploads\/2019\/03\/Work-icon-positiviy-85x85.png 85w, https:\/\/www.ataway.com\/wp-content\/uploads\/2019\/03\/Work-icon-positiviy-80x80.png 80w, https:\/\/www.ataway.com\/wp-content\/uploads\/2019\/03\/Work-icon-positiviy.png 500w\" sizes=\"auto, (max-width:767px) 40px, 40px\" \/><br \/>\n<span style=\"color: #eb7932;\">APRENDIZADO<br \/>\n<\/span><strong><span style=\"color: #333333;\">N\u00f3s<\/span><span style=\"color: #333333;\"> vamos chegar l\u00e1<\/span><\/strong><span style=\"color: #333333;\"><br \/>\nMuito para descobrir, muito para aprender. Como consultor, o aprendizado ser\u00e1 o seu of\u00edcio. Novas tecnologias, novos clientes, novas cidades. N\u00f3s vamos ensin\u00e1-lo a aprender continuamente e se sentir bem onde quer que v\u00e1. \u00c9 um mundo maravilhoso!<br \/>\n<\/span><\/h4>\n<p>[\/vc_column_text][\/vc_column_inner][vc_column_inner width=&#8221;1\/3&#8243; css=&#8221;.vc_custom_1543477009538{padding-top: 10px !important;padding-right: 10px !important;padding-bottom: 10px !important;padding-left: 10px !important;background-position: center !important;background-repeat: no-repeat !important;background-size: cover !important;}&#8221;][vc_column_text css_animation=&#8221;fadeInUp&#8221; css=&#8221;.vc_custom_1610641880722{margin-bottom: 0px !important;padding-top: 32px !important;padding-right: 24px !important;padding-bottom: 32px !important;padding-left: 24px !important;background-color: rgba(255,255,255,0.8) !important;*background-color: rgb(255,255,255) !important;}&#8221; el_class=&#8221;small&#8221;]<\/p>\n<h4><img loading=\"lazy\" decoding=\"async\" class=\"alignnone wp-image-10437\" src=\"https:\/\/34.230.143.247\/wp-content\/uploads\/2019\/03\/Work-icon-technology-294x300.png\" alt=\"\" width=\"40\" height=\"41\" srcset=\"https:\/\/www.ataway.com\/wp-content\/uploads\/2019\/03\/Work-icon-technology-294x300.png 294w, https:\/\/www.ataway.com\/wp-content\/uploads\/2019\/03\/Work-icon-technology-150x150.png 150w, https:\/\/www.ataway.com\/wp-content\/uploads\/2019\/03\/Work-icon-technology-143x146.png 143w, https:\/\/www.ataway.com\/wp-content\/uploads\/2019\/03\/Work-icon-technology-50x50.png 50w, https:\/\/www.ataway.com\/wp-content\/uploads\/2019\/03\/Work-icon-technology-74x75.png 74w, https:\/\/www.ataway.com\/wp-content\/uploads\/2019\/03\/Work-icon-technology-85x85.png 85w, https:\/\/www.ataway.com\/wp-content\/uploads\/2019\/03\/Work-icon-technology-80x80.png 80w, https:\/\/www.ataway.com\/wp-content\/uploads\/2019\/03\/Work-icon-technology.png 500w\" sizes=\"auto, (max-width:767px) 40px, 40px\" \/><br \/>\n<span style=\"color: #eb7932;\">INOVA\u00c7\u00c3O<\/span><br \/>\n<span style=\"color: #eb7932;\"><span style=\"color: #333333;\"><strong>Imagine o que vem pela frente<\/strong><br \/>\nTodos n\u00f3s j\u00e1 nos perguntamos: \u201cPor que foi projetado assim? Pode ser muito melhor \u201d. Bem, agora \u00e9 a sua vez. Seja inovador, ajude empresas globais a usarem a tecnologia de hoje para serem melhores.<br \/>\n<\/span><\/span><\/h4>\n<p>[\/vc_column_text][\/vc_column_inner][\/vc_row_inner][vc_row_inner css=&#8221;.vc_custom_1552903840802{margin-top: 0px !important;margin-right: 0px !important;margin-bottom: 0px !important;margin-left: 0px !important;padding-top: 0px !important;padding-right: 0px !important;padding-bottom: 0px !important;padding-left: 0px !important;}&#8221;][vc_column_inner][vc_empty_space height=&#8221;16px&#8221;][\/vc_column_inner][\/vc_row_inner][\/vc_column][\/vc_row][vc_row full_width=&#8221;stretch_row&#8221; full_height=&#8221;yes&#8221; content_placement=&#8221;middle&#8221; parallax=&#8221;content-moving&#8221; parallax_image=&#8221;11897&#8243; parallax_speed_bg=&#8221;1.3&#8243; el_class=&#8221;double-image-row-right&#8221;][vc_column][vc_empty_space height=&#8221;64&#8243;][vc_row_inner content_placement=&#8221;top&#8221;][vc_column_inner width=&#8221;1\/2&#8243;][\/vc_column_inner][vc_column_inner width=&#8221;1\/2&#8243;][vc_column_text css_animation=&#8221;fadeInDown&#8221;]<\/p>\n<h1 style=\"text-align: center;\"><span style=\"color: #ffffff;\">N\u00e3o estenda prazos, <\/span><\/h1>\n<h1 style=\"text-align: center;\"><strong><span style=\"color: #ffffff;\">estenda seus limites.<\/span><\/strong><\/h1>\n<p>[\/vc_column_text][vc_btn title=&#8221;CARREIRAS | Trabalhe no exterior, capacite, aprenda!&#8221; style=&#8221;outline&#8221; shape=&#8221;round&#8221; color=&#8221;white&#8221; size=&#8221;lg&#8221; align=&#8221;center&#8221; css_animation=&#8221;fadeInUp&#8221; button_block=&#8221;true&#8221; link=&#8221;url:https%3A%2F%2Fwww.linkedin.com%2Fcompany%2Fataway%2F||target:%20_blank|&#8221;][vc_btn title=&#8221;FA\u00c7A PARTE | Recrutamos pessoas apaixonadas.&#8221; style=&#8221;outline&#8221; shape=&#8221;round&#8221; color=&#8221;white&#8221; size=&#8221;lg&#8221; align=&#8221;center&#8221; css_animation=&#8221;fadeInUp&#8221; button_block=&#8221;true&#8221; link=&#8221;url:https%3A%2F%2Fwww.linkedin.com%2Fshowcase%2Fataway-brasil%2F||target:%20_blank|&#8221;][\/vc_column_inner][\/vc_row_inner][vc_empty_space height=&#8221;64&#8243;][\/vc_column][\/vc_row][vc_row full_width=&#8221;stretch_row&#8221; full_height=&#8221;yes&#8221; content_placement=&#8221;middle&#8221; parallax=&#8221;content-moving&#8221; parallax_image=&#8221;11890&#8243; css=&#8221;.vc_custom_1556821936790{background-color: #ffffff !important;}&#8221;][vc_column][vc_empty_space][vc_column_text css_animation=&#8221;fadeInDown&#8221;]<\/p>\n<h1 style=\"text-align: center;\"><span style=\"color: #333333;\">\u00c0s vezes n\u00f3s trabalhamos juntos, \u00e0s vezes n\u00f3s trabalhamos sozinhos, \u00e0s vezes em diferentes fusos hor\u00e1rios.<br \/>\n<strong><span style=\"color: #333333;\">N\u00f3s mantemos a magia viva 24\/7.<br \/>\n<\/span><\/strong><\/span><\/h1>\n<p>[\/vc_column_text][vc_empty_space height=&#8221;64&#8243;][vc_row_inner][vc_column_inner width=&#8221;1\/2&#8243;][\/vc_column_inner][vc_column_inner width=&#8221;1\/2&#8243;][vc_column_text css_animation=&#8221;fadeInDown&#8221; css=&#8221;.vc_custom_1557427681312{margin-bottom: 0px !important;}&#8221;]<\/p>\n<h1 style=\"text-align: center;\"><span style=\"color: #eb7932;\">Sua m\u00e3e ficar\u00e1<br \/>\norgulhosa.<\/span><\/h1>\n<p>[\/vc_column_text][vc_column_text css_animation=&#8221;fadeInUp&#8221;]<\/p>\n<p style=\"text-align: center;\"><span style=\"color: #333333;\"><div id=\"testimonial_rotator_wrap_11966\" class=\"testimonial_rotator_wrap with-prevnext \">\n\t<div id=\"testimonial_rotator_11966\" class=\"testimonial_rotator hreview-aggregate cycletwo-slideshow format-rotator template-longform\" data-cycletwo-timeout=\"5000\" data-cycletwo-speed=\"1000\" data-cycletwo-pause-on-hover=\"true\"  data-cycletwo-swipe=\"true\" data-cycletwo-fx=\"fade\" data-cycletwo-auto-height=\"calc\"  data-cycletwo-next=\"#testimonial_rotator_wrap_11966 .testimonial_rotator_next\" data-cycletwo-prev=\"#testimonial_rotator_wrap_11966 .testimonial_rotator_prev\" data-cycletwo-slides=\"> div.slide\" data-cycletwo-log=\"false\" >\n<div class=\"slide slide1 testimonial_rotator_slide hreview itemreviewed item  cf-tr\">\n<h2 class=\"testimonial_rotator_slide_title\"><\/h2>\n<div class=\"text testimonial_rotator_description\">\n<div class=\"testimonial_rotator_quote\">\n<span style=\"color: #33333;\">\"I was looking to find a company where I could learn and grow. I joined Ataway, and I am working on the latest technology from Oracle- Cloud Procurement! I am enjoying working with the Oracle Cloud products.\"<\/span><\/div>\n<hr class=\"longform_hr\"><div class=\"testimonial_rotator_author_info cf-tr\">\n<p><strong>SCM &amp; CRM Consultant at Ataway Argentina<\/strong><\/p>\n<\/div>\n<\/div>\n<div class=\"testimonial_rotator_microdata\">\n\t<div class=\"dtreviewed\"> 2018-10-31T15:46:59-03:00<\/div>\t<div class=\"reviewer\"> \t<div class=\"fn\"> <p><strong>SCM &amp; CRM Consultant at Ataway Argentina<\/strong><\/p>\n<\/div>\t<\/div>\"I was looking to find a company where I could learn and grow. I joined Ataway, and I am working on the latest technology from Oracle- Cloud Procurement! I am enjoying working with the Oracle Cloud products.\"\t<div class=\"summary\"> <\/div>\t<div class=\"permalink\"> https:\/\/www.ataway.com\/pt-br\/testimonials\/opportunity-to-learn-and-grow\/<\/div><\/div> <!-- .testimonial_rotator_microdata -->\n<\/div>\n<div class=\"slide slide2 testimonial_rotator_slide hreview itemreviewed item  cf-tr\">\n<h2 class=\"testimonial_rotator_slide_title\"><\/h2>\n<div class=\"text testimonial_rotator_description\">\n<div class=\"testimonial_rotator_quote\">\n<span style=\"color: #33333;\">\"Within the time of working here, I have had the opportunity to work with a lot of different people.\"<\/span><\/div>\n<hr class=\"longform_hr\"><div class=\"testimonial_rotator_author_info cf-tr\">\n<p>Global\u00a0Finance Associate at Ataway China<\/p>\n<\/div>\n<\/div>\n<div class=\"testimonial_rotator_microdata\">\n\t<div class=\"dtreviewed\"> 2018-10-31T15:44:19-03:00<\/div>\t<div class=\"reviewer\"> \t<div class=\"fn\"> <p>Global\u00a0Finance Associate at Ataway China<\/p>\n<\/div>\t<\/div>\"Within the time of working here, I have had the opportunity to work with a lot of different people.\"\t<div class=\"summary\"> <\/div>\t<div class=\"permalink\"> https:\/\/www.ataway.com\/pt-br\/testimonials\/opportunity-to-work-with-a-lot-of-people\/<\/div><\/div> <!-- .testimonial_rotator_microdata -->\n<\/div>\n<div class=\"slide slide3 testimonial_rotator_slide hreview itemreviewed item  cf-tr\">\n<h2 class=\"testimonial_rotator_slide_title\"><\/h2>\n<div class=\"text testimonial_rotator_description\">\n<div class=\"testimonial_rotator_quote\">\n<span style=\"color: #333333;\">\"Ataway is a great company that is transparent, collaborative and proactive, and provides excellent opportunities for development and growth. I'm appreciative to have so many opportunities to develop myself in many aspects and to lead the team to support business operations in order to achieve our goals. It is really tough, but a worthy and priceless experience.\"<\/span><\/div>\n<hr class=\"longform_hr\"><div class=\"testimonial_rotator_author_info cf-tr\">\n<p>Senior Operations Manager at Ataway China<\/p>\n<\/div>\n<\/div>\n<div class=\"testimonial_rotator_microdata\">\n\t<div class=\"dtreviewed\"> 2018-10-31T13:58:19-03:00<\/div>\t<div class=\"reviewer\"> \t<div class=\"fn\"> <p>Senior Operations Manager at Ataway China<\/p>\n<\/div>\t<\/div>\"Ataway is a great company that is transparent, collaborative and proactive, and provides excellent opportunities for development and growth. I'm appreciative to have so many opportunities to develop myself in many aspects and to lead the team to support business operations in order to achieve our goals. It is really tough, but a worthy and priceless experience.\"\t<div class=\"summary\"> <\/div>\t<div class=\"permalink\"> https:\/\/www.ataway.com\/pt-br\/testimonials\/worthy-and-priceless-experience\/<\/div><\/div> <!-- .testimonial_rotator_microdata -->\n<\/div>\n<div class=\"slide slide4 testimonial_rotator_slide hreview itemreviewed item  cf-tr\">\n<h2 class=\"testimonial_rotator_slide_title\"><\/h2>\n<div class=\"text testimonial_rotator_description\">\n<div class=\"testimonial_rotator_quote\">\n\"Ataway is an amazing place to work. The peer group is excellent and the opportunity to learn is really great. I love working at Ataway and would strongly recommend Ataway for people who have big goals in their professional life.\"<\/div>\n<hr class=\"longform_hr\"><div class=\"testimonial_rotator_author_info cf-tr\">\n<p>PeopleSoft Financial Consultant at Ataway Argentina<\/p>\n<\/div>\n<\/div>\n<div class=\"testimonial_rotator_microdata\">\n\t<div class=\"dtreviewed\"> 2018-10-31T13:54:16-03:00<\/div>\t<div class=\"reviewer\"> \t<div class=\"fn\"> <p>PeopleSoft Financial Consultant at Ataway Argentina<\/p>\n<\/div>\t<\/div>\"Ataway is an amazing place to work. The peer group is excellent and the opportunity to learn is really great. I love working at Ataway and would strongly recommend Ataway for people who have big goals in their professional life.\"\t<div class=\"summary\"> <\/div>\t<div class=\"permalink\"> https:\/\/www.ataway.com\/pt-br\/testimonials\/amazing-place-to-work\/<\/div><\/div> <!-- .testimonial_rotator_microdata -->\n<\/div>\n<div class=\"slide slide5 testimonial_rotator_slide hreview itemreviewed item  cf-tr\">\n<h2 class=\"testimonial_rotator_slide_title\"><\/h2>\n<div class=\"text testimonial_rotator_description\">\n<div class=\"testimonial_rotator_quote\">\n<span style=\"color: #333333;\">\"The Ataway team is truly a global network of experts. Sharing the knowledge and expertise between our international teams helps me to grow and bring out a different side of me.\"<\/span><\/div>\n<hr class=\"longform_hr\"><div class=\"testimonial_rotator_author_info cf-tr\">\n<p>Business Analyst at Ataway Japan<\/p>\n<\/div>\n<\/div>\n<div class=\"testimonial_rotator_microdata\">\n\t<div class=\"dtreviewed\"> 2018-10-31T13:51:39-03:00<\/div>\t<div class=\"reviewer\"> \t<div class=\"fn\"> <p>Business Analyst at Ataway Japan<\/p>\n<\/div>\t<\/div>\"The Ataway team is truly a global network of experts. Sharing the knowledge and expertise between our international teams helps me to grow and bring out a different side of me.\"\t<div class=\"summary\"> <\/div>\t<div class=\"permalink\"> https:\/\/www.ataway.com\/pt-br\/testimonials\/what-our-people-say-about-working-here-2\/<\/div><\/div> <!-- .testimonial_rotator_microdata -->\n<\/div>\n<div class=\"slide slide6 testimonial_rotator_slide hreview itemreviewed item  cf-tr\">\n<h2 class=\"testimonial_rotator_slide_title\"><\/h2>\n<div class=\"text testimonial_rotator_description\">\n<div class=\"testimonial_rotator_quote\">\n<span style=\"color: #333333;\">\"I think more than a workplace, Ataway is a family environment where you grow up professionally and as a person.\"<\/span><\/div>\n<hr class=\"longform_hr\"><div class=\"testimonial_rotator_author_info cf-tr\">\n<p>Technical Leader at Ataway Mexico<\/p>\n<\/div>\n<\/div>\n<div class=\"testimonial_rotator_microdata\">\n\t<div class=\"dtreviewed\"> 2018-10-31T13:47:50-03:00<\/div>\t<div class=\"reviewer\"> \t<div class=\"fn\"> <p>Technical Leader at Ataway Mexico<\/p>\n<\/div>\t<\/div>\"I think more than a workplace, Ataway is a family environment where you grow up professionally and as a person.\"\t<div class=\"summary\"> <\/div>\t<div class=\"permalink\"> https:\/\/www.ataway.com\/pt-br\/testimonials\/our-people-say-out-ataway\/<\/div><\/div> <!-- .testimonial_rotator_microdata -->\n<\/div>\n<\/div><!-- #testimonial_rotator_11966 -->\n<div class=\"testimonial_rotator_nav\">\t<div class=\"testimonial_rotator_prev\"><i class=\"fa fa-chevron-left\"><\/i><\/div>\t<div class=\"testimonial_rotator_next\"><i class=\"fa fa-chevron-right\"><\/i><\/div><\/div>\n<\/div><!-- .testimonial_rotator_wrap -->\n\n<\/span><\/p>\n<p>[\/vc_column_text][\/vc_column_inner][\/vc_row_inner][\/vc_column][\/vc_row]<\/p>\n<\/div>","protected":false},"excerpt":{"rendered":"<p>[vc_row full_width=&#8221;stretch_row&#8221; full_height=&#8221;yes&#8221; content_placement=&#8221;middle&#8221; parallax=&#8221;content-moving&#8221; parallax_image=&#8221;11887&#8243;][vc_column][vc_empty_space height=&#8221;64&#8243;][vc_row_inner][vc_column_inner width=&#8221;1\/2&#8243;][vc_empty_space height=&#8221;16px&#8221;][vc_column_text css_animation=&#8221;fadeInDown&#8221;] Voc\u00ea n\u00e3o precisa voar para se tornar nosso super-her\u00f3i [\/vc_column_text][vc_column_text css_animation=&#8221;fadeInUp&#8221; el_class=&#8221;medium&#8221;] Junte-se \u00e0 Ataway e<span class=\"excerpt-hellip\"> [\u2026]<\/span><\/p>\n","protected":false},"author":6,"featured_media":0,"parent":0,"menu_order":0,"comment_status":"closed","ping_status":"closed","template":"","meta":{"footnotes":""},"class_list":["post-11852","page","type-page","status-publish","hentry"],"_links":{"self":[{"href":"https:\/\/www.ataway.com\/pt-br\/wp-json\/wp\/v2\/pages\/11852","targetHints":{"allow":["GET"]}}],"collection":[{"href":"https:\/\/www.ataway.com\/pt-br\/wp-json\/wp\/v2\/pages"}],"about":[{"href":"https:\/\/www.ataway.com\/pt-br\/wp-json\/wp\/v2\/types\/page"}],"author":[{"embeddable":true,"href":"https:\/\/www.ataway.com\/pt-br\/wp-json\/wp\/v2\/users\/6"}],"replies":[{"embeddable":true,"href":"https:\/\/www.ataway.com\/pt-br\/wp-json\/wp\/v2\/comments?post=11852"}],"version-history":[{"count":7,"href":"https:\/\/www.ataway.com\/pt-br\/wp-json\/wp\/v2\/pages\/11852\/revisions"}],"predecessor-version":[{"id":13831,"href":"https:\/\/www.ataway.com\/pt-br\/wp-json\/wp\/v2\/pages\/11852\/revisions\/13831"}],"wp:attachment":[{"href":"https:\/\/www.ataway.com\/pt-br\/wp-json\/wp\/v2\/media?parent=11852"}],"curies":[{"name":"wp","href":"https:\/\/api.w.org\/{rel}","templated":true}]}}