{"id":11815,"date":"2019-05-02T12:14:58","date_gmt":"2019-05-02T15:14:58","guid":{"rendered":"http:\/\/www.ataway.com\/?page_id=11815"},"modified":"2021-03-08T11:18:56","modified_gmt":"2021-03-08T14:18:56","slug":"descubra","status":"publish","type":"page","link":"https:\/\/www.ataway.com\/pt-br\/descubra\/","title":{"rendered":"Discover"},"content":{"rendered":"<div class=\"wpb-content-wrapper\"><p>[vc_row full_width=&#8221;stretch_row&#8221; full_height=&#8221;yes&#8221; content_placement=&#8221;middle&#8221; parallax=&#8221;content-moving&#8221; parallax_image=&#8221;11907&#8243;][vc_column][vc_empty_space height=&#8221;100&#8243;][vc_row_inner content_placement=&#8221;middle&#8221;][vc_column_inner][vc_column_text css_animation=&#8221;fadeInDown&#8221;]<\/p>\n<h1 style=\"text-align: left;\">Problemas complexos.<\/h1>\n<h1><strong>Solu\u00e7\u00f5es adapt\u00e1veis.<\/strong><\/h1>\n<p>[\/vc_column_text][vc_column_text css_animation=&#8221;fadeInUp&#8221; css=&#8221;.vc_custom_1557424093072{padding-bottom: 32px !important;}&#8221; el_class=&#8221;medium&#8221;]<\/p>\n<h3><span style=\"color: #ffffff;\">N\u00f3s trazemos nossa expertise, experi\u00eancia,<br \/>\ninfraestrutura e paix\u00e3o para a mesa.<br \/>\nMais importante, nos tornamos seu parceiro,<br \/>\ntrabalhando como uma equipe em seus projetos.<\/span><\/h3>\n<p>[\/vc_column_text][\/vc_column_inner][\/vc_row_inner][vc_icon type=&#8221;entypo&#8221; icon_entypo=&#8221;entypo-icon entypo-icon-down-open-big&#8221; color=&#8221;custom&#8221; background_style=&#8221;rounded&#8221; background_color=&#8221;custom&#8221; size=&#8221;sm&#8221; align=&#8221;center&#8221; custom_color=&#8221;rgba(255,255,255,0.56)&#8221; custom_background_color=&#8221;rgba(10,10,10,0.56)&#8221; el_class=&#8221;scroller-cursor-pointer&#8221;][vc_empty_space height=&#8221;8px&#8221;][\/vc_column][\/vc_row][vc_row full_width=&#8221;stretch_row&#8221; full_height=&#8221;yes&#8221; content_placement=&#8221;middle&#8221; css=&#8221;.vc_custom_1551942447082{background-color: #ffffff !important;}&#8221; el_id=&#8221;scroller-second-frame&#8221;][vc_column][vc_empty_space height=&#8221;32&#8243;][vc_column_text css_animation=&#8221;fadeInDown&#8221;]<\/p>\n<h1 style=\"text-align: center;\"><span style=\"color: #333333;\">Fundada em 2000 em Paris, a Ataway tem focado desde o in\u00edcio na constru\u00e7\u00e3o em relacionamentos de longo prazo com seus clientes.<strong> Nossa miss\u00e3o \u00e9 levar o seu neg\u00f3cio para o pr\u00f3ximo n\u00edvel.<br \/>\n<\/strong><\/span><\/h1>\n<p>[\/vc_column_text][vc_empty_space height=&#8221;64&#8243;][vc_column_text css_animation=&#8221;fadeInDown&#8221; el_class=&#8221;medium&#8221;]<\/p>\n<h1 style=\"text-align: center;\"><span style=\"color: #333333;\">Uma hist\u00f3ria de sucesso.<\/span><strong><span style=\"color: #333333;\"><strong> Parcerias Globais.<\/strong><\/span><\/strong><\/h1>\n<h3 style=\"text-align: center; color: #333333;\">Esfor\u00e7amos para nos tornarmos os melhores parceiros de todos os tempos.<br \/>\nN\u00f3s certamente agradecemos por sua confian\u00e7a.<br \/>\nN\u00f3s vamos faz\u00ea-los orgulhosos!<\/h3>\n<p>[\/vc_column_text][vc_empty_space height=&#8221;32&#8243;][vc_row_inner content_placement=&#8221;middle&#8221;][vc_column_inner width=&#8221;1\/4&#8243;][vc_single_image image=&#8221;9868&#8243; img_size=&#8221;240&#215;110&#8243; alignment=&#8221;center&#8221; onclick=&#8221;custom_link&#8221; img_link_target=&#8221;_blank&#8221; css_animation=&#8221;fadeInUp&#8221; link=&#8221;https:\/\/www.automationanywhere.com\/&#8221;][\/vc_column_inner][vc_column_inner width=&#8221;1\/4&#8243;][vc_single_image image=&#8221;13936&#8243; img_size=&#8221;150&#215;100&#8243; alignment=&#8221;center&#8221; onclick=&#8221;custom_link&#8221; img_link_target=&#8221;_blank&#8221; css_animation=&#8221;fadeInUp&#8221; link=&#8221;https:\/\/www.kronos.com&#8221;][\/vc_column_inner][vc_column_inner width=&#8221;1\/4&#8243;][vc_single_image image=&#8221;9866&#8243; img_size=&#8221;240&#215;110&#8243; alignment=&#8221;center&#8221; onclick=&#8221;custom_link&#8221; img_link_target=&#8221;_blank&#8221; css_animation=&#8221;fadeInUp&#8221; link=&#8221;https:\/\/www.oracle.com\/index.html&#8221;][\/vc_column_inner][vc_column_inner width=&#8221;1\/4&#8243;][vc_single_image image=&#8221;9865&#8243; img_size=&#8221;180&#215;98&#8243; alignment=&#8221;center&#8221; onclick=&#8221;custom_link&#8221; img_link_target=&#8221;_blank&#8221; css_animation=&#8221;fadeInUp&#8221; link=&#8221;https:\/\/www.sap.com\/index.html&#8221;][\/vc_column_inner][\/vc_row_inner][vc_empty_space height=&#8221;64&#8243;][\/vc_column][\/vc_row][vc_row full_width=&#8221;stretch_row_content&#8221; equal_height=&#8221;yes&#8221; content_placement=&#8221;middle&#8221; parallax=&#8221;content-moving&#8221; parallax_image=&#8221;10987&#8243; css=&#8221;.vc_custom_1553181248480{margin-top: 0px !important;margin-bottom: 0px !important;border-top-width: 0px !important;border-bottom-width: 0px !important;padding-top: 0px !important;padding-bottom: 0px !important;}&#8221; el_class=&#8221;double-image-row-left&#8221;][vc_column][vc_row_inner equal_height=&#8221;yes&#8221; content_placement=&#8221;middle&#8221;][vc_column_inner el_class=&#8221;case-studies-testimonial-rotator&#8221; width=&#8221;1\/2&#8243;][vc_empty_space][vc_column_text css_animation=&#8221;fadeInDown&#8221; el_class=&#8221;medium&#8221; css=&#8221;.vc_custom_1557424134215{margin-bottom: 48px !important;}&#8221;]<\/p>\n<h1 style=\"text-align: center;\"><span style=\"color: #ffffff;\">Nossa \u00faltima\u00a0<strong>solu\u00e7\u00e3o Inovadora.<\/strong><\/span><\/h1>\n<p>[\/vc_column_text][vc_column_text css_animation=&#8221;fadeInUp&#8221; el_class=&#8221;white-font-color&#8221;]<\/p>\n<p style=\"text-align: center;\"><div id=\"testimonial_rotator_wrap_11976\" class=\"testimonial_rotator_wrap with-prevnext \">\n\t<div id=\"testimonial_rotator_11976\" class=\"testimonial_rotator hreview-aggregate cycletwo-slideshow format-rotator template-longform\" data-cycletwo-timeout=\"5000\" data-cycletwo-speed=\"1000\" data-cycletwo-pause-on-hover=\"true\"  data-cycletwo-swipe=\"true\" data-cycletwo-fx=\"fade\" data-cycletwo-auto-height=\"calc\"  data-cycletwo-next=\"#testimonial_rotator_wrap_11976 .testimonial_rotator_next\" data-cycletwo-prev=\"#testimonial_rotator_wrap_11976 .testimonial_rotator_prev\" data-cycletwo-slides=\"> div.slide\" data-cycletwo-log=\"false\" >\n<div class=\"slide slide1 testimonial_rotator_slide hreview itemreviewed item  cf-tr\">\n<h2 class=\"testimonial_rotator_slide_title\"><\/h2>\n<div class=\"text testimonial_rotator_description\">\n<div class=\"testimonial_rotator_quote\">\n<p style=\"text-align: center;\"><span style=\"color: #333333;\"><strong>Industry:<\/strong> Healthcare. Digital Imaging + Machine Learning + AI + Bots combined to reduce supplier invoices processing cost by 60%. From unstructured data straight to the finance system, fully automated. 90% straight through processing delivered after a 3 weeks project.<\/span><\/p><\/div>\n<hr class=\"longform_hr\"><div class=\"testimonial_rotator_author_info cf-tr\">\n<p><strong><span style=\"color: #333333;\">Robotic Process Automation &amp; AI<\/span><\/strong><\/p>\n<\/div>\n<\/div>\n<div class=\"testimonial_rotator_microdata\">\n\t<div class=\"dtreviewed\"> 2019-03-18T16:42:03-03:00<\/div>\t<div class=\"reviewer\"> \t<div class=\"fn\"> <p><strong><span style=\"color: #333333;\">Robotic Process Automation &amp; AI<\/span><\/strong><\/p>\n<\/div>\t<\/div>Industry: Healthcare. Digital Imaging + Machine Learning + AI + Bots combined to reduce supplier invoices processing cost by 60%. From unstructured data straight to the finance system, fully automated. 90% straight through processing delivered after a 3 weeks project.\t<div class=\"summary\"> <\/div>\t<div class=\"permalink\"> https:\/\/www.ataway.com\/pt-br\/testimonials\/rpa-and-ai\/<\/div><\/div> <!-- .testimonial_rotator_microdata -->\n<\/div>\n<\/div><!-- #testimonial_rotator_11976 -->\n<\/div><!-- .testimonial_rotator_wrap -->\n\n<\/p>\n<p>[\/vc_column_text][\/vc_column_inner][vc_column_inner width=&#8221;1\/2&#8243; css=&#8221;.vc_custom_1553172822846{background-color: #ffffff !important;}&#8221; offset=&#8221;vc_hidden-xs&#8221;][vc_single_image image=&#8221;10971&#8243; img_size=&#8221;full&#8221;][\/vc_column_inner][\/vc_row_inner][\/vc_column][\/vc_row][vc_row full_width=&#8221;stretch_row&#8221; full_height=&#8221;yes&#8221; content_placement=&#8221;middle&#8221; parallax=&#8221;content-moving&#8221; css=&#8221;.vc_custom_1551946389935{background-color: #ffffff !important;}&#8221;][vc_column][vc_empty_space height=&#8221;32&#8243;][vc_row_inner content_placement=&#8221;top&#8221; css=&#8221;.vc_custom_1552903262759{margin-bottom: 0px !important;}&#8221;][vc_column_inner][vc_column_text css_animation=&#8221;fadeInDown&#8221; el_class=&#8221;medium&#8221; css=&#8221;.vc_custom_1557423906611{margin-bottom: 48px !important;}&#8221;]<\/p>\n<h1 style=\"text-align: center;\"><strong><span style=\"color: #333333;\">Top 3 das milhares de coisas que acreditamos.<\/span><\/strong><\/h1>\n<p>[\/vc_column_text][\/vc_column_inner][\/vc_row_inner][vc_row_inner][vc_column_inner width=&#8221;1\/3&#8243;][vc_column_text css_animation=&#8221;fadeInUp&#8221; el_class=&#8221;small&#8221;]<\/p>\n<h4><img loading=\"lazy\" decoding=\"async\" class=\"alignnone wp-image-10427\" src=\"https:\/\/34.230.143.247\/wp-content\/uploads\/2019\/03\/Discover-icon-team-work-294x300.png\" alt=\"\" width=\"40\" height=\"41\" srcset=\"https:\/\/www.ataway.com\/wp-content\/uploads\/2019\/03\/Discover-icon-team-work-294x300.png 294w, https:\/\/www.ataway.com\/wp-content\/uploads\/2019\/03\/Discover-icon-team-work-150x150.png 150w, https:\/\/www.ataway.com\/wp-content\/uploads\/2019\/03\/Discover-icon-team-work-143x146.png 143w, https:\/\/www.ataway.com\/wp-content\/uploads\/2019\/03\/Discover-icon-team-work-50x50.png 50w, https:\/\/www.ataway.com\/wp-content\/uploads\/2019\/03\/Discover-icon-team-work-74x75.png 74w, https:\/\/www.ataway.com\/wp-content\/uploads\/2019\/03\/Discover-icon-team-work-85x85.png 85w, https:\/\/www.ataway.com\/wp-content\/uploads\/2019\/03\/Discover-icon-team-work-80x80.png 80w, https:\/\/www.ataway.com\/wp-content\/uploads\/2019\/03\/Discover-icon-team-work.png 500w\" sizes=\"auto, (max-width:767px) 40px, 40px\" \/><br \/>\n<span style=\"color: #eb7932;\">TRABALHO EM EQUIPE<br \/>\n<strong><span style=\"color: #333333;\">Um por todos e todos por um.<\/span><\/strong><\/span><br \/>\nTrabalhar conosco significa que voc\u00ea pode ter mais de 3 mosqueteiros. Como Mosqueteiros, n\u00f3s cuidamos um do outro, mas tamb\u00e9m vamos ficar com voc\u00ea, n\u00e3o importa o que, trabalhando como uma equipe.<\/h4>\n<p>[\/vc_column_text][\/vc_column_inner][vc_column_inner width=&#8221;1\/3&#8243;][vc_column_text css_animation=&#8221;fadeInUp&#8221; el_class=&#8221;small&#8221;]<\/p>\n<h4><img loading=\"lazy\" decoding=\"async\" class=\"alignnone wp-image-10429\" src=\"https:\/\/34.230.143.247\/wp-content\/uploads\/2019\/03\/Discover-icon-individuality-294x300.png\" alt=\"\" width=\"40\" height=\"41\" srcset=\"https:\/\/www.ataway.com\/wp-content\/uploads\/2019\/03\/Discover-icon-individuality-294x300.png 294w, https:\/\/www.ataway.com\/wp-content\/uploads\/2019\/03\/Discover-icon-individuality-150x150.png 150w, https:\/\/www.ataway.com\/wp-content\/uploads\/2019\/03\/Discover-icon-individuality-143x146.png 143w, https:\/\/www.ataway.com\/wp-content\/uploads\/2019\/03\/Discover-icon-individuality-50x50.png 50w, https:\/\/www.ataway.com\/wp-content\/uploads\/2019\/03\/Discover-icon-individuality-74x75.png 74w, https:\/\/www.ataway.com\/wp-content\/uploads\/2019\/03\/Discover-icon-individuality-85x85.png 85w, https:\/\/www.ataway.com\/wp-content\/uploads\/2019\/03\/Discover-icon-individuality-80x80.png 80w, https:\/\/www.ataway.com\/wp-content\/uploads\/2019\/03\/Discover-icon-individuality.png 500w\" sizes=\"auto, (max-width:767px) 40px, 40px\" \/><br \/>\n<span style=\"color: #eb7932;\">INCLUS\u00c3O<br \/>\n<strong><span style=\"color: #333333;\">Venha como voc\u00ea \u00e9.<\/span><\/strong><\/span><br \/>\nNossos mosqueteiros v\u00eam em todas as formas e tamanhos. N\u00f3s nos valorizamos em nutrir talentos em um ambiente respeitoso. Mesmas chances para todos. Ent\u00e3o, n\u00e3o se preocupe mais, apenas aponte para as estrelas!<\/h4>\n<p>[\/vc_column_text][\/vc_column_inner][vc_column_inner width=&#8221;1\/3&#8243;][vc_column_text css_animation=&#8221;fadeInUp&#8221; el_class=&#8221;small&#8221;]<\/p>\n<h4><img loading=\"lazy\" decoding=\"async\" class=\"alignnone wp-image-10944\" src=\"https:\/\/www.ataway.com\/wp-content\/uploads\/2019\/03\/Discover-icon-community-294x300.png\" alt=\"\" width=\"40\" height=\"41\" srcset=\"https:\/\/www.ataway.com\/wp-content\/uploads\/2019\/03\/Discover-icon-community-294x300.png 294w, https:\/\/www.ataway.com\/wp-content\/uploads\/2019\/03\/Discover-icon-community-150x150.png 150w, https:\/\/www.ataway.com\/wp-content\/uploads\/2019\/03\/Discover-icon-community-143x146.png 143w, https:\/\/www.ataway.com\/wp-content\/uploads\/2019\/03\/Discover-icon-community-50x50.png 50w, https:\/\/www.ataway.com\/wp-content\/uploads\/2019\/03\/Discover-icon-community-74x75.png 74w, https:\/\/www.ataway.com\/wp-content\/uploads\/2019\/03\/Discover-icon-community-85x85.png 85w, https:\/\/www.ataway.com\/wp-content\/uploads\/2019\/03\/Discover-icon-community-80x80.png 80w, https:\/\/www.ataway.com\/wp-content\/uploads\/2019\/03\/Discover-icon-community.png 500w\" sizes=\"auto, (max-width:767px) 40px, 40px\" \/><br \/>\n<span style=\"color: #eb7932;\">COMUNIDADE<br \/>\n<strong><span style=\"color: #333333;\">Porque nos importamos.<\/span><\/strong><\/span><br \/>\nGostamos de dar tudo aos nossos clientes, mas tamb\u00e9m gostamos de retribuir \u00e0s nossas comunidades. Voc\u00ea pode nos ver um dia recolhendo roupas ou limpando um parque. Quando voc\u00ea fizer isso, junte-se a n\u00f3s! Como n\u00f3s, voc\u00ea se sentir\u00e1 bem e far\u00e1 o bem ao mesmo tempo.<\/h4>\n<p>[\/vc_column_text][\/vc_column_inner][\/vc_row_inner][vc_empty_space height=&#8221;64&#8243;][\/vc_column][\/vc_row]<\/p>\n<\/div>","protected":false},"excerpt":{"rendered":"<p>[vc_row full_width=&#8221;stretch_row&#8221; full_height=&#8221;yes&#8221; content_placement=&#8221;middle&#8221; parallax=&#8221;content-moving&#8221; parallax_image=&#8221;11907&#8243;][vc_column][vc_empty_space height=&#8221;100&#8243;][vc_row_inner content_placement=&#8221;middle&#8221;][vc_column_inner][vc_column_text css_animation=&#8221;fadeInDown&#8221;] Problemas complexos. Solu\u00e7\u00f5es adapt\u00e1veis. [\/vc_column_text][vc_column_text css_animation=&#8221;fadeInUp&#8221; css=&#8221;.vc_custom_1557424093072{padding-bottom: 32px !important;}&#8221; el_class=&#8221;medium&#8221;] N\u00f3s trazemos nossa expertise, experi\u00eancia, infraestrutura e<span class=\"excerpt-hellip\"> [\u2026]<\/span><\/p>\n","protected":false},"author":6,"featured_media":0,"parent":0,"menu_order":0,"comment_status":"closed","ping_status":"closed","template":"","meta":{"footnotes":""},"class_list":["post-11815","page","type-page","status-publish","hentry"],"_links":{"self":[{"href":"https:\/\/www.ataway.com\/pt-br\/wp-json\/wp\/v2\/pages\/11815","targetHints":{"allow":["GET"]}}],"collection":[{"href":"https:\/\/www.ataway.com\/pt-br\/wp-json\/wp\/v2\/pages"}],"about":[{"href":"https:\/\/www.ataway.com\/pt-br\/wp-json\/wp\/v2\/types\/page"}],"author":[{"embeddable":true,"href":"https:\/\/www.ataway.com\/pt-br\/wp-json\/wp\/v2\/users\/6"}],"replies":[{"embeddable":true,"href":"https:\/\/www.ataway.com\/pt-br\/wp-json\/wp\/v2\/comments?post=11815"}],"version-history":[{"count":8,"href":"https:\/\/www.ataway.com\/pt-br\/wp-json\/wp\/v2\/pages\/11815\/revisions"}],"predecessor-version":[{"id":13945,"href":"https:\/\/www.ataway.com\/pt-br\/wp-json\/wp\/v2\/pages\/11815\/revisions\/13945"}],"wp:attachment":[{"href":"https:\/\/www.ataway.com\/pt-br\/wp-json\/wp\/v2\/media?parent=11815"}],"curies":[{"name":"wp","href":"https:\/\/api.w.org\/{rel}","templated":true}]}}