{"id":10286,"date":"2019-03-05T12:22:20","date_gmt":"2019-03-05T03:22:20","guid":{"rendered":"http:\/\/34.230.143.247\/?page_id=10286"},"modified":"2026-04-07T15:20:42","modified_gmt":"2026-04-07T18:20:42","slug":"home","status":"publish","type":"page","link":"https:\/\/www.ataway.com\/pt-br\/","title":{"rendered":"Home"},"content":{"rendered":"<div class=\"wpb-content-wrapper\"><p>[vc_row full_width=&#8221;stretch_row&#8221; content_placement=&#8221;middle&#8221; css=&#8221;.vc_custom_1534136249431{margin-bottom: -50px !important;}&#8221;][vc_column][vc_column_text]\n\t\t\t<!-- START SliderHomeNewPTBR REVOLUTION SLIDER 6.6.19 --><p class=\"rs-p-wp-fix\"><\/p>\n\t\t\t<rs-module-wrap id=\"rev_slider_49_1_wrapper\" data-source=\"gallery\" style=\"visibility:hidden;background:transparent;padding:0;\">\n\t\t\t\t<rs-module id=\"rev_slider_49_1\" style=\"\" data-version=\"6.6.19\">\n\t\t\t\t\t<rs-slides style=\"overflow: hidden; position: absolute;\">\n\t\t\t\t\t\t<rs-slide style=\"position: absolute;\" data-key=\"rs-200\" data-title=\"Sao Paulo\" data-duration=\"12000\" data-anim=\"adpr:false;\" data-in=\"o:0;\" data-out=\"a:false;\">\n\t\t\t\t\t\t\t<img decoding=\"async\" src=\"\/\/www.ataway.com\/wp-content\/plugins\/revslider\/public\/assets\/assets\/dummy.png\" alt=\"Sao Paulo\" title=\"Home\" class=\"rev-slidebg tp-rs-img rs-lazyload\" data-lazyload=\"\/\/www.ataway.com\/wp-content\/plugins\/revslider\/public\/assets\/assets\/transparent.png\" data-parallax=\"off\" data-no-retina>\n<!--\n\t\t\t\t\t\t\t--><rs-layer\n\t\t\t\t\t\t\t\tid=\"slider-49-slide-200-layer-10\" \n\t\t\t\t\t\t\t\tclass=\"rs-fsv rs-nolc rs-layer-video intrinsic-ignore\"\n\t\t\t\t\t\t\t\tdata-type=\"video\"\n\t\t\t\t\t\t\t\tdata-rsp_ch=\"on\"\n\t\t\t\t\t\t\t\tdata-xy=\"x:0;y:0;\"\n\t\t\t\t\t\t\t\tdata-text=\"l:22;a:inherit;\"\n\t\t\t\t\t\t\t\tdata-dim=\"w:100%;h:100%;\"\n\t\t\t\t\t\t\t\tdata-basealign=\"slide\"\n\t\t\t\t\t\t\t\tdata-video=\"vfc:true;vd:0;fc:true;l:false;ptimer:false;sav:f;\"\n\t\t\t\t\t\t\t\tdata-poster=\"\/\/www.ataway.com\/wp-content\/uploads\/revslider\/video-media\/vid-sao-paulo-brazil_200_layer.jpeg\"\n\t\t\t\t\t\t\t\tdata-mp4=\"\/\/www.ataway.com\/wp-content\/uploads\/2018\/11\/vid-sao-paulo-brazil.mp4\"\n\t\t\t\t\t\t\t\tdata-frame_1=\"st:600;sp:1000;sR:600;\"\n\t\t\t\t\t\t\t\tdata-frame_999=\"o:0;st:w;sp:2000;sR:10400.000610352;\"\n\t\t\t\t\t\t\t\tstyle=\"z-index:5;\"\n\t\t\t\t\t\t\t>\n\t\t\t\t\t\t\t<\/rs-layer><!--\n-->\t\t\t\t\t\t<\/rs-slide>\n\t\t\t\t\t\t<rs-slide style=\"position: absolute;\" data-key=\"rs-264\" data-title=\"Sao Paulo\" data-duration=\"12000\" data-anim=\"adpr:false;\" data-in=\"o:0;\" data-out=\"a:false;\">\n\t\t\t\t\t\t\t<img decoding=\"async\" src=\"\/\/www.ataway.com\/wp-content\/plugins\/revslider\/public\/assets\/assets\/dummy.png\" alt=\"Sao Paulo\" title=\"Home\" class=\"rev-slidebg tp-rs-img rs-lazyload\" data-lazyload=\"\/\/www.ataway.com\/wp-content\/plugins\/revslider\/public\/assets\/assets\/transparent.png\" data-parallax=\"off\" data-no-retina>\n<!--\n\t\t\t\t\t\t\t--><rs-layer\n\t\t\t\t\t\t\t\tid=\"slider-49-slide-264-layer-10\" \n\t\t\t\t\t\t\t\tclass=\"rs-fsv rs-nolc rs-layer-video intrinsic-ignore\"\n\t\t\t\t\t\t\t\tdata-type=\"video\"\n\t\t\t\t\t\t\t\tdata-rsp_ch=\"on\"\n\t\t\t\t\t\t\t\tdata-xy=\"x:0;y:0;\"\n\t\t\t\t\t\t\t\tdata-text=\"l:22;a:inherit;\"\n\t\t\t\t\t\t\t\tdata-dim=\"w:100%;h:100%;\"\n\t\t\t\t\t\t\t\tdata-basealign=\"slide\"\n\t\t\t\t\t\t\t\tdata-video=\"vfc:true;vd:0;fc:true;l:false;ptimer:false;sav:f;\"\n\t\t\t\t\t\t\t\tdata-poster=\"\/\/www.ataway.com\/wp-content\/uploads\/revslider\/video-media\/vid-sao-paulo-brazil_264_layer.jpeg\"\n\t\t\t\t\t\t\t\tdata-mp4=\"\/\/www.ataway.com\/wp-content\/uploads\/2018\/11\/vid-sao-paulo-brazil.mp4\"\n\t\t\t\t\t\t\t\tdata-frame_1=\"st:600;sp:1000;sR:600;\"\n\t\t\t\t\t\t\t\tdata-frame_999=\"o:0;st:w;sp:2000;sR:10400;\"\n\t\t\t\t\t\t\t\tstyle=\"z-index:5;\"\n\t\t\t\t\t\t\t>\n\t\t\t\t\t\t\t<\/rs-layer><!--\n-->\t\t\t\t\t\t<\/rs-slide>\n\t\t\t\t\t<\/rs-slides>\n\t\t\t\t\t<rs-static-layers class=\"rs-stl-visible\"><!--\n\n\t\t\t\t\t\t\t--><h1\n\t\t\t\t\t\t\t\tid=\"slider-49-slide-45-layer-8\" \n\t\t\t\t\t\t\t\tclass=\"rs-layer rs-layer-static\"\n\t\t\t\t\t\t\t\tdata-type=\"text\"\n\t\t\t\t\t\t\t\tdata-rsp_ch=\"on\"\n\t\t\t\t\t\t\t\tdata-xy=\"xo:50px,45px,45px,35px;yo:304px,249px,130px,80px;\"\n\t\t\t\t\t\t\t\tdata-text=\"w:normal;s:50,40,50,37;l:52,42,52,39;fw:700;a:inherit;\"\n\t\t\t\t\t\t\t\tdata-dim=\"w:656px,633px,auto,auto;h:auto,162px,auto,auto;\"\n\t\t\t\t\t\t\t\tdata-wrpcls=\"slider-adapter-title\"\n\t\t\t\t\t\t\t\tdata-onslides=\"s:1;\"\n\t\t\t\t\t\t\t\tdata-frame_0=\"y:-50px;\"\n\t\t\t\t\t\t\t\tdata-frame_1=\"sp:2000;\"\n\t\t\t\t\t\t\t\tdata-frame_999=\"o:0;st:w;sp:1000;\"\n\t\t\t\t\t\t\t\tstyle=\"z-index:8;font-family:'cerapro bold', 'Arial', 'Tahoma', 'sans-serif';\"\n\t\t\t\t\t\t\t>Oi! Somos a Ataway,\na consultoria que ir\u00e1 levar o seu neg\u00f3cio ao pr\u00f3ximo n\u00edvel.\n \n\t\t\t\t\t\t\t<\/h1><!--\n\n\t\t\t\t\t\t\t--><rs-layer\n\t\t\t\t\t\t\t\tid=\"slider-49-slide-45-layer-14\" \n\t\t\t\t\t\t\t\tclass=\"arrow-down-flex rs-layer-static\"\n\t\t\t\t\t\t\t\tdata-type=\"text\"\n\t\t\t\t\t\t\t\tdata-xy=\"x:c;xo:-3px,0,0,0;y:b;yo:90px,60px,60px,50px;\"\n\t\t\t\t\t\t\t\tdata-text=\"s:48;l:22;a:inherit;\"\n\t\t\t\t\t\t\t\tdata-actions='o:click;a:scrollbelow;offset:64px;d:100;sp:1000;e:power3.inOut;'\n\t\t\t\t\t\t\t\tdata-basealign=\"slide\"\n\t\t\t\t\t\t\t\tdata-rsp_o=\"off\"\n\t\t\t\t\t\t\t\tdata-rsp_bd=\"off\"\n\t\t\t\t\t\t\t\tdata-onslides=\"s:1;\"\n\t\t\t\t\t\t\t\tdata-frame_999=\"o:0;st:w;\"\n\t\t\t\t\t\t\t\tstyle=\"z-index:7;font-family:'Open Sans';\"\n\t\t\t\t\t\t\t><i class=\"fa-angle-down\"><\/i> \n\t\t\t\t\t\t\t<\/rs-layer><!--\n\n\t\t\t\t\t\t\t--><rs-layer\n\t\t\t\t\t\t\t\tid=\"slider-49-slide-45-layer-16\" \n\t\t\t\t\t\t\t\tclass=\"rs-layer-static\"\n\t\t\t\t\t\t\t\tdata-type=\"text\"\n\t\t\t\t\t\t\t\tdata-rsp_ch=\"on\"\n\t\t\t\t\t\t\t\tdata-xy=\"xo:51px,47px,47px,34px;yo:545px,453px,380px,350px;\"\n\t\t\t\t\t\t\t\tdata-text=\"w:normal;l:22;a:inherit;\"\n\t\t\t\t\t\t\t\tdata-dim=\"w:582px,582px,582px,386px;\"\n\t\t\t\t\t\t\t\tdata-wrpcls=\"slider-adapter-button\"\n\t\t\t\t\t\t\t\tdata-onslides=\"s:1;\"\n\t\t\t\t\t\t\t\tdata-frame_999=\"o:0;st:w;\"\n\t\t\t\t\t\t\t\tstyle=\"z-index:9;font-family:'cerapro light', 'Arial', 'Tahoma', 'sans-serif';\"\n\t\t\t\t\t\t\t><div class=\"button_align align_left\"><a class=\"button  button_left button_size_3\" href=\"\/pt-br\/contact-ataway\/\"     style=\"background-color:#df7b1a!important;color:#ffffff;\"     title=\"\"><span class=\"button_icon\"><i class=\"icon-right-open\"  style=\"color:#ffffff!important;\" aria-hidden=\"true\"><\/i><\/span><span class=\"button_label\">Entre em contato<\/span><\/a><\/div>\n \n\t\t\t\t\t\t\t<\/rs-layer><!--\n\t\t\t\t\t--><\/rs-static-layers>\n\t\t\t\t<\/rs-module>\n\t\t\t\t<script>\n\t\t\t\t\tsetREVStartSize({c: 'rev_slider_49_1',rl:[1280,1024,768,420],el:[868,768,960,720],gw:[1240,1024,768,420],gh:[868,768,960,720],type:'standard',justify:'',layout:'fullscreen',offsetContainer:'',offset:'',mh:\"700px\"});if (window.RS_MODULES!==undefined && window.RS_MODULES.modules!==undefined && window.RS_MODULES.modules[\"revslider491\"]!==undefined) {window.RS_MODULES.modules[\"revslider491\"].once = false;window.revapi49 = undefined;if (window.RS_MODULES.checkMinimal!==undefined) window.RS_MODULES.checkMinimal()}\n\t\t\t\t<\/script>\n\t\t\t<\/rs-module-wrap>\n\t\t\t<!-- END REVOLUTION SLIDER -->\n[\/vc_column_text][\/vc_column][\/vc_row][vc_row full_width=&#8221;stretch_row&#8221; content_placement=&#8221;middle&#8221; parallax=&#8221;content-moving&#8221; parallax_image=&#8221;26315&#8243;][vc_column width=&#8221;2\/3&#8243;][vc_column_text css_animation=&#8221;fadeInLeft&#8221; el_id=&#8221;center&#8221; el_class=&#8221;center&#8221;]<\/p>\n<h3><span style=\"color: #ffffff;\"><strong>Transforme seu RH com HCM Cloud: Desbloqueie a Inova\u00e7\u00e3o de Pessoas!<\/strong><\/span><\/h3>\n<p>[\/vc_column_text][\/vc_column][vc_column width=&#8221;1\/3&#8243;][vc_btn title=&#8221;Baixe nosso eBook Agora!&#8221; style=&#8221;outline&#8221; color=&#8221;white&#8221; size=&#8221;lg&#8221; css_animation=&#8221;bounceIn&#8221; link=&#8221;url:https%3A%2F%2Fwww.ataway.com%2Fpt-br%2Fhcm-cloud%2F&#8221;][\/vc_column][\/vc_row][vc_row full_width=&#8221;stretch_row&#8221; content_placement=&#8221;middle&#8221; css=&#8221;.vc_custom_1552814872490{background-color: #ffffff !important;}&#8221;][vc_column][vc_empty_space height=&#8221;128&#8243;][vc_row_inner][vc_column_inner][vc_column_text css_animation=&#8221;slideInDown&#8221; css=&#8221;.vc_custom_1610470479495{margin-bottom: 20px !important;}&#8221;]<\/p>\n<h1 style=\"text-align: center;\"><span style=\"color: #333333;\"><strong>Na Ataway resolvemos todos os seus problemas.<\/strong>\u00a0<\/span><span style=\"color: #333333;\">Bem\u2026 n\u00e3o todos, mas entregamos projetos que reduzir\u00e3o seus custos e aumentar\u00e3o a efici\u00eancia da sua empresa.<\/span><\/h1>\n<p>[\/vc_column_text][vc_column_text css_animation=&#8221;fadeInDown&#8221;]<\/p>\n<h3 style=\"text-align: center;\"><span style=\"color: #eb7932;\">A combina\u00e7\u00e3o de nosso forte expertise, mentalidade de start-up e presen\u00e7a global, nos faz \u00fanicos em nossa ind\u00fastria, resultando em muitos projetos de sucesso e uma organiza\u00e7\u00e3o sempre crescente.<\/span><\/h3>\n<p>[\/vc_column_text][\/vc_column_inner][\/vc_row_inner][vc_empty_space height=&#8221;128&#8243;][\/vc_column][\/vc_row][vc_row full_width=&#8221;stretch_row&#8221; parallax=&#8221;content-moving&#8221; parallax_image=&#8221;46290&#8243;][vc_column][vc_row_inner gap=&#8221;20&#8243; css=&#8221;.vc_custom_1527141403331{margin-top: 0px !important;margin-right: 0px !important;margin-bottom: 0px !important;margin-left: 0px !important;padding-top: 0px !important;padding-right: 0px !important;padding-bottom: 0px !important;padding-left: 0px !important;}&#8221;][vc_column_inner width=&#8221;1\/6&#8243; css=&#8221;.vc_custom_1527482667379{padding-top: 0px !important;padding-right: 0px !important;padding-bottom: 0px !important;padding-left: 0px !important;}&#8221; offset=&#8221;vc_col-xs-6&#8243;]<div class=\"quick_fact align_center animate-math\"><div class=\"number-wrapper\"><span class=\"number\" data-to=\"23\">23<\/span><\/div><h3 class=\"title title_tag \">Escrit\u00f3rios<\/h3><hr class=\"hr_narrow\" \/><div class=\"desc\"><\/div><\/div>\n[\/vc_column_inner][vc_column_inner width=&#8221;1\/6&#8243; css=&#8221;.vc_custom_1527482673137{padding-top: 0px !important;padding-right: 0px !important;padding-bottom: 0px !important;padding-left: 0px !important;}&#8221; offset=&#8221;vc_col-xs-6&#8243;]<div class=\"quick_fact align_center animate-math\"><div class=\"number-wrapper\"><span class=\"number\" data-to=\"16\">16<\/span><\/div><h3 class=\"title title_tag \">Pa\u00edses<\/h3><hr class=\"hr_narrow\" \/><div class=\"desc\"><\/div><\/div>\n[\/vc_column_inner][vc_column_inner width=&#8221;1\/6&#8243; css=&#8221;.vc_custom_1527482662028{padding-top: 0px !important;padding-right: 0px !important;padding-bottom: 0px !important;padding-left: 0px !important;}&#8221; offset=&#8221;vc_col-xs-6&#8243;]<div class=\"quick_fact align_center animate-math\"><div class=\"number-wrapper\"><span class=\"number\" data-to=\"500\">500<\/span><span class=\"label postfix\">+<\/span><\/div><h3 class=\"title title_tag \">Colaboradores<\/h3><hr class=\"hr_narrow\" \/><div class=\"desc\"><\/div><\/div>\n[\/vc_column_inner][vc_column_inner width=&#8221;1\/6&#8243; css=&#8221;.vc_custom_1527482679961{padding-top: 0px !important;padding-right: 0px !important;padding-bottom: 0px !important;padding-left: 0px !important;}&#8221; offset=&#8221;vc_col-xs-6&#8243;]<div class=\"quick_fact align_center animate-math\"><div class=\"number-wrapper\"><span class=\"number\" data-to=\"89\">89<\/span><span class=\"label postfix\">%<\/span><\/div><h3 class=\"title title_tag \">Reten\u00e7\u00e3o de Clientes<\/h3><hr class=\"hr_narrow\" \/><div class=\"desc\"><\/div><\/div>\n[\/vc_column_inner][vc_column_inner width=&#8221;1\/6&#8243; css=&#8221;.vc_custom_1527482655957{padding-top: 0px !important;padding-right: 0px !important;padding-bottom: 0px !important;padding-left: 0px !important;}&#8221; offset=&#8221;vc_col-xs-6&#8243;]<div class=\"quick_fact align_center animate-math\"><div class=\"number-wrapper\"><span class=\"number\" data-to=\"1200\">1200<\/span><span class=\"label postfix\">+<\/span><\/div><h3 class=\"title title_tag \">Projetos de Sucesso<\/h3><hr class=\"hr_narrow\" \/><div class=\"desc\"><\/div><\/div>\n[\/vc_column_inner][vc_column_inner width=&#8221;1\/6&#8243; css=&#8221;.vc_custom_1527482647613{padding-top: 0px !important;padding-right: 0px !important;padding-bottom: 0px !important;padding-left: 0px !important;}&#8221; offset=&#8221;vc_col-xs-6&#8243;]<div class=\"quick_fact align_center animate-math\"><div class=\"number-wrapper\"><span class=\"number\" data-to=\"5\">5<\/span><\/div><h3 class=\"title title_tag \">Centros Offshore<\/h3><hr class=\"hr_narrow\" \/><div class=\"desc\"><\/div><\/div>\n[\/vc_column_inner][\/vc_row_inner][\/vc_column][\/vc_row][vc_row full_width=&#8221;stretch_row&#8221; content_placement=&#8221;middle&#8221; parallax=&#8221;content-moving&#8221; parallax_image=&#8221;11914&#8243; css=&#8221;.vc_custom_1556896410159{background-color: #ffffff !important;}&#8221;][vc_column][vc_empty_space][vc_empty_space height=&#8221;128&#8243;][vc_row_inner][vc_column_inner width=&#8221;2\/3&#8243;][vc_column_text css_animation=&#8221;fadeInDown&#8221; css=&#8221;.vc_custom_1557408861816{margin-bottom: 20px !important;}&#8221;]<\/p>\n<h1 style=\"text-align: left;\"><span style=\"color: #333333;\"><strong>Voc\u00ea est\u00e1 no controle.<\/strong><br \/>\nJunte-se a n\u00f3s e seja tudo<br \/>\naquilo que voc\u00ea quer ser.<\/span><\/h1>\n<p>[\/vc_column_text][vc_column_text css_animation=&#8221;fadeInUp&#8221; el_class=&#8221;big&#8221;]<\/p>\n<h3 style=\"text-align: left;\"><span style=\"color: #eb7932;\">Sua experi\u00eancia na Ataway vai lhe mostrar diferentes clientes, diferentes culturas, diferentes projetos\u2026 Pronto para acelerar sua carreira? Pronto para o lan\u00e7amento?<\/span><\/h3>\n<p>[\/vc_column_text][vc_column_text css_animation=&#8221;fadeInUp&#8221;]<div class=\"button_align align_left\"><a class=\"button  button_left button_size_2\" href=\"\/pt-br\/work\/\"     style=\"background-color:#ee7a23!important;color:#ffffff;\"     title=\"\"><span class=\"button_icon\"><i class=\"icon-right-open\"  style=\"color:#ffffff!important;\" aria-hidden=\"true\"><\/i><\/span><span class=\"button_label\">Saiba mais<\/span><\/a><\/div>\n[\/vc_column_text][\/vc_column_inner][vc_column_inner width=&#8221;1\/3&#8243;][\/vc_column_inner][\/vc_row_inner][vc_empty_space height=&#8221;128&#8243;][\/vc_column][\/vc_row][vc_row full_width=&#8221;stretch_row&#8221; parallax=&#8221;content-moving&#8221; css=&#8221;.vc_custom_1699023253969{background-color: #f4f4f4 !important;}&#8221;][vc_column][vc_row_inner][vc_column_inner][vc_column_text]<\/p>\n<h2 style=\"text-align: center;\"><span style=\"color: #333333;\"><strong>Conhe\u00e7a-nos al\u00e9m dos neg\u00f3cios!<\/strong><\/span><\/h2>\n<p>[\/vc_column_text][\/vc_column_inner][\/vc_row_inner][vc_row_inner][vc_column_inner width=&#8221;1\/3&#8243;][vc_hoverbox image=&#8221;35999&#8243; primary_title=&#8221;&#8221; hover_title=&#8221;&#8221;]<\/p>\n<div class=\"flex-shrink-0 flex flex-col relative items-end\">\n<div>\n<div class=\"pt-0.5 juice:pt-0\">\n<div class=\"gizmo-bot-avatar flex h-6 w-6 items-center justify-center overflow-hidden rounded-full juice:h-8 juice:w-8\">\n<div class=\"relative p-1 rounded-sm flex items-center justify-center bg-token-main-surface-primary text-token-text-primary h-8 w-8\"><a href=\"https:\/\/www.linkedin.com\/feed\/update\/urn:li:activity:7199109653652238336\">\ud83c\udf0d Ataway&#8217;s Global Managers Summit in Paris: Fostering collaboration and innovation across our international teams!<\/a><\/div>\n<\/div>\n<\/div>\n<\/div>\n<\/div>\n<p>[\/vc_hoverbox][vc_column_text css=&#8221;.vc_custom_1720189974572{margin-top: -24px !important;border-top-width: -24px !important;padding-top: -24px !important;}&#8221;]<a href=\"https:\/\/www.linkedin.com\/feed\/update\/urn:li:activity:7199109653652238336\"><span style=\"color: #ff6600;\"><b>CORPORATE CULTURE<\/b><\/span><\/a>[\/vc_column_text][\/vc_column_inner][vc_column_inner width=&#8221;1\/3&#8243;][vc_hoverbox image=&#8221;36383&#8243; primary_title=&#8221;&#8221; hover_title=&#8221;&#8221;]<\/p>\n<div class=\"flex-shrink-0 flex flex-col relative items-end\">\n<div>\n<div class=\"pt-0.5 juice:pt-0\">\n<div class=\"gizmo-bot-avatar flex h-6 w-6 items-center justify-center overflow-hidden rounded-full juice:h-8 juice:w-8\">\n<div class=\"relative p-1 rounded-sm flex items-center justify-center bg-token-main-surface-primary text-token-text-primary h-8 w-8\"><a href=\"https:\/\/www.linkedin.com\/feed\/update\/urn:li:activity:7195449844688121858\">Celebramos nossas tradi\u00e7\u00f5es com a equipe da Ataway Brasil! \ud83c\udf89\ud83c\udde7\ud83c\uddf7\u2728<\/a><\/div>\n<\/div>\n<\/div>\n<\/div>\n<\/div>\n<p>[\/vc_hoverbox][vc_column_text css=&#8221;.vc_custom_1721134159720{margin-top: -24px !important;border-top-width: -24px !important;padding-top: -24px !important;}&#8221;]<a href=\"https:\/\/www.linkedin.com\/feed\/update\/urn:li:activity:7195449844688121858\"><span style=\"color: #ff6600;\"><b>TRADITION<\/b><\/span><\/a>[\/vc_column_text][\/vc_column_inner][vc_column_inner width=&#8221;1\/3&#8243;][vc_hoverbox image=&#8221;36038&#8243; primary_title=&#8221;&#8221; hover_title=&#8221;&#8221;]<a href=\"https:\/\/www.linkedin.com\/feed\/update\/urn:li:activity:7212444354580275201\">\ud83c\udf1f Why Customers Choose Ataway as Their Consulting Partner \ud83c\udf1f<\/a>[\/vc_hoverbox][vc_column_text css=&#8221;.vc_custom_1720189894236{margin-top: -24px !important;border-top-width: -24px !important;padding-top: -24px !important;}&#8221;]<a href=\"https:\/\/www.linkedin.com\/feed\/update\/urn:li:activity:7212444354580275201\"><span style=\"color: #ff6600;\"><b>WHY CUSTOMERS CHOOSE ATAWAY<\/b><\/span><\/a>[\/vc_column_text][\/vc_column_inner][\/vc_row_inner][vc_row_inner][vc_column_inner][vc_column_text css_animation=&#8221;fadeInUp&#8221;]<div class=\"button_align align_center\"><a class=\"button  button_left button_size_3\" href=\"https:\/\/www.linkedin.com\/company\/ataway\/\"     style=\"background-color:#ee7a23!important;color:#ffffff;\"     title=\"\"><span class=\"button_icon\"><i class=\"icon-right-open\"  style=\"color:#ffffff!important;\" aria-hidden=\"true\"><\/i><\/span><span class=\"button_label\">Follow us on LinkedIn!<\/span><\/a><\/div>\n[\/vc_column_text][\/vc_column_inner][\/vc_row_inner][\/vc_column][\/vc_row][vc_row full_width=&#8221;stretch_row&#8221; full_height=&#8221;yes&#8221; content_placement=&#8221;middle&#8221; css=&#8221;.vc_custom_1552280207454{background-color: #ffffff !important;}&#8221;][vc_column][vc_empty_space height=&#8221;32&#8243;][vc_row_inner][vc_column_inner offset=&#8221;vc_hidden-xs&#8221;][vc_column_text]<\/p>\n<h1 style=\"text-align: center;\"><span style=\"color: #333333;\"><strong>N\u00f3s estamos<\/strong> onde voc\u00ea est\u00e1.<\/span><\/h1>\n<p>[\/vc_column_text][vc_column_text css=&#8221;.vc_custom_1721133865789{margin-top: 50px !important;}&#8221;]<script type=\"text\/javascript\" src=\"https:\/\/www.ataway.com\/wp-content\/uploads\/2024\/07\/mapdata-5.js\"><\/script><br \/>\n<script type=\"text\/javascript\" src=\"https:\/\/www.ataway.com\/wp-content\/uploads\/2024\/07\/worldmap-4.js\"><\/script><\/p>\n<div id=\"map\"><\/div>\n<p>[\/vc_column_text][\/vc_column_inner][\/vc_row_inner][vc_empty_space height=&#8221;32&#8243;][\/vc_column][\/vc_row]<\/p>\n<\/div>","protected":false},"excerpt":{"rendered":"<p>[vc_row full_width=&#8221;stretch_row&#8221; content_placement=&#8221;middle&#8221; css=&#8221;.vc_custom_1534136249431{margin-bottom: -50px !important;}&#8221;][vc_column][vc_column_text][\/vc_column_text][\/vc_column][\/vc_row][vc_row full_width=&#8221;stretch_row&#8221; content_placement=&#8221;middle&#8221; parallax=&#8221;content-moving&#8221; parallax_image=&#8221;26315&#8243;][vc_column width=&#8221;2\/3&#8243;][vc_column_text css_animation=&#8221;fadeInLeft&#8221; el_id=&#8221;center&#8221; el_class=&#8221;center&#8221;] Transforme seu RH com HCM Cloud: Desbloqueie a Inova\u00e7\u00e3o de Pessoas! [\/vc_column_text][\/vc_column][vc_column<span class=\"excerpt-hellip\"> [\u2026]<\/span><\/p>\n","protected":false},"author":6,"featured_media":-1,"parent":0,"menu_order":0,"comment_status":"closed","ping_status":"closed","template":"","meta":{"footnotes":""},"class_list":["post-10286","page","type-page","status-publish","has-post-thumbnail","hentry"],"_links":{"self":[{"href":"https:\/\/www.ataway.com\/pt-br\/wp-json\/wp\/v2\/pages\/10286","targetHints":{"allow":["GET"]}}],"collection":[{"href":"https:\/\/www.ataway.com\/pt-br\/wp-json\/wp\/v2\/pages"}],"about":[{"href":"https:\/\/www.ataway.com\/pt-br\/wp-json\/wp\/v2\/types\/page"}],"author":[{"embeddable":true,"href":"https:\/\/www.ataway.com\/pt-br\/wp-json\/wp\/v2\/users\/6"}],"replies":[{"embeddable":true,"href":"https:\/\/www.ataway.com\/pt-br\/wp-json\/wp\/v2\/comments?post=10286"}],"version-history":[{"count":21,"href":"https:\/\/www.ataway.com\/pt-br\/wp-json\/wp\/v2\/pages\/10286\/revisions"}],"predecessor-version":[{"id":46303,"href":"https:\/\/www.ataway.com\/pt-br\/wp-json\/wp\/v2\/pages\/10286\/revisions\/46303"}],"wp:featuredmedia":[{"embeddable":true,"href":"https:\/\/www.ataway.com\/pt-br\/wp-json\/"}],"wp:attachment":[{"href":"https:\/\/www.ataway.com\/pt-br\/wp-json\/wp\/v2\/media?parent=10286"}],"curies":[{"name":"wp","href":"https:\/\/api.w.org\/{rel}","templated":true}]}}