{"id":37405,"date":"2024-10-04T10:39:40","date_gmt":"2024-10-04T13:39:40","guid":{"rendered":"https:\/\/www.ataway.com\/?page_id=37405"},"modified":"2024-12-05T12:25:57","modified_gmt":"2024-12-05T15:25:57","slug":"oracle-hcm-cloud-to-ukg-hrsd-connector","status":"publish","type":"page","link":"https:\/\/www.ataway.com\/fr-fr\/solutions\/oracle-hcm-cloud-to-ukg-hrsd-connector\/","title":{"rendered":"Developments and Connectors"},"content":{"rendered":"<div class=\"wpb-content-wrapper\"><p>[vc_row full_width=\u00a0\u00bbstretch_row\u00a0\u00bb full_height=\u00a0\u00bbyes\u00a0\u00bb content_placement=\u00a0\u00bbmiddle\u00a0\u00bb parallax=\u00a0\u00bbcontent-moving\u00a0\u00bb parallax_image=\u00a0\u00bb38437&Prime; css=\u00a0\u00bb.vc_custom_1729517780948{background-color: #eaeaea !important;}\u00a0\u00bb][vc_column][vc_empty_space height=\u00a0\u00bb100&Prime;][vc_column_text]<\/p>\n<h1><strong><span style=\"color: #ffffff;\">Connecteur Oracle HCM Cloud vers UKG HRSD<\/span><\/strong><\/h1>\n<p>[\/vc_column_text][vc_column_text]<\/p>\n<h2><span style=\"color: #ffffff;\"><em>Rationalisez les processus RH gr\u00e2ce \u00e0 une<br \/>\nint\u00e9gration fluide entre Oracle HCM et UKG HRSD<\/em><\/span><\/h2>\n<p>[\/vc_column_text][vc_btn title=\u00a0\u00bbEn savoir plus !\u00a0\u00bb style=\u00a0\u00bboutline\u00a0\u00bb color=\u00a0\u00bbwhite\u00a0\u00bb size=\u00a0\u00bblg\u00a0\u00bb css_animation=\u00a0\u00bbbounceIn\u00a0\u00bb link=\u00a0\u00bburl:%23scroller-second-frame\u00a0\u00bb][vc_empty_space height=\u00a0\u00bb16px\u00a0\u00bb][vc_icon type=\u00a0\u00bbentypo\u00a0\u00bb icon_entypo=\u00a0\u00bbentypo-icon entypo-icon-down-open-big\u00a0\u00bb color=\u00a0\u00bbwhite\u00a0\u00bb background_style=\u00a0\u00bbrounded\u00a0\u00bb background_color=\u00a0\u00bbcustom\u00a0\u00bb size=\u00a0\u00bbsm\u00a0\u00bb align=\u00a0\u00bbcenter\u00a0\u00bb custom_background_color=\u00a0\u00bbrgba(10,10,10,0.56)\u00a0\u00bb el_class=\u00a0\u00bbscroller-cursor-pointer\u00a0\u00bb][\/vc_column][\/vc_row][vc_row full_width=\u00a0\u00bbstretch_row\u00a0\u00bb content_placement=\u00a0\u00bbmiddle\u00a0\u00bb css=\u00a0\u00bb.vc_custom_1560523572547{background-color: #ffffff !important;}\u00a0\u00bb el_id=\u00a0\u00bbscroller-second-frame\u00a0\u00bb][vc_column][vc_empty_space height=\u00a0\u00bb16&Prime;][vc_video link=\u00a0\u00bbhttps:\/\/youtu.be\/cIrYnwZ5JVA\u00a0\u00bb][vc_column_text css_animation=\u00a0\u00bbfadeInDown\u00a0\u00bb el_class=\u00a0\u00bbbig\u00a0\u00bb]<\/p>\n<h3><span style=\"color: #333333;\">Le connecteur Oracle HCM Cloud vers UKG HRSD est une solution puissante et facilement configurable qui permet une int\u00e9gration fluide entre Oracle HCM et UKG HRSD. Gr\u00e2ce \u00e0 ce connecteur, les organisations peuvent r\u00e9duire consid\u00e9rablement le temps et les co\u00fbts d&rsquo;int\u00e9gration tout en am\u00e9liorant l&rsquo;efficacit\u00e9 des op\u00e9rations RH et de la gestion des documents. La solution assure la synchronisation en temps r\u00e9el des donn\u00e9es des employ\u00e9s, de la structure organisationnelle et des documents entre les plateformes, offrant une exp\u00e9rience RH compl\u00e8te et sans faille.<\/span><\/h3>\n<p>[\/vc_column_text][vc_row_inner][vc_column_inner][vc_column_text css_animation=\u00a0\u00bbfadeInDown\u00a0\u00bb]<\/p>\n<h2><span style=\"color: #333333;\"><strong>Caract\u00e9ristiques et fonctionnalit\u00e9s cl\u00e9s du connecteur Oracle HCM Cloud vers UKG HRSD<\/strong><\/span><\/h2>\n<p>[\/vc_column_text][\/vc_column_inner][\/vc_row_inner][vc_row_inner][vc_column_inner width=\u00a0\u00bb1\/4&Prime;][vc_single_image image=\u00a0\u00bb37478&Prime; img_size=\u00a0\u00bb210X210&Prime; alignment=\u00a0\u00bbcenter\u00a0\u00bb css_animation=\u00a0\u00bbfadeInUp\u00a0\u00bb css=\u00a0\u00bb.vc_custom_1727206618886{margin-bottom: -16px !important;border-bottom-width: -16px !important;padding-bottom: -16px !important;}\u00a0\u00bb][vc_column_text css_animation=\u00a0\u00bbfadeInUp\u00a0\u00bb el_class=\u00a0\u00bbbig\u00a0\u00bb]<\/p>\n<h4 style=\"text-align: left;\"><span style=\"color: #ff7600;\"><strong>Synchronisation des donn\u00e9es des employ\u00e9s et de l&rsquo;organisation<\/strong><\/span><\/h4>\n<h4>Synchronisation en temps r\u00e9el des donn\u00e9es des employ\u00e9s, de la structure organisationnelle et des r\u00f4les.<\/h4>\n<h4 style=\"text-align: left;\"><span style=\"color: #eb7932;\">\u00a0<\/span><\/h4>\n<p>[\/vc_column_text][\/vc_column_inner][vc_column_inner width=\u00a0\u00bb1\/4&Prime;][vc_single_image image=\u00a0\u00bb37490&Prime; img_size=\u00a0\u00bb210X210&Prime; alignment=\u00a0\u00bbcenter\u00a0\u00bb css_animation=\u00a0\u00bbfadeInUp\u00a0\u00bb css=\u00a0\u00bb.vc_custom_1727206670189{margin-bottom: -16px !important;border-bottom-width: -16px !important;padding-bottom: -16px !important;}\u00a0\u00bb][vc_column_text css_animation=\u00a0\u00bbfadeInUp\u00a0\u00bb el_class=\u00a0\u00bbbig\u00a0\u00bb]<\/p>\n<h4 style=\"text-align: left;\"><span style=\"color: #ff7600;\"><strong>G\u00e9n\u00e9ration de documents bas\u00e9e sur des \u00e9v\u00e9nements et en masse<br \/>\n<\/strong><\/span><\/h4>\n<h4>G\u00e9n\u00e9rez automatiquement des documents HRSD en fonction des \u00e9v\u00e9nements d&rsquo;Oracle HCM, y compris la g\u00e9n\u00e9ration de documents en masse et les signatures \u00e9lectroniques.<\/h4>\n<p>[\/vc_column_text][\/vc_column_inner][vc_column_inner width=\u00a0\u00bb1\/4&Prime;][vc_single_image image=\u00a0\u00bb37502&Prime; img_size=\u00a0\u00bb210X210&Prime; alignment=\u00a0\u00bbcenter\u00a0\u00bb css_animation=\u00a0\u00bbfadeInUp\u00a0\u00bb css=\u00a0\u00bb.vc_custom_1727206703183{margin-bottom: -16px !important;border-bottom-width: -16px !important;padding-bottom: -16px !important;}\u00a0\u00bb][vc_column_text css_animation=\u00a0\u00bbfadeInUp\u00a0\u00bb el_class=\u00a0\u00bbbig\u00a0\u00bb]<\/p>\n<h4 style=\"text-align: left;\"><strong><span style=\"color: #ff7600;\">Gestion des documents<br \/>\n<\/span><\/strong><\/h4>\n<h4>R\u00e9pliquez les fichiers d&rsquo;Oracle HCM dans le syst\u00e8me de gestion de documents d&rsquo;UKG HRSD de mani\u00e8re fluide.<\/h4>\n<p>[\/vc_column_text][\/vc_column_inner][vc_column_inner width=\u00a0\u00bb1\/4&Prime;][vc_single_image image=\u00a0\u00bb37515&Prime; img_size=\u00a0\u00bb210X210&Prime; alignment=\u00a0\u00bbcenter\u00a0\u00bb css_animation=\u00a0\u00bbfadeInUp\u00a0\u00bb css=\u00a0\u00bb.vc_custom_1727206738705{margin-bottom: -16px !important;border-bottom-width: -16px !important;padding-bottom: -16px !important;}\u00a0\u00bb][vc_column_text css_animation=\u00a0\u00bbfadeInUp\u00a0\u00bb el_class=\u00a0\u00bbbig\u00a0\u00bb]<\/p>\n<h4 style=\"text-align: left;\"><strong><span style=\"color: #ff7600;\">Configuration conviviale<br \/>\n<\/span><\/strong><\/h4>\n<h4><span style=\"color: #333333;\">Les responsables informatiques RH peuvent facilement configurer les mappages, les mod\u00e8les et surveiller les processus via une interface intuitive.<br \/>\n<\/span><\/h4>\n<p>[\/vc_column_text][\/vc_column_inner][\/vc_row_inner][\/vc_column][\/vc_row][vc_row full_width=\u00a0\u00bbstretch_row\u00a0\u00bb parallax=\u00a0\u00bbcontent-moving\u00a0\u00bb parallax_image=\u00a0\u00bb14071&Prime; el_id=\u00a0\u00bbsolucionesoraclecloud\u00a0\u00bb][vc_column][vc_empty_space height=\u00a0\u00bb16px\u00a0\u00bb][vc_column_text css_animation=\u00a0\u00bbfadeInDown\u00a0\u00bb]<\/p>\n<h2 style=\"text-align: center;\"><span style=\"color: #ffffff;\"><strong><span style=\"color: #ffffff;\">Avantages du connecteur Oracle HCM Cloud vers UKG HRSD<\/span><br \/>\n<\/strong><\/span><\/h2>\n<p>[\/vc_column_text][vc_row_inner][vc_column_inner width=\u00a0\u00bb1\/4&Prime;][vc_column_text css_animation=\u00a0\u00bbfadeInUp\u00a0\u00bb]<em><strong><span style=\"color: #ffffff;\">#1 Co\u00fbt r\u00e9duit et d\u00e9ploiement rapide<\/span><\/strong><\/em><\/p>\n<p><span style=\"color: #ffffff;\"><em>B\u00e9n\u00e9ficiez d&rsquo;une r\u00e9duction significative des co\u00fbts et du temps d&rsquo;int\u00e9gration gr\u00e2ce \u00e0 une solution plug-and-play incluant des mod\u00e8les pr\u00e9configur\u00e9s.<\/em><\/span>[\/vc_column_text][\/vc_column_inner][vc_column_inner width=\u00a0\u00bb1\/4&Prime;][vc_column_text css_animation=\u00a0\u00bbfadeInUp\u00a0\u00bb]<strong><em><span style=\"color: #ffffff;\">#2 Facilit\u00e9 de gestion et d&rsquo;appropriation<\/span><\/em><\/strong><\/p>\n<p><span style=\"color: #ffffff;\"><em>Le connecteur est enti\u00e8rement configurable au sein de la plateforme Oracle HCM et offre une interface conviviale permettant une gestion facile par les \u00e9quipes RH.<\/em><\/span>[\/vc_column_text][\/vc_column_inner][vc_column_inner width=\u00a0\u00bb1\/4&Prime;][vc_column_text css_animation=\u00a0\u00bbfadeInUp\u00a0\u00bb]<strong><em><span style=\"color: #ffffff;\">#3 Flux de donn\u00e9es en temps r\u00e9el<\/span><\/em><\/strong><\/p>\n<p><span style=\"color: #ffffff;\"><em>Assurez une synchronisation des donn\u00e9es en temps r\u00e9el d&rsquo;Oracle HCM vers UKG HRSD sans avoir besoin de dupliquer les donn\u00e9es.<\/em><\/span>[\/vc_column_text][\/vc_column_inner][vc_column_inner width=\u00a0\u00bb1\/4&Prime;][vc_column_text css_animation=\u00a0\u00bbfadeInUp\u00a0\u00bb]<strong><em><span style=\"color: #ffffff;\">#4 S\u00e9curis\u00e9 et robuste<\/span><\/em><\/strong><\/p>\n<p><span style=\"color: #ffffff;\"><em>Profitez des fonctionnalit\u00e9s de s\u00e9curit\u00e9 robustes d&rsquo;Oracle et d&rsquo;une console d&rsquo;administration compl\u00e8te pour des op\u00e9rations s\u00e9curis\u00e9es et efficaces.<\/em><\/span>[\/vc_column_text][\/vc_column_inner][\/vc_row_inner][vc_btn title=\u00a0\u00bbContactez-nous pour plus d&rsquo;informations\u00a0\u00bb style=\u00a0\u00bboutline\u00a0\u00bb color=\u00a0\u00bbwhite\u00a0\u00bb size=\u00a0\u00bblg\u00a0\u00bb align=\u00a0\u00bbcenter\u00a0\u00bb css_animation=\u00a0\u00bbbounceIn\u00a0\u00bb css=\u00a0\u00bb.vc_custom_1733412356304{margin-top: -32px !important;border-top-width: -32px !important;padding-top: -32px !important;}\u00a0\u00bb link=\u00a0\u00bburl:%20%23contactooraclecloud\u00a0\u00bb][vc_empty_space][\/vc_column][\/vc_row][vc_row][vc_column][vc_column_text css_animation=\u00a0\u00bbfadeInDown\u00a0\u00bb]<\/p>\n<h2 style=\"text-align: center;\"><span style=\"color: #333333;\"><strong>Int\u00e9gration avec Oracle HCM<\/strong><\/span><\/h2>\n<p>[\/vc_column_text][vc_single_image image=\u00a0\u00bb38425&Prime; img_size=\u00a0\u00bblarge\u00a0\u00bb alignment=\u00a0\u00bbcenter\u00a0\u00bb css_animation=\u00a0\u00bbfadeInUp\u00a0\u00bb][\/vc_column][\/vc_row][vc_row][vc_column][vc_empty_space height=\u00a0\u00bb16px\u00a0\u00bb][vc_column_text css_animation=\u00a0\u00bbfadeInDown\u00a0\u00bb]<\/p>\n<h2><span style=\"color: #333333;\"><strong>Port\u00e9e du connecteur Oracle HCM Cloud vers UKG HRSD<br \/>\n<\/strong><\/span><\/h2>\n<p>[\/vc_column_text][vc_row_inner][vc_column_inner width=\u00a0\u00bb1\/4&Prime;][vc_column_text css_animation=\u00a0\u00bbfadeInUp\u00a0\u00bb]Le connecteur permet l&rsquo;int\u00e9gration des donn\u00e9es ma\u00eetres, assurant la synchronisation fluide des structures organisationnelles, des utilisateurs et de la s\u00e9curit\u00e9 bas\u00e9e sur les r\u00f4les entre Oracle HCM et UKG HRSD.[\/vc_column_text][\/vc_column_inner][vc_column_inner width=\u00a0\u00bb1\/4&Prime;][vc_column_text css_animation=\u00a0\u00bbfadeInUp\u00a0\u00bb]Il prend en charge la g\u00e9n\u00e9ration de documents bas\u00e9e sur des \u00e9v\u00e9nements, en g\u00e9n\u00e9rant automatiquement des documents HRSD en fonction des \u00e9v\u00e9nements d&rsquo;Oracle HCM, y compris la cr\u00e9ation de documents ad hoc et en masse.[\/vc_column_text][\/vc_column_inner][vc_column_inner width=\u00a0\u00bb1\/4&Prime;][vc_column_text css_animation=\u00a0\u00bbfadeInUp\u00a0\u00bb]Pour la gestion des documents, les fichiers t\u00e9l\u00e9charg\u00e9s dans Oracle HCM sont r\u00e9pliqu\u00e9s et g\u00e9r\u00e9s dans le syst\u00e8me de gestion de documents d&rsquo;UKG HRSD.[\/vc_column_text][\/vc_column_inner][vc_column_inner width=\u00a0\u00bb1\/4&Prime;][vc_column_text css_animation=\u00a0\u00bbfadeInUp\u00a0\u00bb]Enfin, la configuration frontale permet aux \u00e9quipes informatiques RH de configurer facilement les mod\u00e8les de documents, les mappages et de surveiller les processus.[\/vc_column_text][\/vc_column_inner][\/vc_row_inner][\/vc_column][\/vc_row][vc_row el_id=\u00a0\u00bbcontactooraclecloud\u00a0\u00bb][vc_column][vc_column_text css_animation=\u00a0\u00bbfadeInDown\u00a0\u00bb]<\/p>\n<h2 style=\"text-align: center;\"><span style=\"color: #333333;\"><strong>Commencez d\u00e8s aujourd&rsquo;hui<\/strong><\/span><\/h2>\n<p>[\/vc_column_text][vc_column_text css_animation=\u00a0\u00bbfadeInUp\u00a0\u00bb]Simplifiez vos op\u00e9rations RH avec notre connecteur Oracle HCM Cloud vers UKG HRSD. Contactez-nous pour une d\u00e9monstration ou pour en savoir plus sur la mani\u00e8re dont cette solution peut rationaliser vos processus d&rsquo;int\u00e9gration.[\/vc_column_text]\n<div class=\"wpcf7 no-js\" id=\"wpcf7-f37969-o1\" lang=\"en\" dir=\"ltr\" data-wpcf7-id=\"37969\">\n<div class=\"screen-reader-response\"><p role=\"status\" aria-live=\"polite\" aria-atomic=\"true\"><\/p> <ul><\/ul><\/div>\n<form action=\"\/fr-fr\/wp-json\/wp\/v2\/pages\/37405#wpcf7-f37969-o1\" method=\"post\" class=\"wpcf7-form init\" aria-label=\"Formulaire de contact\" novalidate=\"novalidate\" data-status=\"init\">\n<fieldset class=\"hidden-fields-container\"><input type=\"hidden\" name=\"_wpcf7\" value=\"37969\" \/><input type=\"hidden\" name=\"_wpcf7_version\" value=\"6.1.2\" \/><input type=\"hidden\" name=\"_wpcf7_locale\" value=\"en\" \/><input type=\"hidden\" name=\"_wpcf7_unit_tag\" value=\"wpcf7-f37969-o1\" \/><input type=\"hidden\" name=\"_wpcf7_container_post\" value=\"0\" \/><input type=\"hidden\" name=\"_wpcf7_posted_data_hash\" value=\"\" \/><input type=\"hidden\" name=\"_wpcf7_recaptcha_response\" value=\"\" \/>\n<\/fieldset>\n<div class=\"contact-form\">\n\t<p><label><span style=\"color: #333333;\"> Nom*<br \/>\n<span class=\"wpcf7-form-control-wrap\" data-name=\"your-name\"><input size=\"40\" maxlength=\"400\" class=\"wpcf7-form-control wpcf7-text wpcf7-validates-as-required\" aria-required=\"true\" aria-invalid=\"false\" value=\"\" type=\"text\" name=\"your-name\" \/><\/span> <\/span><\/label>\n\t<\/p>\n\t<p><label><span style=\"color: #333333;\"> Email*<br \/>\n<span class=\"wpcf7-form-control-wrap\" data-name=\"your-email\"><input size=\"40\" maxlength=\"400\" class=\"wpcf7-form-control wpcf7-email wpcf7-validates-as-required wpcf7-text wpcf7-validates-as-email\" aria-required=\"true\" aria-invalid=\"false\" value=\"\" type=\"email\" name=\"your-email\" \/><\/span> <\/span><\/label>\n\t<\/p>\n\t<p><label><span style=\"color: #333333;\"> Nom de l\u2019entreprise*<br \/>\n<span class=\"wpcf7-form-control-wrap\" data-name=\"companyname\"><input size=\"40\" maxlength=\"400\" class=\"wpcf7-form-control wpcf7-text wpcf7-validates-as-required\" aria-required=\"true\" aria-invalid=\"false\" value=\"\" type=\"text\" name=\"companyname\" \/><\/span> <\/span><\/label>\n\t<\/p>\n\t<p><label><span style=\"color: #333333;\"> Poste*<br \/>\n<span class=\"wpcf7-form-control-wrap\" data-name=\"companyjob\"><input size=\"40\" maxlength=\"400\" class=\"wpcf7-form-control wpcf7-text wpcf7-validates-as-required\" aria-required=\"true\" aria-invalid=\"false\" value=\"\" type=\"text\" name=\"companyjob\" \/><\/span> <\/span><\/label>\n\t<\/p>\n\t<p><label><span style=\"color: #333333;\"> Comment avez-vous connu Ataway ?<br \/>\n<span class=\"wpcf7-form-control-wrap\" data-name=\"hear-about\"><select class=\"wpcf7-form-control wpcf7-select\" aria-invalid=\"false\" name=\"hear-about\"><option value=\"S\u00e9lectionnez une option\">S\u00e9lectionnez une option<\/option><option value=\"Recommandation\">Recommandation<\/option><option value=\"Moteur de recherche\">Moteur de recherche<\/option><option value=\"LinkedIn\">LinkedIn<\/option><option value=\"Marketplace partenaire\">Marketplace partenaire<\/option><option value=\"\u00c9v\u00e9nement\">\u00c9v\u00e9nement<\/option><option value=\"Autre\">Autre<\/option><\/select><\/span> <\/span><\/label>\n\t<\/p>\n<\/div>\n<div class=\"contact-form\">\n\t<p><label><span style=\"color: #333333;\"> Votre message*<br \/>\n<span class=\"wpcf7-form-control-wrap\" data-name=\"your-message\"><textarea cols=\"40\" rows=\"10\" maxlength=\"2000\" class=\"wpcf7-form-control wpcf7-textarea wpcf7-validates-as-required\" aria-required=\"true\" aria-invalid=\"false\" placeholder=\"Parlez-nous de votre besoin ou de votre projet...\" name=\"your-message\"><\/textarea><\/span> <\/span><\/label>\n\t<\/p>\n\t<p><span class=\"wpcf7-form-control-wrap\" data-name=\"PrivacyPolicy\"><span class=\"wpcf7-form-control wpcf7-acceptance\"><span class=\"wpcf7-list-item\"><label><input type=\"checkbox\" name=\"PrivacyPolicy\" value=\"1\" aria-invalid=\"false\" \/><span class=\"wpcf7-list-item-label\"><span style=\"color: #333333;\"> J\u2019ai lu et j\u2019accepte la <a rel=\"nofollow\" href=\"https:\/\/www.ataway.com\/fr-fr\/privacy-policy\/\"> Politique de Confidentialit\u00e9 de Ataway <\/a>. <\/span><\/span><\/label><\/span><\/span><\/span>\n\t<\/p>\n\t<p><input class=\"wpcf7-form-control wpcf7-submit has-spinner\" type=\"submit\" value=\"Envoyer\" \/>\n\t<\/p>\n\t<p>*Ce site est prot\u00e9g\u00e9 par reCAPTCHA et les <a href=\"https:\/\/policies.google.com\/privacy\">Politique de Confidentialit\u00e9<\/a> et les <a href=\"https:\/\/policies.google.com\/terms\">Conditions d'utilisation<\/a> de Google s'appliquent.\n\t<\/p>\n<\/div>\n<input class=\"wpcf7-form-control wpcf7-hidden\" id=\"solution-field\" value=\"\" type=\"hidden\" name=\"solution\" \/><div class=\"wpcf7-response-output\" aria-hidden=\"true\"><\/div>\n<\/form>\n<\/div>\n[\/vc_column][\/vc_row]<\/p>\n<\/div>","protected":false},"excerpt":{"rendered":"<p>[vc_row full_width=\u00a0\u00bbstretch_row\u00a0\u00bb full_height=\u00a0\u00bbyes\u00a0\u00bb content_placement=\u00a0\u00bbmiddle\u00a0\u00bb parallax=\u00a0\u00bbcontent-moving\u00a0\u00bb parallax_image=\u00a0\u00bb38437&Prime; css=\u00a0\u00bb.vc_custom_1729517780948{background-color: #eaeaea !important;}\u00a0\u00bb][vc_column][vc_empty_space height=\u00a0\u00bb100&Prime;][vc_column_text] Connecteur Oracle HCM Cloud vers UKG HRSD [\/vc_column_text][vc_column_text] Rationalisez les processus RH gr\u00e2ce \u00e0 une int\u00e9gration<span class=\"excerpt-hellip\"> [\u2026]<\/span><\/p>\n","protected":false},"author":6,"featured_media":-1,"parent":11791,"menu_order":0,"comment_status":"closed","ping_status":"closed","template":"","meta":{"footnotes":""},"class_list":["post-37405","page","type-page","status-publish","has-post-thumbnail","hentry"],"_links":{"self":[{"href":"https:\/\/www.ataway.com\/fr-fr\/wp-json\/wp\/v2\/pages\/37405","targetHints":{"allow":["GET"]}}],"collection":[{"href":"https:\/\/www.ataway.com\/fr-fr\/wp-json\/wp\/v2\/pages"}],"about":[{"href":"https:\/\/www.ataway.com\/fr-fr\/wp-json\/wp\/v2\/types\/page"}],"author":[{"embeddable":true,"href":"https:\/\/www.ataway.com\/fr-fr\/wp-json\/wp\/v2\/users\/6"}],"replies":[{"embeddable":true,"href":"https:\/\/www.ataway.com\/fr-fr\/wp-json\/wp\/v2\/comments?post=37405"}],"version-history":[{"count":11,"href":"https:\/\/www.ataway.com\/fr-fr\/wp-json\/wp\/v2\/pages\/37405\/revisions"}],"predecessor-version":[{"id":39350,"href":"https:\/\/www.ataway.com\/fr-fr\/wp-json\/wp\/v2\/pages\/37405\/revisions\/39350"}],"up":[{"embeddable":true,"href":"https:\/\/www.ataway.com\/fr-fr\/wp-json\/wp\/v2\/pages\/11791"}],"wp:featuredmedia":[{"embeddable":true,"href":"https:\/\/www.ataway.com\/fr-fr\/wp-json\/"}],"wp:attachment":[{"href":"https:\/\/www.ataway.com\/fr-fr\/wp-json\/wp\/v2\/media?parent=37405"}],"curies":[{"name":"wp","href":"https:\/\/api.w.org\/{rel}","templated":true}]}}