{"id":35909,"date":"2021-11-09T11:13:46","date_gmt":"2021-11-09T14:13:46","guid":{"rendered":"https:\/\/www.ataway.com\/conseil\/project-management-pmo\/"},"modified":"2026-04-23T11:00:34","modified_gmt":"2026-04-23T14:00:34","slug":"project-management-pmo","status":"publish","type":"page","link":"https:\/\/www.ataway.com\/fr-fr\/solutions\/project-management-pmo\/","title":{"rendered":"Project Management &#038; PMO"},"content":{"rendered":"<div class=\"wpb-content-wrapper\"><p>[vc_row full_width=\u00a0\u00bbstretch_row\u00a0\u00bb full_height=\u00a0\u00bbyes\u00a0\u00bb content_placement=\u00a0\u00bbmiddle\u00a0\u00bb parallax=\u00a0\u00bbcontent-moving\u00a0\u00bb parallax_image=\u00a0\u00bb6330&Prime; css=\u00a0\u00bb.vc_custom_1633551843177{background-color: #eaeaea !important;}\u00a0\u00bb][vc_column][vc_empty_space height=\u00a0\u00bb100&Prime;][vc_column_text css_animation=\u00a0\u00bbfadeInDown\u00a0\u00bb]<\/p>\n<h1><span style=\"color: #ffffff;\"><strong>Diriger le Succ\u00e8s Entreprise.<br \/>\n<\/strong>Gestion de Projets Globaux<\/span><\/h1>\n<p>[\/vc_column_text][vc_column_text css_animation=\u00a0\u00bbfadeInUp\u00a0\u00bb]<\/p>\n<h3>Dans le monde des affaires en constante \u00e9volution, nous stimulons votre succ\u00e8s en renfor\u00e7ant la comp\u00e9titivit\u00e9 de votre entreprise et en \u00e9largissant vos horizons. Qu&rsquo;il s&rsquo;agisse de p\u00e9n\u00e9trer de nouveaux march\u00e9s, d&rsquo;int\u00e9grer des syst\u00e8mes ERP mondiaux ou de conduire la transformation num\u00e9rique, nos consultants sp\u00e9cialis\u00e9s en gestion de projets d&rsquo;Ataway France vous aideront \u00e0 surmonter les d\u00e9fis et \u00e0 garantir des r\u00e9sultats impactants dans votre projet de transformation.<\/h3>\n<p>[\/vc_column_text][vc_empty_space height=\u00a0\u00bb16px\u00a0\u00bb][vc_icon type=\u00a0\u00bbentypo\u00a0\u00bb icon_entypo=\u00a0\u00bbentypo-icon entypo-icon-down-open-big\u00a0\u00bb color=\u00a0\u00bbwhite\u00a0\u00bb background_style=\u00a0\u00bbrounded\u00a0\u00bb background_color=\u00a0\u00bbcustom\u00a0\u00bb size=\u00a0\u00bbsm\u00a0\u00bb align=\u00a0\u00bbcenter\u00a0\u00bb custom_background_color=\u00a0\u00bbrgba(10,10,10,0.56)\u00a0\u00bb el_class=\u00a0\u00bbscroller-cursor-pointer\u00a0\u00bb][\/vc_column][\/vc_row][vc_row full_width=\u00a0\u00bbstretch_row\u00a0\u00bb parallax=\u00a0\u00bbcontent-moving\u00a0\u00bb parallax_image=\u00a0\u00bb25686&Prime;][vc_column width=\u00a0\u00bb2\/3&Prime;][vc_column_text]<\/p>\n<h3><span style=\"color: #ffffff;\"><strong>Webinaire \u00e0 venir | AgilePM : trouver l\u2019\u00e9quilibre entre agilit\u00e9 et contr\u00f4le dans la gestion de projet <\/strong><strong>\ud83d\udcc5 21 mai | 14h00\u201315h00<\/strong><\/span><\/h3>\n<p>[\/vc_column_text][\/vc_column][vc_column width=\u00a0\u00bb1\/3&Prime;][vc_btn title=\u00a0\u00bbInscrivez-vous d\u00e8s maintenant\u00a0\u00bb style=\u00a0\u00bboutline\u00a0\u00bb color=\u00a0\u00bbwhite\u00a0\u00bb link=\u00a0\u00bburl:https%3A%2F%2Fwww.ataway.com%2Ffr-fr%2Fwebinaire-agilepm%2F\u00a0\u00bb][\/vc_column][\/vc_row][vc_row full_width=\u00a0\u00bbstretch_row\u00a0\u00bb content_placement=\u00a0\u00bbmiddle\u00a0\u00bb css=\u00a0\u00bb.vc_custom_1560523572547{background-color: #ffffff !important;}\u00a0\u00bb el_id=\u00a0\u00bbscroller-second-frame\u00a0\u00bb][vc_column][vc_empty_space height=\u00a0\u00bb16&Prime;][vc_row_inner][vc_column_inner][vc_column_text css_animation=\u00a0\u00bbfadeInDown\u00a0\u00bb]<\/p>\n<h2 style=\"text-align: left;\"><strong><span style=\"color: #333333;\">Pourquoi les projets mondiaux \u00e9chouent-ils ?<br \/>\n<\/span><\/strong><\/h2>\n<p>[\/vc_column_text][vc_column_text css_animation=\u00a0\u00bbfadeInDown\u00a0\u00bb]D\u00e9bloquez le secret du succ\u00e8s ! Les recherches r\u00e9v\u00e8lent que le taux de r\u00e9ussite dans la mise en \u0153uvre des syst\u00e8mes d&rsquo;information n&rsquo;atteint que 50 %. Mais ce n&rsquo;est pas tout, les projets mondiaux rencontrent des d\u00e9fis sp\u00e9cifiques. Bas\u00e9 sur notre exp\u00e9rience et nos connaissances, nous vous pr\u00e9sentons un exemple de facteur de risque conduisant \u00e0 l&rsquo;\u00e9chec des projets mondiaux.<\/p>\n<p>[\/vc_column_text][\/vc_column_inner][\/vc_row_inner][vc_row_inner][vc_column_inner width=\u00a0\u00bb1\/2&Prime;][vc_column_text css_animation=\u00a0\u00bbfadeInUp\u00a0\u00bb]<\/p>\n<h2><a href=\"https:\/\/www.ataway.com\/wp-content\/uploads\/2021\/11\/Global-barriers-grey.png\"><img loading=\"lazy\" decoding=\"async\" class=\"wp-image-14111 aligncenter\" src=\"https:\/\/www.ataway.com\/wp-content\/uploads\/2021\/11\/Global-barriers-grey.png\" alt=\"\" width=\"158\" height=\"120\" srcset=\"https:\/\/www.ataway.com\/wp-content\/uploads\/2021\/11\/Global-barriers-grey.png 244w, https:\/\/www.ataway.com\/wp-content\/uploads\/2021\/11\/Global-barriers-grey-193x146.png 193w, https:\/\/www.ataway.com\/wp-content\/uploads\/2021\/11\/Global-barriers-grey-50x38.png 50w, https:\/\/www.ataway.com\/wp-content\/uploads\/2021\/11\/Global-barriers-grey-99x75.png 99w\" sizes=\"auto, (max-width:767px) 158px, 158px\" \/><\/a><\/h2>\n<h3><span style=\"color: #333333;\"><b>1. Barri\u00e8res et Fronti\u00e8res dans les Projets Mondiaux<\/b><\/span><\/h3>\n<p>&nbsp;<\/p>\n<p><strong>Le d\u00e9fi de connecter des mondes :<\/strong> Dans les projets mondiaux, les diff\u00e9rences r\u00e9v\u00e8lent des opportunit\u00e9s et des d\u00e9fis : fuseaux horaires qui s\u00e9parent, cultures et langues qui enrichissent, mais compliquent \u00e9galement. Nous nous plongeons dans cette complexit\u00e9 et vous montrons comment la dompter !<\/p>\n<p><strong>Naviguer \u00e0 travers les R\u00e9gulations et les Cultures :<\/strong> D\u00e9coder le casse-t\u00eate des r\u00e9gulations, des pratiques commerciales et des \u00e9cosyst\u00e8mes de travail dans des contextes mondiaux est un art. Oserez-vous d\u00e9couvrir comment nous parvenons \u00e0 une compr\u00e9hension mutuelle \u00e0 des niveaux profonds et construisons des accords solides dans un monde diversifi\u00e9 ?<\/p>\n<p><strong>Diriger la Connexion Globale :<\/strong> Un monde de d\u00e9fis, un oc\u00e9an d&rsquo;opportunit\u00e9s ! Comment synchroniser le progr\u00e8s, aligner les sponsors et les parties prenantes dans diff\u00e9rents coins du monde ? Ataway France vous emm\u00e8ne au sommet de la gestion de projets mondiaux.<\/p>\n<p><span style=\"color: #333333;\"><b>\u00a0<\/b><\/span><\/p>\n<p><span style=\"color: #333333;\"><b>\u00a0<\/b><\/span>[\/vc_column_text][\/vc_column_inner][vc_column_inner width=\u00a0\u00bb1\/2&Prime;][vc_column_text css_animation=\u00a0\u00bbfadeInUp\u00a0\u00bb]<\/p>\n<h2><a href=\"https:\/\/www.ataway.com\/wp-content\/uploads\/2021\/11\/Different-processes-gray.png\"><img loading=\"lazy\" decoding=\"async\" class=\"wp-image-14112 aligncenter\" src=\"https:\/\/www.ataway.com\/wp-content\/uploads\/2021\/11\/Different-processes-gray.png\" alt=\"\" width=\"158\" height=\"120\" srcset=\"https:\/\/www.ataway.com\/wp-content\/uploads\/2021\/11\/Different-processes-gray.png 244w, https:\/\/www.ataway.com\/wp-content\/uploads\/2021\/11\/Different-processes-gray-193x146.png 193w, https:\/\/www.ataway.com\/wp-content\/uploads\/2021\/11\/Different-processes-gray-50x38.png 50w, https:\/\/www.ataway.com\/wp-content\/uploads\/2021\/11\/Different-processes-gray-99x75.png 99w\" sizes=\"auto, (max-width:767px) 158px, 158px\" \/><\/a><\/h2>\n<h3><\/h3>\n<h3><span style=\"color: #333333;\"><b>2. Diff\u00e9rences dans l\u2019Ex\u00e9cution des Projets Mondiaux<\/b><\/span><\/h3>\n<p>&nbsp;<\/p>\n<p><strong>Deux approches, un chemin :<\/strong> \u00cates-vous plut\u00f4t du type \u00ab\u00a0penser en avan\u00e7ant\u00a0\u00bb ou \u00ab\u00a0penser avant d&rsquo;agir\u00a0\u00bb ? Dans le monde des projets mondiaux, les strat\u00e9gies agiles prennent le devant de la sc\u00e8ne. Nous pr\u00e9sentons une fascinante synergie entre des objectifs clairs, des r\u00f4les d\u00e9finis et des plans ouverts, o\u00f9 la cr\u00e9ativit\u00e9 et la collaboration sont le mot d&rsquo;ordre.<\/p>\n<p><strong>L&rsquo;Art de Synchroniser :<\/strong> \u00cates-vous pr\u00eat pour un voyage excitant de contrastes ? Les projets \u00e0 l&rsquo;\u00e9tranger fa\u00e7onnent les principaux sch\u00e9mas op\u00e9rationnels. Notre \u00e9quipe d&rsquo;Ataway France vous accompagne \u00e0 travers ces diff\u00e9rences, \u00e9vitant les co\u00fbts surprises et les confusions en cours de route.<\/p>\n<p><strong>Alignez votre Vision Globale :<\/strong> Laissez notre exp\u00e9rience, construite au fil des ann\u00e9es dans des projets internationaux, vous guider vers un succ\u00e8s sans limites. Conqu\u00e9rez les diff\u00e9rences et menez le chemin vers la r\u00e9ussite mondiale !<\/p>\n<p><span style=\"color: #333333;\"><b>\u00a0<\/b><\/span>[\/vc_column_text][\/vc_column_inner][\/vc_row_inner][vc_column_text css_animation=\u00a0\u00bbfadeInDown\u00a0\u00bb]<\/p>\n<h2><strong><span style=\"color: #333333;\">Solutions pour le succ\u00e8s de vos projets mondiaux<br \/>\n<\/span><\/strong><\/h2>\n<p>[\/vc_column_text][vc_column_text css_animation=\u00a0\u00bbfadeInDown\u00a0\u00bb]L&rsquo;\u00e9quipe de gestion de projets d&rsquo;Ataway France m\u00e8nera \u00e0 bien l&rsquo;op\u00e9ration du projet en s&rsquo;appuyant sur notre exp\u00e9rience et nos connaissances issues de la mise en \u0153uvre de nombreux projets mondiaux.[\/vc_column_text][vc_row_inner][vc_column_inner width=\u00a0\u00bb1\/2&Prime;][vc_column_text css_animation=\u00a0\u00bbfadeInUp\u00a0\u00bb]<\/p>\n<h2><a href=\"https:\/\/www.ataway.com\/wp-content\/uploads\/2021\/11\/Global-barriers.png\"><img loading=\"lazy\" decoding=\"async\" class=\"aligncenter wp-image-14096\" src=\"https:\/\/www.ataway.com\/wp-content\/uploads\/2021\/11\/Global-barriers.png\" alt=\"\" width=\"158\" height=\"120\" srcset=\"https:\/\/www.ataway.com\/wp-content\/uploads\/2021\/11\/Global-barriers.png 244w, https:\/\/www.ataway.com\/wp-content\/uploads\/2021\/11\/Global-barriers-193x146.png 193w, https:\/\/www.ataway.com\/wp-content\/uploads\/2021\/11\/Global-barriers-50x38.png 50w, https:\/\/www.ataway.com\/wp-content\/uploads\/2021\/11\/Global-barriers-99x75.png 99w\" sizes=\"auto, (max-width:767px) 158px, 158px\" \/><\/a><\/h2>\n<h3><span style=\"color: #333333;\"><strong>1. Abattre les Fronti\u00e8res pour le Succ\u00e8s Global<\/strong><\/span><\/h3>\n<p><span style=\"color: #333333;\">Construire des Ponts de R\u00e9ussite : Notre formule infaillible pour surmonter les barri\u00e8res de la perception mondiale. La cl\u00e9 ? Trois piliers strat\u00e9giques qui transformeront votre projet en un exploit mondial.<\/span><\/p>\n<ul>\n<li><span style=\"color: #333333;\"><strong>l&rsquo;\u00c2me de l&rsquo;Information :<\/strong> Nous concevons un syst\u00e8me de collecte de donn\u00e9es qui s&rsquo;adapte \u00e0 votre vision globale et locale. Une infrastructure dynamique qui vous donne le pouvoir de traiter des informations critiques en temps r\u00e9el.<\/span><\/li>\n<li><span style=\"color: #333333;\"><strong>\u00c9quipe de Succ\u00e8s en Action :<\/strong> Dans un monde globalis\u00e9, l&rsquo;allocation des ressources humaines est cruciale. Nous pr\u00e9sentons une approche m\u00e9ticuleuse pour cr\u00e9er une \u00e9quipe de r\u00eave, maximisant l&rsquo;efficacit\u00e9 et les performances \u00e0 chaque \u00e9tape du projet.<\/span><\/li>\n<li><span style=\"color: #333333;\"><strong>Communication Magistrale :<\/strong> Les fils de la communication tissent le succ\u00e8s. Nos chefs de projet, ma\u00eetres de la synchronisation globale, \u00e9tabliront des ponts entre les visions globales et les t\u00e2ches individuelles, cr\u00e9ant un environnement de concentration totale.<\/span><\/li>\n<\/ul>\n<p><span style=\"color: #333333;\">Pr\u00eat pour le Succ\u00e8s Global : D\u00e9fiez les fronti\u00e8res avec Ataway France et propulsez votre projet vers une reconnaissance mondiale ! D\u00e9couvrez comment nos m\u00e9thodes innovantes peuvent amener votre vision sur la sc\u00e8ne mondiale.<\/span>[\/vc_column_text][\/vc_column_inner][vc_column_inner width=\u00a0\u00bb1\/2&Prime;][vc_column_text css_animation=\u00a0\u00bbfadeInUp\u00a0\u00bb]<\/p>\n<h2><a href=\"https:\/\/www.ataway.com\/wp-content\/uploads\/2021\/11\/Different-processes.png\"><img loading=\"lazy\" decoding=\"async\" class=\"wp-image-14101 aligncenter\" src=\"https:\/\/www.ataway.com\/wp-content\/uploads\/2021\/11\/Different-processes.png\" alt=\"\" width=\"158\" height=\"120\" srcset=\"https:\/\/www.ataway.com\/wp-content\/uploads\/2021\/11\/Different-processes.png 244w, https:\/\/www.ataway.com\/wp-content\/uploads\/2021\/11\/Different-processes-193x146.png 193w, https:\/\/www.ataway.com\/wp-content\/uploads\/2021\/11\/Different-processes-50x38.png 50w, https:\/\/www.ataway.com\/wp-content\/uploads\/2021\/11\/Different-processes-99x75.png 99w\" sizes=\"auto, (max-width:767px) 158px, 158px\" \/><\/a><\/h2>\n<h3><span style=\"color: #333333;\"><b>2. Propulsez votre Projet vers de Nouveaux Horizons<br \/>\n<\/b><\/span><\/h3>\n<p><span style=\"color: #333333;\">Notre strat\u00e9gie ma\u00eetresse pour surmonter les diff\u00e9rences et acc\u00e9l\u00e9rer votre projet mondial. Le secret ? Nous fusionnons la vision et l&rsquo;ex\u00e9cution.<\/span><\/p>\n<ul>\n<li><span style=\"color: #333333;\"><strong>Connexion Globale :<\/strong> Nos consultants, v\u00e9ritables ma\u00eetres dans l&rsquo;art de naviguer dans les projets mondiaux, cr\u00e9ent des ponts entre les visions uniques. En communiquant avec les fournisseurs et les parties prenantes, ils donnent vie \u00e0 des accords solides et g\u00e8rent tout avec \u00e9l\u00e9gance.<\/span><\/li>\n<li><span style=\"color: #333333;\"><strong>Au-del\u00e0 de la Solution :<\/strong> Chez Ataway France, nous n&rsquo;apportons pas seulement des solutions, nous cultivons \u00e9galement un changement puissant. Plus qu&rsquo;une mise en \u0153uvre, c&rsquo;est une transformation. Notre coordination entre gestion de projets et changement se fusionne en une exp\u00e9rience sans \u00e9gale.<\/span><\/li>\n<li><span style=\"color: #333333;\"><strong>Unir les Forces :<\/strong> Plongez dans l&rsquo;art de la collaboration. Notre \u00e9quipe de gestion de projets vous guide dans un voyage vers le succ\u00e8s. Ensemble, nous d\u00e9bloquons le potentiel complet de votre projet.<\/span><\/li>\n<\/ul>\n<p>[\/vc_column_text][\/vc_column_inner][\/vc_row_inner][\/vc_column][\/vc_row][vc_row full_width=\u00a0\u00bbstretch_row\u00a0\u00bb css=\u00a0\u00bb.vc_custom_1693245598725{background: #ffffff url(https:\/\/www.ataway.com\/wp-content\/uploads\/2022\/05\/4.jpg?id=14389) !important;}\u00a0\u00bb][vc_column][vc_empty_space height=\u00a0\u00bb16px\u00a0\u00bb][vc_column_text css_animation=\u00a0\u00bbfadeInDown\u00a0\u00bb]<\/p>\n<h2 style=\"text-align: left;\"><span style=\"color: #ffffff;\"><strong>D\u00e9couvrez l&rsquo;Agilit\u00e9 dans la Gestion de Projets<br \/>\n<\/strong><\/span><\/h2>\n<p>[\/vc_column_text][vc_column_text css_animation=\u00a0\u00bbfadeInDown\u00a0\u00bb]<\/p>\n<p style=\"text-align: left;\"><strong><span style=\"color: #ffffff;\">Chez Ataway France, nous fusionnons l&rsquo;innovation des m\u00e9thodologies agiles avec notre solide exp\u00e9rience en gestion de projets pour vous offrir une solution unique et efficace. Nous disposons d&rsquo;une \u00e9quipe de consultants hautement qualifi\u00e9s en m\u00e9thodologies agiles qui guideront la mise en \u0153uvre efficace au sein de votre organisation. D\u00e9couvrez des r\u00e9sultats surprenants en adoptant les m\u00e9thodologies agiles :<\/span><\/strong><\/p>\n<p>[\/vc_column_text][vc_row_inner][vc_column_inner width=\u00a0\u00bb1\/4&Prime;][vc_column_text css_animation=\u00a0\u00bbfadeInUp\u00a0\u00bb]<span style=\"color: #ffffff;\"><strong>Flexibilit\u00e9 Totale<br \/>\n<\/strong>Adaptez vos projets rapidement aux changements et \u00e9volutions, tout en gardant toujours la bonne direction.<\/span>[\/vc_column_text][\/vc_column_inner][vc_column_inner width=\u00a0\u00bb1\/4&Prime;][vc_column_text css_animation=\u00a0\u00bbfadeInUp\u00a0\u00bb]<span style=\"color: #ffffff;\"><strong>Livraison Continue<br \/>\n<\/strong>Obtenez de la valeur \u00e0 travers des livraisons successives, permettant un retour constant et des am\u00e9liorations progressives.<\/span>[\/vc_column_text][\/vc_column_inner][vc_column_inner width=\u00a0\u00bb1\/4&Prime;][vc_column_text css_animation=\u00a0\u00bbfadeInUp\u00a0\u00bb]<span style=\"color: #ffffff;\"><strong>Orientation Client<br \/>\n<\/strong>Priorisez les besoins de vos clients, en assurant leur satisfaction et l&rsquo;alignement avec leurs attentes.<\/span>[\/vc_column_text][\/vc_column_inner][vc_column_inner width=\u00a0\u00bb1\/4&Prime;][vc_column_text css_animation=\u00a0\u00bbfadeInUp\u00a0\u00bb]<span style=\"color: #ffffff;\"><strong>Collaboration Active<br \/>\n<\/strong>Encouragez une communication constante entre les \u00e9quipes et les parties prenantes pour r\u00e9soudre les d\u00e9fis de mani\u00e8re collaborative.<\/span>[\/vc_column_text][\/vc_column_inner][\/vc_row_inner][vc_empty_space height=\u00a0\u00bb16px\u00a0\u00bb][\/vc_column][\/vc_row][vc_row][vc_column][vc_column_text css_animation=\u00a0\u00bbfadeInDown\u00a0\u00bb]<\/p>\n<h3><span style=\"color: #333333;\"><strong>Port\u00e9e de notre service<\/strong><\/span><\/h3>\n<p>[\/vc_column_text][vc_column_text css_animation=\u00a0\u00bbfadeInUp\u00a0\u00bb]Ataway France offre un soutien \u00e0 la gestion de projets pour les clients cherchant \u00e0 r\u00e9aliser des transformations dans des environnements mondiaux pour plus de 80 % de leurs projets.<\/p>\n<p>La port\u00e9e principale du soutien \u00e0 la gestion de projets dans la r\u00e9forme des processus et des syst\u00e8mes commerciaux inclut (1) l&rsquo;\u00e9laboration de plans de projet et (2) la surveillance et le contr\u00f4le de l&rsquo;ex\u00e9cution selon le plan. La gestion couvre non seulement l&rsquo;avancement des t\u00e2ches, mais aussi l&rsquo;\u00e9tendue, la qualit\u00e9 du travail, l&rsquo;\u00e9tat des co\u00fbts, l&rsquo;attitude et la collaboration des membres du projet, entre autres aspects.[\/vc_column_text][\/vc_column][\/vc_row][vc_row el_id=\u00a0\u00bbcontactooraclecloud\u00a0\u00bb][vc_column][vc_column_text css_animation=\u00a0\u00bbfadeInDown\u00a0\u00bb]<\/p>\n<div class=\"flex flex-grow flex-col max-w-full\">\n<div class=\"min-h-[20px] text-message flex flex-col items-start whitespace-pre-wrap break-words [.text-message+&amp;]:mt-5 juice:w-full juice:items-end overflow-x-auto gap-2\" dir=\"auto\" data-message-author-role=\"assistant\" data-message-id=\"baf33d4b-8aae-47c7-a719-c99ad22a9443\">\n<div class=\"flex w-full flex-col gap-1 juice:empty:hidden juice:first:pt-[3px]\">\n<div class=\"markdown prose w-full break-words dark:prose-invert light\">\n<div class=\"flex flex-grow flex-col max-w-full\">\n<div class=\"min-h-[20px] text-message flex flex-col items-start whitespace-pre-wrap break-words [.text-message+&amp;]:mt-5 juice:w-full juice:items-end overflow-x-auto gap-2\" dir=\"auto\" data-message-author-role=\"assistant\" data-message-id=\"e431e7ca-27b8-45fe-9c29-b843bc259684\">\n<div class=\"flex w-full flex-col gap-1 juice:empty:hidden juice:first:pt-[3px]\">\n<div class=\"markdown prose w-full break-words dark:prose-invert light\">\n<h2 style=\"text-align: center;\"><strong><span style=\"color: #333333;\">Optimisez vos projets avec des solutions PMO expertes. Contactez-nous !<\/span><\/strong><\/h2>\n<\/div>\n<\/div>\n<\/div>\n<\/div>\n<\/div>\n<\/div>\n<\/div>\n<\/div>\n<p>[\/vc_column_text]\n<div class=\"wpcf7 no-js\" id=\"wpcf7-f37969-o1\" lang=\"en\" dir=\"ltr\" data-wpcf7-id=\"37969\">\n<div class=\"screen-reader-response\"><p role=\"status\" aria-live=\"polite\" aria-atomic=\"true\"><\/p> <ul><\/ul><\/div>\n<form action=\"\/fr-fr\/wp-json\/wp\/v2\/pages\/35909#wpcf7-f37969-o1\" method=\"post\" class=\"wpcf7-form init\" aria-label=\"Formulaire de contact\" novalidate=\"novalidate\" data-status=\"init\">\n<fieldset class=\"hidden-fields-container\"><input type=\"hidden\" name=\"_wpcf7\" value=\"37969\" \/><input type=\"hidden\" name=\"_wpcf7_version\" value=\"6.1.2\" \/><input type=\"hidden\" name=\"_wpcf7_locale\" value=\"en\" \/><input type=\"hidden\" name=\"_wpcf7_unit_tag\" value=\"wpcf7-f37969-o1\" \/><input type=\"hidden\" name=\"_wpcf7_container_post\" value=\"0\" \/><input type=\"hidden\" name=\"_wpcf7_posted_data_hash\" value=\"\" \/><input type=\"hidden\" name=\"_wpcf7_recaptcha_response\" value=\"\" \/>\n<\/fieldset>\n<div class=\"contact-form\">\n\t<p><label><span style=\"color: #333333;\"> Nom*<br \/>\n<span class=\"wpcf7-form-control-wrap\" data-name=\"your-name\"><input size=\"40\" maxlength=\"400\" class=\"wpcf7-form-control wpcf7-text wpcf7-validates-as-required\" aria-required=\"true\" aria-invalid=\"false\" value=\"\" type=\"text\" name=\"your-name\" \/><\/span> <\/span><\/label>\n\t<\/p>\n\t<p><label><span style=\"color: #333333;\"> Email*<br \/>\n<span class=\"wpcf7-form-control-wrap\" data-name=\"your-email\"><input size=\"40\" maxlength=\"400\" class=\"wpcf7-form-control wpcf7-email wpcf7-validates-as-required wpcf7-text wpcf7-validates-as-email\" aria-required=\"true\" aria-invalid=\"false\" value=\"\" type=\"email\" name=\"your-email\" \/><\/span> <\/span><\/label>\n\t<\/p>\n\t<p><label><span style=\"color: #333333;\"> Nom de l\u2019entreprise*<br \/>\n<span class=\"wpcf7-form-control-wrap\" data-name=\"companyname\"><input size=\"40\" maxlength=\"400\" class=\"wpcf7-form-control wpcf7-text wpcf7-validates-as-required\" aria-required=\"true\" aria-invalid=\"false\" value=\"\" type=\"text\" name=\"companyname\" \/><\/span> <\/span><\/label>\n\t<\/p>\n\t<p><label><span style=\"color: #333333;\"> Poste*<br \/>\n<span class=\"wpcf7-form-control-wrap\" data-name=\"companyjob\"><input size=\"40\" maxlength=\"400\" class=\"wpcf7-form-control wpcf7-text wpcf7-validates-as-required\" aria-required=\"true\" aria-invalid=\"false\" value=\"\" type=\"text\" name=\"companyjob\" \/><\/span> <\/span><\/label>\n\t<\/p>\n\t<p><label><span style=\"color: #333333;\"> Comment avez-vous connu Ataway ?<br \/>\n<span class=\"wpcf7-form-control-wrap\" data-name=\"hear-about\"><select class=\"wpcf7-form-control wpcf7-select\" aria-invalid=\"false\" name=\"hear-about\"><option value=\"S\u00e9lectionnez une option\">S\u00e9lectionnez une option<\/option><option value=\"Recommandation\">Recommandation<\/option><option value=\"Moteur de recherche\">Moteur de recherche<\/option><option value=\"LinkedIn\">LinkedIn<\/option><option value=\"Marketplace partenaire\">Marketplace partenaire<\/option><option value=\"\u00c9v\u00e9nement\">\u00c9v\u00e9nement<\/option><option value=\"Autre\">Autre<\/option><\/select><\/span> <\/span><\/label>\n\t<\/p>\n<\/div>\n<div class=\"contact-form\">\n\t<p><label><span style=\"color: #333333;\"> Votre message*<br \/>\n<span class=\"wpcf7-form-control-wrap\" data-name=\"your-message\"><textarea cols=\"40\" rows=\"10\" maxlength=\"2000\" class=\"wpcf7-form-control wpcf7-textarea wpcf7-validates-as-required\" aria-required=\"true\" aria-invalid=\"false\" placeholder=\"Parlez-nous de votre besoin ou de votre projet...\" name=\"your-message\"><\/textarea><\/span> <\/span><\/label>\n\t<\/p>\n\t<p><span class=\"wpcf7-form-control-wrap\" data-name=\"PrivacyPolicy\"><span class=\"wpcf7-form-control wpcf7-acceptance\"><span class=\"wpcf7-list-item\"><label><input type=\"checkbox\" name=\"PrivacyPolicy\" value=\"1\" aria-invalid=\"false\" \/><span class=\"wpcf7-list-item-label\"><span style=\"color: #333333;\"> J\u2019ai lu et j\u2019accepte la <a rel=\"nofollow\" href=\"https:\/\/www.ataway.com\/fr-fr\/privacy-policy\/\"> Politique de Confidentialit\u00e9 de Ataway <\/a>. <\/span><\/span><\/label><\/span><\/span><\/span>\n\t<\/p>\n\t<p><input class=\"wpcf7-form-control wpcf7-submit has-spinner\" type=\"submit\" value=\"Envoyer\" \/>\n\t<\/p>\n\t<p>*Ce site est prot\u00e9g\u00e9 par reCAPTCHA et les <a href=\"https:\/\/policies.google.com\/privacy\">Politique de Confidentialit\u00e9<\/a> et les <a href=\"https:\/\/policies.google.com\/terms\">Conditions d'utilisation<\/a> de Google s'appliquent.\n\t<\/p>\n<\/div>\n<input class=\"wpcf7-form-control wpcf7-hidden\" id=\"solution-field\" value=\"\" type=\"hidden\" name=\"solution\" \/><div class=\"wpcf7-response-output\" aria-hidden=\"true\"><\/div>\n<\/form>\n<\/div>\n[vc_empty_space][\/vc_column][\/vc_row]<\/p>\n<\/div>","protected":false},"excerpt":{"rendered":"<p>[vc_row full_width=\u00a0\u00bbstretch_row\u00a0\u00bb full_height=\u00a0\u00bbyes\u00a0\u00bb content_placement=\u00a0\u00bbmiddle\u00a0\u00bb parallax=\u00a0\u00bbcontent-moving\u00a0\u00bb parallax_image=\u00a0\u00bb6330&Prime; css=\u00a0\u00bb.vc_custom_1633551843177{background-color: #eaeaea !important;}\u00a0\u00bb][vc_column][vc_empty_space height=\u00a0\u00bb100&Prime;][vc_column_text css_animation=\u00a0\u00bbfadeInDown\u00a0\u00bb] Diriger le Succ\u00e8s Entreprise. Gestion de Projets Globaux [\/vc_column_text][vc_column_text css_animation=\u00a0\u00bbfadeInUp\u00a0\u00bb] Dans le monde des affaires<span class=\"excerpt-hellip\"> [\u2026]<\/span><\/p>\n","protected":false},"author":6,"featured_media":-1,"parent":11791,"menu_order":0,"comment_status":"closed","ping_status":"closed","template":"","meta":{"footnotes":""},"class_list":["post-35909","page","type-page","status-publish","has-post-thumbnail","hentry"],"_links":{"self":[{"href":"https:\/\/www.ataway.com\/fr-fr\/wp-json\/wp\/v2\/pages\/35909","targetHints":{"allow":["GET"]}}],"collection":[{"href":"https:\/\/www.ataway.com\/fr-fr\/wp-json\/wp\/v2\/pages"}],"about":[{"href":"https:\/\/www.ataway.com\/fr-fr\/wp-json\/wp\/v2\/types\/page"}],"author":[{"embeddable":true,"href":"https:\/\/www.ataway.com\/fr-fr\/wp-json\/wp\/v2\/users\/6"}],"replies":[{"embeddable":true,"href":"https:\/\/www.ataway.com\/fr-fr\/wp-json\/wp\/v2\/comments?post=35909"}],"version-history":[{"count":7,"href":"https:\/\/www.ataway.com\/fr-fr\/wp-json\/wp\/v2\/pages\/35909\/revisions"}],"predecessor-version":[{"id":35911,"href":"https:\/\/www.ataway.com\/fr-fr\/wp-json\/wp\/v2\/pages\/35909\/revisions\/35911"}],"up":[{"embeddable":true,"href":"https:\/\/www.ataway.com\/fr-fr\/wp-json\/wp\/v2\/pages\/11791"}],"wp:featuredmedia":[{"embeddable":true,"href":"https:\/\/www.ataway.com\/fr-fr\/wp-json\/"}],"wp:attachment":[{"href":"https:\/\/www.ataway.com\/fr-fr\/wp-json\/wp\/v2\/media?parent=35909"}],"curies":[{"name":"wp","href":"https:\/\/api.w.org\/{rel}","templated":true}]}}