{"id":35813,"date":"2019-06-14T13:00:20","date_gmt":"2019-06-14T16:00:20","guid":{"rendered":"https:\/\/www.ataway.com\/conseil\/sap-successfactors\/"},"modified":"2024-12-17T10:55:12","modified_gmt":"2024-12-17T13:55:12","slug":"sap-successfactors","status":"publish","type":"page","link":"https:\/\/www.ataway.com\/fr-fr\/solutions\/sap-successfactors\/","title":{"rendered":"SAP SuccessFactors"},"content":{"rendered":"<div class=\"wpb-content-wrapper\"><p>[vc_row full_width=\u00a0\u00bbstretch_row\u00a0\u00bb full_height=\u00a0\u00bbyes\u00a0\u00bb content_placement=\u00a0\u00bbmiddle\u00a0\u00bb parallax=\u00a0\u00bbcontent-moving\u00a0\u00bb parallax_image=\u00a0\u00bb2731&Prime; css=\u00a0\u00bb.vc_custom_1560527895023{background-color: #eaeaea !important;}\u00a0\u00bb][vc_column][vc_empty_space height=\u00a0\u00bb100&Prime;][vc_column_text css_animation=\u00a0\u00bbfadeInDown\u00a0\u00bb]<\/p>\n<h1 style=\"text-align: left;\"><img loading=\"lazy\" decoding=\"async\" class=\"alignnone size-medium wp-image-12148\" src=\"https:\/\/www.ataway.com\/wp-content\/uploads\/2019\/06\/2-300x36.png\" alt=\"\" width=\"300\" height=\"36\" srcset=\"https:\/\/www.ataway.com\/wp-content\/uploads\/2019\/06\/2-300x36.png 300w, https:\/\/www.ataway.com\/wp-content\/uploads\/2019\/06\/2-768x92.png 768w, https:\/\/www.ataway.com\/wp-content\/uploads\/2019\/06\/2-1024x123.png 1024w, https:\/\/www.ataway.com\/wp-content\/uploads\/2019\/06\/2-260x31.png 260w, https:\/\/www.ataway.com\/wp-content\/uploads\/2019\/06\/2-50x6.png 50w, https:\/\/www.ataway.com\/wp-content\/uploads\/2019\/06\/2-150x18.png 150w, https:\/\/www.ataway.com\/wp-content\/uploads\/2019\/06\/2.png 1537w\" sizes=\"auto, (max-width:767px) 300px, 300px\" \/><\/h1>\n<p>[\/vc_column_text][vc_column_text css_animation=\u00a0\u00bbfadeInDown\u00a0\u00bb]<\/p>\n<h1><strong><span style=\"color: #ffffff;\">R\u00e9volutionnez votre gestion des ressources humaines avec SAP SuccessFactors<br \/>\n<\/span><\/strong><\/h1>\n<p>[\/vc_column_text][vc_column_text css_animation=\u00a0\u00bbfadeInUp\u00a0\u00bb]<\/p>\n<h2><span style=\"color: #ffffff;\">Des solutions RH int\u00e9gr\u00e9es pour la main-d&rsquo;\u0153uvre moderne.<br \/>\nCommencez d\u00e8s aujourd&rsquo;hui !<\/span><\/h2>\n<p>[\/vc_column_text][vc_btn title=\u00a0\u00bbContactez-nous pour une consultation gratuite!\u00a0\u00bb style=\u00a0\u00bbclassic\u00a0\u00bb color=\u00a0\u00bbwarning\u00a0\u00bb size=\u00a0\u00bblg\u00a0\u00bb css_animation=\u00a0\u00bbbounceIn\u00a0\u00bb link=\u00a0\u00bburl:%23sap-contact\u00a0\u00bb][vc_empty_space height=\u00a0\u00bb16px\u00a0\u00bb][vc_icon type=\u00a0\u00bbentypo\u00a0\u00bb icon_entypo=\u00a0\u00bbentypo-icon entypo-icon-down-open-big\u00a0\u00bb color=\u00a0\u00bbwhite\u00a0\u00bb background_style=\u00a0\u00bbrounded\u00a0\u00bb background_color=\u00a0\u00bbcustom\u00a0\u00bb size=\u00a0\u00bbsm\u00a0\u00bb align=\u00a0\u00bbcenter\u00a0\u00bb custom_background_color=\u00a0\u00bbrgba(10,10,10,0.56)\u00a0\u00bb el_class=\u00a0\u00bbscroller-cursor-pointer\u00a0\u00bb link=\u00a0\u00bburl:%23scroller-second-frame\u00a0\u00bb][\/vc_column][\/vc_row][vc_row el_id=\u00a0\u00bbscroller-second-frame\u00a0\u00bb][vc_column][vc_empty_space height=\u00a0\u00bb16px\u00a0\u00bb][vc_column_text css_animation=\u00a0\u00bbfadeInDown\u00a0\u00bb]<\/p>\n<h2><strong><span style=\"color: #333333;\">Solutions compl\u00e8tes en ressources humaines pour tous les besoins d&rsquo;entreprise<\/span><\/strong><\/h2>\n<p>[\/vc_column_text][vc_row_inner][vc_column_inner width=\u00a0\u00bb1\/2&Prime;][vc_column_text css_animation=\u00a0\u00bbfadeInUp\u00a0\u00bb]La suite SuccessFactors HCM est une solution capable de g\u00e9rer toutes les mesures RH, int\u00e9grant \u00e9troitement la gestion des talents, l\u2019analyse des donn\u00e9es de la main-d\u2019\u0153uvre, les fonctions de planification et les solutions RH de nouvelle g\u00e9n\u00e9ration. Utilis\u00e9 par plus de 3 600 clients et plus de 20 millions d\u2019utilisateurs dans 177 pays, le logiciel HCM SuccessFactors est le logiciel SaaS d\u2019affaires le plus utilis\u00e9 au monde.[\/vc_column_text][\/vc_column_inner][vc_column_inner width=\u00a0\u00bb1\/2&Prime;][vc_column_text css_animation=\u00a0\u00bbfadeInUp\u00a0\u00bb el_class=\u00a0\u00bbbig\u00a0\u00bb css=\u00a0\u00bb.vc_custom_1719422604143{padding-right: 32px !important;padding-left: 32px !important;}\u00a0\u00bb]<\/p>\n<h3><strong><span style=\"color: #eb7932;\">3600 <\/span><\/strong><span style=\"color: #333333;\">Clients<\/span><\/h3>\n<hr \/>\n<h3><strong><span style=\"color: #eb7932;\">20 million <\/span><\/strong><span style=\"color: #333333;\">Millions d&rsquo;utilisateurs<\/span><\/h3>\n<hr \/>\n<h3><strong><span style=\"color: #eb7932;\">177 <\/span><\/strong><span style=\"color: #333333;\">Pays<\/span><\/h3>\n<p>[\/vc_column_text][\/vc_column_inner][\/vc_row_inner][\/vc_column][\/vc_row][vc_row full_width=\u00a0\u00bbstretch_row\u00a0\u00bb content_placement=\u00a0\u00bbmiddle\u00a0\u00bb css=\u00a0\u00bb.vc_custom_1719421440216{background-color: #f2f2f2 !important;}\u00a0\u00bb][vc_column][vc_empty_space height=\u00a0\u00bb16px\u00a0\u00bb][vc_column_text css_animation=\u00a0\u00bbfadeInDown\u00a0\u00bb el_class=\u00a0\u00bbbig\u00a0\u00bb]<\/p>\n<div class=\"flex-shrink-0 flex flex-col relative items-end\">\n<div class=\"pt-0.5 juice:pt-0\">\n<div class=\"gizmo-bot-avatar flex h-6 w-6 items-center justify-center overflow-hidden rounded-full juice:h-8 juice:w-8\">\n<h2 class=\"relative p-1 rounded-sm flex items-center justify-center bg-token-main-surface-primary text-token-text-primary h-8 w-8\" style=\"text-align: left;\"><strong><span style=\"color: #333333;\">Principales fonctionnalit\u00e9s de la suite SuccessFactors HCM :<\/span><\/strong><\/h2>\n<\/div>\n<\/div>\n<\/div>\n<p>[\/vc_column_text][vc_row_inner][vc_column_inner width=\u00a0\u00bb1\/2&Prime;][vc_column_text css_animation=\u00a0\u00bbfadeInUp\u00a0\u00bb]<\/p>\n<ul>\n<li><span style=\"color: #333333;\"><strong>Employee Central<\/strong>: Centralisez toutes les donn\u00e9es des employ\u00e9s et simplifiez les processus RH.<\/span><\/li>\n<li><span style=\"color: #333333;\"><strong>Recrutement<\/strong>: Attirez, engagez et recrutez efficacement les meilleurs talents.<\/span><\/li>\n<li><span style=\"color: #333333;\"><strong>Int\u00e9gration<\/strong>: Int\u00e9gration sans faille pour assurer une transition fluide des nouveaux employ\u00e9s.<\/span><\/li>\n<li><span style=\"color: #333333;\"><strong>Performance &amp; Objectifs<\/strong>: Alignez la performance des employ\u00e9s avec les objectifs de l&rsquo;entreprise.<\/span><\/li>\n<li><span style=\"color: #333333;\"><strong>R\u00e9mun\u00e9ration<\/strong>: Gestion juste et comp\u00e9titive de la r\u00e9mun\u00e9ration.<\/span><\/li>\n<\/ul>\n<p>[\/vc_column_text][\/vc_column_inner][vc_column_inner width=\u00a0\u00bb1\/2&Prime;][vc_column_text css_animation=\u00a0\u00bbfadeInUp\u00a0\u00bb]<\/p>\n<ul>\n<li><span style=\"color: #333333;\"><strong>Succession &amp; D\u00e9veloppement<\/strong>: Pr\u00e9parez les futurs leaders gr\u00e2ce \u00e0 une planification de la succession efficace.<\/span><\/li>\n<li><span style=\"color: #333333;\"><strong>Formation<\/strong>: Am\u00e9liorez les comp\u00e9tences et les connaissances gr\u00e2ce \u00e0 des programmes de formation robustes.<\/span><\/li>\n<li><span style=\"color: #333333;\"><strong>Planification de la main-d\u2019\u0153uvre<\/strong>: Optimisez la planification et les pr\u00e9visions de la main-d\u2019\u0153uvre.<\/span><\/li>\n<li><span style=\"color: #333333;\"><strong>Analyse &amp; Reporting de la main-d\u2019\u0153uvre<\/strong>: Analyses approfondies pour une prise de d\u00e9cision bas\u00e9e sur les donn\u00e9es.<\/span><\/li>\n<li><span style=\"color: #333333;\"><strong>SAP Jam<\/strong>: Favorisez la collaboration et la communication au sein de l&rsquo;organisation.<\/span><\/li>\n<\/ul>\n<p>[\/vc_column_text][\/vc_column_inner][\/vc_row_inner][\/vc_column][\/vc_row][vc_row full_width=\u00a0\u00bbstretch_row\u00a0\u00bb parallax=\u00a0\u00bbcontent-moving\u00a0\u00bb][vc_column][vc_empty_space height=\u00a0\u00bb16px\u00a0\u00bb][vc_column_text css_animation=\u00a0\u00bbfadeInDown\u00a0\u00bb]<\/p>\n<h2><span style=\"color: #333333;\"><strong>Pourquoi choisir Ataway pour l&rsquo;impl\u00e9mentation de SAP SuccessFactors ?<\/strong><\/span><\/h2>\n<p>[\/vc_column_text][vc_column_text css_animation=\u00a0\u00bbfadeInDown\u00a0\u00bb]Les services d&rsquo;Ataway sont con\u00e7us pour r\u00e9pondre aux exigences des clients \u00e0 chaque \u00e9tape de l&rsquo;impl\u00e9mentation, \u00e9tablissant de nouvelles normes pour les entreprises. Notre cadre flexible peut s&rsquo;adapter \u00e0 presque tous les sc\u00e9narios clients.[\/vc_column_text][vc_row_inner][vc_column_inner width=\u00a0\u00bb1\/3&Prime;][vc_column_text css_animation=\u00a0\u00bbfadeInUp\u00a0\u00bb]<\/p>\n<h3><strong><a href=\"https:\/\/www.ataway.com\/wp-content\/uploads\/2023\/08\/Strategy-V2.png\"><img loading=\"lazy\" decoding=\"async\" class=\"alignnone wp-image-30603\" src=\"https:\/\/www.ataway.com\/wp-content\/uploads\/2023\/08\/Strategy-V2.png\" alt=\"\" width=\"250\" height=\"188\" srcset=\"https:\/\/www.ataway.com\/wp-content\/uploads\/2023\/08\/Strategy-V2.png 300w, https:\/\/www.ataway.com\/wp-content\/uploads\/2023\/08\/Strategy-V2-195x146.png 195w, https:\/\/www.ataway.com\/wp-content\/uploads\/2023\/08\/Strategy-V2-50x38.png 50w, https:\/\/www.ataway.com\/wp-content\/uploads\/2023\/08\/Strategy-V2-100x75.png 100w\" sizes=\"auto, (max-width:767px) 250px, 250px\" \/><\/a><br \/>\n<span style=\"color: #eb7932;\">Consultation Expert<\/span><\/strong><\/h3>\n<p>Sp\u00e9cialis\u00e9s dans l&rsquo;impl\u00e9mentation ERP dans les domaines de la comptabilit\u00e9, de la cha\u00eene d&rsquo;approvisionnement et des op\u00e9rations RH.[\/vc_column_text][\/vc_column_inner][vc_column_inner width=\u00a0\u00bb1\/3&Prime;][vc_column_text css_animation=\u00a0\u00bbfadeInUp\u00a0\u00bb]<\/p>\n<h3><strong><span style=\"color: #eb7932;\"><a style=\"color: #eb7932;\" href=\"https:\/\/www.ataway.com\/wp-content\/uploads\/2023\/08\/VISSION-V2.png\"><img loading=\"lazy\" decoding=\"async\" class=\"alignnone wp-image-30625\" src=\"https:\/\/www.ataway.com\/wp-content\/uploads\/2023\/08\/VISSION-V2.png\" alt=\"\" width=\"250\" height=\"188\" srcset=\"https:\/\/www.ataway.com\/wp-content\/uploads\/2023\/08\/VISSION-V2.png 300w, https:\/\/www.ataway.com\/wp-content\/uploads\/2023\/08\/VISSION-V2-195x146.png 195w, https:\/\/www.ataway.com\/wp-content\/uploads\/2023\/08\/VISSION-V2-50x38.png 50w, https:\/\/www.ataway.com\/wp-content\/uploads\/2023\/08\/VISSION-V2-100x75.png 100w\" sizes=\"auto, (max-width:767px) 250px, 250px\" \/><\/a><\/span><br \/>\n<span style=\"color: #eb7932;\">Gestion de Projet<br \/>\n<\/span><\/strong><\/h3>\n<p>Support complet en gestion de projet et gestion du changement.[\/vc_column_text][\/vc_column_inner][vc_column_inner width=\u00a0\u00bb1\/3&Prime;][vc_column_text css_animation=\u00a0\u00bbfadeInUp\u00a0\u00bb]<\/p>\n<h3><strong><a href=\"https:\/\/www.ataway.com\/wp-content\/uploads\/2023\/08\/RESPONSIVE-V2.png\"><img loading=\"lazy\" decoding=\"async\" class=\"alignnone wp-image-30614\" src=\"https:\/\/www.ataway.com\/wp-content\/uploads\/2023\/08\/RESPONSIVE-V2.png\" alt=\"\" width=\"250\" height=\"188\" srcset=\"https:\/\/www.ataway.com\/wp-content\/uploads\/2023\/08\/RESPONSIVE-V2.png 300w, https:\/\/www.ataway.com\/wp-content\/uploads\/2023\/08\/RESPONSIVE-V2-195x146.png 195w, https:\/\/www.ataway.com\/wp-content\/uploads\/2023\/08\/RESPONSIVE-V2-50x38.png 50w, https:\/\/www.ataway.com\/wp-content\/uploads\/2023\/08\/RESPONSIVE-V2-100x75.png 100w\" sizes=\"auto, (max-width:767px) 250px, 250px\" \/><\/a><br \/>\n<span style=\"color: #eb7932;\">Succ\u00e8s Prouv\u00e9<br \/>\n<\/span><\/strong><\/h3>\n<p>Exemples concrets de projets r\u00e9ussis et de clients satisfaits.[\/vc_column_text][\/vc_column_inner][\/vc_row_inner][\/vc_column][\/vc_row][vc_row el_id=\u00a0\u00bbsap-contact\u00a0\u00bb][vc_column][vc_column_text css_animation=\u00a0\u00bbfadeInDown\u00a0\u00bb]<\/p>\n<h2 style=\"text-align: center;\"><span style=\"color: #333333;\"><strong>Contactez-nous pour commencer !<\/strong><\/span><\/h2>\n<p>[\/vc_column_text][vc_row_inner][vc_column_inner]\n<div class=\"wpcf7 no-js\" id=\"wpcf7-f37969-o1\" lang=\"en\" dir=\"ltr\" data-wpcf7-id=\"37969\">\n<div class=\"screen-reader-response\"><p role=\"status\" aria-live=\"polite\" aria-atomic=\"true\"><\/p> <ul><\/ul><\/div>\n<form action=\"\/fr-fr\/wp-json\/wp\/v2\/pages\/35813#wpcf7-f37969-o1\" method=\"post\" class=\"wpcf7-form init\" aria-label=\"Formulaire de contact\" novalidate=\"novalidate\" data-status=\"init\">\n<fieldset class=\"hidden-fields-container\"><input type=\"hidden\" name=\"_wpcf7\" value=\"37969\" \/><input type=\"hidden\" name=\"_wpcf7_version\" value=\"6.1.2\" \/><input type=\"hidden\" name=\"_wpcf7_locale\" value=\"en\" \/><input type=\"hidden\" name=\"_wpcf7_unit_tag\" value=\"wpcf7-f37969-o1\" \/><input type=\"hidden\" name=\"_wpcf7_container_post\" value=\"0\" \/><input type=\"hidden\" name=\"_wpcf7_posted_data_hash\" value=\"\" \/><input type=\"hidden\" name=\"_wpcf7_recaptcha_response\" value=\"\" \/>\n<\/fieldset>\n<div class=\"contact-form\">\n\t<p><label><span style=\"color: #333333;\"> Nom*<br \/>\n<span class=\"wpcf7-form-control-wrap\" data-name=\"your-name\"><input size=\"40\" maxlength=\"400\" class=\"wpcf7-form-control wpcf7-text wpcf7-validates-as-required\" aria-required=\"true\" aria-invalid=\"false\" value=\"\" type=\"text\" name=\"your-name\" \/><\/span> <\/span><\/label>\n\t<\/p>\n\t<p><label><span style=\"color: #333333;\"> Email*<br \/>\n<span class=\"wpcf7-form-control-wrap\" data-name=\"your-email\"><input size=\"40\" maxlength=\"400\" class=\"wpcf7-form-control wpcf7-email wpcf7-validates-as-required wpcf7-text wpcf7-validates-as-email\" aria-required=\"true\" aria-invalid=\"false\" value=\"\" type=\"email\" name=\"your-email\" \/><\/span> <\/span><\/label>\n\t<\/p>\n\t<p><label><span style=\"color: #333333;\"> Nom de l\u2019entreprise*<br \/>\n<span class=\"wpcf7-form-control-wrap\" data-name=\"companyname\"><input size=\"40\" maxlength=\"400\" class=\"wpcf7-form-control wpcf7-text wpcf7-validates-as-required\" aria-required=\"true\" aria-invalid=\"false\" value=\"\" type=\"text\" name=\"companyname\" \/><\/span> <\/span><\/label>\n\t<\/p>\n\t<p><label><span style=\"color: #333333;\"> Poste*<br \/>\n<span class=\"wpcf7-form-control-wrap\" data-name=\"companyjob\"><input size=\"40\" maxlength=\"400\" class=\"wpcf7-form-control wpcf7-text wpcf7-validates-as-required\" aria-required=\"true\" aria-invalid=\"false\" value=\"\" type=\"text\" name=\"companyjob\" \/><\/span> <\/span><\/label>\n\t<\/p>\n\t<p><label><span style=\"color: #333333;\"> Comment avez-vous connu Ataway ?<br \/>\n<span class=\"wpcf7-form-control-wrap\" data-name=\"hear-about\"><select class=\"wpcf7-form-control wpcf7-select\" aria-invalid=\"false\" name=\"hear-about\"><option value=\"S\u00e9lectionnez une option\">S\u00e9lectionnez une option<\/option><option value=\"Recommandation\">Recommandation<\/option><option value=\"Moteur de recherche\">Moteur de recherche<\/option><option value=\"LinkedIn\">LinkedIn<\/option><option value=\"Marketplace partenaire\">Marketplace partenaire<\/option><option value=\"\u00c9v\u00e9nement\">\u00c9v\u00e9nement<\/option><option value=\"Autre\">Autre<\/option><\/select><\/span> <\/span><\/label>\n\t<\/p>\n<\/div>\n<div class=\"contact-form\">\n\t<p><label><span style=\"color: #333333;\"> Votre message*<br \/>\n<span class=\"wpcf7-form-control-wrap\" data-name=\"your-message\"><textarea cols=\"40\" rows=\"10\" maxlength=\"2000\" class=\"wpcf7-form-control wpcf7-textarea wpcf7-validates-as-required\" aria-required=\"true\" aria-invalid=\"false\" placeholder=\"Parlez-nous de votre besoin ou de votre projet...\" name=\"your-message\"><\/textarea><\/span> <\/span><\/label>\n\t<\/p>\n\t<p><span class=\"wpcf7-form-control-wrap\" data-name=\"PrivacyPolicy\"><span class=\"wpcf7-form-control wpcf7-acceptance\"><span class=\"wpcf7-list-item\"><label><input type=\"checkbox\" name=\"PrivacyPolicy\" value=\"1\" aria-invalid=\"false\" \/><span class=\"wpcf7-list-item-label\"><span style=\"color: #333333;\"> J\u2019ai lu et j\u2019accepte la <a rel=\"nofollow\" href=\"https:\/\/www.ataway.com\/fr-fr\/privacy-policy\/\"> Politique de Confidentialit\u00e9 de Ataway <\/a>. <\/span><\/span><\/label><\/span><\/span><\/span>\n\t<\/p>\n\t<p><input class=\"wpcf7-form-control wpcf7-submit has-spinner\" type=\"submit\" value=\"Envoyer\" \/>\n\t<\/p>\n\t<p>*Ce site est prot\u00e9g\u00e9 par reCAPTCHA et les <a href=\"https:\/\/policies.google.com\/privacy\">Politique de Confidentialit\u00e9<\/a> et les <a href=\"https:\/\/policies.google.com\/terms\">Conditions d'utilisation<\/a> de Google s'appliquent.\n\t<\/p>\n<\/div>\n<input class=\"wpcf7-form-control wpcf7-hidden\" id=\"solution-field\" value=\"\" type=\"hidden\" name=\"solution\" \/><div class=\"wpcf7-response-output\" aria-hidden=\"true\"><\/div>\n<\/form>\n<\/div>\n[\/vc_column_inner][\/vc_row_inner][\/vc_column][\/vc_row][vc_row][vc_column][\/vc_column][\/vc_row]<\/p>\n<\/div>","protected":false},"excerpt":{"rendered":"<p>[vc_row full_width=\u00a0\u00bbstretch_row\u00a0\u00bb full_height=\u00a0\u00bbyes\u00a0\u00bb content_placement=\u00a0\u00bbmiddle\u00a0\u00bb parallax=\u00a0\u00bbcontent-moving\u00a0\u00bb parallax_image=\u00a0\u00bb2731&Prime; css=\u00a0\u00bb.vc_custom_1560527895023{background-color: #eaeaea !important;}\u00a0\u00bb][vc_column][vc_empty_space height=\u00a0\u00bb100&Prime;][vc_column_text css_animation=\u00a0\u00bbfadeInDown\u00a0\u00bb] [\/vc_column_text][vc_column_text css_animation=\u00a0\u00bbfadeInDown\u00a0\u00bb] R\u00e9volutionnez votre gestion des ressources humaines avec SAP SuccessFactors [\/vc_column_text][vc_column_text css_animation=\u00a0\u00bbfadeInUp\u00a0\u00bb] Des solutions<span class=\"excerpt-hellip\"> [\u2026]<\/span><\/p>\n","protected":false},"author":6,"featured_media":0,"parent":11791,"menu_order":0,"comment_status":"closed","ping_status":"closed","template":"","meta":{"footnotes":""},"class_list":["post-35813","page","type-page","status-publish","hentry"],"_links":{"self":[{"href":"https:\/\/www.ataway.com\/fr-fr\/wp-json\/wp\/v2\/pages\/35813","targetHints":{"allow":["GET"]}}],"collection":[{"href":"https:\/\/www.ataway.com\/fr-fr\/wp-json\/wp\/v2\/pages"}],"about":[{"href":"https:\/\/www.ataway.com\/fr-fr\/wp-json\/wp\/v2\/types\/page"}],"author":[{"embeddable":true,"href":"https:\/\/www.ataway.com\/fr-fr\/wp-json\/wp\/v2\/users\/6"}],"replies":[{"embeddable":true,"href":"https:\/\/www.ataway.com\/fr-fr\/wp-json\/wp\/v2\/comments?post=35813"}],"version-history":[{"count":5,"href":"https:\/\/www.ataway.com\/fr-fr\/wp-json\/wp\/v2\/pages\/35813\/revisions"}],"predecessor-version":[{"id":39456,"href":"https:\/\/www.ataway.com\/fr-fr\/wp-json\/wp\/v2\/pages\/35813\/revisions\/39456"}],"up":[{"embeddable":true,"href":"https:\/\/www.ataway.com\/fr-fr\/wp-json\/wp\/v2\/pages\/11791"}],"wp:attachment":[{"href":"https:\/\/www.ataway.com\/fr-fr\/wp-json\/wp\/v2\/media?parent=35813"}],"curies":[{"name":"wp","href":"https:\/\/api.w.org\/{rel}","templated":true}]}}