{"id":35735,"date":"2022-05-12T11:15:11","date_gmt":"2022-05-12T14:15:11","guid":{"rendered":"https:\/\/www.ataway.com\/conseil\/robotic-process-automation\/"},"modified":"2024-10-24T15:20:13","modified_gmt":"2024-10-24T18:20:13","slug":"robotic-process-automation","status":"publish","type":"page","link":"https:\/\/www.ataway.com\/fr-fr\/solutions\/robotic-process-automation\/","title":{"rendered":"Robotic Process Automation"},"content":{"rendered":"<div class=\"wpb-content-wrapper\"><p>[vc_row full_width=\u00a0\u00bbstretch_row\u00a0\u00bb full_height=\u00a0\u00bbyes\u00a0\u00bb content_placement=\u00a0\u00bbmiddle\u00a0\u00bb parallax=\u00a0\u00bbcontent-moving\u00a0\u00bb parallax_image=\u00a0\u00bb14389&Prime; css=\u00a0\u00bb.vc_custom_1710781593576{background-color: #eaeaea !important;}\u00a0\u00bb][vc_column][vc_empty_space height=\u00a0\u00bb100&Prime;][vc_column_text css_animation=\u00a0\u00bbfadeInUp\u00a0\u00bb]<\/p>\n<h1 class=\"sc-edeore-10 jPwlCp sc-1qwi4op-2 cwywTL\"><strong><span style=\"color: #ffffff;\">Automatisation des Processus Robotis\u00e9s (RPA)<\/span><\/strong><\/h1>\n<h3 style=\"text-align: left;\"><span style=\"color: #ffffff;\">L&rsquo;automatisation des processus robotis\u00e9s (RPA) est un logiciel d&rsquo;automatisation visant \u00e0 \u00e9liminer les t\u00e2ches r\u00e9p\u00e9titives et \u00e0 concr\u00e9tiser la transformation num\u00e9rique. L&rsquo;utilisation de RPA ou \u00ab\u00a0bots\u00a0\u00bb pour imiter les t\u00e2ches ax\u00e9es sur les affaires am\u00e9liore positivement l&rsquo;efficacit\u00e9, la productivit\u00e9 et l&rsquo;environnement de travail d&rsquo;une entreprise.<\/span><\/h3>\n<p>[\/vc_column_text][vc_btn title=\u00a0\u00bbContactez-nous !\u00a0\u00bb style=\u00a0\u00bboutline\u00a0\u00bb color=\u00a0\u00bbwhite\u00a0\u00bb size=\u00a0\u00bblg\u00a0\u00bb css_animation=\u00a0\u00bbbounceInUp\u00a0\u00bb link=\u00a0\u00bburl:%231-ukgcontact|||rel:nofollow\u00a0\u00bb][vc_empty_space height=\u00a0\u00bb16px\u00a0\u00bb][vc_icon type=\u00a0\u00bbentypo\u00a0\u00bb icon_entypo=\u00a0\u00bbentypo-icon entypo-icon-down-open-big\u00a0\u00bb color=\u00a0\u00bbwhite\u00a0\u00bb background_style=\u00a0\u00bbrounded\u00a0\u00bb background_color=\u00a0\u00bbcustom\u00a0\u00bb size=\u00a0\u00bbsm\u00a0\u00bb align=\u00a0\u00bbcenter\u00a0\u00bb custom_background_color=\u00a0\u00bbrgba(10,10,10,0.56)\u00a0\u00bb el_class=\u00a0\u00bbscroller-cursor-pointer\u00a0\u00bb][\/vc_column][\/vc_row][vc_row full_width=\u00a0\u00bbstretch_row\u00a0\u00bb content_placement=\u00a0\u00bbmiddle\u00a0\u00bb css=\u00a0\u00bb.vc_custom_1560523572547{background-color: #ffffff !important;}\u00a0\u00bb el_id=\u00a0\u00bbscroller-second-frame\u00a0\u00bb][vc_column][vc_empty_space height=\u00a0\u00bb16&Prime;][vc_row_inner][vc_column_inner][vc_column_text css_animation=\u00a0\u00bbfadeInDown\u00a0\u00bb]<\/p>\n<h2 class=\"sc-edeore-11 kCUFHD sc-68lzyk-1 icegOT paragrapghBlock__Title\" style=\"text-align: center;\"><span style=\"color: #333333;\"><strong>Qu&rsquo;est-ce que la RPA ?<\/strong><\/span><\/h2>\n<p>[\/vc_column_text][vc_column_text css_animation=\u00a0\u00bbfadeInUp\u00a0\u00bb el_class=\u00a0\u00bbmedium\u00a0\u00bb]La RPA est une technologie logicielle qui vous permet de cr\u00e9er, d\u00e9ployer et g\u00e9rer des robots logiciels ou \u00ab\u00a0bots\u00a0\u00bb pour \u00e9muler les actions humaines dans les syst\u00e8mes num\u00e9riques. Apr\u00e8s avoir enseign\u00e9 aux bots ce qu&rsquo;ils doivent faire, ils seront capables de comprendre ce qu&rsquo;ils voient \u00e0 l&rsquo;\u00e9cran, de saisir des informations, d&rsquo;appuyer sur des touches, de naviguer dans les syst\u00e8mes, d&rsquo;identifier et d&rsquo;extraire des donn\u00e9es, parmi de nombreuses autres t\u00e2ches d\u00e9finies.[\/vc_column_text][vc_column_text css_animation=\u00a0\u00bbfadeInDown\u00a0\u00bb]<\/p>\n<h2 class=\"sc-edeore-11 kCUFHD sc-68lzyk-1 icegOT paragrapghBlock__Title\"><span style=\"color: #333333;\"><strong>Avantages de l&rsquo;automatisation des processus robotis\u00e9s (RPA)<\/strong><\/span><\/h2>\n<p>[\/vc_column_text][\/vc_column_inner][\/vc_row_inner][vc_row_inner][vc_column_inner width=\u00a0\u00bb1\/4&Prime;][vc_column_text css_animation=\u00a0\u00bbfadeInUp\u00a0\u00bb]<a href=\"https:\/\/www.ataway.com\/wp-content\/uploads\/2022\/09\/RPA.png\"><img loading=\"lazy\" decoding=\"async\" class=\"alignnone wp-image-15233 size-full\" src=\"https:\/\/www.ataway.com\/wp-content\/uploads\/2022\/09\/RPA.png\" alt=\"Robotic Process Automation (RPA) | Ataway solutions\" width=\"80\" height=\"85\" srcset=\"https:\/\/www.ataway.com\/wp-content\/uploads\/2022\/09\/RPA.png 80w, https:\/\/www.ataway.com\/wp-content\/uploads\/2022\/09\/RPA-47x50.png 47w, https:\/\/www.ataway.com\/wp-content\/uploads\/2022\/09\/RPA-71x75.png 71w\" sizes=\"auto, (max-width:767px) 80px, 80px\" \/><\/a>[\/vc_column_text][vc_column_text css_animation=\u00a0\u00bbfadeInUp\u00a0\u00bb el_class=\u00a0\u00bbmedium\u00a0\u00bb]Technologie non intrusive, facile \u00e0 utiliser, acc\u00e9l\u00e9rant la transformation num\u00e9rique. La RPA r\u00e9duit les co\u00fbts, augmente la pr\u00e9cision et acc\u00e9l\u00e8re les livraisons.[\/vc_column_text][\/vc_column_inner][vc_column_inner width=\u00a0\u00bb1\/4&Prime;][vc_column_text css_animation=\u00a0\u00bbfadeInUp\u00a0\u00bb]<a href=\"https:\/\/www.ataway.com\/wp-content\/uploads\/2022\/09\/Productivity-2.png\"><img loading=\"lazy\" decoding=\"async\" class=\"alignnone wp-image-15234 size-full\" src=\"https:\/\/www.ataway.com\/wp-content\/uploads\/2022\/09\/Productivity-2.png\" alt=\"Robotic Process Automation (RPA) | Ataway solutions\" width=\"85\" height=\"90\" srcset=\"https:\/\/www.ataway.com\/wp-content\/uploads\/2022\/09\/Productivity-2.png 85w, https:\/\/www.ataway.com\/wp-content\/uploads\/2022\/09\/Productivity-2-47x50.png 47w, https:\/\/www.ataway.com\/wp-content\/uploads\/2022\/09\/Productivity-2-71x75.png 71w\" sizes=\"auto, (max-width:767px) 85px, 85px\" \/><\/a>[\/vc_column_text][vc_column_text css_animation=\u00a0\u00bbfadeInUp\u00a0\u00bb el_class=\u00a0\u00bbmedium\u00a0\u00bb]R\u00e9duction des co\u00fbts, meilleure pr\u00e9cision, rapidit\u00e9 de livraison. Stimule une am\u00e9lioration rapide et significative des indicateurs commerciaux dans tous les secteurs et \u00e0 travers le monde.[\/vc_column_text][\/vc_column_inner][vc_column_inner width=\u00a0\u00bb1\/4&Prime;][vc_column_text css_animation=\u00a0\u00bbfadeInUp\u00a0\u00bb]<a href=\"https:\/\/www.ataway.com\/wp-content\/uploads\/2022\/09\/Workflow.png\"><img loading=\"lazy\" decoding=\"async\" class=\"alignnone wp-image-15236 size-full\" src=\"https:\/\/www.ataway.com\/wp-content\/uploads\/2022\/09\/Workflow.png\" alt=\"Robotic Process Automation (RPA) | Ataway solutions\" width=\"85\" height=\"90\" srcset=\"https:\/\/www.ataway.com\/wp-content\/uploads\/2022\/09\/Workflow.png 85w, https:\/\/www.ataway.com\/wp-content\/uploads\/2022\/09\/Workflow-47x50.png 47w, https:\/\/www.ataway.com\/wp-content\/uploads\/2022\/09\/Workflow-71x75.png 71w\" sizes=\"auto, (max-width:767px) 85px, 85px\" \/><\/a>[\/vc_column_text][vc_column_text css_animation=\u00a0\u00bbfadeInUp\u00a0\u00bb el_class=\u00a0\u00bbmedium\u00a0\u00bb]<\/p>\n<div class=\"flex flex-grow flex-col max-w-full\">\n<div class=\"min-h-[20px] text-message flex flex-col items-start whitespace-pre-wrap break-words [.text-message+&amp;]:mt-5 juice:w-full juice:items-end overflow-x-auto gap-2\" dir=\"auto\" data-message-author-role=\"assistant\" data-message-id=\"8d23e0f5-a4b6-41ef-91b5-0011717034de\">\n<div class=\"flex w-full flex-col gap-1 juice:empty:hidden juice:first:pt-[3px]\">\n<div class=\"markdown prose w-full break-words dark:prose-invert light\">\n<p>Logiciel adaptable \u00e0 n&rsquo;importe quelle interface ou flux de travail. La gestion des flux de travail rend les organisations plus rentables, flexibles et r\u00e9actives.<\/p>\n<\/div>\n<\/div>\n<\/div>\n<\/div>\n<p>[\/vc_column_text][\/vc_column_inner][vc_column_inner width=\u00a0\u00bb1\/4&Prime;][vc_column_text css_animation=\u00a0\u00bbfadeInUp\u00a0\u00bb]<a href=\"https:\/\/www.ataway.com\/wp-content\/uploads\/2022\/09\/Like.png\"><img loading=\"lazy\" decoding=\"async\" class=\"alignnone wp-image-15237 size-full\" src=\"https:\/\/www.ataway.com\/wp-content\/uploads\/2022\/09\/Like.png\" alt=\"Robotic Process Automation (RPA) | Ataway solutions\" width=\"85\" height=\"90\" srcset=\"https:\/\/www.ataway.com\/wp-content\/uploads\/2022\/09\/Like.png 85w, https:\/\/www.ataway.com\/wp-content\/uploads\/2022\/09\/Like-47x50.png 47w, https:\/\/www.ataway.com\/wp-content\/uploads\/2022\/09\/Like-71x75.png 71w\" sizes=\"auto, (max-width:767px) 85px, 85px\" \/><\/a>[\/vc_column_text][vc_column_text css_animation=\u00a0\u00bbfadeInUp\u00a0\u00bb el_class=\u00a0\u00bbmedium\u00a0\u00bb]<\/p>\n<div class=\"flex flex-grow flex-col max-w-full\">\n<div class=\"min-h-[20px] text-message flex flex-col items-start whitespace-pre-wrap break-words [.text-message+&amp;]:mt-5 juice:w-full juice:items-end overflow-x-auto gap-2\" dir=\"auto\" data-message-author-role=\"assistant\" data-message-id=\"7f004078-54d6-4b52-9a93-52fd1837acb9\">\n<div class=\"flex w-full flex-col gap-1 juice:empty:hidden juice:first:pt-[3px]\">\n<div class=\"markdown prose w-full break-words dark:prose-invert light\">\n<p>Augmente la satisfaction, l&rsquo;engagement et la productivit\u00e9 des employ\u00e9s en \u00e9liminant les t\u00e2ches monotones de leur quotidien de travail.<\/p>\n<\/div>\n<\/div>\n<\/div>\n<\/div>\n<p>[\/vc_column_text][\/vc_column_inner][\/vc_row_inner][\/vc_column][\/vc_row][vc_row full_width=\u00a0\u00bbstretch_row\u00a0\u00bb parallax=\u00a0\u00bbcontent-moving\u00a0\u00bb parallax_image=\u00a0\u00bb14071&Prime;][vc_column][vc_column_text css_animation=\u00a0\u00bbfadeInDown\u00a0\u00bb]<\/p>\n<h2 style=\"text-align: center;\"><strong><span style=\"color: #ffffff;\">RPA Ataway solution<\/span><\/strong><\/h2>\n<p>[\/vc_column_text][vc_row_inner][vc_column_inner width=\u00a0\u00bb1\/3&Prime;][vc_column_text css_animation=\u00a0\u00bbfadeInUp\u00a0\u00bb]<\/p>\n<h3><span style=\"color: #ffffff;\"><strong>#1 Consultation en RPA <\/strong><\/span><\/h3>\n<p>[\/vc_column_text][vc_column_text css_animation=\u00a0\u00bbfadeInUp\u00a0\u00bb]<span style=\"color: #ffffff;\">Nous vous aidons \u00e0 relever le d\u00e9fi d&rsquo;int\u00e9grer la technologie RPA non intrusive avec les processus et syst\u00e8mes existants dans votre organisation, en g\u00e9n\u00e9rant un impact minimal. Nos services de consultation incluent :<br \/>\n<strong>* \u00c9valuations et revues<br \/>\n* Identification et s\u00e9lection des t\u00e2ches automatisables prioritaires<br \/>\n* \u00c9laboration de feuilles de route RPA de bout en bout<\/strong><\/span>[\/vc_column_text][\/vc_column_inner][vc_column_inner width=\u00a0\u00bb1\/3&Prime;][vc_column_text css_animation=\u00a0\u00bbfadeInUp\u00a0\u00bb]<\/p>\n<h3><span style=\"color: #ffffff;\"><strong>#2 D\u00e9veloppement RPA<\/strong><\/span><\/h3>\n<p>[\/vc_column_text][vc_column_text css_animation=\u00a0\u00bbfadeInUp\u00a0\u00bb]<span style=\"color: #ffffff;\">Nous adaptons ou cr\u00e9ons des bots \u00e0 partir de z\u00e9ro pour r\u00e9pondre \u00e0 vos exigences ou besoins. Nous utilisons notre exp\u00e9rience pour fournir des solutions rapides. Nous couvrons tout le cycle de vie du d\u00e9veloppement :<\/span><\/p>\n<p><span style=\"color: #ffffff;\"><strong>* Analyse des processus<\/strong><\/span><br \/>\n<span style=\"color: #ffffff;\"><strong>* D\u00e9veloppement de bots<\/strong><\/span><br \/>\n<span style=\"color: #ffffff;\"><strong>* Essais et tests<\/strong><\/span><br \/>\n<span style=\"color: #ffffff;\"><strong>* Livraison \u00e0 l&rsquo;\u00e9quipe de support<\/strong><\/span>[\/vc_column_text][\/vc_column_inner][vc_column_inner width=\u00a0\u00bb1\/3&Prime;][vc_column_text css_animation=\u00a0\u00bbfadeInUp\u00a0\u00bb]<\/p>\n<h3><span style=\"color: #ffffff;\"><strong>#3 Support RPA<\/strong><\/span><\/h3>\n<p>[\/vc_column_text][vc_column_text css_animation=\u00a0\u00bbfadeInUp\u00a0\u00bb]<span style=\"color: #ffffff;\">Nous mettons en \u0153uvre la RPA en un court laps de temps et offrons un service de maintenance en tenant compte de l&rsquo;\u00e9volution et des am\u00e9liorations de la solution. Nos services de support incluent :<\/span><\/p>\n<p><span style=\"color: #ffffff;\"><strong>* Administration et mise \u00e0 jour de vos processus RPA<\/strong><\/span><br \/>\n<span style=\"color: #ffffff;\"><strong>* Modernisation des processus pour correspondre aux variations et \u00e0 la croissance de vos activit\u00e9s<\/strong><\/span>[\/vc_column_text][\/vc_column_inner][\/vc_row_inner][\/vc_column][\/vc_row][vc_row full_width=\u00a0\u00bbstretch_row\u00a0\u00bb parallax=\u00a0\u00bbcontent-moving-fade\u00a0\u00bb el_class=\u00a0\u00bbobject-fit: cover\u00a0\u00bb][vc_column][vc_column_text css_animation=\u00a0\u00bbfadeInDown\u00a0\u00bb]<\/p>\n<h2 style=\"text-align: center;\"><strong><span style=\"color: #333333;\">Partenariats RPA d&rsquo;Ataway<\/span><\/strong><\/h2>\n<p>[\/vc_column_text][vc_row_inner][vc_column_inner width=\u00a0\u00bb1\/2&Prime;][vc_column_text css_animation=\u00a0\u00bbfadeInUp\u00a0\u00bb]<a href=\"https:\/\/www.ataway.com\/wp-content\/uploads\/2022\/09\/Automation-Anywhere-Logo-full-01.png\"><img loading=\"lazy\" decoding=\"async\" class=\"alignnone wp-image-15241\" src=\"https:\/\/www.ataway.com\/wp-content\/uploads\/2022\/09\/Automation-Anywhere-Logo-full-01.png\" alt=\"\" width=\"150\" height=\"59\" srcset=\"https:\/\/www.ataway.com\/wp-content\/uploads\/2022\/09\/Automation-Anywhere-Logo-full-01.png 2086w, https:\/\/www.ataway.com\/wp-content\/uploads\/2022\/09\/Automation-Anywhere-Logo-full-01-300x118.png 300w, https:\/\/www.ataway.com\/wp-content\/uploads\/2022\/09\/Automation-Anywhere-Logo-full-01-768x302.png 768w, https:\/\/www.ataway.com\/wp-content\/uploads\/2022\/09\/Automation-Anywhere-Logo-full-01-1024x402.png 1024w, https:\/\/www.ataway.com\/wp-content\/uploads\/2022\/09\/Automation-Anywhere-Logo-full-01-260x102.png 260w, https:\/\/www.ataway.com\/wp-content\/uploads\/2022\/09\/Automation-Anywhere-Logo-full-01-50x20.png 50w, https:\/\/www.ataway.com\/wp-content\/uploads\/2022\/09\/Automation-Anywhere-Logo-full-01-150x59.png 150w, https:\/\/www.ataway.com\/wp-content\/uploads\/2022\/09\/Automation-Anywhere-Logo-full-01-1280x500.png 1280w, https:\/\/www.ataway.com\/wp-content\/uploads\/2022\/09\/Automation-Anywhere-Logo-full-01-1920x750.png 1920w\" sizes=\"auto, (max-width:767px) 150px, 150px\" \/><\/a>[\/vc_column_text][vc_column_text css_animation=\u00a0\u00bbfadeInUp\u00a0\u00bb]<\/p>\n<div class=\"flex-shrink-0 flex flex-col relative items-end\">\n<div>\n<div class=\"pt-0.5 juice:pt-0\">\n<div class=\"gizmo-bot-avatar flex h-6 w-6 items-center justify-center overflow-hidden rounded-full juice:h-8 juice:w-8\">\n<div class=\"relative p-1 rounded-sm flex items-center justify-center bg-token-main-surface-primary text-token-text-primary h-8 w-8\"><strong>Depuis 2015, Ataway est un partenaire commercial autoris\u00e9 et un Centre d&rsquo;Excellence d&rsquo;Automation Anywhere.<\/strong> Automation Anywhere est le leader mondial en automatisation des processus robotis\u00e9s (RPA) et en intelligence artificielle (IA). Leur solution logicielle propose la plateforme RPA la plus largement mise en \u0153uvre, permettant \u00e0 tous les membres d&rsquo;une organisation d&rsquo;automatiser des processus de bout en bout.<\/div>\n<\/div>\n<\/div>\n<\/div>\n<\/div>\n<p>[\/vc_column_text][\/vc_column_inner][vc_column_inner width=\u00a0\u00bb1\/2&Prime;][vc_column_text css_animation=\u00a0\u00bbfadeInUp\u00a0\u00bb]<a href=\"https:\/\/www.ataway.com\/wp-content\/uploads\/2022\/09\/UiPath_2019_Corporate_Logo.png\"><img loading=\"lazy\" decoding=\"async\" class=\"alignnone wp-image-15242\" src=\"https:\/\/www.ataway.com\/wp-content\/uploads\/2022\/09\/UiPath_2019_Corporate_Logo.png\" alt=\"\" width=\"150\" height=\"53\" srcset=\"https:\/\/www.ataway.com\/wp-content\/uploads\/2022\/09\/UiPath_2019_Corporate_Logo.png 530w, https:\/\/www.ataway.com\/wp-content\/uploads\/2022\/09\/UiPath_2019_Corporate_Logo-300x106.png 300w, https:\/\/www.ataway.com\/wp-content\/uploads\/2022\/09\/UiPath_2019_Corporate_Logo-260x92.png 260w, https:\/\/www.ataway.com\/wp-content\/uploads\/2022\/09\/UiPath_2019_Corporate_Logo-50x18.png 50w, https:\/\/www.ataway.com\/wp-content\/uploads\/2022\/09\/UiPath_2019_Corporate_Logo-150x53.png 150w\" sizes=\"auto, (max-width:767px) 150px, 150px\" \/><\/a>[\/vc_column_text][vc_column_text css_animation=\u00a0\u00bbfadeInUp\u00a0\u00bb]<\/p>\n<p id=\"tw-target-text\" class=\"tw-data-text tw-text-large tw-ta\" dir=\"ltr\" data-placeholder=\"Translation\"><strong>UiPath est un important fournisseur de logiciels d&rsquo;automatisation d&rsquo;entreprise qui aide les organisations \u00e0 automatiser efficacement leurs processus m\u00e9tier.<\/strong> Fond\u00e9e en 2005 en Roumanie, UiPath a pour vision de r\u00e9aliser l&rsquo;entreprise enti\u00e8rement automatis\u00e9e\u2122, o\u00f9 les entreprises utilisent l&rsquo;automatisation pour lib\u00e9rer leur cr\u00e9ativit\u00e9 et le plein potentiel de chaque collaborateur.<\/p>\n<p>[\/vc_column_text][\/vc_column_inner][\/vc_row_inner][\/vc_column][\/vc_row][vc_row][vc_column][vc_empty_space][vc_column_text css_animation=\u00a0\u00bbfadeInDown\u00a0\u00bb]<\/p>\n<h2 style=\"text-align: center;\"><strong><span style=\"color: #333333;\">Commencez votre processus RPA d\u00e8s aujourd&rsquo;hui !<\/span><\/strong><\/h2>\n<h3 style=\"text-align: center;\"><span style=\"color: #333333;\"><strong>Apprenez de nos \u00e9tudes de cas<\/strong><\/span><\/h3>\n<p>[\/vc_column_text][vc_basic_grid post_type=\u00a0\u00bbpost\u00a0\u00bb max_items=\u00a0\u00bb10&Prime; orderby=\u00a0\u00bbtitle\u00a0\u00bb initial_loading_animation=\u00a0\u00bbfadeInUp\u00a0\u00bb grid_id=\u00a0\u00bbvc_gid:1729793922965-55bbe82f-c1e6-9&Prime; taxonomies=\u00a0\u00bb22, 307, 392, 305&Prime;][\/vc_column][\/vc_row][vc_row el_id=\u00a0\u00bb1-ukgcontact\u00a0\u00bb][vc_column][vc_column_text css_animation=\u00a0\u00bbfadeInDown\u00a0\u00bb]<\/p>\n<h2 style=\"text-align: center;\"><span style=\"color: #333333;\"><strong>Contactez-nous pour commencer !<\/strong><\/span><\/h2>\n<p>[\/vc_column_text][vc_row_inner][vc_column_inner]\n<div class=\"wpcf7 no-js\" id=\"wpcf7-f37969-o1\" lang=\"en\" dir=\"ltr\" data-wpcf7-id=\"37969\">\n<div class=\"screen-reader-response\"><p role=\"status\" aria-live=\"polite\" aria-atomic=\"true\"><\/p> <ul><\/ul><\/div>\n<form action=\"\/fr-fr\/wp-json\/wp\/v2\/pages\/35735#wpcf7-f37969-o1\" method=\"post\" class=\"wpcf7-form init\" aria-label=\"Formulaire de contact\" novalidate=\"novalidate\" data-status=\"init\">\n<fieldset class=\"hidden-fields-container\"><input type=\"hidden\" name=\"_wpcf7\" value=\"37969\" \/><input type=\"hidden\" name=\"_wpcf7_version\" value=\"6.1.2\" \/><input type=\"hidden\" name=\"_wpcf7_locale\" value=\"en\" \/><input type=\"hidden\" name=\"_wpcf7_unit_tag\" value=\"wpcf7-f37969-o1\" \/><input type=\"hidden\" name=\"_wpcf7_container_post\" value=\"0\" \/><input type=\"hidden\" name=\"_wpcf7_posted_data_hash\" value=\"\" \/><input type=\"hidden\" name=\"_wpcf7_recaptcha_response\" value=\"\" \/>\n<\/fieldset>\n<div class=\"contact-form\">\n\t<p><label><span style=\"color: #333333;\"> Nom*<br \/>\n<span class=\"wpcf7-form-control-wrap\" data-name=\"your-name\"><input size=\"40\" maxlength=\"400\" class=\"wpcf7-form-control wpcf7-text wpcf7-validates-as-required\" aria-required=\"true\" aria-invalid=\"false\" value=\"\" type=\"text\" name=\"your-name\" \/><\/span> <\/span><\/label>\n\t<\/p>\n\t<p><label><span style=\"color: #333333;\"> Email*<br \/>\n<span class=\"wpcf7-form-control-wrap\" data-name=\"your-email\"><input size=\"40\" maxlength=\"400\" class=\"wpcf7-form-control wpcf7-email wpcf7-validates-as-required wpcf7-text wpcf7-validates-as-email\" aria-required=\"true\" aria-invalid=\"false\" value=\"\" type=\"email\" name=\"your-email\" \/><\/span> <\/span><\/label>\n\t<\/p>\n\t<p><label><span style=\"color: #333333;\"> Nom de l\u2019entreprise*<br \/>\n<span class=\"wpcf7-form-control-wrap\" data-name=\"companyname\"><input size=\"40\" maxlength=\"400\" class=\"wpcf7-form-control wpcf7-text wpcf7-validates-as-required\" aria-required=\"true\" aria-invalid=\"false\" value=\"\" type=\"text\" name=\"companyname\" \/><\/span> <\/span><\/label>\n\t<\/p>\n\t<p><label><span style=\"color: #333333;\"> Poste*<br \/>\n<span class=\"wpcf7-form-control-wrap\" data-name=\"companyjob\"><input size=\"40\" maxlength=\"400\" class=\"wpcf7-form-control wpcf7-text wpcf7-validates-as-required\" aria-required=\"true\" aria-invalid=\"false\" value=\"\" type=\"text\" name=\"companyjob\" \/><\/span> <\/span><\/label>\n\t<\/p>\n\t<p><label><span style=\"color: #333333;\"> Comment avez-vous connu Ataway ?<br \/>\n<span class=\"wpcf7-form-control-wrap\" data-name=\"hear-about\"><select class=\"wpcf7-form-control wpcf7-select\" aria-invalid=\"false\" name=\"hear-about\"><option value=\"S\u00e9lectionnez une option\">S\u00e9lectionnez une option<\/option><option value=\"Recommandation\">Recommandation<\/option><option value=\"Moteur de recherche\">Moteur de recherche<\/option><option value=\"LinkedIn\">LinkedIn<\/option><option value=\"Marketplace partenaire\">Marketplace partenaire<\/option><option value=\"\u00c9v\u00e9nement\">\u00c9v\u00e9nement<\/option><option value=\"Autre\">Autre<\/option><\/select><\/span> <\/span><\/label>\n\t<\/p>\n<\/div>\n<div class=\"contact-form\">\n\t<p><label><span style=\"color: #333333;\"> Votre message*<br \/>\n<span class=\"wpcf7-form-control-wrap\" data-name=\"your-message\"><textarea cols=\"40\" rows=\"10\" maxlength=\"2000\" class=\"wpcf7-form-control wpcf7-textarea wpcf7-validates-as-required\" aria-required=\"true\" aria-invalid=\"false\" placeholder=\"Parlez-nous de votre besoin ou de votre projet...\" name=\"your-message\"><\/textarea><\/span> <\/span><\/label>\n\t<\/p>\n\t<p><span class=\"wpcf7-form-control-wrap\" data-name=\"PrivacyPolicy\"><span class=\"wpcf7-form-control wpcf7-acceptance\"><span class=\"wpcf7-list-item\"><label><input type=\"checkbox\" name=\"PrivacyPolicy\" value=\"1\" aria-invalid=\"false\" \/><span class=\"wpcf7-list-item-label\"><span style=\"color: #333333;\"> J\u2019ai lu et j\u2019accepte la <a rel=\"nofollow\" href=\"https:\/\/www.ataway.com\/fr-fr\/privacy-policy\/\"> Politique de Confidentialit\u00e9 de Ataway <\/a>. <\/span><\/span><\/label><\/span><\/span><\/span>\n\t<\/p>\n\t<p><input class=\"wpcf7-form-control wpcf7-submit has-spinner\" type=\"submit\" value=\"Envoyer\" \/>\n\t<\/p>\n\t<p>*Ce site est prot\u00e9g\u00e9 par reCAPTCHA et les <a href=\"https:\/\/policies.google.com\/privacy\">Politique de Confidentialit\u00e9<\/a> et les <a href=\"https:\/\/policies.google.com\/terms\">Conditions d'utilisation<\/a> de Google s'appliquent.\n\t<\/p>\n<\/div>\n<input class=\"wpcf7-form-control wpcf7-hidden\" id=\"solution-field\" value=\"\" type=\"hidden\" name=\"solution\" \/><div class=\"wpcf7-response-output\" aria-hidden=\"true\"><\/div>\n<\/form>\n<\/div>\n[\/vc_column_inner][\/vc_row_inner][\/vc_column][\/vc_row]<\/p>\n<\/div>","protected":false},"excerpt":{"rendered":"<p>[vc_row full_width=\u00a0\u00bbstretch_row\u00a0\u00bb full_height=\u00a0\u00bbyes\u00a0\u00bb content_placement=\u00a0\u00bbmiddle\u00a0\u00bb parallax=\u00a0\u00bbcontent-moving\u00a0\u00bb parallax_image=\u00a0\u00bb14389&Prime; css=\u00a0\u00bb.vc_custom_1710781593576{background-color: #eaeaea !important;}\u00a0\u00bb][vc_column][vc_empty_space height=\u00a0\u00bb100&Prime;][vc_column_text css_animation=\u00a0\u00bbfadeInUp\u00a0\u00bb] Automatisation des Processus Robotis\u00e9s (RPA) L&rsquo;automatisation des processus robotis\u00e9s (RPA) est un logiciel d&rsquo;automatisation visant<span class=\"excerpt-hellip\"> [\u2026]<\/span><\/p>\n","protected":false},"author":6,"featured_media":0,"parent":11791,"menu_order":0,"comment_status":"closed","ping_status":"closed","template":"","meta":{"footnotes":""},"class_list":["post-35735","page","type-page","status-publish","hentry"],"_links":{"self":[{"href":"https:\/\/www.ataway.com\/fr-fr\/wp-json\/wp\/v2\/pages\/35735","targetHints":{"allow":["GET"]}}],"collection":[{"href":"https:\/\/www.ataway.com\/fr-fr\/wp-json\/wp\/v2\/pages"}],"about":[{"href":"https:\/\/www.ataway.com\/fr-fr\/wp-json\/wp\/v2\/types\/page"}],"author":[{"embeddable":true,"href":"https:\/\/www.ataway.com\/fr-fr\/wp-json\/wp\/v2\/users\/6"}],"replies":[{"embeddable":true,"href":"https:\/\/www.ataway.com\/fr-fr\/wp-json\/wp\/v2\/comments?post=35735"}],"version-history":[{"count":5,"href":"https:\/\/www.ataway.com\/fr-fr\/wp-json\/wp\/v2\/pages\/35735\/revisions"}],"predecessor-version":[{"id":38684,"href":"https:\/\/www.ataway.com\/fr-fr\/wp-json\/wp\/v2\/pages\/35735\/revisions\/38684"}],"up":[{"embeddable":true,"href":"https:\/\/www.ataway.com\/fr-fr\/wp-json\/wp\/v2\/pages\/11791"}],"wp:attachment":[{"href":"https:\/\/www.ataway.com\/fr-fr\/wp-json\/wp\/v2\/media?parent=35735"}],"curies":[{"name":"wp","href":"https:\/\/api.w.org\/{rel}","templated":true}]}}