{"id":35728,"date":"2019-10-15T10:41:27","date_gmt":"2019-10-15T13:41:27","guid":{"rendered":"https:\/\/www.ataway.com\/conseil\/ukg-workforce-management\/"},"modified":"2025-11-19T12:05:38","modified_gmt":"2025-11-19T15:05:38","slug":"ukg-central-pro-wfm-hrsd","status":"publish","type":"page","link":"https:\/\/www.ataway.com\/fr-fr\/solutions\/ukg-central-pro-wfm-hrsd\/","title":{"rendered":"UKG"},"content":{"rendered":"<div class=\"wpb-content-wrapper\"><p>[vc_row full_width=\u00a0\u00bbstretch_row\u00a0\u00bb full_height=\u00a0\u00bbyes\u00a0\u00bb content_placement=\u00a0\u00bbmiddle\u00a0\u00bb parallax=\u00a0\u00bbcontent-moving\u00a0\u00bb parallax_image=\u00a0\u00bb14262&Prime; css=\u00a0\u00bb.vc_custom_1650384048036{background-color: #eaeaea !important;}\u00a0\u00bb][vc_column][vc_empty_space height=\u00a0\u00bb100&Prime;][vc_column_text css_animation=\u00a0\u00bbfadeInDown\u00a0\u00bb]<\/p>\n<h1 style=\"text-align: left;\"><img loading=\"lazy\" decoding=\"async\" class=\"alignnone wp-image-44905 \" src=\"https:\/\/www.ataway.com\/wp-content\/uploads\/2025\/11\/UKG-Ataway-300x90.png\" alt=\"\" width=\"347\" height=\"104\" srcset=\"https:\/\/www.ataway.com\/wp-content\/uploads\/2025\/11\/UKG-Ataway-300x90.png 300w, https:\/\/www.ataway.com\/wp-content\/uploads\/2025\/11\/UKG-Ataway-1024x307.png 1024w, https:\/\/www.ataway.com\/wp-content\/uploads\/2025\/11\/UKG-Ataway-768x230.png 768w, https:\/\/www.ataway.com\/wp-content\/uploads\/2025\/11\/UKG-Ataway-1536x461.png 1536w, https:\/\/www.ataway.com\/wp-content\/uploads\/2025\/11\/UKG-Ataway-2048x614.png 2048w, https:\/\/www.ataway.com\/wp-content\/uploads\/2025\/11\/UKG-Ataway-150x45.png 150w, https:\/\/www.ataway.com\/wp-content\/uploads\/2025\/11\/UKG-Ataway-480x144.png 480w\" sizes=\"auto, (max-width:767px) 347px, 347px\" \/><\/h1>\n<p>[\/vc_column_text][vc_column_text css_animation=\u00a0\u00bbfadeInUp\u00a0\u00bb]<\/p>\n<h2><strong><span style=\"color: #ffffff;\">D\u00e9verrouillez le potentiel de gestion de votre personnel<\/span><\/strong><\/h2>\n<h3><strong><span style=\"color: #ffffff;\">Consulting global, mises en \u0153uvre et services g\u00e9r\u00e9s.<\/span><\/strong><\/h3>\n<p><span style=\"color: #ffffff;\">Des mises en \u0153uvre transparentes de UKG PRO WFM et UKG Central aux services de conseil et de gestion experts, nous sommes l\u00e0 pour \u00e9lever votre parcours RH. Les consultants d\u2019Ataway sont \u00e0 vos c\u00f4t\u00e9s, de la conception du projet jusqu\u2019\u00e0 la mise en service, facilitant l\u2019\u00e9volution de vos processus m\u00e9tiers. Notre connecteur unique int\u00e8gre Oracle HCM Cloud avec UKG HR Service Delivery (HRSD) pour une gestion documentaire efficace. Ataway est revendeur UKG et partenaire mondial des services UKG depuis 2013, au service des entreprises du monde entier.<\/span>[\/vc_column_text][vc_btn title=\u00a0\u00bbContactez-nous !\u00a0\u00bb style=\u00a0\u00bboutline\u00a0\u00bb color=\u00a0\u00bbwhite\u00a0\u00bb size=\u00a0\u00bblg\u00a0\u00bb css_animation=\u00a0\u00bbbounceInUp\u00a0\u00bb link=\u00a0\u00bburl:%231-ukgcontact|||rel:nofollow\u00a0\u00bb][vc_empty_space height=\u00a0\u00bb16px\u00a0\u00bb][vc_icon type=\u00a0\u00bbentypo\u00a0\u00bb icon_entypo=\u00a0\u00bbentypo-icon entypo-icon-down-open-big\u00a0\u00bb color=\u00a0\u00bbwhite\u00a0\u00bb background_style=\u00a0\u00bbrounded\u00a0\u00bb background_color=\u00a0\u00bbcustom\u00a0\u00bb size=\u00a0\u00bbsm\u00a0\u00bb align=\u00a0\u00bbcenter\u00a0\u00bb custom_background_color=\u00a0\u00bbrgba(10,10,10,0.56)\u00a0\u00bb el_class=\u00a0\u00bbscroller-cursor-pointer\u00a0\u00bb][\/vc_column][\/vc_row][vc_row full_width=\u00a0\u00bbstretch_row\u00a0\u00bb content_placement=\u00a0\u00bbmiddle\u00a0\u00bb css=\u00a0\u00bb.vc_custom_1560523572547{background-color: #ffffff !important;}\u00a0\u00bb el_id=\u00a0\u00bbscroller-second-frame\u00a0\u00bb][vc_column][vc_empty_space height=\u00a0\u00bb16&Prime;][vc_row_inner][vc_column_inner][vc_column_text css_animation=\u00a0\u00bbfadeInDown\u00a0\u00bb]<\/p>\n<h2 class=\"topFeatures_title\" data-testid=\"topFeatures:title\" data-e2e=\"topFeatures:title\"><strong><span style=\"color: #333333;\">Avantages de la mise en \u0153uvre de UKG avec Ataway<\/span><\/strong><\/h2>\n<p>[\/vc_column_text][\/vc_column_inner][\/vc_row_inner][vc_row_inner][vc_column_inner width=\u00a0\u00bb1\/2&Prime;][vc_column_text css_animation=\u00a0\u00bbfadeInUp\u00a0\u00bb]<\/p>\n<h3 class=\"featureCard_title featureCard_title--heading\" data-testid=\"featureCard:title\" data-e2e=\"featureCard:title\"><span style=\"color: #333333;\"><strong>Services de mise en \u0153uvre<\/strong><\/span><\/h3>\n<p>En tant que partenaire mondial pour les d\u00e9ploiements internationaux, Ataway apporte son expertise et sa connaissance des r\u00e9glementations locales pour fournir des services de mise en \u0153uvre exceptionnels pour les solutions UKG. Que vous recherchiez de nouvelles mises en \u0153uvre ou l&rsquo;am\u00e9lioration et la standardisation de vos applications UKG existantes, notre \u00e9quipe est l\u00e0 pour vous soutenir \u00e0 chaque \u00e9tape.[\/vc_column_text][\/vc_column_inner][vc_column_inner width=\u00a0\u00bb1\/2&Prime;][vc_column_text css_animation=\u00a0\u00bbfadeInUp\u00a0\u00bb]<\/p>\n<h3 class=\"featureCard_title featureCard_title--heading\" data-testid=\"featureCard:title\" data-e2e=\"featureCard:title\"><span style=\"color: #333333;\"><strong>Services g\u00e9r\u00e9s<br \/>\n<\/strong><\/span><\/h3>\n<p>Chez Ataway, nous comprenons l\u2019importance du support et de la gestion continus pour votre solution UKG. C\u2019est pourquoi nous offrons des services de support proactif et de gestion des applications pour vous assurer de maximiser le retour sur investissement de vos solutions UKG. Gr\u00e2ce \u00e0 notre expertise dans la r\u00e9solution des d\u00e9fis de la gestion des applications (AMS), nous \u00e9liminons les incertitudes et stimulons des op\u00e9rations efficaces pour la croissance de l\u2019entreprise. Nos services couvrent \u00e0 la fois UKG PRO WFM et UKG Central.[\/vc_column_text][\/vc_column_inner][\/vc_row_inner][vc_row_inner][vc_column_inner width=\u00a0\u00bb1\/2&Prime;][vc_column_text css_animation=\u00a0\u00bbfadeInUp\u00a0\u00bb]<\/p>\n<h3 class=\"featureCard_title featureCard_title--heading\" data-testid=\"featureCard:title\" data-e2e=\"featureCard:title\"><span style=\"color: #333333;\"><strong>Connecteur Oracle HCM Cloud vers UKG HRSD<br \/>\n<\/strong><\/span><\/h3>\n<p>Le connecteur offre une application d&rsquo;int\u00e9gration de processus et de donn\u00e9es facilement configurable d&rsquo;Oracle HCM \u00e0 UKG HRSD, r\u00e9duisant consid\u00e9rablement le temps et les co\u00fbts de mise en \u0153uvre de l&rsquo;int\u00e9gration par rapport \u00e0 toute construction personnalis\u00e9e d&rsquo;API. Il permet \u00e9galement la gestion de la g\u00e9n\u00e9ration de documents ad hoc au sein d&rsquo;Oracle HCM. Les documents peuvent \u00eatre cr\u00e9\u00e9s manuellement ou automatiquement en fonction d&rsquo;\u00e9v\u00e9nements d\u00e9clencheurs, envoy\u00e9s pour le processus de signature si n\u00e9cessaire, puis stock\u00e9s dans le r\u00e9f\u00e9rentiel de gestion des documents HRSD.[\/vc_column_text][\/vc_column_inner][vc_column_inner width=\u00a0\u00bb1\/2&Prime;][vc_column_text css_animation=\u00a0\u00bbfadeInUp\u00a0\u00bb]<\/p>\n<h3 class=\"featureCard_title featureCard_title--heading\" data-testid=\"featureCard:title\" data-e2e=\"featureCard:title\"><span style=\"color: #333333;\"><strong>Conformit\u00e9 locale de la gestion de la main-d&rsquo;\u0153uvre<br \/>\n<\/strong><\/span><\/h3>\n<p>Ataway apporte une vaste exp\u00e9rience dans la mise en \u0153uvre et le support des solutions UKG PRO WFM dans le monde entier. Nous avons une compr\u00e9hension approfondie des exigences l\u00e9gales locales, des r\u00e9glementations RH et des accords syndicaux, assurant la conformit\u00e9 et le bon fonctionnement des op\u00e9rations de gestion de la main-d\u2019\u0153uvre. Gr\u00e2ce \u00e0 notre expertise en configurations, gestion du changement et services de conseil, Ataway est votre conseiller de confiance pour naviguer dans les r\u00e9glementations locales et optimiser votre solution UKG.[\/vc_column_text][\/vc_column_inner][\/vc_row_inner][\/vc_column][\/vc_row][vc_row full_width=\u00a0\u00bbstretch_row\u00a0\u00bb parallax=\u00a0\u00bbcontent-moving\u00a0\u00bb parallax_image=\u00a0\u00bb25851&Prime;][vc_column width=\u00a0\u00bb2\/3&Prime;][vc_column_text css_animation=\u00a0\u00bbfadeInLeft\u00a0\u00bb]<\/p>\n<h2 style=\"text-align: right;\"><span style=\"color: #ffffff;\"><strong>Visitez Ataway sur UKG Marketplace<\/strong><\/span><\/h2>\n<p>[\/vc_column_text][\/vc_column][vc_column width=\u00a0\u00bb1\/3&Prime;][vc_btn title=\u00a0\u00bbEn savoir plus !\u00a0\u00bb style=\u00a0\u00bboutline\u00a0\u00bb color=\u00a0\u00bbwhite\u00a0\u00bb size=\u00a0\u00bblg\u00a0\u00bb css_animation=\u00a0\u00bbbounceIn\u00a0\u00bb link=\u00a0\u00bburl:https%3A%2F%2Fmarketplace.ukg.com%2Fen-US%2Fapps%2F415995%2Fataway%2Ffeatures||target:%20_blank|\u00a0\u00bb][\/vc_column][\/vc_row][vc_row full_width=\u00a0\u00bbstretch_row\u00a0\u00bb parallax=\u00a0\u00bbcontent-moving\u00a0\u00bb parallax_image=\u00a0\u00bb14288&Prime; css=\u00a0\u00bb.vc_custom_1650576330469{background-color: #efefef !important;background-position: 0 0;background-repeat: repeat !important;}\u00a0\u00bb][vc_column][vc_row_inner][vc_column_inner width=\u00a0\u00bb1\/2&Prime;][vc_empty_space][vc_column_text css_animation=\u00a0\u00bbfadeInUp\u00a0\u00bb]<a href=\"https:\/\/www.ataway.com\/wp-content\/uploads\/2022\/04\/UKG_Certified-Partner.png\"><img loading=\"lazy\" decoding=\"async\" class=\"alignnone wp-image-44880 \" src=\"https:\/\/www.ataway.com\/wp-content\/uploads\/2025\/11\/1-UKG-Partner-Network_partner-stacked-contrasting-teal-300x224.png\" alt=\"\" width=\"154\" height=\"115\" srcset=\"https:\/\/www.ataway.com\/wp-content\/uploads\/2025\/11\/1-UKG-Partner-Network_partner-stacked-contrasting-teal-300x224.png 300w, https:\/\/www.ataway.com\/wp-content\/uploads\/2025\/11\/1-UKG-Partner-Network_partner-stacked-contrasting-teal-1024x766.png 1024w, https:\/\/www.ataway.com\/wp-content\/uploads\/2025\/11\/1-UKG-Partner-Network_partner-stacked-contrasting-teal-768x575.png 768w, https:\/\/www.ataway.com\/wp-content\/uploads\/2025\/11\/1-UKG-Partner-Network_partner-stacked-contrasting-teal-100x75.png 100w, https:\/\/www.ataway.com\/wp-content\/uploads\/2025\/11\/1-UKG-Partner-Network_partner-stacked-contrasting-teal-1280x962.png 1280w, https:\/\/www.ataway.com\/wp-content\/uploads\/2025\/11\/1-UKG-Partner-Network_partner-stacked-contrasting-teal-960x720.png 960w, https:\/\/www.ataway.com\/wp-content\/uploads\/2025\/11\/1-UKG-Partner-Network_partner-stacked-contrasting-teal-480x359.png 480w, https:\/\/www.ataway.com\/wp-content\/uploads\/2025\/11\/1-UKG-Partner-Network_partner-stacked-contrasting-teal.png 1286w\" sizes=\"auto, (max-width:767px) 154px, 154px\" \/>\u00a0\u00a0\u00a0\u00a0\u00a0\u00a0\u00a0\u00a0\u00a0<\/a><img loading=\"lazy\" decoding=\"async\" class=\"alignnone wp-image-44918 size-medium\" src=\"https:\/\/www.ataway.com\/wp-content\/uploads\/2025\/11\/UKG-Partner-Network_authorized-reseller-stacked-contrasting-teal-300x112.png\" alt=\"\" width=\"300\" height=\"112\" srcset=\"https:\/\/www.ataway.com\/wp-content\/uploads\/2025\/11\/UKG-Partner-Network_authorized-reseller-stacked-contrasting-teal-300x112.png 300w, https:\/\/www.ataway.com\/wp-content\/uploads\/2025\/11\/UKG-Partner-Network_authorized-reseller-stacked-contrasting-teal-1024x384.png 1024w, https:\/\/www.ataway.com\/wp-content\/uploads\/2025\/11\/UKG-Partner-Network_authorized-reseller-stacked-contrasting-teal-768x288.png 768w, https:\/\/www.ataway.com\/wp-content\/uploads\/2025\/11\/UKG-Partner-Network_authorized-reseller-stacked-contrasting-teal-1536x576.png 1536w, https:\/\/www.ataway.com\/wp-content\/uploads\/2025\/11\/UKG-Partner-Network_authorized-reseller-stacked-contrasting-teal-2048x768.png 2048w, https:\/\/www.ataway.com\/wp-content\/uploads\/2025\/11\/UKG-Partner-Network_authorized-reseller-stacked-contrasting-teal-150x56.png 150w, https:\/\/www.ataway.com\/wp-content\/uploads\/2025\/11\/UKG-Partner-Network_authorized-reseller-stacked-contrasting-teal-480x180.png 480w\" sizes=\"auto, (max-width:767px) 300px, 300px\" \/>[\/vc_column_text][\/vc_column_inner][vc_column_inner width=\u00a0\u00bb1\/2&Prime;][vc_column_text css_animation=\u00a0\u00bbfadeInDown\u00a0\u00bb]<\/p>\n<div class=\"group w-full text-token-text-primary border-b border-black\/10 gizmo:border-0 dark:border-gray-900\/50 gizmo:dark:border-0 bg-gray-50 gizmo:bg-transparent dark:bg-[#444654] gizmo:dark:bg-transparent\" data-testid=\"conversation-turn-9\">\n<div class=\"p-4 justify-center text-base md:gap-6 md:py-6 m-auto\">\n<div class=\"flex flex-1 gap-4 text-base mx-auto md:gap-6 gizmo:gap-3 gizmo:md:px-5 gizmo:lg:px-1 gizmo:xl:px-5 md:max-w-2xl lg:max-w-[38rem] gizmo:md:max-w-3xl gizmo:lg:max-w-[40rem] gizmo:xl:max-w-[48rem] xl:max-w-3xl }\">\n<div class=\"relative flex w-[calc(100%-50px)] flex-col gap-1 gizmo:w-full md:gap-3 lg:w-[calc(100%-115px)] agent-turn\">\n<div class=\"flex flex-grow flex-col gap-3 max-w-full\">\n<div class=\"min-h-[20px] flex flex-col items-start gap-3 overflow-x-auto whitespace-pre-wrap break-words\">\n<div class=\"markdown prose w-full break-words dark:prose-invert light\">\n<h2><span style=\"color: #333333;\"><strong>9 ann\u00e9es de partenariats<\/strong><\/span><\/h2>\n<\/div>\n<\/div>\n<\/div>\n<\/div>\n<\/div>\n<\/div>\n<\/div>\n<p>[\/vc_column_text][vc_column_text css_animation=\u00a0\u00bbfadeInUp\u00a0\u00bb el_class=\u00a0\u00bbmedium\u00a0\u00bb]<\/p>\n<p style=\"text-align: left;\"><strong>Partenaires de service et revendeurs de UKG depuis 2015.<\/strong><br \/>\nConsulting global, mises en \u0153uvre et services g\u00e9r\u00e9s.<br \/>\n<strong>450+<\/strong> consultants bilingues form\u00e9s<br \/>\n<strong>22+<\/strong> bureaux dans le monde.<\/p>\n<p>[\/vc_column_text][\/vc_column_inner][\/vc_row_inner][\/vc_column][\/vc_row][vc_row full_width=\u00a0\u00bbstretch_row\u00a0\u00bb full_height=\u00a0\u00bbyes\u00a0\u00bb parallax=\u00a0\u00bbcontent-moving-fade\u00a0\u00bb parallax_image=\u00a0\u00bb14290&Prime; el_class=\u00a0\u00bbobject-fit: cover\u00a0\u00bb][vc_column width=\u00a0\u00bb2\/3&Prime;][\/vc_column][vc_column width=\u00a0\u00bb1\/3&Prime;][vc_column_text css_animation=\u00a0\u00bbfadeInDown\u00a0\u00bb]<img loading=\"lazy\" decoding=\"async\" class=\"alignnone wp-image-44930 size-medium\" src=\"https:\/\/www.ataway.com\/wp-content\/uploads\/2025\/11\/MX-15-anos-1-scaled-e1763564566663-300x102.png\" alt=\"\" width=\"300\" height=\"102\" srcset=\"https:\/\/www.ataway.com\/wp-content\/uploads\/2025\/11\/MX-15-anos-1-scaled-e1763564566663-300x102.png 300w, https:\/\/www.ataway.com\/wp-content\/uploads\/2025\/11\/MX-15-anos-1-scaled-e1763564566663-1024x348.png 1024w, https:\/\/www.ataway.com\/wp-content\/uploads\/2025\/11\/MX-15-anos-1-scaled-e1763564566663-768x261.png 768w, https:\/\/www.ataway.com\/wp-content\/uploads\/2025\/11\/MX-15-anos-1-scaled-e1763564566663-1536x522.png 1536w, https:\/\/www.ataway.com\/wp-content\/uploads\/2025\/11\/MX-15-anos-1-scaled-e1763564566663-2048x696.png 2048w, https:\/\/www.ataway.com\/wp-content\/uploads\/2025\/11\/MX-15-anos-1-scaled-e1763564566663-150x51.png 150w, https:\/\/www.ataway.com\/wp-content\/uploads\/2025\/11\/MX-15-anos-1-scaled-e1763564566663-480x163.png 480w\" sizes=\"auto, (max-width:767px) 300px, 300px\" \/>[\/vc_column_text][vc_column_text css_animation=\u00a0\u00bbfadeInUp\u00a0\u00bb el_class=\u00a0\u00bbmedium\u00a0\u00bb]<\/p>\n<h2><a href=\"https:\/\/www.ukg.com\/es-ES\"><strong><span style=\"color: #333333;\">UKG<\/span><\/strong><\/a><\/h2>\n<p>Leader sur le march\u00e9 des solutions de gestion de la main-d&rsquo;\u0153uvre, UKG simplifie les t\u00e2ches complexes de gestion du personnel, y compris la gestion des pr\u00e9sences, les ressources humaines et la paie.<\/p>\n<h2><a href=\"http:\/\/www.ataway.com.ar\"><strong><span style=\"color: #333333;\">Ataway<\/span><\/strong><\/a><\/h2>\n<p>Nous avons l&rsquo;exp\u00e9rience de la mise en \u0153uvre des syst\u00e8mes et une expertise technique pour garantir le succ\u00e8s de votre projet. Notre \u00e9quipe a fait ses preuves en livrant des projets r\u00e9ussis dans tous les secteurs.[\/vc_column_text][\/vc_column][\/vc_row][vc_row][vc_column][vc_empty_space][vc_column_text css_animation=\u00a0\u00bbfadeInDown\u00a0\u00bb]<\/p>\n<h2 style=\"text-align: center;\"><span style=\"color: #333333;\"><strong>D\u00e9couvrez nos \u00e9tudes de cas !<\/strong><\/span><\/h2>\n<p>[\/vc_column_text][vc_basic_grid post_type=\u00a0\u00bbpost\u00a0\u00bb max_items=\u00a0\u00bb10&Prime; orderby=\u00a0\u00bbtitle\u00a0\u00bb initial_loading_animation=\u00a0\u00bbfadeInUp\u00a0\u00bb grid_id=\u00a0\u00bbvc_gid:1763564687480-df6a7f58-511b-7&Prime; taxonomies=\u00a0\u00bb393, 449&Prime;][\/vc_column][\/vc_row][vc_row el_id=\u00a0\u00bb1-ukgcontact\u00a0\u00bb][vc_column][vc_column_text css_animation=\u00a0\u00bbfadeInDown\u00a0\u00bb]<\/p>\n<h2 style=\"text-align: center;\"><span style=\"color: #333333;\"><strong>Contactez-nous !<\/strong><\/span><\/h2>\n<p>[\/vc_column_text][vc_row_inner][vc_column_inner]\n<div class=\"wpcf7 no-js\" id=\"wpcf7-f37969-o1\" lang=\"en\" dir=\"ltr\" data-wpcf7-id=\"37969\">\n<div class=\"screen-reader-response\"><p role=\"status\" aria-live=\"polite\" aria-atomic=\"true\"><\/p> <ul><\/ul><\/div>\n<form action=\"\/fr-fr\/wp-json\/wp\/v2\/pages\/35728#wpcf7-f37969-o1\" method=\"post\" class=\"wpcf7-form init\" aria-label=\"Formulaire de contact\" novalidate=\"novalidate\" data-status=\"init\">\n<fieldset class=\"hidden-fields-container\"><input type=\"hidden\" name=\"_wpcf7\" value=\"37969\" \/><input type=\"hidden\" name=\"_wpcf7_version\" value=\"6.1.2\" \/><input type=\"hidden\" name=\"_wpcf7_locale\" value=\"en\" \/><input type=\"hidden\" name=\"_wpcf7_unit_tag\" value=\"wpcf7-f37969-o1\" \/><input type=\"hidden\" name=\"_wpcf7_container_post\" value=\"0\" \/><input type=\"hidden\" name=\"_wpcf7_posted_data_hash\" value=\"\" \/><input type=\"hidden\" name=\"_wpcf7_recaptcha_response\" value=\"\" \/>\n<\/fieldset>\n<div class=\"contact-form\">\n\t<p><label><span style=\"color: #333333;\"> Nom*<br \/>\n<span class=\"wpcf7-form-control-wrap\" data-name=\"your-name\"><input size=\"40\" maxlength=\"400\" class=\"wpcf7-form-control wpcf7-text wpcf7-validates-as-required\" aria-required=\"true\" aria-invalid=\"false\" value=\"\" type=\"text\" name=\"your-name\" \/><\/span> <\/span><\/label>\n\t<\/p>\n\t<p><label><span style=\"color: #333333;\"> Email*<br \/>\n<span class=\"wpcf7-form-control-wrap\" data-name=\"your-email\"><input size=\"40\" maxlength=\"400\" class=\"wpcf7-form-control wpcf7-email wpcf7-validates-as-required wpcf7-text wpcf7-validates-as-email\" aria-required=\"true\" aria-invalid=\"false\" value=\"\" type=\"email\" name=\"your-email\" \/><\/span> <\/span><\/label>\n\t<\/p>\n\t<p><label><span style=\"color: #333333;\"> Nom de l\u2019entreprise*<br \/>\n<span class=\"wpcf7-form-control-wrap\" data-name=\"companyname\"><input size=\"40\" maxlength=\"400\" class=\"wpcf7-form-control wpcf7-text wpcf7-validates-as-required\" aria-required=\"true\" aria-invalid=\"false\" value=\"\" type=\"text\" name=\"companyname\" \/><\/span> <\/span><\/label>\n\t<\/p>\n\t<p><label><span style=\"color: #333333;\"> Poste*<br \/>\n<span class=\"wpcf7-form-control-wrap\" data-name=\"companyjob\"><input size=\"40\" maxlength=\"400\" class=\"wpcf7-form-control wpcf7-text wpcf7-validates-as-required\" aria-required=\"true\" aria-invalid=\"false\" value=\"\" type=\"text\" name=\"companyjob\" \/><\/span> <\/span><\/label>\n\t<\/p>\n\t<p><label><span style=\"color: #333333;\"> Comment avez-vous connu Ataway ?<br \/>\n<span class=\"wpcf7-form-control-wrap\" data-name=\"hear-about\"><select class=\"wpcf7-form-control wpcf7-select\" aria-invalid=\"false\" name=\"hear-about\"><option value=\"S\u00e9lectionnez une option\">S\u00e9lectionnez une option<\/option><option value=\"Recommandation\">Recommandation<\/option><option value=\"Moteur de recherche\">Moteur de recherche<\/option><option value=\"LinkedIn\">LinkedIn<\/option><option value=\"Marketplace partenaire\">Marketplace partenaire<\/option><option value=\"\u00c9v\u00e9nement\">\u00c9v\u00e9nement<\/option><option value=\"Autre\">Autre<\/option><\/select><\/span> <\/span><\/label>\n\t<\/p>\n<\/div>\n<div class=\"contact-form\">\n\t<p><label><span style=\"color: #333333;\"> Votre message*<br \/>\n<span class=\"wpcf7-form-control-wrap\" data-name=\"your-message\"><textarea cols=\"40\" rows=\"10\" maxlength=\"2000\" class=\"wpcf7-form-control wpcf7-textarea wpcf7-validates-as-required\" aria-required=\"true\" aria-invalid=\"false\" placeholder=\"Parlez-nous de votre besoin ou de votre projet...\" name=\"your-message\"><\/textarea><\/span> <\/span><\/label>\n\t<\/p>\n\t<p><span class=\"wpcf7-form-control-wrap\" data-name=\"PrivacyPolicy\"><span class=\"wpcf7-form-control wpcf7-acceptance\"><span class=\"wpcf7-list-item\"><label><input type=\"checkbox\" name=\"PrivacyPolicy\" value=\"1\" aria-invalid=\"false\" \/><span class=\"wpcf7-list-item-label\"><span style=\"color: #333333;\"> J\u2019ai lu et j\u2019accepte la <a rel=\"nofollow\" href=\"https:\/\/www.ataway.com\/fr-fr\/privacy-policy\/\"> Politique de Confidentialit\u00e9 de Ataway <\/a>. <\/span><\/span><\/label><\/span><\/span><\/span>\n\t<\/p>\n\t<p><input class=\"wpcf7-form-control wpcf7-submit has-spinner\" type=\"submit\" value=\"Envoyer\" \/>\n\t<\/p>\n\t<p>*Ce site est prot\u00e9g\u00e9 par reCAPTCHA et les <a href=\"https:\/\/policies.google.com\/privacy\">Politique de Confidentialit\u00e9<\/a> et les <a href=\"https:\/\/policies.google.com\/terms\">Conditions d'utilisation<\/a> de Google s'appliquent.\n\t<\/p>\n<\/div>\n<input class=\"wpcf7-form-control wpcf7-hidden\" id=\"solution-field\" value=\"\" type=\"hidden\" name=\"solution\" \/><div class=\"wpcf7-response-output\" aria-hidden=\"true\"><\/div>\n<\/form>\n<\/div>\n[\/vc_column_inner][\/vc_row_inner][\/vc_column][\/vc_row]<\/p>\n<\/div>","protected":false},"excerpt":{"rendered":"<p>[vc_row full_width=\u00a0\u00bbstretch_row\u00a0\u00bb full_height=\u00a0\u00bbyes\u00a0\u00bb content_placement=\u00a0\u00bbmiddle\u00a0\u00bb parallax=\u00a0\u00bbcontent-moving\u00a0\u00bb parallax_image=\u00a0\u00bb14262&Prime; css=\u00a0\u00bb.vc_custom_1650384048036{background-color: #eaeaea !important;}\u00a0\u00bb][vc_column][vc_empty_space height=\u00a0\u00bb100&Prime;][vc_column_text css_animation=\u00a0\u00bbfadeInDown\u00a0\u00bb] [\/vc_column_text][vc_column_text css_animation=\u00a0\u00bbfadeInUp\u00a0\u00bb] D\u00e9verrouillez le potentiel de gestion de votre personnel Consulting global, mises en \u0153uvre<span class=\"excerpt-hellip\"> [\u2026]<\/span><\/p>\n","protected":false},"author":6,"featured_media":-1,"parent":11791,"menu_order":0,"comment_status":"closed","ping_status":"closed","template":"","meta":{"footnotes":""},"class_list":["post-35728","page","type-page","status-publish","has-post-thumbnail","hentry"],"_links":{"self":[{"href":"https:\/\/www.ataway.com\/fr-fr\/wp-json\/wp\/v2\/pages\/35728","targetHints":{"allow":["GET"]}}],"collection":[{"href":"https:\/\/www.ataway.com\/fr-fr\/wp-json\/wp\/v2\/pages"}],"about":[{"href":"https:\/\/www.ataway.com\/fr-fr\/wp-json\/wp\/v2\/types\/page"}],"author":[{"embeddable":true,"href":"https:\/\/www.ataway.com\/fr-fr\/wp-json\/wp\/v2\/users\/6"}],"replies":[{"embeddable":true,"href":"https:\/\/www.ataway.com\/fr-fr\/wp-json\/wp\/v2\/comments?post=35728"}],"version-history":[{"count":10,"href":"https:\/\/www.ataway.com\/fr-fr\/wp-json\/wp\/v2\/pages\/35728\/revisions"}],"predecessor-version":[{"id":44982,"href":"https:\/\/www.ataway.com\/fr-fr\/wp-json\/wp\/v2\/pages\/35728\/revisions\/44982"}],"up":[{"embeddable":true,"href":"https:\/\/www.ataway.com\/fr-fr\/wp-json\/wp\/v2\/pages\/11791"}],"wp:featuredmedia":[{"embeddable":true,"href":"https:\/\/www.ataway.com\/fr-fr\/wp-json\/"}],"wp:attachment":[{"href":"https:\/\/www.ataway.com\/fr-fr\/wp-json\/wp\/v2\/media?parent=35728"}],"curies":[{"name":"wp","href":"https:\/\/api.w.org\/{rel}","templated":true}]}}