{"id":35716,"date":"2019-08-16T15:06:57","date_gmt":"2019-08-16T18:06:57","guid":{"rendered":"https:\/\/www.ataway.com\/conseil\/oraclecloud\/"},"modified":"2025-04-29T12:25:42","modified_gmt":"2025-04-29T15:25:42","slug":"oracle","status":"publish","type":"page","link":"https:\/\/www.ataway.com\/fr-fr\/solutions\/oracle\/","title":{"rendered":"Oracle"},"content":{"rendered":"<div class=\"wpb-content-wrapper\"><p>[vc_row full_width=\u00a0\u00bbstretch_row\u00a0\u00bb full_height=\u00a0\u00bbyes\u00a0\u00bb content_placement=\u00a0\u00bbmiddle\u00a0\u00bb parallax=\u00a0\u00bbcontent-moving\u00a0\u00bb parallax_image=\u00a0\u00bb17356&Prime; css=\u00a0\u00bb.vc_custom_1695132204337{background-color: #eaeaea !important;}\u00a0\u00bb][vc_column][vc_empty_space height=\u00a0\u00bb100&Prime;][vc_row_inner][vc_column_inner width=\u00a0\u00bb2\/3&Prime;][vc_column_text]<\/p>\n<h1><strong><span style=\"color: #ffffff;\">Ataway et les solutions Oracle : Votre partenaire de confiance pour l&rsquo;excellence Oracle<\/span><\/strong><\/h1>\n<p>[\/vc_column_text][vc_column_text]<\/p>\n<h3><span style=\"color: #ffffff;\">D\u00e9couvrez l&rsquo;excellence en gestion des logiciels bas\u00e9s sur le cloud et sur site gr\u00e2ce \u00e0 l&rsquo;expertise d&rsquo;Ataway sur les solutions Oracle. Que votre entreprise utilise Oracle Cloud, PeopleSoft, E-Business Suite ou HCM, nous vous accompagnons vers le succ\u00e8s op\u00e9rationnel avec des solutions sur mesure.<\/span><\/h3>\n<p>[\/vc_column_text][\/vc_column_inner][vc_column_inner width=\u00a0\u00bb1\/3&Prime;][\/vc_column_inner][\/vc_row_inner][vc_btn title=\u00a0\u00bbExplorez nos solutions!\u00a0\u00bb style=\u00a0\u00bboutline\u00a0\u00bb color=\u00a0\u00bbwhite\u00a0\u00bb size=\u00a0\u00bblg\u00a0\u00bb css_animation=\u00a0\u00bbbounceIn\u00a0\u00bb link=\u00a0\u00bburl:%23solucionesoraclecloud|||\u00a0\u00bb][vc_empty_space height=\u00a0\u00bb16px\u00a0\u00bb][vc_icon type=\u00a0\u00bbentypo\u00a0\u00bb icon_entypo=\u00a0\u00bbentypo-icon entypo-icon-down-open-big\u00a0\u00bb color=\u00a0\u00bbwhite\u00a0\u00bb background_style=\u00a0\u00bbrounded\u00a0\u00bb background_color=\u00a0\u00bbcustom\u00a0\u00bb size=\u00a0\u00bbsm\u00a0\u00bb align=\u00a0\u00bbcenter\u00a0\u00bb custom_background_color=\u00a0\u00bbrgba(10,10,10,0.56)\u00a0\u00bb el_class=\u00a0\u00bbscroller-cursor-pointer\u00a0\u00bb][\/vc_column][\/vc_row][vc_row full_width=\u00a0\u00bbstretch_row\u00a0\u00bb content_placement=\u00a0\u00bbmiddle\u00a0\u00bb css=\u00a0\u00bb.vc_custom_1560523572547{background-color: #ffffff !important;}\u00a0\u00bb el_id=\u00a0\u00bbscroller-second-frame\u00a0\u00bb][vc_column][vc_empty_space height=\u00a0\u00bb16&Prime;][vc_row_inner][vc_column_inner][vc_column_text css_animation=\u00a0\u00bbfadeInDown\u00a0\u00bb el_class=\u00a0\u00bbbig\u00a0\u00bb]<\/p>\n<h3><span style=\"color: #333333;\"><strong>Que signifie g\u00e9rer des logiciels dans le cloud ou sur site ?<\/strong><\/span><\/h3>\n<h3><span style=\"color: #333333;\">G\u00e9rer des logiciels, qu&rsquo;ils soient dans le cloud ou sur site, consiste \u00e0 utiliser une infrastructure technologique avanc\u00e9e pour optimiser les op\u00e9rations de votre entreprise. Oracle propose des solutions puissantes, et Ataway garantit une int\u00e9gration fluide, un support continu et une optimisation de vos syst\u00e8mes pour am\u00e9liorer l&rsquo;efficacit\u00e9 et favoriser l&rsquo;innovation dans votre organisation.<\/span><\/h3>\n<p>[\/vc_column_text][\/vc_column_inner][\/vc_row_inner][\/vc_column][\/vc_row][vc_row][vc_column][vc_column_text css_animation=\u00a0\u00bbfadeInDown\u00a0\u00bb]<\/p>\n<h2 style=\"text-align: center;\"><span style=\"color: #333333;\"><strong>Avantages d&rsquo;Ataway pour les solutions Oracle<\/strong><\/span><\/h2>\n<p>[\/vc_column_text][vc_row_inner][vc_column_inner width=\u00a0\u00bb1\/3&Prime;][vc_single_image image=\u00a0\u00bb17359&Prime; img_size=\u00a0\u00bb210X210&Prime; alignment=\u00a0\u00bbcenter\u00a0\u00bb css_animation=\u00a0\u00bbfadeInUp\u00a0\u00bb css=\u00a0\u00bb.vc_custom_1695305557646{margin-bottom: -16px !important;border-bottom-width: -16px !important;padding-bottom: -16px !important;}\u00a0\u00bb][vc_column_text css_animation=\u00a0\u00bbfadeInUp\u00a0\u00bb]<span style=\"color: #ff7600;\"><strong>FLEXIBILIT\u00c9 SANS CO\u00dbTS D&rsquo;INFRASTRUCTURE \u00c9LEV\u00c9S<\/strong><\/span><\/p>\n<p>Oracle Cloud \u00e9limine la n\u00e9cessit\u00e9 d&rsquo;un mat\u00e9riel co\u00fbteux. Cependant, Oracle PeopleSoft, E-Business Suite et Oracle HCM offrent \u00e9galement des options de d\u00e9ploiement sur site ou hybrides, assurant une flexibilit\u00e9 en fonction des besoins de votre entreprise.[\/vc_column_text][\/vc_column_inner][vc_column_inner width=\u00a0\u00bb1\/3&Prime;][vc_single_image image=\u00a0\u00bb17361&Prime; img_size=\u00a0\u00bb210X210&Prime; alignment=\u00a0\u00bbcenter\u00a0\u00bb css_animation=\u00a0\u00bbfadeInUp\u00a0\u00bb css=\u00a0\u00bb.vc_custom_1695305579499{margin-bottom: -16px !important;border-bottom-width: -16px !important;padding-bottom: -16px !important;}\u00a0\u00bb][vc_column_text css_animation=\u00a0\u00bbfadeInUp\u00a0\u00bb]<strong><span style=\"color: #ff7600;\">DES SOLUTIONS \u00c9VOLUTIVES ET PERSONNALISABLES<\/span><\/strong><\/p>\n<p>Que vous utilisiez Oracle Cloud ou Oracle E-Business Suite, Ataway veille \u00e0 ce que vos syst\u00e8mes soient adapt\u00e9s aux exigences sp\u00e9cifiques de votre entreprise en croissance.[\/vc_column_text][\/vc_column_inner][vc_column_inner width=\u00a0\u00bb1\/3&Prime;][vc_single_image image=\u00a0\u00bb17358&Prime; img_size=\u00a0\u00bb210X210&Prime; alignment=\u00a0\u00bbcenter\u00a0\u00bb css_animation=\u00a0\u00bbfadeInUp\u00a0\u00bb css=\u00a0\u00bb.vc_custom_1695305549070{margin-bottom: -16px !important;border-bottom-width: -16px !important;padding-bottom: -16px !important;}\u00a0\u00bb][vc_column_text css_animation=\u00a0\u00bbfadeInUp\u00a0\u00bb]<span style=\"color: #ff7600;\"><strong>MISES \u00c0 JOUR CONTINUES ET AM\u00c9LIORATIONS SANS INTERRUPTION<\/strong><\/span><\/p>\n<p>Avec les solutions cloud d&rsquo;Oracle et le soutien d&rsquo;Ataway, les mises \u00e0 jour se font sans perturber vos op\u00e9rations. Pour les solutions sur site comme PeopleSoft et E-Business Suite, nous vous accompagnons pour maintenir vos logiciels \u00e0 jour avec les derni\u00e8res am\u00e9liorations.[\/vc_column_text][\/vc_column_inner][\/vc_row_inner][\/vc_column][\/vc_row][vc_row full_width=\u00a0\u00bbstretch_row\u00a0\u00bb parallax=\u00a0\u00bbcontent-moving\u00a0\u00bb parallax_image=\u00a0\u00bb14071&Prime; el_id=\u00a0\u00bbsolucionesoraclecloud\u00a0\u00bb][vc_column][vc_empty_space height=\u00a0\u00bb16px\u00a0\u00bb][vc_column_text css_animation=\u00a0\u00bbfadeInDown\u00a0\u00bb]<\/p>\n<h2 style=\"text-align: center;\"><span style=\"color: #ffffff;\"><strong><span style=\"color: #ffffff;\">Solutions Ataway avec Oracle<\/span><br \/>\n<\/strong><\/span><\/h2>\n<p>[\/vc_column_text][vc_row_inner][vc_column_inner width=\u00a0\u00bb1\/4&Prime;][vc_column_text css_animation=\u00a0\u00bbfadeInUp\u00a0\u00bb]<em><strong><span style=\"color: #ffffff;\">#1 GESTION FINANCI\u00c8RE<\/span><\/strong><\/em><\/p>\n<p><span style=\"color: #ffffff;\"><em>Oracle Cloud ERP inclut des modules pour la comptabilit\u00e9, les comptes fournisseurs, les comptes clients, la budg\u00e9tisation, les immobilisations et la gestion des d\u00e9penses, vous offrant un contr\u00f4le financier complet, des bases \u00e0 la planification avanc\u00e9e.<\/em><\/span>[\/vc_column_text][\/vc_column_inner][vc_column_inner width=\u00a0\u00bb1\/4&Prime;][vc_column_text css_animation=\u00a0\u00bbfadeInUp\u00a0\u00bb]<strong><em><span style=\"color: #ffffff;\">#2 GESTION DES RESSOURCES HUMAINES<\/span><\/em><\/strong><\/p>\n<p><span style=\"color: #ffffff;\"><em>G\u00e9rez efficacement votre personnel avec des fonctionnalit\u00e9s telles que la gestion de la paie, la gestion des talents, le recrutement et la formation.<\/em><\/span>[\/vc_column_text][\/vc_column_inner][vc_column_inner width=\u00a0\u00bb1\/4&Prime;][vc_column_text css_animation=\u00a0\u00bbfadeInUp\u00a0\u00bb]<strong><em><span style=\"color: #ffffff;\">#3 GESTION DE LA CHA\u00ceNE D&rsquo;APPROVISIONNEMENT<\/span><\/em><\/strong><\/p>\n<p><span style=\"color: #ffffff;\"><em>Optimisez votre cha\u00eene d&rsquo;approvisionnement avec des outils de planification de la demande, de gestion des stocks et de gestion des commandes. R\u00e9duisez les co\u00fbts et am\u00e9liorez l&rsquo;efficacit\u00e9.<\/em><\/span>[\/vc_column_text][\/vc_column_inner][vc_column_inner width=\u00a0\u00bb1\/4&Prime;][vc_column_text css_animation=\u00a0\u00bbfadeInUp\u00a0\u00bb]<strong><em><span style=\"color: #ffffff;\">#4 ANALYSE ET REPPORTING<\/span><\/em><\/strong><\/p>\n<p><span style=\"color: #ffffff;\"><em>Prenez des d\u00e9cisions \u00e9clair\u00e9es en temps r\u00e9el gr\u00e2ce aux capacit\u00e9s d&rsquo;analyse et de reporting d&rsquo;Oracle Cloud.<\/em><\/span>[\/vc_column_text][\/vc_column_inner][\/vc_row_inner][vc_btn title=\u00a0\u00bbContactez-nous pour plus d&rsquo;informations!\u00a0\u00bb style=\u00a0\u00bboutline\u00a0\u00bb color=\u00a0\u00bbwhite\u00a0\u00bb size=\u00a0\u00bblg\u00a0\u00bb align=\u00a0\u00bbcenter\u00a0\u00bb css_animation=\u00a0\u00bbbounceIn\u00a0\u00bb css=\u00a0\u00bb.vc_custom_1718735135293{margin-top: -32px !important;border-top-width: -32px !important;padding-top: -32px !important;}\u00a0\u00bb link=\u00a0\u00bburl:%23contactooraclecloud|||\u00a0\u00bb][vc_empty_space][\/vc_column][\/vc_row][vc_row][vc_column][vc_column_text css_animation=\u00a0\u00bbfadeInDown\u00a0\u00bb]<\/p>\n<h2 style=\"text-align: left;\"><span style=\"color: #333333;\"><strong>L&rsquo;expertise Oracle d&rsquo;Ataway<\/strong><\/span><\/h2>\n<p>[\/vc_column_text][vc_row_inner content_placement=\u00a0\u00bbmiddle\u00a0\u00bb][vc_column_inner width=\u00a0\u00bb1\/4&Prime;][vc_single_image image=\u00a0\u00bb38620&Prime; img_size=\u00a0\u00bb300&#215;100&Prime; css_animation=\u00a0\u00bbfadeInUp\u00a0\u00bb][\/vc_column_inner][vc_column_inner width=\u00a0\u00bb3\/4&Prime;][vc_column_text css_animation=\u00a0\u00bbfadeInUp\u00a0\u00bb]<strong>Solutions Oracle Cloud avec Ataway<\/strong><\/p>\n<hr \/>\n<p>Nos services cloud transforment vos op\u00e9rations avec des modules pour la gestion financi\u00e8re, les ressources humaines, l&rsquo;optimisation de la cha\u00eene d&rsquo;approvisionnement et l&rsquo;analyse en temps r\u00e9el. B\u00e9n\u00e9ficiez d&rsquo;un contr\u00f4le et d&rsquo;une flexibilit\u00e9 in\u00e9gal\u00e9s avec Oracle Cloud ERP, Oracle HCM Cloud, et plus encore.[\/vc_column_text][\/vc_column_inner][\/vc_row_inner][vc_row_inner][vc_column_inner width=\u00a0\u00bb1\/4&Prime;][vc_single_image image=\u00a0\u00bb38632&Prime; img_size=\u00a0\u00bb300&#215;100&Prime; css_animation=\u00a0\u00bbfadeInUp\u00a0\u00bb][\/vc_column_inner][vc_column_inner width=\u00a0\u00bb3\/4&Prime;][vc_column_text css_animation=\u00a0\u00bbfadeInUp\u00a0\u00bb]<strong>Solutions Oracle PeopleSoft avec Ataway<\/strong><\/p>\n<hr \/>\n<p>Ataway soutient Oracle PeopleSoft, reconnu pour ses fonctionnalit\u00e9s robustes en mati\u00e8re de gestion des ressources humaines et de finance. Nous aidons les entreprises \u00e0 automatiser et \u00e0 g\u00e9rer des processus complexes, de la paie aux achats, gr\u00e2ce \u00e0 un syst\u00e8me efficace et personnalisable.[\/vc_column_text][\/vc_column_inner][\/vc_row_inner][vc_row_inner][vc_column_inner width=\u00a0\u00bb1\/4&Prime;][vc_single_image image=\u00a0\u00bb38644&Prime; img_size=\u00a0\u00bb300&#215;100&Prime; css_animation=\u00a0\u00bbfadeInUp\u00a0\u00bb][\/vc_column_inner][vc_column_inner width=\u00a0\u00bb3\/4&Prime;][vc_column_text css_animation=\u00a0\u00bbfadeInUp\u00a0\u00bb]<strong>Solutions Oracle E-Business Suite avec Ataway<\/strong><\/p>\n<hr \/>\n<p>Pour les entreprises \u00e0 la recherche d&rsquo;une suite compl\u00e8te d&rsquo;applications m\u00e9tiers, Oracle E-Business Suite est le choix id\u00e9al. Ataway vous accompagne dans l&rsquo;impl\u00e9mentation et l&rsquo;optimisation de cet outil puissant pour la gestion financi\u00e8re, la gestion de la cha\u00eene d&rsquo;approvisionnement et la gestion des relations clients.[\/vc_column_text][\/vc_column_inner][\/vc_row_inner][vc_row_inner][vc_column_inner width=\u00a0\u00bb1\/4&Prime;][vc_single_image image=\u00a0\u00bb38656&Prime; img_size=\u00a0\u00bb300&#215;100&Prime; css_animation=\u00a0\u00bbfadeInUp\u00a0\u00bb][\/vc_column_inner][vc_column_inner width=\u00a0\u00bb3\/4&Prime;][vc_column_text css_animation=\u00a0\u00bbfadeInUp\u00a0\u00bb]<strong>Solutions Oracle HCM<\/strong><\/p>\n<hr \/>\n<p>G\u00e9rez efficacement votre personnel avec Oracle HCM. Que vous vous concentriez sur la paie, la gestion des talents ou le d\u00e9veloppement des employ\u00e9s, Ataway vous apporte son expertise pour optimiser la gestion du capital humain au sein de votre organisation.[\/vc_column_text][\/vc_column_inner][\/vc_row_inner][\/vc_column][\/vc_row][vc_row][vc_column][vc_column_text css_animation=\u00a0\u00bbfadeInDown\u00a0\u00bb]<\/p>\n<h2 style=\"text-align: center;\"><strong><span style=\"color: #333333;\">Success Stories<\/span><\/strong><\/h2>\n<p>[\/vc_column_text][vc_column_text css_animation=\u00a0\u00bbfadeInUp\u00a0\u00bb]<\/p>\n<h3 style=\"text-align: center;\"><span style=\"color: #333333;\"><em>D\u00e9couvrez comment d&rsquo;autres entreprises ont transform\u00e9 leur activit\u00e9 avec Oracle et Ataway.<\/em><\/span><\/h3>\n<p>[\/vc_column_text][vc_basic_grid post_type=\u00a0\u00bbpost\u00a0\u00bb max_items=\u00a0\u00bb10&Prime; grid_id=\u00a0\u00bbvc_gid:1745937707682-a02c2cbb-985b-8&Prime; taxonomies=\u00a0\u00bb394&Prime;][\/vc_column][\/vc_row][vc_row el_id=\u00a0\u00bbcontactooraclecloud\u00a0\u00bb][vc_column][vc_column_text css_animation=\u00a0\u00bbfadeInDown\u00a0\u00bb]<\/p>\n<div class=\"flex flex-grow flex-col max-w-full\">\n<div class=\"min-h-[20px] text-message flex flex-col items-start whitespace-pre-wrap break-words [.text-message+&amp;]:mt-5 juice:w-full juice:items-end overflow-x-auto gap-2\" dir=\"auto\" data-message-author-role=\"assistant\" data-message-id=\"baf33d4b-8aae-47c7-a719-c99ad22a9443\">\n<div class=\"flex w-full flex-col gap-1 juice:empty:hidden juice:first:pt-[3px]\">\n<div class=\"markdown prose w-full break-words dark:prose-invert light\">\n<div class=\"flex flex-grow flex-col max-w-full\">\n<div class=\"min-h-[20px] text-message flex flex-col items-start whitespace-pre-wrap break-words [.text-message+&amp;]:mt-5 juice:w-full juice:items-end overflow-x-auto gap-2\" dir=\"auto\" data-message-author-role=\"assistant\" data-message-id=\"e431e7ca-27b8-45fe-9c29-b843bc259684\">\n<div class=\"flex w-full flex-col gap-1 juice:empty:hidden juice:first:pt-[3px]\">\n<div class=\"markdown prose w-full break-words dark:prose-invert light\">\n<h2 style=\"text-align: center;\"><span style=\"color: #333333;\"><strong>Transformations r\u00e9ussies avec Oracle et Ataway!<\/strong><\/span><\/h2>\n<\/div>\n<\/div>\n<\/div>\n<\/div>\n<\/div>\n<\/div>\n<\/div>\n<\/div>\n<p>[\/vc_column_text]\n<div class=\"wpcf7 no-js\" id=\"wpcf7-f37969-o1\" lang=\"en\" dir=\"ltr\" data-wpcf7-id=\"37969\">\n<div class=\"screen-reader-response\"><p role=\"status\" aria-live=\"polite\" aria-atomic=\"true\"><\/p> <ul><\/ul><\/div>\n<form action=\"\/fr-fr\/wp-json\/wp\/v2\/pages\/35716#wpcf7-f37969-o1\" method=\"post\" class=\"wpcf7-form init\" aria-label=\"Formulaire de contact\" novalidate=\"novalidate\" data-status=\"init\">\n<fieldset class=\"hidden-fields-container\"><input type=\"hidden\" name=\"_wpcf7\" value=\"37969\" \/><input type=\"hidden\" name=\"_wpcf7_version\" value=\"6.1.2\" \/><input type=\"hidden\" name=\"_wpcf7_locale\" value=\"en\" \/><input type=\"hidden\" name=\"_wpcf7_unit_tag\" value=\"wpcf7-f37969-o1\" \/><input type=\"hidden\" name=\"_wpcf7_container_post\" value=\"0\" \/><input type=\"hidden\" name=\"_wpcf7_posted_data_hash\" value=\"\" \/><input type=\"hidden\" name=\"_wpcf7_recaptcha_response\" value=\"\" \/>\n<\/fieldset>\n<div class=\"contact-form\">\n\t<p><label><span style=\"color: #333333;\"> Nom*<br \/>\n<span class=\"wpcf7-form-control-wrap\" data-name=\"your-name\"><input size=\"40\" maxlength=\"400\" class=\"wpcf7-form-control wpcf7-text wpcf7-validates-as-required\" aria-required=\"true\" aria-invalid=\"false\" value=\"\" type=\"text\" name=\"your-name\" \/><\/span> <\/span><\/label>\n\t<\/p>\n\t<p><label><span style=\"color: #333333;\"> Email*<br \/>\n<span class=\"wpcf7-form-control-wrap\" data-name=\"your-email\"><input size=\"40\" maxlength=\"400\" class=\"wpcf7-form-control wpcf7-email wpcf7-validates-as-required wpcf7-text wpcf7-validates-as-email\" aria-required=\"true\" aria-invalid=\"false\" value=\"\" type=\"email\" name=\"your-email\" \/><\/span> <\/span><\/label>\n\t<\/p>\n\t<p><label><span style=\"color: #333333;\"> Nom de l\u2019entreprise*<br \/>\n<span class=\"wpcf7-form-control-wrap\" data-name=\"companyname\"><input size=\"40\" maxlength=\"400\" class=\"wpcf7-form-control wpcf7-text wpcf7-validates-as-required\" aria-required=\"true\" aria-invalid=\"false\" value=\"\" type=\"text\" name=\"companyname\" \/><\/span> <\/span><\/label>\n\t<\/p>\n\t<p><label><span style=\"color: #333333;\"> Poste*<br \/>\n<span class=\"wpcf7-form-control-wrap\" data-name=\"companyjob\"><input size=\"40\" maxlength=\"400\" class=\"wpcf7-form-control wpcf7-text wpcf7-validates-as-required\" aria-required=\"true\" aria-invalid=\"false\" value=\"\" type=\"text\" name=\"companyjob\" \/><\/span> <\/span><\/label>\n\t<\/p>\n\t<p><label><span style=\"color: #333333;\"> Comment avez-vous connu Ataway ?<br \/>\n<span class=\"wpcf7-form-control-wrap\" data-name=\"hear-about\"><select class=\"wpcf7-form-control wpcf7-select\" aria-invalid=\"false\" name=\"hear-about\"><option value=\"S\u00e9lectionnez une option\">S\u00e9lectionnez une option<\/option><option value=\"Recommandation\">Recommandation<\/option><option value=\"Moteur de recherche\">Moteur de recherche<\/option><option value=\"LinkedIn\">LinkedIn<\/option><option value=\"Marketplace partenaire\">Marketplace partenaire<\/option><option value=\"\u00c9v\u00e9nement\">\u00c9v\u00e9nement<\/option><option value=\"Autre\">Autre<\/option><\/select><\/span> <\/span><\/label>\n\t<\/p>\n<\/div>\n<div class=\"contact-form\">\n\t<p><label><span style=\"color: #333333;\"> Votre message*<br \/>\n<span class=\"wpcf7-form-control-wrap\" data-name=\"your-message\"><textarea cols=\"40\" rows=\"10\" maxlength=\"2000\" class=\"wpcf7-form-control wpcf7-textarea wpcf7-validates-as-required\" aria-required=\"true\" aria-invalid=\"false\" placeholder=\"Parlez-nous de votre besoin ou de votre projet...\" name=\"your-message\"><\/textarea><\/span> <\/span><\/label>\n\t<\/p>\n\t<p><span class=\"wpcf7-form-control-wrap\" data-name=\"PrivacyPolicy\"><span class=\"wpcf7-form-control wpcf7-acceptance\"><span class=\"wpcf7-list-item\"><label><input type=\"checkbox\" name=\"PrivacyPolicy\" value=\"1\" aria-invalid=\"false\" \/><span class=\"wpcf7-list-item-label\"><span style=\"color: #333333;\"> J\u2019ai lu et j\u2019accepte la <a rel=\"nofollow\" href=\"https:\/\/www.ataway.com\/fr-fr\/privacy-policy\/\"> Politique de Confidentialit\u00e9 de Ataway <\/a>. <\/span><\/span><\/label><\/span><\/span><\/span>\n\t<\/p>\n\t<p><input class=\"wpcf7-form-control wpcf7-submit has-spinner\" type=\"submit\" value=\"Envoyer\" \/>\n\t<\/p>\n\t<p>*Ce site est prot\u00e9g\u00e9 par reCAPTCHA et les <a href=\"https:\/\/policies.google.com\/privacy\">Politique de Confidentialit\u00e9<\/a> et les <a href=\"https:\/\/policies.google.com\/terms\">Conditions d'utilisation<\/a> de Google s'appliquent.\n\t<\/p>\n<\/div>\n<input class=\"wpcf7-form-control wpcf7-hidden\" id=\"solution-field\" value=\"\" type=\"hidden\" name=\"solution\" \/><div class=\"wpcf7-response-output\" aria-hidden=\"true\"><\/div>\n<\/form>\n<\/div>\n[vc_empty_space][\/vc_column][\/vc_row]<\/p>\n<\/div>","protected":false},"excerpt":{"rendered":"<p>[vc_row full_width=\u00a0\u00bbstretch_row\u00a0\u00bb full_height=\u00a0\u00bbyes\u00a0\u00bb content_placement=\u00a0\u00bbmiddle\u00a0\u00bb parallax=\u00a0\u00bbcontent-moving\u00a0\u00bb parallax_image=\u00a0\u00bb17356&Prime; css=\u00a0\u00bb.vc_custom_1695132204337{background-color: #eaeaea !important;}\u00a0\u00bb][vc_column][vc_empty_space height=\u00a0\u00bb100&Prime;][vc_row_inner][vc_column_inner width=\u00a0\u00bb2\/3&Prime;][vc_column_text] Ataway et les solutions Oracle : Votre partenaire de confiance pour l&rsquo;excellence Oracle [\/vc_column_text][vc_column_text] D\u00e9couvrez<span class=\"excerpt-hellip\"> [\u2026]<\/span><\/p>\n","protected":false},"author":6,"featured_media":0,"parent":11791,"menu_order":0,"comment_status":"closed","ping_status":"closed","template":"","meta":{"footnotes":""},"class_list":["post-35716","page","type-page","status-publish","hentry"],"_links":{"self":[{"href":"https:\/\/www.ataway.com\/fr-fr\/wp-json\/wp\/v2\/pages\/35716","targetHints":{"allow":["GET"]}}],"collection":[{"href":"https:\/\/www.ataway.com\/fr-fr\/wp-json\/wp\/v2\/pages"}],"about":[{"href":"https:\/\/www.ataway.com\/fr-fr\/wp-json\/wp\/v2\/types\/page"}],"author":[{"embeddable":true,"href":"https:\/\/www.ataway.com\/fr-fr\/wp-json\/wp\/v2\/users\/6"}],"replies":[{"embeddable":true,"href":"https:\/\/www.ataway.com\/fr-fr\/wp-json\/wp\/v2\/comments?post=35716"}],"version-history":[{"count":10,"href":"https:\/\/www.ataway.com\/fr-fr\/wp-json\/wp\/v2\/pages\/35716\/revisions"}],"predecessor-version":[{"id":41279,"href":"https:\/\/www.ataway.com\/fr-fr\/wp-json\/wp\/v2\/pages\/35716\/revisions\/41279"}],"up":[{"embeddable":true,"href":"https:\/\/www.ataway.com\/fr-fr\/wp-json\/wp\/v2\/pages\/11791"}],"wp:attachment":[{"href":"https:\/\/www.ataway.com\/fr-fr\/wp-json\/wp\/v2\/media?parent=35716"}],"curies":[{"name":"wp","href":"https:\/\/api.w.org\/{rel}","templated":true}]}}