{"id":12763,"date":"2024-07-08T10:07:22","date_gmt":"2024-07-08T13:07:22","guid":{"rendered":"https:\/\/www.ataway.com\/?page_id=12763"},"modified":"2024-08-06T11:47:28","modified_gmt":"2024-08-06T14:47:28","slug":"clients","status":"publish","type":"page","link":"https:\/\/www.ataway.com\/fr-fr\/nous-connaitre\/clients\/","title":{"rendered":"Rencontrez nos clients"},"content":{"rendered":"<div class=\"wpb-content-wrapper\"><p>[vc_row full_width=\u00a0\u00bbstretch_row\u00a0\u00bb full_height=\u00a0\u00bbyes\u00a0\u00bb content_placement=\u00a0\u00bbmiddle\u00a0\u00bb parallax=\u00a0\u00bbcontent-moving\u00a0\u00bb parallax_image=\u00a0\u00bb10529&Prime;][vc_column][vc_empty_space height=\u00a0\u00bb100&Prime;][vc_row_inner content_placement=\u00a0\u00bbmiddle\u00a0\u00bb][vc_column_inner][vc_column_text css_animation=\u00a0\u00bbfadeInDown\u00a0\u00bb]<\/p>\n<h1 style=\"text-align: left;\">Besoins complexes.<br \/>\n<strong>Solutions adapt\u00e9es.<\/strong><\/h1>\n<p>[\/vc_column_text][vc_column_text css_animation=\u00a0\u00bbfadeInUp\u00a0\u00bb css=\u00a0\u00bb.vc_custom_1564172331337{padding-bottom: 32px !important;}\u00a0\u00bb el_class=\u00a0\u00bbmedium\u00a0\u00bb]<\/p>\n<h3><span style=\"color: #ffffff;\">Notre expertise, notre savoir-faire, nos infrastructures<br \/>\net notre passion pour le m\u00e9tier du conseil sont<br \/>\nmis au profit de votre projet.<br \/>\nAtaway devient votre partenaire.<br \/>\nVotre projet devient notre priorit\u00e9.<br \/>\n<\/span><\/h3>\n<p>[\/vc_column_text][\/vc_column_inner][\/vc_row_inner][vc_icon type=\u00a0\u00bbentypo\u00a0\u00bb icon_entypo=\u00a0\u00bbentypo-icon entypo-icon-down-open-big\u00a0\u00bb color=\u00a0\u00bbcustom\u00a0\u00bb background_style=\u00a0\u00bbrounded\u00a0\u00bb background_color=\u00a0\u00bbcustom\u00a0\u00bb size=\u00a0\u00bbsm\u00a0\u00bb align=\u00a0\u00bbcenter\u00a0\u00bb custom_color=\u00a0\u00bbrgba(255,255,255,0.56)\u00a0\u00bb custom_background_color=\u00a0\u00bbrgba(10,10,10,0.56)\u00a0\u00bb el_class=\u00a0\u00bbscroller-cursor-pointer\u00a0\u00bb][vc_empty_space height=\u00a0\u00bb8px\u00a0\u00bb][\/vc_column][\/vc_row][vc_row full_width=\u00a0\u00bbstretch_row\u00a0\u00bb full_height=\u00a0\u00bbyes\u00a0\u00bb content_placement=\u00a0\u00bbmiddle\u00a0\u00bb css=\u00a0\u00bb.vc_custom_1551942447082{background-color: #ffffff !important;}\u00a0\u00bb el_id=\u00a0\u00bbscroller-second-frame\u00a0\u00bb][vc_column][vc_empty_space height=\u00a0\u00bb32&Prime;][vc_column_text css_animation=\u00a0\u00bbfadeInDown\u00a0\u00bb]<\/p>\n<h1 style=\"text-align: center;\"><span style=\"color: #333333;\">Cr\u00e9\u00e9e en 2000, Ataway est une soci\u00e9t\u00e9 de conseil en management et syst\u00e8mes d\u2019information qui accompagne ses clients \u00e0 toutes les \u00e9tapes de leurs projets de transformation. <strong>Notre engagement continu offre aux clients un service de qualit\u00e9 et une r\u00e9elle valeur ajout\u00e9e.<\/strong><\/span><\/h1>\n<p>[\/vc_column_text][vc_empty_space height=\u00a0\u00bb64&Prime;][vc_column_text css_animation=\u00a0\u00bbfadeInDown\u00a0\u00bb el_class=\u00a0\u00bbmedium\u00a0\u00bb]<\/p>\n<h1 style=\"text-align: center;\"><span style=\"color: #333333;\">Une histoire remplie de succ\u00e8s.<br \/>\n<\/span><strong><span style=\"color: #333333;\"><strong>Des partenaires mondiaux.<\/strong><\/span><\/strong><\/h1>\n<h3 style=\"text-align: center; color: #333333;\">We strive to become the best partners ever.<br \/>\n\u00catre le meilleur partenaire est notre vocation<br \/>\nNous les remercions de leur confiance<br \/>\nNous allons les rendre fiers !<\/h3>\n<p>[\/vc_column_text][vc_empty_space height=\u00a0\u00bb32&Prime;][vc_row_inner][vc_column_inner width=\u00a0\u00bb1\/3&Prime;][vc_single_image image=\u00a0\u00bb9868&Prime; img_size=\u00a0\u00bb240&#215;110&Prime; alignment=\u00a0\u00bbcenter\u00a0\u00bb onclick=\u00a0\u00bbcustom_link\u00a0\u00bb img_link_target=\u00a0\u00bb_blank\u00a0\u00bb css_animation=\u00a0\u00bbfadeInUp\u00a0\u00bb link=\u00a0\u00bbhttps:\/\/www.automationanywhere.com\/\u00a0\u00bb][\/vc_column_inner][vc_column_inner width=\u00a0\u00bb1\/3&Prime;][vc_single_image image=\u00a0\u00bb9874&Prime; img_size=\u00a0\u00bb240&#215;110&Prime; alignment=\u00a0\u00bbcenter\u00a0\u00bb onclick=\u00a0\u00bbcustom_link\u00a0\u00bb img_link_target=\u00a0\u00bb_blank\u00a0\u00bb css_animation=\u00a0\u00bbfadeInUp\u00a0\u00bb link=\u00a0\u00bbhttps:\/\/www.oracle.com\/index.html\u00a0\u00bb][\/vc_column_inner][vc_column_inner width=\u00a0\u00bb1\/3&Prime;][vc_single_image image=\u00a0\u00bb9865&Prime; img_size=\u00a0\u00bb140&#215;70&Prime; alignment=\u00a0\u00bbcenter\u00a0\u00bb onclick=\u00a0\u00bbcustom_link\u00a0\u00bb img_link_target=\u00a0\u00bb_blank\u00a0\u00bb css_animation=\u00a0\u00bbfadeInUp\u00a0\u00bb link=\u00a0\u00bbhttps:\/\/www.sap.com\/index.html\u00a0\u00bb][\/vc_column_inner][\/vc_row_inner][vc_empty_space height=\u00a0\u00bb64&Prime;][\/vc_column][\/vc_row][vc_row full_width=\u00a0\u00bbstretch_row_content\u00a0\u00bb equal_height=\u00a0\u00bbyes\u00a0\u00bb content_placement=\u00a0\u00bbmiddle\u00a0\u00bb parallax=\u00a0\u00bbcontent-moving\u00a0\u00bb parallax_image=\u00a0\u00bb10987&Prime; css=\u00a0\u00bb.vc_custom_1553181248480{margin-top: 0px !important;margin-bottom: 0px !important;border-top-width: 0px !important;border-bottom-width: 0px !important;padding-top: 0px !important;padding-bottom: 0px !important;}\u00a0\u00bb el_class=\u00a0\u00bbdouble-image-row-left\u00a0\u00bb][vc_column][vc_row_inner equal_height=\u00a0\u00bbyes\u00a0\u00bb content_placement=\u00a0\u00bbmiddle\u00a0\u00bb][vc_column_inner el_class=\u00a0\u00bbcase-studies-testimonial-rotator\u00a0\u00bb width=\u00a0\u00bb1\/2&Prime;][vc_empty_space][vc_column_text css_animation=\u00a0\u00bbfadeInDown\u00a0\u00bb el_class=\u00a0\u00bbmedium\u00a0\u00bb css=\u00a0\u00bb.vc_custom_1565100520837{margin-bottom: 48px !important;}\u00a0\u00bb]<\/p>\n<h1 style=\"text-align: center;\"><span style=\"color: #ffffff;\">O Nos solutions innovantes<\/span><\/h1>\n<p>[\/vc_column_text][vc_column_text css_animation=\u00a0\u00bbfadeInUp\u00a0\u00bb el_class=\u00a0\u00bbwhite-font-color\u00a0\u00bb]<\/p>\n<p style=\"text-align: center;\"><div id=\"testimonial_rotator_wrap_11973\" class=\"testimonial_rotator_wrap with-prevnext \">\n\t<div id=\"testimonial_rotator_11973\" class=\"testimonial_rotator hreview-aggregate cycletwo-slideshow format-rotator template-longform\" data-cycletwo-timeout=\"5000\" data-cycletwo-speed=\"1000\" data-cycletwo-pause-on-hover=\"true\"  data-cycletwo-swipe=\"true\" data-cycletwo-fx=\"fade\" data-cycletwo-auto-height=\"calc\"  data-cycletwo-next=\"#testimonial_rotator_wrap_11973 .testimonial_rotator_next\" data-cycletwo-prev=\"#testimonial_rotator_wrap_11973 .testimonial_rotator_prev\" data-cycletwo-slides=\"> div.slide\" data-cycletwo-log=\"false\" >\n<div class=\"slide slide1 testimonial_rotator_slide hreview itemreviewed item  cf-tr\">\n<h2 class=\"testimonial_rotator_slide_title\"><\/h2>\n<div class=\"text testimonial_rotator_description\">\n<div class=\"testimonial_rotator_quote\">\n<p dir=\"ltr\" style=\"text-align: center;\"><span style=\"color: #33333;\"><strong>Industry:<\/strong> Manufacturing. Among the first implementation of SAP S\/4Hana Cloud for a global Fortune 500 manufacturing company.<\/span><\/p><\/div>\n<hr class=\"longform_hr\"><div class=\"testimonial_rotator_author_info cf-tr\">\n<p><strong>Global deployment of SAP S\/4Hana Cloud<\/strong><\/p>\n<\/div>\n<\/div>\n<div class=\"testimonial_rotator_microdata\">\n\t<div class=\"dtreviewed\"> 2019-05-03T19:04:15-03:00<\/div>\t<div class=\"reviewer\"> \t<div class=\"fn\"> <p><strong>Global deployment of SAP S\/4Hana Cloud<\/strong><\/p>\n<\/div>\t<\/div>Industry: Manufacturing. Among the first implementation of SAP S\/4Hana Cloud for a global Fortune 500 manufacturing company.\t<div class=\"summary\"> <\/div>\t<div class=\"permalink\"> https:\/\/www.ataway.com\/fr-fr\/testimonials\/11990\/<\/div><\/div> <!-- .testimonial_rotator_microdata -->\n<\/div>\n<div class=\"slide slide2 testimonial_rotator_slide hreview itemreviewed item  cf-tr\">\n<h2 class=\"testimonial_rotator_slide_title\"><\/h2>\n<div class=\"text testimonial_rotator_description\">\n<div class=\"testimonial_rotator_quote\">\n<p dir=\"ltr\" style=\"text-align: center;\"><span style=\"color: #33333;\"><strong>Industry:<\/strong> Healthcare. Implementation of Oracle Cloud HCM Workforce Management, Recruiting, Compensation, and Absence Management for 6000 employees. Customizations using Oracle PaaS technology. Results delivered in 6 months.<\/span><\/p><\/div>\n<hr class=\"longform_hr\"><div class=\"testimonial_rotator_author_info cf-tr\">\n<p><strong>Oracle Cloud HCM Implementation<\/strong><\/p>\n<\/div>\n<\/div>\n<div class=\"testimonial_rotator_microdata\">\n\t<div class=\"dtreviewed\"> 2019-05-03T19:09:23-03:00<\/div>\t<div class=\"reviewer\"> \t<div class=\"fn\"> <p><strong>Oracle Cloud HCM Implementation<\/strong><\/p>\n<\/div>\t<\/div>Industry: Healthcare. Implementation of Oracle Cloud HCM Workforce Management, Recruiting, Compensation, and Absence Management for 6000 employees. Customizations using Oracle PaaS technology. Results delivered in 6 months.\t<div class=\"summary\"> <\/div>\t<div class=\"permalink\"> https:\/\/www.ataway.com\/fr-fr\/testimonials\/11998\/<\/div><\/div> <!-- .testimonial_rotator_microdata -->\n<\/div>\n<div class=\"slide slide3 testimonial_rotator_slide hreview itemreviewed item  cf-tr\">\n<h2 class=\"testimonial_rotator_slide_title\"><\/h2>\n<div class=\"text testimonial_rotator_description\">\n<div class=\"testimonial_rotator_quote\">\n<p style=\"text-align: center;\"><span style=\"color: #333333;\"><strong>Industry:<\/strong> Healthcare. Digital Imaging + Machine Learning + AI + Bots combined to reduce supplier invoices processing cost by 60%. From unstructured data straight to the finance system, fully automated. 90% straight through processing delivered after a 3 weeks project.<\/span><\/p><\/div>\n<hr class=\"longform_hr\"><div class=\"testimonial_rotator_author_info cf-tr\">\n<p><strong><span style=\"color: #333333;\">Robotic Process Automation &amp; AI<\/span><\/strong><\/p>\n<\/div>\n<\/div>\n<div class=\"testimonial_rotator_microdata\">\n\t<div class=\"dtreviewed\"> 2019-03-18T16:42:03-03:00<\/div>\t<div class=\"reviewer\"> \t<div class=\"fn\"> <p><strong><span style=\"color: #333333;\">Robotic Process Automation &amp; AI<\/span><\/strong><\/p>\n<\/div>\t<\/div>Industry: Healthcare. Digital Imaging + Machine Learning + AI + Bots combined to reduce supplier invoices processing cost by 60%. From unstructured data straight to the finance system, fully automated. 90% straight through processing delivered after a 3 weeks project.\t<div class=\"summary\"> <\/div>\t<div class=\"permalink\"> https:\/\/www.ataway.com\/fr-fr\/testimonials\/rpa-and-ai\/<\/div><\/div> <!-- .testimonial_rotator_microdata -->\n<\/div>\n<\/div><!-- #testimonial_rotator_11973 -->\n<div class=\"testimonial_rotator_nav\">\t<div class=\"testimonial_rotator_prev\"><i class=\"fa fa-chevron-left\"><\/i><\/div>\t<div class=\"testimonial_rotator_next\"><i class=\"fa fa-chevron-right\"><\/i><\/div><\/div>\n<\/div><!-- .testimonial_rotator_wrap -->\n\n<\/p>\n<p>[\/vc_column_text][\/vc_column_inner][vc_column_inner width=\u00a0\u00bb1\/2&Prime; css=\u00a0\u00bb.vc_custom_1553172822846{background-color: #ffffff !important;}\u00a0\u00bb offset=\u00a0\u00bbvc_hidden-xs\u00a0\u00bb][vc_single_image image=\u00a0\u00bb10971&Prime; img_size=\u00a0\u00bbfull\u00a0\u00bb][\/vc_column_inner][\/vc_row_inner][\/vc_column][\/vc_row][vc_row full_width=\u00a0\u00bbstretch_row\u00a0\u00bb full_height=\u00a0\u00bbyes\u00a0\u00bb content_placement=\u00a0\u00bbmiddle\u00a0\u00bb parallax=\u00a0\u00bbcontent-moving\u00a0\u00bb css=\u00a0\u00bb.vc_custom_1551946389935{background-color: #ffffff !important;}\u00a0\u00bb][vc_column][vc_empty_space height=\u00a0\u00bb32&Prime;][vc_row_inner content_placement=\u00a0\u00bbtop\u00a0\u00bb css=\u00a0\u00bb.vc_custom_1552903262759{margin-bottom: 0px !important;}\u00a0\u00bb][vc_column_inner][vc_column_text css_animation=\u00a0\u00bbfadeInDown\u00a0\u00bb el_class=\u00a0\u00bbmedium\u00a0\u00bb css=\u00a0\u00bb.vc_custom_1564172454368{margin-bottom: 48px !important;}\u00a0\u00bb]<\/p>\n<h1 style=\"text-align: center;\"><strong><span style=\"color: #333333;\">Top 4 des valeurs qui nous tiennent \u00e0 c\u0153ur. <\/span><\/strong><\/h1>\n<p>[\/vc_column_text][\/vc_column_inner][\/vc_row_inner][vc_row_inner][vc_column_inner width=\u00a0\u00bb1\/4&Prime;][vc_column_text css_animation=\u00a0\u00bbfadeInUp\u00a0\u00bb el_class=\u00a0\u00bbsmall\u00a0\u00bb]<\/p>\n<h4><img loading=\"lazy\" decoding=\"async\" class=\"alignnone wp-image-10377\" src=\"https:\/\/www.ataway.com\/wp-content\/uploads\/2019\/03\/About-icon-people-294x300.png\" alt=\"\" width=\"40\" height=\"41\" srcset=\"https:\/\/www.ataway.com\/wp-content\/uploads\/2019\/03\/About-icon-people-294x300.png 294w, https:\/\/www.ataway.com\/wp-content\/uploads\/2019\/03\/About-icon-people-150x150.png 150w, https:\/\/www.ataway.com\/wp-content\/uploads\/2019\/03\/About-icon-people-143x146.png 143w, https:\/\/www.ataway.com\/wp-content\/uploads\/2019\/03\/About-icon-people-50x50.png 50w, https:\/\/www.ataway.com\/wp-content\/uploads\/2019\/03\/About-icon-people-74x75.png 74w, https:\/\/www.ataway.com\/wp-content\/uploads\/2019\/03\/About-icon-people-85x85.png 85w, https:\/\/www.ataway.com\/wp-content\/uploads\/2019\/03\/About-icon-people-80x80.png 80w, https:\/\/www.ataway.com\/wp-content\/uploads\/2019\/03\/About-icon-people.png 500w\" sizes=\"auto, (max-width:767px) 40px, 40px\" \/><br \/>\n<span style=\"color: #eb7932;\">DIVERSIT\u00c9<br \/>\n<strong><span style=\"color: #333333;\">Soyez vous-m\u00eame<\/span><\/strong><\/span><br \/>\nLa culture de la diversit\u00e9 est ancr\u00e9e dans notre histoire. Nous sommes une soci\u00e9t\u00e9 multilingue et multiculturelle et pr\u00f4nons l\u2019\u00e9galit\u00e9 et la diversit\u00e9 de chacun.<br \/>\nCeci est notre richesse.<\/h4>\n<p>[\/vc_column_text][\/vc_column_inner][vc_column_inner width=\u00a0\u00bb1\/4&Prime;][vc_column_text css_animation=\u00a0\u00bbfadeInUp\u00a0\u00bb el_class=\u00a0\u00bbsmall\u00a0\u00bb]<\/p>\n<h4><img loading=\"lazy\" decoding=\"async\" class=\"alignnone wp-image-10436\" src=\"https:\/\/www.ataway.com\/wp-content\/uploads\/2019\/03\/Work-icon-positiviy-294x300.png\" alt=\"\" width=\"40\" height=\"41\" srcset=\"https:\/\/www.ataway.com\/wp-content\/uploads\/2019\/03\/Work-icon-positiviy-294x300.png 294w, https:\/\/www.ataway.com\/wp-content\/uploads\/2019\/03\/Work-icon-positiviy-150x150.png 150w, https:\/\/www.ataway.com\/wp-content\/uploads\/2019\/03\/Work-icon-positiviy-143x146.png 143w, https:\/\/www.ataway.com\/wp-content\/uploads\/2019\/03\/Work-icon-positiviy-50x50.png 50w, https:\/\/www.ataway.com\/wp-content\/uploads\/2019\/03\/Work-icon-positiviy-74x75.png 74w, https:\/\/www.ataway.com\/wp-content\/uploads\/2019\/03\/Work-icon-positiviy-85x85.png 85w, https:\/\/www.ataway.com\/wp-content\/uploads\/2019\/03\/Work-icon-positiviy-80x80.png 80w, https:\/\/www.ataway.com\/wp-content\/uploads\/2019\/03\/Work-icon-positiviy.png 500w\" sizes=\"auto, (max-width:767px) 40px, 40px\" \/><br \/>\n<span style=\"color: #eb7932;\">TRAVAIL D\u2019\u00c9QUIPE<br \/>\n<strong><span style=\"color: #333333;\">Un pour tous et tous pour un <\/span><\/strong><\/span><br \/>\nNous consid\u00e9rons le travail en \u00e9quipe comme un facteur majeur du succ\u00e8s de notre entreprise et nous y attachons une grande importance.<br \/>\nNous fournissons un environnement serein et agr\u00e9able pour nos \u00e9quipes et nous valorisons le travail de chacun.<\/h4>\n<p>[\/vc_column_text][\/vc_column_inner][vc_column_inner width=\u00a0\u00bb1\/4&Prime;][vc_column_text css_animation=\u00a0\u00bbfadeInUp\u00a0\u00bb el_class=\u00a0\u00bbsmall\u00a0\u00bb]<\/p>\n<h4><img loading=\"lazy\" decoding=\"async\" class=\"alignnone wp-image-10429\" src=\"https:\/\/www.ataway.com\/wp-content\/uploads\/2019\/03\/Discover-icon-individuality-294x300.png\" alt=\"\" width=\"40\" height=\"41\" srcset=\"https:\/\/www.ataway.com\/wp-content\/uploads\/2019\/03\/Discover-icon-individuality-294x300.png 294w, https:\/\/www.ataway.com\/wp-content\/uploads\/2019\/03\/Discover-icon-individuality-150x150.png 150w, https:\/\/www.ataway.com\/wp-content\/uploads\/2019\/03\/Discover-icon-individuality-143x146.png 143w, https:\/\/www.ataway.com\/wp-content\/uploads\/2019\/03\/Discover-icon-individuality-50x50.png 50w, https:\/\/www.ataway.com\/wp-content\/uploads\/2019\/03\/Discover-icon-individuality-74x75.png 74w, https:\/\/www.ataway.com\/wp-content\/uploads\/2019\/03\/Discover-icon-individuality-85x85.png 85w, https:\/\/www.ataway.com\/wp-content\/uploads\/2019\/03\/Discover-icon-individuality-80x80.png 80w, https:\/\/www.ataway.com\/wp-content\/uploads\/2019\/03\/Discover-icon-individuality.png 500w\" sizes=\"auto, (max-width:767px) 40px, 40px\" \/><br \/>\n<span style=\"color: #eb7932;\">INT\u00c9GRATION<br \/>\n<strong><span style=\"color: #333333;\">Votre parcours commence<\/span><\/strong><\/span><br \/>\nNous accordons une grande importance au processus d\u2019int\u00e9gration de nos nouveaux collaborateurs. Votre parrain d\u2019entreprise vous accompagnera durant vos premi\u00e8res semaines d\u2019int\u00e9gration et r\u00e9pondra \u00e0 vos questions.<\/h4>\n<p>[\/vc_column_text][\/vc_column_inner][vc_column_inner width=\u00a0\u00bb1\/4&Prime;][vc_column_text css_animation=\u00a0\u00bbfadeInUp\u00a0\u00bb el_class=\u00a0\u00bbsmall\u00a0\u00bb]<\/p>\n<h4><img loading=\"lazy\" decoding=\"async\" class=\"alignnone wp-image-10944\" src=\"https:\/\/www.ataway.com\/wp-content\/uploads\/2019\/03\/Discover-icon-community-294x300.png\" alt=\"\" width=\"40\" height=\"41\" srcset=\"https:\/\/www.ataway.com\/wp-content\/uploads\/2019\/03\/Discover-icon-community-294x300.png 294w, https:\/\/www.ataway.com\/wp-content\/uploads\/2019\/03\/Discover-icon-community-150x150.png 150w, https:\/\/www.ataway.com\/wp-content\/uploads\/2019\/03\/Discover-icon-community-143x146.png 143w, https:\/\/www.ataway.com\/wp-content\/uploads\/2019\/03\/Discover-icon-community-50x50.png 50w, https:\/\/www.ataway.com\/wp-content\/uploads\/2019\/03\/Discover-icon-community-74x75.png 74w, https:\/\/www.ataway.com\/wp-content\/uploads\/2019\/03\/Discover-icon-community-85x85.png 85w, https:\/\/www.ataway.com\/wp-content\/uploads\/2019\/03\/Discover-icon-community-80x80.png 80w, https:\/\/www.ataway.com\/wp-content\/uploads\/2019\/03\/Discover-icon-community.png 500w\" sizes=\"auto, (max-width:767px) 40px, 40px\" \/><br \/>\n<span style=\"color: #eb7932;\">COMMUNAUT\u00c9<br \/>\n<strong><span style=\"color: #333333;\">Une entreprise responsable<\/span><\/strong><\/span><br \/>\nNous nous engageons pour les causes \u00e0 vocation humanitaire.<\/h4>\n<p>[\/vc_column_text][\/vc_column_inner][\/vc_row_inner][vc_empty_space height=\u00a0\u00bb64&Prime;][\/vc_column][\/vc_row]<\/p>\n<\/div>","protected":false},"excerpt":{"rendered":"<p>[vc_row full_width=\u00a0\u00bbstretch_row\u00a0\u00bb full_height=\u00a0\u00bbyes\u00a0\u00bb content_placement=\u00a0\u00bbmiddle\u00a0\u00bb parallax=\u00a0\u00bbcontent-moving\u00a0\u00bb parallax_image=\u00a0\u00bb10529&Prime;][vc_column][vc_empty_space height=\u00a0\u00bb100&Prime;][vc_row_inner content_placement=\u00a0\u00bbmiddle\u00a0\u00bb][vc_column_inner][vc_column_text css_animation=\u00a0\u00bbfadeInDown\u00a0\u00bb] Besoins complexes. Solutions adapt\u00e9es. [\/vc_column_text][vc_column_text css_animation=\u00a0\u00bbfadeInUp\u00a0\u00bb css=\u00a0\u00bb.vc_custom_1564172331337{padding-bottom: 32px !important;}\u00a0\u00bb el_class=\u00a0\u00bbmedium\u00a0\u00bb] Notre expertise, notre savoir-faire, nos infrastructures et<span class=\"excerpt-hellip\"> [\u2026]<\/span><\/p>\n","protected":false},"author":6,"featured_media":0,"parent":11812,"menu_order":0,"comment_status":"closed","ping_status":"closed","template":"","meta":{"footnotes":""},"class_list":["post-12763","page","type-page","status-publish","hentry"],"_links":{"self":[{"href":"https:\/\/www.ataway.com\/fr-fr\/wp-json\/wp\/v2\/pages\/12763","targetHints":{"allow":["GET"]}}],"collection":[{"href":"https:\/\/www.ataway.com\/fr-fr\/wp-json\/wp\/v2\/pages"}],"about":[{"href":"https:\/\/www.ataway.com\/fr-fr\/wp-json\/wp\/v2\/types\/page"}],"author":[{"embeddable":true,"href":"https:\/\/www.ataway.com\/fr-fr\/wp-json\/wp\/v2\/users\/6"}],"replies":[{"embeddable":true,"href":"https:\/\/www.ataway.com\/fr-fr\/wp-json\/wp\/v2\/comments?post=12763"}],"version-history":[{"count":2,"href":"https:\/\/www.ataway.com\/fr-fr\/wp-json\/wp\/v2\/pages\/12763\/revisions"}],"predecessor-version":[{"id":36532,"href":"https:\/\/www.ataway.com\/fr-fr\/wp-json\/wp\/v2\/pages\/12763\/revisions\/36532"}],"up":[{"embeddable":true,"href":"https:\/\/www.ataway.com\/fr-fr\/wp-json\/wp\/v2\/pages\/11812"}],"wp:attachment":[{"href":"https:\/\/www.ataway.com\/fr-fr\/wp-json\/wp\/v2\/media?parent=12763"}],"curies":[{"name":"wp","href":"https:\/\/api.w.org\/{rel}","templated":true}]}}