{"id":11830,"date":"2019-05-02T12:22:21","date_gmt":"2019-05-02T15:22:21","guid":{"rendered":"http:\/\/www.ataway.com\/?page_id=11830"},"modified":"2025-04-16T10:37:53","modified_gmt":"2025-04-16T13:37:53","slug":"privacy-policy","status":"publish","type":"page","link":"https:\/\/www.ataway.com\/fr-fr\/privacy-policy\/","title":{"rendered":"Privacy Policy"},"content":{"rendered":"<div class=\"wpb-content-wrapper\"><p>[vc_row full_width=\u00a0\u00bbstretch_row\u00a0\u00bb content_placement=\u00a0\u00bbmiddle\u00a0\u00bb css=\u00a0\u00bb.vc_custom_1555087526866{background-color: #ffffff !important;}\u00a0\u00bb][vc_column offset=\u00a0\u00bbvc_hidden-xs\u00a0\u00bb][vc_empty_space height=\u00a0\u00bb100&Prime; css=\u00a0\u00bb.vc_custom_1555087541028{background-color: #ffffff !important;}\u00a0\u00bb][\/vc_column][\/vc_row][vc_row full_width=\u00a0\u00bbstretch_row\u00a0\u00bb full_height=\u00a0\u00bbyes\u00a0\u00bb content_placement=\u00a0\u00bbmiddle\u00a0\u00bb parallax=\u00a0\u00bbcontent-moving\u00a0\u00bb css=\u00a0\u00bb.vc_custom_1555027545199{background-color: #ffffff !important;}\u00a0\u00bb][vc_column][vc_row_inner][vc_column_inner][vc_empty_space][vc_column_text css_animation=\u00a0\u00bbfadeInDown\u00a0\u00bb]<\/p>\n<h1><strong><span style=\"color: #333333;\"><br \/>\nPolitique de Confidentialit\u00e9<\/span><\/strong><\/h1>\n<p>[\/vc_column_text][vc_column_text css_animation=\u00a0\u00bbfadeInUp\u00a0\u00bb el_class=\u00a0\u00bbsmall\u00a0\u00bb]<\/p>\n<h3><span style=\"color: #333333;\"><strong>Qui nous sommes<\/strong><\/span><\/h3>\n<p><span style=\"color: #333333;\">Le site Web d\u2019Ataway se trouve \u00e0 l\u2019adresse <a style=\"color: #333333;\" href=\"http:\/\/www.Ataway.com\" target=\"_new\" rel=\"noopener\">www.ataway.fr<\/a> (le \u00ab site Web d\u2019Ataway \u00bb).<\/span><\/p>\n<h3><span style=\"color: #333333;\"><strong>Commentaires<\/strong><\/span><\/h3>\n<p><span style=\"color: #333333;\">Ataway, Inc. (\u00ab Ataway \u00bb) a cr\u00e9\u00e9 cette d\u00e9claration de confidentialit\u00e9 pour d\u00e9montrer notre ferme engagement \u00e0 pr\u00e9server la confidentialit\u00e9 de vos informations personnelles. Ce qui suit divulgue nos pratiques de collecte et de diffusion d\u2019informations pour le site Web d\u2019Ataway situ\u00e9 \u00e0 l\u2019adresse <a style=\"color: #333333;\" href=\"http:\/\/www.Ataway.com\" target=\"_new\" rel=\"noopener\">www.ataway.fr<\/a> (le \u00ab site Web d\u2019Ataway \u00bb).<\/span><\/p>\n<p><span style=\"color: #333333;\">Ataway est le seul propri\u00e9taire des informations collect\u00e9es sur le site Web d\u2019Ataway. Nous ne vendons, ne partageons, ni ne louons ces informations \u00e0 personne, sauf si vous nous en donnez explicitement l&rsquo;instruction.<\/span><\/p>\n<h3><span style=\"color: #333333;\"><strong>Cookies<\/strong><\/span><\/h3>\n<p><span style=\"color: #333333;\">Un cookie est un fichier de donn\u00e9es stock\u00e9 sur le disque dur de l\u2019utilisateur, contenant des informations sur celui-ci. Ataway peut utiliser des cookies pour suivre et analyser les tendances de trafic sur le site Web d\u2019Ataway afin d&rsquo;am\u00e9liorer la convivialit\u00e9 du site, <a style=\"color: #333333;\" href=\"http:\/\/www.Ataway.com\" target=\"_new\" rel=\"noopener\">www.ataway.fr<\/a>\u00a0(le \u00ab site Web d\u2019Ataway \u00bb).<\/span><\/p>\n<p><span style=\"color: #333333;\">L\u2019utilisation d\u2019un cookie n\u2019est en aucun cas li\u00e9e \u00e0 des informations personnellement identifiables lorsque vous \u00eates sur notre site. Une fois que l\u2019utilisateur ferme son navigateur, le cookie est simplement supprim\u00e9. Une fois l\u2019utilisateur parti du site Web d\u2019Ataway, les cookies ne sont plus utilis\u00e9s. Si un utilisateur refuse les cookies, il peut toujours utiliser notre site, bien que son exp\u00e9rience utilisateur puisse \u00eatre limit\u00e9e dans certaines sections du site.<\/span><\/p>\n<h3><span style=\"color: #333333;\"><strong>Partage d\u2019informations d\u00e9mographiques agr\u00e9g\u00e9es<\/strong><\/span><\/h3>\n<p><span style=\"color: #333333;\">Le site Web d\u2019Ataway utilise des adresses IP pour analyser les tendances, administrer le site, suivre les mouvements des utilisateurs au sein du site, et collecter des informations d\u00e9mographiques g\u00e9n\u00e9rales \u00e0 des fins d\u2019utilisation agr\u00e9g\u00e9e. Les adresses IP ne sont pas li\u00e9es \u00e0 des informations personnellement identifiables. Ataway peut partager des informations d\u00e9mographiques agr\u00e9g\u00e9es (telles que le nombre de visites, etc.) avec ses partenaires.<\/span><\/p>\n<h3><span style=\"color: #333333;\"><strong>Liens<\/strong><\/span><\/h3>\n<p><span style=\"color: #333333;\">Le site Web d\u2019Ataway contient des liens vers d\u2019autres sites. Dans certains cas, les visiteurs du site Web d\u2019Ataway peuvent \u00eatre transf\u00e9r\u00e9s vers un autre site, comme ceux des partenaires d\u2019Ataway, en cliquant sur ces liens. Veuillez noter qu\u2019Ataway n\u2019est pas responsable des pratiques de confidentialit\u00e9 des autres sites. Ataway encourage les visiteurs de son site Web \u00e0 \u00eatre vigilants lorsqu\u2019ils quittent le site Web d\u2019Ataway et \u00e0 lire les d\u00e9clarations de confidentialit\u00e9 de chaque site qui collecte des informations personnellement identifiables. Cette d\u00e9claration de confidentialit\u00e9 s\u2019applique uniquement au site Web d\u2019Ataway.<\/span><\/p>\n<h3><span style=\"color: #333333;\"><strong>Enqu\u00eates et concours<\/strong><\/span><\/h3>\n<p><span style=\"color: #333333;\">De temps en temps, le site Web d\u2019Ataway peut demander des informations aux visiteurs via des enqu\u00eates ou des concours. La participation \u00e0 ces enqu\u00eates ou concours est enti\u00e8rement volontaire, et le visiteur a donc le choix de divulguer ou non les informations demand\u00e9es. Les informations demand\u00e9es peuvent inclure des informations de contact (comme le nom et l\u2019adresse e-mail), et des informations d\u00e9mographiques (comme le code postal ou le niveau d\u2019\u00e2ge). Les informations de contact seront uniquement utilis\u00e9es pour informer les gagnants et attribuer les prix.<\/span><\/p>\n<h3><span style=\"color: #333333;\"><strong>Notification de modifications<\/strong><\/span><\/h3>\n<p><span style=\"color: #333333;\">Si des changements sont apport\u00e9s \u00e0 la politique de confidentialit\u00e9 du site Web d\u2019Ataway, Ataway publiera ces modifications sous forme de lien \u00e0 partir de la page d\u2019accueil d\u2019Ataway afin que les visiteurs du site Web d\u2019Ataway soient toujours au courant de toute information que nous pourrions collecter, comment nous pourrions l\u2019utiliser et dans quelles circonstances, le cas \u00e9ch\u00e9ant, nous pourrions la divulguer. Ataway utilisera les informations conform\u00e9ment \u00e0 la politique de confidentialit\u00e9 sous laquelle ces informations ont \u00e9t\u00e9 collect\u00e9es.<\/span><\/p>\n<p><span style=\"color: #333333;\">Ataway, le logo Ataway, sont des marques d\u00e9pos\u00e9es d\u2019Ataway, Inc. aux \u00c9tats-Unis et dans d\u2019autres juridictions \u00e0 travers le monde. D\u2019autres noms de produits, noms de services, slogans ou logos r\u00e9f\u00e9renc\u00e9s sur ce site Web sont des marques ou des marques d\u00e9pos\u00e9es d\u2019Ataway, Inc.<\/span><\/p>\n<h3><span style=\"color: #333333;\"><strong>Droits d\u2019auteur<\/strong><\/span><\/h3>\n<p><span style=\"color: #333333;\">Tout le contenu du site Web, y compris (sans s\u2019y limiter) les textes, graphiques, architecture de l&rsquo;information et codage, est prot\u00e9g\u00e9 par le droit d&rsquo;auteur ou est sous licence d\u2019Ataway, Inc. Vous pouvez t\u00e9l\u00e9charger, afficher, imprimer et reproduire ce mat\u00e9riel pour votre usage personnel et non commercial, ou pour une utilisation non commerciale au sein de votre organisation, \u00e0 condition que toute reproduction soit inchang\u00e9e, indique la date de premi\u00e8re publication, et mentionne la source.<\/span><\/p>\n<p><span style=\"color: #333333;\">Ataway Inc. peut conclure un accord s\u00e9par\u00e9 avec vous concernant l&rsquo;utilisation de contenu sp\u00e9cifique du site Web (auquel cas cet accord pr\u00e9vaudra sur cette d\u00e9claration de droits d\u2019auteur et s&rsquo;appliquera en cas d&rsquo;incoh\u00e9rence).<\/span><\/p>\n<p><span style=\"color: #333333;\">\u00c0 l&rsquo;exception des autres utilisations autoris\u00e9es par la loi sur le droit d\u2019auteur de 1968 (Cth) ou accord\u00e9es dans un accord distinct, tous les autres droits sont r\u00e9serv\u00e9s.<\/span><\/p>\n<p><span style=\"color: #333333;\">Si vous souhaitez faire une autre utilisation de notre contenu du site Web, vous devez obtenir notre permission \u00e9crite pr\u00e9alable. Pour demander cette autorisation ou pour plus d&rsquo;informations, veuillez nous contacter via <a style=\"color: #333333;\" rel=\"noopener\">info-fra@ataway.com<\/a>. Assurez-vous de s\u00e9lectionner le sujet pertinent dans l\u2019objet du message.<\/span>[\/vc_column_text][\/vc_column_inner][\/vc_row_inner][\/vc_column][\/vc_row][vc_row full_width=\u00a0\u00bbstretch_row\u00a0\u00bb content_placement=\u00a0\u00bbmiddle\u00a0\u00bb css=\u00a0\u00bb.vc_custom_1552900650622{background-color: #ffffff !important;}\u00a0\u00bb][vc_column][vc_empty_space height=\u00a0\u00bb32&Prime;][\/vc_column][\/vc_row][vc_row el_id=\u00a0\u00bbjs-code\u00a0\u00bb][vc_column][vc_raw_js]JTNDc2NyaXB0JTIwdHlwZSUzRCUyMnRleHQlMkZqYXZhc2NyaXB0JTIyJTNFJTBBJTI4ZnVuY3Rpb24lMjglMjQlMjklMjAlN0IlMEElMjQlMjglMjIlMjNUb3BfYmFyJTIyJTI5LmFkZENsYXNzJTI4JTIyZGFya19iYWNrZ3JvdW5kJTIyJTI5JTNCJTBBJTdEJTI4alF1ZXJ5JTI5JTI5JTNCJTBBJTNDJTJGc2NyaXB0JTNF[\/vc_raw_js][\/vc_column][\/vc_row]<\/p>\n<\/div>","protected":false},"excerpt":{"rendered":"<p>[vc_row full_width=\u00a0\u00bbstretch_row\u00a0\u00bb content_placement=\u00a0\u00bbmiddle\u00a0\u00bb css=\u00a0\u00bb.vc_custom_1555087526866{background-color: #ffffff !important;}\u00a0\u00bb][vc_column offset=\u00a0\u00bbvc_hidden-xs\u00a0\u00bb][vc_empty_space height=\u00a0\u00bb100&Prime; css=\u00a0\u00bb.vc_custom_1555087541028{background-color: #ffffff !important;}\u00a0\u00bb][\/vc_column][\/vc_row][vc_row full_width=\u00a0\u00bbstretch_row\u00a0\u00bb full_height=\u00a0\u00bbyes\u00a0\u00bb content_placement=\u00a0\u00bbmiddle\u00a0\u00bb parallax=\u00a0\u00bbcontent-moving\u00a0\u00bb css=\u00a0\u00bb.vc_custom_1555027545199{background-color: #ffffff !important;}\u00a0\u00bb][vc_column][vc_row_inner][vc_column_inner][vc_empty_space][vc_column_text css_animation=\u00a0\u00bbfadeInDown\u00a0\u00bb] Politique de Confidentialit\u00e9 [\/vc_column_text][vc_column_text css_animation=\u00a0\u00bbfadeInUp\u00a0\u00bb el_class=\u00a0\u00bbsmall\u00a0\u00bb] Qui<span class=\"excerpt-hellip\"> [\u2026]<\/span><\/p>\n","protected":false},"author":6,"featured_media":0,"parent":0,"menu_order":0,"comment_status":"closed","ping_status":"closed","template":"","meta":{"footnotes":""},"class_list":["post-11830","page","type-page","status-publish","hentry"],"_links":{"self":[{"href":"https:\/\/www.ataway.com\/fr-fr\/wp-json\/wp\/v2\/pages\/11830","targetHints":{"allow":["GET"]}}],"collection":[{"href":"https:\/\/www.ataway.com\/fr-fr\/wp-json\/wp\/v2\/pages"}],"about":[{"href":"https:\/\/www.ataway.com\/fr-fr\/wp-json\/wp\/v2\/types\/page"}],"author":[{"embeddable":true,"href":"https:\/\/www.ataway.com\/fr-fr\/wp-json\/wp\/v2\/users\/6"}],"replies":[{"embeddable":true,"href":"https:\/\/www.ataway.com\/fr-fr\/wp-json\/wp\/v2\/comments?post=11830"}],"version-history":[{"count":6,"href":"https:\/\/www.ataway.com\/fr-fr\/wp-json\/wp\/v2\/pages\/11830\/revisions"}],"predecessor-version":[{"id":38154,"href":"https:\/\/www.ataway.com\/fr-fr\/wp-json\/wp\/v2\/pages\/11830\/revisions\/38154"}],"wp:attachment":[{"href":"https:\/\/www.ataway.com\/fr-fr\/wp-json\/wp\/v2\/media?parent=11830"}],"curies":[{"name":"wp","href":"https:\/\/api.w.org\/{rel}","templated":true}]}}