{"id":11812,"date":"2019-05-02T12:13:47","date_gmt":"2019-05-02T15:13:47","guid":{"rendered":"http:\/\/www.ataway.com\/?page_id=11812"},"modified":"2025-11-19T11:56:02","modified_gmt":"2025-11-19T14:56:02","slug":"nous-connaitre","status":"publish","type":"page","link":"https:\/\/www.ataway.com\/fr-fr\/nous-connaitre\/","title":{"rendered":"Discover"},"content":{"rendered":"<div class=\"wpb-content-wrapper\"><p>[vc_row full_width=\u00a0\u00bbstretch_row\u00a0\u00bb full_height=\u00a0\u00bbyes\u00a0\u00bb content_placement=\u00a0\u00bbmiddle\u00a0\u00bb parallax=\u00a0\u00bbcontent-moving\u00a0\u00bb parallax_image=\u00a0\u00bb10529&Prime;][vc_column][vc_empty_space height=\u00a0\u00bb100&Prime;][vc_row_inner content_placement=\u00a0\u00bbmiddle\u00a0\u00bb][vc_column_inner][vc_column_text css_animation=\u00a0\u00bbfadeInDown\u00a0\u00bb]<\/p>\n<h1 style=\"text-align: left;\">Besoins complexes.<br \/>\n<strong>Solutions adapt\u00e9es.<\/strong><\/h1>\n<p>[\/vc_column_text][vc_column_text css_animation=\u00a0\u00bbfadeInUp\u00a0\u00bb css=\u00a0\u00bb.vc_custom_1564172331337{padding-bottom: 32px !important;}\u00a0\u00bb el_class=\u00a0\u00bbmedium\u00a0\u00bb]<\/p>\n<h3><span style=\"color: #ffffff;\">Notre expertise, notre savoir-faire, nos infrastructures<br \/>\net notre passion pour le m\u00e9tier du conseil sont<br \/>\nmis au profit de votre projet.<br \/>\nAtaway devient votre partenaire.<br \/>\nVotre projet devient notre priorit\u00e9.<br \/>\n<\/span><\/h3>\n<p>[\/vc_column_text][\/vc_column_inner][\/vc_row_inner][vc_icon type=\u00a0\u00bbentypo\u00a0\u00bb icon_entypo=\u00a0\u00bbentypo-icon entypo-icon-down-open-big\u00a0\u00bb color=\u00a0\u00bbcustom\u00a0\u00bb background_style=\u00a0\u00bbrounded\u00a0\u00bb background_color=\u00a0\u00bbcustom\u00a0\u00bb size=\u00a0\u00bbsm\u00a0\u00bb align=\u00a0\u00bbcenter\u00a0\u00bb custom_color=\u00a0\u00bbrgba(255,255,255,0.56)\u00a0\u00bb custom_background_color=\u00a0\u00bbrgba(10,10,10,0.56)\u00a0\u00bb el_class=\u00a0\u00bbscroller-cursor-pointer\u00a0\u00bb link=\u00a0\u00bburl:%23Notre-Histoire\u00a0\u00bb][vc_empty_space height=\u00a0\u00bb8px\u00a0\u00bb][\/vc_column][\/vc_row][vc_row full_width=\u00a0\u00bbstretch_row\u00a0\u00bb content_placement=\u00a0\u00bbmiddle\u00a0\u00bb css=\u00a0\u00bb.vc_custom_1728999503584{background-color: #ffffff !important;}\u00a0\u00bb el_id=\u00a0\u00bbNotre-Histoire\u00a0\u00bb][vc_column][vc_empty_space][vc_column_text css_animation=\u00a0\u00bbfadeInDown\u00a0\u00bb]<\/p>\n<h1 style=\"text-align: center;\"><span style=\"color: #333333;\">Cr\u00e9\u00e9e en 2000, Ataway est une soci\u00e9t\u00e9 de conseil en management et syst\u00e8mes d\u2019information qui accompagne ses clients \u00e0 toutes les \u00e9tapes de leurs projets de transformation. <strong>Notre engagement continu offre aux clients un service de qualit\u00e9 et une r\u00e9elle valeur ajout\u00e9e.<\/strong><\/span><\/h1>\n<p>[\/vc_column_text][vc_empty_space][vc_row_inner][vc_column_inner width=\u00a0\u00bb1\/3&Prime;][vc_column_text css_animation=\u00a0\u00bbfadeInUp\u00a0\u00bb]<span style=\"color: #ed7502;\"><strong>QUI NOUS SOMMES<\/strong><\/span><\/p>\n<hr \/>\n<h3><span style=\"color: #333333;\"><strong>Votre soci\u00e9t\u00e9 de conseil mondiale.<\/strong><\/span><br \/>\n<span style=\"color: #333333;\">Nous aidons les entreprises du monde entier \u00e0 se d\u00e9velopper gr\u00e2ce \u00e0 des technologies de pointe et une expertise approfondie de l&rsquo;industrie.<\/span><\/h3>\n<p>[\/vc_column_text][\/vc_column_inner][vc_column_inner width=\u00a0\u00bb1\/3&Prime;][vc_column_text css_animation=\u00a0\u00bbfadeInUp\u00a0\u00bb]<span style=\"color: #ed7502;\"><strong>CE QUE NOUS FAISONS<br \/>\n<\/strong><\/span><\/p>\n<hr \/>\n<h3><span style=\"color: #333333;\"><strong>Faites passer votre entreprise au niveau sup\u00e9rieur.<\/strong><\/span><br \/>\n<span style=\"color: #333333;\">Nous offrons des services de conseil personnalis\u00e9s et des solutions innovantes pour optimiser vos op\u00e9rations, rationaliser les processus et am\u00e9liorer l&rsquo;efficacit\u00e9 globale.<\/span><\/h3>\n<p>[\/vc_column_text][\/vc_column_inner][vc_column_inner width=\u00a0\u00bb1\/3&Prime;][vc_column_text css_animation=\u00a0\u00bbfadeInUp\u00a0\u00bb]<span style=\"color: #ed7502;\"><strong>POURQUOI NOUS LE FAISONS<br \/>\n<\/strong><\/span><\/p>\n<hr \/>\n<h3><span style=\"color: #333333;\"><strong>Pour lib\u00e9rer tout votre potentiel.<\/strong><\/span><br \/>\n<span style=\"color: #333333;\">En collaborant avec Ataway, vous pouvez vous concentrer sur la cr\u00e9ativit\u00e9, l&rsquo;innovation et la croissance pendant que nous nous occupons du reste.<\/span><\/h3>\n<p>[\/vc_column_text][\/vc_column_inner][\/vc_row_inner][\/vc_column][\/vc_row][vc_row el_id=\u00a0\u00bbNos-Partenaires\u00a0\u00bb][vc_column][vc_column_text css_animation=\u00a0\u00bbfadeInDown\u00a0\u00bb el_class=\u00a0\u00bbmedium\u00a0\u00bb]<\/p>\n<h1 style=\"text-align: center;\"><span style=\"color: #333333;\">Une histoire remplie de succ\u00e8s.<br \/>\n<\/span><strong><span style=\"color: #333333;\"><strong>Des partenaires mondiaux.<\/strong><\/span><\/strong><\/h1>\n<h3 style=\"text-align: center; color: #333333;\">Nous nous effor\u00e7ons de devenir le meilleur partenaire de tous les temps<br \/>\n\u00catre le meilleur partenaire est notre vocation<br \/>\nNous les remercions de leur confiance<br \/>\nNous allons les rendre fiers !<\/h3>\n<p>[\/vc_column_text][vc_row_inner content_placement=\u00a0\u00bbmiddle\u00a0\u00bb][vc_column_inner width=\u00a0\u00bb1\/4&Prime;][vc_single_image image=\u00a0\u00bb9868&Prime; img_size=\u00a0\u00bbfull\u00a0\u00bb alignment=\u00a0\u00bbcenter\u00a0\u00bb onclick=\u00a0\u00bbcustom_link\u00a0\u00bb img_link_target=\u00a0\u00bb_blank\u00a0\u00bb css_animation=\u00a0\u00bbfadeInUp\u00a0\u00bb link=\u00a0\u00bbhttps:\/\/www.automationanywhere.com\/\u00a0\u00bb][\/vc_column_inner][vc_column_inner width=\u00a0\u00bb1\/4&Prime;][vc_single_image image=\u00a0\u00bb44918&Prime; img_size=\u00a0\u00bbfull\u00a0\u00bb alignment=\u00a0\u00bbcenter\u00a0\u00bb onclick=\u00a0\u00bbcustom_link\u00a0\u00bb img_link_target=\u00a0\u00bb_blank\u00a0\u00bb css_animation=\u00a0\u00bbfadeInUp\u00a0\u00bb link=\u00a0\u00bbhttps:\/\/www.sap.com\/index.html\u00a0\u00bb][\/vc_column_inner][vc_column_inner width=\u00a0\u00bb1\/4&Prime;][vc_single_image image=\u00a0\u00bb9874&Prime; img_size=\u00a0\u00bbfull\u00a0\u00bb alignment=\u00a0\u00bbcenter\u00a0\u00bb onclick=\u00a0\u00bbcustom_link\u00a0\u00bb img_link_target=\u00a0\u00bb_blank\u00a0\u00bb css_animation=\u00a0\u00bbfadeInUp\u00a0\u00bb link=\u00a0\u00bbhttps:\/\/www.oracle.com\/index.html\u00a0\u00bb][\/vc_column_inner][vc_column_inner width=\u00a0\u00bb1\/4&Prime;][vc_single_image image=\u00a0\u00bb9865&Prime; img_size=\u00a0\u00bbfull\u00a0\u00bb alignment=\u00a0\u00bbcenter\u00a0\u00bb onclick=\u00a0\u00bbcustom_link\u00a0\u00bb img_link_target=\u00a0\u00bb_blank\u00a0\u00bb css_animation=\u00a0\u00bbfadeInUp\u00a0\u00bb link=\u00a0\u00bbhttps:\/\/www.sap.com\/index.html\u00a0\u00bb][\/vc_column_inner][\/vc_row_inner][vc_empty_space height=\u00a0\u00bb16px\u00a0\u00bb][\/vc_column][\/vc_row][vc_row el_id=\u00a0\u00bbNos-Valeurs\u00a0\u00bb][vc_column][vc_column_text css_animation=\u00a0\u00bbfadeInDown\u00a0\u00bb]<\/p>\n<h2 style=\"text-align: center;\"><span style=\"color: #333333;\"><strong>Engagement d&rsquo;Ataway<\/strong><\/span><\/h2>\n<p>[\/vc_column_text][vc_column_text css_animation=\u00a0\u00bbfadeInUp\u00a0\u00bb]<\/p>\n<h3 style=\"text-align: center;\"><em><strong><span style=\"color: #333333;\">Notre engagement \u2013\u00a0<span style=\"color: #eb7932;\">T.R.U.S.T.<\/span> &#8211; repr\u00e9sente notre promesse en tant qu&rsquo;entreprise et en tant qu&rsquo;individus de r\u00e9ussir ensemble.<\/span><\/strong><\/em><\/h3>\n<p>[\/vc_column_text][\/vc_column][\/vc_row][vc_row full_width=\u00a0\u00bbstretch_row_content_no_spaces\u00a0\u00bb][vc_column][vc_single_image image=\u00a0\u00bb14149&Prime; img_size=\u00a0\u00bbfull\u00a0\u00bb alignment=\u00a0\u00bbcenter\u00a0\u00bb css_animation=\u00a0\u00bbfadeInUp\u00a0\u00bb][\/vc_column][\/vc_row][vc_row][vc_column css_animation=\u00a0\u00bbfadeInUp\u00a0\u00bb width=\u00a0\u00bb1\/5&Prime;][vc_single_image image=\u00a0\u00bb38357&Prime;][vc_column_text]#1 We Succeed as a <strong>TEAM<\/strong><\/p>\n<p>Ataway est une petite organisation avec de grandes ambitions qui ne peuvent \u00eatre r\u00e9alis\u00e9es par une seule personne. Un excellent travail d&rsquo;\u00e9quipe permet d&rsquo;obtenir de grands r\u00e9sultats.[\/vc_column_text][\/vc_column][vc_column css_animation=\u00a0\u00bbfadeInUp\u00a0\u00bb width=\u00a0\u00bb1\/5&Prime;][vc_single_image image=\u00a0\u00bb38309&Prime;][vc_column_text]#2 We Embrace <strong>RISKS<\/strong><\/p>\n<p>Ataway a \u00e9t\u00e9 fond\u00e9e sur l&rsquo;audace d&rsquo;avoir une vision ambitieuse et la capacit\u00e9 de prendre des risques pour la concr\u00e9tiser. Nous nous effor\u00e7ons toujours de passer au niveau sup\u00e9rieur.[\/vc_column_text][\/vc_column][vc_column css_animation=\u00a0\u00bbfadeInUp\u00a0\u00bb width=\u00a0\u00bb1\/5&Prime;][vc_single_image image=\u00a0\u00bb38321&Prime;][vc_column_text]#3 It&rsquo;s <strong>UP TO ME<\/strong><\/p>\n<p>Ataway valorise la responsabilit\u00e9 et l&rsquo;esprit d&rsquo;entrepreneur. Nous cr\u00e9ons une culture o\u00f9 chacun est aux commandes et la croissance d\u00e9pend de chacun d&rsquo;entre nous.[\/vc_column_text][\/vc_column][vc_column css_animation=\u00a0\u00bbfadeInUp\u00a0\u00bb width=\u00a0\u00bb1\/5&Prime;][vc_single_image image=\u00a0\u00bb38345&Prime;][vc_column_text]#4 We <strong>SERVE<\/strong><\/p>\n<p>Ataway est une organisation de services avec un esprit de service in\u00e9gal\u00e9, tant envers ses clients que ses collaborateurs. Nous cr\u00e9ons de la valeur pour nos partenaires, en d\u00e9veloppant confiance et loyaut\u00e9.[\/vc_column_text][\/vc_column][vc_column css_animation=\u00a0\u00bbfadeInUp\u00a0\u00bb width=\u00a0\u00bb1\/5&Prime;][vc_single_image image=\u00a0\u00bb38333&Prime;][vc_column_text]#5 We are <strong>THANKFUL<\/strong><\/p>\n<p>Ataway s&rsquo;efforce de faire une diff\u00e9rence \u00e0 l&rsquo;int\u00e9rieur comme \u00e0 l&rsquo;ext\u00e9rieur. Ce qui nous d\u00e9finit, c&rsquo;est que nous choisissons d&rsquo;aider et d&rsquo;assister m\u00eame si nous ne sommes pas les b\u00e9n\u00e9ficiaires directs de l&rsquo;acte.[\/vc_column_text][\/vc_column][\/vc_row][vc_row][vc_column][vc_empty_space height=\u00a0\u00bb16px\u00a0\u00bb][\/vc_column][\/vc_row][vc_row el_id=\u00a0\u00bbNotre-\u00e9quipe\u00a0\u00bb][vc_column][vc_column_text css_animation=\u00a0\u00bbfadeInDown\u00a0\u00bb]<\/p>\n<h2 style=\"text-align: center;\"><span style=\"color: #333333;\"><strong>Rencontrez l&rsquo;\u00e9quipe Ataway<\/strong><\/span><\/h2>\n<p>[\/vc_column_text][vc_row_inner][vc_column_inner width=\u00a0\u00bb1\/2&Prime;]<div class=\"team team_vertical\"><h4 class=\"title \">Pr\u00e9sident-Directeur G\u00e9n\u00e9ral (PDG)<\/h4><div class=\"image_frame photo no_link scale-with-grid\"><div class=\"image_wrapper\"><img loading=\"lazy\" decoding=\"async\" class=\"scale-with-grid\" src=\"https:\/\/www.ataway.com\/wp-content\/uploads\/2024\/07\/Picture3.png\" alt=\"Picture3\" width=\"176\" height=\"177\"\/><\/div><\/div><div class=\"desc_wrapper clearfix\"><h4 class=\"desc_wrappper_title \"><b>Jean-Michel Isoir<\/b><\/h4><hr class=\"hr_color\" \/><div class=\"desc\">Jean-Michel est le PDG mondial d&rsquo;Ataway depuis plus de 20 ans. Il a commenc\u00e9 sa carri\u00e8re chez Deloitte et a ensuite d\u00e9cid\u00e9 de fonder Ataway, une soci\u00e9t\u00e9 de conseil par des consultants, pour des consultants. Le concept derri\u00e8re la cr\u00e9ation d&rsquo;Ataway \u00e9tait de cr\u00e9er un meilleur environnement pour les consultants, en se concentrant sur les engagements globaux que beaucoup de consultants recherchent mais qu&rsquo;ils trouvent difficiles \u00e0 r\u00e9aliser dans les Big Four. En cons\u00e9quence, Ataway a commenc\u00e9 comme une organisation plate qui privil\u00e9giait la communication ouverte ainsi que les projets et la livraison mondiaux, qui demeurent ses forces aujourd&rsquo;hui. Jean-Michel est le type de PDG qui soutient les projets \u00e0 fond et prend parfois m\u00eame en charge la livraison pour les clients dans plusieurs bureaux et pays.<\/div><\/div><\/div>\n[vc_btn title=\u00a0\u00bbVoir le profil LinkedIn\u00a0\u00bb style=\u00a0\u00bboutline\u00a0\u00bb color=\u00a0\u00bbwarning\u00a0\u00bb size=\u00a0\u00bblg\u00a0\u00bb i_icon_fontawesome=\u00a0\u00bbfab fa-linkedin\u00a0\u00bb css_animation=\u00a0\u00bbnone\u00a0\u00bb add_icon=\u00a0\u00bbtrue\u00a0\u00bb link=\u00a0\u00bburl:https%3A%2F%2Fwww.linkedin.com%2Fin%2Fjean-michel-isoir-64970a%2F||target:%20_blank|\u00a0\u00bb][\/vc_column_inner][vc_column_inner width=\u00a0\u00bb1\/2&Prime;]<div class=\"team team_vertical\"><h4 class=\"title \">Directeur g\u00e9n\u00e9ral France<\/h4><div class=\"image_frame photo no_link scale-with-grid\"><div class=\"image_wrapper\"><img loading=\"lazy\" decoding=\"async\" class=\"scale-with-grid\" src=\"https:\/\/www.ataway.com\/wp-content\/uploads\/2024\/10\/\u00a9_Pierre-DS-5486-scaled-e1729795339230.jpg\" alt=\"\u00a9_Pierre DS-5486\" width=\"177\" height=\"176\"\/><\/div><\/div><div class=\"desc_wrapper clearfix\"><h4 class=\"desc_wrappper_title \"><b>Pierre Dunoyer de Segonzac<\/b><\/h4><hr class=\"hr_color\" \/><div class=\"desc\">Pierre Dunoyer de Segonzac est un leader chevronn\u00e9 avec une double expertise en vente et en op\u00e9rations, poss\u00e9dant une vaste exp\u00e9rience dans divers secteurs, notamment l&rsquo;informatique, les logiciels, les t\u00e9l\u00e9communications, l&rsquo;automobile et le commerce de d\u00e9tail. Son expertise couvre la gestion de l&rsquo;exp\u00e9rience client, l&rsquo;optimisation des processus et le d\u00e9veloppement commercial. Pierre a r\u00e9ussi \u00e0 g\u00e9rer des \u00e9quipes dans des environnements matriciels et agiles, en mettant l&rsquo;accent sur la fid\u00e9lisation et la croissance des clients gr\u00e2ce \u00e0 des transformations strat\u00e9giques et \u00e0 l&rsquo;excellence op\u00e9rationnelle. Pierre est \u00e9galement un mentor accompli, capable de constituer et de diriger des \u00e9quipes performantes dans des contextes globaux complexes, contribuant \u00e0 la rentabilit\u00e9 et au succ\u00e8s commercial durable.<\/div><\/div><\/div>\n[vc_btn title=\u00a0\u00bbVoir le profil LinkedIn\u00a0\u00bb style=\u00a0\u00bboutline\u00a0\u00bb color=\u00a0\u00bbwarning\u00a0\u00bb size=\u00a0\u00bblg\u00a0\u00bb i_icon_fontawesome=\u00a0\u00bbfab fa-linkedin\u00a0\u00bb css_animation=\u00a0\u00bbnone\u00a0\u00bb add_icon=\u00a0\u00bbtrue\u00a0\u00bb link=\u00a0\u00bburl:https%3A%2F%2Fwww.linkedin.com%2Fin%2Fpierredunoyer%2F|target:_blank\u00a0\u00bb][\/vc_column_inner][\/vc_row_inner][vc_row_inner][vc_column_inner width=\u00a0\u00bb1\/2&Prime;]<div class=\"team team_vertical\"><h4 class=\"title \">Vice-Pr\u00e9sident mondial des ventes et du marketing<\/h4><div class=\"image_frame photo no_link scale-with-grid\"><div class=\"image_wrapper\"><img loading=\"lazy\" decoding=\"async\" class=\"scale-with-grid\" src=\"https:\/\/www.ataway.com\/wp-content\/uploads\/2021\/02\/AP.jpg\" alt=\"AP\" width=\"141\" height=\"141\"\/><\/div><\/div><div class=\"desc_wrapper clearfix\"><h4 class=\"desc_wrappper_title \"><b>Antoine Peltier<\/b><\/h4><hr class=\"hr_color\" \/><div class=\"desc\">Antoine est le Vice-Pr\u00e9sident mondial des ventes et du marketing, poss\u00e9dant non seulement une vaste exp\u00e9rience en vente, mais aussi une expertise en gestion de projets et en mise en \u0153uvre de syst\u00e8mes directement pertinente pour notre activit\u00e9. Ayant personnellement travaill\u00e9 sur de nombreux projets globaux, il a une compr\u00e9hension approfondie du r\u00f4le du consultant. Bien qu&rsquo;il ait une richesse d&rsquo;exp\u00e9rience, son accomplissement le plus notable est d&rsquo;avoir construit les services de conseil et l&rsquo;activit\u00e9 de vente chez SAGE pendant plus de 10 ans. Sa connaissance des produits couvre les outils CRM, ERP et BI, entre autres. Avec sa compr\u00e9hension approfondie de notre entreprise, il est la personne id\u00e9ale pour diriger notre organisation mondiale de vente.<\/div><\/div><\/div>\n[vc_btn title=\u00a0\u00bbVoir le profil LinkedIn\u00a0\u00bb style=\u00a0\u00bboutline\u00a0\u00bb color=\u00a0\u00bbwarning\u00a0\u00bb size=\u00a0\u00bblg\u00a0\u00bb i_icon_fontawesome=\u00a0\u00bbfab fa-linkedin\u00a0\u00bb css_animation=\u00a0\u00bbnone\u00a0\u00bb add_icon=\u00a0\u00bbtrue\u00a0\u00bb link=\u00a0\u00bburl:https%3A%2F%2Fwww.linkedin.com%2Fin%2Fantoinepeltier1%2F||target:%20_blank|\u00a0\u00bb][\/vc_column_inner][vc_column_inner width=\u00a0\u00bb1\/2&Prime;]<div class=\"team team_vertical\"><h4 class=\"title \">Responsable financier mondial<\/h4><div class=\"image_frame photo no_link scale-with-grid\"><div class=\"image_wrapper\"><img loading=\"lazy\" decoding=\"async\" class=\"scale-with-grid\" src=\"https:\/\/www.ataway.com\/wp-content\/uploads\/2022\/04\/Emil-e1650375327933.png\" alt=\"Emil\" width=\"141\" height=\"141\"\/><\/div><\/div><div class=\"desc_wrapper clearfix\"><h4 class=\"desc_wrappper_title \"><b>Emil Gaman<\/b><\/h4><hr class=\"hr_color\" \/><div class=\"desc\">Emil poss\u00e8de plus de 20 ans d&rsquo;exp\u00e9rience en gestion financi\u00e8re, gouvernance d&rsquo;entreprise et leadership, ayant travaill\u00e9 avec de grandes entreprises mondiales dans le cadre de missions r\u00e9gionales et internationales. Il a commenc\u00e9 sa carri\u00e8re dans l&rsquo;audit financier chez PwC Roumanie, se sp\u00e9cialisant par la suite dans le contr\u00f4le interne, la gouvernance et le contr\u00f4le de gestion. Emil a depuis occup\u00e9 des postes de contr\u00f4leur des op\u00e9rations, directeur financier ou responsable financier, agissant en tant que partenaire commercial pour accompagner la direction dans la performance et l\u2019atteinte des r\u00e9sultats. Son sens des affaires, son exp\u00e9rience dans les services professionnels et son exposition internationale apportent des comp\u00e9tences pr\u00e9cieuses \u00e0 notre entreprise.<\/div><\/div><\/div>\n[vc_btn title=\u00a0\u00bbVoir le profil LinkedIn\u00a0\u00bb style=\u00a0\u00bboutline\u00a0\u00bb color=\u00a0\u00bbwarning\u00a0\u00bb size=\u00a0\u00bblg\u00a0\u00bb i_icon_fontawesome=\u00a0\u00bbfab fa-linkedin\u00a0\u00bb css_animation=\u00a0\u00bbnone\u00a0\u00bb add_icon=\u00a0\u00bbtrue\u00a0\u00bb link=\u00a0\u00bburl:https%3A%2F%2Fwww.linkedin.com%2Fin%2Femil-gaman-global-head-of-finance-director-cfo%2F||target:%20_blank|\u00a0\u00bb][\/vc_column_inner][\/vc_row_inner][\/vc_column][\/vc_row]<\/p>\n<\/div>","protected":false},"excerpt":{"rendered":"<p>[vc_row full_width=\u00a0\u00bbstretch_row\u00a0\u00bb full_height=\u00a0\u00bbyes\u00a0\u00bb content_placement=\u00a0\u00bbmiddle\u00a0\u00bb parallax=\u00a0\u00bbcontent-moving\u00a0\u00bb parallax_image=\u00a0\u00bb10529&Prime;][vc_column][vc_empty_space height=\u00a0\u00bb100&Prime;][vc_row_inner content_placement=\u00a0\u00bbmiddle\u00a0\u00bb][vc_column_inner][vc_column_text css_animation=\u00a0\u00bbfadeInDown\u00a0\u00bb] Besoins complexes. Solutions adapt\u00e9es. [\/vc_column_text][vc_column_text css_animation=\u00a0\u00bbfadeInUp\u00a0\u00bb css=\u00a0\u00bb.vc_custom_1564172331337{padding-bottom: 32px !important;}\u00a0\u00bb el_class=\u00a0\u00bbmedium\u00a0\u00bb] Notre expertise, notre savoir-faire, nos infrastructures et<span class=\"excerpt-hellip\"> [\u2026]<\/span><\/p>\n","protected":false},"author":6,"featured_media":-1,"parent":0,"menu_order":0,"comment_status":"closed","ping_status":"closed","template":"","meta":{"footnotes":""},"class_list":["post-11812","page","type-page","status-publish","has-post-thumbnail","hentry"],"_links":{"self":[{"href":"https:\/\/www.ataway.com\/fr-fr\/wp-json\/wp\/v2\/pages\/11812","targetHints":{"allow":["GET"]}}],"collection":[{"href":"https:\/\/www.ataway.com\/fr-fr\/wp-json\/wp\/v2\/pages"}],"about":[{"href":"https:\/\/www.ataway.com\/fr-fr\/wp-json\/wp\/v2\/types\/page"}],"author":[{"embeddable":true,"href":"https:\/\/www.ataway.com\/fr-fr\/wp-json\/wp\/v2\/users\/6"}],"replies":[{"embeddable":true,"href":"https:\/\/www.ataway.com\/fr-fr\/wp-json\/wp\/v2\/comments?post=11812"}],"version-history":[{"count":29,"href":"https:\/\/www.ataway.com\/fr-fr\/wp-json\/wp\/v2\/pages\/11812\/revisions"}],"predecessor-version":[{"id":44979,"href":"https:\/\/www.ataway.com\/fr-fr\/wp-json\/wp\/v2\/pages\/11812\/revisions\/44979"}],"wp:featuredmedia":[{"embeddable":true,"href":"https:\/\/www.ataway.com\/fr-fr\/wp-json\/"}],"wp:attachment":[{"href":"https:\/\/www.ataway.com\/fr-fr\/wp-json\/wp\/v2\/media?parent=11812"}],"curies":[{"name":"wp","href":"https:\/\/api.w.org\/{rel}","templated":true}]}}