{"id":11791,"date":"2019-05-02T11:57:00","date_gmt":"2019-05-02T14:57:00","guid":{"rendered":"http:\/\/www.ataway.com\/?page_id=11791"},"modified":"2025-12-17T12:05:20","modified_gmt":"2025-12-17T15:05:20","slug":"solutions","status":"publish","type":"page","link":"https:\/\/www.ataway.com\/fr-fr\/solutions\/","title":{"rendered":"Consulting"},"content":{"rendered":"<div class=\"wpb-content-wrapper\"><p>[vc_row full_width=\u00a0\u00bbstretch_row\u00a0\u00bb full_height=\u00a0\u00bbyes\u00a0\u00bb content_placement=\u00a0\u00bbmiddle\u00a0\u00bb parallax=\u00a0\u00bbcontent-moving\u00a0\u00bb parallax_image=\u00a0\u00bb10850&Prime; disable_element=\u00a0\u00bbyes\u00a0\u00bb][vc_column][vc_empty_space height=\u00a0\u00bb100&Prime;][\/vc_column][\/vc_row][vc_row full_width=\u00a0\u00bbstretch_row\u00a0\u00bb full_height=\u00a0\u00bbyes\u00a0\u00bb content_placement=\u00a0\u00bbmiddle\u00a0\u00bb parallax=\u00a0\u00bbcontent-moving\u00a0\u00bb parallax_image=\u00a0\u00bb38393&Prime;][vc_column][vc_row_inner][vc_column_inner width=\u00a0\u00bb2\/3&Prime;][vc_empty_space height=\u00a0\u00bb120px\u00a0\u00bb][vc_column_text css_animation=\u00a0\u00bbfadeInDown\u00a0\u00bb]<\/p>\n<h1><span style=\"color: #333333;\">Allons plus loin\u00a0<\/span><strong><span style=\"color: #333333;\">ensemble.<\/span><\/strong><\/h1>\n<p>[\/vc_column_text][vc_column_text css_animation=\u00a0\u00bbfadeInUp\u00a0\u00bb el_class=\u00a0\u00bbsmall\u00a0\u00bb]<\/p>\n<h3><span style=\"color: #eb7932;\">Peu importe la complexit\u00e9 de votre projet, l\u2019exp\u00e9rience et le savoir-faire d\u2019Ataway lui permet de vous proposer les meilleures solutions. Nous allons optimiser vos processus, r\u00e9duire vos co\u00fbts et cr\u00e9er de la valeur.<br \/>\nNotre objectif : votre succ\u00e8s.<\/span><\/h3>\n<p>[\/vc_column_text][vc_column_text]<div class=\"button_align align_left\"><a class=\"button  button_left button_size_3\" href=\"https:\/\/www.ataway.com\/fr-fr\/solutions\/#Ataway-Solutions\"     style=\"background-color:#ff7600!important;color:#ffffff;\"     title=\"\"><span class=\"button_icon\"><i class=\"icon-right-open\"  style=\"color:#ffffff!important;\" aria-hidden=\"true\"><\/i><\/span><span class=\"button_label\">D\u00e9couvrez les solutions Ataway<\/span><\/a><\/div>\n[\/vc_column_text][\/vc_column_inner][vc_column_inner width=\u00a0\u00bb1\/3&Prime;][\/vc_column_inner][\/vc_row_inner][\/vc_column][\/vc_row][vc_row el_id=\u00a0\u00bbAtaway-Solutions\u00a0\u00bb][vc_column][vc_column_text css_animation=\u00a0\u00bbfadeInDown\u00a0\u00bb]<\/p>\n<h2><strong><span style=\"color: #333333;\">Nos Solutions<\/span><\/strong><\/h2>\n<p>[\/vc_column_text][vc_row_inner][vc_column_inner width=\u00a0\u00bb1\/3&Prime;][vc_hoverbox image=\u00a0\u00bb37680&Prime; primary_title=\u00a0\u00bb\u00a0\u00bb hover_title=\u00a0\u00bb\u00a0\u00bb el_width=\u00a0\u00bb80&Prime; hover_btn_title=\u00a0\u00bbVoir plus !\u00a0\u00bb hover_btn_style=\u00a0\u00bboutline-custom\u00a0\u00bb hover_btn_outline_custom_color=\u00a0\u00bb#f47521&Prime; hover_btn_outline_custom_hover_background=\u00a0\u00bb#f47521&Prime; hover_btn_outline_custom_hover_text=\u00a0\u00bb#ffffff\u00a0\u00bb hover_add_button=\u00a0\u00bbtrue\u00a0\u00bb hover_btn_link=\u00a0\u00bburl:https%3A%2F%2Fwww.ataway.com%2Ffr-fr%2Fsolutions%2Foraclecloud%2F\u00a0\u00bb]<strong><a href=\"https:\/\/www.ataway.com\/fr-fr\/conseil\/oraclecloud\/\">D\u00e9verrouillez le potentiel d&rsquo;Oracle et r\u00e9volutionnez votre entreprise.<\/a><\/strong>[\/vc_hoverbox][\/vc_column_inner][vc_column_inner width=\u00a0\u00bb1\/3&Prime;][vc_hoverbox image=\u00a0\u00bb45240&Prime; primary_title=\u00a0\u00bb\u00a0\u00bb hover_title=\u00a0\u00bb\u00a0\u00bb el_width=\u00a0\u00bb80&Prime; hover_btn_title=\u00a0\u00bbVoir plus !\u00a0\u00bb hover_btn_style=\u00a0\u00bboutline-custom\u00a0\u00bb hover_btn_outline_custom_color=\u00a0\u00bb#f47521&Prime; hover_btn_outline_custom_hover_background=\u00a0\u00bb#f47521&Prime; hover_btn_outline_custom_hover_text=\u00a0\u00bb#ffffff\u00a0\u00bb hover_add_button=\u00a0\u00bbtrue\u00a0\u00bb hover_btn_link=\u00a0\u00bburl:https%3A%2F%2Fwww.ataway.com%2Ffr-fr%2Fsolutions%2Fukg-workforce-management%2F\u00a0\u00bb]<\/p>\n<div class=\"flex flex-grow flex-col max-w-full\">\n<div class=\"min-h-[20px] text-message flex flex-col items-start whitespace-pre-wrap break-words [.text-message+&amp;]:mt-5 juice:w-full juice:items-end overflow-x-auto gap-2\" dir=\"auto\" data-message-author-role=\"assistant\" data-message-id=\"855320a4-4278-4250-8ac6-024e6241c6fc\">\n<div class=\"flex w-full flex-col gap-1 juice:empty:hidden juice:first:pt-[3px]\">\n<div class=\"markdown prose w-full break-words dark:prose-invert light\">\n<p><strong><a href=\"https:\/\/www.ataway.com\/fr-fr\/conseil\/ukg-workforce-management\/\">D\u00e9couvrez la puissance de UKG Pro WFM et optimisez la gestion de votre main-d&rsquo;\u0153uvre.<\/a><\/strong><\/p>\n<\/div>\n<\/div>\n<\/div>\n<\/div>\n<p>[\/vc_hoverbox][\/vc_column_inner][vc_column_inner width=\u00a0\u00bb1\/3&Prime;][vc_hoverbox image=\u00a0\u00bb17649&Prime; primary_title=\u00a0\u00bb\u00a0\u00bb hover_title=\u00a0\u00bb\u00a0\u00bb el_width=\u00a0\u00bb80&Prime; hover_btn_title=\u00a0\u00bbVoir plus !\u00a0\u00bb hover_btn_style=\u00a0\u00bboutline-custom\u00a0\u00bb hover_btn_outline_custom_color=\u00a0\u00bb#f47521&Prime; hover_btn_outline_custom_hover_background=\u00a0\u00bb#f47521&Prime; hover_btn_outline_custom_hover_text=\u00a0\u00bb#ffffff\u00a0\u00bb hover_add_button=\u00a0\u00bbtrue\u00a0\u00bb hover_btn_link=\u00a0\u00bburl:https%3A%2F%2Fwww.ataway.com%2Fsolutions%2Frobotic-process-automation%2F|||\u00a0\u00bb]<a href=\"https:\/\/www.ataway.com\/fr-fr\/solutions\/robotic-process-automation\/\">RPA, la solution technologique qui vous permettra d&rsquo;automatiser les t\u00e2ches r\u00e9p\u00e9titives.<\/a>[\/vc_hoverbox][\/vc_column_inner][\/vc_row_inner][vc_row_inner][vc_column_inner width=\u00a0\u00bb1\/3&Prime;][vc_hoverbox image=\u00a0\u00bb14307&Prime; primary_title=\u00a0\u00bb\u00a0\u00bb hover_title=\u00a0\u00bb\u00a0\u00bb el_width=\u00a0\u00bb80&Prime; hover_btn_title=\u00a0\u00bbVoir plus !\u00a0\u00bb hover_btn_style=\u00a0\u00bboutline-custom\u00a0\u00bb hover_btn_outline_custom_color=\u00a0\u00bb#f47521&Prime; hover_btn_outline_custom_hover_background=\u00a0\u00bb#f47521&Prime; hover_btn_outline_custom_hover_text=\u00a0\u00bb#ffffff\u00a0\u00bb hover_add_button=\u00a0\u00bbtrue\u00a0\u00bb hover_btn_link=\u00a0\u00bburl:https%3A%2F%2Fwww.ataway.com%2Ffr-fr%2Fsolutions%2Fproject-management-pmo%2F\u00a0\u00bb]<a href=\"https:\/\/www.ataway.com\/fr-fr\/solutions\/project-management-pmo\/\"><strong>\u00c9levez vos projets gr\u00e2ce \u00e0 une gestion de projet efficace.<\/strong><\/a>[\/vc_hoverbox][\/vc_column_inner][vc_column_inner width=\u00a0\u00bb1\/3&Prime;][vc_hoverbox image=\u00a0\u00bb39508&Prime; primary_title=\u00a0\u00bb\u00a0\u00bb hover_title=\u00a0\u00bb\u00a0\u00bb el_width=\u00a0\u00bb80&Prime; hover_btn_title=\u00a0\u00bbVoir plus !\u00a0\u00bb hover_btn_style=\u00a0\u00bboutline\u00a0\u00bb hover_btn_color=\u00a0\u00bbwarning\u00a0\u00bb hover_add_button=\u00a0\u00bbtrue\u00a0\u00bb hover_btn_link=\u00a0\u00bburl:https%3A%2F%2Fwww.ataway.com%2Ffr-fr%2Fsolutions%2Fsap-successfactors%2F\u00a0\u00bb]<a href=\"https:\/\/www.ataway.com\/fr-fr\/solutions\/sap-successfactors\/\"><strong>R\u00e9volutionnez votre gestion des ressources humaines avec SAP SuccessFactors<\/strong><\/a>[\/vc_hoverbox][\/vc_column_inner][vc_column_inner width=\u00a0\u00bb1\/3&Prime;][vc_hoverbox image=\u00a0\u00bb37716&Prime; primary_title=\u00a0\u00bb\u00a0\u00bb hover_title=\u00a0\u00bb\u00a0\u00bb el_width=\u00a0\u00bb80&Prime; hover_btn_title=\u00a0\u00bbVoir plus !\u00a0\u00bb hover_btn_style=\u00a0\u00bboutline-custom\u00a0\u00bb hover_btn_outline_custom_color=\u00a0\u00bb#f47521&Prime; hover_btn_outline_custom_hover_background=\u00a0\u00bb#f47521&Prime; hover_btn_outline_custom_hover_text=\u00a0\u00bb#ffffff\u00a0\u00bb hover_add_button=\u00a0\u00bbtrue\u00a0\u00bb hover_btn_link=\u00a0\u00bburl:https%3A%2F%2Fwww.ataway.com%2Ffr-fr%2Fsolutions%2Foracle-hcm-cloud-to-ukg-hrsd-connector%2F\u00a0\u00bb]<strong><a href=\"https:\/\/www.ataway.com\/fr-fr\/solutions\/oracle-hcm-cloud-to-ukg-hrsd-connector\/\">D\u00e9couvrez comment les d\u00e9veloppements et connecteurs d&rsquo;Ataway optimisent vos int\u00e9grations syst\u00e8mes pour des op\u00e9rations commerciales fluides.<\/a><\/strong>[\/vc_hoverbox][\/vc_column_inner][\/vc_row_inner][vc_row_inner][vc_column_inner width=\u00a0\u00bb1\/3&Prime;][vc_hoverbox image=\u00a0\u00bb37704&Prime; primary_title=\u00a0\u00bb\u00a0\u00bb hover_title=\u00a0\u00bb\u00a0\u00bb el_width=\u00a0\u00bb80&Prime; hover_btn_title=\u00a0\u00bbVoir plus !\u00a0\u00bb hover_btn_style=\u00a0\u00bboutline\u00a0\u00bb hover_btn_color=\u00a0\u00bbwarning\u00a0\u00bb hover_btn_align=\u00a0\u00bbcenter\u00a0\u00bb hover_add_button=\u00a0\u00bbtrue\u00a0\u00bb hover_btn_link=\u00a0\u00bburl:https%3A%2F%2Fwww.ataway.com%2Ffr-fr%2Fservices%2F\u00a0\u00bb]<a href=\"https:\/\/www.ataway.com\/fr-fr\/services\/\"><strong>D\u00e9couvrez les services manag\u00e9s, le support et l&rsquo;externalisation d&rsquo;Ataway pour une gestion IT efficace et rentable.<\/strong><\/a>[\/vc_hoverbox][\/vc_column_inner][vc_column_inner width=\u00a0\u00bb1\/3&Prime;][\/vc_column_inner][vc_column_inner width=\u00a0\u00bb1\/3&Prime;][\/vc_column_inner][\/vc_row_inner][vc_row_inner][vc_column_inner][\/vc_column_inner][\/vc_row_inner][\/vc_column][\/vc_row][vc_row full_width=\u00a0\u00bbstretch_row\u00a0\u00bb content_placement=\u00a0\u00bbmiddle\u00a0\u00bb css=\u00a0\u00bb.vc_custom_1552846578292{background-color: #ffffff !important;}\u00a0\u00bb el_id=\u00a0\u00bbscroller-second-frame\u00a0\u00bb][vc_column][vc_empty_space height=\u00a0\u00bb16&Prime;][vc_row_inner css=\u00a0\u00bb.vc_custom_1552899477088{margin-bottom: 0px !important;}\u00a0\u00bb][vc_column_inner][vc_column_text css_animation=\u00a0\u00bbfadeInDown\u00a0\u00bb el_class=\u00a0\u00bbbig\u00a0\u00bb]<\/p>\n<h1 style=\"text-align: left;\"><span style=\"color: #333333;\">Expertise.<\/span><\/h1>\n<p>[\/vc_column_text][\/vc_column_inner][\/vc_row_inner][vc_row_inner][vc_column_inner width=\u00a0\u00bb1\/3&Prime;][vc_column_text css_animation=\u00a0\u00bbfadeInUp\u00a0\u00bb el_class=\u00a0\u00bbsmall\u00a0\u00bb]<\/p>\n<h4><span style=\"color: #eb7932;\"><img loading=\"lazy\" decoding=\"async\" class=\"alignnone wp-image-10377\" src=\"https:\/\/34.230.143.247\/wp-content\/uploads\/2019\/03\/About-icon-people-294x300.png\" alt=\"\" width=\"39\" height=\"40\" srcset=\"https:\/\/www.ataway.com\/wp-content\/uploads\/2019\/03\/About-icon-people-294x300.png 294w, https:\/\/www.ataway.com\/wp-content\/uploads\/2019\/03\/About-icon-people-150x150.png 150w, https:\/\/www.ataway.com\/wp-content\/uploads\/2019\/03\/About-icon-people-143x146.png 143w, https:\/\/www.ataway.com\/wp-content\/uploads\/2019\/03\/About-icon-people-50x50.png 50w, https:\/\/www.ataway.com\/wp-content\/uploads\/2019\/03\/About-icon-people-74x75.png 74w, https:\/\/www.ataway.com\/wp-content\/uploads\/2019\/03\/About-icon-people-85x85.png 85w, https:\/\/www.ataway.com\/wp-content\/uploads\/2019\/03\/About-icon-people-80x80.png 80w, https:\/\/www.ataway.com\/wp-content\/uploads\/2019\/03\/About-icon-people.png 500w\" sizes=\"auto, (max-width:767px) 39px, 39px\" \/><\/span><br \/>\n<span style=\"color: #eb7932;\">EQUIPE<\/span><br \/>\n<strong>Une pr\u00e9sence globale .<\/strong><br \/>\nL\u2019\u00e9quipe Ataway est compos\u00e9e de 450 consultants r\u00e9partis dans 15 pays. Ces consultants ont les comp\u00e9tences, l\u2019exp\u00e9rience et l\u2019\u00e9tat d\u2019esprit requis pour vous aider \u00e0 relever vos d\u00e9fis au quotidien.<br \/>\n<strong>Nous sommes \u00e0 vos c\u00f4t\u00e9s. <\/strong><\/h4>\n<p>[\/vc_column_text][\/vc_column_inner][vc_column_inner width=\u00a0\u00bb1\/3&Prime;][vc_column_text css_animation=\u00a0\u00bbfadeInUp\u00a0\u00bb el_class=\u00a0\u00bbsmall\u00a0\u00bb]<\/p>\n<h4><img loading=\"lazy\" decoding=\"async\" class=\"alignnone wp-image-10378\" src=\"https:\/\/34.230.143.247\/wp-content\/uploads\/2019\/03\/About-icon-processes-294x300.png\" alt=\"\" width=\"39\" height=\"40\" srcset=\"https:\/\/www.ataway.com\/wp-content\/uploads\/2019\/03\/About-icon-processes-294x300.png 294w, https:\/\/www.ataway.com\/wp-content\/uploads\/2019\/03\/About-icon-processes-150x150.png 150w, https:\/\/www.ataway.com\/wp-content\/uploads\/2019\/03\/About-icon-processes-143x146.png 143w, https:\/\/www.ataway.com\/wp-content\/uploads\/2019\/03\/About-icon-processes-50x50.png 50w, https:\/\/www.ataway.com\/wp-content\/uploads\/2019\/03\/About-icon-processes-74x75.png 74w, https:\/\/www.ataway.com\/wp-content\/uploads\/2019\/03\/About-icon-processes-85x85.png 85w, https:\/\/www.ataway.com\/wp-content\/uploads\/2019\/03\/About-icon-processes-80x80.png 80w, https:\/\/www.ataway.com\/wp-content\/uploads\/2019\/03\/About-icon-processes.png 500w\" sizes=\"auto, (max-width:767px) 39px, 39px\" \/><br \/>\n<span style=\"color: #eb7932;\">PROCESSUS<\/span><br \/>\n<strong>Un savoir-faire reconnu.<\/strong><br \/>\n<span class=\"EOP SCXW145067653\" data-ccp-props=\"{&quot;201341983&quot;:0,&quot;335551550&quot;:6,&quot;335551620&quot;:6,&quot;335559739&quot;:160,&quot;335559740&quot;:240}\">Ataway vous aide \u00e0 optimiser vos processus : finance, achats et logistique, en mettant \u00e0 votre disposition son savoir-faire et sa connaissance des m\u00e9tiers. <\/span><\/h4>\n<p>[\/vc_column_text][\/vc_column_inner][vc_column_inner width=\u00a0\u00bb1\/3&Prime;][vc_column_text css_animation=\u00a0\u00bbfadeInUp\u00a0\u00bb el_class=\u00a0\u00bbsmall\u00a0\u00bb]<\/p>\n<h4><img loading=\"lazy\" decoding=\"async\" class=\"alignnone wp-image-10379\" src=\"https:\/\/34.230.143.247\/wp-content\/uploads\/2019\/03\/About-icon-technology-294x300.png\" alt=\"\" width=\"40\" height=\"41\" srcset=\"https:\/\/www.ataway.com\/wp-content\/uploads\/2019\/03\/About-icon-technology-294x300.png 294w, https:\/\/www.ataway.com\/wp-content\/uploads\/2019\/03\/About-icon-technology-150x150.png 150w, https:\/\/www.ataway.com\/wp-content\/uploads\/2019\/03\/About-icon-technology-143x146.png 143w, https:\/\/www.ataway.com\/wp-content\/uploads\/2019\/03\/About-icon-technology-50x50.png 50w, https:\/\/www.ataway.com\/wp-content\/uploads\/2019\/03\/About-icon-technology-74x75.png 74w, https:\/\/www.ataway.com\/wp-content\/uploads\/2019\/03\/About-icon-technology-85x85.png 85w, https:\/\/www.ataway.com\/wp-content\/uploads\/2019\/03\/About-icon-technology-80x80.png 80w, https:\/\/www.ataway.com\/wp-content\/uploads\/2019\/03\/About-icon-technology.png 500w\" sizes=\"auto, (max-width:767px) 40px, 40px\" \/><br \/>\n<span style=\"color: #eb7932;\">TECHNOLOGIES <\/span><br \/>\n<strong>Une vision sur le long terme <\/strong><br \/>\nAtaway s\u2019associe \u00e0 des leaders mondiaux comme Oracle, Automation Anywhere et SAP afin de vous offrir les meilleures solutions dans vos projets de transformation.<\/h4>\n<p>[\/vc_column_text][\/vc_column_inner][\/vc_row_inner][\/vc_column][\/vc_row][vc_row full_width=\u00a0\u00bbstretch_row\u00a0\u00bb content_placement=\u00a0\u00bbmiddle\u00a0\u00bb css=\u00a0\u00bb.vc_custom_1552898974383{margin-top: 0px !important;margin-bottom: 0px !important;background-color: #ffffff !important;}\u00a0\u00bb][vc_column css=\u00a0\u00bb.vc_custom_1552898985909{margin-top: 0px !important;margin-bottom: 0px !important;}\u00a0\u00bb][vc_row_inner css=\u00a0\u00bb.vc_custom_1552898995312{margin-top: 0px !important;margin-bottom: 0px !important;}\u00a0\u00bb][vc_column_inner css=\u00a0\u00bb.vc_custom_1552899000074{margin-top: 0px !important;margin-bottom: 0px !important;}\u00a0\u00bb][vc_single_image image=\u00a0\u00bb12279&Prime; img_size=\u00a0\u00bbfull\u00a0\u00bb alignment=\u00a0\u00bbcenter\u00a0\u00bb css_animation=\u00a0\u00bbfadeInUp\u00a0\u00bb css=\u00a0\u00bb.vc_custom_1564170703285{margin-top: 0px !important;margin-bottom: 0px !important;}\u00a0\u00bb][\/vc_column_inner][\/vc_row_inner][\/vc_column][\/vc_row][vc_row full_width=\u00a0\u00bbstretch_row\u00a0\u00bb content_placement=\u00a0\u00bbmiddle\u00a0\u00bb css=\u00a0\u00bb.vc_custom_1552897637450{background-color: #ffffff !important;}\u00a0\u00bb][vc_column][vc_empty_space height=\u00a0\u00bb16&Prime;][vc_row_inner css=\u00a0\u00bb.vc_custom_1552899510789{margin-bottom: 0px !important;}\u00a0\u00bb][vc_column_inner][vc_column_text css_animation=\u00a0\u00bbfadeInDown\u00a0\u00bb el_class=\u00a0\u00bbbig\u00a0\u00bb]<\/p>\n<h1 style=\"text-align: left;\"><span style=\"color: #333333;\">Processus m\u00e9tiers.<br \/>\n<\/span><\/h1>\n<p>[\/vc_column_text][\/vc_column_inner][\/vc_row_inner][vc_row_inner][vc_column_inner width=\u00a0\u00bb1\/3&Prime;][vc_column_text css_animation=\u00a0\u00bbfadeInUp\u00a0\u00bb el_class=\u00a0\u00bbsmall\u00a0\u00bb]<\/p>\n<h4><img loading=\"lazy\" decoding=\"async\" class=\"alignnone wp-image-10393\" src=\"https:\/\/34.230.143.247\/wp-content\/uploads\/2019\/03\/About-icon-finance-294x300.png\" alt=\"\" width=\"40\" height=\"41\" srcset=\"https:\/\/www.ataway.com\/wp-content\/uploads\/2019\/03\/About-icon-finance-294x300.png 294w, https:\/\/www.ataway.com\/wp-content\/uploads\/2019\/03\/About-icon-finance-150x150.png 150w, https:\/\/www.ataway.com\/wp-content\/uploads\/2019\/03\/About-icon-finance-143x146.png 143w, https:\/\/www.ataway.com\/wp-content\/uploads\/2019\/03\/About-icon-finance-50x50.png 50w, https:\/\/www.ataway.com\/wp-content\/uploads\/2019\/03\/About-icon-finance-74x75.png 74w, https:\/\/www.ataway.com\/wp-content\/uploads\/2019\/03\/About-icon-finance-85x85.png 85w, https:\/\/www.ataway.com\/wp-content\/uploads\/2019\/03\/About-icon-finance-80x80.png 80w, https:\/\/www.ataway.com\/wp-content\/uploads\/2019\/03\/About-icon-finance.png 500w\" sizes=\"auto, (max-width:767px) 40px, 40px\" \/><br \/>\n<span style=\"color: #eb7932;\">FINANCE <\/span><br \/>\n<strong>Une offre cl\u00e9 en main <\/strong><br \/>\nAtaway peut vous aider \u00e0 automatiser vos processus, r\u00e9duire vos d\u00e9lais de cl\u00f4ture et r\u00e9ussir vos projets de transformation&#8230;<\/h4>\n<p>[\/vc_column_text][\/vc_column_inner][vc_column_inner width=\u00a0\u00bb1\/3&Prime;][vc_column_text css_animation=\u00a0\u00bbfadeInUp\u00a0\u00bb el_class=\u00a0\u00bbsmall\u00a0\u00bb]<\/p>\n<h4><img loading=\"lazy\" decoding=\"async\" class=\"alignnone wp-image-12281\" src=\"https:\/\/www.ataway.com\/wp-content\/uploads\/2019\/07\/Icon-150x150.png\" alt=\"\" width=\"40\" height=\"40\" srcset=\"https:\/\/www.ataway.com\/wp-content\/uploads\/2019\/07\/Icon-150x150.png 150w, https:\/\/www.ataway.com\/wp-content\/uploads\/2019\/07\/Icon-300x297.png 300w, https:\/\/www.ataway.com\/wp-content\/uploads\/2019\/07\/Icon-147x146.png 147w, https:\/\/www.ataway.com\/wp-content\/uploads\/2019\/07\/Icon-50x50.png 50w, https:\/\/www.ataway.com\/wp-content\/uploads\/2019\/07\/Icon-76x75.png 76w, https:\/\/www.ataway.com\/wp-content\/uploads\/2019\/07\/Icon-85x85.png 85w, https:\/\/www.ataway.com\/wp-content\/uploads\/2019\/07\/Icon-80x80.png 80w, https:\/\/www.ataway.com\/wp-content\/uploads\/2019\/07\/Icon.png 500w\" sizes=\"auto, (max-width:767px) 40px, 40px\" \/><br \/>\n<span style=\"color: #eb7932;\">ACHAT <\/span><br \/>\n<strong>Un accompagnement sur mesure <\/strong><br \/>\nAtaway vous accompagne dans la d\u00e9finition et la mod\u00e9lisation de vos processus d\u2019achats : Gestion des appels d\u2019offres, parcours d\u2019achats (de la demande d\u2019achat \u00e0 la facturation)\u2026<\/h4>\n<p>[\/vc_column_text][\/vc_column_inner][vc_column_inner width=\u00a0\u00bb1\/3&Prime;][vc_column_text css_animation=\u00a0\u00bbfadeInUp\u00a0\u00bb el_class=\u00a0\u00bbsmall\u00a0\u00bb]<\/p>\n<h4><img loading=\"lazy\" decoding=\"async\" class=\"alignnone wp-image-10395\" src=\"https:\/\/34.230.143.247\/wp-content\/uploads\/2019\/03\/About-icon-supply-chain-294x300.png\" alt=\"\" width=\"40\" height=\"41\" srcset=\"https:\/\/www.ataway.com\/wp-content\/uploads\/2019\/03\/About-icon-supply-chain-294x300.png 294w, https:\/\/www.ataway.com\/wp-content\/uploads\/2019\/03\/About-icon-supply-chain-150x150.png 150w, https:\/\/www.ataway.com\/wp-content\/uploads\/2019\/03\/About-icon-supply-chain-143x146.png 143w, https:\/\/www.ataway.com\/wp-content\/uploads\/2019\/03\/About-icon-supply-chain-50x50.png 50w, https:\/\/www.ataway.com\/wp-content\/uploads\/2019\/03\/About-icon-supply-chain-74x75.png 74w, https:\/\/www.ataway.com\/wp-content\/uploads\/2019\/03\/About-icon-supply-chain-85x85.png 85w, https:\/\/www.ataway.com\/wp-content\/uploads\/2019\/03\/About-icon-supply-chain-80x80.png 80w, https:\/\/www.ataway.com\/wp-content\/uploads\/2019\/03\/About-icon-supply-chain.png 500w\" sizes=\"auto, (max-width:767px) 40px, 40px\" \/><br \/>\n<span style=\"color: #eb7932;\">SUPPLY CHAIN <\/span><br \/>\n<strong>Un savoir faire unique<\/strong><br \/>\nAtaway a un savoir-faire \u00e9largi en terme de bonnes pratiques et de m\u00e9thodologies associ\u00e9es.<\/h4>\n<p>[\/vc_column_text][\/vc_column_inner][\/vc_row_inner][vc_empty_space height=\u00a0\u00bb32&Prime;][\/vc_column][\/vc_row][vc_row el_id=\u00a0\u00bbjs-code\u00a0\u00bb][vc_column][vc_raw_js]JTNDc2NyaXB0JTIwdHlwZSUzRCUyMnRleHQlMkZqYXZhc2NyaXB0JTIyJTNFJTBBJTI4ZnVuY3Rpb24lMjglMjQlMjklMjAlN0IlMEElMjQlMjglMjIlMjNUb3BfYmFyJTIyJTI5LmFkZENsYXNzJTI4JTIyZGFya19iYWNrZ3JvdW5kJTIyJTI5JTNCJTBBJTdEJTI4alF1ZXJ5JTI5JTI5JTNCJTBBJTNDJTJGc2NyaXB0JTNF[\/vc_raw_js][\/vc_column][\/vc_row]<\/p>\n<\/div>","protected":false},"excerpt":{"rendered":"<p>[vc_row full_width=\u00a0\u00bbstretch_row\u00a0\u00bb full_height=\u00a0\u00bbyes\u00a0\u00bb content_placement=\u00a0\u00bbmiddle\u00a0\u00bb parallax=\u00a0\u00bbcontent-moving\u00a0\u00bb parallax_image=\u00a0\u00bb10850&Prime; disable_element=\u00a0\u00bbyes\u00a0\u00bb][vc_column][vc_empty_space height=\u00a0\u00bb100&Prime;][\/vc_column][\/vc_row][vc_row full_width=\u00a0\u00bbstretch_row\u00a0\u00bb full_height=\u00a0\u00bbyes\u00a0\u00bb content_placement=\u00a0\u00bbmiddle\u00a0\u00bb parallax=\u00a0\u00bbcontent-moving\u00a0\u00bb parallax_image=\u00a0\u00bb38393&Prime;][vc_column][vc_row_inner][vc_column_inner width=\u00a0\u00bb2\/3&Prime;][vc_empty_space height=\u00a0\u00bb120px\u00a0\u00bb][vc_column_text css_animation=\u00a0\u00bbfadeInDown\u00a0\u00bb] Allons plus loin\u00a0ensemble. [\/vc_column_text][vc_column_text css_animation=\u00a0\u00bbfadeInUp\u00a0\u00bb el_class=\u00a0\u00bbsmall\u00a0\u00bb] Peu importe la complexit\u00e9<span class=\"excerpt-hellip\"> [\u2026]<\/span><\/p>\n","protected":false},"author":6,"featured_media":-1,"parent":0,"menu_order":0,"comment_status":"closed","ping_status":"closed","template":"","meta":{"footnotes":""},"class_list":["post-11791","page","type-page","status-publish","has-post-thumbnail","hentry"],"_links":{"self":[{"href":"https:\/\/www.ataway.com\/fr-fr\/wp-json\/wp\/v2\/pages\/11791","targetHints":{"allow":["GET"]}}],"collection":[{"href":"https:\/\/www.ataway.com\/fr-fr\/wp-json\/wp\/v2\/pages"}],"about":[{"href":"https:\/\/www.ataway.com\/fr-fr\/wp-json\/wp\/v2\/types\/page"}],"author":[{"embeddable":true,"href":"https:\/\/www.ataway.com\/fr-fr\/wp-json\/wp\/v2\/users\/6"}],"replies":[{"embeddable":true,"href":"https:\/\/www.ataway.com\/fr-fr\/wp-json\/wp\/v2\/comments?post=11791"}],"version-history":[{"count":29,"href":"https:\/\/www.ataway.com\/fr-fr\/wp-json\/wp\/v2\/pages\/11791\/revisions"}],"predecessor-version":[{"id":45252,"href":"https:\/\/www.ataway.com\/fr-fr\/wp-json\/wp\/v2\/pages\/11791\/revisions\/45252"}],"wp:featuredmedia":[{"embeddable":true,"href":"https:\/\/www.ataway.com\/fr-fr\/wp-json\/"}],"wp:attachment":[{"href":"https:\/\/www.ataway.com\/fr-fr\/wp-json\/wp\/v2\/media?parent=11791"}],"curies":[{"name":"wp","href":"https:\/\/api.w.org\/{rel}","templated":true}]}}