{"id":11723,"date":"2019-04-30T19:19:08","date_gmt":"2019-04-30T22:19:08","guid":{"rendered":"http:\/\/www.ataway.com\/?page_id=11723"},"modified":"2026-04-22T11:53:39","modified_gmt":"2026-04-22T14:53:39","slug":"home","status":"publish","type":"page","link":"https:\/\/www.ataway.com\/fr-fr\/","title":{"rendered":"Home"},"content":{"rendered":"<div class=\"wpb-content-wrapper\"><p>[vc_row full_width=\u00a0\u00bbstretch_row\u00a0\u00bb content_placement=\u00a0\u00bbmiddle\u00a0\u00bb css=\u00a0\u00bb.vc_custom_1534136249431{margin-bottom: -50px !important;}\u00a0\u00bb][vc_column][vc_column_text]\n\t\t\t<!-- START SliderHomeNewFRFR REVOLUTION SLIDER 6.6.19 --><p class=\"rs-p-wp-fix\"><\/p>\n\t\t\t<rs-module-wrap id=\"rev_slider_51_1_wrapper\" data-source=\"gallery\" style=\"visibility:hidden;background:transparent;padding:0;\">\n\t\t\t\t<rs-module id=\"rev_slider_51_1\" style=\"\" data-version=\"6.6.19\">\n\t\t\t\t\t<rs-slides style=\"overflow: hidden; position: absolute;\">\n\t\t\t\t\t\t<rs-slide style=\"position: absolute;\" data-key=\"rs-214\" data-title=\"Paris\" data-duration=\"12000\" data-anim=\"adpr:false;\" data-in=\"o:0;\" data-out=\"a:false;\">\n\t\t\t\t\t\t\t<img decoding=\"async\" src=\"\/\/www.ataway.com\/wp-content\/plugins\/revslider\/public\/assets\/assets\/dummy.png\" alt=\"Paris\" title=\"Home\" class=\"rev-slidebg tp-rs-img rs-lazyload\" data-lazyload=\"\/\/www.ataway.com\/wp-content\/plugins\/revslider\/public\/assets\/assets\/transparent.png\" data-parallax=\"7\" data-no-retina>\n<!--\n\t\t\t\t\t\t\t--><rs-layer\n\t\t\t\t\t\t\t\tid=\"slider-51-slide-214-layer-10\" \n\t\t\t\t\t\t\t\tclass=\"rs-fsv rs-nolc rs-layer-video intrinsic-ignore\"\n\t\t\t\t\t\t\t\tdata-type=\"video\"\n\t\t\t\t\t\t\t\tdata-rsp_ch=\"on\"\n\t\t\t\t\t\t\t\tdata-xy=\"x:0;y:0;\"\n\t\t\t\t\t\t\t\tdata-text=\"l:22;a:inherit;\"\n\t\t\t\t\t\t\t\tdata-dim=\"w:100%;h:100%;\"\n\t\t\t\t\t\t\t\tdata-basealign=\"slide\"\n\t\t\t\t\t\t\t\tdata-video=\"vfc:true;vd:0;fc:true;l:false;ptimer:false;sav:f;inl:f;\"\n\t\t\t\t\t\t\t\tdata-poster=\"\/\/www.ataway.com\/wp-content\/uploads\/revslider\/video-media\/Paris-France_214_layer.jpeg\"\n\t\t\t\t\t\t\t\tdata-mp4=\"\/\/www.ataway.com\/wp-content\/uploads\/2018\/10\/Paris-France.mp4\"\n\t\t\t\t\t\t\t\tdata-frame_1=\"st:600;sp:1000;sR:600;\"\n\t\t\t\t\t\t\t\tdata-frame_999=\"o:0;st:w;sp:2000;sR:10400;\"\n\t\t\t\t\t\t\t\tstyle=\"z-index:5;\"\n\t\t\t\t\t\t\t>\n\t\t\t\t\t\t\t<\/rs-layer><!--\n-->\t\t\t\t\t\t<\/rs-slide>\n\t\t\t\t\t\t<rs-slide style=\"position: absolute;\" data-key=\"rs-266\" data-title=\"Paris\" data-duration=\"12000\" data-anim=\"adpr:false;\" data-in=\"o:0;\" data-out=\"a:false;\">\n\t\t\t\t\t\t\t<img decoding=\"async\" src=\"\/\/www.ataway.com\/wp-content\/plugins\/revslider\/public\/assets\/assets\/dummy.png\" alt=\"Paris\" title=\"Home\" class=\"rev-slidebg tp-rs-img rs-lazyload\" data-lazyload=\"\/\/www.ataway.com\/wp-content\/plugins\/revslider\/public\/assets\/assets\/transparent.png\" data-parallax=\"7\" data-no-retina>\n<!--\n\t\t\t\t\t\t\t--><rs-layer\n\t\t\t\t\t\t\t\tid=\"slider-51-slide-266-layer-10\" \n\t\t\t\t\t\t\t\tclass=\"rs-fsv rs-nolc rs-layer-video intrinsic-ignore\"\n\t\t\t\t\t\t\t\tdata-type=\"video\"\n\t\t\t\t\t\t\t\tdata-rsp_ch=\"on\"\n\t\t\t\t\t\t\t\tdata-xy=\"x:0;y:0;\"\n\t\t\t\t\t\t\t\tdata-text=\"l:22;a:inherit;\"\n\t\t\t\t\t\t\t\tdata-dim=\"w:100%;h:100%;\"\n\t\t\t\t\t\t\t\tdata-basealign=\"slide\"\n\t\t\t\t\t\t\t\tdata-video=\"vfc:true;vd:0;fc:true;l:false;ptimer:false;sav:f;inl:f;\"\n\t\t\t\t\t\t\t\tdata-poster=\"\/\/www.ataway.com\/wp-content\/uploads\/revslider\/video-media\/Paris-France_266_layer.jpeg\"\n\t\t\t\t\t\t\t\tdata-mp4=\"\/\/www.ataway.com\/wp-content\/uploads\/2018\/10\/Paris-France.mp4\"\n\t\t\t\t\t\t\t\tdata-frame_1=\"st:600;sp:1000;sR:600;\"\n\t\t\t\t\t\t\t\tdata-frame_999=\"o:0;st:w;sp:2000;sR:10400;\"\n\t\t\t\t\t\t\t\tstyle=\"z-index:5;\"\n\t\t\t\t\t\t\t>\n\t\t\t\t\t\t\t<\/rs-layer><!--\n-->\t\t\t\t\t\t<\/rs-slide>\n\t\t\t\t\t<\/rs-slides>\n\t\t\t\t\t<rs-static-layers class=\"rs-stl-visible\"><!--\n\n\t\t\t\t\t\t\t--><h1\n\t\t\t\t\t\t\t\tid=\"slider-51-slide-47-layer-8\" \n\t\t\t\t\t\t\t\tclass=\"rs-layer rs-layer-static\"\n\t\t\t\t\t\t\t\tdata-type=\"text\"\n\t\t\t\t\t\t\t\tdata-rsp_ch=\"on\"\n\t\t\t\t\t\t\t\tdata-xy=\"xo:50px,45px,45px,35px;yo:304px,249px,130px,80px;\"\n\t\t\t\t\t\t\t\tdata-text=\"w:normal;s:50,40,50,37;l:52,42,52,39;fw:700;a:inherit;\"\n\t\t\t\t\t\t\t\tdata-dim=\"w:656px,633px,auto,auto;h:auto,162px,auto,auto;\"\n\t\t\t\t\t\t\t\tdata-wrpcls=\"slider-adapter-title\"\n\t\t\t\t\t\t\t\tdata-onslides=\"s:1;\"\n\t\t\t\t\t\t\t\tdata-frame_0=\"y:-50px;\"\n\t\t\t\t\t\t\t\tdata-frame_1=\"sp:2000;\"\n\t\t\t\t\t\t\t\tdata-frame_999=\"o:0;st:w;sp:1000;\"\n\t\t\t\t\t\t\t\tstyle=\"z-index:8;font-family:'cerapro bold', 'Arial', 'Tahoma', 'sans-serif';\"\n\t\t\t\t\t\t\t>Bienvenue chez Ataway, soci\u00e9t\u00e9 de conseil en management et syst\u00e8mes d\u2019information.  \n\t\t\t\t\t\t\t<\/h1><!--\n\n\t\t\t\t\t\t\t--><rs-layer\n\t\t\t\t\t\t\t\tid=\"slider-51-slide-47-layer-14\" \n\t\t\t\t\t\t\t\tclass=\"arrow-down-flex rs-layer-static\"\n\t\t\t\t\t\t\t\tdata-type=\"text\"\n\t\t\t\t\t\t\t\tdata-xy=\"x:c;xo:-3px,0,0,0;y:b;yo:90px,60px,60px,50px;\"\n\t\t\t\t\t\t\t\tdata-text=\"s:48;l:22;a:inherit;\"\n\t\t\t\t\t\t\t\tdata-actions='o:click;a:scrollbelow;offset:64px;d:100;sp:1000;e:power3.inOut;'\n\t\t\t\t\t\t\t\tdata-basealign=\"slide\"\n\t\t\t\t\t\t\t\tdata-rsp_o=\"off\"\n\t\t\t\t\t\t\t\tdata-rsp_bd=\"off\"\n\t\t\t\t\t\t\t\tdata-onslides=\"s:1;\"\n\t\t\t\t\t\t\t\tdata-frame_999=\"o:0;st:w;\"\n\t\t\t\t\t\t\t\tstyle=\"z-index:7;font-family:'Open Sans';\"\n\t\t\t\t\t\t\t><i class=\"fa-angle-down\"><\/i> \n\t\t\t\t\t\t\t<\/rs-layer><!--\n\n\t\t\t\t\t\t\t--><rs-layer\n\t\t\t\t\t\t\t\tid=\"slider-51-slide-47-layer-16\" \n\t\t\t\t\t\t\t\tclass=\"rs-layer-static\"\n\t\t\t\t\t\t\t\tdata-type=\"text\"\n\t\t\t\t\t\t\t\tdata-rsp_ch=\"on\"\n\t\t\t\t\t\t\t\tdata-xy=\"xo:51px,47px,47px,34px;yo:545px,453px,380px,350px;\"\n\t\t\t\t\t\t\t\tdata-text=\"w:normal;l:22;a:inherit;\"\n\t\t\t\t\t\t\t\tdata-dim=\"w:582px,582px,582px,386px;\"\n\t\t\t\t\t\t\t\tdata-wrpcls=\"slider-adapter-button\"\n\t\t\t\t\t\t\t\tdata-onslides=\"s:1;\"\n\t\t\t\t\t\t\t\tdata-frame_999=\"o:0;st:w;\"\n\t\t\t\t\t\t\t\tstyle=\"z-index:9;font-family:'cerapro light', 'Arial', 'Tahoma', 'sans-serif';\"\n\t\t\t\t\t\t\t><div class=\"button_align align_left\"><a class=\"button  button_left button_size_3\" href=\"\/fr-fr\/contact-ataway\/\"     style=\"background-color:#df7b1a!important;color:#ffffff;\"     title=\"\"><span class=\"button_icon\"><i class=\"icon-right-open\"  style=\"color:#ffffff!important;\" aria-hidden=\"true\"><\/i><\/span><span class=\"button_label\">Nous contacter <\/span><\/a><\/div>\n \n\t\t\t\t\t\t\t<\/rs-layer><!--\n\t\t\t\t\t--><\/rs-static-layers>\n\t\t\t\t<\/rs-module>\n\t\t\t\t<script>\n\t\t\t\t\tsetREVStartSize({c: 'rev_slider_51_1',rl:[1280,1024,768,420],el:[868,768,960,720],gw:[1240,1024,768,420],gh:[868,768,960,720],type:'standard',justify:'',layout:'fullscreen',offsetContainer:'',offset:'',mh:\"700px\"});if (window.RS_MODULES!==undefined && window.RS_MODULES.modules!==undefined && window.RS_MODULES.modules[\"revslider511\"]!==undefined) {window.RS_MODULES.modules[\"revslider511\"].once = false;window.revapi51 = undefined;if (window.RS_MODULES.checkMinimal!==undefined) window.RS_MODULES.checkMinimal()}\n\t\t\t\t<\/script>\n\t\t\t<\/rs-module-wrap>\n\t\t\t<!-- END REVOLUTION SLIDER -->\n[\/vc_column_text][\/vc_column][\/vc_row][vc_row full_width=\u00a0\u00bbstretch_row\u00a0\u00bb parallax=\u00a0\u00bbcontent-moving\u00a0\u00bb parallax_image=\u00a0\u00bb25686&Prime;][vc_column width=\u00a0\u00bb2\/3&Prime;][vc_column_text]<\/p>\n<h3><span style=\"color: #ffffff;\"><strong>Webinaire \u00e0 venir | AgilePM : trouver l\u2019\u00e9quilibre entre agilit\u00e9 et contr\u00f4le dans la gestion de projet <\/strong><strong>\ud83d\udcc5 21 mai | 14h00\u201315h00<\/strong><\/span><\/h3>\n<p>[\/vc_column_text][\/vc_column][vc_column width=\u00a0\u00bb1\/3&Prime;][vc_btn title=\u00a0\u00bbInscrivez-vous d\u00e8s maintenant\u00a0\u00bb style=\u00a0\u00bboutline\u00a0\u00bb color=\u00a0\u00bbwhite\u00a0\u00bb link=\u00a0\u00bburl:https%3A%2F%2Fwww.ataway.com%2Ffr-fr%2Fwebinaire-agilepm%2F\u00a0\u00bb][\/vc_column][\/vc_row][vc_row full_width=\u00a0\u00bbstretch_row\u00a0\u00bb content_placement=\u00a0\u00bbmiddle\u00a0\u00bb css=\u00a0\u00bb.vc_custom_1552814872490{background-color: #ffffff !important;}\u00a0\u00bb][vc_column][vc_empty_space][vc_row_inner][vc_column_inner][vc_column_text css_animation=\u00a0\u00bbslideInDown\u00a0\u00bb css=\u00a0\u00bb.vc_custom_1564167547696{margin-bottom: 20px !important;}\u00a0\u00bb]<\/p>\n<h1 style=\"text-align: center;\"><span style=\"color: #333333;\">Ataway vous accompagne sur des projets \u00e0 forte valeur ajout\u00e9e qui augmentent l\u2019adaptabilit\u00e9 et l\u2019efficience de votre entreprise\u2026<br \/>\n<\/span><\/h1>\n<p>[\/vc_column_text][vc_column_text css_animation=\u00a0\u00bbfadeInDown\u00a0\u00bb]<\/p>\n<h3 style=\"text-align: center;\"><span style=\"color: #eb7932;\">Notre expertise, notre esprit \u00ab\u00a0start up\u00a0\u00bb et notre pr\u00e9sence \u00e0 l\u2019international<br \/>\nnous rendent unique sur le march\u00e9. Ces qualit\u00e9s sont la cl\u00e9 de la r\u00e9ussite de nos<br \/>\nnombreux projets et de notre croissance continue.<br \/>\n<\/span><\/h3>\n<p>[\/vc_column_text][\/vc_column_inner][\/vc_row_inner][vc_empty_space][\/vc_column][\/vc_row][vc_row full_width=\u00a0\u00bbstretch_row\u00a0\u00bb parallax=\u00a0\u00bbcontent-moving\u00a0\u00bb parallax_image=\u00a0\u00bb46288&Prime;][vc_column][vc_row_inner gap=\u00a0\u00bb20&Prime; css=\u00a0\u00bb.vc_custom_1527141403331{margin-top: 0px !important;margin-right: 0px !important;margin-bottom: 0px !important;margin-left: 0px !important;padding-top: 0px !important;padding-right: 0px !important;padding-bottom: 0px !important;padding-left: 0px !important;}\u00a0\u00bb][vc_column_inner width=\u00a0\u00bb1\/6&Prime; css=\u00a0\u00bb.vc_custom_1527482667379{padding-top: 0px !important;padding-right: 0px !important;padding-bottom: 0px !important;padding-left: 0px !important;}\u00a0\u00bb offset=\u00a0\u00bbvc_col-xs-6&Prime;]<div class=\"quick_fact align_center animate-math\"><div class=\"number-wrapper\"><span class=\"number\" data-to=\"23\">23<\/span><\/div><h3 class=\"title title_tag \">Bureaux<\/h3><hr class=\"hr_narrow\" \/><div class=\"desc\"><\/div><\/div>\n[\/vc_column_inner][vc_column_inner width=\u00a0\u00bb1\/6&Prime; css=\u00a0\u00bb.vc_custom_1527482673137{padding-top: 0px !important;padding-right: 0px !important;padding-bottom: 0px !important;padding-left: 0px !important;}\u00a0\u00bb offset=\u00a0\u00bbvc_col-xs-6&Prime;]<div class=\"quick_fact align_center animate-math\"><div class=\"number-wrapper\"><span class=\"number\" data-to=\"16\">16<\/span><\/div><h3 class=\"title title_tag \">Pays<\/h3><hr class=\"hr_narrow\" \/><div class=\"desc\"><\/div><\/div>\n[\/vc_column_inner][vc_column_inner width=\u00a0\u00bb1\/6&Prime; css=\u00a0\u00bb.vc_custom_1527482662028{padding-top: 0px !important;padding-right: 0px !important;padding-bottom: 0px !important;padding-left: 0px !important;}\u00a0\u00bb offset=\u00a0\u00bbvc_col-xs-6&Prime;]<div class=\"quick_fact align_center animate-math\"><div class=\"number-wrapper\"><span class=\"number\" data-to=\"500\">500<\/span><span class=\"label postfix\">+<\/span><\/div><h3 class=\"title title_tag \">Collaborateurs<\/h3><hr class=\"hr_narrow\" \/><div class=\"desc\"><\/div><\/div>\n[\/vc_column_inner][vc_column_inner width=\u00a0\u00bb1\/6&Prime; css=\u00a0\u00bb.vc_custom_1527482679961{padding-top: 0px !important;padding-right: 0px !important;padding-bottom: 0px !important;padding-left: 0px !important;}\u00a0\u00bb offset=\u00a0\u00bbvc_col-xs-6&Prime;]<div class=\"quick_fact align_center animate-math\"><div class=\"number-wrapper\"><span class=\"number\" data-to=\"89\">89<\/span><span class=\"label postfix\">%<\/span><\/div><h3 class=\"title title_tag \">R\u00e9tention des Clients<\/h3><hr class=\"hr_narrow\" \/><div class=\"desc\"><\/div><\/div>\n[\/vc_column_inner][vc_column_inner width=\u00a0\u00bb1\/6&Prime; css=\u00a0\u00bb.vc_custom_1527482655957{padding-top: 0px !important;padding-right: 0px !important;padding-bottom: 0px !important;padding-left: 0px !important;}\u00a0\u00bb offset=\u00a0\u00bbvc_col-xs-6&Prime;]<div class=\"quick_fact align_center animate-math\"><div class=\"number-wrapper\"><span class=\"number\" data-to=\"1200\">1200<\/span><span class=\"label postfix\">+<\/span><\/div><h3 class=\"title title_tag \">Projets r\u00e9ussis<\/h3><hr class=\"hr_narrow\" \/><div class=\"desc\"><\/div><\/div>\n[\/vc_column_inner][vc_column_inner width=\u00a0\u00bb1\/6&Prime; css=\u00a0\u00bb.vc_custom_1527482647613{padding-top: 0px !important;padding-right: 0px !important;padding-bottom: 0px !important;padding-left: 0px !important;}\u00a0\u00bb offset=\u00a0\u00bbvc_col-xs-6&Prime;]<div class=\"quick_fact align_center animate-math\"><div class=\"number-wrapper\"><span class=\"number\" data-to=\"5\">5<\/span><\/div><h3 class=\"title title_tag \">Centres de services partag\u00e9s<\/h3><hr class=\"hr_narrow\" \/><div class=\"desc\"><\/div><\/div>\n[\/vc_column_inner][\/vc_row_inner][\/vc_column][\/vc_row][vc_row full_width=\u00a0\u00bbstretch_row\u00a0\u00bb content_placement=\u00a0\u00bbmiddle\u00a0\u00bb parallax=\u00a0\u00bbcontent-moving\u00a0\u00bb parallax_image=\u00a0\u00bb10619&Prime; css=\u00a0\u00bb.vc_custom_1552877792221{background-color: #ffffff !important;}\u00a0\u00bb][vc_column][vc_empty_space][vc_empty_space height=\u00a0\u00bb128&Prime;][vc_row_inner][vc_column_inner width=\u00a0\u00bb2\/3&Prime;][vc_column_text css_animation=\u00a0\u00bbfadeInDown\u00a0\u00bb css=\u00a0\u00bb.vc_custom_1564167044461{margin-bottom: 20px !important;}\u00a0\u00bb]<\/p>\n<h1 style=\"text-align: left;\"><span style=\"color: #333333;\"><strong>Prenez votre carri\u00e8re en main.<\/strong><br \/>\nLaissez votre talent s\u2019exprimer\u2026<br \/>\nRejoignez-nous .<\/span><\/h1>\n<p>[\/vc_column_text][vc_column_text css_animation=\u00a0\u00bbfadeInUp\u00a0\u00bb el_class=\u00a0\u00bbbig\u00a0\u00bb]<\/p>\n<h3 style=\"text-align: left;\"><span style=\"color: #eb7932;\">Pr\u00eat \u00e0 lancer votre carri\u00e8re ? Votre exp\u00e9rience chez Ataway vous permettra de travailler sur des projets vari\u00e9s, chez de nombreux clients et dans un environnement multiculturel\u2026<br \/>\n<\/span><\/h3>\n<p>[\/vc_column_text][vc_column_text css_animation=\u00a0\u00bbfadeInUp\u00a0\u00bb]<div class=\"button_align align_left\"><a class=\"button  button_left button_size_2\" href=\"\/fr-fr\/work\/\"     style=\"background-color:#ee7a23!important;color:#ffffff;\"     title=\"\"><span class=\"button_icon\"><i class=\"icon-right-open\"  style=\"color:#ffffff!important;\" aria-hidden=\"true\"><\/i><\/span><span class=\"button_label\">En savoir plus<\/span><\/a><\/div>\n[\/vc_column_text][\/vc_column_inner][vc_column_inner width=\u00a0\u00bb1\/3&Prime;][\/vc_column_inner][\/vc_row_inner][vc_empty_space height=\u00a0\u00bb128&Prime;][\/vc_column][\/vc_row][vc_row full_width=\u00a0\u00bbstretch_row\u00a0\u00bb parallax=\u00a0\u00bbcontent-moving\u00a0\u00bb css=\u00a0\u00bb.vc_custom_1699023253969{background-color: #f4f4f4 !important;}\u00a0\u00bb][vc_column][vc_row_inner][vc_column_inner][vc_column_text css_animation=\u00a0\u00bbfadeInDown\u00a0\u00bb]<\/p>\n<h2 style=\"text-align: center;\"><span style=\"color: #333333;\"><strong>D\u00e9couvrez notre culture d&rsquo;entreprise !<\/strong><\/span><\/h2>\n<p>[\/vc_column_text][\/vc_column_inner][\/vc_row_inner][vc_row_inner][vc_column_inner width=\u00a0\u00bb1\/3&Prime;][vc_hoverbox image=\u00a0\u00bb35999&Prime; primary_title=\u00a0\u00bb\u00a0\u00bb hover_title=\u00a0\u00bb\u00a0\u00bb css_animation=\u00a0\u00bbfadeInUp\u00a0\u00bb]<\/p>\n<div class=\"flex-shrink-0 flex flex-col relative items-end\">\n<div>\n<div class=\"pt-0.5 juice:pt-0\">\n<div class=\"gizmo-bot-avatar flex h-6 w-6 items-center justify-center overflow-hidden rounded-full juice:h-8 juice:w-8\">\n<div class=\"relative p-1 rounded-sm flex items-center justify-center bg-token-main-surface-primary text-token-text-primary h-8 w-8\"><a href=\"https:\/\/www.linkedin.com\/feed\/update\/urn:li:activity:7199109653652238336\" target=\"_blank\" rel=\"noopener\"> \ud83c\udf0d Sommet Mondial des Managers d&rsquo;Ataway \u00e0 Paris : Favoriser la collaboration et l&rsquo;innovation au sein de nos \u00e9quipes internationales !<\/a><\/div>\n<\/div>\n<\/div>\n<\/div>\n<\/div>\n<p>[\/vc_hoverbox][vc_column_text css_animation=\u00a0\u00bbfadeInUp\u00a0\u00bb css=\u00a0\u00bb.vc_custom_1729781092837{margin-top: -24px !important;border-top-width: -24px !important;padding-top: -24px !important;}\u00a0\u00bb]<a href=\"https:\/\/www.linkedin.com\/feed\/update\/urn:li:activity:7199109653652238336\"><span style=\"color: #ff6600;\"><b>CULTURE D\u2019ENTERPRISE<\/b><\/span><\/a>[\/vc_column_text][\/vc_column_inner][vc_column_inner width=\u00a0\u00bb1\/3&Prime;][vc_hoverbox image=\u00a0\u00bb36011&Prime; primary_title=\u00a0\u00bb\u00a0\u00bb hover_title=\u00a0\u00bb\u00a0\u00bb css_animation=\u00a0\u00bbfadeInUp\u00a0\u00bb]<a href=\"https:\/\/www.linkedin.com\/feed\/update\/urn:li:activity:7196843944662466560\" target=\"_blank\" rel=\"noopener\">Quelle journ\u00e9e incroyable au #UKGLive ! Avec 9 ans de partenariat, nous offrons des services de conseil, d&rsquo;impl\u00e9mentation et de gestion \u00e0 l\u2019\u00e9chelle mondiale.<\/a>[\/vc_hoverbox][vc_column_text css_animation=\u00a0\u00bbfadeInUp\u00a0\u00bb css=\u00a0\u00bb.vc_custom_1729781223688{margin-top: -24px !important;border-top-width: -24px !important;padding-top: -24px !important;}\u00a0\u00bb]<a href=\"https:\/\/www.linkedin.com\/feed\/update\/urn:li:activity:7196843944662466560\"><span style=\"color: #ff6600;\"><b>EV\u00c8NEMENTS<\/b><\/span><\/a>[\/vc_column_text][\/vc_column_inner][vc_column_inner width=\u00a0\u00bb1\/3&Prime;][vc_hoverbox image=\u00a0\u00bb36038&Prime; primary_title=\u00a0\u00bb\u00a0\u00bb hover_title=\u00a0\u00bb\u00a0\u00bb css_animation=\u00a0\u00bbfadeInUp\u00a0\u00bb]<a href=\"https:\/\/www.linkedin.com\/feed\/update\/urn:li:activity:7212444354580275201\">\ud83c\udf1f Pourquoi les clients choisissent Ataway comme partenaire de conseil \ud83c\udf1f<\/a>[\/vc_hoverbox][vc_column_text css_animation=\u00a0\u00bbfadeInUp\u00a0\u00bb css=\u00a0\u00bb.vc_custom_1729781323841{margin-top: -24px !important;border-top-width: -24px !important;padding-top: -24px !important;}\u00a0\u00bb]<a href=\"https:\/\/www.linkedin.com\/feed\/update\/urn:li:activity:7212444354580275201\"><span style=\"color: #ff6600;\"><b>POUR LES CLIENTS CHOISISSENT ATAWAY<\/b><\/span><\/a>[\/vc_column_text][\/vc_column_inner][\/vc_row_inner][vc_row_inner][vc_column_inner][vc_column_text css_animation=\u00a0\u00bbfadeInUp\u00a0\u00bb]<div class=\"button_align align_center\"><a class=\"button  button_left button_size_3\" href=\"https:\/\/www.linkedin.com\/company\/ataway\/\"     style=\"background-color:#ee7a23!important;color:#ffffff;\"     title=\"\"><span class=\"button_icon\"><i class=\"icon-right-open\"  style=\"color:#ffffff!important;\" aria-hidden=\"true\"><\/i><\/span><span class=\"button_label\">Suivez-nous sur LinkedIn!<\/span><\/a><\/div>\n[\/vc_column_text][\/vc_column_inner][\/vc_row_inner][\/vc_column][\/vc_row][vc_row full_width=\u00a0\u00bbstretch_row\u00a0\u00bb full_height=\u00a0\u00bbyes\u00a0\u00bb content_placement=\u00a0\u00bbmiddle\u00a0\u00bb css=\u00a0\u00bb.vc_custom_1552280207454{background-color: #ffffff !important;}\u00a0\u00bb][vc_column][vc_empty_space height=\u00a0\u00bb32&Prime;][vc_row_inner][vc_column_inner offset=\u00a0\u00bbvc_hidden-xs\u00a0\u00bb][vc_column_text]<\/p>\n<h1 style=\"text-align: center;\"><span style=\"color: #333333;\"><strong>Nous sommes<\/strong> l\u00e0 o\u00f9 vous \u00eates.<\/span><\/h1>\n<p>[\/vc_column_text][vc_column_text css=\u00a0\u00bb.vc_custom_1721133398523{margin-top: 50px !important;}\u00a0\u00bb]<script type=\"text\/javascript\" src=\"https:\/\/www.ataway.com\/wp-content\/uploads\/2024\/07\/mapdata-5.js\"><\/script><br \/>\n<script type=\"text\/javascript\" src=\"https:\/\/www.ataway.com\/wp-content\/uploads\/2024\/07\/worldmap-4.js\"><\/script><\/p>\n<div id=\"map\"><\/div>\n<p>[\/vc_column_text][\/vc_column_inner][\/vc_row_inner][vc_empty_space height=\u00a0\u00bb32&Prime;][\/vc_column][\/vc_row]<\/p>\n<\/div>","protected":false},"excerpt":{"rendered":"<p>[vc_row full_width=\u00a0\u00bbstretch_row\u00a0\u00bb content_placement=\u00a0\u00bbmiddle\u00a0\u00bb css=\u00a0\u00bb.vc_custom_1534136249431{margin-bottom: -50px !important;}\u00a0\u00bb][vc_column][vc_column_text][\/vc_column_text][\/vc_column][\/vc_row][vc_row full_width=\u00a0\u00bbstretch_row\u00a0\u00bb parallax=\u00a0\u00bbcontent-moving\u00a0\u00bb parallax_image=\u00a0\u00bb25686&Prime;][vc_column width=\u00a0\u00bb2\/3&Prime;][vc_column_text] Webinaire \u00e0 venir | AgilePM : trouver l\u2019\u00e9quilibre entre agilit\u00e9 et contr\u00f4le dans la gestion de<span class=\"excerpt-hellip\"> [\u2026]<\/span><\/p>\n","protected":false},"author":3,"featured_media":-1,"parent":0,"menu_order":0,"comment_status":"closed","ping_status":"closed","template":"","meta":{"footnotes":""},"class_list":["post-11723","page","type-page","status-publish","has-post-thumbnail","hentry"],"_links":{"self":[{"href":"https:\/\/www.ataway.com\/fr-fr\/wp-json\/wp\/v2\/pages\/11723","targetHints":{"allow":["GET"]}}],"collection":[{"href":"https:\/\/www.ataway.com\/fr-fr\/wp-json\/wp\/v2\/pages"}],"about":[{"href":"https:\/\/www.ataway.com\/fr-fr\/wp-json\/wp\/v2\/types\/page"}],"author":[{"embeddable":true,"href":"https:\/\/www.ataway.com\/fr-fr\/wp-json\/wp\/v2\/users\/3"}],"replies":[{"embeddable":true,"href":"https:\/\/www.ataway.com\/fr-fr\/wp-json\/wp\/v2\/comments?post=11723"}],"version-history":[{"count":26,"href":"https:\/\/www.ataway.com\/fr-fr\/wp-json\/wp\/v2\/pages\/11723\/revisions"}],"predecessor-version":[{"id":46336,"href":"https:\/\/www.ataway.com\/fr-fr\/wp-json\/wp\/v2\/pages\/11723\/revisions\/46336"}],"wp:featuredmedia":[{"embeddable":true,"href":"https:\/\/www.ataway.com\/fr-fr\/wp-json\/"}],"wp:attachment":[{"href":"https:\/\/www.ataway.com\/fr-fr\/wp-json\/wp\/v2\/media?parent=11723"}],"curies":[{"name":"wp","href":"https:\/\/api.w.org\/{rel}","templated":true}]}}