{"id":42730,"date":"2025-08-01T12:58:26","date_gmt":"2025-08-01T15:58:26","guid":{"rendered":"https:\/\/www.ataway.com\/?page_id=42730"},"modified":"2025-08-05T16:09:04","modified_gmt":"2025-08-05T19:09:04","slug":"agentes-oracle-ai-para-fusion-applications","status":"publish","type":"page","link":"https:\/\/www.ataway.com\/es-mx\/soluciones\/oracle\/agentes-oracle-ai-para-fusion-applications\/","title":{"rendered":"Agentes Oracle AI para Fusion Applications"},"content":{"rendered":"<div class=\"wpb-content-wrapper\"><p>[vc_row full_width=&#8221;stretch_row&#8221; full_height=&#8221;yes&#8221; content_placement=&#8221;middle&#8221; parallax=&#8221;content-moving&#8221; parallax_image=&#8221;17356&#8243; css=&#8221;.vc_custom_1695132204337{background-color: #eaeaea !important;}&#8221;][vc_column][vc_empty_space height=&#8221;100&#8243;][vc_row_inner][vc_column_inner width=&#8221;2\/3&#8243;][vc_column_text]<\/p>\n<h1><span style=\"color: #ffffff;\"><strong>Transforma tu operaci\u00f3n con agentes AI sin costo en Oracle Fusion Cloud\u00a0<\/strong><\/span><\/h1>\n<p>[\/vc_column_text][vc_column_text]<\/p>\n<h3><span style=\"color: #ffffff;\">Habilita hasta 3 agentes inteligentes que optimizan tus procesos cr\u00edticos de forma automatizada y personalizada.<\/span><\/h3>\n<p>[\/vc_column_text][\/vc_column_inner][vc_column_inner width=&#8221;1\/3&#8243;][\/vc_column_inner][\/vc_row_inner][vc_btn title=&#8221;\u00a1Cont\u00e1ctanos para m\u00e1s informaci\u00f3n!&#8221; style=&#8221;outline&#8221; color=&#8221;white&#8221; size=&#8221;lg&#8221; css_animation=&#8221;bounceIn&#8221; link=&#8221;url:%23contactooracle&#8221;][vc_empty_space height=&#8221;16px&#8221;][vc_icon type=&#8221;entypo&#8221; icon_entypo=&#8221;entypo-icon entypo-icon-down-open-big&#8221; color=&#8221;white&#8221; background_style=&#8221;rounded&#8221; background_color=&#8221;custom&#8221; size=&#8221;sm&#8221; align=&#8221;center&#8221; custom_background_color=&#8221;rgba(10,10,10,0.56)&#8221; el_class=&#8221;scroller-cursor-pointer&#8221;][\/vc_column][\/vc_row][vc_row full_width=&#8221;stretch_row&#8221; content_placement=&#8221;middle&#8221; css=&#8221;.vc_custom_1560523572547{background-color: #ffffff !important;}&#8221; el_id=&#8221;scroller-second-frame&#8221;][vc_column][vc_empty_space height=&#8221;16&#8243;][vc_row_inner][vc_column_inner][vc_column_text css_animation=&#8221;fadeInDown&#8221; el_class=&#8221;big&#8221;]<\/p>\n<h2 id=\"tw-target-text\" class=\"tw-data-text tw-text-large tw-ta\" dir=\"ltr\" data-placeholder=\"Translation\"><span style=\"color: #ff7600;\"><strong>\u00bfQu\u00e9 son los agentes Oracle IA?<\/strong><\/span><\/h2>\n<h3 class=\"tw-data-text tw-text-large tw-ta\" dir=\"ltr\" data-placeholder=\"Translation\"><span style=\"color: #333333;\">Los agentes Oracle IA para Fusion Applications ayudan a impulsar la eficiencia, innovaci\u00f3n y crecimiento en toda la empresa. Estas potentes herramientas asisten a los usuarios a trav\u00e9s de servicios impulsados por IA generativa que se integran en los procesos y transacciones empresariales cotidianos en <a style=\"color: #333333;\" href=\"https:\/\/www.ataway.com\/es-mx\/soluciones\/oracle\/\" data-lbl=\"applications-xlink\">Oracle Fusion Cloud Applications<\/a>.<\/span><\/h3>\n<p>[\/vc_column_text][\/vc_column_inner][\/vc_row_inner][vc_column_text css_animation=&#8221;fadeInDown&#8221;]<\/p>\n<h2 style=\"text-align: left;\"><strong><span style=\"color: #ff7600;\">Beneficios Principales de agentes Oracle AI<\/span><\/strong><\/h2>\n<p>[\/vc_column_text][vc_column_text css_animation=&#8221;fadeInUp&#8221;]<\/p>\n<h3><span style=\"color: #333333;\">* Automatizaci\u00f3n inteligente de tareas clave en Finanzas, Compras, Recursos Humanos, etc.<\/span><br \/>\n<span style=\"color: #333333;\">* Ahorro de tiempo operativo de hasta 40%.<\/span><br \/>\n<span style=\"color: #333333;\">* Mejora en la toma de decisiones con an\u00e1lisis predictivo.<\/span><br \/>\n<span style=\"color: #333333;\">* Resultados visibles en 3 semanas.<\/span><\/h3>\n<p>[\/vc_column_text][\/vc_column][\/vc_row][vc_row full_width=&#8221;stretch_row&#8221; parallax=&#8221;content-moving&#8221; parallax_image=&#8221;14071&#8243; el_id=&#8221;solucionesoraclecloud&#8221;][vc_column][vc_empty_space height=&#8221;16px&#8221;][vc_column_text css_animation=&#8221;fadeInDown&#8221;]<\/p>\n<h2 style=\"text-align: center;\"><span style=\"color: #ffffff;\"><strong>Agentes Oracle AI Disponibles<\/strong><\/span><\/h2>\n<p>[\/vc_column_text][vc_row_inner][vc_column_inner width=&#8221;1\/5&#8243;][vc_single_image image=&#8221;42761&#8243; img_size=&#8221;100&#215;100&#8243; alignment=&#8221;center&#8221; css_animation=&#8221;none&#8221;][vc_column_text css_animation=&#8221;fadeInUp&#8221;]<\/p>\n<h3 style=\"text-align: center;\"><span style=\"color: #ffffff;\">Agente de Cuentas por Pagar (AP Bot)<\/span><\/h3>\n<p>[\/vc_column_text][\/vc_column_inner][vc_column_inner width=&#8221;1\/5&#8243;][vc_single_image image=&#8221;42785&#8243; img_size=&#8221;100&#215;100&#8243; alignment=&#8221;center&#8221;][vc_column_text css_animation=&#8221;fadeInUp&#8221;]<\/p>\n<h3 style=\"text-align: center;\"><span style=\"color: #ffffff;\">Agente de Requisiciones Inteligentes (Procurement Bot)<\/span><\/h3>\n<p>[\/vc_column_text][\/vc_column_inner][vc_column_inner width=&#8221;1\/5&#8243;][vc_single_image image=&#8221;42749&#8243; img_size=&#8221;100&#215;100&#8243; alignment=&#8221;center&#8221;][vc_column_text css_animation=&#8221;fadeInUp&#8221;]<\/p>\n<h3 style=\"text-align: center;\"><span style=\"color: #ffffff;\">Agente de Finanzas Predictivas<\/span><\/h3>\n<p>[\/vc_column_text][\/vc_column_inner][vc_column_inner width=&#8221;1\/5&#8243;][vc_single_image image=&#8221;42773&#8243; img_size=&#8221;100&#215;100&#8243; alignment=&#8221;center&#8221;][vc_column_text css_animation=&#8221;fadeInUp&#8221;]<\/p>\n<h3 style=\"text-align: center;\"><span style=\"color: #ffffff;\">Agente de Gesti\u00f3n del Talento (HCM)<\/span><\/h3>\n<p>[\/vc_column_text][\/vc_column_inner][vc_column_inner width=&#8221;1\/5&#8243;][vc_single_image image=&#8221;42809&#8243; img_size=&#8221;100&#215;100&#8243; alignment=&#8221;center&#8221;][vc_column_text css_animation=&#8221;fadeInUp&#8221;]<\/p>\n<h3 style=\"text-align: center;\"><span style=\"color: #ffffff;\">Agente de Soporte al Usuario<\/span><\/h3>\n<p>[\/vc_column_text][\/vc_column_inner][\/vc_row_inner][\/vc_column][\/vc_row][vc_row full_width=&#8221;stretch_row&#8221; content_placement=&#8221;top&#8221;][vc_column][vc_column_text]<\/p>\n<h2 style=\"text-align: center;\"><strong><span style=\"color: #ff7600;\">Experiencias reales de nuestros clientes<\/span><\/strong><\/h2>\n<h3 style=\"text-align: center;\"><a href=\"https:\/\/www.ataway.com\/es-mx\/clientes\/\"> <span style=\"color: #ff7600; text-decoration: underline;\"> Lee todos los casos de \u00e9xito<br \/>\n<\/span><br \/>\n<\/a><\/h3>\n<p>[\/vc_column_text][vc_row_inner content_placement=&#8221;middle&#8221;][vc_column_inner width=&#8221;1\/2&#8243;][vc_single_image image=&#8221;42831&#8243; img_size=&#8221;large&#8221; alignment=&#8221;center&#8221; onclick=&#8221;custom_link&#8221;][\/vc_column_inner][vc_column_inner width=&#8221;1\/2&#8243;][vc_column_text]<i><span data-contrast=\"auto\"><img loading=\"lazy\" decoding=\"async\" class=\"alignnone size-medium wp-image-35108\" src=\"https:\/\/www.ataway.com\/wp-content\/uploads\/2024\/05\/Laureate_International_Universities_Logo-Valeria-Pena-300x75.png\" alt=\"\" width=\"300\" height=\"75\" srcset=\"https:\/\/www.ataway.com\/wp-content\/uploads\/2024\/05\/Laureate_International_Universities_Logo-Valeria-Pena-300x75.png 300w, https:\/\/www.ataway.com\/wp-content\/uploads\/2024\/05\/Laureate_International_Universities_Logo-Valeria-Pena-150x37.png 150w, https:\/\/www.ataway.com\/wp-content\/uploads\/2024\/05\/Laureate_International_Universities_Logo-Valeria-Pena-480x120.png 480w, https:\/\/www.ataway.com\/wp-content\/uploads\/2024\/05\/Laureate_International_Universities_Logo-Valeria-Pena.png 662w\" sizes=\"auto, (max-width:767px) 300px, 300px\" \/><\/span><\/i><\/p>\n<p><em><span class=\"TextRun SCXW88570542 BCX0\" lang=\"ES-AR\" xml:lang=\"ES-AR\" data-contrast=\"auto\"><span class=\"NormalTextRun SCXW88570542 BCX0\"><strong><span class=\"TextRun SCXW71530737 BCX0\" lang=\"ES-AR\" xml:lang=\"ES-AR\" data-contrast=\"auto\"><span class=\"NormalTextRun CommentStart SCXW71530737 BCX0\">Laureate \u2013 Implementaci\u00f3n de Agentes Oracle AI<\/span><\/span><\/strong><br \/>\n<span class=\"TextRun SCXW31184520 BCX0\" lang=\"ES-AR\" xml:lang=\"ES-AR\" data-contrast=\"auto\"><span class=\"NormalTextRun SCXW31184520 BCX0\">En el caso de Laureate, se ha implementado Oracle Fusion Cloud con la habilitaci\u00f3n completa de las capacidades de Inteligencia Artificial generativa y descriptiva disponibles de forma nativa en la plataforma. Esta habilitaci\u00f3n ha permitido sentar las bases para <strong>aplicar agentes inteligentes<\/strong> como el <strong>Benefits Analyst<\/strong> y <strong>Leave and Absence Analyst,<\/strong> los cuales est\u00e1n en proceso de activaci\u00f3n.<\/span><\/span><span class=\"EOP SCXW31184520 BCX0\" data-ccp-props=\"{&quot;134233117&quot;:true,&quot;134233118&quot;:true,&quot;201341983&quot;:0,&quot;335559685&quot;:360,&quot;335559740&quot;:240}\">\u00a0<\/span><br \/>\n<\/span><\/span><\/em><\/p>\n<p><strong>Lee el caso completo<\/strong>[\/vc_column_text][\/vc_column_inner][\/vc_row_inner][\/vc_column][\/vc_row][vc_row el_id=&#8221;contactooracle&#8221;][vc_column width=&#8221;1\/2&#8243;][vc_column_text]<\/p>\n<h2><strong><span style=\"color: #ff7600;\">\u00bfC\u00f3mo activar los agentes Oracle AI?<\/span><\/strong><\/h2>\n<h3><span style=\"color: #333333;\">1. Reg\u00edstrate en esta p\u00e1gina<\/span><\/h3>\n<h3><span style=\"color: #333333;\">2. Agenda tu diagn\u00f3stico gratuito (1 hora)<\/span><\/h3>\n<h3><span style=\"color: #333333;\">3. Selecciona tus agentes IA (Hasta 3 agentes)<\/span><\/h3>\n<h3><span style=\"color: #333333;\">4. Ejecutamos la implementaci\u00f3n<\/span><\/h3>\n<h3><span style=\"color: #333333;\">5. Recibe un informe de impacto a 30 d\u00edas<\/span><\/h3>\n<p>[\/vc_column_text][\/vc_column][vc_column width=&#8221;1\/2&#8243;]\n<div class=\"wpcf7 no-js\" id=\"wpcf7-f11751-o1\" lang=\"en\" dir=\"ltr\" data-wpcf7-id=\"11751\">\n<div class=\"screen-reader-response\"><p role=\"status\" aria-live=\"polite\" aria-atomic=\"true\"><\/p> <ul><\/ul><\/div>\n<form action=\"\/es-mx\/wp-json\/wp\/v2\/pages\/42730#wpcf7-f11751-o1\" method=\"post\" class=\"wpcf7-form init\" aria-label=\"Formulario de contacto\" novalidate=\"novalidate\" data-status=\"init\">\n<fieldset class=\"hidden-fields-container\"><input type=\"hidden\" name=\"_wpcf7\" value=\"11751\" \/><input type=\"hidden\" name=\"_wpcf7_version\" value=\"6.1.2\" \/><input type=\"hidden\" name=\"_wpcf7_locale\" value=\"en\" \/><input type=\"hidden\" name=\"_wpcf7_unit_tag\" value=\"wpcf7-f11751-o1\" \/><input type=\"hidden\" name=\"_wpcf7_container_post\" value=\"0\" \/><input type=\"hidden\" name=\"_wpcf7_posted_data_hash\" value=\"\" \/><input type=\"hidden\" name=\"_wpcf7_recaptcha_response\" value=\"\" \/>\n<\/fieldset>\n<div class=\"contact-form\">\n\t<p><label><span style=\"color: #333333;\"> Nombre completo<br \/>\n<span class=\"wpcf7-form-control-wrap\" data-name=\"your-name\"><input size=\"40\" maxlength=\"400\" class=\"wpcf7-form-control wpcf7-text\" aria-invalid=\"false\" value=\"\" type=\"text\" name=\"your-name\" \/><\/span> <\/span><\/label><br \/>\n<label><span style=\"color: #333333;\"> Direcci\u00f3n de Email*<br \/>\n<span class=\"wpcf7-form-control-wrap\" data-name=\"your-email\"><input size=\"40\" maxlength=\"400\" class=\"wpcf7-form-control wpcf7-email wpcf7-validates-as-required wpcf7-text wpcf7-validates-as-email\" aria-required=\"true\" aria-invalid=\"false\" value=\"\" type=\"email\" name=\"your-email\" \/><\/span> <\/span><\/label><br \/>\n<label><span style=\"color: #333333;\"> Consulta<br \/>\n<span class=\"wpcf7-form-control-wrap\" data-name=\"inquiry\"><select class=\"wpcf7-form-control wpcf7-select\" aria-invalid=\"false\" name=\"inquiry\"><option value=\"Seleccionar una opci\u00f3n\">Seleccionar una opci\u00f3n<\/option><option value=\"Solicitar Informaci\u00f3n\/Propuesta\">Solicitar Informaci\u00f3n\/Propuesta<\/option><option value=\"Alianzas\/Asociaciones\">Alianzas\/Asociaciones<\/option><option value=\"Empleos\/RH\">Empleos\/RH<\/option><option value=\"Media\">Media<\/option><option value=\"Problema T\u00e9cnico\">Problema T\u00e9cnico<\/option><option value=\"Otro\">Otro<\/option><\/select><\/span><\/span><\/label><br \/>\n<label> <span style=\"color: #333333;\">Asunto*<br \/>\n<span class=\"wpcf7-form-control-wrap\" data-name=\"your-subject\"><input size=\"40\" maxlength=\"400\" class=\"wpcf7-form-control wpcf7-text wpcf7-validates-as-required\" aria-required=\"true\" aria-invalid=\"false\" value=\"\" type=\"text\" name=\"your-subject\" \/><\/span> <\/span><\/label>\n\t<\/p>\n<\/div>\n<div class=\"contact-form\">\n\t<p><label><span style=\"color: #333333;\"> Mensaje*<br \/>\n<span class=\"wpcf7-form-control-wrap\" data-name=\"your-message\"><textarea cols=\"40\" rows=\"10\" maxlength=\"2000\" class=\"wpcf7-form-control wpcf7-textarea wpcf7-validates-as-required\" aria-required=\"true\" aria-invalid=\"false\" name=\"your-message\"><\/textarea><\/span> <\/span><\/label>\n\t<\/p>\n\t<p><span class=\"wpcf7-form-control-wrap\" data-name=\"PrivacyPolicy\"><span class=\"wpcf7-form-control wpcf7-acceptance\"><span class=\"wpcf7-list-item\"><label><input type=\"checkbox\" name=\"PrivacyPolicy\" value=\"1\" aria-invalid=\"false\" \/><span class=\"wpcf7-list-item-label\"><span style=\"color: #333333;\"> He le\u00eddo y acepto la <a rel=\"nofollow\" href=\"https:\/\/www.ataway.com\/es-mx\/privacy-policy\/\"> Pol\u00edtica de Privacidad de Ataway Mexico<\/a>.<\/span><\/label><\/span><\/span><\/span><br \/>\n\t\n\t<\/p>\n\t<p><input class=\"wpcf7-form-control wpcf7-submit has-spinner\" type=\"submit\" value=\"Enviar\" \/>\n\t<\/p>\n\t<p>*Este sitio est\u00e1 protegido por reCAPTCHA y se aplican la <a href=\"https:\/\/policies.google.com\/privacy\">Pol\u00edtica de Privacidad<\/a> y los <a href=\"https:\/\/policies.google.com\/terms\">T\u00e9rminos de Servicio<\/a> de Google.\n\t<\/p>\n<\/div><div class=\"wpcf7-response-output\" aria-hidden=\"true\"><\/div>\n<\/form>\n<\/div>\n[\/vc_column][\/vc_row][vc_row full_width=&#8221;stretch_row&#8221; parallax=&#8221;content-moving&#8221; parallax_image=&#8221;42030&#8243;][vc_column][vc_column_text]<\/p>\n<h3><span style=\"color: #333333;\">Preguntas Frecuentes<\/span><\/h3>\n<p>[\/vc_column_text][vc_toggle title=&#8221;\u00bfQu\u00e9 incluye exactamente el programa de IA sin costo?&#8221; open=&#8221;true&#8221;]Incluye la habilitaci\u00f3n gratuita de hasta 3 agentes de inteligencia artificial dentro de Oracle Fusion Cloud, enfocados en procesos espec\u00edficos como Finanzas, Compras o Talento. Ataway cubre la implementaci\u00f3n, configuraci\u00f3n y capacitaci\u00f3n sin costo adicional para el cliente.[\/vc_toggle][vc_toggle title=&#8221;\u00bfQu\u00e9 requisitos t\u00e9cnicos debo cumplir para habilitar los agentes Oracle AI?&#8221; open=&#8221;true&#8221;]Tu empresa debe contar con Oracle Fusion Cloud en versi\u00f3n 22C o superior, acceso a un entorno sandbox para pruebas y designar un responsable interno del proyecto.[\/vc_toggle][vc_toggle title=&#8221;\u00bfEste programa est\u00e1 limitado a ciertos m\u00f3dulos de Oracle Fusion Cloud?&#8221; open=&#8221;true&#8221;]No. Los agentes pueden implementarse en m\u00f3dulos de <strong data-start=\"1337\" data-end=\"1354\">ERP, HCM, SCM<\/strong> y m\u00e1s. La elecci\u00f3n de los agentes depender\u00e1 de tus prioridades operativas.[\/vc_toggle][vc_toggle title=&#8221;\u00bfCu\u00e1nto tiempo dura la implementaci\u00f3n de los agentes Oracle AI? \u00bfQu\u00e9 tan r\u00e1pido puedo ver resultados?&#8221; open=&#8221;true&#8221;]En la mayor\u00eda de los casos, la implementaci\u00f3n tarda entre 2 a 4 semanas. El impacto puede medirse desde los primeros 30 d\u00edas mediante indicadores como reducci\u00f3n de tiempos, automatizaci\u00f3n de tareas y precisi\u00f3n en decisiones.[\/vc_toggle][vc_toggle title=&#8221;\u00bfOracle cobra alguna licencia por estos agentes?&#8221; open=&#8221;true&#8221;]<\/p>\n<p data-start=\"1714\" data-end=\"1984\">Actualmente, la habilitaci\u00f3n es sin costo por parte de Ataway. En caso de que Oracle introduzca licencias adicionales en versiones futuras, se te informar\u00e1 previamente antes de activar cualquier componente nuevo.<\/p>\n<p>[\/vc_toggle][vc_toggle title=&#8221;\u00bfQu\u00e9 tan seguros son estos agentes? \u00bfPueden afectar mis datos?&#8221; open=&#8221;true&#8221;]Los agentes est\u00e1n completamente integrados dentro del entorno de Oracle Fusion Cloud, cumpliendo con los m\u00e1s altos est\u00e1ndares de seguridad, privacidad y compliance. No afectan tus procesos actuales ni sustituyen funciones cr\u00edticas sin validaci\u00f3n previa.[\/vc_toggle][vc_toggle title=&#8221;\u00bfQu\u00e9 metodolog\u00eda usan en los proyectos?&#8221; open=&#8221;true&#8221;]<span class=\"TextRun SCXW70993876 BCX0\" lang=\"ES-AR\" xml:lang=\"ES-AR\" data-contrast=\"auto\"><span class=\"NormalTextRun SCXW70993876 BCX0\">Utilizamos <\/span><\/span><span class=\"TextRun SCXW70993876 BCX0\" lang=\"ES-AR\" xml:lang=\"ES-AR\" data-contrast=\"auto\"><span class=\"NormalTextRun SpellingErrorV2Themed SCXW70993876 BCX0\">SurePath<\/span><\/span><span class=\"TextRun SCXW70993876 BCX0\" lang=\"ES-AR\" xml:lang=\"ES-AR\" data-contrast=\"auto\"><span class=\"NormalTextRun SCXW70993876 BCX0\">, nuestra metodolog\u00eda \u00e1gil propia, que se adapta a cada proyecto y pr\u00e1ctica. Integra desarrollo iterativo, UX centrada en el usuario<\/span><span class=\"NormalTextRun SCXW70993876 BCX0\"> y<\/span><span class=\"NormalTextRun SCXW70993876 BCX0\"> validaci\u00f3n continua junto al cliente para asegurar resultados alineados al negocio.<\/span><\/span>[\/vc_toggle][vc_toggle title=&#8221;\u00bfBrindan soporte despu\u00e9s del lanzamiento?&#8221; open=&#8221;true&#8221;]<span class=\"TextRun SCXW216018890 BCX0\" lang=\"ES-AR\" xml:lang=\"ES-AR\" data-contrast=\"auto\"><span class=\"NormalTextRun SCXW216018890 BCX0\">S\u00ed. Ofrecemos soporte t\u00e9cnico<\/span><span class=\"NormalTextRun SCXW216018890 BCX0\"> en Latinoam\u00e9rica<\/span><span class=\"NormalTextRun SCXW216018890 BCX0\">, mantenimiento evolutivo, gesti\u00f3n de incidentes y acuerdos SLA personalizados.<\/span><\/span><span class=\"EOP SCXW216018890 BCX0\" data-ccp-props=\"{&quot;335559738&quot;:240,&quot;335559739&quot;:240}\">\u00a0<\/span>[\/vc_toggle][vc_toggle title=&#8221;\u00bfQu\u00e9 sucede despu\u00e9s de finalizar la implementaci\u00f3n de agentes Oracle AI sin costo?&#8221; open=&#8221;true&#8221;]Al terminar la implementaci\u00f3n, recibir\u00e1s un informe de resultados y recomendaciones. Si decides continuar o escalar el uso de IA, Ataway puede ayudarte con una propuesta formal de extensi\u00f3n o integraci\u00f3n avanzada.[\/vc_toggle][vc_empty_space][\/vc_column][\/vc_row]<\/p>\n<\/div>","protected":false},"excerpt":{"rendered":"<p>[vc_row full_width=&#8221;stretch_row&#8221; full_height=&#8221;yes&#8221; content_placement=&#8221;middle&#8221; parallax=&#8221;content-moving&#8221; parallax_image=&#8221;17356&#8243; css=&#8221;.vc_custom_1695132204337{background-color: #eaeaea !important;}&#8221;][vc_column][vc_empty_space height=&#8221;100&#8243;][vc_row_inner][vc_column_inner width=&#8221;2\/3&#8243;][vc_column_text] Transforma tu operaci\u00f3n con agentes AI sin costo en Oracle Fusion Cloud\u00a0 [\/vc_column_text][vc_column_text] Habilita hasta<span class=\"excerpt-hellip\"> [\u2026]<\/span><\/p>\n","protected":false},"author":6,"featured_media":0,"parent":17665,"menu_order":0,"comment_status":"closed","ping_status":"closed","template":"","meta":{"footnotes":""},"class_list":["post-42730","page","type-page","status-publish","hentry"],"_links":{"self":[{"href":"https:\/\/www.ataway.com\/es-mx\/wp-json\/wp\/v2\/pages\/42730","targetHints":{"allow":["GET"]}}],"collection":[{"href":"https:\/\/www.ataway.com\/es-mx\/wp-json\/wp\/v2\/pages"}],"about":[{"href":"https:\/\/www.ataway.com\/es-mx\/wp-json\/wp\/v2\/types\/page"}],"author":[{"embeddable":true,"href":"https:\/\/www.ataway.com\/es-mx\/wp-json\/wp\/v2\/users\/6"}],"replies":[{"embeddable":true,"href":"https:\/\/www.ataway.com\/es-mx\/wp-json\/wp\/v2\/comments?post=42730"}],"version-history":[{"count":21,"href":"https:\/\/www.ataway.com\/es-mx\/wp-json\/wp\/v2\/pages\/42730\/revisions"}],"predecessor-version":[{"id":42845,"href":"https:\/\/www.ataway.com\/es-mx\/wp-json\/wp\/v2\/pages\/42730\/revisions\/42845"}],"up":[{"embeddable":true,"href":"https:\/\/www.ataway.com\/es-mx\/wp-json\/wp\/v2\/pages\/17665"}],"wp:attachment":[{"href":"https:\/\/www.ataway.com\/es-mx\/wp-json\/wp\/v2\/media?parent=42730"}],"curies":[{"name":"wp","href":"https:\/\/api.w.org\/{rel}","templated":true}]}}