{"id":41083,"date":"2025-03-27T10:55:22","date_gmt":"2025-03-27T13:55:22","guid":{"rendered":"https:\/\/www.ataway.com\/?page_id=41083"},"modified":"2025-04-28T11:42:21","modified_gmt":"2025-04-28T14:42:21","slug":"oracle-peoplesoft","status":"publish","type":"page","link":"https:\/\/www.ataway.com\/es-mx\/soluciones\/oracle-peoplesoft\/","title":{"rendered":"Oracle Peoplesoft"},"content":{"rendered":"<div class=\"wpb-content-wrapper\"><p>[vc_row full_width=&#8221;stretch_row&#8221; full_height=&#8221;yes&#8221; content_placement=&#8221;middle&#8221; parallax=&#8221;content-moving&#8221; parallax_image=&#8221;41221&#8243; css=&#8221;.vc_custom_1745849889100{background-color: #eaeaea !important;}&#8221;][vc_column][vc_empty_space height=&#8221;100&#8243;][vc_row_inner][vc_column_inner width=&#8221;2\/3&#8243;][vc_column_text]<\/p>\n<h1><span style=\"color: #ffffff;\"><strong>Oracle PeopleSoft: Maximiza su potencial con soporte especializado y capacitaci\u00f3n personalizada<\/strong><\/span><\/h1>\n<p>[\/vc_column_text][vc_column_text]<\/p>\n<h3><span style=\"color: #ffffff;\"><em>Si tu empresa utiliza Oracle PeopleSoft, nuestro equipo de especialistas est\u00e1 listo para ofrecer soporte t\u00e9cnico y funcional, capacitaci\u00f3n y consultor\u00eda. Con experiencia y un conocimiento profundo, te ayudamos a resolver problemas, optimizar procesos y fortalecer a tu equipo para aprovechar al m\u00e1ximo el sistema, siguiendo las mejores pr\u00e1cticas \u00e1giles.<\/em><\/span><\/h3>\n<p>[\/vc_column_text][vc_btn title=&#8221;Conhe\u00e7a todas as nossas solu\u00e7\u00f5es!&#8221; style=&#8221;outline&#8221; color=&#8221;white&#8221; size=&#8221;lg&#8221; css_animation=&#8221;bounceIn&#8221; link=&#8221;url:%23solucionesoraclecloud|||&#8221;][\/vc_column_inner][vc_column_inner width=&#8221;1\/3&#8243;][\/vc_column_inner][\/vc_row_inner][vc_icon type=&#8221;entypo&#8221; icon_entypo=&#8221;entypo-icon entypo-icon-down-open-big&#8221; color=&#8221;white&#8221; background_style=&#8221;rounded&#8221; background_color=&#8221;custom&#8221; size=&#8221;sm&#8221; align=&#8221;center&#8221; custom_background_color=&#8221;rgba(10,10,10,0.56)&#8221; el_class=&#8221;scroller-cursor-pointer&#8221;][\/vc_column][\/vc_row][vc_row full_width=&#8221;stretch_row&#8221; parallax=&#8221;content-moving&#8221; parallax_image=&#8221;40378&#8243;][vc_column][vc_column_text]<\/p>\n<h2 style=\"text-align: center;\"><span style=\"color: #ed7502;\"><strong>Gesti\u00f3n Completa con Oracle PeopleSoft<\/strong><\/span><\/h2>\n<p>[\/vc_column_text][vc_column_text]<\/p>\n<h3 style=\"text-align: center;\"><span style=\"color: #333333;\"><strong>Oracle PeopleSoft<\/strong> ofrece soluciones robustas para gestionar todo el ciclo de vida de los colaboradores, desde la contrataci\u00f3n hasta el desarrollo continuo, con procesos \u00e1giles y eficientes.<\/span><\/h3>\n<p>&nbsp;<\/p>\n<p><a href=\"https:\/\/www.ataway.com\/wp-content\/uploads\/2025\/03\/Oracle-Peoplesoft.png\"><img loading=\"lazy\" decoding=\"async\" class=\"aligncenter wp-image-41156\" src=\"https:\/\/www.ataway.com\/wp-content\/uploads\/2025\/03\/Oracle-Peoplesoft.png\" alt=\"Oracle Peoplesoft\" width=\"600\" height=\"600\" \/><\/a>[\/vc_column_text][vc_row_inner][vc_column_inner][vc_column_text]<\/p>\n<h2 style=\"text-align: center;\"><a href=\"https:\/\/www.ataway.com\/es-mx\/contacto\/\"><strong><span style=\"color: #ed7502;\">\u00a1Habla con nuestros especialistas!<\/span><\/strong><\/a><\/h2>\n<h3 style=\"text-align: center;\" data-start=\"93\" data-end=\"166\"><span style=\"color: #333333;\"><strong data-start=\"97\" data-end=\"166\">Agenda una demostraci\u00f3n personalizada y descubre c\u00f3mo podemos ayudarte.<\/strong><\/span><\/h3>\n<p>[\/vc_column_text][vc_btn title=&#8221;Agendar ahora!&#8221; style=&#8221;outline&#8221; color=&#8221;warning&#8221; size=&#8221;lg&#8221; align=&#8221;center&#8221; link=&#8221;url:https%3A%2F%2Fwww.ataway.com%2Fes-mx%2Fcontacto%2F|title:Agendar%20ahora!&#8221;][vc_empty_space][\/vc_column_inner][\/vc_row_inner][\/vc_column][\/vc_row]<\/p>\n<\/div>","protected":false},"excerpt":{"rendered":"<p>[vc_row full_width=&#8221;stretch_row&#8221; full_height=&#8221;yes&#8221; content_placement=&#8221;middle&#8221; parallax=&#8221;content-moving&#8221; parallax_image=&#8221;41221&#8243; css=&#8221;.vc_custom_1745849889100{background-color: #eaeaea !important;}&#8221;][vc_column][vc_empty_space height=&#8221;100&#8243;][vc_row_inner][vc_column_inner width=&#8221;2\/3&#8243;][vc_column_text] Oracle PeopleSoft: Maximiza su potencial con soporte especializado y capacitaci\u00f3n personalizada [\/vc_column_text][vc_column_text] Si tu empresa<span class=\"excerpt-hellip\"> [\u2026]<\/span><\/p>\n","protected":false},"author":6,"featured_media":0,"parent":11868,"menu_order":0,"comment_status":"closed","ping_status":"closed","template":"","meta":{"footnotes":""},"class_list":["post-41083","page","type-page","status-publish","hentry"],"_links":{"self":[{"href":"https:\/\/www.ataway.com\/es-mx\/wp-json\/wp\/v2\/pages\/41083","targetHints":{"allow":["GET"]}}],"collection":[{"href":"https:\/\/www.ataway.com\/es-mx\/wp-json\/wp\/v2\/pages"}],"about":[{"href":"https:\/\/www.ataway.com\/es-mx\/wp-json\/wp\/v2\/types\/page"}],"author":[{"embeddable":true,"href":"https:\/\/www.ataway.com\/es-mx\/wp-json\/wp\/v2\/users\/6"}],"replies":[{"embeddable":true,"href":"https:\/\/www.ataway.com\/es-mx\/wp-json\/wp\/v2\/comments?post=41083"}],"version-history":[{"count":8,"href":"https:\/\/www.ataway.com\/es-mx\/wp-json\/wp\/v2\/pages\/41083\/revisions"}],"predecessor-version":[{"id":41233,"href":"https:\/\/www.ataway.com\/es-mx\/wp-json\/wp\/v2\/pages\/41083\/revisions\/41233"}],"up":[{"embeddable":true,"href":"https:\/\/www.ataway.com\/es-mx\/wp-json\/wp\/v2\/pages\/11868"}],"wp:attachment":[{"href":"https:\/\/www.ataway.com\/es-mx\/wp-json\/wp\/v2\/media?parent=41083"}],"curies":[{"name":"wp","href":"https:\/\/api.w.org\/{rel}","templated":true}]}}