{"id":35455,"date":"2024-06-14T12:42:06","date_gmt":"2024-06-14T15:42:06","guid":{"rendered":"https:\/\/www.ataway.com\/?page_id=35455"},"modified":"2024-07-22T17:53:27","modified_gmt":"2024-07-22T20:53:27","slug":"oracle-hcm-now","status":"publish","type":"page","link":"https:\/\/www.ataway.com\/es-mx\/soluciones\/oracle-hcm-now\/","title":{"rendered":"Oracle HCM Now Spanish"},"content":{"rendered":"<div class=\"wpb-content-wrapper\"><p>[vc_row full_width=&#8221;stretch_row&#8221; full_height=&#8221;yes&#8221; content_placement=&#8221;middle&#8221; parallax=&#8221;content-moving&#8221; parallax_image=&#8221;35498&#8243; css=&#8221;.vc_custom_1718392784386{background-color: #eaeaea !important;}&#8221;][vc_column][vc_empty_space height=&#8221;100&#8243;][vc_row_inner][vc_column_inner width=&#8221;2\/3&#8243;][vc_column_text]<\/p>\n<h1><span style=\"color: #ffffff;\"><strong>Oracle HCM Now:<br \/>\nGesti\u00f3n de RRHH, independiente<br \/>\ndel tama\u00f1o de su empresa.<\/strong><\/span><\/h1>\n<p>[\/vc_column_text][vc_column_text]<\/p>\n<h2><span style=\"color: #ffffff;\"><em>Obtenga un comienzo r\u00e1pido y sencillo<br \/>\nhacia el valor exponencial.<\/em><\/span><\/h2>\n<p>[\/vc_column_text][\/vc_column_inner][vc_column_inner width=&#8221;1\/3&#8243;][vc_btn title=&#8221;ENGLISH&#8221; style=&#8221;classic&#8221; shape=&#8221;round&#8221; color=&#8221;white&#8221; link=&#8221;url:https%3A%2F%2Fwww.ataway.com%2Fes-mx%2Fsoluciones%2Foracle-hcm-now-english%2F&#8221;][\/vc_column_inner][\/vc_row_inner][vc_btn title=&#8221;Descarga E-book Espa\u00f1ol&#8221; style=&#8221;outline&#8221; color=&#8221;white&#8221; size=&#8221;lg&#8221; css_animation=&#8221;bounceIn&#8221; link=&#8221;url:https%3A%2F%2Fwww.ataway.com%2Fes-mx%2Fsoluciones%2Foracle-hcm-now%2Foracle-hcm-now-e-book-espanol%2F&#8221;][vc_btn title=&#8221;Download E-Book English&#8221; style=&#8221;outline&#8221; color=&#8221;white&#8221; size=&#8221;lg&#8221; css_animation=&#8221;bounceIn&#8221; link=&#8221;url:https%3A%2F%2Fwww.ataway.com%2Fes-mx%2Fsoluciones%2Foracle-hcm-now%2Foracle-hcm-now-e-book-english%2F&#8221; css=&#8221;.vc_custom_1721681604463{margin-left: 12px !important;border-left-width: 12px !important;padding-left: 12px !important;}&#8221;][vc_icon type=&#8221;entypo&#8221; icon_entypo=&#8221;entypo-icon entypo-icon-down-open-big&#8221; color=&#8221;white&#8221; background_style=&#8221;rounded&#8221; background_color=&#8221;custom&#8221; size=&#8221;sm&#8221; align=&#8221;center&#8221; custom_background_color=&#8221;rgba(10,10,10,0.56)&#8221; el_class=&#8221;#scroller-second-frame&#8221;][\/vc_column][\/vc_row][vc_row full_width=&#8221;stretch_row&#8221; content_placement=&#8221;middle&#8221; css=&#8221;.vc_custom_1560523572547{background-color: #ffffff !important;}&#8221; el_id=&#8221;scroller-second-frame&#8221;][vc_column][vc_empty_space height=&#8221;16&#8243;][vc_row_inner][vc_column_inner][vc_column_text css_animation=&#8221;fadeInDown&#8221; el_class=&#8221;big&#8221;]<\/p>\n<h3 id=\"tw-target-text\" class=\"tw-data-text tw-text-large tw-ta\" dir=\"ltr\" data-placeholder=\"Translation\"><span style=\"color: #333333;\"><strong>\u00bfQu\u00e9 es Oracle HCM Now? <\/strong>Es un programa de implementaci\u00f3n dirigido a medianas empresas que permite obtener beneficios r\u00e1pidamente al establecer las <strong>funciones esenciales de Recursos Humanos<\/strong> en <strong>solo seis meses<\/strong>. Facilita la implementaci\u00f3n r\u00e1pida de una soluci\u00f3n integral y unificada de <strong>Gesti\u00f3n del Capital Humano (HCM)<\/strong> en la nube, lo que ayuda a atraer, retener y capacitar a los empleados m\u00e1s talentosos.<\/span><\/h3>\n<p>[\/vc_column_text][\/vc_column_inner][\/vc_row_inner][vc_column_text css_animation=&#8221;fadeInDown&#8221;]<\/p>\n<h2><span style=\"color: #333333;\"><strong>Con Oracle HCM Now y Ataway usted podr\u00e1:<\/strong><\/span><\/h2>\n<p>[\/vc_column_text][vc_row_inner][vc_column_inner width=&#8221;1\/3&#8243;][vc_single_image image=&#8221;31104&#8243; img_size=&#8221;210X210&#8243; alignment=&#8221;center&#8221; css_animation=&#8221;fadeInUp&#8221; css=&#8221;.vc_custom_1718392874708{margin-bottom: -16px !important;border-bottom-width: -16px !important;padding-bottom: -16px !important;}&#8221;][vc_column_text css_animation=&#8221;fadeInUp&#8221; el_class=&#8221;big&#8221;]<\/p>\n<h4 style=\"text-align: center;\"><span style=\"color: #ff7600;\"><strong>GENERAR RENTABILIDAD R\u00c1PIDAMENTE<\/strong><\/span><\/h4>\n<h4 style=\"text-align: left;\"><span style=\"color: #eb7932;\"><span style=\"color: #333333;\">Ponte en marcha en un plazo tan solo de seis meses con paquetes de implementaci\u00f3n de tarifa plana.<\/span><br \/>\n<\/span><\/h4>\n<p>[\/vc_column_text][\/vc_column_inner][vc_column_inner width=&#8221;1\/3&#8243;][vc_single_image image=&#8221;35510&#8243; img_size=&#8221;210X210&#8243; alignment=&#8221;center&#8221; css_animation=&#8221;fadeInUp&#8221; css=&#8221;.vc_custom_1718394986514{margin-bottom: -16px !important;border-bottom-width: -16px !important;padding-bottom: -16px !important;}&#8221;][vc_column_text css_animation=&#8221;fadeInUp&#8221; el_class=&#8221;big&#8221;]<\/p>\n<h4 style=\"text-align: center;\"><span style=\"color: #ff7600;\"><strong>REDUCIR COSTOS Y AHORRO DE TIEMPO<\/strong><\/span><\/h4>\n<h4><span style=\"color: #333333;\">Elimina la compleja colecci\u00f3n de sistemas y las integraciones que requieren.<\/span><\/h4>\n<p>[\/vc_column_text][\/vc_column_inner][vc_column_inner width=&#8221;1\/3&#8243;][vc_single_image image=&#8221;35522&#8243; img_size=&#8221;210X210&#8243; alignment=&#8221;center&#8221; css_animation=&#8221;fadeInUp&#8221; css=&#8221;.vc_custom_1718395029407{margin-bottom: -16px !important;border-bottom-width: -16px !important;padding-bottom: -16px !important;}&#8221;][vc_column_text css_animation=&#8221;fadeInUp&#8221; el_class=&#8221;big&#8221;]<\/p>\n<h4 style=\"text-align: center;\"><strong><span style=\"color: #ff7600;\">ADOPTAR F\u00c1CILMENTE LO QUE NECESITAS<\/span><\/strong><\/h4>\n<h4><span style=\"color: #333333;\">Obt\u00e9n una soluci\u00f3n de HCM unificada y completa que nunca se quedar\u00e1 corta.<\/span><\/h4>\n<p>[\/vc_column_text][\/vc_column_inner][\/vc_row_inner][\/vc_column][\/vc_row][vc_row full_width=&#8221;stretch_row&#8221; parallax=&#8221;content-moving&#8221; parallax_image=&#8221;14071&#8243; el_id=&#8221;solucionesoraclecloud&#8221;][vc_column][vc_empty_space height=&#8221;16px&#8221;][vc_column_text css_animation=&#8221;fadeInDown&#8221;]<\/p>\n<h2 style=\"text-align: center;\"><span style=\"color: #ffffff;\"><strong>Una ruta de implementaci\u00f3n de HCM flexible y en tres pasos\u00a0<\/strong><\/span><\/h2>\n<p>[\/vc_column_text][vc_row_inner][vc_column_inner width=&#8221;1\/3&#8243;][vc_column_text css_animation=&#8221;fadeInUp&#8221;]<span style=\"color: #ffffff;\"><em><strong>#1 LAS BASES<\/strong><\/em><\/span><\/p>\n<p><span style=\"color: #ffffff;\"><em>Establezca bases s\u00f3lidas con los procesos esenciales e integrales de Administraci\u00f3n de Personal y selecci\u00f3n de personal. De esta forma, podr\u00e1 ofrecer orientaci\u00f3n personalizada y autoservicio a sus empleados, atraer al talento adecuado y ayudar a que los nuevos empleados se sientan bienvenidos y productivos desde el primer d\u00eda.<br \/>\n<\/em><\/span>[\/vc_column_text][\/vc_column_inner][vc_column_inner width=&#8221;1\/3&#8243;][vc_column_text css_animation=&#8221;fadeInUp&#8221;]<span style=\"color: #ffffff;\"><em><strong>#2 LA EXPANSI\u00d3N<\/strong><\/em><\/span><\/p>\n<p><span style=\"color: #ffffff;\"><em>Aproveche las excelentes herramientas de automatizaci\u00f3n y rendimiento para impulsar el crecimiento de tu talento, reducir las complejidades y optimizar las n\u00f3minas. Oracle te ayuda a simplificar la forma en que retribuyes a tu personal y te ofrece herramientas para proporcionar a los empleados autonom\u00eda y crecimiento.<\/em><\/span><\/p>\n<p>[\/vc_column_text][\/vc_column_inner][vc_column_inner width=&#8221;1\/3&#8243;][vc_column_text css_animation=&#8221;fadeInUp&#8221;]<span style=\"color: #ffffff;\"><em><strong>#3 EL VALOR A\u00d1ADIDO<\/strong><\/em><\/span><\/p>\n<p><span style=\"color: #ffffff;\"><em>Lleve su \u00e1rea de Administraci\u00f3n de Personal al siguiente nivel con niveles de visibilidad y control incluso mayores, lo cual le ayudar\u00e1 a mejorar las experiencias de sus empleados. Ofrezca a sus empleados un espacio para que se sientan escuchados y valorados al tiempo que optimice el gasto y la seguridad con controles m\u00e1s estrictos<\/em><\/span>[\/vc_column_text][\/vc_column_inner][\/vc_row_inner][vc_btn title=&#8221;\u00a1Cont\u00e1ctanos para m\u00e1s informaci\u00f3n!&#8221; style=&#8221;outline&#8221; color=&#8221;white&#8221; size=&#8221;lg&#8221; align=&#8221;center&#8221; css_animation=&#8221;bounceIn&#8221; css=&#8221;.vc_custom_1699037457585{margin-top: -32px !important;border-top-width: -32px !important;padding-top: -32px !important;}&#8221; link=&#8221;url:%23contactooraclecloud|||&#8221;][vc_empty_space][\/vc_column][\/vc_row][vc_row disable_element=&#8221;yes&#8221;][vc_column][vc_column_text css_animation=&#8221;fadeInDown&#8221;]<\/p>\n<h2 style=\"text-align: center;\"><span style=\"color: #333333;\"><strong>Casos de \u00c9xito<\/strong><\/span><\/h2>\n<p>[\/vc_column_text][vc_column_text css_animation=&#8221;fadeInUp&#8221;]<\/p>\n<h3 style=\"text-align: center;\"><span style=\"color: #333333;\"><em>Descubre c\u00f3mo otras empresas han transformado su negocio con Oracle Cloud y Ataway.<\/em><\/span><\/h3>\n<p>[\/vc_column_text][vc_basic_grid post_type=&#8221;post&#8221; max_items=&#8221;10&#8243; grid_id=&#8221;vc_gid:1721681576500-7c1dcdd4-8adc-4&#8243; taxonomies=&#8221;394&#8243;][\/vc_column][\/vc_row][vc_row el_id=&#8221;contactooraclecloud&#8221;][vc_column][vc_column_text css_animation=&#8221;fadeInDown&#8221;]<\/p>\n<h2 style=\"text-align: center;\"><span style=\"color: #333333;\"><strong>\u00a1Hablemos sobre su transformaci\u00f3n! <\/strong><\/span><\/h2>\n<p>[\/vc_column_text]\n<div class=\"wpcf7 no-js\" id=\"wpcf7-f36427-o1\" lang=\"es-MX\" dir=\"ltr\" data-wpcf7-id=\"36427\">\n<div class=\"screen-reader-response\"><p role=\"status\" aria-live=\"polite\" aria-atomic=\"true\"><\/p> <ul><\/ul><\/div>\n<form action=\"\/es-mx\/wp-json\/wp\/v2\/pages\/35455#wpcf7-f36427-o1\" method=\"post\" class=\"wpcf7-form init\" aria-label=\"Formulario de contacto\" novalidate=\"novalidate\" data-status=\"init\">\n<fieldset class=\"hidden-fields-container\"><input type=\"hidden\" name=\"_wpcf7\" value=\"36427\" \/><input type=\"hidden\" name=\"_wpcf7_version\" value=\"6.1.2\" \/><input type=\"hidden\" name=\"_wpcf7_locale\" value=\"es_MX\" \/><input type=\"hidden\" name=\"_wpcf7_unit_tag\" value=\"wpcf7-f36427-o1\" \/><input type=\"hidden\" name=\"_wpcf7_container_post\" value=\"0\" \/><input type=\"hidden\" name=\"_wpcf7_posted_data_hash\" value=\"\" \/><input type=\"hidden\" name=\"_wpcf7_recaptcha_response\" value=\"\" \/>\n<\/fieldset>\n<p><label><span style=\"color: #333333;\"> Nombre y Apellido*<br \/>\n<span class=\"wpcf7-form-control-wrap\" data-name=\"your-name\"><input size=\"40\" maxlength=\"400\" class=\"wpcf7-form-control wpcf7-text wpcf7-validates-as-required\" aria-required=\"true\" aria-invalid=\"false\" value=\"\" type=\"text\" name=\"your-name\" \/><\/span> <\/span><\/label>\n<\/p>\n<p><label><span style=\"color: #333333;\"> Correo Electr\u00f3nico*<br \/>\n<span class=\"wpcf7-form-control-wrap\" data-name=\"your-email\"><input size=\"40\" maxlength=\"400\" class=\"wpcf7-form-control wpcf7-email wpcf7-validates-as-required wpcf7-text wpcf7-validates-as-email\" aria-required=\"true\" aria-invalid=\"false\" value=\"\" type=\"email\" name=\"your-email\" \/><\/span> <\/span><\/label>\n<\/p>\n<p><label><span style=\"color: #333333;\"> Empresa*<br \/>\n<span class=\"wpcf7-form-control-wrap\" data-name=\"your-company\"><input size=\"40\" maxlength=\"400\" class=\"wpcf7-form-control wpcf7-text\" aria-invalid=\"false\" value=\"\" type=\"text\" name=\"your-company\" \/><\/span> <\/span><\/label>\n<\/p>\n<p><label><span style=\"color: #333333;\"> Cargo*<br \/>\n<span class=\"wpcf7-form-control-wrap\" data-name=\"your-job\"><input size=\"40\" maxlength=\"400\" class=\"wpcf7-form-control wpcf7-text\" aria-invalid=\"false\" value=\"\" type=\"text\" name=\"your-job\" \/><\/span> <\/span><\/label>\n<\/p>\n<p><span class=\"wpcf7-form-control-wrap\" data-name=\"PrivacyPolicy\"><span class=\"wpcf7-form-control wpcf7-acceptance\"><span class=\"wpcf7-list-item\"><label><input type=\"checkbox\" name=\"PrivacyPolicy\" value=\"1\" aria-invalid=\"false\" \/><span class=\"wpcf7-list-item-label\"><span style=\"color: #333333;\"> He le\u00eddo y acepto la <a rel=\"nofollow\" href=\"https:\/\/www.ataway.com\/es-mx\/privacy-policy\/\"> Pol\u00edtica de Privacidad<\/a>.<\/span><\/label><\/span><\/span><\/span>\n<\/p>\n<p><input class=\"wpcf7-form-control wpcf7-submit has-spinner\" type=\"submit\" value=\"Enviar\" \/>\n<\/p>\n<p>*Este sitio est\u00e1 protegido por reCAPTCHA y se aplican la <a href=\"https:\/\/policies.google.com\/privacy\">Pol\u00edtica de Privacidad<\/a> y los <a href=\"https:\/\/policies.google.com\/terms\">T\u00e9rminos de Servicio<\/a> de Google.\n<\/p><div class=\"wpcf7-response-output\" aria-hidden=\"true\"><\/div>\n<\/form>\n<\/div>\n[vc_empty_space][\/vc_column][\/vc_row]<\/p>\n<\/div>","protected":false},"excerpt":{"rendered":"<p>[vc_row full_width=&#8221;stretch_row&#8221; full_height=&#8221;yes&#8221; content_placement=&#8221;middle&#8221; parallax=&#8221;content-moving&#8221; parallax_image=&#8221;35498&#8243; css=&#8221;.vc_custom_1718392784386{background-color: #eaeaea !important;}&#8221;][vc_column][vc_empty_space height=&#8221;100&#8243;][vc_row_inner][vc_column_inner width=&#8221;2\/3&#8243;][vc_column_text] Oracle HCM Now: Gesti\u00f3n de RRHH, independiente del tama\u00f1o de su empresa. [\/vc_column_text][vc_column_text] Obtenga un<span class=\"excerpt-hellip\"> [\u2026]<\/span><\/p>\n","protected":false},"author":7,"featured_media":0,"parent":11868,"menu_order":0,"comment_status":"closed","ping_status":"closed","template":"","meta":{"footnotes":""},"class_list":["post-35455","page","type-page","status-publish","hentry"],"_links":{"self":[{"href":"https:\/\/www.ataway.com\/es-mx\/wp-json\/wp\/v2\/pages\/35455","targetHints":{"allow":["GET"]}}],"collection":[{"href":"https:\/\/www.ataway.com\/es-mx\/wp-json\/wp\/v2\/pages"}],"about":[{"href":"https:\/\/www.ataway.com\/es-mx\/wp-json\/wp\/v2\/types\/page"}],"author":[{"embeddable":true,"href":"https:\/\/www.ataway.com\/es-mx\/wp-json\/wp\/v2\/users\/7"}],"replies":[{"embeddable":true,"href":"https:\/\/www.ataway.com\/es-mx\/wp-json\/wp\/v2\/comments?post=35455"}],"version-history":[{"count":24,"href":"https:\/\/www.ataway.com\/es-mx\/wp-json\/wp\/v2\/pages\/35455\/revisions"}],"predecessor-version":[{"id":36431,"href":"https:\/\/www.ataway.com\/es-mx\/wp-json\/wp\/v2\/pages\/35455\/revisions\/36431"}],"up":[{"embeddable":true,"href":"https:\/\/www.ataway.com\/es-mx\/wp-json\/wp\/v2\/pages\/11868"}],"wp:attachment":[{"href":"https:\/\/www.ataway.com\/es-mx\/wp-json\/wp\/v2\/media?parent=35455"}],"curies":[{"name":"wp","href":"https:\/\/api.w.org\/{rel}","templated":true}]}}