{"id":17795,"date":"2019-10-15T10:41:27","date_gmt":"2019-10-15T13:41:27","guid":{"rendered":"https:\/\/www.ataway.com\/soluciones\/ukg\/"},"modified":"2025-12-17T12:18:19","modified_gmt":"2025-12-17T15:18:19","slug":"ukg","status":"publish","type":"page","link":"https:\/\/www.ataway.com\/es-mx\/soluciones\/ukg\/","title":{"rendered":"UKG Gesti\u00f3n de la Fuerza Laboral"},"content":{"rendered":"<div class=\"wpb-content-wrapper\"><p>[vc_row full_width=&#8221;stretch_row&#8221; full_height=&#8221;yes&#8221; content_placement=&#8221;middle&#8221; parallax=&#8221;content-moving&#8221; parallax_image=&#8221;14262&#8243; css=&#8221;.vc_custom_1650384048036{background-color: #eaeaea !important;}&#8221;][vc_column][vc_empty_space height=&#8221;100&#8243;][vc_column_text css_animation=&#8221;fadeInDown&#8221;]<\/p>\n<h1 style=\"text-align: left;\"><img loading=\"lazy\" decoding=\"async\" class=\"alignnone wp-image-44911 size-medium\" src=\"https:\/\/www.ataway.com\/wp-content\/uploads\/2025\/11\/UKG-Ataway-300x90.png\" alt=\"\" width=\"300\" height=\"90\" srcset=\"https:\/\/www.ataway.com\/wp-content\/uploads\/2025\/11\/UKG-Ataway-300x90.png 300w, https:\/\/www.ataway.com\/wp-content\/uploads\/2025\/11\/UKG-Ataway-1024x307.png 1024w, https:\/\/www.ataway.com\/wp-content\/uploads\/2025\/11\/UKG-Ataway-768x230.png 768w, https:\/\/www.ataway.com\/wp-content\/uploads\/2025\/11\/UKG-Ataway-1536x461.png 1536w, https:\/\/www.ataway.com\/wp-content\/uploads\/2025\/11\/UKG-Ataway-2048x614.png 2048w, https:\/\/www.ataway.com\/wp-content\/uploads\/2025\/11\/UKG-Ataway-150x45.png 150w, https:\/\/www.ataway.com\/wp-content\/uploads\/2025\/11\/UKG-Ataway-480x144.png 480w\" sizes=\"auto, (max-width:767px) 300px, 300px\" \/><\/h1>\n<p>[\/vc_column_text][vc_column_text css_animation=&#8221;fadeInUp&#8221;]<\/p>\n<h2><strong><span style=\"color: #ffffff;\">UKG Pro Workforce Management. Gesti\u00f3n de la fuerza laboral global para industrias con necesidades complejas<\/span><\/strong><\/h2>\n<p>&nbsp;<\/p>\n<h3><span style=\"color: #ffffff;\">\u00bfListo para dejar atr\u00e1s tareas manuales como el control de asistencia y la planificaci\u00f3n de turnos?<br \/>\nCon UKG Pro Workforce Management, optimiz\u00e1s procesos, reduc\u00eds costos y mejor\u00e1s la experiencia laboral. Ataway te acompa\u00f1a con servicios profesionales, venta de licencias, actualizaciones, mantenimiento y consultor\u00eda adaptada a tus necesidades.<\/span><\/h3>\n<p>[\/vc_column_text][vc_btn title=&#8221;\u00a1Pide una demo!&#8221; style=&#8221;outline&#8221; color=&#8221;white&#8221; size=&#8221;lg&#8221; css_animation=&#8221;bounceInUp&#8221; link=&#8221;url:%231-ukgcontact|||rel:nofollow&#8221;][vc_empty_space height=&#8221;16px&#8221;][vc_icon type=&#8221;entypo&#8221; icon_entypo=&#8221;entypo-icon entypo-icon-down-open-big&#8221; color=&#8221;white&#8221; background_style=&#8221;rounded&#8221; background_color=&#8221;custom&#8221; size=&#8221;sm&#8221; align=&#8221;center&#8221; custom_background_color=&#8221;rgba(10,10,10,0.56)&#8221; el_class=&#8221;scroller-cursor-pointer&#8221;][\/vc_column][\/vc_row][vc_row full_width=&#8221;stretch_row&#8221; content_placement=&#8221;middle&#8221; css=&#8221;.vc_custom_1560523572547{background-color: #ffffff !important;}&#8221; el_id=&#8221;scroller-second-frame&#8221;][vc_column][vc_empty_space height=&#8221;16&#8243;][vc_row_inner][vc_column_inner][vc_column_text css_animation=&#8221;fadeInDown&#8221;]<\/p>\n<h2 style=\"text-align: left;\"><span style=\"color: #333333;\"><strong>Beneficios de introducir la gesti\u00f3n de la fuerza laboral<\/strong><br \/>\n<\/span><\/h2>\n<p>[\/vc_column_text][vc_column_text css_animation=&#8221;fadeInUp&#8221; el_class=&#8221;medium&#8221;]El recurso humano es el activo m\u00e1s valioso de una empresa. Sin embargo, sin un sistema de gesti\u00f3n laboral eficaz, los activos pueden transformarse en pasivos. La plataforma de gesti\u00f3n del capital humano (HCM) de UKG (Kronos) utiliza un conjunto de herramientas completo para ayudar a gestionar el ciclo de vida de los empleados de muchas maneras.<\/p>\n<p><strong>* Caracter\u00edsticas variadas<\/strong> para satisfacer cualquier necesidad de administraci\u00f3n laboral.<\/p>\n<p><strong>* Integraci\u00f3n con sistemas<\/strong> de ERP o HCM actuales.<\/p>\n<p><strong>* Optimizaci\u00f3n de procesos<\/strong> comerciales y personales para<strong> crear m\u00e1s valor<\/strong> y <strong>reducir los costos laborales.<\/strong><\/p>\n<p><strong>* Minimizaci\u00f3n de riesgos de cumplimiento.<\/strong><\/p>\n<p><strong>* Aumento de productividad laboral.<\/strong>[\/vc_column_text][\/vc_column_inner][\/vc_row_inner][\/vc_column][\/vc_row][vc_row full_width=&#8221;stretch_row&#8221; parallax=&#8221;content-moving&#8221; parallax_image=&#8221;14288&#8243; css=&#8221;.vc_custom_1650576330469{background-color: #efefef !important;background-position: 0 0;background-repeat: repeat !important;}&#8221;][vc_column][vc_row_inner][vc_column_inner width=&#8221;1\/2&#8243;][vc_empty_space][vc_column_text css_animation=&#8221;fadeInUp&#8221;]<a href=\"https:\/\/www.ataway.com\/wp-content\/uploads\/2022\/04\/UKG_Certified-Partner.png\">\u00a0\u00a0\u00a0\u00a0\u00a0\u00a0\u00a0\u00a0\u00a0<\/a><img loading=\"lazy\" decoding=\"async\" class=\"alignnone wp-image-44886 \" src=\"https:\/\/www.ataway.com\/wp-content\/uploads\/2025\/11\/1-UKG-Partner-Network_partner-stacked-contrasting-teal-300x224.png\" alt=\"\" width=\"154\" height=\"115\" srcset=\"https:\/\/www.ataway.com\/wp-content\/uploads\/2025\/11\/1-UKG-Partner-Network_partner-stacked-contrasting-teal-300x224.png 300w, https:\/\/www.ataway.com\/wp-content\/uploads\/2025\/11\/1-UKG-Partner-Network_partner-stacked-contrasting-teal-1024x766.png 1024w, https:\/\/www.ataway.com\/wp-content\/uploads\/2025\/11\/1-UKG-Partner-Network_partner-stacked-contrasting-teal-768x575.png 768w, https:\/\/www.ataway.com\/wp-content\/uploads\/2025\/11\/1-UKG-Partner-Network_partner-stacked-contrasting-teal-100x75.png 100w, https:\/\/www.ataway.com\/wp-content\/uploads\/2025\/11\/1-UKG-Partner-Network_partner-stacked-contrasting-teal-1280x962.png 1280w, https:\/\/www.ataway.com\/wp-content\/uploads\/2025\/11\/1-UKG-Partner-Network_partner-stacked-contrasting-teal-960x720.png 960w, https:\/\/www.ataway.com\/wp-content\/uploads\/2025\/11\/1-UKG-Partner-Network_partner-stacked-contrasting-teal-480x359.png 480w, https:\/\/www.ataway.com\/wp-content\/uploads\/2025\/11\/1-UKG-Partner-Network_partner-stacked-contrasting-teal.png 1286w\" sizes=\"auto, (max-width:767px) 154px, 154px\" \/><img loading=\"lazy\" decoding=\"async\" class=\"alignnone wp-image-44924 size-medium\" src=\"https:\/\/www.ataway.com\/wp-content\/uploads\/2025\/11\/UKG-Partner-Network_authorized-reseller-stacked-contrasting-teal-300x112.png\" alt=\"\" width=\"300\" height=\"112\" srcset=\"https:\/\/www.ataway.com\/wp-content\/uploads\/2025\/11\/UKG-Partner-Network_authorized-reseller-stacked-contrasting-teal-300x112.png 300w, https:\/\/www.ataway.com\/wp-content\/uploads\/2025\/11\/UKG-Partner-Network_authorized-reseller-stacked-contrasting-teal-1024x384.png 1024w, https:\/\/www.ataway.com\/wp-content\/uploads\/2025\/11\/UKG-Partner-Network_authorized-reseller-stacked-contrasting-teal-768x288.png 768w, https:\/\/www.ataway.com\/wp-content\/uploads\/2025\/11\/UKG-Partner-Network_authorized-reseller-stacked-contrasting-teal-1536x576.png 1536w, https:\/\/www.ataway.com\/wp-content\/uploads\/2025\/11\/UKG-Partner-Network_authorized-reseller-stacked-contrasting-teal-2048x768.png 2048w, https:\/\/www.ataway.com\/wp-content\/uploads\/2025\/11\/UKG-Partner-Network_authorized-reseller-stacked-contrasting-teal-150x56.png 150w, https:\/\/www.ataway.com\/wp-content\/uploads\/2025\/11\/UKG-Partner-Network_authorized-reseller-stacked-contrasting-teal-480x180.png 480w\" sizes=\"auto, (max-width:767px) 300px, 300px\" \/>[\/vc_column_text][\/vc_column_inner][vc_column_inner width=&#8221;1\/2&#8243;][vc_column_text css_animation=&#8221;fadeInUp&#8221; el_class=&#8221;medium&#8221;]<\/p>\n<h2 style=\"text-align: left;\"><span style=\"color: #333333;\"><strong>\u00bfPor qu\u00e9 elegir UKG con Ataway?<\/strong><\/span><\/h2>\n<p style=\"text-align: left;\"><strong>Socios de servicio y revendedores de UKG desde 2015.<\/strong><br \/>\nVentas, servicio profesional y mantenimiento operativo.<br \/>\n<strong>+450<\/strong> consultores biling\u00fces capacitados.<br \/>\n<strong>20<\/strong> oficinas en todo el mundo.<br \/>\nHistorial probado de \u00e9xito en grandes proyectos<br \/>\nExpertos con visi\u00f3n t\u00e9cnica y conocimiento de negocio<br \/>\nAcompa\u00f1amiento end-to-end: desde la estrategia hasta la operaci\u00f3n<\/p>\n<p>[\/vc_column_text][\/vc_column_inner][\/vc_row_inner][\/vc_column][\/vc_row][vc_row][vc_column][vc_column_text]<\/p>\n<h2 style=\"text-align: center;\"><span style=\"color: #333333;\"><strong>Potenci\u00e1 tu fuerza laboral con UKG<\/strong><\/span><\/h2>\n<p>[\/vc_column_text][vc_column_text]<\/p>\n<p style=\"text-align: center;\"><span style=\"color: #333333;\">UKG es l\u00edder mundial en soluciones para la administraci\u00f3n de la fuerza laboral. Su plataforma inteligente y escalable se adapta a tus sistemas empresariales y te permite:<\/span><\/p>\n<p>[\/vc_column_text][vc_row_inner][vc_column_inner width=&#8221;1\/3&#8243;][vc_column_text]<a href=\"https:\/\/www.ataway.com\/wp-content\/uploads\/2025\/02\/700-x-392-px-6.png\"><img loading=\"lazy\" decoding=\"async\" class=\"aligncenter wp-image-40582\" src=\"https:\/\/www.ataway.com\/wp-content\/uploads\/2025\/02\/700-x-392-px-6.png\" alt=\"Custom\" width=\"150\" height=\"84\" srcset=\"https:\/\/www.ataway.com\/wp-content\/uploads\/2025\/02\/700-x-392-px-6.png 700w, https:\/\/www.ataway.com\/wp-content\/uploads\/2025\/02\/700-x-392-px-6-300x168.png 300w, https:\/\/www.ataway.com\/wp-content\/uploads\/2025\/02\/700-x-392-px-6-134x75.png 134w, https:\/\/www.ataway.com\/wp-content\/uploads\/2025\/02\/700-x-392-px-6-480x269.png 480w\" sizes=\"auto, (max-width:767px) 150px, 150px\" \/><\/a>Automatizar <strong data-start=\"1349\" data-end=\"1372\">tiempo y asistencia<\/strong>, recopilando datos precisos para cumplir normas laborales.[\/vc_column_text][\/vc_column_inner][vc_column_inner width=&#8221;1\/3&#8243;][vc_column_text]<\/p>\n<p class=\"\" data-start=\"1434\" data-end=\"1556\"><a href=\"https:\/\/www.ataway.com\/wp-content\/uploads\/2025\/03\/Diseno-sin-titulo-52.png\"><img loading=\"lazy\" decoding=\"async\" class=\"aligncenter wp-image-40909\" src=\"https:\/\/www.ataway.com\/wp-content\/uploads\/2025\/03\/Diseno-sin-titulo-52.png\" alt=\"Support\" width=\"80\" height=\"80\" srcset=\"https:\/\/www.ataway.com\/wp-content\/uploads\/2025\/03\/Diseno-sin-titulo-52.png 150w, https:\/\/www.ataway.com\/wp-content\/uploads\/2025\/03\/Diseno-sin-titulo-52-75x75.png 75w\" sizes=\"auto, (max-width:767px) 80px, 80px\" \/><\/a>Optimizar la <strong data-start=\"1447\" data-end=\"1474\">planificaci\u00f3n de turnos<\/strong>, garantizando la dotaci\u00f3n ideal por jornada y dando flexibilidad a tus empleados.<\/p>\n<p>[\/vc_column_text][\/vc_column_inner][vc_column_inner width=&#8221;1\/3&#8243;][vc_column_text]<a href=\"https:\/\/www.ataway.com\/wp-content\/uploads\/2025\/03\/Diseno-sin-titulo-53.png\"><img loading=\"lazy\" decoding=\"async\" class=\"aligncenter wp-image-40981\" src=\"https:\/\/www.ataway.com\/wp-content\/uploads\/2025\/03\/Diseno-sin-titulo-53.png\" alt=\"Ataway Icon\" width=\"75\" height=\"75\" srcset=\"https:\/\/www.ataway.com\/wp-content\/uploads\/2025\/03\/Diseno-sin-titulo-53.png 150w, https:\/\/www.ataway.com\/wp-content\/uploads\/2025\/03\/Diseno-sin-titulo-53-75x75.png 75w\" sizes=\"auto, (max-width:767px) 75px, 75px\" \/><\/a><\/p>\n<p>Acceder a <strong data-start=\"1569\" data-end=\"1583\">anal\u00edticas<\/strong> para mejorar la productividad con informaci\u00f3n accionable en tiempo real.[\/vc_column_text][\/vc_column_inner][\/vc_row_inner][vc_row_inner][vc_column_inner width=&#8221;1\/3&#8243;][vc_column_text]<a href=\"https:\/\/www.ataway.com\/wp-content\/uploads\/2025\/02\/700-x-392-px-1.png\"><img loading=\"lazy\" decoding=\"async\" class=\"aligncenter wp-image-40522\" src=\"https:\/\/www.ataway.com\/wp-content\/uploads\/2025\/02\/700-x-392-px-1.png\" alt=\"Benefits\" width=\"150\" height=\"84\" srcset=\"https:\/\/www.ataway.com\/wp-content\/uploads\/2025\/02\/700-x-392-px-1.png 700w, https:\/\/www.ataway.com\/wp-content\/uploads\/2025\/02\/700-x-392-px-1-300x168.png 300w, https:\/\/www.ataway.com\/wp-content\/uploads\/2025\/02\/700-x-392-px-1-134x75.png 134w, https:\/\/www.ataway.com\/wp-content\/uploads\/2025\/02\/700-x-392-px-1-480x269.png 480w\" sizes=\"auto, (max-width:767px) 150px, 150px\" \/><\/a><br \/>\nFortalecer el <strong data-start=\"1673\" data-end=\"1699\">cumplimiento normativo<\/strong>, anticip\u00e1ndote a regulaciones laborales y del sector.[\/vc_column_text][\/vc_column_inner][vc_column_inner width=&#8221;1\/3&#8243;][vc_column_text]<a href=\"https:\/\/www.ataway.com\/wp-content\/uploads\/2025\/02\/700-x-392-px-2.png\"><img loading=\"lazy\" decoding=\"async\" class=\"aligncenter wp-image-40534\" src=\"https:\/\/www.ataway.com\/wp-content\/uploads\/2025\/02\/700-x-392-px-2.png\" alt=\"Talent\" width=\"150\" height=\"84\" srcset=\"https:\/\/www.ataway.com\/wp-content\/uploads\/2025\/02\/700-x-392-px-2.png 700w, https:\/\/www.ataway.com\/wp-content\/uploads\/2025\/02\/700-x-392-px-2-300x168.png 300w, https:\/\/www.ataway.com\/wp-content\/uploads\/2025\/02\/700-x-392-px-2-134x75.png 134w, https:\/\/www.ataway.com\/wp-content\/uploads\/2025\/02\/700-x-392-px-2-480x269.png 480w\" sizes=\"auto, (max-width:767px) 150px, 150px\" \/><\/a><br \/>\nAplicar <strong data-start=\"1764\" data-end=\"1811\">planificaci\u00f3n estrat\u00e9gica de fuerza laboral<\/strong>, para cerrar brechas entre las necesidades actuales y futuras de personal.[\/vc_column_text][\/vc_column_inner][vc_column_inner width=&#8221;1\/3&#8243;][\/vc_column_inner][\/vc_row_inner][\/vc_column][\/vc_row][vc_row][vc_column][vc_empty_space][vc_column_text css_animation=&#8221;fadeInDown&#8221;]<\/p>\n<h3 style=\"text-align: center;\"><span style=\"color: #333333;\"><strong>Algunos de nuestros clientes y casos de \u00e9xito<\/strong><\/span><\/h3>\n<p>[\/vc_column_text][vc_basic_grid post_type=&#8221;post&#8221; max_items=&#8221;10&#8243; orderby=&#8221;title&#8221; item=&#8221;basicGrid_SlideFromLeft&#8221; initial_loading_animation=&#8221;fadeInUp&#8221; grid_id=&#8221;vc_gid:1765984525986-de620fcf-0e73-4&#8243; taxonomies=&#8221;449, 393&#8243;][\/vc_column][\/vc_row][vc_row el_id=&#8221;1-ukgcontact&#8221;][vc_column][vc_column_text css_animation=&#8221;fadeInDown&#8221;]<\/p>\n<h2 style=\"text-align: center;\"><span style=\"color: #333333;\"><strong>\u00a1Pide una demo!<\/strong><\/span><\/h2>\n<p>[\/vc_column_text][vc_row_inner css=&#8221;.vc_custom_1650488032422{padding-right: 128px !important;padding-left: 128px !important;}&#8221;][vc_column_inner]\n<div class=\"wpcf7 no-js\" id=\"wpcf7-f14278-o1\" lang=\"en\" dir=\"ltr\" data-wpcf7-id=\"14278\">\n<div class=\"screen-reader-response\"><p role=\"status\" aria-live=\"polite\" aria-atomic=\"true\"><\/p> <ul><\/ul><\/div>\n<form action=\"\/es-mx\/wp-json\/wp\/v2\/pages\/17795#wpcf7-f14278-o1\" method=\"post\" class=\"wpcf7-form init\" aria-label=\"Formulario de contacto\" novalidate=\"novalidate\" data-status=\"init\">\n<fieldset class=\"hidden-fields-container\"><input type=\"hidden\" name=\"_wpcf7\" value=\"14278\" \/><input type=\"hidden\" name=\"_wpcf7_version\" value=\"6.1.2\" \/><input type=\"hidden\" name=\"_wpcf7_locale\" value=\"en\" \/><input type=\"hidden\" name=\"_wpcf7_unit_tag\" value=\"wpcf7-f14278-o1\" \/><input type=\"hidden\" name=\"_wpcf7_container_post\" value=\"0\" \/><input type=\"hidden\" name=\"_wpcf7_posted_data_hash\" value=\"\" \/><input type=\"hidden\" name=\"_wpcf7_recaptcha_response\" value=\"\" \/>\n<\/fieldset>\n<div class=\"contact-form\">\n\t<p><label><span style=\"color: #333333;\"> Nombre completo<br \/>\n<span class=\"wpcf7-form-control-wrap\" data-name=\"your-name\"><input size=\"40\" maxlength=\"400\" class=\"wpcf7-form-control wpcf7-text wpcf7-validates-as-required\" aria-required=\"true\" aria-invalid=\"false\" value=\"\" type=\"text\" name=\"your-name\" \/><\/span> <\/span><\/label>\n\t<\/p>\n\t<p><label><span style=\"color: #333333;\"> Direcci\u00f3n de Email<br \/>\n<span class=\"wpcf7-form-control-wrap\" data-name=\"your-email\"><input size=\"40\" maxlength=\"400\" class=\"wpcf7-form-control wpcf7-email wpcf7-validates-as-required wpcf7-text wpcf7-validates-as-email\" aria-required=\"true\" aria-invalid=\"false\" value=\"\" type=\"email\" name=\"your-email\" \/><\/span> <\/span><\/label>\n\t<\/p>\n\t<p><label><span style=\"color: #333333;\"> Nombre de la empresa<br \/>\n<span class=\"wpcf7-form-control-wrap\" data-name=\"companyname\"><input size=\"40\" maxlength=\"400\" class=\"wpcf7-form-control wpcf7-text wpcf7-validates-as-required\" aria-required=\"true\" aria-invalid=\"false\" value=\"\" type=\"text\" name=\"companyname\" \/><\/span> <\/span><\/label>\n\t<\/p>\n\t<p><label><span style=\"color: #333333;\"> Cargo<br \/>\n<span class=\"wpcf7-form-control-wrap\" data-name=\"companyjob\"><input size=\"40\" maxlength=\"400\" class=\"wpcf7-form-control wpcf7-text wpcf7-validates-as-required\" aria-required=\"true\" aria-invalid=\"false\" value=\"\" type=\"text\" name=\"companyjob\" \/><\/span> <\/span><\/label>\n\t<\/p>\n<\/div>\n<div class=\"contact-form\">\n\t<p><label><span style=\"color: #333333;\"> Mensaje<br \/>\n<span class=\"wpcf7-form-control-wrap\" data-name=\"your-message\"><textarea cols=\"40\" rows=\"10\" maxlength=\"2000\" class=\"wpcf7-form-control wpcf7-textarea wpcf7-validates-as-required\" aria-required=\"true\" aria-invalid=\"false\" name=\"your-message\"><\/textarea><\/span> <\/span><\/label>\n\t<\/p>\n\t<p><span class=\"wpcf7-form-control-wrap\" data-name=\"PrivacyPolicy\"><span class=\"wpcf7-form-control wpcf7-acceptance\"><span class=\"wpcf7-list-item\"><label><input type=\"checkbox\" name=\"PrivacyPolicy\" value=\"1\" aria-invalid=\"false\" \/><span class=\"wpcf7-list-item-label\"><span style=\"color: #333333;\"> He le\u00eddo y acepto la <a rel=\"nofollow\" href=\"https:\/\/www.ataway.com\/es-ar\/privacy-policy\/\"> Pol\u00edtica de Privacidad<\/a>.<\/span><\/label><\/span><\/span><\/span>\n\t<\/p>\n\n\t<p><input class=\"wpcf7-form-control wpcf7-submit has-spinner\" type=\"submit\" value=\"\u00a1Contactanos!\" \/>\n\t<\/p>\n<\/div>\n<p>*Este sitio est\u00e1 protegido por reCAPTCHA y se aplican la <a href=\"https:\/\/policies.google.com\/privacy\">Pol\u00edtica de Privacidad<\/a> y los <a href=\"https:\/\/policies.google.com\/terms\">T\u00e9rminos de Servicio<\/a> de Google.\n<\/p><div class=\"wpcf7-response-output\" aria-hidden=\"true\"><\/div>\n<\/form>\n<\/div>\n[\/vc_column_inner][\/vc_row_inner][\/vc_column][\/vc_row]<\/p>\n<\/div>","protected":false},"excerpt":{"rendered":"<p>[vc_row full_width=&#8221;stretch_row&#8221; full_height=&#8221;yes&#8221; content_placement=&#8221;middle&#8221; parallax=&#8221;content-moving&#8221; parallax_image=&#8221;14262&#8243; css=&#8221;.vc_custom_1650384048036{background-color: #eaeaea !important;}&#8221;][vc_column][vc_empty_space height=&#8221;100&#8243;][vc_column_text css_animation=&#8221;fadeInDown&#8221;] [\/vc_column_text][vc_column_text css_animation=&#8221;fadeInUp&#8221;] UKG Pro Workforce Management. Gesti\u00f3n de la fuerza laboral global para industrias con<span class=\"excerpt-hellip\"> [\u2026]<\/span><\/p>\n","protected":false},"author":6,"featured_media":-1,"parent":11868,"menu_order":0,"comment_status":"closed","ping_status":"closed","template":"","meta":{"footnotes":""},"class_list":["post-17795","page","type-page","status-publish","has-post-thumbnail","hentry"],"_links":{"self":[{"href":"https:\/\/www.ataway.com\/es-mx\/wp-json\/wp\/v2\/pages\/17795","targetHints":{"allow":["GET"]}}],"collection":[{"href":"https:\/\/www.ataway.com\/es-mx\/wp-json\/wp\/v2\/pages"}],"about":[{"href":"https:\/\/www.ataway.com\/es-mx\/wp-json\/wp\/v2\/types\/page"}],"author":[{"embeddable":true,"href":"https:\/\/www.ataway.com\/es-mx\/wp-json\/wp\/v2\/users\/6"}],"replies":[{"embeddable":true,"href":"https:\/\/www.ataway.com\/es-mx\/wp-json\/wp\/v2\/comments?post=17795"}],"version-history":[{"count":12,"href":"https:\/\/www.ataway.com\/es-mx\/wp-json\/wp\/v2\/pages\/17795\/revisions"}],"predecessor-version":[{"id":45280,"href":"https:\/\/www.ataway.com\/es-mx\/wp-json\/wp\/v2\/pages\/17795\/revisions\/45280"}],"up":[{"embeddable":true,"href":"https:\/\/www.ataway.com\/es-mx\/wp-json\/wp\/v2\/pages\/11868"}],"wp:featuredmedia":[{"embeddable":true,"href":"https:\/\/www.ataway.com\/es-mx\/wp-json\/"}],"wp:attachment":[{"href":"https:\/\/www.ataway.com\/es-mx\/wp-json\/wp\/v2\/media?parent=17795"}],"curies":[{"name":"wp","href":"https:\/\/api.w.org\/{rel}","templated":true}]}}