{"id":17789,"date":"2022-05-12T11:15:11","date_gmt":"2022-05-12T14:15:11","guid":{"rendered":"https:\/\/www.ataway.com\/soluciones\/automatizacion-robotica-de-procesos\/"},"modified":"2026-02-13T12:15:43","modified_gmt":"2026-02-13T15:15:43","slug":"automatizacion-robotica-de-procesos","status":"publish","type":"page","link":"https:\/\/www.ataway.com\/es-mx\/soluciones\/automatizacion-robotica-de-procesos\/","title":{"rendered":"Automatizaci\u00f3n Rob\u00f3tica de Procesos"},"content":{"rendered":"<div class=\"wpb-content-wrapper\"><p>[vc_row full_width=&#8221;stretch_row&#8221; full_height=&#8221;yes&#8221; content_placement=&#8221;middle&#8221; parallax=&#8221;content-moving&#8221; parallax_image=&#8221;14389&#8243; css=&#8221;.vc_custom_1652461398637{background-color: #eaeaea !important;}&#8221;][vc_column][vc_empty_space height=&#8221;100&#8243;][vc_column_text css_animation=&#8221;fadeInDown&#8221;]<a href=\"https:\/\/www.ataway.com\/wp-content\/uploads\/2022\/05\/Automation-anywhere-ataway-white.png\"><img loading=\"lazy\" decoding=\"async\" class=\"alignnone wp-image-14339 size-medium\" src=\"https:\/\/www.ataway.com\/wp-content\/uploads\/2022\/05\/Automation-anywhere-ataway-white-300x51.png\" alt=\"\" width=\"300\" height=\"51\" srcset=\"https:\/\/www.ataway.com\/wp-content\/uploads\/2022\/05\/Automation-anywhere-ataway-white-300x51.png 300w, https:\/\/www.ataway.com\/wp-content\/uploads\/2022\/05\/Automation-anywhere-ataway-white-768x131.png 768w, https:\/\/www.ataway.com\/wp-content\/uploads\/2022\/05\/Automation-anywhere-ataway-white-260x44.png 260w, https:\/\/www.ataway.com\/wp-content\/uploads\/2022\/05\/Automation-anywhere-ataway-white-50x9.png 50w, https:\/\/www.ataway.com\/wp-content\/uploads\/2022\/05\/Automation-anywhere-ataway-white-150x26.png 150w, https:\/\/www.ataway.com\/wp-content\/uploads\/2022\/05\/Automation-anywhere-ataway-white.png 1000w\" sizes=\"auto, (max-width:767px) 300px, 300px\" \/><\/a>[\/vc_column_text][vc_column_text css_animation=&#8221;fadeInUp&#8221;]<\/p>\n<h2 style=\"text-align: left;\"><strong><span style=\"color: #ffffff;\">Automatizaci\u00f3n Rob\u00f3tica de Procesos (RPA)<\/span><\/strong><\/h2>\n<h3 style=\"text-align: left;\"><span style=\"color: #ffffff;\">RPA es una soluci\u00f3n tecnol\u00f3gica que permite a las organizaciones automatizar tareas repetitivas, mediante procesos basados en reglas a trav\u00e9s de herramientas inform\u00e1ticas. No disruptivo, no invasivo, f\u00e1cil de usar.<\/span><\/h3>\n<p>[\/vc_column_text][vc_btn title=&#8221;\u00a1Pide una demo!&#8221; style=&#8221;outline&#8221; color=&#8221;white&#8221; size=&#8221;lg&#8221; css_animation=&#8221;bounceInUp&#8221; link=&#8221;url:%231-ukgcontact|||rel:nofollow&#8221;][vc_empty_space height=&#8221;16px&#8221;][vc_icon type=&#8221;entypo&#8221; icon_entypo=&#8221;entypo-icon entypo-icon-down-open-big&#8221; color=&#8221;white&#8221; background_style=&#8221;rounded&#8221; background_color=&#8221;custom&#8221; size=&#8221;sm&#8221; align=&#8221;center&#8221; custom_background_color=&#8221;rgba(10,10,10,0.56)&#8221; el_class=&#8221;scroller-cursor-pointer&#8221;][\/vc_column][\/vc_row][vc_row full_width=&#8221;stretch_row&#8221; content_placement=&#8221;middle&#8221; css=&#8221;.vc_custom_1560523572547{background-color: #ffffff !important;}&#8221; el_id=&#8221;scroller-second-frame&#8221;][vc_column][vc_empty_space height=&#8221;16&#8243;][vc_row_inner][vc_column_inner][vc_column_text css_animation=&#8221;fadeInDown&#8221;]<\/p>\n<h2 style=\"text-align: left;\"><span style=\"color: #ff7600;\"><strong>\u00bfQu\u00e9 es la Automatizaci\u00f3n Rob\u00f3tica de Procesos?<\/strong><\/span><\/h2>\n<p>[\/vc_column_text][vc_column_text css_animation=&#8221;fadeInUp&#8221; el_class=&#8221;medium&#8221;]RPA es una tecnolog\u00eda de software que permite crear, implementar y administrar robots de software o \u201cbots\u201d para emular acciones humanas en los sistemas digitales. Luego de ense\u00f1arle a los bots qu\u00e9 hacer ellos podr\u00e1n comprender lo que ven en una pantalla, completar informaci\u00f3n, pulsar teclas, navegar por los sistemas, identificar y extraer datos entre muchas otras tareas definidas.<\/p>\n<p><strong>* Tecnolog\u00eda no invasiva, no disruptiva y f\u00e1cil de usar<\/strong><\/p>\n<p><strong>* Reducci\u00f3n de costos, mayor precisi\u00f3n, velocidad de entrega.<\/strong><\/p>\n<p><strong>* Software adaptable<\/strong> a cualquier interfaz o flujo de trabajo.<\/p>\n<p><strong>* Aumenta la satisfacci\u00f3n, el compromiso y la productividad de los empleados<\/strong> al eliminar las tareas repetitivas de sus d\u00edas de trabajo.[\/vc_column_text][\/vc_column_inner][\/vc_row_inner][\/vc_column][\/vc_row][vc_row full_width=&#8221;stretch_row&#8221; parallax=&#8221;content-moving&#8221; parallax_image=&#8221;14288&#8243; css=&#8221;.vc_custom_1650576330469{background-color: #efefef !important;background-position: 0 0;background-repeat: repeat !important;}&#8221;][vc_column][vc_row_inner][vc_column_inner width=&#8221;1\/2&#8243;][vc_empty_space][vc_column_text css_animation=&#8221;fadeInUp&#8221;]<a href=\"https:\/\/www.ataway.com\/wp-content\/uploads\/2022\/05\/Screenshot-2022-05-13-105654.png\"><img loading=\"lazy\" decoding=\"async\" class=\"alignnone wp-image-14340 size-full\" src=\"https:\/\/www.ataway.com\/wp-content\/uploads\/2022\/05\/Screenshot-2022-05-13-105654.png\" alt=\"\" width=\"597\" height=\"152\" \/><\/a>[\/vc_column_text][\/vc_column_inner][vc_column_inner width=&#8221;1\/2&#8243;][vc_column_text css_animation=&#8221;fadeInDown&#8221;]<\/p>\n<h2><span style=\"color: #ff7600;\"><strong>11 a\u00f1os de partnership<\/strong><\/span><\/h2>\n<p>[\/vc_column_text][vc_column_text css_animation=&#8221;fadeInUp&#8221; el_class=&#8221;medium&#8221;]<\/p>\n<p style=\"text-align: left;\"><strong>Ataway es un Socio Comercial autorizado y un Centro de Excelencia de Automation Anywhere desde 2015.<\/strong><\/p>\n<p style=\"text-align: left;\">Ventas, servicio profesional y mantenimiento operativo.<br \/>\n<strong>+450<\/strong> consultores biling\u00fces capacitados.<br \/>\n<strong>20<\/strong> oficinas en todo el mundo.<\/p>\n<p>[\/vc_column_text][\/vc_column_inner][\/vc_row_inner][\/vc_column][\/vc_row][vc_row full_width=&#8221;stretch_row&#8221; full_height=&#8221;yes&#8221; parallax=&#8221;content-moving-fade&#8221; parallax_image=&#8221;14342&#8243; el_class=&#8221;object-fit: cover&#8221;][vc_column width=&#8221;1\/2&#8243;][\/vc_column][vc_column width=&#8221;1\/2&#8243;][vc_column_text css_animation=&#8221;fadeInDown&#8221;]<a href=\"https:\/\/www.ataway.com\/wp-content\/uploads\/2022\/05\/Automation-anywhere-Ataway.png\"><img loading=\"lazy\" decoding=\"async\" class=\"alignnone wp-image-14341\" src=\"https:\/\/www.ataway.com\/wp-content\/uploads\/2022\/05\/Automation-anywhere-Ataway-300x51.png\" alt=\"\" width=\"400\" height=\"69\" srcset=\"https:\/\/www.ataway.com\/wp-content\/uploads\/2022\/05\/Automation-anywhere-Ataway-300x51.png 300w, https:\/\/www.ataway.com\/wp-content\/uploads\/2022\/05\/Automation-anywhere-Ataway-260x45.png 260w, https:\/\/www.ataway.com\/wp-content\/uploads\/2022\/05\/Automation-anywhere-Ataway-50x9.png 50w, https:\/\/www.ataway.com\/wp-content\/uploads\/2022\/05\/Automation-anywhere-Ataway-150x26.png 150w, https:\/\/www.ataway.com\/wp-content\/uploads\/2022\/05\/Automation-anywhere-Ataway.png 735w\" sizes=\"auto, (max-width:767px) 400px, 400px\" \/><\/a>[\/vc_column_text][vc_column_text css_animation=&#8221;fadeInUp&#8221; el_class=&#8221;medium&#8221;]<\/p>\n<h2><span style=\"color: #333333;\"><a style=\"color: #333333;\" href=\"https:\/\/www.automationanywhere.com\/la\/rpa\/robotic-process-automation\" target=\"_blank\" rel=\"noopener\"><strong>Automation Anywhere<\/strong><\/a><\/span><\/h2>\n<p id=\"tw-target-text\" class=\"tw-data-text tw-text-large tw-ta\" dir=\"ltr\" data-placeholder=\"Translation\"><span class=\"Y2IQFc\" lang=\"es\">Automation Anywhere es el l\u00edder mundial en Automatizaci\u00f3n Rob\u00f3tica de Procesos (RPA) e Inteligencia Artificial (AI). Con su soluci\u00f3n de software ofrecen la plataforma de RPA m\u00e1s implementada para permitir que todos los miembros de una organizaci\u00f3n automaticen los procesos de extremo a extremo.<\/span><\/p>\n<h2><a href=\"http:\/\/www.ataway.com.ar\" target=\"_blank\" rel=\"noopener\"><strong><span style=\"color: #333333;\">Ataway<\/span><\/strong><\/a><\/h2>\n<p>Consultores capacitados y certificados. Te guiamos a trav\u00e9s del ciclo de implementaci\u00f3n de RPA en cualquier lugar del mundo. Trabajamos en equipo para entender los requisitos del negocio y lograr la mejor soluci\u00f3n.<br \/>\nBrindamos flexibilidad a tu organizaci\u00f3n, reduciendo tus costos y mejorando el rendimiento de tus operaciones comerciales, generando un r\u00e1pido retorno de tu inversi\u00f3n (ROI).[\/vc_column_text][\/vc_column][\/vc_row][vc_row full_width=&#8221;stretch_row&#8221; parallax=&#8221;content-moving&#8221; parallax_image=&#8221;14071&#8243;][vc_column][vc_column_text css_animation=&#8221;fadeInDown&#8221;]<\/p>\n<h2 style=\"text-align: center;\"><strong><span style=\"color: #ffffff;\">\u00bfQu\u00e9 te ofrecemos desde Ataway?<\/span><\/strong><\/h2>\n<p>[\/vc_column_text][vc_row_inner][vc_column_inner width=&#8221;1\/3&#8243;][vc_column_text css_animation=&#8221;fadeInUp&#8221;]<\/p>\n<h3><span style=\"color: #ffffff;\"><strong>#1 Consultor\u00eda en RPA<\/strong><\/span><\/h3>\n<p>[\/vc_column_text][vc_column_text css_animation=&#8221;fadeInUp&#8221;]<span style=\"color: #ffffff;\">Te ayudamos con el desaf\u00edo de integrar a la perfecci\u00f3n la tecnolog\u00eda no disruptiva de RPA con los procesos y sistemas existentes en tu organizaci\u00f3n generando el m\u00ednimo impacto. Servicios de nuestra consultor\u00eda:<\/span><br \/>\n<span style=\"color: #ffffff;\"><strong>*Evaluaciones y revisiones<\/strong><\/span><br \/>\n<span style=\"color: #ffffff;\"><strong>*Identificaci\u00f3n y selecci\u00f3n de tareas automatizables de alta prioridad<\/strong><\/span><br \/>\n<span style=\"color: #ffffff;\"><strong>*Desarrollo de hojas de ruta de RPA de extremo a extremo<\/strong><\/span>[\/vc_column_text][\/vc_column_inner][vc_column_inner width=&#8221;1\/3&#8243;][vc_column_text css_animation=&#8221;fadeInUp&#8221;]<\/p>\n<h3><span style=\"color: #ffffff;\"><strong>#2 Desarrollo de RPA<\/strong><\/span><\/h3>\n<p>[\/vc_column_text][vc_column_text css_animation=&#8221;fadeInUp&#8221;]<span style=\"color: #ffffff;\">Adaptamos o creamos bots desde cero para que respondan a tus requisitos o necesidades. Utilizamos nuestra experiencia para brindar soluciones r\u00e1pidas. Atendemos el ciclo de vida completo del desarrollo:<\/span><br \/>\n<span style=\"color: #ffffff;\"><strong>*An\u00e1lisis del proceso<\/strong><\/span><br \/>\n<span style=\"color: #ffffff;\"><strong>*Desarrollo de bots<\/strong><\/span><br \/>\n<span style=\"color: #ffffff;\"><strong>*Prueba y testeo<\/strong><\/span><br \/>\n<span style=\"color: #ffffff;\"><strong>*Entrega al equipo de soporte<\/strong><\/span>[\/vc_column_text][\/vc_column_inner][vc_column_inner width=&#8221;1\/3&#8243;][vc_column_text css_animation=&#8221;fadeInUp&#8221;]<\/p>\n<h3><span style=\"color: #ffffff;\"><strong>#3 Soporte de RPA<\/strong><\/span><\/h3>\n<p>[\/vc_column_text][vc_column_text css_animation=&#8221;fadeInUp&#8221;]<span style=\"color: #ffffff;\">Implementamos RPA en un per\u00edodo corto de tiempo, y ofrecemos mantenimiento contemplando la evoluci\u00f3n y las mejoras de la soluci\u00f3n. Nuestro servicio de soporte:<\/span><br \/>\n<span style=\"color: #ffffff;\"><strong>* Administraci\u00f3n y actualizaci\u00f3n de tus procesos de RPA<\/strong><\/span><br \/>\n<span style=\"color: #ffffff;\"><strong>* Modernizaci\u00f3n de procesos para que coincidan con las variaciones y crecimiento de tus procesos comerciales.<\/strong><\/span>[\/vc_column_text][\/vc_column_inner][\/vc_row_inner][\/vc_column][\/vc_row][vc_row disable_element=&#8221;yes&#8221;][vc_column][vc_empty_space][vc_column_text css_animation=&#8221;fadeInDown&#8221;]<\/p>\n<h2 style=\"text-align: center;\"><span style=\"color: #ff7600;\"><strong>\u00a1Empiece su proceso de RPA!<\/strong><\/span><\/h2>\n<h3 style=\"text-align: center;\"><span style=\"color: #333333;\"><strong>Algunos de nuestros clientes y casos de \u00e9xito<\/strong><\/span><\/h3>\n<p>[\/vc_column_text][vc_basic_grid post_type=&#8221;post&#8221; max_items=&#8221;10&#8243; orderby=&#8221;title&#8221; initial_loading_animation=&#8221;fadeInUp&#8221; grid_id=&#8221;vc_gid:1770995503457-ff285b1d-8e26-3&#8243; taxonomies=&#8221;392&#8243;][\/vc_column][\/vc_row][vc_row full_width=&#8221;stretch_row&#8221; parallax=&#8221;content-moving&#8221; parallax_image=&#8221;42030&#8243;][vc_column][vc_column_text]<\/p>\n<h2><strong><span style=\"color: #ff7600;\">FAQ&#8217;s de Ataway y RPA<\/span><\/strong><\/h2>\n<p>[\/vc_column_text][vc_toggle title=&#8221;\u00bfQu\u00e9 es RPA y c\u00f3mo se diferencia de APA?&#8221; open=&#8221;true&#8221;]<span class=\"TextRun SCXW80951350 BCX0\" lang=\"ES-AR\" xml:lang=\"ES-AR\" data-contrast=\"auto\"><span class=\"NormalTextRun SCXW80951350 BCX0\">RPA <\/span><span class=\"NormalTextRun SCXW80951350 BCX0\">(<\/span><span class=\"NormalTextRun SCXW80951350 BCX0\">Automatizaci\u00f3n <\/span><span class=\"NormalTextRun SCXW80951350 BCX0\">R<\/span><span class=\"NormalTextRun SCXW80951350 BCX0\">ob\u00f3tica de <\/span><span class=\"NormalTextRun SCXW80951350 BCX0\">P<\/span><span class=\"NormalTextRun SCXW80951350 BCX0\">rocesos<\/span><span class=\"NormalTextRun SCXW80951350 BCX0\">) <\/span><span class=\"NormalTextRun SCXW80951350 BCX0\">automatiza tareas repetitivas; APA agrega planificaci\u00f3n, decisiones aut\u00f3nomas y adaptaci\u00f3n en tiempo real mediante agentes de IA.<\/span><\/span><span class=\"EOP SCXW80951350 BCX0\" data-ccp-props=\"{&quot;335559738&quot;:240,&quot;335559739&quot;:240}\">\u00a0<\/span>[\/vc_toggle][vc_toggle title=&#8221;\u00bfQu\u00e9 es el Process Reasoning Engine (PRE)?&#8221; open=&#8221;true&#8221;]<span class=\"TextRun SCXW225570963 BCX0\" lang=\"ES-AR\" xml:lang=\"ES-AR\" data-contrast=\"auto\"><span class=\"NormalTextRun SCXW225570963 BCX0\">Es un motor que permite a los <\/span><span class=\"NormalTextRun SpellingErrorV2Themed SCXW225570963 BCX0\">B<\/span><span class=\"NormalTextRun SpellingErrorV2Themed SCXW225570963 BCX0\">ots<\/span><span class=\"NormalTextRun SCXW225570963 BCX0\"> razonar y tomar decisiones contextuales, habilitando procesos verdaderamente inteligentes.<\/span><\/span><span class=\"EOP SCXW225570963 BCX0\" data-ccp-props=\"{&quot;335559738&quot;:240,&quot;335559739&quot;:240}\">\u00a0<\/span>[\/vc_toggle][vc_toggle title=&#8221;\u00bfQu\u00e9 tipo de empresas lo necesitan?&#8221; open=&#8221;true&#8221;]<span class=\"TextRun SCXW197300813 BCX0\" lang=\"ES-AR\" xml:lang=\"ES-AR\" data-contrast=\"auto\"><span class=\"NormalTextRun SCXW197300813 BCX0\">Empresas <\/span><span class=\"NormalTextRun SCXW197300813 BCX0\">que buscan ahorrar costos, optimizar<\/span><span class=\"NormalTextRun SCXW197300813 BCX0\"> tareas repetitivas,<\/span><span class=\"NormalTextRun SCXW197300813 BCX0\"> con<\/span><span class=\"NormalTextRun SCXW197300813 BCX0\"> alta carga operativa o que manejan m\u00faltiples sistemas<\/span><span class=\"NormalTextRun SCXW197300813 BCX0\">.<\/span> <span class=\"NormalTextRun SCXW197300813 BCX0\">E<\/span><span class=\"NormalTextRun SCXW197300813 BCX0\">specialmente sectores como banca, energ\u00eda, consumo masivo y log\u00edstica.<\/span><\/span><span class=\"EOP SCXW197300813 BCX0\" data-ccp-props=\"{&quot;335559738&quot;:240,&quot;335559739&quot;:240}\">\u00a0<\/span>[\/vc_toggle][vc_toggle title=&#8221;\u00bfQu\u00e9 resultados puedo esperar?&#8221; open=&#8221;true&#8221;]<span class=\"TextRun SCXW183872967 BCX0\" lang=\"ES-AR\" xml:lang=\"ES-AR\" data-contrast=\"auto\"><span class=\"NormalTextRun SCXW183872967 BCX0\">Reducciones de errores del 80\u202f%, ahorros del 50\u202f% al 70\u202f% en tiempos operativos y retorno de inversi\u00f3n en menos de 6 meses.<\/span><\/span><span class=\"EOP SCXW183872967 BCX0\" data-ccp-props=\"{&quot;335559738&quot;:240,&quot;335559739&quot;:240}\">\u00a0<\/span>[\/vc_toggle][vc_toggle title=&#8221;\u00bfC\u00f3mo se integra con mis sistemas actuales?&#8221; open=&#8221;true&#8221;]<span class=\"NormalTextRun SCXW164580999 BCX0\">Automation <\/span><span class=\"NormalTextRun SpellingErrorV2Themed SCXW164580999 BCX0\">Anywhere<\/span><span class=\"NormalTextRun SCXW164580999 BCX0\"> se integra f\u00e1cilmente con tus sistemas actuales actuando directamente sobre la capa de usuario (<\/span><span class=\"NormalTextRun SpellingErrorV2Themed SCXW164580999 BCX0\">front<\/span> <span class=\"NormalTextRun SpellingErrorV2Themed SCXW164580999 BCX0\">end<\/span><span class=\"NormalTextRun SCXW164580999 BCX0\">), como si fuera un colaborador m\u00e1s, sin necesidad de desarrollar integraciones complejas ni acceder a <\/span><span class=\"NormalTextRun SpellingErrorV2Themed SCXW164580999 BCX0\">APIs<\/span><span class=\"NormalTextRun SCXW164580999 BCX0\">. Esto permite automatizar procesos en aplicaciones existentes sin modificar su c\u00f3digo. Sin embargo, si se requiere, tambi\u00e9n puede integrarse mediante <\/span><span class=\"NormalTextRun SpellingErrorV2Themed SCXW164580999 BCX0\">APIs<\/span><span class=\"NormalTextRun SCXW164580999 BCX0\"> o ejecutar c\u00f3digo fuente en Python para automatizaciones m\u00e1s avanzadas<\/span><span class=\"NormalTextRun SCXW164580999 BCX0\">.<\/span>[\/vc_toggle][vc_toggle title=&#8221;\u00bfQui\u00e9n ya lo usa?&#8221; open=&#8221;true&#8221;]<span class=\"TextRun SCXW208779191 BCX0\" lang=\"ES-AR\" xml:lang=\"ES-AR\" data-contrast=\"auto\"><span class=\"NormalTextRun SCXW208779191 BCX0\">Empresas como <\/span><\/span><span class=\"TextRun SCXW208779191 BCX0\" lang=\"ES-AR\" xml:lang=\"ES-AR\" data-contrast=\"auto\"><span class=\"NormalTextRun SCXW208779191 BCX0\">Bancolombia, Cargill, Petrobras<\/span><\/span><span class=\"TextRun SCXW208779191 BCX0\" lang=\"ES-AR\" xml:lang=\"ES-AR\" data-contrast=\"auto\"><span class=\"NormalTextRun SCXW208779191 BCX0\">, <\/span><\/span><span class=\"TextRun SCXW208779191 BCX0\" lang=\"ES-AR\" xml:lang=\"ES-AR\" data-contrast=\"auto\"><span class=\"NormalTextRun SpellingErrorV2Themed SCXW208779191 BCX0\">Droger\u00eda<\/span> <span class=\"NormalTextRun SCXW208779191 BCX0\">del Sud<\/span><\/span><span class=\"TextRun SCXW208779191 BCX0\" lang=\"ES-AR\" xml:lang=\"ES-AR\" data-contrast=\"auto\"><span class=\"NormalTextRun SCXW208779191 BCX0\"> y <\/span><\/span><span class=\"TextRun SCXW208779191 BCX0\" lang=\"ES-AR\" xml:lang=\"ES-AR\" data-contrast=\"auto\"><span class=\"NormalTextRun SCXW208779191 BCX0\">Volkswagen<\/span><\/span><span class=\"TextRun SCXW208779191 BCX0\" lang=\"ES-AR\" xml:lang=\"ES-AR\" data-contrast=\"auto\"><span class=\"NormalTextRun SCXW208779191 BCX0\">, lograron resultados concretos y sostenibles.<\/span><\/span><span class=\"EOP SCXW208779191 BCX0\" data-ccp-props=\"{&quot;335559738&quot;:240,&quot;335559739&quot;:240}\">\u00a0<\/span>[\/vc_toggle][vc_toggle title=&#8221;\u00bfQu\u00e9 soporte ofrece Ataway?&#8221; open=&#8221;true&#8221;]<span class=\"TextRun SCXW249029101 BCX0\" lang=\"ES-AR\" xml:lang=\"ES-AR\" data-contrast=\"auto\"><span class=\"NormalTextRun SCXW249029101 BCX0\">Soporte funcional y t\u00e9cnico continuo (niveles 1 a 3), evoluci\u00f3n peri\u00f3dica de <\/span><span class=\"NormalTextRun SpellingErrorV2Themed SCXW249029101 BCX0\">B<\/span><span class=\"NormalTextRun SpellingErrorV2Themed SCXW249029101 BCX0\">ots<\/span><span class=\"NormalTextRun SCXW249029101 BCX0\"> y agentes, y planes de gobierno certificados.<\/span><\/span><span class=\"EOP SCXW249029101 BCX0\" data-ccp-props=\"{&quot;335559738&quot;:240,&quot;335559739&quot;:240}\">\u00a0<\/span>[\/vc_toggle][vc_toggle title=&#8221;\u00bfCu\u00e1nto tarda la implementaci\u00f3n?&#8221; open=&#8221;true&#8221;]<span class=\"TextRun SCXW201094281 BCX0\" lang=\"ES-AR\" xml:lang=\"ES-AR\" data-contrast=\"auto\"><span class=\"NormalTextRun SCXW201094281 BCX0\">Entre 4 y 9 semanas<\/span><span class=\"NormalTextRun SCXW201094281 BCX0\"> por Bot<\/span><span class=\"NormalTextRun SCXW201094281 BCX0\">, con planificaci\u00f3n, ejecuci\u00f3n y puesta en marcha acompa\u00f1adas por nuestro equipo local.<\/span><\/span><span class=\"EOP SCXW201094281 BCX0\" data-ccp-props=\"{&quot;335559738&quot;:240,&quot;335559739&quot;:240}\">\u00a0<\/span>[\/vc_toggle][\/vc_column][\/vc_row][vc_row el_id=&#8221;1-ukgcontact&#8221;][vc_column][vc_column_text css_animation=&#8221;fadeInDown&#8221;]<\/p>\n<h2 style=\"text-align: center;\"><span style=\"color: #ff7600;\"><strong>\u00a1Pide una demo!<\/strong><\/span><\/h2>\n<p>[\/vc_column_text][vc_row_inner][vc_column_inner]\n<div class=\"wpcf7 no-js\" id=\"wpcf7-f17670-o1\" lang=\"en\" dir=\"ltr\" data-wpcf7-id=\"17670\">\n<div class=\"screen-reader-response\"><p role=\"status\" aria-live=\"polite\" aria-atomic=\"true\"><\/p> <ul><\/ul><\/div>\n<form action=\"\/es-mx\/wp-json\/wp\/v2\/pages\/17789#wpcf7-f17670-o1\" method=\"post\" class=\"wpcf7-form init\" aria-label=\"Formulario de contacto\" novalidate=\"novalidate\" data-status=\"init\">\n<fieldset class=\"hidden-fields-container\"><input type=\"hidden\" name=\"_wpcf7\" value=\"17670\" \/><input type=\"hidden\" name=\"_wpcf7_version\" value=\"6.1.2\" \/><input type=\"hidden\" name=\"_wpcf7_locale\" value=\"en\" \/><input type=\"hidden\" name=\"_wpcf7_unit_tag\" value=\"wpcf7-f17670-o1\" \/><input type=\"hidden\" name=\"_wpcf7_container_post\" value=\"0\" \/><input type=\"hidden\" name=\"_wpcf7_posted_data_hash\" value=\"\" \/><input type=\"hidden\" name=\"_wpcf7_recaptcha_response\" value=\"\" \/>\n<\/fieldset>\n<div class=\"contact-form\">\n\t<p><label><span style=\"color: #333333;\"> Nombre Completo*<br \/>\n<span class=\"wpcf7-form-control-wrap\" data-name=\"your-name\"><input size=\"40\" maxlength=\"400\" class=\"wpcf7-form-control wpcf7-text\" aria-invalid=\"false\" value=\"\" type=\"text\" name=\"your-name\" \/><\/span> <\/span><\/label><br \/>\n<label><span style=\"color: #333333;\"> Email*<br \/>\n<span class=\"wpcf7-form-control-wrap\" data-name=\"your-email\"><input size=\"40\" maxlength=\"400\" class=\"wpcf7-form-control wpcf7-email wpcf7-validates-as-required wpcf7-text wpcf7-validates-as-email\" aria-required=\"true\" aria-invalid=\"false\" value=\"\" type=\"email\" name=\"your-email\" \/><\/span> <\/span><\/label><br \/>\n<label><span style=\"color: #333333;\"> Empresa*<br \/>\n<span class=\"wpcf7-form-control-wrap\" data-name=\"your-text\"><input size=\"40\" maxlength=\"400\" class=\"wpcf7-form-control wpcf7-text wpcf7-validates-as-required\" aria-required=\"true\" aria-invalid=\"false\" value=\"\" type=\"text\" name=\"your-text\" \/><\/span> <\/span><\/label>\n\t<\/p>\n<\/div>\n<div class=\"contact-form\">\n\t<p><label><span style=\"color: #333333;\"> Seleccion\u00e1 la opci\u00f3n que se adapte a tus necesidades*<br \/>\n<span class=\"wpcf7-form-control-wrap\" data-name=\"PeopleSoft\"><span class=\"wpcf7-form-control wpcf7-checkbox\"><span class=\"wpcf7-list-item first\"><input type=\"checkbox\" name=\"PeopleSoft[]\" value=\"Informaci\u00f3n de los servicios de Ataway\" \/><span class=\"wpcf7-list-item-label\">Informaci\u00f3n de los servicios de Ataway<\/span><\/span><span class=\"wpcf7-list-item\"><input type=\"checkbox\" name=\"PeopleSoft[]\" value=\"Optimizar la gesti\u00f3n financiera y contable de mi empresa\" \/><span class=\"wpcf7-list-item-label\">Optimizar la gesti\u00f3n financiera y contable de mi empresa<\/span><\/span><span class=\"wpcf7-list-item\"><input type=\"checkbox\" name=\"PeopleSoft[]\" value=\"Obtener reportes e informes en tiempo real\" \/><span class=\"wpcf7-list-item-label\">Obtener reportes e informes en tiempo real<\/span><\/span><span class=\"wpcf7-list-item last\"><input type=\"checkbox\" name=\"PeopleSoft[]\" value=\"Mejorar la administraci\u00f3n de RRHH\" \/><span class=\"wpcf7-list-item-label\">Mejorar la administraci\u00f3n de RRHH<\/span><\/span><\/span><\/span><br \/>\n\t\t\t<br \/>\n<span class=\"wpcf7-form-control-wrap\" data-name=\"PrivacyPolicy\"><span class=\"wpcf7-form-control wpcf7-acceptance\"><span class=\"wpcf7-list-item\"><label><input type=\"checkbox\" name=\"PrivacyPolicy\" value=\"1\" aria-invalid=\"false\" \/><span class=\"wpcf7-list-item-label\"><span style=\"color: #333333;\"> He le\u00eddo y acepto la <a rel=\"nofollow\" href=\"https:\/\/www.ataway.com\/es-ar\/privacy-policy\/\"> Pol\u00edtica de Privacidad<\/a>.<\/span><\/label><\/span><\/span><\/span><br \/>\n<input class=\"wpcf7-form-control wpcf7-submit has-spinner\" type=\"submit\" value=\"Enviar\" \/><br \/>\n<\/span><\/label>\n\t<\/p>\n<\/div><div class=\"wpcf7-response-output\" aria-hidden=\"true\"><\/div>\n<\/form>\n<\/div>\n[\/vc_column_inner][\/vc_row_inner][\/vc_column][\/vc_row]<\/p>\n<\/div>","protected":false},"excerpt":{"rendered":"<p>[vc_row full_width=&#8221;stretch_row&#8221; full_height=&#8221;yes&#8221; content_placement=&#8221;middle&#8221; parallax=&#8221;content-moving&#8221; parallax_image=&#8221;14389&#8243; css=&#8221;.vc_custom_1652461398637{background-color: #eaeaea !important;}&#8221;][vc_column][vc_empty_space height=&#8221;100&#8243;][vc_column_text css_animation=&#8221;fadeInDown&#8221;][\/vc_column_text][vc_column_text css_animation=&#8221;fadeInUp&#8221;] Automatizaci\u00f3n Rob\u00f3tica de Procesos (RPA) RPA es una soluci\u00f3n tecnol\u00f3gica que permite a las<span class=\"excerpt-hellip\"> [\u2026]<\/span><\/p>\n","protected":false},"author":6,"featured_media":0,"parent":11868,"menu_order":0,"comment_status":"closed","ping_status":"closed","template":"","meta":{"footnotes":""},"class_list":["post-17789","page","type-page","status-publish","hentry"],"_links":{"self":[{"href":"https:\/\/www.ataway.com\/es-mx\/wp-json\/wp\/v2\/pages\/17789","targetHints":{"allow":["GET"]}}],"collection":[{"href":"https:\/\/www.ataway.com\/es-mx\/wp-json\/wp\/v2\/pages"}],"about":[{"href":"https:\/\/www.ataway.com\/es-mx\/wp-json\/wp\/v2\/types\/page"}],"author":[{"embeddable":true,"href":"https:\/\/www.ataway.com\/es-mx\/wp-json\/wp\/v2\/users\/6"}],"replies":[{"embeddable":true,"href":"https:\/\/www.ataway.com\/es-mx\/wp-json\/wp\/v2\/comments?post=17789"}],"version-history":[{"count":6,"href":"https:\/\/www.ataway.com\/es-mx\/wp-json\/wp\/v2\/pages\/17789\/revisions"}],"predecessor-version":[{"id":45673,"href":"https:\/\/www.ataway.com\/es-mx\/wp-json\/wp\/v2\/pages\/17789\/revisions\/45673"}],"up":[{"embeddable":true,"href":"https:\/\/www.ataway.com\/es-mx\/wp-json\/wp\/v2\/pages\/11868"}],"wp:attachment":[{"href":"https:\/\/www.ataway.com\/es-mx\/wp-json\/wp\/v2\/media?parent=17789"}],"curies":[{"name":"wp","href":"https:\/\/api.w.org\/{rel}","templated":true}]}}