{"id":11862,"date":"2019-05-02T12:34:11","date_gmt":"2019-05-02T15:34:11","guid":{"rendered":"http:\/\/www.ataway.com\/?page_id=11862"},"modified":"2025-12-17T12:12:54","modified_gmt":"2025-12-17T15:12:54","slug":"conoce-ataway","status":"publish","type":"page","link":"https:\/\/www.ataway.com\/es-mx\/conoce-ataway\/","title":{"rendered":"Ataway"},"content":{"rendered":"<div class=\"wpb-content-wrapper\"><p>[vc_row full_width=&#8221;stretch_row&#8221; full_height=&#8221;yes&#8221; content_placement=&#8221;middle&#8221; parallax=&#8221;content-moving&#8221; parallax_image=&#8221;13984&#8243;][vc_column][vc_empty_space height=&#8221;100&#8243;][vc_row_inner content_placement=&#8221;middle&#8221;][vc_column_inner][vc_column_text css_animation=&#8221;fadeInDown&#8221;]<\/p>\n<h1 style=\"text-align: left;\">Problemas complejos.<\/h1>\n<h1><strong>Soluciones adaptables.<\/strong><\/h1>\n<p>[\/vc_column_text][vc_column_text css_animation=&#8221;fadeInUp&#8221; css=&#8221;.vc_custom_1746538359909{padding-bottom: 32px !important;}&#8221; el_class=&#8221;medium&#8221;]<\/p>\n<h3><span style=\"color: #ffffff;\">En Ataway, traemos nuestra experiencia, infraestructura y pasi\u00f3n al nuevo proyecto. Lo m\u00e1s importante es que nos convertimos en tu socio y trabajamos en equipo.<\/span><\/h3>\n<p>[\/vc_column_text][\/vc_column_inner][\/vc_row_inner][vc_icon type=&#8221;entypo&#8221; icon_entypo=&#8221;entypo-icon entypo-icon-down-open-big&#8221; color=&#8221;custom&#8221; background_style=&#8221;rounded&#8221; background_color=&#8221;custom&#8221; size=&#8221;sm&#8221; align=&#8221;center&#8221; custom_color=&#8221;rgba(255,255,255,0.56)&#8221; custom_background_color=&#8221;rgba(10,10,10,0.56)&#8221; el_class=&#8221;scroller-cursor-pointer&#8221;][vc_empty_space height=&#8221;8px&#8221;][\/vc_column][\/vc_row][vc_row full_width=&#8221;stretch_row&#8221; content_placement=&#8221;middle&#8221; css=&#8221;.vc_custom_1746539081026{background-color: #ffffff !important;}&#8221; el_id=&#8221;nuestra-historia&#8221;][vc_column][vc_empty_space height=&#8221;32&#8243;][vc_column_text css_animation=&#8221;fadeInDown&#8221;]<\/p>\n<h2 style=\"text-align: center;\"><span style=\"color: #333333;\">Fundada en 2000 en Par\u00eds, Ataway se ha centrado desde el principio en la creaci\u00f3n de relaciones a largo plazo con sus clientes. <strong>Nuestra misi\u00f3n es llevar tu negocio al siguiente nivel.<\/strong><\/span><\/h2>\n<p>[\/vc_column_text][vc_empty_space][vc_row_inner][vc_column_inner width=&#8221;1\/3&#8243;][vc_column_text css_animation=&#8221;fadeInUp&#8221;]<span style=\"color: #ed7502;\"><strong>QUI\u00c9NES SOMOS<\/strong><\/span><\/p>\n<hr \/>\n<h3><span style=\"color: #333333;\"><strong>Tu empresa global de consultor\u00eda.<\/strong><\/span><br \/>\n<span style=\"color: #333333;\">Ayudamos a compa\u00f1\u00edas de todo el mundo a crecer mediante tecnolog\u00edas de vanguardia y un profundo conocimiento de la industria.<\/span><\/h3>\n<p>[\/vc_column_text][\/vc_column_inner][vc_column_inner width=&#8221;1\/3&#8243;][vc_column_text css_animation=&#8221;fadeInUp&#8221;]<span style=\"color: #ed7502;\"><strong>QU\u00c9 HACEMOS<br \/>\n<\/strong><\/span><\/p>\n<hr \/>\n<h3><span style=\"color: #333333;\"><strong>Lleva tu empresa al siguiente nivel.<\/strong><\/span><br \/>\n<span style=\"color: #333333;\">Ofrecemos servicios de consultor\u00eda personalizados y soluciones innovadoras para optimizar tus operaciones, agilizar procesos y mejorar la eficiencia general.<\/span><\/h3>\n<p>[\/vc_column_text][\/vc_column_inner][vc_column_inner width=&#8221;1\/3&#8243;][vc_column_text css_animation=&#8221;fadeInUp&#8221;]<span style=\"color: #ed7502;\"><strong>POR QU\u00c9 LO HACEMOS<br \/>\n<\/strong><\/span><\/p>\n<hr \/>\n<h3><span style=\"color: #333333;\"><strong>Para liberar todo tu potencial.<\/strong><\/span><br \/>\n<span style=\"color: #333333;\">Al colaborar con Ataway, puedes enfocarte en la creatividad, la innovaci\u00f3n y el crecimiento mientras nosotros nos encargamos del resto.<\/span><\/h3>\n<p>[\/vc_column_text][\/vc_column_inner][\/vc_row_inner][\/vc_column][\/vc_row][vc_row el_id=&#8221;nuestros-partners&#8221;][vc_column][vc_column_text css_animation=&#8221;fadeInDown&#8221; el_class=&#8221;medium&#8221;]<\/p>\n<h2 style=\"text-align: center;\"><strong><span style=\"color: #ed7502;\">Una historia llena de \u00e9xitos.<br \/>\nSocios globales.<\/span><\/strong><\/h2>\n<h3 style=\"text-align: center; color: #333333;\">Nos esforzamos por convertirnos en los mejores socios de todos los tiempos.<br \/>\nLes agradecemos por su confianza a lo largo de los a\u00f1os. \u00a1Van a estar orgullosos de nosotros!<\/h3>\n<p>[\/vc_column_text][vc_row_inner][vc_column_inner width=&#8221;1\/5&#8243;][vc_single_image image=&#8221;9867&#8243; img_size=&#8221;medium&#8221; alignment=&#8221;center&#8221; onclick=&#8221;custom_link&#8221; img_link_target=&#8221;_blank&#8221; css_animation=&#8221;fadeInUp&#8221; link=&#8221;https:\/\/www.automationanywhere.com\/&#8221;][vc_column_text css_animation=&#8221;fadeInUp&#8221;]<\/p>\n<h4 style=\"text-align: center;\">RPA<\/h4>\n<h4 style=\"text-align: center;\">IQ Bots<\/h4>\n<p>[\/vc_column_text][\/vc_column_inner][vc_column_inner width=&#8221;1\/5&#8243;][vc_single_image image=&#8221;9874&#8243; img_size=&#8221;250&#215;150&#8243; alignment=&#8221;center&#8221; onclick=&#8221;custom_link&#8221; img_link_target=&#8221;_blank&#8221; css_animation=&#8221;fadeInUp&#8221; link=&#8221;https:\/\/www.oracle.com\/index.html&#8221;][vc_column_text css_animation=&#8221;fadeInUp&#8221;]<\/p>\n<h4 style=\"text-align: center;\">ERP Cloud<\/h4>\n<h4 style=\"text-align: center;\">PeopleSoft<\/h4>\n<h4 style=\"text-align: center;\">E-Business Suite<\/h4>\n<p>[\/vc_column_text][\/vc_column_inner][vc_column_inner width=&#8221;1\/5&#8243;][vc_single_image image=&#8221;12290&#8243; img_size=&#8221;240&#215;110&#8243; onclick=&#8221;custom_link&#8221; css_animation=&#8221;fadeInUp&#8221; link=&#8221;https:\/\/www.oracle.com\/index.html&#8221;][vc_column_text css_animation=&#8221;fadeInUp&#8221;]<\/p>\n<h4 style=\"text-align: center;\">HCM Cloud<\/h4>\n<p>[\/vc_column_text][\/vc_column_inner][vc_column_inner width=&#8221;1\/5&#8243;][vc_single_image image=&#8221;44924&#8243; img_size=&#8221;medium&#8221; alignment=&#8221;center&#8221; onclick=&#8221;custom_link&#8221; img_link_target=&#8221;_blank&#8221; css_animation=&#8221;fadeInUp&#8221; link=&#8221;https:\/\/www.kronos.com&#8221;][vc_column_text css_animation=&#8221;fadeInUp&#8221;]<\/p>\n<h4 style=\"text-align: center;\">Workforce Central<\/h4>\n<h4 style=\"text-align: center;\">Dimensions<\/h4>\n<p>[\/vc_column_text][\/vc_column_inner][vc_column_inner width=&#8221;1\/5&#8243;][vc_single_image image=&#8221;9865&#8243; img_size=&#8221;medium&#8221; alignment=&#8221;center&#8221; onclick=&#8221;custom_link&#8221; img_link_target=&#8221;_blank&#8221; css_animation=&#8221;fadeInUp&#8221; link=&#8221;https:\/\/www.sap.com\/index.html&#8221;][vc_column_text css_animation=&#8221;fadeInUp&#8221;]<\/p>\n<h4 style=\"text-align: center;\">SAP S\/4HANA Cloud<\/h4>\n<h4 style=\"text-align: center;\">SAP S\/4HANA<\/h4>\n<h4 style=\"text-align: center;\">Cloud ERP<\/h4>\n<h4 style=\"text-align: center;\">SAP R3<\/h4>\n<h4 style=\"text-align: center;\">SuccessFactors<\/h4>\n<p>[\/vc_column_text][\/vc_column_inner][\/vc_row_inner][\/vc_column][\/vc_row][vc_row el_id=&#8221;nuestros-valores&#8221;][vc_column][vc_column_text css_animation=&#8221;fadeInDown&#8221;]<\/p>\n<h2 style=\"text-align: center;\"><span style=\"color: #ed7502;\"><strong>Compromiso de Ataway<\/strong><\/span><\/h2>\n<p>[\/vc_column_text][vc_column_text css_animation=&#8221;fadeInUp&#8221;]<\/p>\n<h3 style=\"text-align: center;\"><em><strong><span style=\"color: #333333;\">Nuestro compromiso &#8211; <span style=\"color: #eb7932;\">T.R.U.S.T.<\/span> &#8211; representa nuestra promesa, como empresa y como individuos, de alcanzar el \u00e9xito juntos.<\/span><\/strong><\/em><\/h3>\n<p>[\/vc_column_text][\/vc_column][\/vc_row][vc_row full_width=&#8221;stretch_row_content_no_spaces&#8221;][vc_column][vc_single_image image=&#8221;14149&#8243; img_size=&#8221;full&#8221; alignment=&#8221;center&#8221; css_animation=&#8221;fadeInUp&#8221;][\/vc_column][\/vc_row][vc_row][vc_column css_animation=&#8221;fadeInUp&#8221; width=&#8221;1\/5&#8243;][vc_single_image image=&#8221;38357&#8243;][vc_column_text]#1 We Succeed as a <strong>TEAM<\/strong><\/p>\n<p>Ataway es una organizaci\u00f3n peque\u00f1a con grandes ambiciones que no pueden lograrse por una sola persona. Un gran trabajo en equipo genera grandes resultados.[\/vc_column_text][\/vc_column][vc_column css_animation=&#8221;fadeInUp&#8221; width=&#8221;1\/5&#8243;][vc_single_image image=&#8221;38309&#8243;][vc_column_text]#2 We Embrace <strong>RISKS<\/strong><\/p>\n<p>Ataway se fund\u00f3 con la audacia de tener una visi\u00f3n ambiciosa y la capacidad de asumir riesgos para hacerla realidad. Siempre nos esforzamos por alcanzar el siguiente nivel.[\/vc_column_text][\/vc_column][vc_column css_animation=&#8221;fadeInUp&#8221; width=&#8221;1\/5&#8243;][vc_single_image image=&#8221;38321&#8243;][vc_column_text]#3 It&#8217;s <strong>UP TO ME<\/strong><\/p>\n<p>Ataway valora la responsabilidad y el esp\u00edritu emprendedor. Creamos una cultura donde cada persona est\u00e1 al mando, y el crecimiento depende de cada uno de nosotros.[\/vc_column_text][\/vc_column][vc_column css_animation=&#8221;fadeInUp&#8221; width=&#8221;1\/5&#8243;][vc_single_image image=&#8221;38345&#8243;][vc_column_text]#4 We <strong>SERVE<\/strong><\/p>\n<p>Ataway es una organizaci\u00f3n de servicios con una mentalidad de servicio inigualable, tanto hacia nuestros clientes como hacia nuestros colaboradores. Creamos valor para nuestros socios, desarrollando confianza y lealtad.[\/vc_column_text][\/vc_column][vc_column css_animation=&#8221;fadeInUp&#8221; width=&#8221;1\/5&#8243;][vc_single_image image=&#8221;38333&#8243;][vc_column_text]#5 We are <strong>THANKFUL<\/strong><\/p>\n<p>Ataway se esfuerza por marcar la diferencia tanto dentro como fuera de la organizaci\u00f3n. Lo que nos define es que elegimos ayudar y asistir incluso cuando no somos los beneficiarios directos del acto.[\/vc_column_text][\/vc_column][\/vc_row][vc_row el_id=&#8221;nuestro-equipo&#8221;][vc_column][vc_column_text css_animation=&#8221;fadeInDown&#8221;]<\/p>\n<h2 style=\"text-align: center;\"><span style=\"color: #ed7502;\"><strong>Conoc\u00e9 a nuestro Equipo de Ataway Mexico<\/strong><\/span><\/h2>\n<p>[\/vc_column_text][vc_row_inner][vc_column_inner width=&#8221;1\/2&#8243;]<div class=\"team team_vertical\"><h4 class=\"title \">Ataway CEO<\/h4><div class=\"image_frame photo no_link scale-with-grid\"><div class=\"image_wrapper\"><img loading=\"lazy\" decoding=\"async\" class=\"scale-with-grid\" src=\"https:\/\/www.ataway.com\/wp-content\/uploads\/2025\/04\/aragonai-a241cd48-4f84-4e30-af5e-807a3acd1bd7-1-e1745854644123.jpeg\" alt=\"Jean-Michel Ataway CEO\" width=\"150\" height=\"182\"\/><\/div><\/div><div class=\"desc_wrapper clearfix\"><h4 class=\"desc_wrappper_title \"><b>Jean-Michel Isoir<\/b><\/h4><hr class=\"hr_color\" \/><div class=\"desc\">Jean-Michel es el CEO global de Ataway desde hace m\u00e1s de 20 a\u00f1os. Comenz\u00f3 su carrera en Deloitte y luego decidi\u00f3 fundar Ataway, una empresa de consultor\u00eda creada por consultores, para consultores.<br \/>\nEl concepto detr\u00e1s de la creaci\u00f3n de Ataway fue y sigue siendo ofrecer un mejor entorno para los consultores, enfoc\u00e1ndose en proyectos globales que muchos buscan, pero que a menudo son dif\u00edciles de conseguir en las Big Four.<br \/>\nAs\u00ed naci\u00f3 Ataway, como una organizaci\u00f3n horizontal que prioriza la comunicaci\u00f3n abierta, as\u00ed como los proyectos y entregas globales, que siguen siendo sus principales fortalezas hasta hoy.<br \/>\nJean-Michel es un CEO que apoya los proyectos de manera activa, y en ocasiones incluso participa personalmente en la entrega de servicios para clientes en distintas oficinas y pa\u00edses.<\/div><\/div><\/div>\n[vc_btn title=&#8221;Visite su perfil de LinkedIn&#8221; style=&#8221;outline&#8221; color=&#8221;warning&#8221; size=&#8221;lg&#8221; i_icon_fontawesome=&#8221;fab fa-linkedin&#8221; css_animation=&#8221;none&#8221; add_icon=&#8221;true&#8221; link=&#8221;url:https%3A%2F%2Fwww.linkedin.com%2Fin%2Fjean-michel-isoir-64970a%2F||target:%20_blank|&#8221;][\/vc_column_inner][vc_column_inner width=&#8221;1\/2&#8243;]<div class=\"team team_vertical\"><h4 class=\"title \">Director General Ataway Mexico<\/h4><div class=\"image_frame photo no_link scale-with-grid\"><div class=\"image_wrapper\"><img loading=\"lazy\" decoding=\"async\" class=\"scale-with-grid\" src=\"https:\/\/www.ataway.com\/wp-content\/uploads\/2025\/05\/Foto-PLOPEZ-e1748268150105.jpg\" alt=\"Foto &#8211; PLOPEZ\" width=\"150\" height=\"182\"\/><\/div><\/div><div class=\"desc_wrapper clearfix\"><h4 class=\"desc_wrappper_title \"><b>Pablo Lopez<\/b><\/h4><hr class=\"hr_color\" \/><div class=\"desc\">Pablo es el Director General (MD) de Ataway M\u00e9xico desde su fundaci\u00f3n en 2011, a\u00f1o en el que se incorpor\u00f3 a la compa\u00f1\u00eda. Es argentino y lleva m\u00e1s de 18 a\u00f1os viviendo en M\u00e9xico, su destino actual luego de haber residido en Santiago de Chile (2 a\u00f1os), S\u00e3o Paulo, Brasil (1 a\u00f1o) y Mil\u00e1n, Italia (1 a\u00f1o).<br \/>\nInici\u00f3 su carrera en Deloitte en 1997, lo que le da m\u00e1s de 26 a\u00f1os de experiencia en el mundo de la consultor\u00eda.<br \/>\nComenz\u00f3 como Consultor Funcional de PeopleSoft Finance, y con el tiempo evolucion\u00f3 hacia otros procesos de negocio (Procurement) y roles de liderazgo en proyectos.<br \/>\nSu perfil se caracteriza por su alta participaci\u00f3n en la operaci\u00f3n diaria, el contacto continuo con el equipo de consultores y la empat\u00eda con los clientes.<\/div><\/div><\/div>\n[vc_btn title=&#8221;Visite su perfil de LinkedIn&#8221; style=&#8221;outline&#8221; color=&#8221;warning&#8221; size=&#8221;lg&#8221; i_icon_fontawesome=&#8221;fab fa-linkedin&#8221; css_animation=&#8221;none&#8221; add_icon=&#8221;true&#8221; link=&#8221;url:https%3A%2F%2Fwww.linkedin.com%2Fin%2Fpierredunoyer%2F|target:_blank&#8221;][\/vc_column_inner][\/vc_row_inner][\/vc_column][\/vc_row][vc_row el_id=&#8221;nuestros-premios&#8221;][vc_column][vc_column_text css_animation=&#8221;fadeInDown&#8221;]<\/p>\n<h2 style=\"text-align: center;\"><span style=\"color: #ed7502;\"><strong>Premios y Reconocimientos<\/strong><\/span><\/h2>\n<p>[\/vc_column_text][vc_row_inner][vc_column_inner width=&#8221;1\/3&#8243;][vc_column_text]<a href=\"https:\/\/www.ataway.com\/wp-content\/uploads\/2025\/05\/Diseno-sin-titulo-55.png\"><img loading=\"lazy\" decoding=\"async\" class=\"alignnone wp-image-41285 aligncenter\" src=\"https:\/\/www.ataway.com\/wp-content\/uploads\/2025\/05\/Diseno-sin-titulo-55.png\" alt=\"Oracle Awards\" width=\"200\" height=\"200\" srcset=\"https:\/\/www.ataway.com\/wp-content\/uploads\/2025\/05\/Diseno-sin-titulo-55.png 300w, https:\/\/www.ataway.com\/wp-content\/uploads\/2025\/05\/Diseno-sin-titulo-55-150x150.png 150w, https:\/\/www.ataway.com\/wp-content\/uploads\/2025\/05\/Diseno-sin-titulo-55-75x75.png 75w\" sizes=\"auto, (max-width:767px) 200px, 200px\" \/><\/a><\/p>\n<h3 style=\"text-align: center;\"><span style=\"color: #333333;\"><strong>2024<\/strong><\/span><br \/>\n<span style=\"color: #333333;\">Oracle LAD Partner Award<\/span><br \/>\n<span style=\"color: #333333;\">Oracle Partner Award Finalist<\/span><br \/>\n<span style=\"color: #333333;\"><strong>Innovation<\/strong><\/span><\/h3>\n<p>[\/vc_column_text][\/vc_column_inner][vc_column_inner width=&#8221;1\/3&#8243;][vc_column_text]<a href=\"https:\/\/www.ataway.com\/wp-content\/uploads\/2025\/05\/Diseno-sin-titulo-56.png\"><img loading=\"lazy\" decoding=\"async\" class=\"aligncenter wp-image-41297\" src=\"https:\/\/www.ataway.com\/wp-content\/uploads\/2025\/05\/Diseno-sin-titulo-56.png\" alt=\"\" width=\"200\" height=\"200\" srcset=\"https:\/\/www.ataway.com\/wp-content\/uploads\/2025\/05\/Diseno-sin-titulo-56.png 300w, https:\/\/www.ataway.com\/wp-content\/uploads\/2025\/05\/Diseno-sin-titulo-56-150x150.png 150w, https:\/\/www.ataway.com\/wp-content\/uploads\/2025\/05\/Diseno-sin-titulo-56-75x75.png 75w\" sizes=\"auto, (max-width:767px) 200px, 200px\" \/><\/a><\/p>\n<h3 style=\"text-align: center;\"><span style=\"color: #333333;\"><strong>FY2024<\/strong><\/span><br \/>\n<span style=\"color: #333333;\">Oracle Partner Executive Forum<\/span><br \/>\n<span style=\"color: #333333;\">Recognition<\/span><br \/>\n<span style=\"color: #333333;\"><strong>Innovation<\/strong><\/span><\/h3>\n<p>[\/vc_column_text][\/vc_column_inner][vc_column_inner width=&#8221;1\/3&#8243;][vc_column_text]<span style=\"color: #333333;\"><a style=\"color: #333333;\" href=\"https:\/\/www.ataway.com\/wp-content\/uploads\/2025\/05\/1ST.png\"><img loading=\"lazy\" decoding=\"async\" class=\"wp-image-41309 aligncenter\" src=\"https:\/\/www.ataway.com\/wp-content\/uploads\/2025\/05\/1ST.png\" alt=\"\" width=\"200\" height=\"200\" srcset=\"https:\/\/www.ataway.com\/wp-content\/uploads\/2025\/05\/1ST.png 300w, https:\/\/www.ataway.com\/wp-content\/uploads\/2025\/05\/1ST-150x150.png 150w, https:\/\/www.ataway.com\/wp-content\/uploads\/2025\/05\/1ST-75x75.png 75w\" sizes=\"auto, (max-width:767px) 200px, 200px\" \/><\/a><\/span><\/p>\n<h3 style=\"text-align: center;\"><span style=\"color: #333333;\"><strong>FY2024<\/strong><\/span><br \/>\n<span style=\"color: #333333;\">Oracle Service Partner<\/span><br \/>\n<span style=\"color: #333333;\">Implementation Service Award<\/span><br \/>\n<span style=\"color: #333333;\"><strong>Expertise Leader<\/strong><\/span><\/h3>\n<p>[\/vc_column_text][\/vc_column_inner][\/vc_row_inner][vc_row_inner][vc_column_inner width=&#8221;1\/3&#8243;][vc_column_text]<a href=\"https:\/\/www.ataway.com\/wp-content\/uploads\/2025\/05\/1ST-1.png\"><img loading=\"lazy\" decoding=\"async\" class=\"wp-image-41322 aligncenter\" src=\"https:\/\/www.ataway.com\/wp-content\/uploads\/2025\/05\/1ST-1.png\" alt=\"\" width=\"200\" height=\"200\" srcset=\"https:\/\/www.ataway.com\/wp-content\/uploads\/2025\/05\/1ST-1.png 300w, https:\/\/www.ataway.com\/wp-content\/uploads\/2025\/05\/1ST-1-150x150.png 150w, https:\/\/www.ataway.com\/wp-content\/uploads\/2025\/05\/1ST-1-75x75.png 75w\" sizes=\"auto, (max-width:767px) 200px, 200px\" \/><\/a><\/p>\n<h3 style=\"text-align: center;\"><span style=\"color: #333333;\"><strong>FY2023<\/strong><\/span><br \/>\n<span style=\"color: #333333;\">A&amp;C Apps LAD Oracle<\/span><br \/>\n<span style=\"color: #333333;\">Oracle Special Recognition\u00a0<\/span><br \/>\n<span style=\"color: #333333;\"><strong>HCM<\/strong><\/span><\/h3>\n<p>[\/vc_column_text][\/vc_column_inner][vc_column_inner width=&#8221;1\/3&#8243;][vc_column_text]<a href=\"https:\/\/www.ataway.com\/wp-content\/uploads\/2025\/05\/1ST-2.png\"><img loading=\"lazy\" decoding=\"async\" class=\"wp-image-41334 aligncenter\" src=\"https:\/\/www.ataway.com\/wp-content\/uploads\/2025\/05\/1ST-2.png\" alt=\"\" width=\"200\" height=\"200\" srcset=\"https:\/\/www.ataway.com\/wp-content\/uploads\/2025\/05\/1ST-2.png 300w, https:\/\/www.ataway.com\/wp-content\/uploads\/2025\/05\/1ST-2-150x150.png 150w, https:\/\/www.ataway.com\/wp-content\/uploads\/2025\/05\/1ST-2-75x75.png 75w\" sizes=\"auto, (max-width:767px) 200px, 200px\" \/><\/a><\/p>\n<h3 style=\"text-align: center;\"><span style=\"color: #333333;\"><strong>FY2023<\/strong><\/span><br \/>\n<span style=\"color: #333333;\">A&amp;C Apps LAD Oracle<\/span><br \/>\n<span style=\"color: #333333;\">Oracle Partner Award<\/span><br \/>\n<span style=\"color: #333333;\"><strong>Expertise Partners<\/strong><\/span><\/h3>\n<p>[\/vc_column_text][\/vc_column_inner][vc_column_inner width=&#8221;1\/3&#8243;][\/vc_column_inner][\/vc_row_inner][\/vc_column][\/vc_row][vc_row][vc_column][vc_column_text el_class=&#8221;big&#8221;]<\/p>\n<h2 style=\"text-align: center;\"><span style=\"color: #ed7502;\">\u00bfListo para dar el siguiente paso con Ataway?<br \/>\nDescubre c\u00f3mo podemos acompa\u00f1arte en tu transformaci\u00f3n.<\/span><\/h2>\n<p>[\/vc_column_text][vc_btn title=&#8221;\u00a1Contactanos!&#8221; style=&#8221;custom&#8221; custom_background=&#8221;#ed7502&#8243; custom_text=&#8221;#ffffff&#8221; size=&#8221;lg&#8221; align=&#8221;center&#8221; link=&#8221;url:https%3A%2F%2Fwww.ataway.com%2Fes-mx%2Fcontacto%2F|target:_blank&#8221; el_class=&#8221;big&#8221;][vc_empty_space height=&#8221;14px&#8221;][\/vc_column][\/vc_row]<\/p>\n<\/div>","protected":false},"excerpt":{"rendered":"<p>[vc_row full_width=&#8221;stretch_row&#8221; full_height=&#8221;yes&#8221; content_placement=&#8221;middle&#8221; parallax=&#8221;content-moving&#8221; parallax_image=&#8221;13984&#8243;][vc_column][vc_empty_space height=&#8221;100&#8243;][vc_row_inner content_placement=&#8221;middle&#8221;][vc_column_inner][vc_column_text css_animation=&#8221;fadeInDown&#8221;] Problemas complejos. Soluciones adaptables. [\/vc_column_text][vc_column_text css_animation=&#8221;fadeInUp&#8221; css=&#8221;.vc_custom_1746538359909{padding-bottom: 32px !important;}&#8221; el_class=&#8221;medium&#8221;] En Ataway, traemos nuestra experiencia, infraestructura y<span class=\"excerpt-hellip\"> [\u2026]<\/span><\/p>\n","protected":false},"author":6,"featured_media":-1,"parent":0,"menu_order":0,"comment_status":"closed","ping_status":"closed","template":"","meta":{"footnotes":""},"class_list":["post-11862","page","type-page","status-publish","has-post-thumbnail","hentry"],"_links":{"self":[{"href":"https:\/\/www.ataway.com\/es-mx\/wp-json\/wp\/v2\/pages\/11862","targetHints":{"allow":["GET"]}}],"collection":[{"href":"https:\/\/www.ataway.com\/es-mx\/wp-json\/wp\/v2\/pages"}],"about":[{"href":"https:\/\/www.ataway.com\/es-mx\/wp-json\/wp\/v2\/types\/page"}],"author":[{"embeddable":true,"href":"https:\/\/www.ataway.com\/es-mx\/wp-json\/wp\/v2\/users\/6"}],"replies":[{"embeddable":true,"href":"https:\/\/www.ataway.com\/es-mx\/wp-json\/wp\/v2\/comments?post=11862"}],"version-history":[{"count":20,"href":"https:\/\/www.ataway.com\/es-mx\/wp-json\/wp\/v2\/pages\/11862\/revisions"}],"predecessor-version":[{"id":45265,"href":"https:\/\/www.ataway.com\/es-mx\/wp-json\/wp\/v2\/pages\/11862\/revisions\/45265"}],"wp:featuredmedia":[{"embeddable":true,"href":"https:\/\/www.ataway.com\/es-mx\/wp-json\/"}],"wp:attachment":[{"href":"https:\/\/www.ataway.com\/es-mx\/wp-json\/wp\/v2\/media?parent=11862"}],"curies":[{"name":"wp","href":"https:\/\/api.w.org\/{rel}","templated":true}]}}