{"id":41988,"date":"2019-10-15T10:41:27","date_gmt":"2019-10-15T13:41:27","guid":{"rendered":"https:\/\/www.ataway.com\/soluciones\/ukg\/"},"modified":"2025-12-17T13:13:21","modified_gmt":"2025-12-17T16:13:21","slug":"ukg","status":"publish","type":"page","link":"https:\/\/www.ataway.com\/es-cl\/soluciones\/ukg\/","title":{"rendered":"UKG Gesti\u00f3n de la Fuerza Laboral"},"content":{"rendered":"<div class=\"wpb-content-wrapper\"><p>[vc_row full_width=&#8221;stretch_row&#8221; full_height=&#8221;yes&#8221; content_placement=&#8221;middle&#8221; parallax=&#8221;content-moving&#8221; parallax_image=&#8221;14262&#8243; css=&#8221;.vc_custom_1650384048036{background-color: #eaeaea !important;}&#8221;][vc_column][vc_empty_space height=&#8221;100&#8243;][vc_column_text css_animation=&#8221;fadeInDown&#8221;]<\/p>\n<h1 style=\"text-align: left;\"><img loading=\"lazy\" decoding=\"async\" class=\"alignnone wp-image-44910 size-medium\" src=\"https:\/\/www.ataway.com\/wp-content\/uploads\/2025\/11\/UKG-Ataway-300x90.png\" alt=\"\" width=\"300\" height=\"90\" srcset=\"https:\/\/www.ataway.com\/wp-content\/uploads\/2025\/11\/UKG-Ataway-300x90.png 300w, https:\/\/www.ataway.com\/wp-content\/uploads\/2025\/11\/UKG-Ataway-1024x307.png 1024w, https:\/\/www.ataway.com\/wp-content\/uploads\/2025\/11\/UKG-Ataway-768x230.png 768w, https:\/\/www.ataway.com\/wp-content\/uploads\/2025\/11\/UKG-Ataway-1536x461.png 1536w, https:\/\/www.ataway.com\/wp-content\/uploads\/2025\/11\/UKG-Ataway-2048x614.png 2048w, https:\/\/www.ataway.com\/wp-content\/uploads\/2025\/11\/UKG-Ataway-150x45.png 150w, https:\/\/www.ataway.com\/wp-content\/uploads\/2025\/11\/UKG-Ataway-480x144.png 480w\" sizes=\"auto, (max-width:767px) 300px, 300px\" \/><\/h1>\n<p>[\/vc_column_text][vc_column_text css_animation=&#8221;fadeInUp&#8221;]<\/p>\n<h2><strong><span style=\"color: #ffffff;\">\u00bfTu negocio est\u00e1 listo para automatizar la tediosa tarea de monitorear la asistencia y el tiempo de tus empleados, el seguimiento laboral y la recopilaci\u00f3n de datos?<\/span><\/strong><\/h2>\n<h3><span style=\"color: #ffffff;\">Ataway brinda servicios profesionales de alta calidad en la introducci\u00f3n de UKG (Kronos), la venta de licencias y actualizaci\u00f3n de versiones, el mantenimiento y la consultor\u00eda, seg\u00fan las necesidades del cliente.\u00a0UKG Pro Workforce Management.<\/span><\/h3>\n<p>[\/vc_column_text][vc_btn title=&#8221;\u00a1Ped\u00ed una demo!&#8221; style=&#8221;outline&#8221; color=&#8221;white&#8221; size=&#8221;lg&#8221; css_animation=&#8221;bounceInUp&#8221; link=&#8221;url:%231-ukgcontact|||rel:nofollow&#8221;][vc_empty_space height=&#8221;16px&#8221;][vc_icon type=&#8221;entypo&#8221; icon_entypo=&#8221;entypo-icon entypo-icon-down-open-big&#8221; color=&#8221;white&#8221; background_style=&#8221;rounded&#8221; background_color=&#8221;custom&#8221; size=&#8221;sm&#8221; align=&#8221;center&#8221; custom_background_color=&#8221;rgba(10,10,10,0.56)&#8221; el_class=&#8221;scroller-cursor-pointer&#8221;][\/vc_column][\/vc_row][vc_row full_width=&#8221;stretch_row&#8221; content_placement=&#8221;middle&#8221; css=&#8221;.vc_custom_1560523572547{background-color: #ffffff !important;}&#8221; el_id=&#8221;scroller-second-frame&#8221;][vc_column][vc_empty_space height=&#8221;16&#8243;][vc_row_inner][vc_column_inner][vc_column_text css_animation=&#8221;fadeInDown&#8221;]<\/p>\n<h2 style=\"text-align: left;\"><span style=\"color: #333333;\"><strong>Beneficios de introducir la gesti\u00f3n de la fuerza laboral<\/strong><br \/>\n<\/span><\/h2>\n<p>[\/vc_column_text][vc_column_text css_animation=&#8221;fadeInUp&#8221; el_class=&#8221;medium&#8221;]El recurso humano es el activo m\u00e1s valioso de una empresa. Sin embargo, sin un sistema de gesti\u00f3n laboral eficaz, los activos pueden transformarse en pasivos. La plataforma de gesti\u00f3n del capital humano (HCM) de UKG (Kronos) utiliza un conjunto de herramientas completo para ayudar a gestionar el ciclo de vida de los empleados de muchas maneras.<\/p>\n<p><strong>* Caracter\u00edsticas variadas<\/strong> para satisfacer cualquier necesidad de administraci\u00f3n laboral.<\/p>\n<p><strong>* Integraci\u00f3n con sistemas<\/strong> de ERP o HCM actuales.<\/p>\n<p><strong>* Optimizaci\u00f3n de procesos<\/strong> comerciales y personales para<strong> crear m\u00e1s valor<\/strong> y <strong>reducir los costos laborales.<\/strong><\/p>\n<p><strong>* Minimizaci\u00f3n de riesgos de cumplimiento.<\/strong><\/p>\n<p><strong>* Aumento de productividad laboral.<\/strong>[\/vc_column_text][\/vc_column_inner][\/vc_row_inner][\/vc_column][\/vc_row][vc_row full_width=&#8221;stretch_row&#8221; parallax=&#8221;content-moving&#8221; parallax_image=&#8221;14288&#8243; css=&#8221;.vc_custom_1650576330469{background-color: #efefef !important;background-position: 0 0;background-repeat: repeat !important;}&#8221;][vc_column][vc_row_inner][vc_column_inner width=&#8221;1\/2&#8243;][vc_empty_space][vc_column_text css_animation=&#8221;fadeInUp&#8221;]<a href=\"https:\/\/www.ataway.com\/wp-content\/uploads\/2022\/04\/UKG_Certified-Partner.png\">\u00a0\u00a0\u00a0\u00a0\u00a0\u00a0\u00a0\u00a0\u00a0<\/a><img loading=\"lazy\" decoding=\"async\" class=\"alignnone wp-image-44885 \" src=\"https:\/\/www.ataway.com\/wp-content\/uploads\/2025\/11\/1-UKG-Partner-Network_partner-stacked-contrasting-teal-300x224.png\" alt=\"\" width=\"157\" height=\"117\" srcset=\"https:\/\/www.ataway.com\/wp-content\/uploads\/2025\/11\/1-UKG-Partner-Network_partner-stacked-contrasting-teal-300x224.png 300w, https:\/\/www.ataway.com\/wp-content\/uploads\/2025\/11\/1-UKG-Partner-Network_partner-stacked-contrasting-teal-1024x766.png 1024w, https:\/\/www.ataway.com\/wp-content\/uploads\/2025\/11\/1-UKG-Partner-Network_partner-stacked-contrasting-teal-768x575.png 768w, https:\/\/www.ataway.com\/wp-content\/uploads\/2025\/11\/1-UKG-Partner-Network_partner-stacked-contrasting-teal-100x75.png 100w, https:\/\/www.ataway.com\/wp-content\/uploads\/2025\/11\/1-UKG-Partner-Network_partner-stacked-contrasting-teal-1280x962.png 1280w, https:\/\/www.ataway.com\/wp-content\/uploads\/2025\/11\/1-UKG-Partner-Network_partner-stacked-contrasting-teal-960x720.png 960w, https:\/\/www.ataway.com\/wp-content\/uploads\/2025\/11\/1-UKG-Partner-Network_partner-stacked-contrasting-teal-480x359.png 480w, https:\/\/www.ataway.com\/wp-content\/uploads\/2025\/11\/1-UKG-Partner-Network_partner-stacked-contrasting-teal.png 1286w\" sizes=\"auto, (max-width:767px) 157px, 157px\" \/><img loading=\"lazy\" decoding=\"async\" class=\"alignnone wp-image-44923 size-medium\" src=\"https:\/\/www.ataway.com\/wp-content\/uploads\/2025\/11\/UKG-Partner-Network_authorized-reseller-stacked-contrasting-teal-300x112.png\" alt=\"\" width=\"300\" height=\"112\" srcset=\"https:\/\/www.ataway.com\/wp-content\/uploads\/2025\/11\/UKG-Partner-Network_authorized-reseller-stacked-contrasting-teal-300x112.png 300w, https:\/\/www.ataway.com\/wp-content\/uploads\/2025\/11\/UKG-Partner-Network_authorized-reseller-stacked-contrasting-teal-1024x384.png 1024w, https:\/\/www.ataway.com\/wp-content\/uploads\/2025\/11\/UKG-Partner-Network_authorized-reseller-stacked-contrasting-teal-768x288.png 768w, https:\/\/www.ataway.com\/wp-content\/uploads\/2025\/11\/UKG-Partner-Network_authorized-reseller-stacked-contrasting-teal-1536x576.png 1536w, https:\/\/www.ataway.com\/wp-content\/uploads\/2025\/11\/UKG-Partner-Network_authorized-reseller-stacked-contrasting-teal-2048x768.png 2048w, https:\/\/www.ataway.com\/wp-content\/uploads\/2025\/11\/UKG-Partner-Network_authorized-reseller-stacked-contrasting-teal-150x56.png 150w, https:\/\/www.ataway.com\/wp-content\/uploads\/2025\/11\/UKG-Partner-Network_authorized-reseller-stacked-contrasting-teal-480x180.png 480w\" sizes=\"auto, (max-width:767px) 300px, 300px\" \/>[\/vc_column_text][\/vc_column_inner][vc_column_inner width=&#8221;1\/2&#8243;][vc_column_text css_animation=&#8221;fadeInDown&#8221;]<\/p>\n<h2><span style=\"color: #333333;\"><strong>10 a\u00f1os de partnership<\/strong><\/span><\/h2>\n<p>[\/vc_column_text][vc_column_text css_animation=&#8221;fadeInUp&#8221; el_class=&#8221;medium&#8221;]<\/p>\n<p style=\"text-align: left;\"><strong>Socios de servicio y revendedores de UKG desde 2015.<\/strong><br \/>\nVentas, servicio profesional y mantenimiento operativo.<br \/>\n<strong>+450<\/strong> consultores biling\u00fces capacitados.<br \/>\n<strong>20<\/strong> oficinas en todo el mundo.<\/p>\n<p>[\/vc_column_text][\/vc_column_inner][\/vc_row_inner][\/vc_column][\/vc_row][vc_row full_width=&#8221;stretch_row&#8221; full_height=&#8221;yes&#8221; parallax=&#8221;content-moving-fade&#8221; parallax_image=&#8221;14290&#8243; el_class=&#8221;object-fit: cover&#8221;][vc_column width=&#8221;2\/3&#8243;][\/vc_column][vc_column width=&#8221;1\/3&#8243;][vc_column_text css_animation=&#8221;fadeInDown&#8221;]<img loading=\"lazy\" decoding=\"async\" class=\"alignnone wp-image-44935 size-medium\" src=\"https:\/\/www.ataway.com\/wp-content\/uploads\/2025\/11\/MX-15-anos-1-300x90.png\" alt=\"\" width=\"300\" height=\"90\" srcset=\"https:\/\/www.ataway.com\/wp-content\/uploads\/2025\/11\/MX-15-anos-1-300x90.png 300w, https:\/\/www.ataway.com\/wp-content\/uploads\/2025\/11\/MX-15-anos-1-1024x307.png 1024w, https:\/\/www.ataway.com\/wp-content\/uploads\/2025\/11\/MX-15-anos-1-768x230.png 768w, https:\/\/www.ataway.com\/wp-content\/uploads\/2025\/11\/MX-15-anos-1-1536x461.png 1536w, https:\/\/www.ataway.com\/wp-content\/uploads\/2025\/11\/MX-15-anos-1-2048x614.png 2048w, https:\/\/www.ataway.com\/wp-content\/uploads\/2025\/11\/MX-15-anos-1-150x45.png 150w, https:\/\/www.ataway.com\/wp-content\/uploads\/2025\/11\/MX-15-anos-1-480x144.png 480w\" sizes=\"auto, (max-width:767px) 300px, 300px\" \/>[\/vc_column_text][vc_column_text css_animation=&#8221;fadeInUp&#8221; el_class=&#8221;medium&#8221;]<\/p>\n<h2><a href=\"https:\/\/www.ukg.mx\/\"><strong><span style=\"color: #333333;\">UKG (Kronos)<\/span><\/strong><\/a><\/h2>\n<p>L\u00edder en el mercado de soluciones de administraci\u00f3n de la fuerza laboral. UKG simplifica las tareas complejas de gesti\u00f3n laboral, como la gesti\u00f3n de asistencia, de recursos humanos y de n\u00f3mina.<\/p>\n<h2><a href=\"http:\/\/www.ataway.com.ar\"><strong><span style=\"color: #333333;\">Ataway<\/span><\/strong><\/a><\/h2>\n<p>Experiencia en implementaci\u00f3n de sistemas y habilidades t\u00e9cnicas para que tu proyecto sea un \u00e9xito. Contamos con un equipo con historial exitoso en grandes proyectos para todas las industrias.[\/vc_column_text][\/vc_column][\/vc_row][vc_row][vc_column][vc_empty_space][vc_column_text css_animation=&#8221;fadeInDown&#8221;]<\/p>\n<h3 style=\"text-align: center;\"><span style=\"color: #333333;\"><strong>Algunos de nuestros clientes y casos de \u00e9xito<\/strong><\/span><\/h3>\n<p>[\/vc_column_text][vc_basic_grid post_type=&#8221;post&#8221; max_items=&#8221;10&#8243; orderby=&#8221;title&#8221; initial_loading_animation=&#8221;fadeInUp&#8221; grid_id=&#8221;vc_gid:1765987975602-88ae0457-5904-5&#8243; taxonomies=&#8221;449&#8243;][\/vc_column][\/vc_row][vc_row el_id=&#8221;1-ukgcontact&#8221;][vc_column][vc_column_text css_animation=&#8221;fadeInDown&#8221;]<\/p>\n<h2 style=\"text-align: center;\"><span style=\"color: #333333;\"><strong>\u00a1Empez\u00e1 hoy!<\/strong><\/span><\/h2>\n<p>[\/vc_column_text][vc_row_inner][vc_column_inner]\n<div class=\"wpcf7 no-js\" id=\"wpcf7-f41537-o1\" lang=\"en\" dir=\"ltr\" data-wpcf7-id=\"41537\">\n<div class=\"screen-reader-response\"><p role=\"status\" aria-live=\"polite\" aria-atomic=\"true\"><\/p> <ul><\/ul><\/div>\n<form action=\"\/es-cl\/wp-json\/wp\/v2\/pages\/41988#wpcf7-f41537-o1\" method=\"post\" class=\"wpcf7-form init\" aria-label=\"Contact form\" novalidate=\"novalidate\" data-status=\"init\">\n<fieldset class=\"hidden-fields-container\"><input type=\"hidden\" name=\"_wpcf7\" value=\"41537\" \/><input type=\"hidden\" name=\"_wpcf7_version\" value=\"6.1.2\" \/><input type=\"hidden\" name=\"_wpcf7_locale\" value=\"en\" \/><input type=\"hidden\" name=\"_wpcf7_unit_tag\" value=\"wpcf7-f41537-o1\" \/><input type=\"hidden\" name=\"_wpcf7_container_post\" value=\"0\" \/><input type=\"hidden\" name=\"_wpcf7_posted_data_hash\" value=\"\" \/><input type=\"hidden\" name=\"_wpcf7_recaptcha_response\" value=\"\" \/>\n<\/fieldset>\n<div class=\"contact-form\">\n\t<p><label><span style=\"color: #333333;\"> Nombre Completo*<br \/>\n<span class=\"wpcf7-form-control-wrap\" data-name=\"your-name\"><input size=\"40\" maxlength=\"400\" class=\"wpcf7-form-control wpcf7-text wpcf7-validates-as-required\" aria-required=\"true\" aria-invalid=\"false\" value=\"\" type=\"text\" name=\"your-name\" \/><\/span> <\/span><\/label><br \/>\n<label><span style=\"color: #333333;\"> Email*<br \/>\n<span class=\"wpcf7-form-control-wrap\" data-name=\"your-email\"><input size=\"40\" maxlength=\"400\" class=\"wpcf7-form-control wpcf7-email wpcf7-validates-as-required wpcf7-text wpcf7-validates-as-email\" aria-required=\"true\" aria-invalid=\"false\" value=\"\" type=\"email\" name=\"your-email\" \/><\/span> <\/span><\/label><br \/>\n<label><span style=\"color: #333333;\"> Empresa*<br \/>\n<span class=\"wpcf7-form-control-wrap\" data-name=\"your-text\"><input size=\"40\" maxlength=\"400\" class=\"wpcf7-form-control wpcf7-text wpcf7-validates-as-required\" aria-required=\"true\" aria-invalid=\"false\" value=\"\" type=\"text\" name=\"your-text\" \/><\/span> <\/span><\/label><br \/>\n<label><span style=\"color: #333333;\"> Cargo*<br \/>\n<span class=\"wpcf7-form-control-wrap\" data-name=\"your-position\"><input size=\"40\" maxlength=\"400\" class=\"wpcf7-form-control wpcf7-text wpcf7-validates-as-required\" aria-required=\"true\" aria-invalid=\"false\" value=\"\" type=\"text\" name=\"your-position\" \/><\/span> <\/span><\/label>\n\t<\/p>\n<\/div>\n<div class=\"contact-form\">\n\t<p><label><span style=\"color: #333333;\"> C\u00f3mo supiste de Ataway?<br \/>\n<span class=\"wpcf7-form-control-wrap\" data-name=\"option\"><select class=\"wpcf7-form-control wpcf7-select\" aria-invalid=\"false\" name=\"option\"><option value=\"Seleccionar una opci\u00f3n\">Seleccionar una opci\u00f3n<\/option><option value=\"Recommendaci\u00f3n\">Recommendaci\u00f3n<\/option><option value=\"Motor de B\u00fasqueda\">Motor de B\u00fasqueda<\/option><option value=\"LinkedIn\">LinkedIn<\/option><option value=\"Partner Marketplace\">Partner Marketplace<\/option><option value=\"Evento\">Evento<\/option><option value=\"Otros\">Otros<\/option><\/select><\/span><\/span><\/label><br \/>\n<label><span style=\"color: #333333;\"> Mensaje*<br \/>\n<span class=\"wpcf7-form-control-wrap\" data-name=\"your-message\"><textarea cols=\"40\" rows=\"10\" maxlength=\"2000\" class=\"wpcf7-form-control wpcf7-textarea wpcf7-validates-as-required\" aria-required=\"true\" aria-invalid=\"false\" name=\"your-message\"><\/textarea><\/span> <\/span><\/label>\n\t<\/p>\n\n\t<p><span class=\"wpcf7-form-control-wrap\" data-name=\"PrivacyPolicy\"><span class=\"wpcf7-form-control wpcf7-acceptance\"><span class=\"wpcf7-list-item\"><label><input type=\"checkbox\" name=\"PrivacyPolicy\" value=\"1\" aria-invalid=\"false\" \/><span class=\"wpcf7-list-item-label\"><span style=\"color: #333333;\"> He le\u00eddo y acepto la <a rel=\"nofollow\" href=\"https:\/\/www.ataway.com\/es-ar\/privacy-policy\/\"> Pol\u00edtica de Privacidad<\/a>.<\/span><\/label><\/span><\/span><\/span>\n\t<\/p>\n\t<p><input class=\"wpcf7-form-control wpcf7-submit has-spinner\" type=\"submit\" value=\"Enviar\" \/>\n\t<\/p>\n<\/div><div class=\"wpcf7-response-output\" aria-hidden=\"true\"><\/div>\n<\/form>\n<\/div>\n[\/vc_column_inner][\/vc_row_inner][\/vc_column][\/vc_row]<\/p>\n<\/div>","protected":false},"excerpt":{"rendered":"<p>[vc_row full_width=&#8221;stretch_row&#8221; full_height=&#8221;yes&#8221; content_placement=&#8221;middle&#8221; parallax=&#8221;content-moving&#8221; parallax_image=&#8221;14262&#8243; css=&#8221;.vc_custom_1650384048036{background-color: #eaeaea !important;}&#8221;][vc_column][vc_empty_space height=&#8221;100&#8243;][vc_column_text css_animation=&#8221;fadeInDown&#8221;] [\/vc_column_text][vc_column_text css_animation=&#8221;fadeInUp&#8221;] \u00bfTu negocio est\u00e1 listo para automatizar la tediosa tarea de monitorear la asistencia<span class=\"excerpt-hellip\"> [\u2026]<\/span><\/p>\n","protected":false},"author":6,"featured_media":-1,"parent":14854,"menu_order":0,"comment_status":"closed","ping_status":"closed","template":"","meta":{"footnotes":""},"class_list":["post-41988","page","type-page","status-publish","has-post-thumbnail","hentry"],"_links":{"self":[{"href":"https:\/\/www.ataway.com\/es-cl\/wp-json\/wp\/v2\/pages\/41988","targetHints":{"allow":["GET"]}}],"collection":[{"href":"https:\/\/www.ataway.com\/es-cl\/wp-json\/wp\/v2\/pages"}],"about":[{"href":"https:\/\/www.ataway.com\/es-cl\/wp-json\/wp\/v2\/types\/page"}],"author":[{"embeddable":true,"href":"https:\/\/www.ataway.com\/es-cl\/wp-json\/wp\/v2\/users\/6"}],"replies":[{"embeddable":true,"href":"https:\/\/www.ataway.com\/es-cl\/wp-json\/wp\/v2\/comments?post=41988"}],"version-history":[{"count":5,"href":"https:\/\/www.ataway.com\/es-cl\/wp-json\/wp\/v2\/pages\/41988\/revisions"}],"predecessor-version":[{"id":45370,"href":"https:\/\/www.ataway.com\/es-cl\/wp-json\/wp\/v2\/pages\/41988\/revisions\/45370"}],"up":[{"embeddable":true,"href":"https:\/\/www.ataway.com\/es-cl\/wp-json\/wp\/v2\/pages\/14854"}],"wp:featuredmedia":[{"embeddable":true,"href":"https:\/\/www.ataway.com\/es-cl\/wp-json\/"}],"wp:attachment":[{"href":"https:\/\/www.ataway.com\/es-cl\/wp-json\/wp\/v2\/media?parent=41988"}],"curies":[{"name":"wp","href":"https:\/\/api.w.org\/{rel}","templated":true}]}}