{"id":41984,"date":"2025-05-30T10:30:02","date_gmt":"2025-05-30T13:30:02","guid":{"rendered":"https:\/\/www.ataway.com\/soluciones\/ukg-eclock\/"},"modified":"2025-06-27T16:42:35","modified_gmt":"2025-06-27T19:42:35","slug":"ukg-eclock","status":"publish","type":"page","link":"https:\/\/www.ataway.com\/es-cl\/soluciones\/ukg-eclock\/","title":{"rendered":"UKG e-clock"},"content":{"rendered":"<div class=\"wpb-content-wrapper\"><p>[vc_row full_width=&#8221;stretch_row&#8221; full_height=&#8221;yes&#8221; content_placement=&#8221;middle&#8221; parallax=&#8221;content-moving&#8221; parallax_image=&#8221;41495&#8243; css=&#8221;.vc_custom_1748614146382{background-color: #eaeaea !important;}&#8221;][vc_column][vc_empty_space height=&#8221;100&#8243;][vc_row_inner][vc_column_inner width=&#8221;5\/6&#8243;][vc_column_text]<\/p>\n<h1><span style=\"color: #ffffff;\"><strong>Ataway e-clock: Registro de asistencia inteligente y sin contacto<\/strong><\/span><\/h1>\n<p>[\/vc_column_text][vc_column_text]<\/p>\n<h2><span style=\"color: #ffffff;\"><em>Moderniz\u00e1 el control horario en tu organizaci\u00f3n con Ataway e-clock, una soluci\u00f3n desarrollada por Ataway que permite registrar fichadas de manera eficiente, segura y completamente integrada a UKG.<\/em><\/span><\/h2>\n<p>[\/vc_column_text][\/vc_column_inner][vc_column_inner width=&#8221;1\/6&#8243;][\/vc_column_inner][\/vc_row_inner][vc_btn title=&#8221;\u00a1Descubr\u00ed c\u00f3mo OCI puede optimizar tu infraestructura!&#8221; style=&#8221;outline&#8221; color=&#8221;white&#8221; size=&#8221;lg&#8221; css_animation=&#8221;bounceIn&#8221; link=&#8221;url:%23solucionesoraclecloud|||&#8221;][vc_empty_space height=&#8221;16px&#8221;][vc_icon type=&#8221;entypo&#8221; icon_entypo=&#8221;entypo-icon entypo-icon-down-open-big&#8221; color=&#8221;white&#8221; background_style=&#8221;rounded&#8221; background_color=&#8221;custom&#8221; size=&#8221;sm&#8221; align=&#8221;center&#8221; custom_background_color=&#8221;rgba(10,10,10,0.56)&#8221; el_class=&#8221;scroller-cursor-pointer&#8221;][\/vc_column][\/vc_row][vc_row full_width=&#8221;stretch_row&#8221; content_placement=&#8221;middle&#8221; css=&#8221;.vc_custom_1560523572547{background-color: #ffffff !important;}&#8221; el_id=&#8221;scroller-second-frame&#8221;][vc_column][vc_row_inner][vc_column_inner][vc_empty_space][vc_column_text css_animation=&#8221;fadeInDown&#8221; el_class=&#8221;big&#8221;]<\/p>\n<h2 id=\"tw-target-text\" class=\"tw-data-text tw-text-large tw-ta\" dir=\"ltr\" data-placeholder=\"Translation\"><span style=\"color: #ff7600;\"><strong>\u00bfC\u00f3mo funciona el e-clock de Ataway?<\/strong><\/span><\/h2>\n<p>[\/vc_column_text][\/vc_column_inner][\/vc_row_inner][vc_row_inner][vc_column_inner width=&#8221;1\/3&#8243;][vc_column_text css_animation=&#8221;fadeInUp&#8221; el_class=&#8221;big&#8221;]<\/p>\n<h4 style=\"text-align: center;\"><span style=\"color: #ff7600;\"><strong>FICHADA CON QR<\/strong><\/span><\/h4>\n<h4 style=\"text-align: left;\"><span style=\"color: #eb7932;\"><span style=\"color: #333333;\">Cada empleado presenta su tarjeta con c\u00f3digo QR frente a la tablet. La aplicaci\u00f3n reconoce autom\u00e1ticamente el c\u00f3digo y registra la fichada al instante.<\/span><br \/>\n<\/span><\/h4>\n<p>[\/vc_column_text][\/vc_column_inner][vc_column_inner width=&#8221;1\/3&#8243;][vc_column_text css_animation=&#8221;fadeInUp&#8221; el_class=&#8221;big&#8221;]<\/p>\n<h4 style=\"text-align: center;\"><span style=\"color: #ff7600;\"><strong>FICHADA MANUAL OPCIONAL<\/strong><\/span><\/h4>\n<h4><span style=\"color: #333333;\">\u00bfSin tarjeta? No hay problema. El sistema permite ingresar el fichaje manualmente a trav\u00e9s de un teclado virtual en pantalla.<\/span><\/h4>\n<p>[\/vc_column_text][\/vc_column_inner][vc_column_inner width=&#8221;1\/3&#8243;][vc_column_text css_animation=&#8221;fadeInUp&#8221; el_class=&#8221;big&#8221;]<\/p>\n<h4 style=\"text-align: center;\"><strong><span style=\"color: #ff7600;\">INTEGRACI\u00d3N CON UKG<\/span><\/strong><\/h4>\n<h4>Todos los registros de asistencia se env\u00edan autom\u00e1ticamente a UKG mediante APIs, asegurando una actualizaci\u00f3n en tiempo real y sin intervenci\u00f3n manual.<\/h4>\n<p>[\/vc_column_text][\/vc_column_inner][\/vc_row_inner][vc_row_inner][vc_column_inner width=&#8221;1\/3&#8243;][vc_column_text css_animation=&#8221;fadeInUp&#8221; el_class=&#8221;big&#8221;]<\/p>\n<h4 style=\"text-align: center;\"><span style=\"color: #ff7600;\"><strong>FICHADA EXITOSA<\/strong><\/span><\/h4>\n<h4 style=\"text-align: left;\"><span style=\"color: #eb7932;\"><span style=\"color: #333333;\">El sistema confirma visualmente si el fichaje fue exitoso, dando tranquilidad al empleado.<\/span><br \/>\n<\/span><\/h4>\n<p>[\/vc_column_text][\/vc_column_inner][vc_column_inner width=&#8221;1\/3&#8243;][vc_column_text css_animation=&#8221;fadeInUp&#8221; el_class=&#8221;big&#8221;]<\/p>\n<h4 style=\"text-align: center;\"><span style=\"color: #ff7600;\"><strong>NEGACI\u00d3N AUTOM\u00c1TICA DE FICHADA<\/strong><\/span><\/h4>\n<h4><span style=\"color: #333333;\">Si el empleado tiene registrada una licencia o suspensi\u00f3n en el sistema, la aplicaci\u00f3n deniega autom\u00e1ticamente el fichaje.<\/span><\/h4>\n<p>[\/vc_column_text][\/vc_column_inner][vc_column_inner width=&#8221;1\/3&#8243;][\/vc_column_inner][\/vc_row_inner][\/vc_column][\/vc_row][vc_row content_placement=&#8221;middle&#8221;][vc_column width=&#8221;1\/4&#8243;][vc_column_text]<\/p>\n<h3 data-start=\"1278\" data-end=\"1313\"><span style=\"color: #ff7600;\"><strong>\u00bfPor qu\u00e9 elegir Ataway e-clock?<\/strong><\/span><\/h3>\n<ul data-start=\"1315\" data-end=\"1459\">\n<li data-start=\"1315\" data-end=\"1356\">\n<p data-start=\"1317\" data-end=\"1356\"><span style=\"color: #333333;\">Sin contacto: mayor higiene y agilidad.<\/span><\/p>\n<\/li>\n<li data-start=\"1357\" data-end=\"1382\">\n<p data-start=\"1359\" data-end=\"1382\"><span style=\"color: #333333;\">100% integrado con UKG.<\/span><\/p>\n<\/li>\n<li data-start=\"1383\" data-end=\"1406\">\n<p data-start=\"1385\" data-end=\"1406\"><span style=\"color: #333333;\">F\u00e1cil de implementar.<\/span><\/p>\n<\/li>\n<li data-start=\"1407\" data-end=\"1459\">\n<p data-start=\"1409\" data-end=\"1459\"><span style=\"color: #333333;\">Ideal para entornos con alto tr\u00e1nsito de personal.<\/span><\/p>\n<\/li>\n<\/ul>\n<p data-start=\"1463\" data-end=\"1608\"><span style=\"color: #333333;\"><strong data-start=\"1463\" data-end=\"1516\">Digitaliz\u00e1 la gesti\u00f3n de asistencia de tu equipo.<\/strong><\/span><br \/>\n<span style=\"color: #333333;\">Con Ataway e-clock, el control horario es m\u00e1s simple, preciso y conectado a tus procesos.<\/span><\/p>\n<p>[\/vc_column_text][\/vc_column][vc_column width=&#8221;3\/4&#8243;][vc_single_image image=&#8221;41447&#8243; img_size=&#8221;full&#8221; alignment=&#8221;center&#8221; css=&#8221;.vc_custom_1748613042639{margin-top: -24px !important;margin-bottom: -24px !important;border-top-width: -24px !important;border-bottom-width: -24px !important;padding-top: -24px !important;padding-bottom: -24px !important;}&#8221;][\/vc_column][\/vc_row][vc_row el_id=&#8221;contactooraclecloud&#8221;][vc_column][vc_column_text css_animation=&#8221;fadeInDown&#8221;]<\/p>\n<h2 style=\"text-align: center;\"><strong><span style=\"color: #ff7600;\">\u00bfQuer\u00e9s una demo o m\u00e1s informaci\u00f3n?<\/span><\/strong><\/h2>\n<p style=\"text-align: center;\" data-start=\"1610\" data-end=\"1733\">Contactanos para conocer c\u00f3mo implementar Ataway e-clock en tu organizaci\u00f3n.<\/p>\n<p>[\/vc_column_text]\n<div class=\"wpcf7 no-js\" id=\"wpcf7-f41537-o1\" lang=\"en\" dir=\"ltr\" data-wpcf7-id=\"41537\">\n<div class=\"screen-reader-response\"><p role=\"status\" aria-live=\"polite\" aria-atomic=\"true\"><\/p> <ul><\/ul><\/div>\n<form action=\"\/es-cl\/wp-json\/wp\/v2\/pages\/41984#wpcf7-f41537-o1\" method=\"post\" class=\"wpcf7-form init\" aria-label=\"Contact form\" novalidate=\"novalidate\" data-status=\"init\">\n<fieldset class=\"hidden-fields-container\"><input type=\"hidden\" name=\"_wpcf7\" value=\"41537\" \/><input type=\"hidden\" name=\"_wpcf7_version\" value=\"6.1.2\" \/><input type=\"hidden\" name=\"_wpcf7_locale\" value=\"en\" \/><input type=\"hidden\" name=\"_wpcf7_unit_tag\" value=\"wpcf7-f41537-o1\" \/><input type=\"hidden\" name=\"_wpcf7_container_post\" value=\"0\" \/><input type=\"hidden\" name=\"_wpcf7_posted_data_hash\" value=\"\" \/><input type=\"hidden\" name=\"_wpcf7_recaptcha_response\" value=\"\" \/>\n<\/fieldset>\n<div class=\"contact-form\">\n\t<p><label><span style=\"color: #333333;\"> Nombre Completo*<br \/>\n<span class=\"wpcf7-form-control-wrap\" data-name=\"your-name\"><input size=\"40\" maxlength=\"400\" class=\"wpcf7-form-control wpcf7-text wpcf7-validates-as-required\" aria-required=\"true\" aria-invalid=\"false\" value=\"\" type=\"text\" name=\"your-name\" \/><\/span> <\/span><\/label><br \/>\n<label><span style=\"color: #333333;\"> Email*<br \/>\n<span class=\"wpcf7-form-control-wrap\" data-name=\"your-email\"><input size=\"40\" maxlength=\"400\" class=\"wpcf7-form-control wpcf7-email wpcf7-validates-as-required wpcf7-text wpcf7-validates-as-email\" aria-required=\"true\" aria-invalid=\"false\" value=\"\" type=\"email\" name=\"your-email\" \/><\/span> <\/span><\/label><br \/>\n<label><span style=\"color: #333333;\"> Empresa*<br \/>\n<span class=\"wpcf7-form-control-wrap\" data-name=\"your-text\"><input size=\"40\" maxlength=\"400\" class=\"wpcf7-form-control wpcf7-text wpcf7-validates-as-required\" aria-required=\"true\" aria-invalid=\"false\" value=\"\" type=\"text\" name=\"your-text\" \/><\/span> <\/span><\/label><br \/>\n<label><span style=\"color: #333333;\"> Cargo*<br \/>\n<span class=\"wpcf7-form-control-wrap\" data-name=\"your-position\"><input size=\"40\" maxlength=\"400\" class=\"wpcf7-form-control wpcf7-text wpcf7-validates-as-required\" aria-required=\"true\" aria-invalid=\"false\" value=\"\" type=\"text\" name=\"your-position\" \/><\/span> <\/span><\/label>\n\t<\/p>\n<\/div>\n<div class=\"contact-form\">\n\t<p><label><span style=\"color: #333333;\"> C\u00f3mo supiste de Ataway?<br \/>\n<span class=\"wpcf7-form-control-wrap\" data-name=\"option\"><select class=\"wpcf7-form-control wpcf7-select\" aria-invalid=\"false\" name=\"option\"><option value=\"Seleccionar una opci\u00f3n\">Seleccionar una opci\u00f3n<\/option><option value=\"Recommendaci\u00f3n\">Recommendaci\u00f3n<\/option><option value=\"Motor de B\u00fasqueda\">Motor de B\u00fasqueda<\/option><option value=\"LinkedIn\">LinkedIn<\/option><option value=\"Partner Marketplace\">Partner Marketplace<\/option><option value=\"Evento\">Evento<\/option><option value=\"Otros\">Otros<\/option><\/select><\/span><\/span><\/label><br \/>\n<label><span style=\"color: #333333;\"> Mensaje*<br \/>\n<span class=\"wpcf7-form-control-wrap\" data-name=\"your-message\"><textarea cols=\"40\" rows=\"10\" maxlength=\"2000\" class=\"wpcf7-form-control wpcf7-textarea wpcf7-validates-as-required\" aria-required=\"true\" aria-invalid=\"false\" name=\"your-message\"><\/textarea><\/span> <\/span><\/label>\n\t<\/p>\n\n\t<p><span class=\"wpcf7-form-control-wrap\" data-name=\"PrivacyPolicy\"><span class=\"wpcf7-form-control wpcf7-acceptance\"><span class=\"wpcf7-list-item\"><label><input type=\"checkbox\" name=\"PrivacyPolicy\" value=\"1\" aria-invalid=\"false\" \/><span class=\"wpcf7-list-item-label\"><span style=\"color: #333333;\"> He le\u00eddo y acepto la <a rel=\"nofollow\" href=\"https:\/\/www.ataway.com\/es-ar\/privacy-policy\/\"> Pol\u00edtica de Privacidad<\/a>.<\/span><\/label><\/span><\/span><\/span>\n\t<\/p>\n\t<p><input class=\"wpcf7-form-control wpcf7-submit has-spinner\" type=\"submit\" value=\"Enviar\" \/>\n\t<\/p>\n<\/div><div class=\"wpcf7-response-output\" aria-hidden=\"true\"><\/div>\n<\/form>\n<\/div>\n[vc_empty_space][\/vc_column][\/vc_row]<\/p>\n<\/div>","protected":false},"excerpt":{"rendered":"<p>[vc_row full_width=&#8221;stretch_row&#8221; full_height=&#8221;yes&#8221; content_placement=&#8221;middle&#8221; parallax=&#8221;content-moving&#8221; parallax_image=&#8221;41495&#8243; css=&#8221;.vc_custom_1748614146382{background-color: #eaeaea !important;}&#8221;][vc_column][vc_empty_space height=&#8221;100&#8243;][vc_row_inner][vc_column_inner width=&#8221;5\/6&#8243;][vc_column_text] Ataway e-clock: Registro de asistencia inteligente y sin contacto [\/vc_column_text][vc_column_text] Moderniz\u00e1 el control horario en<span class=\"excerpt-hellip\"> [\u2026]<\/span><\/p>\n","protected":false},"author":6,"featured_media":0,"parent":14854,"menu_order":0,"comment_status":"closed","ping_status":"closed","template":"","meta":{"footnotes":""},"class_list":["post-41984","page","type-page","status-publish","hentry"],"_links":{"self":[{"href":"https:\/\/www.ataway.com\/es-cl\/wp-json\/wp\/v2\/pages\/41984","targetHints":{"allow":["GET"]}}],"collection":[{"href":"https:\/\/www.ataway.com\/es-cl\/wp-json\/wp\/v2\/pages"}],"about":[{"href":"https:\/\/www.ataway.com\/es-cl\/wp-json\/wp\/v2\/types\/page"}],"author":[{"embeddable":true,"href":"https:\/\/www.ataway.com\/es-cl\/wp-json\/wp\/v2\/users\/6"}],"replies":[{"embeddable":true,"href":"https:\/\/www.ataway.com\/es-cl\/wp-json\/wp\/v2\/comments?post=41984"}],"version-history":[{"count":2,"href":"https:\/\/www.ataway.com\/es-cl\/wp-json\/wp\/v2\/pages\/41984\/revisions"}],"predecessor-version":[{"id":41986,"href":"https:\/\/www.ataway.com\/es-cl\/wp-json\/wp\/v2\/pages\/41984\/revisions\/41986"}],"up":[{"embeddable":true,"href":"https:\/\/www.ataway.com\/es-cl\/wp-json\/wp\/v2\/pages\/14854"}],"wp:attachment":[{"href":"https:\/\/www.ataway.com\/es-cl\/wp-json\/wp\/v2\/media?parent=41984"}],"curies":[{"name":"wp","href":"https:\/\/api.w.org\/{rel}","templated":true}]}}