{"id":41980,"date":"2021-11-09T11:13:46","date_gmt":"2021-11-09T14:13:46","guid":{"rendered":"https:\/\/www.ataway.com\/soluciones\/project-management-pmo\/"},"modified":"2025-06-27T16:40:54","modified_gmt":"2025-06-27T19:40:54","slug":"project-management-pmo","status":"publish","type":"page","link":"https:\/\/www.ataway.com\/es-cl\/soluciones\/project-management-pmo\/","title":{"rendered":"Project Management &#038; PMO"},"content":{"rendered":"<div class=\"wpb-content-wrapper\"><p>[vc_row full_width=&#8221;stretch_row&#8221; full_height=&#8221;yes&#8221; content_placement=&#8221;middle&#8221; parallax=&#8221;content-moving&#8221; parallax_image=&#8221;6330&#8243; css=&#8221;.vc_custom_1633551843177{background-color: #eaeaea !important;}&#8221;][vc_column][vc_empty_space height=&#8221;100&#8243;][vc_column_text css_animation=&#8221;fadeInDown&#8221;]<\/p>\n<h1><span style=\"color: #ffffff;\"><strong>Dirigiendo el \u00c9xito Empresarial<\/strong><b>.<br \/>\nGesti\u00f3n de Proyectos Globales<\/b><\/span><\/h1>\n<p>[\/vc_column_text][vc_column_text css_animation=&#8221;fadeInUp&#8221;]<\/p>\n<h3>En el cambiante mundo empresarial actual, impulsamos tu \u00e9xito al fortalecer la competitividad de tu empresa y expandir tus horizontes. Desde penetrar mercados hasta integrar sistemas ERP globales y liderar la transformaci\u00f3n digital, nuestros consultores especialistas en gesti\u00f3n de proyectos de Ataway Buenos Aires te ayudar\u00e1n a superar desaf\u00edos y asegurar resultados impactantes en tu proyecto de transformaci\u00f3n.<\/h3>\n<p>[\/vc_column_text][vc_empty_space height=&#8221;16px&#8221;][vc_icon type=&#8221;entypo&#8221; icon_entypo=&#8221;entypo-icon entypo-icon-down-open-big&#8221; color=&#8221;white&#8221; background_style=&#8221;rounded&#8221; background_color=&#8221;custom&#8221; size=&#8221;sm&#8221; align=&#8221;center&#8221; custom_background_color=&#8221;rgba(10,10,10,0.56)&#8221; el_class=&#8221;scroller-cursor-pointer&#8221;][\/vc_column][\/vc_row][vc_row full_width=&#8221;stretch_row&#8221; content_placement=&#8221;middle&#8221; css=&#8221;.vc_custom_1560523572547{background-color: #ffffff !important;}&#8221; el_id=&#8221;scroller-second-frame&#8221;][vc_column][vc_empty_space height=&#8221;16&#8243;][vc_row_inner][vc_column_inner][vc_column_text css_animation=&#8221;fadeInDown&#8221;]<\/p>\n<h2 style=\"text-align: left;\"><strong><span style=\"color: #333333;\">\u00bfPor qu\u00e9 los proyectos globales fallan?<\/span><\/strong><\/h2>\n<p>[\/vc_column_text][vc_column_text css_animation=&#8221;fadeInDown&#8221;]\u00a1Desbloquea el secreto detr\u00e1s del \u00e9xito! Las investigaciones revelan que la tasa de logro en la implementaci\u00f3n de sistemas de informaci\u00f3n alcanza apenas el 50%. Pero eso no es todo, los proyectos globales enfrentan sus desaf\u00edos espec\u00edficos. Basado en nuestra experiencia y conocimiento te presentamos un ejemplo de factor de riesgo que conduce al fracaso de los proyectos globales.[\/vc_column_text][\/vc_column_inner][\/vc_row_inner][vc_row_inner][vc_column_inner width=&#8221;1\/2&#8243;][vc_column_text css_animation=&#8221;fadeInUp&#8221;]<\/p>\n<h2><a href=\"https:\/\/www.ataway.com\/wp-content\/uploads\/2021\/11\/Global-barriers-grey.png\"><img loading=\"lazy\" decoding=\"async\" class=\"wp-image-14111 aligncenter\" src=\"https:\/\/www.ataway.com\/wp-content\/uploads\/2021\/11\/Global-barriers-grey.png\" alt=\"\" width=\"158\" height=\"120\" srcset=\"https:\/\/www.ataway.com\/wp-content\/uploads\/2021\/11\/Global-barriers-grey.png 244w, https:\/\/www.ataway.com\/wp-content\/uploads\/2021\/11\/Global-barriers-grey-193x146.png 193w, https:\/\/www.ataway.com\/wp-content\/uploads\/2021\/11\/Global-barriers-grey-50x38.png 50w, https:\/\/www.ataway.com\/wp-content\/uploads\/2021\/11\/Global-barriers-grey-99x75.png 99w\" sizes=\"auto, (max-width:767px) 158px, 158px\" \/><\/a><\/h2>\n<h3><span style=\"color: #333333;\"><b>\uff11\uff0eBarreras y Fronteras en los Proyectos Globales<br \/>\n<\/b><\/span><\/h3>\n<p><strong>El desaf\u00edo de conectar mundos:<\/strong>\u00a0En los proyectos globales, las diferencias despiertan oportunidades y desaf\u00edos: husos horarios que separan, culturas y lenguajes que enriquecen, pero tambi\u00e9n complican. \u00a1Nos sumergimos en la complejidad y te mostramos c\u00f3mo domarla!<\/p>\n<p><strong>Navegando Regulaciones y Culturas:<\/strong> Descifrar el rompecabezas de regulaciones, pr\u00e1cticas empresariales y ecosistemas laborales en escenarios globales es un arte. \u00bfTe atreves a descubrir c\u00f3mo logramos un entendimiento mutuo en niveles profundos y construimos acuerdos s\u00f3lidos en un mundo diverso?<\/p>\n<p><strong>Liderando la Conexi\u00f3n Global:<\/strong> \u00a1Un mundo de desaf\u00edos, un oc\u00e9ano de oportunidades! \u00bfC\u00f3mo sincronizar el progreso, alinear patrocinadores y partes interesadas en diferentes rincones del mundo? Ataway Buenos Aires te lleva a la cima de la gesti\u00f3n de proyectos globales.<\/p>\n<p><span style=\"color: #333333;\"><b>\u00a0<\/b><\/span><\/p>\n<p><span style=\"color: #333333;\"><b>\u00a0<\/b><\/span>[\/vc_column_text][\/vc_column_inner][vc_column_inner width=&#8221;1\/2&#8243;][vc_column_text css_animation=&#8221;fadeInUp&#8221;]<\/p>\n<h2><a href=\"https:\/\/www.ataway.com\/wp-content\/uploads\/2021\/11\/Different-processes-gray.png\"><img loading=\"lazy\" decoding=\"async\" class=\"wp-image-14112 aligncenter\" src=\"https:\/\/www.ataway.com\/wp-content\/uploads\/2021\/11\/Different-processes-gray.png\" alt=\"\" width=\"158\" height=\"120\" srcset=\"https:\/\/www.ataway.com\/wp-content\/uploads\/2021\/11\/Different-processes-gray.png 244w, https:\/\/www.ataway.com\/wp-content\/uploads\/2021\/11\/Different-processes-gray-193x146.png 193w, https:\/\/www.ataway.com\/wp-content\/uploads\/2021\/11\/Different-processes-gray-50x38.png 50w, https:\/\/www.ataway.com\/wp-content\/uploads\/2021\/11\/Different-processes-gray-99x75.png 99w\" sizes=\"auto, (max-width:767px) 158px, 158px\" \/><\/a><\/h2>\n<h3><\/h3>\n<h3><span style=\"color: #333333;\"><b>\uff12\uff0eDiferencias en la Ejecuci\u00f3n de Proyectos Globales<br \/>\n<\/b><\/span><\/h3>\n<p><strong>Dos enfoques, un camino:<\/strong> \u00bfSos m\u00e1s del &#8216;pensar mientras avanzo&#8217; o del &#8216;pensar antes de dar un paso&#8217;? En el mundo de los proyectos globales, las estrategias \u00e1giles toman el centro del escenario. Presentamos una fascinante sinergia entre objetivos claros, roles definidos y planes abiertos, donde la creatividad y la colaboraci\u00f3n son el lema del juego.<\/p>\n<p><strong>El Arte de Sincronizar:<\/strong> \u00bfEst\u00e1s listo para un emocionante viaje de contrastes? Los proyectos en el extranjero impulsan los principales patrones operativos. Nuestro equipo de Ataway Buenos Aires te acompa\u00f1a a trav\u00e9s de estas diferencias, evitando costos sorpresa y confusiones en el camino.<\/p>\n<p><strong>Aline\u00e1 tu Visi\u00f3n Global:<\/strong> Dej\u00e1 que nuestra experiencia construida a lo largo de los a\u00f1os en proyectos internacionales te gu\u00ede hacia un \u00e9xito sin l\u00edmites. \u00a1Conquist\u00e1 las diferencias y lider\u00e1 el camino hacia el logro global!<\/p>\n<p><span style=\"color: #333333;\"><b>\u00a0<\/b><\/span>[\/vc_column_text][\/vc_column_inner][\/vc_row_inner][vc_column_text css_animation=&#8221;fadeInDown&#8221;]<\/p>\n<h2><strong><span style=\"color: #333333;\">Soluciones para el \u00e9xito en tus Proyectos Globales<\/span><\/strong><\/h2>\n<p>[\/vc_column_text][vc_column_text css_animation=&#8221;fadeInDown&#8221;]El equipo de gesti\u00f3n de proyectos de Ataway Buenos Aires llevar\u00e1 a cabo la operaci\u00f3n del proyecto teniendo en cuenta nuestra experiencia y conocimiento al respaldar la implementaci\u00f3n de numerosos proyectos globales.[\/vc_column_text][vc_row_inner][vc_column_inner width=&#8221;1\/2&#8243;][vc_column_text css_animation=&#8221;fadeInUp&#8221;]<\/p>\n<h2><a href=\"https:\/\/www.ataway.com\/wp-content\/uploads\/2021\/11\/Global-barriers.png\"><img loading=\"lazy\" decoding=\"async\" class=\"aligncenter wp-image-14096\" src=\"https:\/\/www.ataway.com\/wp-content\/uploads\/2021\/11\/Global-barriers.png\" alt=\"\" width=\"158\" height=\"120\" srcset=\"https:\/\/www.ataway.com\/wp-content\/uploads\/2021\/11\/Global-barriers.png 244w, https:\/\/www.ataway.com\/wp-content\/uploads\/2021\/11\/Global-barriers-193x146.png 193w, https:\/\/www.ataway.com\/wp-content\/uploads\/2021\/11\/Global-barriers-50x38.png 50w, https:\/\/www.ataway.com\/wp-content\/uploads\/2021\/11\/Global-barriers-99x75.png 99w\" sizes=\"auto, (max-width:767px) 158px, 158px\" \/><\/a><\/h2>\n<h3><\/h3>\n<h3><\/h3>\n<h3><\/h3>\n<h3><span style=\"color: #333333;\"><b>\uff11\uff0eDerribando Fronteras para el \u00c9xito Global<\/b><\/span><\/h3>\n<p><span style=\"color: #333333;\">Construyendo Puentes de \u00c9xito: Nuestra f\u00f3rmula infalible para superar las barreras en la percepci\u00f3n global. \u00bfLa clave? Tres pilares estrat\u00e9gicos que transformar\u00e1n tu proyecto en una haza\u00f1a global.<\/span><\/p>\n<ol>\n<li><span style=\"color: #333333;\"><strong>Conectando el Alma de la Informaci\u00f3n:<\/strong> Dise\u00f1amos un sistema de recolecci\u00f3n de datos que se ajusta a tu visi\u00f3n global y local. Una infraestructura din\u00e1mica que te da el poder de procesar informaci\u00f3n cr\u00edtica, en tiempo real.<\/span><\/li>\n<li><span style=\"color: #333333;\"><strong>Equipo de \u00c9xito en Acci\u00f3n:<\/strong> En un mundo globalizado, la asignaci\u00f3n de recursos humanos es crucial. Presentamos un enfoque meticuloso para crear un equipo de ensue\u00f1o, maximizando la eficiencia y el rendimiento en cada rinc\u00f3n del proyecto.<\/span><\/li>\n<li><span style=\"color: #333333;\"><strong>Comunicaci\u00f3n Magistral:<\/strong> Los hilos de la comunicaci\u00f3n conectan el \u00e9xito. Nuestros l\u00edderes de proyecto maestros en la sincronizaci\u00f3n global establecer\u00e1n puentes entre visiones globales y tareas individuales, creando un ambiente de concentraci\u00f3n total.<\/span><\/li>\n<\/ol>\n<p><span style=\"color: #333333;\">Listo para el \u00c9xito Global: \u00a1Desafi\u00e1 las fronteras con Ataway Buenos Aires y desencaden\u00e1 tu proyecto hacia el reconocimiento mundial! Descubre c\u00f3mo nuestros m\u00e9todos innovadores pueden llevar tu visi\u00f3n al escenario global.<\/span>[\/vc_column_text][\/vc_column_inner][vc_column_inner width=&#8221;1\/2&#8243;][vc_column_text css_animation=&#8221;fadeInUp&#8221;]<\/p>\n<h2><a href=\"https:\/\/www.ataway.com\/wp-content\/uploads\/2021\/11\/Different-processes.png\"><img loading=\"lazy\" decoding=\"async\" class=\"wp-image-14101 aligncenter\" src=\"https:\/\/www.ataway.com\/wp-content\/uploads\/2021\/11\/Different-processes.png\" alt=\"\" width=\"158\" height=\"120\" srcset=\"https:\/\/www.ataway.com\/wp-content\/uploads\/2021\/11\/Different-processes.png 244w, https:\/\/www.ataway.com\/wp-content\/uploads\/2021\/11\/Different-processes-193x146.png 193w, https:\/\/www.ataway.com\/wp-content\/uploads\/2021\/11\/Different-processes-50x38.png 50w, https:\/\/www.ataway.com\/wp-content\/uploads\/2021\/11\/Different-processes-99x75.png 99w\" sizes=\"auto, (max-width:767px) 158px, 158px\" \/><\/a><\/h2>\n<h3><\/h3>\n<h3><\/h3>\n<h3><\/h3>\n<h3><span style=\"color: #333333;\"><b>\uff12\uff0eImpuls\u00e1 tu Proyecto hacia Nuevos Horizontes<\/b><\/span><\/h3>\n<p><span style=\"color: #333333;\">Nuestra estrategia maestra para superar diferencias y acelerar tu proyecto global. \u00bfEl secreto? Fusionamos la visi\u00f3n y la ejecuci\u00f3n.<\/span><\/p>\n<ol>\n<li><span style=\"color: #333333;\"><strong>Conexi\u00f3n Global<\/strong>: Nuestros consultores, verdaderos maestros en el arte de navegar proyectos globales, crean puentes entre visiones \u00fanicas. Comunic\u00e1ndose con proveedores y partes interesadas, dan vida a acuerdos s\u00f3lidos, y manejan todo con elegancia.<\/span><\/li>\n<li><span style=\"color: #333333;\"><strong>M\u00e1s All\u00e1 de la Soluci\u00f3n:<\/strong> En Ataway Buenos Aires, no solo traemos soluciones, sino que tambi\u00e9n cultivamos un cambio poderoso. M\u00e1s que una implementaci\u00f3n, es una transformaci\u00f3n. Nuestra coordinaci\u00f3n entre gesti\u00f3n de proyectos y cambio se fusiona en una experiencia sin igual.<\/span><\/li>\n<li><span style=\"color: #333333;\"><strong>Uniendo Fuerzas:<\/strong> Sumergite en el arte de la colaboraci\u00f3n. Nuestro equipo de gesti\u00f3n de proyectos, te gu\u00eda en un viaje hacia el \u00e9xito. Juntos, desbloqueamos el potencial completo de tu proyecto.<\/span><\/li>\n<\/ol>\n<p>[\/vc_column_text][\/vc_column_inner][\/vc_row_inner][\/vc_column][\/vc_row][vc_row full_width=&#8221;stretch_row&#8221; css=&#8221;.vc_custom_1693245598725{background: #ffffff url(https:\/\/www.ataway.com\/wp-content\/uploads\/2022\/05\/4.jpg?id=14389) !important;}&#8221;][vc_column][vc_empty_space height=&#8221;16px&#8221;][vc_column_text css_animation=&#8221;fadeInDown&#8221;]<\/p>\n<h2 style=\"text-align: left;\"><span style=\"color: #ffffff;\"><strong>Descubre la Agilidad en la Gesti\u00f3n de Proyectos<\/strong><\/span><\/h2>\n<p>[\/vc_column_text][vc_column_text css_animation=&#8221;fadeInDown&#8221;]<\/p>\n<p style=\"text-align: left;\"><strong><span style=\"color: #ffffff;\">En Ataway Buenos Aires, fusionamos la innovaci\u00f3n de las metodolog\u00edas \u00e1giles con nuestra s\u00f3lida experiencia en Project Management para brindarte una soluci\u00f3n \u00fanica y efectiva. Contamos con un equipo de consultores altamente capacitados en metodolog\u00edas \u00e1giles que guiar\u00e1n la implementaci\u00f3n efectiva en tu organizaci\u00f3n. Experiment\u00e1 resultados sorprendentes al adoptar metodolog\u00edas \u00e1giles:<\/span><\/strong><\/p>\n<p>[\/vc_column_text][vc_row_inner][vc_column_inner width=&#8221;1\/4&#8243;][vc_column_text css_animation=&#8221;fadeInUp&#8221;]<span style=\"color: #ffffff;\"><strong>Flexibilidad Total<br \/>\n<\/strong>Adapt\u00e1 tus proyectos r\u00e1pidamente a cambios y evoluciones, manteniendo siempre el rumbo correcto.<\/span>[\/vc_column_text][\/vc_column_inner][vc_column_inner width=&#8221;1\/4&#8243;][vc_column_text css_animation=&#8221;fadeInUp&#8221;]<span style=\"color: #ffffff;\"><strong>Entrega Continua<br \/>\n<\/strong>Obt\u00e9n valor en entregas sucesivas, permitiendo una retroalimentaci\u00f3n constante y mejoras progresivas.<\/span>[\/vc_column_text][\/vc_column_inner][vc_column_inner width=&#8221;1\/4&#8243;][vc_column_text css_animation=&#8221;fadeInUp&#8221;]<span style=\"color: #ffffff;\"><strong>Enfoque en el Cliente<br \/>\n<\/strong>Prioriz\u00e1 las necesidades de tus clientes, asegurando su satisfacci\u00f3n y la alineaci\u00f3n con sus expectativas.<\/span>[\/vc_column_text][\/vc_column_inner][vc_column_inner width=&#8221;1\/4&#8243;][vc_column_text css_animation=&#8221;fadeInUp&#8221;]<span style=\"color: #ffffff;\"><strong>Colaboraci\u00f3n Activa<br \/>\n<\/strong>Foment\u00e1 la comunicaci\u00f3n constante entre equipos y partes interesadas para resolver desaf\u00edos de manera colaborativa.<\/span>[\/vc_column_text][\/vc_column_inner][\/vc_row_inner][vc_empty_space height=&#8221;16px&#8221;][\/vc_column][\/vc_row][vc_row][vc_column][vc_column_text css_animation=&#8221;fadeInDown&#8221;]<\/p>\n<h2 style=\"text-align: left;\"><strong><span style=\"color: #333333;\">Alcance de nuestro servicio<\/span><\/strong><\/h2>\n<p>[\/vc_column_text][vc_column_text css_animation=&#8221;fadeInUp&#8221;]Ataway Buenos Aires brinda soporte en la gesti\u00f3n de proyectos a clientes que buscan llevar a cabo transformaciones en entornos globales en m\u00e1s del 80% de sus proyectos.<\/p>\n<p>El alcance principal del apoyo en la gesti\u00f3n de proyectos en la reforma de procesos y sistemas comerciales incluye (1) la elaboraci\u00f3n de planes de proyecto y (2) el monitoreo y control de la ejecuci\u00f3n seg\u00fan el plan. La gesti\u00f3n abarca no solo el progreso de las tareas, sino tambi\u00e9n el alcance, la calidad del trabajo, el estado del costo, la actitud y la colaboraci\u00f3n de los miembros del proyecto, entre otros aspectos.[\/vc_column_text][\/vc_column][\/vc_row][vc_row full_width=&#8221;stretch_row&#8221; content_placement=&#8221;middle&#8221; css=&#8221;.vc_custom_1693246882911{background: #ffffff url(https:\/\/www.ataway.com\/wp-content\/uploads\/2022\/01\/Background-yellow-2.png?id=14210) !important;}&#8221;][vc_column width=&#8221;3\/4&#8243;][vc_column_text css_animation=&#8221;none&#8221;]<\/p>\n<h2 style=\"text-align: right;\"><span style=\"color: #ffffff;\"><strong>\u00a1Gestion\u00e1 tu Proyecto Global con nosotros!<\/strong><\/span><\/h2>\n<p>[\/vc_column_text][\/vc_column][vc_column width=&#8221;1\/4&#8243;][vc_btn title=&#8221;\u00a1Contactanos!&#8221; style=&#8221;outline&#8221; color=&#8221;white&#8221; size=&#8221;lg&#8221; el_class=&#8221;big&#8221;][\/vc_column][\/vc_row]<\/p>\n<\/div>","protected":false},"excerpt":{"rendered":"<p>[vc_row full_width=&#8221;stretch_row&#8221; full_height=&#8221;yes&#8221; content_placement=&#8221;middle&#8221; parallax=&#8221;content-moving&#8221; parallax_image=&#8221;6330&#8243; css=&#8221;.vc_custom_1633551843177{background-color: #eaeaea !important;}&#8221;][vc_column][vc_empty_space height=&#8221;100&#8243;][vc_column_text css_animation=&#8221;fadeInDown&#8221;] Dirigiendo el \u00c9xito Empresarial. Gesti\u00f3n de Proyectos Globales [\/vc_column_text][vc_column_text css_animation=&#8221;fadeInUp&#8221;] En el cambiante mundo empresarial<span class=\"excerpt-hellip\"> [\u2026]<\/span><\/p>\n","protected":false},"author":6,"featured_media":0,"parent":14854,"menu_order":0,"comment_status":"closed","ping_status":"closed","template":"","meta":{"footnotes":""},"class_list":["post-41980","page","type-page","status-publish","hentry"],"_links":{"self":[{"href":"https:\/\/www.ataway.com\/es-cl\/wp-json\/wp\/v2\/pages\/41980","targetHints":{"allow":["GET"]}}],"collection":[{"href":"https:\/\/www.ataway.com\/es-cl\/wp-json\/wp\/v2\/pages"}],"about":[{"href":"https:\/\/www.ataway.com\/es-cl\/wp-json\/wp\/v2\/types\/page"}],"author":[{"embeddable":true,"href":"https:\/\/www.ataway.com\/es-cl\/wp-json\/wp\/v2\/users\/6"}],"replies":[{"embeddable":true,"href":"https:\/\/www.ataway.com\/es-cl\/wp-json\/wp\/v2\/comments?post=41980"}],"version-history":[{"count":2,"href":"https:\/\/www.ataway.com\/es-cl\/wp-json\/wp\/v2\/pages\/41980\/revisions"}],"predecessor-version":[{"id":41982,"href":"https:\/\/www.ataway.com\/es-cl\/wp-json\/wp\/v2\/pages\/41980\/revisions\/41982"}],"up":[{"embeddable":true,"href":"https:\/\/www.ataway.com\/es-cl\/wp-json\/wp\/v2\/pages\/14854"}],"wp:attachment":[{"href":"https:\/\/www.ataway.com\/es-cl\/wp-json\/wp\/v2\/media?parent=41980"}],"curies":[{"name":"wp","href":"https:\/\/api.w.org\/{rel}","templated":true}]}}