{"id":41971,"date":"2025-02-07T10:14:54","date_gmt":"2025-02-07T13:14:54","guid":{"rendered":"https:\/\/www.ataway.com\/soluciones\/oracle-cloud-infrastructure\/"},"modified":"2025-06-27T16:37:34","modified_gmt":"2025-06-27T19:37:34","slug":"oracle-cloud-infrastructure","status":"publish","type":"page","link":"https:\/\/www.ataway.com\/es-cl\/soluciones\/oracle-cloud-infrastructure\/","title":{"rendered":"Oracle Cloud Infrastructure"},"content":{"rendered":"<div class=\"wpb-content-wrapper\"><p>[vc_row full_width=&#8221;stretch_row&#8221; full_height=&#8221;yes&#8221; content_placement=&#8221;middle&#8221; parallax=&#8221;content-moving&#8221; parallax_image=&#8221;39560&#8243; css=&#8221;.vc_custom_1738933737566{background-color: #eaeaea !important;}&#8221;][vc_column][vc_empty_space height=&#8221;100&#8243;][vc_row_inner][vc_column_inner width=&#8221;5\/6&#8243;][vc_column_text]<\/p>\n<h1><span style=\"color: #ffffff;\"><strong>Transform\u00e1 tu infraestructura con Oracle Cloud Infrastructure (OCI)\u00a0<\/strong><\/span><\/h1>\n<p>[\/vc_column_text][vc_column_text]<\/p>\n<h2><span style=\"color: #ffffff;\"><em>Ataway, tu socio en la nube, ofrece soluciones personalizadas de OCI para modernizar tu infraestructura, potenciar la agilidad operativa y aprovechar al m\u00e1ximo el potencial de la inteligencia artificial.<\/em><\/span><\/h2>\n<p>[\/vc_column_text][\/vc_column_inner][vc_column_inner width=&#8221;1\/6&#8243;][\/vc_column_inner][\/vc_row_inner][vc_btn title=&#8221;\u00a1Descubr\u00ed c\u00f3mo OCI puede optimizar tu infraestructura!&#8221; style=&#8221;outline&#8221; color=&#8221;white&#8221; size=&#8221;lg&#8221; css_animation=&#8221;bounceIn&#8221; link=&#8221;url:%23solucionesoraclecloud|||&#8221;][vc_icon type=&#8221;entypo&#8221; icon_entypo=&#8221;entypo-icon entypo-icon-down-open-big&#8221; color=&#8221;white&#8221; background_style=&#8221;rounded&#8221; background_color=&#8221;custom&#8221; size=&#8221;sm&#8221; align=&#8221;center&#8221; custom_background_color=&#8221;rgba(10,10,10,0.56)&#8221; el_class=&#8221;scroller-cursor-pointer&#8221;][\/vc_column][\/vc_row][vc_row full_width=&#8221;stretch_row&#8221; content_placement=&#8221;middle&#8221; css=&#8221;.vc_custom_1560523572547{background-color: #ffffff !important;}&#8221; el_id=&#8221;scroller-second-frame&#8221;][vc_column][vc_empty_space height=&#8221;16&#8243;][vc_row_inner][vc_column_inner][vc_column_text css_animation=&#8221;fadeInDown&#8221; el_class=&#8221;big&#8221;]<\/p>\n<h3 id=\"tw-target-text\" class=\"tw-data-text tw-text-large tw-ta\" dir=\"ltr\" data-placeholder=\"Translation\"><span style=\"color: #333333;\"><strong>\u00bfQu\u00e9 es Oracle Cloud Infrastructure (OCI)? <\/strong>Oracle Cloud Infrastructure (OCI) es una plataforma en la nube de alto rendimiento, dise\u00f1ada para brindar a las empresas una infraestructura segura, flexible y optimizada para aplicaciones cr\u00edticas. OCI permite escalar y ejecutar cargas de trabajo con seguridad de nivel empresarial, cumpliendo los m\u00e1s altos est\u00e1ndares de privacidad, disponibilidad y control.<\/span><\/h3>\n<p>[\/vc_column_text][\/vc_column_inner][\/vc_row_inner][vc_column_text css_animation=&#8221;fadeInDown&#8221;]<\/p>\n<h2><span style=\"color: #333333;\"><strong>Beneficios Clave de Oracle Cloud Infrasctucture (OCI)<\/strong><\/span><\/h2>\n<h2 style=\"text-align: left;\"><span style=\"color: #333333;\">\u00a0<\/span><\/h2>\n<p>[\/vc_column_text][vc_row_inner][vc_column_inner width=&#8221;1\/4&#8243;][vc_single_image image=&#8221;17358&#8243; img_size=&#8221;210X210&#8243; alignment=&#8221;center&#8221; css_animation=&#8221;fadeInUp&#8221; css=&#8221;.vc_custom_1695305549070{margin-bottom: -16px !important;border-bottom-width: -16px !important;padding-bottom: -16px !important;}&#8221;][vc_column_text css_animation=&#8221;fadeInUp&#8221; el_class=&#8221;big&#8221;]<\/p>\n<h4 style=\"text-align: center;\"><span style=\"color: #ff7600;\"><strong>ESCALABILIDAD<\/strong><\/span><\/h4>\n<h4 style=\"text-align: left;\"><span style=\"color: #eb7932;\"><span style=\"color: #333333;\">OCI permite adaptar r\u00e1pidamente tu infraestructura a las necesidades del negocio, sin complicaciones. <\/span><br \/>\n<\/span><\/h4>\n<p>[\/vc_column_text][\/vc_column_inner][vc_column_inner width=&#8221;1\/4&#8243;][vc_single_image image=&#8221;39532&#8243; img_size=&#8221;210X210&#8243; alignment=&#8221;center&#8221; css_animation=&#8221;fadeInUp&#8221; css=&#8221;.vc_custom_1738932413122{margin-bottom: -16px !important;border-bottom-width: -16px !important;padding-bottom: -16px !important;}&#8221;][vc_column_text css_animation=&#8221;fadeInUp&#8221; el_class=&#8221;big&#8221;]<\/p>\n<h4 style=\"text-align: center;\"><span style=\"color: #ff7600;\"><strong>SEGURIDAD<\/strong><\/span><\/h4>\n<h4><span style=\"color: #333333;\">Con cifrado integrado, controles de acceso avanzados y monitoreo continuo, OCI garantiza que tus datos est\u00e9n siempre protegidos. <\/span><\/h4>\n<p>[\/vc_column_text][\/vc_column_inner][vc_column_inner width=&#8221;1\/4&#8243;][vc_single_image image=&#8221;17359&#8243; img_size=&#8221;210X210&#8243; alignment=&#8221;center&#8221; css_animation=&#8221;fadeInUp&#8221; css=&#8221;.vc_custom_1695305557646{margin-bottom: -16px !important;border-bottom-width: -16px !important;padding-bottom: -16px !important;}&#8221;][vc_column_text css_animation=&#8221;fadeInUp&#8221; el_class=&#8221;big&#8221;]<\/p>\n<h4 style=\"text-align: center;\"><strong><span style=\"color: #ff7600;\">RENDIMIENTO<\/span><\/strong><\/h4>\n<h4>La arquitectura de OCI est\u00e1 dise\u00f1ada para ofrecer baja latencia y alta disponibilidad, incluso en entornos complejos.<\/h4>\n<p>[\/vc_column_text][\/vc_column_inner][vc_column_inner width=&#8221;1\/4&#8243;][vc_single_image image=&#8221;17360&#8243; img_size=&#8221;210X210&#8243; alignment=&#8221;center&#8221; css_animation=&#8221;fadeInUp&#8221; css=&#8221;.vc_custom_1695305570775{margin-bottom: -16px !important;border-bottom-width: -16px !important;padding-bottom: -16px !important;}&#8221;][vc_column_text css_animation=&#8221;fadeInUp&#8221; el_class=&#8221;big&#8221;]<\/p>\n<h4 style=\"text-align: center;\"><strong><span style=\"color: #ff7600;\">COSTO EFICIENTE<\/span><\/strong><\/h4>\n<h4>OCI ofrece una tarifa \u00fanica que no var\u00eda por regi\u00f3n, se factura en moneda local y se basa en un modelo de pago por uso. Esto permite reducir los costos operativos sin comprometer el rendimiento.<\/h4>\n<p>[\/vc_column_text][\/vc_column_inner][\/vc_row_inner][\/vc_column][\/vc_row][vc_row full_width=&#8221;stretch_row&#8221; parallax=&#8221;content-moving&#8221; parallax_image=&#8221;14071&#8243; el_id=&#8221;solucionesoraclecloud&#8221;][vc_column][vc_empty_space height=&#8221;16px&#8221;][vc_column_text css_animation=&#8221;fadeInDown&#8221;]<\/p>\n<h2 style=\"text-align: center;\"><span style=\"color: #ffffff;\"><strong>Servicios de Ataway sobre OCI<\/strong><\/span><\/h2>\n<h3><span style=\"color: #ffffff;\">Ataway acompa\u00f1a a las organizaciones en todo el ciclo de vida de su adopci\u00f3n de Oracle Cloud, alineando cada paso con la estrategia <strong data-start=\"1850\" data-end=\"1858\">MADE<\/strong> Modern Data Platform, AI and Application Innovation, Data Center Exit and Estate Modernization:<\/span><\/h3>\n<p>[\/vc_column_text][vc_row_inner][vc_column_inner width=&#8221;1\/3&#8243;][vc_column_text css_animation=&#8221;fadeInUp&#8221;]<span style=\"color: #ffffff;\"><em><strong>#1 Consultor\u00eda estrat\u00e9gica basada en la metodolog\u00eda MADE<\/strong><\/em><\/span><\/p>\n<p><span style=\"color: #ffffff;\"><em>Nuestro enfoque se alinea con la estrategia MADE de Oracle (Modern Data Platform, AI and Application Innovation, Data Center Exit, Estate Modernization), ayud\u00e1ndote a modernizar tu infraestructura, automatizar procesos, maximizar el valor de tus datos y evolucionar con soluciones de IA como Oracle Digital Assistant, y las bases de datos Oracle23AI y HeathWave que cuentan con IA inclu\u00edda.<\/em><\/span>[\/vc_column_text][\/vc_column_inner][vc_column_inner width=&#8221;1\/3&#8243;][vc_column_text css_animation=&#8221;fadeInUp&#8221;]<span style=\"color: #ffffff;\"><em><strong>#2 Implementaci\u00f3n integral, segura y escalable<\/strong><\/em><\/span><\/p>\n<p><span style=\"color: #ffffff;\"><em>Ataway lidera todo el proceso de migraci\u00f3n a la nube: desde el dise\u00f1o de la arquitectura hasta la implementaci\u00f3n t\u00e9cnica, integrando soluciones multicloud y planes de Data Center Exit. Trabajamos bajo las mejores pr\u00e1cticas de Oracle para garantizar una transici\u00f3n fluida y sin riesgos.<\/em><\/span>[\/vc_column_text][\/vc_column_inner][vc_column_inner width=&#8221;1\/3&#8243;][vc_column_text css_animation=&#8221;fadeInUp&#8221;]<span style=\"color: #ffffff;\"><em><strong>#3 Acompa\u00f1amiento post-implementaci\u00f3n y evoluci\u00f3n continua<\/strong><\/em><\/span><\/p>\n<p><span style=\"color: #ffffff;\"><em>No solo implementamos OCI. Te acompa\u00f1amos en la optimizaci\u00f3n constante de tu infraestructura, con soporte t\u00e9cnico especializado, actualizaciones, monitoreo y recomendaciones para seguir evolucionando con nuevas tecnolog\u00edas.<\/em><\/span>[\/vc_column_text][\/vc_column_inner][\/vc_row_inner][vc_btn title=&#8221;\u00a1Contactanos para m\u00e1s informaci\u00f3n!&#8221; style=&#8221;outline&#8221; color=&#8221;white&#8221; size=&#8221;lg&#8221; align=&#8221;center&#8221; css_animation=&#8221;bounceIn&#8221; css=&#8221;.vc_custom_1695391043817{margin-top: -32px !important;border-top-width: -32px !important;padding-top: -32px !important;}&#8221; link=&#8221;url:%23contactooraclecloud|||&#8221;][vc_empty_space][\/vc_column][\/vc_row][vc_row][vc_column][vc_empty_space][vc_column_text]<\/p>\n<h2 style=\"text-align: center;\"><strong><span style=\"color: #333333;\">Servicios de Ataway con OCI\u00a0<\/span><\/strong><\/h2>\n<p>[\/vc_column_text][vc_row_inner][vc_column_inner width=&#8221;1\/3&#8243;][vc_column_text]<\/p>\n<h3><span style=\"color: #333333;\"><strong><span class=\"TextRun SCXW21748562 BCX0\" lang=\"ES-AR\" xml:lang=\"ES-AR\" data-contrast=\"auto\"><span class=\"NormalTextRun SCXW21748562 BCX0\">Consultor<\/span><\/span><span class=\"TextRun SCXW21748562 BCX0\" lang=\"ES-AR\" xml:lang=\"ES-AR\" data-contrast=\"auto\"><span class=\"NormalTextRun SCXW21748562 BCX0\">\u00ed<\/span><\/span><span class=\"TextRun SCXW21748562 BCX0\" lang=\"ES-AR\" xml:lang=\"ES-AR\" data-contrast=\"auto\"><span class=\"NormalTextRun SCXW21748562 BCX0\">a y Dise<\/span><\/span><span class=\"TextRun SCXW21748562 BCX0\" lang=\"ES-AR\" xml:lang=\"ES-AR\" data-contrast=\"auto\"><span class=\"NormalTextRun SCXW21748562 BCX0\">\u00f1<\/span><\/span><span class=\"TextRun SCXW21748562 BCX0\" lang=\"ES-AR\" xml:lang=\"ES-AR\" data-contrast=\"auto\"><span class=\"NormalTextRun SCXW21748562 BCX0\">o<\/span><\/span><\/strong><\/span><\/h3>\n<hr \/>\n<p><em>Evaluamos tus necesidades para dise\u00f1ar una estrategia de nube alineada a los objetivos de tu negocio, integrando servicios modernos como:\u00a0<\/em><\/p>\n<div><strong>\u2013 Oracle Digital Assistant (IA conversacional)<\/strong><br \/>\n<strong>\u2013 HeatWave: MySQL Enterprise, DataLake, Anal\u00edtica en tiempo real<\/strong><br \/>\n<strong>\u2013 Estrategia de migraci\u00f3n a la nube IaaS y PaaS (Data Center Exit)<\/strong><br \/>\n<strong>\u2013 Enfoques de integraci\u00f3n MultiCloud<\/strong><\/div>\n<p>[\/vc_column_text][\/vc_column_inner][vc_column_inner width=&#8221;1\/3&#8243;][vc_column_text]<\/p>\n<h3><span style=\"color: #333333;\"><strong><span class=\"TextRun SCXW21748562 BCX0\" lang=\"ES-AR\" xml:lang=\"ES-AR\" data-contrast=\"auto\"><span class=\"NormalTextRun SCXW21748562 BCX0\">Implementaci\u00f3n y Migraci\u00f3n <\/span><\/span><\/strong><\/span><\/h3>\n<hr \/>\n<div class=\"x_elementToProof\"><i>Nos encargamos del\u00a0<\/i><i>despliegue completo y seguro de tu entorno OCI<\/i><\/div>\n<p data-start=\"2427\" data-end=\"2458\"><strong>&#8211; Configuraci\u00f3n de entornos OCI<\/strong><br \/>\n<strong>&#8211; Migraci\u00f3n de datos y aplicaciones<\/strong><br \/>\n<strong>&#8211; Integraci\u00f3n con tus sistemas actuales<\/strong><br \/>\n<strong>&#8211; Implementaci\u00f3n de soluciones de IA nativas de Oracle<\/strong><\/p>\n<p>[\/vc_column_text][\/vc_column_inner][vc_column_inner width=&#8221;1\/3&#8243;][vc_column_text]<\/p>\n<h3><span style=\"color: #333333;\"><strong><span class=\"TextRun SCXW21748562 BCX0\" lang=\"ES-AR\" xml:lang=\"ES-AR\" data-contrast=\"auto\"><span class=\"NormalTextRun SCXW21748562 BCX0\">Soporte y Mantenimiento Continuo <\/span><\/span><\/strong><\/span><\/h3>\n<hr \/>\n<p><span style=\"color: #333333;\"><em><span class=\"TextRun SCXW252518716 BCX0\" lang=\"ES-AR\" xml:lang=\"ES-AR\" data-contrast=\"auto\"><span class=\"NormalTextRun SCXW252518716 BCX0\">Brindamos soporte post-implementaci\u00f3n para que tu infraestructura OCI evolucione a medida que cambian las necesidades del negocio:<br \/>\n<\/span><\/span><\/em><\/span><\/p>\n<p data-start=\"2770\" data-end=\"2805\"><strong>&#8211; Optimizaci\u00f3n y monitoreo continuo<\/strong><br \/>\n<strong>&#8211; Gesti\u00f3n de actualizaciones<\/strong><br \/>\n<strong>&#8211; Acompa\u00f1amiento t\u00e9cnico para escalar servicios<br \/>\n&#8211;<span data-olk-copy-source=\"MessageBody\">\u00a0An\u00e1lisis y optimizaci\u00f3n de costos<\/span><\/strong><\/p>\n<p>[\/vc_column_text][\/vc_column_inner][\/vc_row_inner][vc_row_inner content_placement=&#8221;middle&#8221;][vc_column_inner width=&#8221;1\/2&#8243;][vc_single_image image=&#8221;41511&#8243; img_size=&#8221;medium&#8221; alignment=&#8221;right&#8221;][\/vc_column_inner][vc_column_inner width=&#8221;1\/2&#8243;][vc_single_image image=&#8221;41523&#8243; img_size=&#8221;medium&#8221;][\/vc_column_inner][\/vc_row_inner][\/vc_column][\/vc_row][vc_row el_id=&#8221;contactooraclecloud&#8221;][vc_column][vc_column_text css_animation=&#8221;fadeInDown&#8221;]<\/p>\n<h2 style=\"text-align: center;\"><span style=\"color: #333333;\"><strong>\u00a1Hablemos sobre tu transformaci\u00f3n! <\/strong><\/span><\/h2>\n<p>[\/vc_column_text]\n<div class=\"wpcf7 no-js\" id=\"wpcf7-f17368-o1\" lang=\"en\" dir=\"ltr\" data-wpcf7-id=\"17368\">\n<div class=\"screen-reader-response\"><p role=\"status\" aria-live=\"polite\" aria-atomic=\"true\"><\/p> <ul><\/ul><\/div>\n<form action=\"\/es-cl\/wp-json\/wp\/v2\/pages\/41971#wpcf7-f17368-o1\" method=\"post\" class=\"wpcf7-form init\" aria-label=\"Contact form\" novalidate=\"novalidate\" data-status=\"init\">\n<fieldset class=\"hidden-fields-container\"><input type=\"hidden\" name=\"_wpcf7\" value=\"17368\" \/><input type=\"hidden\" name=\"_wpcf7_version\" value=\"6.1.2\" \/><input type=\"hidden\" name=\"_wpcf7_locale\" value=\"en\" \/><input type=\"hidden\" name=\"_wpcf7_unit_tag\" value=\"wpcf7-f17368-o1\" \/><input type=\"hidden\" name=\"_wpcf7_container_post\" value=\"0\" \/><input type=\"hidden\" name=\"_wpcf7_posted_data_hash\" value=\"\" \/><input type=\"hidden\" name=\"_wpcf7_recaptcha_response\" value=\"\" \/>\n<\/fieldset>\n<div class=\"contact-form\">\n\t<p><label><span style=\"color: #333333;\"> Nombre Completo*<br \/>\n<span class=\"wpcf7-form-control-wrap\" data-name=\"your-name\"><input size=\"40\" maxlength=\"400\" class=\"wpcf7-form-control wpcf7-text wpcf7-validates-as-required\" aria-required=\"true\" aria-invalid=\"false\" value=\"\" type=\"text\" name=\"your-name\" \/><\/span> <\/span><\/label><br \/>\n<label><span style=\"color: #333333;\"> Email*<br \/>\n<span class=\"wpcf7-form-control-wrap\" data-name=\"your-email\"><input size=\"40\" maxlength=\"400\" class=\"wpcf7-form-control wpcf7-email wpcf7-validates-as-required wpcf7-text wpcf7-validates-as-email\" aria-required=\"true\" aria-invalid=\"false\" value=\"\" type=\"email\" name=\"your-email\" \/><\/span> <\/span><\/label><br \/>\n<label><span style=\"color: #333333;\"> Empresa*<br \/>\n<span class=\"wpcf7-form-control-wrap\" data-name=\"your-text\"><input size=\"40\" maxlength=\"400\" class=\"wpcf7-form-control wpcf7-text wpcf7-validates-as-required\" aria-required=\"true\" aria-invalid=\"false\" value=\"\" type=\"text\" name=\"your-text\" \/><\/span> <\/span><\/label><br \/>\n<label><span style=\"color: #333333;\"> C\u00f3mo supiste de Ataway?<br \/>\n<span class=\"wpcf7-form-control-wrap\" data-name=\"option\"><select class=\"wpcf7-form-control wpcf7-select\" aria-invalid=\"false\" name=\"option\"><option value=\"Seleccionar una opci\u00f3n\">Seleccionar una opci\u00f3n<\/option><option value=\"Recommendaci\u00f3n\">Recommendaci\u00f3n<\/option><option value=\"Motor de B\u00fasqueda\">Motor de B\u00fasqueda<\/option><option value=\"LinkedIn\">LinkedIn<\/option><option value=\"Partner Marketplace\">Partner Marketplace<\/option><option value=\"Evento\">Evento<\/option><option value=\"Otros\">Otros<\/option><\/select><\/span><\/span><\/label>\n\t<\/p>\n<\/div>\n<div class=\"contact-form\">\n\t<p><label><span style=\"color: #333333;\"> Mensaje*<br \/>\n<span class=\"wpcf7-form-control-wrap\" data-name=\"your-message\"><textarea cols=\"40\" rows=\"10\" maxlength=\"2000\" class=\"wpcf7-form-control wpcf7-textarea wpcf7-validates-as-required\" aria-required=\"true\" aria-invalid=\"false\" name=\"your-message\"><\/textarea><\/span> <\/span><\/label>\n\t<\/p>\n\n\t<p><span class=\"wpcf7-form-control-wrap\" data-name=\"PrivacyPolicy\"><span class=\"wpcf7-form-control wpcf7-acceptance\"><span class=\"wpcf7-list-item\"><label><input type=\"checkbox\" name=\"PrivacyPolicy\" value=\"1\" aria-invalid=\"false\" \/><span class=\"wpcf7-list-item-label\"><span style=\"color: #333333;\"> He le\u00eddo y acepto la <a rel=\"nofollow\" href=\"https:\/\/www.ataway.com\/es-ar\/privacy-policy\/\"> Pol\u00edtica de Privacidad<\/a>.<\/span><\/label><\/span><\/span><\/span>\n\t<\/p>\n\t<p><input class=\"wpcf7-form-control wpcf7-submit has-spinner\" type=\"submit\" value=\"Enviar\" \/>\n\t<\/p>\n<\/div><div class=\"wpcf7-response-output\" aria-hidden=\"true\"><\/div>\n<\/form>\n<\/div>\n[vc_empty_space][\/vc_column][\/vc_row]<\/p>\n<\/div>","protected":false},"excerpt":{"rendered":"<p>[vc_row full_width=&#8221;stretch_row&#8221; full_height=&#8221;yes&#8221; content_placement=&#8221;middle&#8221; parallax=&#8221;content-moving&#8221; parallax_image=&#8221;39560&#8243; css=&#8221;.vc_custom_1738933737566{background-color: #eaeaea !important;}&#8221;][vc_column][vc_empty_space height=&#8221;100&#8243;][vc_row_inner][vc_column_inner width=&#8221;5\/6&#8243;][vc_column_text] Transform\u00e1 tu infraestructura con Oracle Cloud Infrastructure (OCI)\u00a0 [\/vc_column_text][vc_column_text] Ataway, tu socio en la nube,<span class=\"excerpt-hellip\"> [\u2026]<\/span><\/p>\n","protected":false},"author":6,"featured_media":0,"parent":14854,"menu_order":0,"comment_status":"closed","ping_status":"closed","template":"","meta":{"footnotes":""},"class_list":["post-41971","page","type-page","status-publish","hentry"],"_links":{"self":[{"href":"https:\/\/www.ataway.com\/es-cl\/wp-json\/wp\/v2\/pages\/41971","targetHints":{"allow":["GET"]}}],"collection":[{"href":"https:\/\/www.ataway.com\/es-cl\/wp-json\/wp\/v2\/pages"}],"about":[{"href":"https:\/\/www.ataway.com\/es-cl\/wp-json\/wp\/v2\/types\/page"}],"author":[{"embeddable":true,"href":"https:\/\/www.ataway.com\/es-cl\/wp-json\/wp\/v2\/users\/6"}],"replies":[{"embeddable":true,"href":"https:\/\/www.ataway.com\/es-cl\/wp-json\/wp\/v2\/comments?post=41971"}],"version-history":[{"count":3,"href":"https:\/\/www.ataway.com\/es-cl\/wp-json\/wp\/v2\/pages\/41971\/revisions"}],"predecessor-version":[{"id":41974,"href":"https:\/\/www.ataway.com\/es-cl\/wp-json\/wp\/v2\/pages\/41971\/revisions\/41974"}],"up":[{"embeddable":true,"href":"https:\/\/www.ataway.com\/es-cl\/wp-json\/wp\/v2\/pages\/14854"}],"wp:attachment":[{"href":"https:\/\/www.ataway.com\/es-cl\/wp-json\/wp\/v2\/media?parent=41971"}],"curies":[{"name":"wp","href":"https:\/\/api.w.org\/{rel}","templated":true}]}}