{"id":41966,"date":"2023-08-04T13:42:36","date_gmt":"2023-08-04T16:42:36","guid":{"rendered":"https:\/\/www.ataway.com\/soluciones\/desarrollo-de-aplicaciones\/"},"modified":"2025-06-27T16:33:06","modified_gmt":"2025-06-27T19:33:06","slug":"desarrollo-de-aplicaciones","status":"publish","type":"page","link":"https:\/\/www.ataway.com\/es-cl\/soluciones\/desarrollo-de-aplicaciones\/","title":{"rendered":"Desarrollo de Aplicaciones"},"content":{"rendered":"<div class=\"wpb-content-wrapper\"><p>[vc_row full_width=&#8221;stretch_row&#8221; full_height=&#8221;yes&#8221; content_placement=&#8221;middle&#8221; parallax=&#8221;content-moving&#8221; parallax_image=&#8221;17005&#8243; css=&#8221;.vc_custom_1691431256435{background-color: #eaeaea !important;}&#8221;][vc_column][vc_empty_space height=&#8221;100&#8243;][vc_column_text css_animation=&#8221;fadeInDown&#8221;]<\/p>\n<h1><span style=\"color: #ffffff;\"><strong>Transformando Visiones<br \/>\nen Experiencias Digitales.<br \/>\n<\/strong><\/span><\/h1>\n<p>[\/vc_column_text][vc_column_text css_animation=&#8221;fadeInUp&#8221;]<\/p>\n<h3><strong>Convertimos ideas en experiencias digitales cautivadoras.<br \/>\nDesde aplicaciones m\u00f3viles y sistemas a medida hasta un<br \/>\nasesoramiento integral en transformaci\u00f3n digital,<br \/>\ninnovamos para conectar tecnolog\u00eda y empresas.<\/strong><\/h3>\n<p>[\/vc_column_text][vc_btn title=&#8221;\u00a1Contactanos!&#8221; style=&#8221;classic&#8221; color=&#8221;inverse&#8221; size=&#8221;lg&#8221; css_animation=&#8221;bounceIn&#8221; link=&#8221;url:https%3A%2F%2Fwww.ataway.com%2Fes-ar%2Fcontacto%2F|||&#8221; el_class=&#8221;big&#8221;][vc_empty_space height=&#8221;16px&#8221;][vc_icon type=&#8221;entypo&#8221; icon_entypo=&#8221;entypo-icon entypo-icon-down-open-big&#8221; color=&#8221;white&#8221; background_style=&#8221;rounded&#8221; background_color=&#8221;custom&#8221; size=&#8221;sm&#8221; align=&#8221;center&#8221; custom_background_color=&#8221;rgba(10,10,10,0.56)&#8221; el_class=&#8221;scroller-cursor-pointer&#8221;][\/vc_column][\/vc_row][vc_row el_id=&#8221;scroller-second-frame&#8221;][vc_column][vc_column_text css_animation=&#8221;fadeInDown&#8221;]<\/p>\n<h2 style=\"text-align: center;\"><span style=\"color: #333333;\"><strong>Proceso: de la idea a la realidad<\/strong><\/span><\/h2>\n<p>[\/vc_column_text][vc_row_inner][vc_column_inner width=&#8221;1\/4&#8243;][vc_single_image image=&#8221;17035&#8243; img_size=&#8221;&#8221; css_animation=&#8221;fadeInUp&#8221;][vc_column_text css_animation=&#8221;fadeInUp&#8221; css=&#8221;.vc_custom_1691519131862{margin-top: -64px !important;border-top-width: -64px !important;padding-top: -64px !important;}&#8221;]<\/p>\n<p style=\"text-align: center;\"><span style=\"color: #ff6600;\"><strong><em>EXPLORAR LA VISI\u00d3N<\/em><\/strong><\/span><\/p>\n<p>En el emocionante proceso de dise\u00f1ar apps web y m\u00f3viles, todo empieza con una profunda inmersi\u00f3n en tu visi\u00f3n e ideas. A trav\u00e9s de sesiones colaborativas y an\u00e1lisis exhaustivos, capturaremos los matices de lo que busc\u00e1s lograr. Creemos que esta etapa inicial sienta las bases para un proyecto s\u00f3lido y exitoso.[\/vc_column_text][\/vc_column_inner][vc_column_inner width=&#8221;1\/4&#8243;][vc_single_image image=&#8221;17033&#8243; img_size=&#8221;&#8221; alignment=&#8221;center&#8221; css_animation=&#8221;fadeInUp&#8221;][vc_column_text css_animation=&#8221;fadeInUp&#8221; css=&#8221;.vc_custom_1691519145844{margin-top: -64px !important;border-top-width: -64px !important;padding-top: -64px !important;}&#8221;]<\/p>\n<p style=\"text-align: center;\"><em><strong><span style=\"color: #ff6600;\">PLANIFICAR LA ESTRATEGIA<\/span><\/strong><\/em><\/p>\n<p>En esta fase, establecemos objetivos claros, delineamos la arquitectura de la aplicaci\u00f3n y definimos las funcionalidades clave. Con la ayuda de wireframes y prototipos interactivos, damos vida a la estructura de la aplicaci\u00f3n. La retroalimentaci\u00f3n en esta etapa es vital, permiti\u00e9ndonos ajustar y refinar los detalles antes de avanzar.[\/vc_column_text][\/vc_column_inner][vc_column_inner width=&#8221;1\/4&#8243;][vc_single_image image=&#8221;17034&#8243; img_size=&#8221;&#8221; alignment=&#8221;center&#8221; css_animation=&#8221;fadeInUp&#8221;][vc_column_text css_animation=&#8221;fadeInUp&#8221; css=&#8221;.vc_custom_1691519166605{margin-top: -64px !important;border-top-width: -64px !important;padding-top: -64px !important;}&#8221;]<\/p>\n<p style=\"text-align: center;\"><strong><span style=\"color: #ff6600;\"><em>DISE\u00d1AR LA USABILIDAD<\/em><\/span><\/strong><\/p>\n<p>Nuestro equipo de dise\u00f1adores entra en acci\u00f3n para transformar tu visi\u00f3n en una interfaz atractiva y funcional. Con una combinaci\u00f3n de est\u00e9tica y usabilidad, creamos un dise\u00f1o que no solo cautiva visualmente, sino que tambi\u00e9n ofrece una experiencia de usuario fluida y agradable. Cada elemento se dise\u00f1a con precisi\u00f3n para reflejar la identidad de la marca y brindar una experiencia excepcional.[\/vc_column_text][\/vc_column_inner][vc_column_inner width=&#8221;1\/4&#8243;][vc_single_image image=&#8221;17037&#8243; img_size=&#8221;&#8221; alignment=&#8221;center&#8221; css_animation=&#8221;fadeInUp&#8221;][vc_column_text css_animation=&#8221;fadeInUp&#8221; css=&#8221;.vc_custom_1691519182354{margin-top: -64px !important;border-top-width: -64px !important;padding-top: -64px !important;}&#8221;]<\/p>\n<p style=\"text-align: center;\"><strong><span style=\"color: #ff6600;\"><em>PASAR A C\u00d3DIGO<\/em><\/span><\/strong><\/p>\n<p>La fase de desarrollo es donde la magia del dise\u00f1o se transforma en c\u00f3digo. Nuestros ingenieros utilizan tecnolog\u00edas de vanguardia para dar vida a la aplicaci\u00f3n, asegurando su robustez y adaptabilidad. Brindamos actualizaciones y demostraciones para asegurarnos una evoluci\u00f3n del proyecto acorde a lo planeado.[\/vc_column_text][\/vc_column_inner][\/vc_row_inner][\/vc_column][\/vc_row][vc_row full_width=&#8221;stretch_row&#8221; parallax=&#8221;content-moving&#8221; parallax_image=&#8221;14205&#8243;][vc_column][vc_empty_space][vc_column_text css_animation=&#8221;fadeInDown&#8221;]<\/p>\n<h2 style=\"text-align: center;\"><span style=\"color: #ffffff;\"><strong>\u00bfQu\u00e9 ofrecemos?<\/strong><\/span><\/h2>\n<p>[\/vc_column_text][vc_row_inner][vc_column_inner width=&#8221;1\/4&#8243;][vc_column_text css_animation=&#8221;fadeInUp&#8221;]<span style=\"color: #ffffff;\"><strong>#1 Amplia Experiencia Backoffice<\/strong><\/span><\/p>\n<p><span style=\"color: #ffffff;\">Nuestros expertos conocen a fondo los sistemas y procesos de backoffice, lo que asegura soluciones integradas y efectivas.<\/span>[\/vc_column_text][\/vc_column_inner][vc_column_inner width=&#8221;1\/4&#8243;][vc_column_text css_animation=&#8221;fadeInUp&#8221;]<span style=\"color: #ffffff;\"><strong>#2 Autoservicio y Eficiencia<\/strong><\/span><\/p>\n<p><span style=\"color: #ffffff;\">Destacamos en la creaci\u00f3n de soluciones de autoservicio para empleados, mejorando la productividad y la satisfacci\u00f3n con el modelo de One Stop Shop.<\/span>[\/vc_column_text][\/vc_column_inner][vc_column_inner width=&#8221;1\/4&#8243;][vc_column_text css_animation=&#8221;fadeInUp&#8221;]<strong><span style=\"color: #ffffff;\">#3\u00a0Integraci\u00f3n Sistemas CORE<\/span><\/strong><\/p>\n<p><span style=\"color: #ffffff;\">Desarrollamos aplicaciones m\u00f3viles que se integran perfectamente con sistemas esenciales, garantizando una experiencia fluida.<\/span>[\/vc_column_text][\/vc_column_inner][vc_column_inner width=&#8221;1\/4&#8243;][vc_column_text css_animation=&#8221;fadeInUp&#8221;]<span style=\"color: #ffffff;\"><strong>#4 Consultor\u00eda Integral y Global<\/strong><\/span><\/p>\n<p><span style=\"color: #ffffff;\">Como consultores, planificamos y ejecutamos procesos estrat\u00e9gicos junto con el desarrollo t\u00e9cnico. Nuestra naturaleza global y equipo biling\u00fce nos permite atender a clientes en todo el mundo.<\/span>[\/vc_column_text][\/vc_column_inner][\/vc_row_inner][\/vc_column][\/vc_row][vc_row full_width=&#8221;stretch_row&#8221; full_height=&#8221;yes&#8221; content_placement=&#8221;middle&#8221; parallax=&#8221;content-moving&#8221; parallax_image=&#8221;17466&#8243;][vc_column][vc_column_text css_animation=&#8221;fadeInDown&#8221;]<\/p>\n<h2 style=\"text-align: center;\"><span style=\"color: #333333;\"><strong>Tecnolog\u00edas &amp; Integraciones<\/strong><\/span><\/h2>\n<p>[\/vc_column_text][vc_column_text css_animation=&#8221;fadeInUp&#8221; el_class=&#8221;medium&#8221;]<\/p>\n<p style=\"text-align: center;\">Desarrollamos tu \u00e9xito en la era digital<br aria-hidden=\"true\" \/>con tecnolog\u00edas vanguardistas.<br aria-hidden=\"true\" \/>Descubr\u00ed c\u00f3mo podemos ayudarte a generar una<br \/>\ntransformaci\u00f3n digital en tu empresa para impulsar tu negocio.<br \/>\n<strong><em>React, GitLab, NodeJS, \u00a0Angular, Java, .NETCore, Flutter,<\/em><\/strong><br \/>\n<strong><em>Dart, OCI, Type Script, Nest, Amazon Web Services, Kubernetes.<\/em><\/strong><\/p>\n<p>[\/vc_column_text][vc_btn title=&#8221;\u00a1Conoc\u00e9 m\u00e1s!&#8221; style=&#8221;classic&#8221; color=&#8221;warning&#8221; size=&#8221;lg&#8221; align=&#8221;center&#8221; css_animation=&#8221;bounceIn&#8221; link=&#8221;url:https%3A%2F%2Fwww.ataway.com%2Fes-ar%2Fcontacto%2F|||&#8221;][\/vc_column][\/vc_row][vc_row full_width=&#8221;stretch_row&#8221; css=&#8221;.vc_custom_1691518850029{background-color: #efefef !important;}&#8221;][vc_column][vc_column_text css_animation=&#8221;fadeInDown&#8221;]<\/p>\n<h2 style=\"text-align: center;\"><span style=\"color: #333333;\"><strong>Transform\u00e1 tu visi\u00f3n en realidad<\/strong><\/span><\/h2>\n<h3 style=\"text-align: center;\"><span style=\"color: #ff6600;\"><strong>INSPIRATE EN NUESTROS \u00c9XITOS<\/strong><\/span><\/h3>\n<p>[\/vc_column_text][vc_basic_grid post_type=&#8221;post&#8221; max_items=&#8221;10&#8243; grid_id=&#8221;vc_gid:1696855712841-5042ba25-80e5-1&#8243; taxonomies=&#8221;427&#8243;][\/vc_column][\/vc_row][vc_row full_width=&#8221;stretch_row&#8221; content_placement=&#8221;middle&#8221; parallax=&#8221;content-moving&#8221; parallax_image=&#8221;14210&#8243; css=&#8221;.vc_custom_1691518944808{background-color: #ffffff !important;}&#8221;][vc_column width=&#8221;3\/4&#8243;][vc_column_text css_animation=&#8221;none&#8221;]<\/p>\n<h2 style=\"text-align: right;\"><span style=\"color: #ffffff;\"><strong>\u00a1Gestion\u00e1 tu Proyecto Global con nosotros!<\/strong><\/span><\/h2>\n<p>[\/vc_column_text][\/vc_column][vc_column width=&#8221;1\/4&#8243;][vc_btn title=&#8221;\u00a1Contactanos!&#8221; style=&#8221;classic&#8221; color=&#8221;white&#8221; size=&#8221;lg&#8221; css_animation=&#8221;bounceIn&#8221; el_class=&#8221;big&#8221;][\/vc_column][\/vc_row]<\/p>\n<\/div>","protected":false},"excerpt":{"rendered":"<p>[vc_row full_width=&#8221;stretch_row&#8221; full_height=&#8221;yes&#8221; content_placement=&#8221;middle&#8221; parallax=&#8221;content-moving&#8221; parallax_image=&#8221;17005&#8243; css=&#8221;.vc_custom_1691431256435{background-color: #eaeaea !important;}&#8221;][vc_column][vc_empty_space height=&#8221;100&#8243;][vc_column_text css_animation=&#8221;fadeInDown&#8221;] Transformando Visiones en Experiencias Digitales. [\/vc_column_text][vc_column_text css_animation=&#8221;fadeInUp&#8221;] Convertimos ideas en experiencias digitales cautivadoras. Desde aplicaciones<span class=\"excerpt-hellip\"> [\u2026]<\/span><\/p>\n","protected":false},"author":6,"featured_media":0,"parent":14854,"menu_order":0,"comment_status":"closed","ping_status":"closed","template":"","meta":{"footnotes":""},"class_list":["post-41966","page","type-page","status-publish","hentry"],"_links":{"self":[{"href":"https:\/\/www.ataway.com\/es-cl\/wp-json\/wp\/v2\/pages\/41966","targetHints":{"allow":["GET"]}}],"collection":[{"href":"https:\/\/www.ataway.com\/es-cl\/wp-json\/wp\/v2\/pages"}],"about":[{"href":"https:\/\/www.ataway.com\/es-cl\/wp-json\/wp\/v2\/types\/page"}],"author":[{"embeddable":true,"href":"https:\/\/www.ataway.com\/es-cl\/wp-json\/wp\/v2\/users\/6"}],"replies":[{"embeddable":true,"href":"https:\/\/www.ataway.com\/es-cl\/wp-json\/wp\/v2\/comments?post=41966"}],"version-history":[{"count":2,"href":"https:\/\/www.ataway.com\/es-cl\/wp-json\/wp\/v2\/pages\/41966\/revisions"}],"predecessor-version":[{"id":41968,"href":"https:\/\/www.ataway.com\/es-cl\/wp-json\/wp\/v2\/pages\/41966\/revisions\/41968"}],"up":[{"embeddable":true,"href":"https:\/\/www.ataway.com\/es-cl\/wp-json\/wp\/v2\/pages\/14854"}],"wp:attachment":[{"href":"https:\/\/www.ataway.com\/es-cl\/wp-json\/wp\/v2\/media?parent=41966"}],"curies":[{"name":"wp","href":"https:\/\/api.w.org\/{rel}","templated":true}]}}