{"id":40615,"date":"2019-08-16T15:06:57","date_gmt":"2019-08-16T18:06:57","guid":{"rendered":"https:\/\/www.ataway.com\/soluciones\/oraclecloud\/"},"modified":"2025-02-28T11:32:03","modified_gmt":"2025-02-28T14:32:03","slug":"oraclecloud","status":"publish","type":"page","link":"https:\/\/www.ataway.com\/es-cl\/soluciones\/oraclecloud\/","title":{"rendered":"Oracle Cloud"},"content":{"rendered":"<div class=\"wpb-content-wrapper\"><p>[vc_row full_width=&#8221;stretch_row&#8221; full_height=&#8221;yes&#8221; content_placement=&#8221;middle&#8221; parallax=&#8221;content-moving&#8221; parallax_image=&#8221;17356&#8243; css=&#8221;.vc_custom_1695132204337{background-color: #eaeaea !important;}&#8221;][vc_column][vc_empty_space height=&#8221;100&#8243;][vc_column_text]<\/p>\n<h1><span style=\"color: #ffffff;\"><strong>Oracle Cloud con Ataway:<br \/>\nTu Socio en la Nube.<\/strong><strong>\u00a0<\/strong><\/span><\/h1>\n<p>[\/vc_column_text][vc_column_text]<\/p>\n<h2><span style=\"color: #ffffff;\"><em>Descubre la Excelencia en la<br \/>\nGesti\u00f3n de Software en la Nube.<\/em><\/span><\/h2>\n<p>[\/vc_column_text][vc_btn title=&#8221;\u00a1Conoc\u00e9 nuestras soluciones!&#8221; style=&#8221;outline&#8221; color=&#8221;white&#8221; size=&#8221;lg&#8221; css_animation=&#8221;bounceIn&#8221; link=&#8221;url:%23solucionesoraclecloud|||&#8221;][vc_empty_space height=&#8221;16px&#8221;][vc_icon type=&#8221;entypo&#8221; icon_entypo=&#8221;entypo-icon entypo-icon-down-open-big&#8221; color=&#8221;white&#8221; background_style=&#8221;rounded&#8221; background_color=&#8221;custom&#8221; size=&#8221;sm&#8221; align=&#8221;center&#8221; custom_background_color=&#8221;rgba(10,10,10,0.56)&#8221; el_class=&#8221;scroller-cursor-pointer&#8221;][\/vc_column][\/vc_row][vc_row full_width=&#8221;stretch_row&#8221; content_placement=&#8221;middle&#8221; css=&#8221;.vc_custom_1560523572547{background-color: #ffffff !important;}&#8221; el_id=&#8221;scroller-second-frame&#8221;][vc_column][vc_empty_space height=&#8221;16&#8243;][vc_row_inner][vc_column_inner][vc_column_text css_animation=&#8221;fadeInDown&#8221; el_class=&#8221;big&#8221;]<\/p>\n<h3 id=\"tw-target-text\" class=\"tw-data-text tw-text-large tw-ta\" dir=\"ltr\" data-placeholder=\"Translation\"><span style=\"color: #333333;\"><strong>\u00bfQu\u00e9 Significa Gestionar Software en la Nube?\u00a0<\/strong>La administraci\u00f3n de software en la nube implica la utilizaci\u00f3n de servidores y recursos inform\u00e1ticos a trav\u00e9s de Internet, en lugar de depender de hardware local. En lugar de comprar y mantener costosos servidores, tu empresa puede acceder a potentes soluciones en la nube de Oracle Cloud con la ayuda de Ataway.<\/span><\/h3>\n<p>[\/vc_column_text][\/vc_column_inner][\/vc_row_inner][vc_column_text css_animation=&#8221;fadeInDown&#8221;]<\/p>\n<h2><span style=\"color: #333333;\"><strong>Beneficios de Gestionar Software en la Nube<\/strong><\/span><\/h2>\n<h2 style=\"text-align: left;\"><span style=\"color: #333333;\">\u00a0<\/span><\/h2>\n<p>[\/vc_column_text][vc_row_inner][vc_column_inner width=&#8221;1\/4&#8243;][vc_single_image image=&#8221;17358&#8243; img_size=&#8221;210X210&#8243; alignment=&#8221;center&#8221; css_animation=&#8221;fadeInUp&#8221; css=&#8221;.vc_custom_1695305549070{margin-bottom: -16px !important;border-bottom-width: -16px !important;padding-bottom: -16px !important;}&#8221;][vc_column_text css_animation=&#8221;fadeInUp&#8221; el_class=&#8221;big&#8221;]<\/p>\n<h4 style=\"text-align: center;\"><span style=\"color: #ff7600;\"><strong>SIN INVERSI\u00d3N COSTOSA EN HARDWARE<\/strong><\/span><\/h4>\n<h4 style=\"text-align: left;\"><span style=\"color: #eb7932;\"><span style=\"color: #333333;\">Oracle Cloud elimina la carga de comprar y mantener servidores, reduciendo los costos de infraestructura y liberando recursos para invertir en tu negocio.<\/span><br \/>\n<\/span><\/h4>\n<p>[\/vc_column_text][\/vc_column_inner][vc_column_inner width=&#8221;1\/4&#8243;][vc_single_image image=&#8221;17359&#8243; img_size=&#8221;210X210&#8243; alignment=&#8221;center&#8221; css_animation=&#8221;fadeInUp&#8221; css=&#8221;.vc_custom_1695305557646{margin-bottom: -16px !important;border-bottom-width: -16px !important;padding-bottom: -16px !important;}&#8221;][vc_column_text css_animation=&#8221;fadeInUp&#8221; el_class=&#8221;big&#8221;]<\/p>\n<h4 style=\"text-align: center;\"><span style=\"color: #ff7600;\"><strong>REDUCCI\u00d3N DE COSTOS DE LICENCIA<\/strong><\/span><\/h4>\n<h4><span style=\"color: #333333;\">Pag\u00e1 solo por lo que necesit\u00e1s. Oracle Cloud te factura seg\u00fan el tiempo de uso, lo que significa que no gast\u00e1s en licencias innecesarias y pod\u00e9s ajustar tus recursos a medida que evoluciona tu negocio.<\/span><\/h4>\n<p>[\/vc_column_text][\/vc_column_inner][vc_column_inner width=&#8221;1\/4&#8243;][vc_single_image image=&#8221;17360&#8243; img_size=&#8221;210X210&#8243; alignment=&#8221;center&#8221; css_animation=&#8221;fadeInUp&#8221; css=&#8221;.vc_custom_1695305570775{margin-bottom: -16px !important;border-bottom-width: -16px !important;padding-bottom: -16px !important;}&#8221;][vc_column_text css_animation=&#8221;fadeInUp&#8221; el_class=&#8221;big&#8221;]<\/p>\n<h4 style=\"text-align: center;\"><strong><span style=\"color: #ff7600;\">REDUCCI\u00d3N DE COSTOS OPERATIVOS<\/span><\/strong><\/h4>\n<h4><span style=\"color: #333333;\">No m\u00e1s costos operativos relacionados con la construcci\u00f3n y operaci\u00f3n de infraestructura. Oracle y Ataway te brindan una soluci\u00f3n que libera a tu empresa de preocupaciones operativas.<\/span><\/h4>\n<p>[\/vc_column_text][\/vc_column_inner][vc_column_inner width=&#8221;1\/4&#8243;][vc_single_image image=&#8221;17361&#8243; img_size=&#8221;210X210&#8243; alignment=&#8221;center&#8221; css_animation=&#8221;fadeInUp&#8221; css=&#8221;.vc_custom_1695305579499{margin-bottom: -16px !important;border-bottom-width: -16px !important;padding-bottom: -16px !important;}&#8221;][vc_column_text css_animation=&#8221;fadeInUp&#8221; el_class=&#8221;big&#8221;]<\/p>\n<h4 style=\"text-align: center;\"><strong><span style=\"color: #ff7600;\">M\u00c1XIMA FLEXIBILIDAD Y ADAPTABILIDAD<\/span><\/strong><\/h4>\n<h4><span style=\"color: #333333;\">Configur\u00e1 tu entorno a tus necesidades exactas, en el momento que lo requieras. Personaliz\u00e1 y adapt\u00e1 la configuraci\u00f3n, la estructura y las funciones de tu sistema seg\u00fan las demandas cambiantes de tu negocio.<\/span><\/h4>\n<p>[\/vc_column_text][\/vc_column_inner][\/vc_row_inner][\/vc_column][\/vc_row][vc_row full_width=&#8221;stretch_row&#8221; parallax=&#8221;content-moving&#8221; parallax_image=&#8221;14071&#8243; el_id=&#8221;solucionesoraclecloud&#8221;][vc_column][vc_empty_space height=&#8221;16px&#8221;][vc_column_text css_animation=&#8221;fadeInDown&#8221;]<\/p>\n<h2 style=\"text-align: center;\"><span style=\"color: #ffffff;\"><strong>Soluciones de Ataway con Oracle Cloud<\/strong><\/span><\/h2>\n<p>[\/vc_column_text][vc_row_inner][vc_column_inner width=&#8221;1\/4&#8243;][vc_column_text css_animation=&#8221;fadeInUp&#8221;]<span style=\"color: #ffffff;\"><em><strong>#1 GESTI\u00d3N FINANCIERA<\/strong><\/em><\/span><\/p>\n<p><span style=\"color: #ffffff;\"><em>Oracle Cloud ERP incluye m\u00f3dulos de contabilidad, cuentas por pagar, cuentas por cobrar, presupuesto, activos fijos y gesti\u00f3n de gastos, brind\u00e1ndote un control financiero completo, desde lo b\u00e1sico hasta la planificaci\u00f3n avanzada.<\/em><\/span>[\/vc_column_text][\/vc_column_inner][vc_column_inner width=&#8221;1\/4&#8243;][vc_column_text css_animation=&#8221;fadeInUp&#8221;]<span style=\"color: #ffffff;\"><em><strong>#2 GESTI\u00d3N DE RRHH<\/strong><\/em><\/span><\/p>\n<p><span style=\"color: #ffffff;\"><em>Administr\u00e1 eficientemente a tu personal con funciones como la administraci\u00f3n de n\u00f3minas, gesti\u00f3n de talento, reclutamiento y capacitaci\u00f3n.<\/em><\/span>[\/vc_column_text][\/vc_column_inner][vc_column_inner width=&#8221;1\/4&#8243;][vc_column_text css_animation=&#8221;fadeInUp&#8221;]<span style=\"color: #ffffff;\"><em><strong>#3 GESTI\u00d3N DE SUPPLY CHAIN<\/strong><\/em><\/span><\/p>\n<p><span style=\"color: #ffffff;\"><em>Optimiz\u00e1 tu cadena de suministro con herramientas para la planificaci\u00f3n de la demanda, la gesti\u00f3n de inventario y la gesti\u00f3n de pedidos. Reduc\u00ed costos y mejor\u00e1 la eficiencia.<\/em><\/span>[\/vc_column_text][\/vc_column_inner][vc_column_inner width=&#8221;1\/4&#8243;][vc_column_text css_animation=&#8221;fadeInUp&#8221;]<span style=\"color: #ffffff;\"><em><strong>#4 AN\u00c1LISIS Y REPORTES<\/strong><\/em><\/span><\/p>\n<p><span style=\"color: #ffffff;\"><em>Tom\u00e1 decisiones informadas en tiempo real con capacidades de an\u00e1lisis y generaci\u00f3n de informes de Oracle Cloud.<\/em><\/span>[\/vc_column_text][\/vc_column_inner][\/vc_row_inner][vc_btn title=&#8221;\u00a1Contactanos para m\u00e1s informaci\u00f3n!&#8221; style=&#8221;outline&#8221; color=&#8221;white&#8221; size=&#8221;lg&#8221; align=&#8221;center&#8221; css_animation=&#8221;bounceIn&#8221; css=&#8221;.vc_custom_1695391043817{margin-top: -32px !important;border-top-width: -32px !important;padding-top: -32px !important;}&#8221; link=&#8221;url:%23contactooraclecloud|||&#8221;][vc_empty_space][\/vc_column][\/vc_row][vc_row][vc_column][vc_column_text css_animation=&#8221;fadeInDown&#8221;]<\/p>\n<h2 style=\"text-align: center;\"><span style=\"color: #333333;\"><strong>Casos de \u00c9xito<\/strong><\/span><\/h2>\n<p>[\/vc_column_text][vc_column_text css_animation=&#8221;fadeInUp&#8221;]<\/p>\n<h3 style=\"text-align: center;\"><span style=\"color: #333333;\"><em>Descubre c\u00f3mo otras empresas han transformado su negocio con Oracle Cloud y Ataway.<\/em><\/span><\/h3>\n<p>[\/vc_column_text][vc_basic_grid post_type=&#8221;post&#8221; max_items=&#8221;10&#8243; grid_id=&#8221;vc_gid:1695389300226-dc6ae84d-8798-9&#8243; taxonomies=&#8221;394&#8243;][\/vc_column][\/vc_row][vc_row el_id=&#8221;contactooraclecloud&#8221;][vc_column][vc_column_text css_animation=&#8221;fadeInDown&#8221;]<\/p>\n<h2 style=\"text-align: center;\"><span style=\"color: #333333;\"><strong>\u00a1Hablemos sobre tu transformaci\u00f3n! <\/strong><\/span><\/h2>\n<p>[\/vc_column_text]\n<div class=\"wpcf7 no-js\" id=\"wpcf7-f17368-o1\" lang=\"en\" dir=\"ltr\" data-wpcf7-id=\"17368\">\n<div class=\"screen-reader-response\"><p role=\"status\" aria-live=\"polite\" aria-atomic=\"true\"><\/p> <ul><\/ul><\/div>\n<form action=\"\/es-cl\/wp-json\/wp\/v2\/pages\/40615#wpcf7-f17368-o1\" method=\"post\" class=\"wpcf7-form init\" aria-label=\"Contact form\" novalidate=\"novalidate\" data-status=\"init\">\n<fieldset class=\"hidden-fields-container\"><input type=\"hidden\" name=\"_wpcf7\" value=\"17368\" \/><input type=\"hidden\" name=\"_wpcf7_version\" value=\"6.1.2\" \/><input type=\"hidden\" name=\"_wpcf7_locale\" value=\"en\" \/><input type=\"hidden\" name=\"_wpcf7_unit_tag\" value=\"wpcf7-f17368-o1\" \/><input type=\"hidden\" name=\"_wpcf7_container_post\" value=\"0\" \/><input type=\"hidden\" name=\"_wpcf7_posted_data_hash\" value=\"\" \/><input type=\"hidden\" name=\"_wpcf7_recaptcha_response\" value=\"\" \/>\n<\/fieldset>\n<div class=\"contact-form\">\n\t<p><label><span style=\"color: #333333;\"> Nombre Completo*<br \/>\n<span class=\"wpcf7-form-control-wrap\" data-name=\"your-name\"><input size=\"40\" maxlength=\"400\" class=\"wpcf7-form-control wpcf7-text wpcf7-validates-as-required\" aria-required=\"true\" aria-invalid=\"false\" value=\"\" type=\"text\" name=\"your-name\" \/><\/span> <\/span><\/label><br \/>\n<label><span style=\"color: #333333;\"> Email*<br \/>\n<span class=\"wpcf7-form-control-wrap\" data-name=\"your-email\"><input size=\"40\" maxlength=\"400\" class=\"wpcf7-form-control wpcf7-email wpcf7-validates-as-required wpcf7-text wpcf7-validates-as-email\" aria-required=\"true\" aria-invalid=\"false\" value=\"\" type=\"email\" name=\"your-email\" \/><\/span> <\/span><\/label><br \/>\n<label><span style=\"color: #333333;\"> Empresa*<br \/>\n<span class=\"wpcf7-form-control-wrap\" data-name=\"your-text\"><input size=\"40\" maxlength=\"400\" class=\"wpcf7-form-control wpcf7-text wpcf7-validates-as-required\" aria-required=\"true\" aria-invalid=\"false\" value=\"\" type=\"text\" name=\"your-text\" \/><\/span> <\/span><\/label><br \/>\n<label><span style=\"color: #333333;\"> C\u00f3mo supiste de Ataway?<br \/>\n<span class=\"wpcf7-form-control-wrap\" data-name=\"option\"><select class=\"wpcf7-form-control wpcf7-select\" aria-invalid=\"false\" name=\"option\"><option value=\"Seleccionar una opci\u00f3n\">Seleccionar una opci\u00f3n<\/option><option value=\"Recommendaci\u00f3n\">Recommendaci\u00f3n<\/option><option value=\"Motor de B\u00fasqueda\">Motor de B\u00fasqueda<\/option><option value=\"LinkedIn\">LinkedIn<\/option><option value=\"Partner Marketplace\">Partner Marketplace<\/option><option value=\"Evento\">Evento<\/option><option value=\"Otros\">Otros<\/option><\/select><\/span><\/span><\/label>\n\t<\/p>\n<\/div>\n<div class=\"contact-form\">\n\t<p><label><span style=\"color: #333333;\"> Mensaje*<br \/>\n<span class=\"wpcf7-form-control-wrap\" data-name=\"your-message\"><textarea cols=\"40\" rows=\"10\" maxlength=\"2000\" class=\"wpcf7-form-control wpcf7-textarea wpcf7-validates-as-required\" aria-required=\"true\" aria-invalid=\"false\" name=\"your-message\"><\/textarea><\/span> <\/span><\/label>\n\t<\/p>\n\n\t<p><span class=\"wpcf7-form-control-wrap\" data-name=\"PrivacyPolicy\"><span class=\"wpcf7-form-control wpcf7-acceptance\"><span class=\"wpcf7-list-item\"><label><input type=\"checkbox\" name=\"PrivacyPolicy\" value=\"1\" aria-invalid=\"false\" \/><span class=\"wpcf7-list-item-label\"><span style=\"color: #333333;\"> He le\u00eddo y acepto la <a rel=\"nofollow\" href=\"https:\/\/www.ataway.com\/es-ar\/privacy-policy\/\"> Pol\u00edtica de Privacidad<\/a>.<\/span><\/label><\/span><\/span><\/span>\n\t<\/p>\n\t<p><input class=\"wpcf7-form-control wpcf7-submit has-spinner\" type=\"submit\" value=\"Enviar\" \/>\n\t<\/p>\n<\/div><div class=\"wpcf7-response-output\" aria-hidden=\"true\"><\/div>\n<\/form>\n<\/div>\n[vc_empty_space][\/vc_column][\/vc_row]<\/p>\n<\/div>","protected":false},"excerpt":{"rendered":"<p>[vc_row full_width=&#8221;stretch_row&#8221; full_height=&#8221;yes&#8221; content_placement=&#8221;middle&#8221; parallax=&#8221;content-moving&#8221; parallax_image=&#8221;17356&#8243; css=&#8221;.vc_custom_1695132204337{background-color: #eaeaea !important;}&#8221;][vc_column][vc_empty_space height=&#8221;100&#8243;][vc_column_text] Oracle Cloud con Ataway: Tu Socio en la Nube.\u00a0 [\/vc_column_text][vc_column_text] Descubre la Excelencia en la Gesti\u00f3n<span class=\"excerpt-hellip\"> [\u2026]<\/span><\/p>\n","protected":false},"author":6,"featured_media":0,"parent":14854,"menu_order":0,"comment_status":"closed","ping_status":"closed","template":"","meta":{"footnotes":""},"class_list":["post-40615","page","type-page","status-publish","hentry"],"_links":{"self":[{"href":"https:\/\/www.ataway.com\/es-cl\/wp-json\/wp\/v2\/pages\/40615","targetHints":{"allow":["GET"]}}],"collection":[{"href":"https:\/\/www.ataway.com\/es-cl\/wp-json\/wp\/v2\/pages"}],"about":[{"href":"https:\/\/www.ataway.com\/es-cl\/wp-json\/wp\/v2\/types\/page"}],"author":[{"embeddable":true,"href":"https:\/\/www.ataway.com\/es-cl\/wp-json\/wp\/v2\/users\/6"}],"replies":[{"embeddable":true,"href":"https:\/\/www.ataway.com\/es-cl\/wp-json\/wp\/v2\/comments?post=40615"}],"version-history":[{"count":2,"href":"https:\/\/www.ataway.com\/es-cl\/wp-json\/wp\/v2\/pages\/40615\/revisions"}],"predecessor-version":[{"id":41969,"href":"https:\/\/www.ataway.com\/es-cl\/wp-json\/wp\/v2\/pages\/40615\/revisions\/41969"}],"up":[{"embeddable":true,"href":"https:\/\/www.ataway.com\/es-cl\/wp-json\/wp\/v2\/pages\/14854"}],"wp:attachment":[{"href":"https:\/\/www.ataway.com\/es-cl\/wp-json\/wp\/v2\/media?parent=40615"}],"curies":[{"name":"wp","href":"https:\/\/api.w.org\/{rel}","templated":true}]}}