{"id":14844,"date":"2019-04-11T23:41:35","date_gmt":"2019-04-12T02:41:35","guid":{"rendered":"https:\/\/www.ataway.com\/ataway\/"},"modified":"2026-04-07T15:22:07","modified_gmt":"2026-04-07T18:22:07","slug":"ataway","status":"publish","type":"page","link":"https:\/\/www.ataway.com\/es-cl\/","title":{"rendered":"Home"},"content":{"rendered":"<div class=\"wpb-content-wrapper\"><p>[vc_row full_width=&#8221;stretch_row&#8221; full_height=&#8221;yes&#8221; content_placement=&#8221;middle&#8221; parallax=&#8221;content-moving&#8221; parallax_image=&#8221;17332&#8243; css=&#8221;.vc_custom_1694702058695{margin-bottom: -50px !important;}&#8221;][vc_column][vc_row_inner][vc_column_inner][vc_column_text]<\/p>\n<h1><strong>\u00a1Hola! Somos Ataway, la consultora<\/strong><br \/>\n<strong>global de Software Empresarial que har\u00e1 crecer tu negocio.<\/strong><\/h1>\n<p>[\/vc_column_text][vc_column_text]<div class=\"button_align align_left\"><a class=\"button  button_left button_size_2\" href=\"\"     style=\"background-color:#ee7a23!important;color:#ffffff;\"     title=\"\"><span class=\"button_icon\"><i class=\"icon-right-open\"  style=\"color:#ffffff!important;\" aria-hidden=\"true\"><\/i><\/span><span class=\"button_label\">\u00a1Cont\u00e1ctanos!<\/span><\/a><\/div>\n[\/vc_column_text][\/vc_column_inner][\/vc_row_inner][\/vc_column][\/vc_row][vc_row full_width=&#8221;stretch_row&#8221; content_placement=&#8221;middle&#8221; css=&#8221;.vc_custom_1754917274441{background-color: #ffffff !important;}&#8221;][vc_column][vc_empty_space height=&#8221;64&#8243;][vc_row_inner][vc_column_inner][vc_column_text css_animation=&#8221;slideInDown&#8221; css=&#8221;.vc_custom_1574691966183{margin-bottom: 20px !important;}&#8221;]<\/p>\n<h1 style=\"text-align: center;\"><span style=\"color: #333333;\"><strong>Solucionamos todos tus problemas.<\/strong> <\/span><span style=\"color: #333333;\">Bueno&#8230; no todos. Pero realizamos proyectos que reducen los costos y aumentan la eficiencia de tu empresa.<\/span><\/h1>\n<p>[\/vc_column_text][vc_column_text css_animation=&#8221;fadeInDown&#8221;]<\/p>\n<h3 style=\"text-align: center;\"><span style=\"color: #eb7932;\">La combinaci\u00f3n de nuestra s\u00f3lida experiencia, mentalidad de entrepeneur y presencia global nos hace \u00fanicos en nuestra industria, dando como resultado muchos proyectos exitosos y una organizaci\u00f3n en constante crecimiento.<\/span><\/h3>\n<p>[\/vc_column_text][vc_column_text]<div class=\"button_align align_center\"><a class=\"button  button_left button_size_2\" href=\"https:\/\/www.ataway.com\/es-cl\/soluciones\/\"     style=\"background-color:#ee7a23!important;color:#ffffff;\"     title=\"\"><span class=\"button_icon\"><i class=\"icon-right-open\"  style=\"color:#ffffff!important;\" aria-hidden=\"true\"><\/i><\/span><span class=\"button_label\">Nuestras Soluciones<\/span><\/a><\/div>\n[\/vc_column_text][\/vc_column_inner][\/vc_row_inner][vc_empty_space height=&#8221;32&#8243;][\/vc_column][\/vc_row][vc_row full_width=&#8221;stretch_row&#8221; parallax=&#8221;content-moving&#8221; parallax_image=&#8221;46293&#8243;][vc_column][vc_row_inner gap=&#8221;20&#8243; css=&#8221;.vc_custom_1527141403331{margin-top: 0px !important;margin-right: 0px !important;margin-bottom: 0px !important;margin-left: 0px !important;padding-top: 0px !important;padding-right: 0px !important;padding-bottom: 0px !important;padding-left: 0px !important;}&#8221;][vc_column_inner width=&#8221;1\/6&#8243; css=&#8221;.vc_custom_1527482667379{padding-top: 0px !important;padding-right: 0px !important;padding-bottom: 0px !important;padding-left: 0px !important;}&#8221; offset=&#8221;vc_col-xs-6&#8243;]<div class=\"quick_fact align_center animate-math\"><div class=\"number-wrapper\"><span class=\"number\" data-to=\"23\">23<\/span><\/div><h3 class=\"title title_tag \">Oficinas<\/h3><hr class=\"hr_narrow\" \/><div class=\"desc\"><\/div><\/div>\n[\/vc_column_inner][vc_column_inner width=&#8221;1\/6&#8243; css=&#8221;.vc_custom_1527482673137{padding-top: 0px !important;padding-right: 0px !important;padding-bottom: 0px !important;padding-left: 0px !important;}&#8221; offset=&#8221;vc_col-xs-6&#8243;]<div class=\"quick_fact align_center animate-math\"><div class=\"number-wrapper\"><span class=\"number\" data-to=\"16\">16<\/span><\/div><h3 class=\"title title_tag \">Pa\u00edses<\/h3><hr class=\"hr_narrow\" \/><div class=\"desc\"><\/div><\/div>\n[\/vc_column_inner][vc_column_inner width=&#8221;1\/6&#8243; css=&#8221;.vc_custom_1527482662028{padding-top: 0px !important;padding-right: 0px !important;padding-bottom: 0px !important;padding-left: 0px !important;}&#8221; offset=&#8221;vc_col-xs-6&#8243;]<div class=\"quick_fact align_center animate-math\"><div class=\"number-wrapper\"><span class=\"number\" data-to=\"500\">500<\/span><span class=\"label postfix\">+<\/span><\/div><h3 class=\"title title_tag \">Empleados<\/h3><hr class=\"hr_narrow\" \/><div class=\"desc\"><\/div><\/div>\n[\/vc_column_inner][vc_column_inner width=&#8221;1\/6&#8243; css=&#8221;.vc_custom_1527482679961{padding-top: 0px !important;padding-right: 0px !important;padding-bottom: 0px !important;padding-left: 0px !important;}&#8221; offset=&#8221;vc_col-xs-6&#8243;]<div class=\"quick_fact align_center animate-math\"><div class=\"number-wrapper\"><span class=\"number\" data-to=\"89%\">89%<\/span><span class=\"label postfix\">%<\/span><\/div><h3 class=\"title title_tag \">Retenci\u00f3n de Clientes<\/h3><hr class=\"hr_narrow\" \/><div class=\"desc\"><\/div><\/div>\n[\/vc_column_inner][vc_column_inner width=&#8221;1\/6&#8243; css=&#8221;.vc_custom_1527482655957{padding-top: 0px !important;padding-right: 0px !important;padding-bottom: 0px !important;padding-left: 0px !important;}&#8221; offset=&#8221;vc_col-xs-6&#8243;]<div class=\"quick_fact align_center animate-math\"><div class=\"number-wrapper\"><span class=\"number\" data-to=\"1200\">1200<\/span><span class=\"label postfix\">+<\/span><\/div><h3 class=\"title title_tag \">Proyectos Exitosos<\/h3><hr class=\"hr_narrow\" \/><div class=\"desc\"><\/div><\/div>\n[\/vc_column_inner][vc_column_inner width=&#8221;1\/6&#8243; css=&#8221;.vc_custom_1527482647613{padding-top: 0px !important;padding-right: 0px !important;padding-bottom: 0px !important;padding-left: 0px !important;}&#8221; offset=&#8221;vc_col-xs-6&#8243;]<div class=\"quick_fact align_center animate-math\"><div class=\"number-wrapper\"><span class=\"number\" data-to=\"5\">5<\/span><\/div><h3 class=\"title title_tag \">Centros Offshore<\/h3><hr class=\"hr_narrow\" \/><div class=\"desc\"><\/div><\/div>\n[\/vc_column_inner][\/vc_row_inner][\/vc_column][\/vc_row][vc_row full_width=&#8221;stretch_row&#8221; content_placement=&#8221;middle&#8221; parallax=&#8221;content-moving&#8221; parallax_image=&#8221;10619&#8243; css=&#8221;.vc_custom_1552877792221{background-color: #ffffff !important;}&#8221;][vc_column][vc_empty_space height=&#8221;128&#8243;][vc_row_inner][vc_column_inner width=&#8221;2\/3&#8243;][vc_column_text css_animation=&#8221;fadeInDown&#8221; css=&#8221;.vc_custom_1754917361371{margin-bottom: 20px !important;}&#8221;]<\/p>\n<h1 style=\"text-align: left;\"><span style=\"color: #333333;\"><strong>El control lo tienes tu.<\/strong><br \/>\n\u00danete a nuestro equipo<br \/>\ny potencia tu carrera<\/span><span style=\"color: #333333;\">.<\/span><\/h1>\n<p>[\/vc_column_text][vc_column_text css_animation=&#8221;fadeInUp&#8221; el_class=&#8221;big&#8221;]<\/p>\n<h3 style=\"text-align: left;\"><span style=\"color: #eb7932;\">Tu experiencia en Ataway te va a acercar a diferentes clientes, industrias, culturas, proyectos&#8230; \u00bfEst\u00e1s listo para crecer profesionalmente?<\/span><\/h3>\n<p>[\/vc_column_text][vc_column_text css_animation=&#8221;fadeInUp&#8221;]<div class=\"button_align align_left\"><a class=\"button  button_left button_size_2\" href=\"\/es-ar\/work\/\"     style=\"background-color:#ee7a23!important;color:#ffffff;\"     title=\"\"><span class=\"button_icon\"><i class=\"icon-right-open\"  style=\"color:#ffffff!important;\" aria-hidden=\"true\"><\/i><\/span><span class=\"button_label\">Conoce m\u00e1s<\/span><\/a><\/div>\n[\/vc_column_text][\/vc_column_inner][vc_column_inner width=&#8221;1\/3&#8243;][\/vc_column_inner][\/vc_row_inner][vc_empty_space height=&#8221;128&#8243;][\/vc_column][\/vc_row][vc_row full_width=&#8221;stretch_row&#8221; parallax=&#8221;content-moving&#8221; css=&#8221;.vc_custom_1699023253969{background-color: #f4f4f4 !important;}&#8221;][vc_column][vc_row_inner][vc_column_inner][vc_column_text]<\/p>\n<h2 style=\"text-align: center;\"><span style=\"color: #333333;\"><strong>\u00a1Con\u00f3cenos m\u00e1s all\u00e1 de los negocios!<\/strong><\/span><\/h2>\n<p>[\/vc_column_text][\/vc_column_inner][\/vc_row_inner][vc_row_inner][vc_column_inner width=&#8221;1\/3&#8243;][vc_hoverbox image=&#8221;35973&#8243; primary_title=&#8221;&#8221; hover_title=&#8221;&#8221;]<a href=\"https:\/\/www.linkedin.com\/feed\/update\/urn:li:activity:7148408413738225664\">\u00a1Celebrando 15 a\u00f1os de \u00e9xitos y logros en Ataway Buenos Aires! \ud83c\udf89\u2728\u00a0<\/a>[\/vc_hoverbox][vc_column_text css=&#8221;.vc_custom_1720190010246{margin-top: -24px !important;border-top-width: -24px !important;padding-top: -24px !important;}&#8221;]<\/p>\n<p style=\"text-align: left;\"><a href=\"https:\/\/www.linkedin.com\/feed\/update\/urn:li:activity:7148408413738225664\/\"><span style=\"color: #ff6600;\"><strong>CULTURA EMPRESARIAL<\/strong><\/span><\/a><\/p>\n<p>[\/vc_column_text][\/vc_column_inner][vc_column_inner width=&#8221;1\/3&#8243;][vc_hoverbox image=&#8221;35985&#8243; primary_title=&#8221;&#8221; hover_title=&#8221;&#8221;]<a href=\"https:\/\/www.linkedin.com\/feed\/update\/urn:li:activity:7207436874724847616\">\ud83c\udf77\u2728 Un Gran \u00c9xito: Cata de Vinos y Automatizaci\u00f3n Inteligente con Ataway Buenos Aires \u2728\ud83c\udf77<\/a>[\/vc_hoverbox][vc_column_text css=&#8221;.vc_custom_1720190028181{margin-top: -24px !important;border-top-width: -24px !important;padding-top: -24px !important;}&#8221;]<a href=\"https:\/\/www.linkedin.com\/feed\/update\/urn:li:activity:7207436874724847616\/\"><span style=\"color: #ff6600;\"><strong>EVENTO<\/strong><\/span><\/a>[\/vc_column_text][\/vc_column_inner][vc_column_inner width=&#8221;1\/3&#8243;][vc_hoverbox image=&#8221;17662&#8243; primary_title=&#8221;&#8221; hover_title=&#8221;&#8221;]<a href=\"https:\/\/www.linkedin.com\/feed\/update\/urn:li:activity:7095841263689564160\">En Ataway Argentina y Chile, celebramos nuestro segundo All Hands Meeting\u00a0del a\u00f1o con un emocionante encuentro presencial y virtual. \ud83d\udcaa\ud83c\udf0e<\/a>[\/vc_hoverbox][vc_column_text css=&#8221;.vc_custom_1699018227993{margin-top: -24px !important;border-top-width: -24px !important;padding-top: -24px !important;}&#8221;]<a href=\"https:\/\/www.linkedin.com\/feed\/update\/urn:li:activity:7095841263689564160\"><span style=\"color: #ff6600;\"><strong>ALL HANDS MEETING<\/strong><\/span><\/a>[\/vc_column_text][\/vc_column_inner][\/vc_row_inner][vc_row_inner][vc_column_inner][vc_column_text css_animation=&#8221;fadeInUp&#8221;]<div class=\"button_align align_center\"><a class=\"button  button_left button_size_3\" href=\"https:\/\/www.linkedin.com\/company\/ataway\/\"     style=\"background-color:#ee7a23!important;color:#ffffff;\"     title=\"\"><span class=\"button_icon\"><i class=\"icon-right-open\"  style=\"color:#ffffff!important;\" aria-hidden=\"true\"><\/i><\/span><span class=\"button_label\">\u00a1S\u00edguenos en LinkedIn!<\/span><\/a><\/div>\n[\/vc_column_text][\/vc_column_inner][\/vc_row_inner][\/vc_column][\/vc_row][vc_row full_width=&#8221;stretch_row&#8221; full_height=&#8221;yes&#8221; content_placement=&#8221;middle&#8221; css=&#8221;.vc_custom_1552280207454{background-color: #ffffff !important;}&#8221;][vc_column][vc_empty_space height=&#8221;32&#8243;][vc_row_inner][vc_column_inner][vc_column_text]<\/p>\n<h1 style=\"text-align: center;\"><span style=\"color: #333333;\"><strong>Estamos<\/strong> donde tu est\u00e1s.<\/span><\/h1>\n<p>[\/vc_column_text][vc_column_text css=&#8221;.vc_custom_1721134496995{margin-top: 50px !important;}&#8221;]<script type=\"text\/javascript\" src=\"https:\/\/www.ataway.com\/wp-content\/uploads\/2024\/07\/mapdata-5.js\"><\/script><br \/>\n<script type=\"text\/javascript\" src=\"https:\/\/www.ataway.com\/wp-content\/uploads\/2024\/07\/worldmap-4.js\"><\/script><\/p>\n<div id=\"map\"><\/div>\n<p>[\/vc_column_text][\/vc_column_inner][\/vc_row_inner][vc_empty_space height=&#8221;32&#8243;][\/vc_column][\/vc_row][vc_row full_width=&#8221;stretch_row&#8221; parallax=&#8221;content-moving&#8221; parallax_image=&#8221;14210&#8243;][vc_column width=&#8221;2\/3&#8243;][vc_column_text]<\/p>\n<h2 style=\"text-align: right;\"><span style=\"color: #ffffff;\"><strong>Historias de \u00c9xito Inspiradoras<\/strong><\/span><\/h2>\n<p>[\/vc_column_text][\/vc_column][vc_column width=&#8221;1\/3&#8243;][vc_btn title=&#8221;Lee nuestros casos de \u00e9xito&#8221; style=&#8221;outline&#8221; color=&#8221;white&#8221; size=&#8221;lg&#8221; align=&#8221;left&#8221; link=&#8221;url:https%3A%2F%2Fwww.ataway.com%2Fes-ar%2Fclientes%2F|||&#8221;][\/vc_column][\/vc_row]<\/p>\n<\/div>","protected":false},"excerpt":{"rendered":"<p>[vc_row full_width=&#8221;stretch_row&#8221; full_height=&#8221;yes&#8221; content_placement=&#8221;middle&#8221; parallax=&#8221;content-moving&#8221; parallax_image=&#8221;17332&#8243; css=&#8221;.vc_custom_1694702058695{margin-bottom: -50px !important;}&#8221;][vc_column][vc_row_inner][vc_column_inner][vc_column_text] \u00a1Hola! Somos Ataway, la consultora global de Software Empresarial que har\u00e1 crecer tu negocio. [\/vc_column_text][vc_column_text][\/vc_column_text][\/vc_column_inner][\/vc_row_inner][\/vc_column][\/vc_row][vc_row full_width=&#8221;stretch_row&#8221; content_placement=&#8221;middle&#8221;<span class=\"excerpt-hellip\"> [\u2026]<\/span><\/p>\n","protected":false},"author":3,"featured_media":-1,"parent":0,"menu_order":0,"comment_status":"closed","ping_status":"closed","template":"","meta":{"footnotes":""},"class_list":["post-14844","page","type-page","status-publish","has-post-thumbnail","hentry"],"_links":{"self":[{"href":"https:\/\/www.ataway.com\/es-cl\/wp-json\/wp\/v2\/pages\/14844","targetHints":{"allow":["GET"]}}],"collection":[{"href":"https:\/\/www.ataway.com\/es-cl\/wp-json\/wp\/v2\/pages"}],"about":[{"href":"https:\/\/www.ataway.com\/es-cl\/wp-json\/wp\/v2\/types\/page"}],"author":[{"embeddable":true,"href":"https:\/\/www.ataway.com\/es-cl\/wp-json\/wp\/v2\/users\/3"}],"replies":[{"embeddable":true,"href":"https:\/\/www.ataway.com\/es-cl\/wp-json\/wp\/v2\/comments?post=14844"}],"version-history":[{"count":17,"href":"https:\/\/www.ataway.com\/es-cl\/wp-json\/wp\/v2\/pages\/14844\/revisions"}],"predecessor-version":[{"id":46306,"href":"https:\/\/www.ataway.com\/es-cl\/wp-json\/wp\/v2\/pages\/14844\/revisions\/46306"}],"wp:featuredmedia":[{"embeddable":true,"href":"https:\/\/www.ataway.com\/es-cl\/wp-json\/"}],"wp:attachment":[{"href":"https:\/\/www.ataway.com\/es-cl\/wp-json\/wp\/v2\/media?parent=14844"}],"curies":[{"name":"wp","href":"https:\/\/api.w.org\/{rel}","templated":true}]}}