{"id":14834,"date":"2022-08-19T08:55:36","date_gmt":"2022-08-19T11:55:36","guid":{"rendered":"https:\/\/www.ataway.com\/?page_id=14834"},"modified":"2023-09-14T11:22:25","modified_gmt":"2023-09-14T14:22:25","slug":"carreras","status":"publish","type":"page","link":"https:\/\/www.ataway.com\/es-cl\/carreras\/","title":{"rendered":"Carrera"},"content":{"rendered":"<div class=\"wpb-content-wrapper\"><p>[vc_row full_width=&#8221;stretch_row&#8221; full_height=&#8221;yes&#8221; content_placement=&#8221;middle&#8221; parallax=&#8221;content-moving&#8221; parallax_image=&#8221;11202&#8243;][vc_column][vc_empty_space height=&#8221;64&#8243;][vc_row_inner][vc_column_inner width=&#8221;1\/2&#8243;][vc_empty_space height=&#8221;16px&#8221;][vc_column_text css_animation=&#8221;fadeInDown&#8221;]<\/p>\n<h1 style=\"text-align: left;\">No necesit\u00e1s volar para ser<strong> nuestro superheroe.<\/strong><\/h1>\n<p>[\/vc_column_text][vc_column_text css_animation=&#8221;fadeInUp&#8221; el_class=&#8221;medium&#8221;]<\/p>\n<h3><span style=\"color: #ffffff;\">Unite a Ataway y ayud\u00e1 a los l\u00edderes mundiales a mejorar sus estrategias, tecnolog\u00eda y operaciones.<\/span><\/h3>\n<p>[\/vc_column_text][\/vc_column_inner][vc_column_inner width=&#8221;1\/2&#8243;][\/vc_column_inner][\/vc_row_inner][vc_empty_space height=&#8221;64px&#8221;][vc_icon type=&#8221;entypo&#8221; icon_entypo=&#8221;entypo-icon entypo-icon-down-open-big&#8221; color=&#8221;white&#8221; background_style=&#8221;rounded&#8221; background_color=&#8221;custom&#8221; size=&#8221;sm&#8221; align=&#8221;center&#8221; custom_background_color=&#8221;rgba(10,10,10,0.56)&#8221; el_class=&#8221;scroller-cursor-pointer&#8221;][\/vc_column][\/vc_row][vc_row full_width=&#8221;stretch_row&#8221; content_placement=&#8221;middle&#8221; parallax=&#8221;content-moving&#8221; css=&#8221;.vc_custom_1568038842859{padding-top: 30px !important;padding-bottom: 30px !important;background-color: #d47e2b !important;}&#8221; el_id=&#8221;scroller-second-frame&#8221;][vc_column][vc_column_text css_animation=&#8221;fadeInDown&#8221;]<\/p>\n<h1 style=\"text-align: left;\"><strong><span style=\"color: #fff;\">Creemos en proyectos<br \/>\nemocionantes.<\/span><\/strong><\/h1>\n<p>[\/vc_column_text][\/vc_column][\/vc_row][vc_row full_width=&#8221;stretch_row&#8221; content_placement=&#8221;middle&#8221; css=&#8221;.vc_custom_1552961918350{margin-top: 0px !important;background-color: #ffffff !important;}&#8221;][vc_column][vc_row_inner css=&#8221;.vc_custom_1552903423111{margin-top: 0px !important;margin-right: 0px !important;margin-bottom: 0px !important;margin-left: 0px !important;padding-top: 0px !important;padding-right: 0px !important;padding-bottom: 0px !important;padding-left: 0px !important;}&#8221;][vc_column_inner css=&#8221;.vc_custom_1552963900697{padding-right: 0px !important;padding-left: 0px !important;}&#8221;][vc_column_text css_animation=&#8221;fadeInDown&#8221; css=&#8221;.vc_custom_1554906132091{margin-bottom: 0px !important;}&#8221;]<\/p>\n<h1 style=\"text-align: left;\"><strong><span style=\"color: #333333;\">Con gente talentosa.<\/span><\/strong><\/h1>\n<p>[\/vc_column_text][\/vc_column_inner][\/vc_row_inner][vc_row_inner equal_height=&#8221;yes&#8221; content_placement=&#8221;middle&#8221; gap=&#8221;10&#8243; css=&#8221;.vc_custom_1552963929899{margin-top: 0px !important;margin-bottom: 0px !important;padding-top: 0px !important;padding-right: 0px !important;padding-bottom: 0px !important;padding-left: 0px !important;}&#8221;][vc_column_inner width=&#8221;1\/3&#8243; css=&#8221;.vc_custom_1543476990494{padding-top: 10px !important;padding-right: 10px !important;padding-bottom: 10px !important;padding-left: 10px !important;background-position: center !important;background-repeat: no-repeat !important;background-size: cover !important;}&#8221;][vc_column_text css_animation=&#8221;fadeInUp&#8221; css=&#8221;.vc_custom_1554908675423{margin-bottom: 0px !important;padding-top: 32px !important;padding-right: 24px !important;padding-bottom: 32px !important;padding-left: 24px !important;background-color: rgba(255,255,255,0.8) !important;*background-color: rgb(255,255,255) !important;}&#8221; el_class=&#8221;small&#8221;]<\/p>\n<h4><img loading=\"lazy\" decoding=\"async\" class=\"alignnone wp-image-10444\" src=\"https:\/\/34.230.143.247\/wp-content\/uploads\/2019\/03\/Work-icon-passionate-1-294x300.png\" alt=\"\" width=\"40\" height=\"41\" srcset=\"https:\/\/www.ataway.com\/wp-content\/uploads\/2019\/03\/Work-icon-passionate-1-294x300.png 294w, https:\/\/www.ataway.com\/wp-content\/uploads\/2019\/03\/Work-icon-passionate-1-150x150.png 150w, https:\/\/www.ataway.com\/wp-content\/uploads\/2019\/03\/Work-icon-passionate-1-143x146.png 143w, https:\/\/www.ataway.com\/wp-content\/uploads\/2019\/03\/Work-icon-passionate-1-50x50.png 50w, https:\/\/www.ataway.com\/wp-content\/uploads\/2019\/03\/Work-icon-passionate-1-74x75.png 74w, https:\/\/www.ataway.com\/wp-content\/uploads\/2019\/03\/Work-icon-passionate-1-85x85.png 85w, https:\/\/www.ataway.com\/wp-content\/uploads\/2019\/03\/Work-icon-passionate-1-80x80.png 80w, https:\/\/www.ataway.com\/wp-content\/uploads\/2019\/03\/Work-icon-passionate-1.png 500w\" sizes=\"auto, (max-width:767px) 40px, 40px\" \/><br \/>\n<span style=\"color: #eb7932;\">PASI\u00d3N<br \/>\n<\/span><span style=\"color: #333333;\"><strong>La diversi\u00f3n no termina.<\/strong><br \/>\nTodo se trata de amar lo que hacemos. En el fondo, somos solucionadores de problemas y nos apasiona ayudar. LLevar la mejor soluci\u00f3n a nuestros clientes es nuestra pasi\u00f3n. Cada proyecto nos ayuda a mejorar.<\/span><\/h4>\n<p>[\/vc_column_text][\/vc_column_inner][vc_column_inner width=&#8221;1\/3&#8243; css=&#8221;.vc_custom_1543476997944{padding-top: 10px !important;padding-right: 10px !important;padding-bottom: 10px !important;padding-left: 10px !important;background-position: center !important;background-repeat: no-repeat !important;background-size: cover !important;}&#8221;][vc_column_text css_animation=&#8221;fadeInUp&#8221; css=&#8221;.vc_custom_1554908682411{margin-bottom: 0px !important;padding-top: 32px !important;padding-right: 24px !important;padding-bottom: 32px !important;padding-left: 24px !important;background-color: rgba(255,255,255,0.8) !important;*background-color: rgb(255,255,255) !important;}&#8221; el_class=&#8221;small&#8221;]<\/p>\n<h4><img loading=\"lazy\" decoding=\"async\" class=\"alignnone wp-image-10436\" src=\"https:\/\/34.230.143.247\/wp-content\/uploads\/2019\/03\/Work-icon-positiviy-294x300.png\" alt=\"\" width=\"40\" height=\"41\" srcset=\"https:\/\/www.ataway.com\/wp-content\/uploads\/2019\/03\/Work-icon-positiviy-294x300.png 294w, https:\/\/www.ataway.com\/wp-content\/uploads\/2019\/03\/Work-icon-positiviy-150x150.png 150w, https:\/\/www.ataway.com\/wp-content\/uploads\/2019\/03\/Work-icon-positiviy-143x146.png 143w, https:\/\/www.ataway.com\/wp-content\/uploads\/2019\/03\/Work-icon-positiviy-50x50.png 50w, https:\/\/www.ataway.com\/wp-content\/uploads\/2019\/03\/Work-icon-positiviy-74x75.png 74w, https:\/\/www.ataway.com\/wp-content\/uploads\/2019\/03\/Work-icon-positiviy-85x85.png 85w, https:\/\/www.ataway.com\/wp-content\/uploads\/2019\/03\/Work-icon-positiviy-80x80.png 80w, https:\/\/www.ataway.com\/wp-content\/uploads\/2019\/03\/Work-icon-positiviy.png 500w\" sizes=\"auto, (max-width:767px) 40px, 40px\" \/><br \/>\n<span style=\"color: #eb7932;\">APRENDIZAJE<br \/>\n<\/span><span style=\"color: #333333;\"><strong>Vas a llegar lejos.<\/strong><br \/>\nMucho por descubrir y tanto por aprender. Como consultor, el aprendizaje ser\u00e1 tu pilar. Nuevas tecnolog\u00edas, nuevas herramientas, nuevos clientes, nuevas ciudades. Te ense\u00f1aremos continuamente y te sentir\u00e1s bien en cada proyecto que vayas.<br \/>\n<\/span><\/h4>\n<p>[\/vc_column_text][\/vc_column_inner][vc_column_inner width=&#8221;1\/3&#8243; css=&#8221;.vc_custom_1543477009538{padding-top: 10px !important;padding-right: 10px !important;padding-bottom: 10px !important;padding-left: 10px !important;background-position: center !important;background-repeat: no-repeat !important;background-size: cover !important;}&#8221;][vc_column_text css_animation=&#8221;fadeInUp&#8221; css=&#8221;.vc_custom_1554906367565{margin-bottom: 0px !important;padding-top: 32px !important;padding-right: 24px !important;padding-bottom: 32px !important;padding-left: 24px !important;background-color: rgba(255,255,255,0.8) !important;*background-color: rgb(255,255,255) !important;}&#8221; el_class=&#8221;small&#8221;]<\/p>\n<h4><img loading=\"lazy\" decoding=\"async\" class=\"alignnone wp-image-10437\" src=\"https:\/\/34.230.143.247\/wp-content\/uploads\/2019\/03\/Work-icon-technology-294x300.png\" alt=\"\" width=\"40\" height=\"41\" srcset=\"https:\/\/www.ataway.com\/wp-content\/uploads\/2019\/03\/Work-icon-technology-294x300.png 294w, https:\/\/www.ataway.com\/wp-content\/uploads\/2019\/03\/Work-icon-technology-150x150.png 150w, https:\/\/www.ataway.com\/wp-content\/uploads\/2019\/03\/Work-icon-technology-143x146.png 143w, https:\/\/www.ataway.com\/wp-content\/uploads\/2019\/03\/Work-icon-technology-50x50.png 50w, https:\/\/www.ataway.com\/wp-content\/uploads\/2019\/03\/Work-icon-technology-74x75.png 74w, https:\/\/www.ataway.com\/wp-content\/uploads\/2019\/03\/Work-icon-technology-85x85.png 85w, https:\/\/www.ataway.com\/wp-content\/uploads\/2019\/03\/Work-icon-technology-80x80.png 80w, https:\/\/www.ataway.com\/wp-content\/uploads\/2019\/03\/Work-icon-technology.png 500w\" sizes=\"auto, (max-width:767px) 40px, 40px\" \/><br \/>\n<span style=\"color: #eb7932;\">INNOVACI\u00d3N<\/span><br \/>\n<span style=\"color: #eb7932;\"><span style=\"color: #333333;\"><strong>Imagin\u00e1 lo que se viene.<\/strong><br \/>\nTodos nos hemos dicho alguna vez: &#8220;\u00bfPor qu\u00e9 fue dise\u00f1ado as\u00ed?, \u00a1Podr\u00eda ser mucho mejor! Bueno, ahora es tu turno. \u00a1Innov\u00e1! Ayud\u00e1 a las organizaciones mundiales a utilizar la tecnolog\u00eda de punta para diferenciarlas de sus competidores.<br \/>\n<\/span><\/span><\/h4>\n<p>[\/vc_column_text][\/vc_column_inner][\/vc_row_inner][vc_row_inner css=&#8221;.vc_custom_1552903840802{margin-top: 0px !important;margin-right: 0px !important;margin-bottom: 0px !important;margin-left: 0px !important;padding-top: 0px !important;padding-right: 0px !important;padding-bottom: 0px !important;padding-left: 0px !important;}&#8221;][vc_column_inner][vc_empty_space height=&#8221;16px&#8221;][\/vc_column_inner][\/vc_row_inner][\/vc_column][\/vc_row][vc_row full_width=&#8221;stretch_row&#8221; full_height=&#8221;yes&#8221; content_placement=&#8221;middle&#8221; parallax=&#8221;content-moving&#8221; parallax_image=&#8221;11304&#8243; parallax_speed_bg=&#8221;1.3&#8243; el_class=&#8221;double-image-row-right&#8221;][vc_column][vc_empty_space height=&#8221;64&#8243;][vc_row_inner content_placement=&#8221;top&#8221;][vc_column_inner width=&#8221;1\/2&#8243;][\/vc_column_inner][vc_column_inner width=&#8221;1\/2&#8243;][vc_column_text css_animation=&#8221;fadeInDown&#8221;]<\/p>\n<h1 style=\"text-align: center;\"><span style=\"color: #ffffff;\">Sal\u00ed de tu zona de confort,\u00a0<\/span><strong><span style=\"color: #ffffff;\">y conocenos.<\/span><\/strong><\/h1>\n<p>[\/vc_column_text][vc_btn title=&#8221;CARRERAS | Trabaj\u00e1 por el mundo y crec\u00e9.&#8221; style=&#8221;outline&#8221; shape=&#8221;round&#8221; color=&#8221;white&#8221; size=&#8221;lg&#8221; align=&#8221;center&#8221; css_animation=&#8221;fadeInUp&#8221; button_block=&#8221;true&#8221; link=&#8221;url:https%3A%2F%2Fwww.ataway.com%2Fes-cl%2Fcontacto%2F||target:%20_blank|&#8221;][vc_btn title=&#8221;SUMATE | Contratamos personas apasionadas.&#8221; style=&#8221;outline&#8221; shape=&#8221;round&#8221; color=&#8221;white&#8221; size=&#8221;lg&#8221; align=&#8221;center&#8221; css_animation=&#8221;fadeInUp&#8221; button_block=&#8221;true&#8221; link=&#8221;url:https%3A%2F%2Fwww.ataway.com%2Fes-cl%2Fcontacto%2F||target:%20_blank|&#8221;][\/vc_column_inner][\/vc_row_inner][vc_empty_space height=&#8221;64&#8243;][\/vc_column][\/vc_row][vc_row full_width=&#8221;stretch_row&#8221; full_height=&#8221;yes&#8221; content_placement=&#8221;middle&#8221; parallax=&#8221;content-moving&#8221; parallax_image=&#8221;10655&#8243; css=&#8221;.vc_custom_1552883027255{background-color: #ffffff !important;}&#8221;][vc_column][vc_empty_space][vc_column_text css_animation=&#8221;fadeInDown&#8221;]<\/p>\n<h1 style=\"text-align: center;\"><span style=\"color: #333333;\">A veces trabajamos juntos, a veces trabajamos solos, a veces en distintas zonas horarias.<br \/>\n<strong><span style=\"color: #333333;\">Mantenemos la magia viva 24\/7.<\/span><\/strong><\/span><\/h1>\n<p>[\/vc_column_text][vc_empty_space height=&#8221;64&#8243;][vc_row_inner][vc_column_inner width=&#8221;1\/2&#8243;][\/vc_column_inner][vc_column_inner width=&#8221;1\/2&#8243;][vc_column_text css_animation=&#8221;fadeInDown&#8221; css=&#8221;.vc_custom_1554908899374{margin-bottom: 0px !important;}&#8221;]<\/p>\n<h1 style=\"text-align: center;\"><span style=\"color: #eb7932;\"><strong>El talento y la motivaci\u00f3n <\/strong>van de la mano.<\/span><\/h1>\n<p>[\/vc_column_text][vc_column_text css_animation=&#8221;fadeInUp&#8221;]<\/p>\n<p style=\"text-align: center;\"><span style=\"color: #333333;\"><\/span><\/p>\n<p>[\/vc_column_text][\/vc_column_inner][\/vc_row_inner][\/vc_column][\/vc_row]<\/p>\n<\/div>","protected":false},"excerpt":{"rendered":"<p>[vc_row full_width=&#8221;stretch_row&#8221; full_height=&#8221;yes&#8221; content_placement=&#8221;middle&#8221; parallax=&#8221;content-moving&#8221; parallax_image=&#8221;11202&#8243;][vc_column][vc_empty_space height=&#8221;64&#8243;][vc_row_inner][vc_column_inner width=&#8221;1\/2&#8243;][vc_empty_space height=&#8221;16px&#8221;][vc_column_text css_animation=&#8221;fadeInDown&#8221;] No necesit\u00e1s volar para ser nuestro superheroe. [\/vc_column_text][vc_column_text css_animation=&#8221;fadeInUp&#8221; el_class=&#8221;medium&#8221;] Unite a Ataway y ayud\u00e1 a<span class=\"excerpt-hellip\"> [\u2026]<\/span><\/p>\n","protected":false},"author":6,"featured_media":0,"parent":0,"menu_order":0,"comment_status":"closed","ping_status":"closed","template":"","meta":{"footnotes":""},"class_list":["post-14834","page","type-page","status-publish","hentry"],"_links":{"self":[{"href":"https:\/\/www.ataway.com\/es-cl\/wp-json\/wp\/v2\/pages\/14834","targetHints":{"allow":["GET"]}}],"collection":[{"href":"https:\/\/www.ataway.com\/es-cl\/wp-json\/wp\/v2\/pages"}],"about":[{"href":"https:\/\/www.ataway.com\/es-cl\/wp-json\/wp\/v2\/types\/page"}],"author":[{"embeddable":true,"href":"https:\/\/www.ataway.com\/es-cl\/wp-json\/wp\/v2\/users\/6"}],"replies":[{"embeddable":true,"href":"https:\/\/www.ataway.com\/es-cl\/wp-json\/wp\/v2\/comments?post=14834"}],"version-history":[{"count":5,"href":"https:\/\/www.ataway.com\/es-cl\/wp-json\/wp\/v2\/pages\/14834\/revisions"}],"predecessor-version":[{"id":17336,"href":"https:\/\/www.ataway.com\/es-cl\/wp-json\/wp\/v2\/pages\/14834\/revisions\/17336"}],"wp:attachment":[{"href":"https:\/\/www.ataway.com\/es-cl\/wp-json\/wp\/v2\/media?parent=14834"}],"curies":[{"name":"wp","href":"https:\/\/api.w.org\/{rel}","templated":true}]}}