{"id":44543,"date":"2025-11-11T23:01:11","date_gmt":"2025-11-12T02:01:11","guid":{"rendered":"https:\/\/www.ataway.com\/?page_id=44543"},"modified":"2025-11-12T12:17:07","modified_gmt":"2025-11-12T15:17:07","slug":"sustentabilidad","status":"publish","type":"page","link":"https:\/\/www.ataway.com\/es-ar\/sustentabilidad\/","title":{"rendered":"Sustentabilidad"},"content":{"rendered":"<div class=\"wpb-content-wrapper\"><p>[vc_row full_width=&#8221;stretch_row&#8221; full_height=&#8221;yes&#8221; content_placement=&#8221;middle&#8221; parallax=&#8221;content-moving&#8221; parallax_image=&#8221;44567&#8243;][vc_column][vc_empty_space height=&#8221;64&#8243;][vc_row_inner][vc_column_inner width=&#8221;2\/3&#8243;][vc_column_text css_animation=&#8221;fadeInDown&#8221;]<\/p>\n<h1 style=\"text-align: left;\"><strong><span style=\"color: #ffffff;\" data-olk-copy-source=\"MessageBody\">Sustentabilidad \u2013 Estrategia ESG<\/span><\/strong><\/h1>\n<p>[\/vc_column_text][vc_column_text css_animation=&#8221;fadeInUp&#8221; el_class=&#8221;medium&#8221;]<\/p>\n<h3><span style=\"color: #ffffff;\">En Ataway, la sustentabilidad es un eje estrat\u00e9gico que integra nuestro prop\u00f3sito empresarial con una visi\u00f3n de crecimiento responsable. Basamos nuestra gesti\u00f3n en los tres pilares Ambiental, Social y de Gobernanza (ESG), con el compromiso de generar valor sostenible y equilibrar el desarrollo del negocio con la responsabilidad hacia nuestros colaboradores, clientes y el entorno.<br \/>\n<\/span><\/h3>\n<p>[\/vc_column_text][\/vc_column_inner][vc_column_inner width=&#8221;1\/3&#8243;][\/vc_column_inner][\/vc_row_inner][vc_icon type=&#8221;entypo&#8221; icon_entypo=&#8221;entypo-icon entypo-icon-down-open-big&#8221; color=&#8221;white&#8221; background_style=&#8221;rounded&#8221; background_color=&#8221;custom&#8221; size=&#8221;sm&#8221; align=&#8221;center&#8221; custom_background_color=&#8221;rgba(10,10,10,0.56)&#8221; el_class=&#8221;scroller-cursor-pointer&#8221;][\/vc_column][\/vc_row][vc_row][vc_column][vc_column_text]<\/p>\n<h2><span style=\"color: #ff7600;\"><strong>Ambiental<\/strong><\/span><\/h2>\n<p>[\/vc_column_text][vc_column_text]<\/p>\n<div data-olk-copy-source=\"MessageBody\">En Ataway promovemos una gesti\u00f3n ambiental responsable, orientada a reducir nuestra huella de carbono y optimizar el uso de recursos mediante la innovaci\u00f3n, la eficiencia y la mejora continua.<br \/>\nAdoptamos el enfoque C\u00f3digo Verde, que establece est\u00e1ndares de desarrollo con procesos bien definidos, dise\u00f1ados para evitar retrabajos e ineficiencias, integrando criterios de eficiencia energ\u00e9tica, digitalizaci\u00f3n y sustentabilidad en cada proyecto.<br \/>\nEste modelo impulsa la eliminaci\u00f3n progresiva del papel a trav\u00e9s de flujos 100 % digitales, el uso racional de la energ\u00eda, la gesti\u00f3n responsable de residuos y la incorporaci\u00f3n de tecnolog\u00edas energ\u00e9ticamente eficientes.<br \/>\nNuestro prop\u00f3sito es operar de manera m\u00e1s \u00e1gil, limpia y sostenible, contribuyendo activamente al cumplimiento de los Objetivos de Desarrollo Sostenible y a la construcci\u00f3n de un futuro m\u00e1s responsable.<\/div>\n<p>[\/vc_column_text][\/vc_column][\/vc_row][vc_row][vc_column][vc_column_text]<\/p>\n<h2><span style=\"color: #ff7600;\"><strong>Social<\/strong><\/span><\/h2>\n<p>[\/vc_column_text][vc_column_text]<\/p>\n<div data-olk-copy-source=\"MessageBody\">\n<div data-olk-copy-source=\"MessageBody\">El compromiso social de Ataway se materializa en el Proyecto Comunidades, una iniciativa corporativa que promueve la integraci\u00f3n, participaci\u00f3n y sentido de pertenencia de nuestros colaboradores, al tiempo que impulsa acciones solidarias con impacto positivo en la sociedad.<\/div>\n<div>El programa fomenta espacios de encuentro \u2014virtuales y presenciales\u2014 que fortalecen la conexi\u00f3n entre equipos y la colaboraci\u00f3n con la comunidad. A trav\u00e9s de actividades de voluntariado, educaci\u00f3n y sostenibilidad, Comunidades refuerza los valores de empat\u00eda, cooperaci\u00f3n y bienestar colectivo, consolidando una cultura organizacional inclusiva y comprometida.<\/div>\n<\/div>\n<p>[\/vc_column_text][\/vc_column][\/vc_row][vc_row][vc_column][vc_column_text]<\/p>\n<h2><span style=\"color: #ff7600;\"><strong>Gobernanza<\/strong><\/span><\/h2>\n<p>[\/vc_column_text][vc_column_text]<\/p>\n<div data-olk-copy-source=\"MessageBody\">\n<div data-olk-copy-source=\"MessageBody\">\n<div>En materia de gobernanza, mantenemos altos est\u00e1ndares de \u00e9tica, transparencia y mejora continua. Desde 2015, contamos con la certificaci\u00f3n ISO 9001:2015, que respalda la solidez de nuestro sistema de gesti\u00f3n de calidad y nuestro compromiso con la excelencia.<\/div>\n<div>Nuestro marco de gobernanza incluye pol\u00edticas de cumplimiento normativo y \u00e9tico, gesti\u00f3n de riesgos, seguridad de la informaci\u00f3n y confidencialidad de los datos. Adem\u00e1s, integramos los principios ESG en la toma de decisiones estrat\u00e9gicas y operativas, garantizando procesos eficientes, trazables y alineados con las mejores pr\u00e1cticas de la industria.<\/div>\n<\/div>\n<\/div>\n<p>[\/vc_column_text][vc_single_image image=&#8221;44667&#8243; img_size=&#8221;medium&#8221;][\/vc_column][\/vc_row][vc_row][vc_column][vc_masonry_media_grid grid_id=&#8221;vc_gid:1762960496040-dac07a2b-f5b0-9&#8243; include=&#8221;44580,44592,44604,44616,44628,44640,44652,44746,44758,44770,44782&#8243;][\/vc_column][\/vc_row]<\/p>\n<\/div>","protected":false},"excerpt":{"rendered":"<p>[vc_row full_width=&#8221;stretch_row&#8221; full_height=&#8221;yes&#8221; content_placement=&#8221;middle&#8221; parallax=&#8221;content-moving&#8221; parallax_image=&#8221;44567&#8243;][vc_column][vc_empty_space height=&#8221;64&#8243;][vc_row_inner][vc_column_inner width=&#8221;2\/3&#8243;][vc_column_text css_animation=&#8221;fadeInDown&#8221;] Sustentabilidad \u2013 Estrategia ESG [\/vc_column_text][vc_column_text css_animation=&#8221;fadeInUp&#8221; el_class=&#8221;medium&#8221;] En Ataway, la sustentabilidad es un eje estrat\u00e9gico que integra<span class=\"excerpt-hellip\"> [\u2026]<\/span><\/p>\n","protected":false},"author":6,"featured_media":-1,"parent":0,"menu_order":0,"comment_status":"closed","ping_status":"closed","template":"","meta":{"footnotes":""},"class_list":["post-44543","page","type-page","status-publish","has-post-thumbnail","hentry"],"_links":{"self":[{"href":"https:\/\/www.ataway.com\/es-ar\/wp-json\/wp\/v2\/pages\/44543","targetHints":{"allow":["GET"]}}],"collection":[{"href":"https:\/\/www.ataway.com\/es-ar\/wp-json\/wp\/v2\/pages"}],"about":[{"href":"https:\/\/www.ataway.com\/es-ar\/wp-json\/wp\/v2\/types\/page"}],"author":[{"embeddable":true,"href":"https:\/\/www.ataway.com\/es-ar\/wp-json\/wp\/v2\/users\/6"}],"replies":[{"embeddable":true,"href":"https:\/\/www.ataway.com\/es-ar\/wp-json\/wp\/v2\/comments?post=44543"}],"version-history":[{"count":6,"href":"https:\/\/www.ataway.com\/es-ar\/wp-json\/wp\/v2\/pages\/44543\/revisions"}],"predecessor-version":[{"id":44665,"href":"https:\/\/www.ataway.com\/es-ar\/wp-json\/wp\/v2\/pages\/44543\/revisions\/44665"}],"wp:featuredmedia":[{"embeddable":true,"href":"https:\/\/www.ataway.com\/es-ar\/wp-json\/"}],"wp:attachment":[{"href":"https:\/\/www.ataway.com\/es-ar\/wp-json\/wp\/v2\/media?parent=44543"}],"curies":[{"name":"wp","href":"https:\/\/api.w.org\/{rel}","templated":true}]}}