{"id":42260,"date":"2025-07-07T10:57:13","date_gmt":"2025-07-07T13:57:13","guid":{"rendered":"https:\/\/www.ataway.com\/?page_id=42260"},"modified":"2026-04-09T11:13:50","modified_gmt":"2026-04-09T14:13:50","slug":"oracle-erp-cloud","status":"publish","type":"page","link":"https:\/\/www.ataway.com\/es-ar\/soluciones\/oracle-erp-cloud\/","title":{"rendered":"Oracle ERP Cloud"},"content":{"rendered":"<div class=\"wpb-content-wrapper\"><p>[vc_row full_width=&#8221;stretch_row&#8221; full_height=&#8221;yes&#8221; content_placement=&#8221;middle&#8221; parallax=&#8221;content-moving&#8221; parallax_image=&#8221;42279&#8243; css=&#8221;.vc_custom_1751897090419{background-color: #eaeaea !important;}&#8221;][vc_column][vc_empty_space height=&#8221;100&#8243;][vc_row_inner][vc_column_inner width=&#8221;2\/3&#8243;][vc_column_text]<\/p>\n<h1><span style=\"color: #ffffff;\"><strong>Optimiz\u00e1 tu operaci\u00f3n financiera y administrativa con Oracle ERP Cloud y Ataway Argentina\u00a0<\/strong><\/span><\/h1>\n<p>[\/vc_column_text][vc_column_text]<\/p>\n<h3><span style=\"color: #ffffff;\"><em>Oracle ERP Cloud para empresas que buscan eficiencia, control y crecimiento sostenido<\/em><\/span><\/h3>\n<p>[\/vc_column_text][\/vc_column_inner][vc_column_inner width=&#8221;1\/3&#8243;][\/vc_column_inner][\/vc_row_inner][vc_btn title=&#8221;\u00a1Descubr\u00ed c\u00f3mo Oracle ERP Cloud puede optimizar tu empresa!&#8221; style=&#8221;outline&#8221; color=&#8221;white&#8221; size=&#8221;lg&#8221; css_animation=&#8221;bounceIn&#8221; link=&#8221;url:%23solucionesoraclecloud|||&#8221;][vc_icon type=&#8221;entypo&#8221; icon_entypo=&#8221;entypo-icon entypo-icon-down-open-big&#8221; color=&#8221;white&#8221; background_style=&#8221;rounded&#8221; background_color=&#8221;custom&#8221; size=&#8221;sm&#8221; align=&#8221;center&#8221; custom_background_color=&#8221;rgba(10,10,10,0.56)&#8221; el_class=&#8221;scroller-cursor-pointer&#8221;][\/vc_column][\/vc_row][vc_row el_id=&#8221;scroller-second-frame&#8221;][vc_column][vc_empty_space height=&#8221;16&#8243;][vc_column_text css_animation=&#8221;fadeInDown&#8221; el_class=&#8221;big&#8221;]<\/p>\n<h3 data-start=\"597\" data-end=\"738\"><span style=\"color: #333333;\">Gestionar una empresa sin las herramientas adecuadas puede llevar a decisiones lentas, procesos desalineados y oportunidades desaprovechadas.<\/span><\/h3>\n<h3 data-start=\"740\" data-end=\"1064\"><span style=\"color: #333333;\"><strong data-start=\"740\" data-end=\"760\">Oracle ERP Cloud<\/strong> es una suite moderna y completa que integra finanzas, compras, proyectos, contabilidad, control de gastos y m\u00e1s, todo en una plataforma segura y escalable. Potenciada con inteligencia artificial, esta soluci\u00f3n permite automatizar tareas, reducir errores y tomar decisiones estrat\u00e9gicas basadas en datos.<\/span><\/h3>\n<h3 data-start=\"1066\" data-end=\"1324\"><span style=\"color: #333333;\">En <strong data-start=\"1069\" data-end=\"1079\">Ataway<\/strong>, implementamos Oracle ERP Cloud de forma \u00e1gil y personalizada, adaptando la tecnolog\u00eda a la realidad de cada organizaci\u00f3n. Trabajamos con foco en resultados tangibles: mayor productividad, cumplimiento normativo y visibilidad total del negocio.<\/span><\/h3>\n<p>[\/vc_column_text][\/vc_column][\/vc_row][vc_row full_width=&#8221;stretch_row&#8221; content_placement=&#8221;middle&#8221; css=&#8221;.vc_custom_1751309933810{background-color: #ffffff !important;}&#8221;][vc_column][vc_column_text]<\/p>\n<h2><strong><span style=\"color: #ff7600;\">Principales beneficios de Oracle ERP Cloud<\/span><\/strong><\/h2>\n<p>[\/vc_column_text][vc_row_inner][vc_column_inner width=&#8221;1\/5&#8243;][vc_single_image image=&#8221;40955&#8243; img_size=&#8221;100&#215;100&#8243; alignment=&#8221;center&#8221; css_animation=&#8221;fadeInUp&#8221; css=&#8221;.vc_custom_1751897275425{margin-bottom: -16px !important;border-bottom-width: -16px !important;padding-bottom: -16px !important;}&#8221;][vc_column_text css_animation=&#8221;fadeInUp&#8221; el_class=&#8221;big&#8221;]<\/p>\n<h4 style=\"text-align: left;\"><span style=\"color: #ff7600;\"><strong>Automatizaci\u00f3n inteligente de procesos<br \/>\n<\/strong><\/span><span style=\"color: #eb7932;\"><span style=\"color: #333333;\">Reduc\u00ed el trabajo manual y optimiz\u00e1 la eficiencia operativa con flujos automatizados y reglas inteligentes integradas.<\/span><br \/>\n<\/span><\/h4>\n<p>[\/vc_column_text][\/vc_column_inner][vc_column_inner width=&#8221;1\/5&#8243;][vc_single_image image=&#8221;40520&#8243; img_size=&#8221;100&#215;100&#8243; alignment=&#8221;center&#8221; css_animation=&#8221;fadeInUp&#8221; css=&#8221;.vc_custom_1751897312103{margin-bottom: -16px !important;border-bottom-width: -16px !important;padding-bottom: -16px !important;}&#8221;][vc_column_text css_animation=&#8221;fadeInUp&#8221; el_class=&#8221;big&#8221;]<\/p>\n<h4 style=\"text-align: left;\"><span style=\"color: #ff7600;\"><strong>Gesti\u00f3n financiera precisa y en tiempo real<br \/>\n<\/strong><\/span>Tom\u00e1 decisiones informadas gracias a reportes financieros actualizados y dashboards con IA integrados.<\/h4>\n<p>[\/vc_column_text][\/vc_column_inner][vc_column_inner width=&#8221;1\/5&#8243;][vc_single_image image=&#8221;40895&#8243; img_size=&#8221;100&#215;100&#8243; alignment=&#8221;center&#8221; css_animation=&#8221;fadeInUp&#8221; css=&#8221;.vc_custom_1751897350236{margin-bottom: -16px !important;border-bottom-width: -16px !important;padding-bottom: -16px !important;}&#8221;][vc_column_text css_animation=&#8221;fadeInUp&#8221; el_class=&#8221;big&#8221;]<\/p>\n<h4 style=\"text-align: left;\"><strong><span style=\"color: #ff7600;\">Control total de compras y proveedores<br \/>\n<\/span><\/strong>Unific\u00e1 la gesti\u00f3n de compras, contratos y proveedores en una sola plataforma, garantizando cumplimiento y ahorro.<\/h4>\n<p>[\/vc_column_text][\/vc_column_inner][vc_column_inner width=&#8221;1\/5&#8243;][vc_single_image image=&#8221;40580&#8243; img_size=&#8221;100&#215;100&#8243; alignment=&#8221;center&#8221; css_animation=&#8221;fadeInUp&#8221; css=&#8221;.vc_custom_1751897328183{margin-bottom: -16px !important;border-bottom-width: -16px !important;padding-bottom: -16px !important;}&#8221;][vc_column_text css_animation=&#8221;fadeInUp&#8221; el_class=&#8221;big&#8221;]<\/p>\n<h4 style=\"text-align: left;\"><strong><span style=\"color: #ff7600;\">Integraci\u00f3n fluida con otras \u00e1reas<br \/>\n<\/span><\/strong>Conect\u00e1 finanzas, RRHH, cadena de suministro y proyectos en un mismo sistema cloud para lograr una visi\u00f3n 360\u00b0 de tu empresa.<\/h4>\n<p>[\/vc_column_text][\/vc_column_inner][vc_column_inner width=&#8221;1\/5&#8243;][vc_single_image image=&#8221;42104&#8243; img_size=&#8221;100&#215;100&#8243; alignment=&#8221;center&#8221; css_animation=&#8221;fadeInUp&#8221; css=&#8221;.vc_custom_1751313387377{margin-bottom: -16px !important;border-bottom-width: -16px !important;padding-bottom: -16px !important;}&#8221;][vc_column_text css_animation=&#8221;fadeInUp&#8221; el_class=&#8221;big&#8221;]<\/p>\n<h4 style=\"text-align: left;\"><strong><span style=\"color: #ff7600;\">Escalabilidad y adaptabilidad constante<br \/>\n<\/span><\/strong>Crec\u00e9 sin l\u00edmites: Oracle ERP Cloud se ajusta a tus procesos, incorpora nuevas funciones y se adapta a cambios regulatorios o del mercado.<\/h4>\n<p>[\/vc_column_text][\/vc_column_inner][\/vc_row_inner][\/vc_column][\/vc_row][vc_row full_width=&#8221;stretch_row&#8221; parallax=&#8221;content-moving&#8221; parallax_image=&#8221;14071&#8243; el_id=&#8221;solucionesoraclecloud&#8221;][vc_column][vc_empty_space height=&#8221;16px&#8221;][vc_column_text css_animation=&#8221;fadeInDown&#8221;]<\/p>\n<h2 style=\"text-align: left;\"><span style=\"color: #ffffff;\"><strong>\u00bfPor qu\u00e9 implementar Oracle ERP Cloud con Ataway?<br \/>\n<\/strong><\/span><\/h2>\n<h3><span style=\"color: #ffffff;\">Implementar un ERP no se trata solo de tecnolog\u00eda. Se trata de transformar c\u00f3mo trabaja tu organizaci\u00f3n.<br \/>\nEn Ataway, llevamos m\u00e1s de 20 a\u00f1os acompa\u00f1ando a empresas de todos los tama\u00f1os en la implementaci\u00f3n de soluciones Oracle. Nuestro diferencial es claro: combinamos expertise t\u00e9cnico con conocimiento profundo de procesos de negocio para ofrecer resultados reales.<\/span><\/h3>\n<p>[\/vc_column_text][vc_row_inner][vc_column_inner width=&#8221;1\/3&#8243;][vc_column_text css_animation=&#8221;fadeInUp&#8221;]<\/p>\n<p data-start=\"434\" data-end=\"488\"><span style=\"color: #ffffff;\"><strong data-start=\"441\" data-end=\"486\">1. An\u00e1lisis inicial &amp; estrategia de implementaci\u00f3n<br \/>\n<\/strong>Evaluamos tus procesos actuales y dise\u00f1amos un roadmap adaptado a tus necesidades, objetivos y plazos.<\/span><\/p>\n<p>[\/vc_column_text][\/vc_column_inner][vc_column_inner width=&#8221;1\/3&#8243;][vc_column_text css_animation=&#8221;fadeInUp&#8221;]<\/p>\n<p data-start=\"648\" data-end=\"697\"><span style=\"color: #ffffff;\"><strong data-start=\"655\" data-end=\"695\">2. Implementaci\u00f3n \u00e1gil &amp; personalizada<br \/>\n<\/strong>Integramos Oracle ERP Cloud con tus sistemas existentes (HCM, CRM, SCM, etc.) de forma fluida, sin interrumpir tu operaci\u00f3n.<\/span><\/p>\n<p>[\/vc_column_text][\/vc_column_inner][vc_column_inner width=&#8221;1\/3&#8243;][vc_column_text css_animation=&#8221;fadeInUp&#8221;]<\/p>\n<p data-start=\"862\" data-end=\"909\"><span style=\"color: #ffffff;\"><strong data-start=\"869\" data-end=\"907\">3. Capacitaci\u00f3n &amp; evoluci\u00f3n continua<br \/>\n<\/strong>Formamos a tus equipos, aseguramos la adopci\u00f3n y acompa\u00f1amos el crecimiento de tu soluci\u00f3n con soporte y mejoras constantes.<\/span><\/p>\n<p>[\/vc_column_text][\/vc_column_inner][\/vc_row_inner][vc_btn title=&#8221;\u00a1Contactanos para m\u00e1s informaci\u00f3n!&#8221; style=&#8221;outline&#8221; color=&#8221;white&#8221; size=&#8221;lg&#8221; align=&#8221;center&#8221; css_animation=&#8221;bounceIn&#8221; css=&#8221;.vc_custom_1695391043817{margin-top: -32px !important;border-top-width: -32px !important;padding-top: -32px !important;}&#8221; link=&#8221;url:%23contactooraclecloud|||&#8221;][vc_empty_space][\/vc_column][\/vc_row][vc_row full_width=&#8221;stretch_row&#8221; content_placement=&#8221;middle&#8221;][vc_column][vc_column_text]<\/p>\n<h2 style=\"text-align: center;\"><strong><span style=\"color: #ff7600;\">Experiencias reales de nuestros clientes<\/span><\/strong><\/h2>\n<h3 style=\"text-align: center;\"><a href=\"https:\/\/www.ataway.com\/es-ar\/clientes\/\"> <span style=\"color: #ff7600; text-decoration: underline;\"> Le\u00e9 todos los casos de \u00e9xito<br \/>\n<\/span><br \/>\n<\/a><\/h3>\n<p>[\/vc_column_text][vc_row_inner][vc_column_inner width=&#8221;1\/2&#8243;][vc_single_image image=&#8221;41447&#8243; img_size=&#8221;800&#215;600&#8243; alignment=&#8221;center&#8221; css=&#8221;.vc_custom_1751056967007{margin-top: -24px !important;margin-bottom: -24px !important;border-top-width: -24px !important;border-bottom-width: -24px !important;padding-top: -24px !important;padding-bottom: -24px !important;}&#8221;][\/vc_column_inner][vc_column_inner width=&#8221;1\/2&#8243;][vc_column_text]<i><span data-contrast=\"auto\"><a href=\"https:\/\/www.ataway.com\/wp-content\/uploads\/2024\/06\/Bertotto-Boglione-Ataway-UKG.png\"><img loading=\"lazy\" decoding=\"async\" class=\"alignnone wp-image-35312\" src=\"https:\/\/www.ataway.com\/wp-content\/uploads\/2024\/06\/Bertotto-Boglione-Ataway-UKG.png\" alt=\"\" width=\"300\" height=\"68\" srcset=\"https:\/\/www.ataway.com\/wp-content\/uploads\/2024\/06\/Bertotto-Boglione-Ataway-UKG.png 1024w, https:\/\/www.ataway.com\/wp-content\/uploads\/2024\/06\/Bertotto-Boglione-Ataway-UKG-300x68.png 300w, https:\/\/www.ataway.com\/wp-content\/uploads\/2024\/06\/Bertotto-Boglione-Ataway-UKG-768x173.png 768w, https:\/\/www.ataway.com\/wp-content\/uploads\/2024\/06\/Bertotto-Boglione-Ataway-UKG-150x34.png 150w, https:\/\/www.ataway.com\/wp-content\/uploads\/2024\/06\/Bertotto-Boglione-Ataway-UKG-480x108.png 480w\" sizes=\"auto, (max-width:767px) 300px, 300px\" \/><\/a><\/span><\/i><\/p>\n<p><i><span data-contrast=\"auto\">Bertotto Boglione enfrentaba el desaf\u00edo de gestionar correctamente la n\u00f3mina y el control de horas extras de sus empleados distribuidos en m\u00faltiples plantas del pa\u00eds. Junto a Ataway Argentina, implementaron e-clock, una soluci\u00f3n desarrollada a medida que permiti\u00f3 fichadas seguras desde dispositivos m\u00f3viles y tablets Android, sin depender de relojes f\u00edsicos ni conectividad constante.<\/span><\/i><span data-ccp-props=\"{&quot;201341983&quot;:0,&quot;335559740&quot;:259}\">\u00a0<\/span><\/p>\n<p><i><span data-contrast=\"auto\">Gracias a esta implementaci\u00f3n, la empresa logr\u00f3 automatizar la gesti\u00f3n de asistencia, reducir errores en la liquidaci\u00f3n de sueldos y mejorar la productividad operativa. La colaboraci\u00f3n entre Ataway, UKG como plataforma tecnol\u00f3gica, y el equipo de Bertotto Boglione fue clave para adaptar la soluci\u00f3n a sus necesidades espec\u00edficas, generando un impacto directo en la eficiencia y el control del tiempo trabajado.<\/span><\/i><span data-ccp-props=\"{&quot;201341983&quot;:0,&quot;335559740&quot;:259}\">\u00a0<\/span><\/p>\n<p><a style=\"text-decoration: underline; color: #ff7600;\" href=\"https:\/\/www.ataway.com\/es-ar\/case-studies-es-ar\/bertotto-boglione-revoluciona-su-gestion-de-asistencia-con-ukg\/\"><strong>Le\u00e9 el caso completo<\/strong><\/a>[\/vc_column_text][\/vc_column_inner][\/vc_row_inner][\/vc_column][\/vc_row][vc_row full_width=&#8221;stretch_row&#8221; parallax=&#8221;content-moving&#8221; parallax_image=&#8221;42030&#8243;][vc_column][vc_column_text]<\/p>\n<h2><strong><span style=\"color: #ff7600;\">FAQs de Oracle ERP Cloud<\/span><\/strong><\/h2>\n<p>[\/vc_column_text][vc_toggle title=&#8221;\u00bfQu\u00e9 incluye Oracle ERP Cloud?&#8221; size=&#8221;lg&#8221; open=&#8221;true&#8221;]Incluye m\u00f3dulos para finanzas, compras, proyectos, contabilidad, planificaci\u00f3n financiera, gesti\u00f3n de gastos y m\u00e1s, todo en la nube.[\/vc_toggle][vc_toggle title=&#8221;\u00bfPuedo implementar solo algunos m\u00f3dulos?&#8221; open=&#8221;true&#8221;]S\u00ed. La soluci\u00f3n es modular. Pod\u00e9s comenzar por un \u00e1rea cr\u00edtica (por ejemplo, finanzas) y escalar seg\u00fan tus necesidades.[\/vc_toggle][vc_toggle title=&#8221;\u00bfOracle ERP Cloud es adecuado para empresas medianas?&#8221; open=&#8221;true&#8221;]S\u00ed. Est\u00e1 dise\u00f1ado para adaptarse tanto a grandes organizaciones como a empresas en crecimiento que necesitan una base s\u00f3lida y escalable.[\/vc_toggle][vc_toggle title=&#8221;\u00bfCu\u00e1nto tiempo toma una implementaci\u00f3n promedio?&#8221; open=&#8221;true&#8221;]Depende del tama\u00f1o y la complejidad del proyecto, pero con Ataway pod\u00e9s esperar implementaciones \u00e1giles, desde 3 a 6 meses.[\/vc_toggle][vc_toggle title=&#8221;\u00bfQu\u00e9 diferencia a Ataway de otros partners?&#8221; open=&#8221;true&#8221;]<\/p>\n<p data-start=\"3956\" data-end=\"4137\">Nuestra experiencia multinacional, conocimiento de procesos, atenci\u00f3n personalizada y compromiso con el \u00e9xito de nuestros clientes.<\/p>\n<p>[\/vc_toggle][vc_empty_space height=&#8221;16px&#8221;][\/vc_column][\/vc_row][vc_row el_id=&#8221;contactooraclecloud&#8221;][vc_column][vc_column_text css_animation=&#8221;fadeInDown&#8221;]<\/p>\n<h2 style=\"text-align: center;\"><span style=\"color: #ff7600;\"><strong>\u00bfQuer\u00e9s saber si Oracle ERP Cloud es para tu empresa?<\/strong><\/span><\/h2>\n<h3 style=\"text-align: center;\" data-start=\"4144\" data-end=\"4298\"><span style=\"color: #333333;\"><strong data-start=\"4204\" data-end=\"4217\">Hablemos.<\/strong> En Ataway te ayudamos a encontrar la soluci\u00f3n que mejor se adapta a tu realidad.<\/span><\/h3>\n<p>[\/vc_column_text]\n<div class=\"wpcf7 no-js\" id=\"wpcf7-f17368-o1\" lang=\"en\" dir=\"ltr\" data-wpcf7-id=\"17368\">\n<div class=\"screen-reader-response\"><p role=\"status\" aria-live=\"polite\" aria-atomic=\"true\"><\/p> <ul><\/ul><\/div>\n<form action=\"\/es-ar\/wp-json\/wp\/v2\/pages\/42260#wpcf7-f17368-o1\" method=\"post\" class=\"wpcf7-form init\" aria-label=\"Formulario de contacto\" novalidate=\"novalidate\" data-status=\"init\">\n<fieldset class=\"hidden-fields-container\"><input type=\"hidden\" name=\"_wpcf7\" value=\"17368\" \/><input type=\"hidden\" name=\"_wpcf7_version\" value=\"6.1.2\" \/><input type=\"hidden\" name=\"_wpcf7_locale\" value=\"en\" \/><input type=\"hidden\" name=\"_wpcf7_unit_tag\" value=\"wpcf7-f17368-o1\" \/><input type=\"hidden\" name=\"_wpcf7_container_post\" value=\"0\" \/><input type=\"hidden\" name=\"_wpcf7_posted_data_hash\" value=\"\" \/><input type=\"hidden\" name=\"_wpcf7_recaptcha_response\" value=\"\" \/>\n<\/fieldset>\n<div class=\"contact-form\">\n\t<p><label><span style=\"color: #333333;\"> Nombre Completo*<br \/>\n<span class=\"wpcf7-form-control-wrap\" data-name=\"your-name\"><input size=\"40\" maxlength=\"400\" class=\"wpcf7-form-control wpcf7-text wpcf7-validates-as-required\" aria-required=\"true\" aria-invalid=\"false\" value=\"\" type=\"text\" name=\"your-name\" \/><\/span> <\/span><\/label><br \/>\n<label><span style=\"color: #333333;\"> Email*<br \/>\n<span class=\"wpcf7-form-control-wrap\" data-name=\"your-email\"><input size=\"40\" maxlength=\"400\" class=\"wpcf7-form-control wpcf7-email wpcf7-validates-as-required wpcf7-text wpcf7-validates-as-email\" aria-required=\"true\" aria-invalid=\"false\" value=\"\" type=\"email\" name=\"your-email\" \/><\/span> <\/span><\/label><br \/>\n<label><span style=\"color: #333333;\"> Empresa*<br \/>\n<span class=\"wpcf7-form-control-wrap\" data-name=\"your-text\"><input size=\"40\" maxlength=\"400\" class=\"wpcf7-form-control wpcf7-text wpcf7-validates-as-required\" aria-required=\"true\" aria-invalid=\"false\" value=\"\" type=\"text\" name=\"your-text\" \/><\/span> <\/span><\/label><br \/>\n<label><span style=\"color: #333333;\"> C\u00f3mo supiste de Ataway?<br \/>\n<span class=\"wpcf7-form-control-wrap\" data-name=\"option\"><select class=\"wpcf7-form-control wpcf7-select\" aria-invalid=\"false\" name=\"option\"><option value=\"Seleccionar una opci\u00f3n\">Seleccionar una opci\u00f3n<\/option><option value=\"Recommendaci\u00f3n\">Recommendaci\u00f3n<\/option><option value=\"Motor de B\u00fasqueda\">Motor de B\u00fasqueda<\/option><option value=\"LinkedIn\">LinkedIn<\/option><option value=\"Partner Marketplace\">Partner Marketplace<\/option><option value=\"Evento\">Evento<\/option><option value=\"Otros\">Otros<\/option><\/select><\/span><\/span><\/label>\n\t<\/p>\n<\/div>\n<div class=\"contact-form\">\n\t<p><label><span style=\"color: #333333;\"> Mensaje*<br \/>\n<span class=\"wpcf7-form-control-wrap\" data-name=\"your-message\"><textarea cols=\"40\" rows=\"10\" maxlength=\"2000\" class=\"wpcf7-form-control wpcf7-textarea wpcf7-validates-as-required\" aria-required=\"true\" aria-invalid=\"false\" name=\"your-message\"><\/textarea><\/span> <\/span><\/label>\n\t<\/p>\n\n\t<p><span class=\"wpcf7-form-control-wrap\" data-name=\"PrivacyPolicy\"><span class=\"wpcf7-form-control wpcf7-acceptance\"><span class=\"wpcf7-list-item\"><label><input type=\"checkbox\" name=\"PrivacyPolicy\" value=\"1\" aria-invalid=\"false\" \/><span class=\"wpcf7-list-item-label\"><span style=\"color: #333333;\"> He le\u00eddo y acepto la <a rel=\"nofollow\" href=\"https:\/\/www.ataway.com\/es-ar\/privacy-policy\/\"> Pol\u00edtica de Privacidad<\/a>.<\/span><\/label><\/span><\/span><\/span>\n\t<\/p>\n\t<p><input class=\"wpcf7-form-control wpcf7-submit has-spinner\" type=\"submit\" value=\"Enviar\" \/>\n\t<\/p>\n<\/div><div class=\"wpcf7-response-output\" aria-hidden=\"true\"><\/div>\n<\/form>\n<\/div>\n[vc_empty_space][\/vc_column][\/vc_row]<\/p>\n<\/div>","protected":false},"excerpt":{"rendered":"<p>[vc_row full_width=&#8221;stretch_row&#8221; full_height=&#8221;yes&#8221; content_placement=&#8221;middle&#8221; parallax=&#8221;content-moving&#8221; parallax_image=&#8221;42279&#8243; css=&#8221;.vc_custom_1751897090419{background-color: #eaeaea !important;}&#8221;][vc_column][vc_empty_space height=&#8221;100&#8243;][vc_row_inner][vc_column_inner width=&#8221;2\/3&#8243;][vc_column_text] Optimiz\u00e1 tu operaci\u00f3n financiera y administrativa con Oracle ERP Cloud y Ataway Argentina\u00a0 [\/vc_column_text][vc_column_text] Oracle<span class=\"excerpt-hellip\"> [\u2026]<\/span><\/p>\n","protected":false},"author":6,"featured_media":-1,"parent":11133,"menu_order":0,"comment_status":"closed","ping_status":"closed","template":"","meta":{"footnotes":""},"class_list":["post-42260","page","type-page","status-publish","has-post-thumbnail","hentry"],"_links":{"self":[{"href":"https:\/\/www.ataway.com\/es-ar\/wp-json\/wp\/v2\/pages\/42260","targetHints":{"allow":["GET"]}}],"collection":[{"href":"https:\/\/www.ataway.com\/es-ar\/wp-json\/wp\/v2\/pages"}],"about":[{"href":"https:\/\/www.ataway.com\/es-ar\/wp-json\/wp\/v2\/types\/page"}],"author":[{"embeddable":true,"href":"https:\/\/www.ataway.com\/es-ar\/wp-json\/wp\/v2\/users\/6"}],"replies":[{"embeddable":true,"href":"https:\/\/www.ataway.com\/es-ar\/wp-json\/wp\/v2\/comments?post=42260"}],"version-history":[{"count":8,"href":"https:\/\/www.ataway.com\/es-ar\/wp-json\/wp\/v2\/pages\/42260\/revisions"}],"predecessor-version":[{"id":42266,"href":"https:\/\/www.ataway.com\/es-ar\/wp-json\/wp\/v2\/pages\/42260\/revisions\/42266"}],"up":[{"embeddable":true,"href":"https:\/\/www.ataway.com\/es-ar\/wp-json\/wp\/v2\/pages\/11133"}],"wp:featuredmedia":[{"embeddable":true,"href":"https:\/\/www.ataway.com\/es-ar\/wp-json\/"}],"wp:attachment":[{"href":"https:\/\/www.ataway.com\/es-ar\/wp-json\/wp\/v2\/media?parent=42260"}],"curies":[{"name":"wp","href":"https:\/\/api.w.org\/{rel}","templated":true}]}}