{"id":42018,"date":"2025-06-30T15:32:24","date_gmt":"2025-06-30T18:32:24","guid":{"rendered":"https:\/\/www.ataway.com\/?page_id=42018"},"modified":"2026-04-09T11:11:54","modified_gmt":"2026-04-09T14:11:54","slug":"oracle-fusion-supply-chain-management","status":"publish","type":"page","link":"https:\/\/www.ataway.com\/es-ar\/soluciones\/oracle-fusion-supply-chain-management\/","title":{"rendered":"Oracle Supply Chain"},"content":{"rendered":"<div class=\"wpb-content-wrapper\"><p>[vc_row full_width=&#8221;stretch_row&#8221; full_height=&#8221;yes&#8221; content_placement=&#8221;middle&#8221; parallax=&#8221;content-moving&#8221; parallax_image=&#8221;42056&#8243; css=&#8221;.vc_custom_1751312778719{background-color: #eaeaea !important;}&#8221;][vc_column][vc_empty_space height=&#8221;100&#8243;][vc_row_inner][vc_column_inner width=&#8221;5\/6&#8243;][vc_column_text]<\/p>\n<h1><span style=\"color: #ffffff;\"><strong>Oracle Fusion SCM Cloud: Gesti\u00f3n Log\u00edstica Inteligente de la Cadena de Suministro con IA para Empresas en Argentina<\/strong><\/span><\/h1>\n<p>[\/vc_column_text][vc_column_text]<\/p>\n<h3><span style=\"color: #ffffff;\"><em>Suite escalable y conectada en la nube para empresas que buscan optimizar la gesti\u00f3n log\u00edstica, abastecimiento y producci\u00f3n con visibilidad total y decisiones predictivas.<\/em><\/span><\/h3>\n<p>[\/vc_column_text][\/vc_column_inner][vc_column_inner width=&#8221;1\/6&#8243;][\/vc_column_inner][\/vc_row_inner][vc_btn title=&#8221;\u00a1Descubr\u00ed c\u00f3mo Oracle SCM puede optimizar tu empresa!&#8221; style=&#8221;outline&#8221; color=&#8221;white&#8221; size=&#8221;lg&#8221; css_animation=&#8221;bounceIn&#8221; link=&#8221;url:%23solucionesoraclecloud|||&#8221;][vc_icon type=&#8221;entypo&#8221; icon_entypo=&#8221;entypo-icon entypo-icon-down-open-big&#8221; color=&#8221;white&#8221; background_style=&#8221;rounded&#8221; background_color=&#8221;custom&#8221; size=&#8221;sm&#8221; align=&#8221;center&#8221; custom_background_color=&#8221;rgba(10,10,10,0.56)&#8221; el_class=&#8221;scroller-cursor-pointer&#8221;][\/vc_column][\/vc_row][vc_row el_id=&#8221;scroller-second-frame&#8221;][vc_column][vc_empty_space height=&#8221;16&#8243;][vc_column_text css_animation=&#8221;fadeInDown&#8221; el_class=&#8221;big&#8221;]<\/p>\n<h3><span style=\"color: #333333;\"><b>Oracle Fusion Supply Chain Management (SCM)<\/b> Cloud es una soluci\u00f3n integral que permite automatizar procesos clave como compras, planificaci\u00f3n, log\u00edstica, producci\u00f3n e inventario para lograr la <b>optimizaci\u00f3n de la cadena de suministro.<\/b>\u00a0<\/span><\/h3>\n<h3><span style=\"color: #333333;\">A trav\u00e9s de inteligencia artificial y anal\u00edtica avanzada, las empresas pueden tomar decisiones m\u00e1s r\u00e1pidas, reducir costos operativos y responder mejor ante cambios de demanda o interrupciones.\u00a0<\/span><\/h3>\n<h3><span style=\"color: #333333;\">En Ataway Argentina, implementamos esta suite de forma \u00e1gil, modular y compatible con otros sistemas ERP, brindando soporte local y escalabilidad seg\u00fan tu crecimiento.\u00a0<\/span><\/h3>\n<p>[\/vc_column_text][\/vc_column][\/vc_row][vc_row full_width=&#8221;stretch_row&#8221; content_placement=&#8221;middle&#8221; css=&#8221;.vc_custom_1751309933810{background-color: #ffffff !important;}&#8221;][vc_column][vc_column_text]<\/p>\n<h2><strong><span style=\"color: #ff7600;\">Principales beneficios de Oracle SCM<\/span><\/strong><\/h2>\n<p>[\/vc_column_text][vc_row_inner][vc_column_inner width=&#8221;1\/4&#8243;][vc_single_image image=&#8221;42068&#8243; img_size=&#8221;100&#215;100&#8243; alignment=&#8221;center&#8221; css_animation=&#8221;fadeInUp&#8221; css=&#8221;.vc_custom_1751313371458{margin-bottom: -16px !important;border-bottom-width: -16px !important;padding-bottom: -16px !important;}&#8221;][vc_column_text css_animation=&#8221;fadeInUp&#8221; el_class=&#8221;big&#8221;]<\/p>\n<h4 style=\"text-align: left;\"><span style=\"color: #ff7600;\"><strong>Visibilidad en tiempo real<br \/>\n<\/strong><\/span><span style=\"color: #eb7932;\"><span style=\"color: #333333;\">Monitore\u00e1 inventarios, \u00f3rdenes y flujos log\u00edsticos en toda la cadena de suministro, con informaci\u00f3n centralizada y actualizada al instante.<\/span><br \/>\n<\/span><\/h4>\n<p>[\/vc_column_text][\/vc_column_inner][vc_column_inner width=&#8221;1\/4&#8243;][vc_single_image image=&#8221;42080&#8243; img_size=&#8221;100&#215;100&#8243; alignment=&#8221;center&#8221; css_animation=&#8221;fadeInUp&#8221; css=&#8221;.vc_custom_1751313376902{margin-bottom: -16px !important;border-bottom-width: -16px !important;padding-bottom: -16px !important;}&#8221;][vc_column_text css_animation=&#8221;fadeInUp&#8221; el_class=&#8221;big&#8221;]<\/p>\n<h4 style=\"text-align: left;\"><span style=\"color: #ff7600;\"><strong>Costos bajo control<br \/>\n<\/strong><\/span>Optimiz\u00e1 tus operaciones con planificaci\u00f3n predictiva y abastecimiento inteligente que reducen desperdicios y mejoran la eficiencia.<\/h4>\n<p>[\/vc_column_text][\/vc_column_inner][vc_column_inner width=&#8221;1\/4&#8243;][vc_single_image image=&#8221;42092&#8243; img_size=&#8221;100&#215;100&#8243; alignment=&#8221;center&#8221; css_animation=&#8221;fadeInUp&#8221; css=&#8221;.vc_custom_1751313382261{margin-bottom: -16px !important;border-bottom-width: -16px !important;padding-bottom: -16px !important;}&#8221;][vc_column_text css_animation=&#8221;fadeInUp&#8221; el_class=&#8221;big&#8221;]<\/p>\n<h4 style=\"text-align: left;\"><strong><span style=\"color: #ff7600;\">Flexibilidad para crecer<br \/>\n<\/span><\/strong>Implementaci\u00f3n modular y escalable que se adapta al ritmo y necesidades espec\u00edficas de tu negocio.<\/h4>\n<p>[\/vc_column_text][\/vc_column_inner][vc_column_inner width=&#8221;1\/4&#8243;][vc_single_image image=&#8221;42104&#8243; img_size=&#8221;100&#215;100&#8243; alignment=&#8221;center&#8221; css_animation=&#8221;fadeInUp&#8221; css=&#8221;.vc_custom_1751313387377{margin-bottom: -16px !important;border-bottom-width: -16px !important;padding-bottom: -16px !important;}&#8221;][vc_column_text css_animation=&#8221;fadeInUp&#8221; el_class=&#8221;big&#8221;]<\/p>\n<h4 style=\"text-align: left;\"><strong><span style=\"color: #ff7600;\">Integraci\u00f3n y cumplimiento<br \/>\n<\/span><\/strong>Conect\u00e1 f\u00e1cilmente con tu ERP y otros sistemas, mejorando la trazabilidad, la eficiencia operativa y el cumplimiento normativo.<\/h4>\n<p>[\/vc_column_text][\/vc_column_inner][\/vc_row_inner][\/vc_column][\/vc_row][vc_row full_width=&#8221;stretch_row&#8221; content_placement=&#8221;middle&#8221;][vc_column][vc_column_text]<\/p>\n<h2 style=\"text-align: center;\"><strong><span style=\"color: #ff7600;\">Experiencias reales de nuestros clientes<\/span><\/strong><\/h2>\n<h3 style=\"text-align: center;\"><a href=\"https:\/\/www.ataway.com\/es-ar\/clientes\/\"> <span style=\"color: #ff7600; text-decoration: underline;\"> Le\u00e9 todos los casos de \u00e9xito<br \/>\n<\/span><br \/>\n<\/a><\/h3>\n<p>[\/vc_column_text][vc_row_inner content_placement=&#8221;middle&#8221;][vc_column_inner width=&#8221;1\/2&#8243;][vc_single_image image=&#8221;42667&#8243; img_size=&#8221;800&#215;600&#8243; alignment=&#8221;center&#8221; css=&#8221;.vc_custom_1753366771945{margin-top: -24px !important;margin-bottom: -24px !important;border-top-width: -24px !important;border-bottom-width: -24px !important;padding-top: -24px !important;padding-bottom: -24px !important;}&#8221;][\/vc_column_inner][vc_column_inner width=&#8221;1\/2&#8243;][vc_column_text]<i><span data-contrast=\"auto\"><a href=\"https:\/\/www.ataway.com\/wp-content\/uploads\/2022\/11\/descarga.png\"><img loading=\"lazy\" decoding=\"async\" class=\"alignnone wp-image-27703 \" src=\"https:\/\/www.ataway.com\/wp-content\/uploads\/2022\/11\/descarga.png\" alt=\"\" width=\"106\" height=\"112\" srcset=\"https:\/\/www.ataway.com\/wp-content\/uploads\/2022\/11\/descarga.png 213w, https:\/\/www.ataway.com\/wp-content\/uploads\/2022\/11\/descarga-138x146.png 138w, https:\/\/www.ataway.com\/wp-content\/uploads\/2022\/11\/descarga-47x50.png 47w, https:\/\/www.ataway.com\/wp-content\/uploads\/2022\/11\/descarga-71x75.png 71w\" sizes=\"auto, (max-width:767px) 106px, 106px\" \/><\/a><\/span><\/i><\/p>\n<p><i><span data-contrast=\"auto\"><strong>Ataway Buenos Aires<\/strong> fue seleccionada para implementar Oracle PeopleSoft FSCM en el hospital p\u00fablico <strong>Hospital Dr. Gustavo Fricke \u2013 SSVQ (Chile)<\/strong> de alta complejidad. El proyecto busc\u00f3 estandarizar procesos administrativos y cl\u00ednicos, integrar sistemas estatales y mejorar el an\u00e1lisis institucional. La <strong>soluci\u00f3n ERP<\/strong> se integr\u00f3 exitosamente con el sistema de salud central y otros sistemas p\u00fablicos, generando una nueva cultura de trabajo. \u00a0<\/span><\/i><\/p>\n<p><a style=\"text-decoration: underline; color: #ff7600;\" href=\"https:\/\/www.ataway.com\/es-ar\/case-studies-es-ar\/oracle-peoplesoft-fscm\/\"><strong>Le\u00e9 el caso completo<\/strong><\/a>[\/vc_column_text][\/vc_column_inner][\/vc_row_inner][\/vc_column][\/vc_row][vc_row full_width=&#8221;stretch_row&#8221; parallax=&#8221;content-moving&#8221; parallax_image=&#8221;14071&#8243; el_id=&#8221;solucionesoraclecloud&#8221;][vc_column][vc_empty_space height=&#8221;16px&#8221;][vc_column_text css_animation=&#8221;fadeInDown&#8221;]<\/p>\n<h2 style=\"text-align: left;\"><span style=\"color: #ffffff;\"><strong>\u00bfPor qu\u00e9 implementar Oracle SCM Cloud con Ataway?<\/strong><\/span><\/h2>\n<h3><span style=\"color: #ffffff;\">Implementar Oracle Supply Chain Cloud es solo el primer paso. La verdadera diferencia est\u00e1 en c\u00f3mo se hace. En Ataway, combinamos nuestro profundo conocimiento t\u00e9cnico con una comprensi\u00f3n detallada de los procesos de cadena de suministro de cada cliente para asegurar que la soluci\u00f3n se adapte perfectamente a sus necesidades espec\u00edficas.<\/span><\/h3>\n<p>[\/vc_column_text][vc_row_inner][vc_column_inner width=&#8221;1\/3&#8243;][vc_column_text css_animation=&#8221;fadeInUp&#8221;]<\/p>\n<p data-start=\"434\" data-end=\"488\"><span style=\"color: #ffffff;\"><strong data-start=\"441\" data-end=\"486\">1. Diagn\u00f3stico &amp; Estrategia Personalizada<br \/>\n<\/strong>Evaluamos tu operaci\u00f3n para definir un plan de implementaci\u00f3n alineado a tus objetivos y desaf\u00edos espec\u00edficos, garantizando un roadmap claro y efectivo.<\/span><\/p>\n<p>[\/vc_column_text][\/vc_column_inner][vc_column_inner width=&#8221;1\/3&#8243;][vc_column_text css_animation=&#8221;fadeInUp&#8221;]<\/p>\n<p data-start=\"648\" data-end=\"697\"><span style=\"color: #ffffff;\"><strong data-start=\"655\" data-end=\"695\">2. Implementaci\u00f3n &amp; Integraci\u00f3n \u00c1gil<br \/>\n<\/strong>Adaptamos la soluci\u00f3n Oracle SCM a tu ritmo, integr\u00e1ndola con tus sistemas ERP, HCM y aplicaciones existentes para un funcionamiento \u00f3ptimo y sin fricciones.<\/span><\/p>\n<p>[\/vc_column_text][\/vc_column_inner][vc_column_inner width=&#8221;1\/3&#8243;][vc_column_text css_animation=&#8221;fadeInUp&#8221;]<\/p>\n<p data-start=\"862\" data-end=\"909\"><span style=\"color: #ffffff;\"><strong data-start=\"869\" data-end=\"907\">3. Capacitaci\u00f3n &amp; Soporte Continuo<br \/>\n<\/strong>Formamos a tus equipos y brindamos soporte evolutivo para que la soluci\u00f3n crezca con tu negocio, asegurando mejoras constantes y resultados medibles.<\/span><\/p>\n<p>[\/vc_column_text][\/vc_column_inner][\/vc_row_inner][vc_btn title=&#8221;\u00a1Contactanos para m\u00e1s informaci\u00f3n!&#8221; style=&#8221;outline&#8221; color=&#8221;white&#8221; size=&#8221;lg&#8221; align=&#8221;center&#8221; css_animation=&#8221;bounceIn&#8221; css=&#8221;.vc_custom_1695391043817{margin-top: -32px !important;border-top-width: -32px !important;padding-top: -32px !important;}&#8221; link=&#8221;url:%23contactooraclecloud|||&#8221;][vc_empty_space][\/vc_column][\/vc_row][vc_row full_width=&#8221;stretch_row&#8221; content_placement=&#8221;middle&#8221; css=&#8221;.vc_custom_1751309933810{background-color: #ffffff !important;}&#8221;][vc_column][vc_column_text]<\/p>\n<h2 style=\"text-align: center;\"><strong><span style=\"color: #ff7600;\">\u00bfC\u00f3mo funciona Oracle Fusion SCM Cloud?<\/span><\/strong><\/h2>\n<h3 style=\"text-align: center;\"><span style=\"color: #333333;\"><span class=\"NormalTextRun SCXW146385303 BCX0\">Fusion SCM Cloud es la soluci\u00f3n de Supply Chain Management conecta cada punto de la cadena de suministro y permite planificar, ejecutar y monitorear en tiempo real con inteligencia predictiva.<\/span><\/span><\/h3>\n<p>[\/vc_column_text][vc_row_inner][vc_column_inner width=&#8221;1\/3&#8243;][vc_column_text css_animation=&#8221;fadeInUp&#8221;]<\/p>\n<h4 style=\"text-align: left;\"><span style=\"color: #eb7932;\"><span style=\"color: #333333;\"><span style=\"color: #ff7600;\"><b>\u00bfQu\u00e9 integra?<\/b><\/span><\/span><\/span><\/h4>\n<p>&#8211; Planificaci\u00f3n de la demanda y el suministro<br \/>\n&#8211; Gesti\u00f3n de \u00f3rdenes, compras e inventario<br \/>\n&#8211; Fabricaci\u00f3n, mantenimiento y log\u00edstica<br \/>\n&#8211; Calidad y cumplimiento normativo[\/vc_column_text][\/vc_column_inner][vc_column_inner width=&#8221;1\/3&#8243;][vc_column_text css_animation=&#8221;fadeInUp&#8221;]<\/p>\n<h4 style=\"text-align: left;\"><span style=\"color: #ff7600;\"><b>Compatibilidad<\/b><\/span><\/h4>\n<p>&#8211; Navegadores modernos (Chrome, Edge, Firefox, Safari)<br \/>\n&#8211; Compatible con desktop, mobile y tablet<br \/>\n&#8211; Integraci\u00f3n nativa con Oracle ERP, APIs propias y cualquier otro sistema.[\/vc_column_text][\/vc_column_inner][vc_column_inner width=&#8221;1\/3&#8243;][vc_column_text css_animation=&#8221;fadeInUp&#8221;]<\/p>\n<h4 style=\"text-align: left;\"><span style=\"color: #ff7600;\"><b>Requisitos t\u00e9cnicos clave<br \/>\n<\/b><\/span><\/h4>\n<p>&#8211; Conectividad a internet estable<br \/>\n&#8211; API o conectores est\u00e1ndar<br \/>\n&#8211; Seguridad cloud mediante Oracle Cloud Infrastructure (OCI)[\/vc_column_text][\/vc_column_inner][\/vc_row_inner][\/vc_column][\/vc_row][vc_row full_width=&#8221;stretch_row&#8221; parallax=&#8221;content-moving&#8221; parallax_image=&#8221;42030&#8243;][vc_column][vc_column_text]<\/p>\n<h2><strong><span style=\"color: #ff7600;\">FAQs de Oracle Fusion SCM Cloud<\/span><\/strong><\/h2>\n<p>[\/vc_column_text][vc_toggle title=&#8221;\u00bfQu\u00e9 es Oracle Fusion SCM Cloud?&#8221; size=&#8221;lg&#8221; open=&#8221;true&#8221;]<span class=\"TextRun Highlight SCXW1811787 BCX0\" lang=\"ES-AR\" xml:lang=\"ES-AR\" data-contrast=\"auto\"><span class=\"NormalTextRun SCXW1811787 BCX0\">Es una plataforma en la nube de <\/span><span class=\"NormalTextRun SpellingErrorV2Themed SCXW1811787 BCX0\">Supply<\/span> <span class=\"NormalTextRun SpellingErrorV2Themed SCXW1811787 BCX0\">Chain<\/span><span class=\"NormalTextRun SCXW1811787 BCX0\"> Management (SCM) que gestiona de forma integral toda la operaci\u00f3n, desde compras hasta log\u00edstica, con soporte de inteligencia artificial.<\/span><\/span><span class=\"EOP SCXW1811787 BCX0\" data-ccp-props=\"{&quot;335559685&quot;:720,&quot;335559738&quot;:240,&quot;335559739&quot;:240}\">\u00a0<\/span>[\/vc_toggle][vc_toggle title=&#8221;\u00bfQui\u00e9n deber\u00eda usar esta soluci\u00f3n?&#8221; size=&#8221;lg&#8221; open=&#8221;true&#8221;]<span class=\"TextRun SCXW265259445 BCX0\" lang=\"ES-AR\" xml:lang=\"ES-AR\" data-contrast=\"auto\"><span class=\"NormalTextRun SCXW265259445 BCX0\">Empresas que necesitan escalar operaciones, mejorar la trazabilidad o reducir costos log\u00edsticos con tecnolog\u00eda moderna y modular.<\/span><\/span><span class=\"EOP SCXW265259445 BCX0\" data-ccp-props=\"{&quot;335559685&quot;:720,&quot;335559738&quot;:240,&quot;335559739&quot;:240}\">\u00a0<\/span>[\/vc_toggle][vc_toggle title=&#8221;\u00bfSe integra con mi sistema ERP actual?&#8221; size=&#8221;lg&#8221; open=&#8221;true&#8221;]<span class=\"TextRun SCXW89271821 BCX0\" lang=\"ES-AR\" xml:lang=\"ES-AR\" data-contrast=\"auto\"><span class=\"NormalTextRun SCXW89271821 BCX0\">S\u00ed, puede conectarse con Oracle ERP <\/span><span class=\"NormalTextRun SCXW89271821 BCX0\">o <\/span><span class=\"NormalTextRun SCXW89271821 BCX0\">mediante <\/span><span class=\"NormalTextRun SpellingErrorV2Themed SCXW89271821 BCX0\">APIs<\/span><span class=\"NormalTextRun SCXW89271821 BCX0\"> y conectores est\u00e1ndar<\/span><span class=\"NormalTextRun SCXW89271821 BCX0\">.<\/span><\/span><span class=\"EOP SCXW89271821 BCX0\" data-ccp-props=\"{&quot;335559685&quot;:720,&quot;335559738&quot;:240,&quot;335559739&quot;:240}\">\u00a0<\/span>[\/vc_toggle][vc_toggle title=&#8221;\u00bfCu\u00e1nto demora la implementaci\u00f3n completa?&#8221; size=&#8221;lg&#8221; open=&#8221;true&#8221;]<span class=\"TextRun SCXW168080297 BCX0\" lang=\"ES-AR\" xml:lang=\"ES-AR\" data-contrast=\"auto\"><span class=\"NormalTextRun SCXW168080297 BCX0\">Depende del alcance, pero en general va de 3 a 6 meses. <\/span><span class=\"NormalTextRun SpellingErrorV2Themed SCXW168080297 BCX0\">Ataway<\/span><span class=\"NormalTextRun SCXW168080297 BCX0\"> ofrece una metodolog\u00eda \u00e1gil para acelerar los resultados.<\/span><\/span><span class=\"EOP SCXW168080297 BCX0\" data-ccp-props=\"{&quot;335559685&quot;:720,&quot;335559738&quot;:240,&quot;335559739&quot;:240}\">\u00a0<\/span>[\/vc_toggle][vc_toggle title=&#8221;\u00bfQu\u00e9 la hace distinta de otras soluciones SCM?&#8221; size=&#8221;lg&#8221; open=&#8221;true&#8221;]<span class=\"TextRun SCXW111083322 BCX0\" lang=\"ES-AR\" xml:lang=\"ES-AR\" data-contrast=\"auto\"><span class=\"NormalTextRun SCXW111083322 BCX0\">Su enfoque predictivo con IA, la escalabilidad modular, y la visibilidad en tiempo real en todos los procesos de la cadena.<\/span><\/span><span class=\"EOP SCXW111083322 BCX0\" data-ccp-props=\"{&quot;335559685&quot;:720,&quot;335559738&quot;:240,&quot;335559739&quot;:240}\">\u00a0<\/span>[\/vc_toggle][vc_toggle title=&#8221;\u00bfPuedo acceder desde dispositivos m\u00f3viles?&#8221; size=&#8221;lg&#8221; open=&#8221;true&#8221;]<span class=\"TextRun SCXW25488707 BCX0\" lang=\"ES-AR\" xml:lang=\"ES-AR\" data-contrast=\"auto\"><span class=\"NormalTextRun SCXW25488707 BCX0\">S\u00ed, la plataforma es responsiva y funciona desde cualquier navegador moderno en desktop, <\/span><span class=\"NormalTextRun SpellingErrorV2Themed SCXW25488707 BCX0\">tablet<\/span><span class=\"NormalTextRun SCXW25488707 BCX0\"> o m\u00f3vil.<\/span><\/span><span class=\"EOP SCXW25488707 BCX0\" data-ccp-props=\"{&quot;335559685&quot;:720,&quot;335559738&quot;:240,&quot;335559739&quot;:240}\">\u00a0<\/span>[\/vc_toggle][vc_toggle title=&#8221;\u00bfQu\u00e9 soporte incluye Ataway?&#8221; size=&#8221;lg&#8221; open=&#8221;true&#8221;]<span class=\"TextRun SCXW6451217 BCX0\" lang=\"ES-AR\" xml:lang=\"ES-AR\" data-contrast=\"auto\"><span class=\"NormalTextRun SCXW6451217 BCX0\">Capacitaci\u00f3n, soporte t\u00e9cnico local en todos los niveles y acompa\u00f1amiento post implementaci\u00f3n para evoluci\u00f3n continua.<\/span><\/span><span class=\"EOP SCXW6451217 BCX0\" data-ccp-props=\"{&quot;335559685&quot;:720,&quot;335559738&quot;:240,&quot;335559739&quot;:240}\">\u00a0<\/span>[\/vc_toggle][vc_toggle title=&#8221;\u00bfEs una soluci\u00f3n segura?&#8221; size=&#8221;lg&#8221; open=&#8221;true&#8221;]<span class=\"TextRun SCXW50541056 BCX0\" lang=\"ES-AR\" xml:lang=\"ES-AR\" data-contrast=\"auto\"><span class=\"NormalTextRun SCXW50541056 BCX0\">S\u00ed, opera sobre Oracle Cloud <\/span><span class=\"NormalTextRun SpellingErrorV2Themed SCXW50541056 BCX0\">Infrastructure<\/span><span class=\"NormalTextRun SCXW50541056 BCX0\">, con cifrado, control de accesos y cumplimiento de est\u00e1ndares internacionales.<\/span><\/span><span class=\"EOP SCXW50541056 BCX0\" data-ccp-props=\"{&quot;335559685&quot;:720,&quot;335559738&quot;:240,&quot;335559739&quot;:240}\">\u00a0<\/span>[\/vc_toggle][vc_toggle title=&#8221;\u00bfQu\u00e9 beneficios concretos puedo esperar?&#8221; size=&#8221;lg&#8221; open=&#8221;true&#8221;]<span class=\"TextRun SCXW28630256 BCX0\" lang=\"ES-AR\" xml:lang=\"ES-AR\" data-contrast=\"auto\"><span class=\"NormalTextRun SCXW28630256 BCX0\">Reducci\u00f3n de tiempos y errores, ahorro operativo, y mejores decisiones gracias a datos unificados y visibilidad total.<\/span><\/span><span class=\"EOP SCXW28630256 BCX0\" data-ccp-props=\"{&quot;335559685&quot;:720,&quot;335559738&quot;:240,&quot;335559739&quot;:240}\">\u00a0<\/span>[\/vc_toggle][vc_empty_space height=&#8221;16px&#8221;][\/vc_column][\/vc_row][vc_row el_id=&#8221;contactooraclecloud&#8221;][vc_column][vc_column_text css_animation=&#8221;fadeInDown&#8221;]<\/p>\n<h2 style=\"text-align: center;\"><span style=\"color: #ff7600;\"><strong>Transform\u00e1 tu cadena de suministro con inteligencia, flexibilidad y velocidad.<\/strong><\/span><\/h2>\n<p>[\/vc_column_text]\n<div class=\"wpcf7 no-js\" id=\"wpcf7-f17368-o1\" lang=\"en\" dir=\"ltr\" data-wpcf7-id=\"17368\">\n<div class=\"screen-reader-response\"><p role=\"status\" aria-live=\"polite\" aria-atomic=\"true\"><\/p> <ul><\/ul><\/div>\n<form action=\"\/es-ar\/wp-json\/wp\/v2\/pages\/42018#wpcf7-f17368-o1\" method=\"post\" class=\"wpcf7-form init\" aria-label=\"Formulario de contacto\" novalidate=\"novalidate\" data-status=\"init\">\n<fieldset class=\"hidden-fields-container\"><input type=\"hidden\" name=\"_wpcf7\" value=\"17368\" \/><input type=\"hidden\" name=\"_wpcf7_version\" value=\"6.1.2\" \/><input type=\"hidden\" name=\"_wpcf7_locale\" value=\"en\" \/><input type=\"hidden\" name=\"_wpcf7_unit_tag\" value=\"wpcf7-f17368-o1\" \/><input type=\"hidden\" name=\"_wpcf7_container_post\" value=\"0\" \/><input type=\"hidden\" name=\"_wpcf7_posted_data_hash\" value=\"\" \/><input type=\"hidden\" name=\"_wpcf7_recaptcha_response\" value=\"\" \/>\n<\/fieldset>\n<div class=\"contact-form\">\n\t<p><label><span style=\"color: #333333;\"> Nombre Completo*<br \/>\n<span class=\"wpcf7-form-control-wrap\" data-name=\"your-name\"><input size=\"40\" maxlength=\"400\" class=\"wpcf7-form-control wpcf7-text wpcf7-validates-as-required\" aria-required=\"true\" aria-invalid=\"false\" value=\"\" type=\"text\" name=\"your-name\" \/><\/span> <\/span><\/label><br \/>\n<label><span style=\"color: #333333;\"> Email*<br \/>\n<span class=\"wpcf7-form-control-wrap\" data-name=\"your-email\"><input size=\"40\" maxlength=\"400\" class=\"wpcf7-form-control wpcf7-email wpcf7-validates-as-required wpcf7-text wpcf7-validates-as-email\" aria-required=\"true\" aria-invalid=\"false\" value=\"\" type=\"email\" name=\"your-email\" \/><\/span> <\/span><\/label><br \/>\n<label><span style=\"color: #333333;\"> Empresa*<br \/>\n<span class=\"wpcf7-form-control-wrap\" data-name=\"your-text\"><input size=\"40\" maxlength=\"400\" class=\"wpcf7-form-control wpcf7-text wpcf7-validates-as-required\" aria-required=\"true\" aria-invalid=\"false\" value=\"\" type=\"text\" name=\"your-text\" \/><\/span> <\/span><\/label><br \/>\n<label><span style=\"color: #333333;\"> C\u00f3mo supiste de Ataway?<br \/>\n<span class=\"wpcf7-form-control-wrap\" data-name=\"option\"><select class=\"wpcf7-form-control wpcf7-select\" aria-invalid=\"false\" name=\"option\"><option value=\"Seleccionar una opci\u00f3n\">Seleccionar una opci\u00f3n<\/option><option value=\"Recommendaci\u00f3n\">Recommendaci\u00f3n<\/option><option value=\"Motor de B\u00fasqueda\">Motor de B\u00fasqueda<\/option><option value=\"LinkedIn\">LinkedIn<\/option><option value=\"Partner Marketplace\">Partner Marketplace<\/option><option value=\"Evento\">Evento<\/option><option value=\"Otros\">Otros<\/option><\/select><\/span><\/span><\/label>\n\t<\/p>\n<\/div>\n<div class=\"contact-form\">\n\t<p><label><span style=\"color: #333333;\"> Mensaje*<br \/>\n<span class=\"wpcf7-form-control-wrap\" data-name=\"your-message\"><textarea cols=\"40\" rows=\"10\" maxlength=\"2000\" class=\"wpcf7-form-control wpcf7-textarea wpcf7-validates-as-required\" aria-required=\"true\" aria-invalid=\"false\" name=\"your-message\"><\/textarea><\/span> <\/span><\/label>\n\t<\/p>\n\n\t<p><span class=\"wpcf7-form-control-wrap\" data-name=\"PrivacyPolicy\"><span class=\"wpcf7-form-control wpcf7-acceptance\"><span class=\"wpcf7-list-item\"><label><input type=\"checkbox\" name=\"PrivacyPolicy\" value=\"1\" aria-invalid=\"false\" \/><span class=\"wpcf7-list-item-label\"><span style=\"color: #333333;\"> He le\u00eddo y acepto la <a rel=\"nofollow\" href=\"https:\/\/www.ataway.com\/es-ar\/privacy-policy\/\"> Pol\u00edtica de Privacidad<\/a>.<\/span><\/label><\/span><\/span><\/span>\n\t<\/p>\n\t<p><input class=\"wpcf7-form-control wpcf7-submit has-spinner\" type=\"submit\" value=\"Enviar\" \/>\n\t<\/p>\n<\/div><div class=\"wpcf7-response-output\" aria-hidden=\"true\"><\/div>\n<\/form>\n<\/div>\n[vc_empty_space][\/vc_column][\/vc_row]<\/p>\n<\/div>","protected":false},"excerpt":{"rendered":"<p>[vc_row full_width=&#8221;stretch_row&#8221; full_height=&#8221;yes&#8221; content_placement=&#8221;middle&#8221; parallax=&#8221;content-moving&#8221; parallax_image=&#8221;42056&#8243; css=&#8221;.vc_custom_1751312778719{background-color: #eaeaea !important;}&#8221;][vc_column][vc_empty_space height=&#8221;100&#8243;][vc_row_inner][vc_column_inner width=&#8221;5\/6&#8243;][vc_column_text] Oracle Fusion SCM Cloud: Gesti\u00f3n Log\u00edstica Inteligente de la Cadena de Suministro con IA para<span class=\"excerpt-hellip\"> [\u2026]<\/span><\/p>\n","protected":false},"author":6,"featured_media":-1,"parent":11133,"menu_order":0,"comment_status":"closed","ping_status":"closed","template":"","meta":{"footnotes":""},"class_list":["post-42018","page","type-page","status-publish","has-post-thumbnail","hentry"],"_links":{"self":[{"href":"https:\/\/www.ataway.com\/es-ar\/wp-json\/wp\/v2\/pages\/42018","targetHints":{"allow":["GET"]}}],"collection":[{"href":"https:\/\/www.ataway.com\/es-ar\/wp-json\/wp\/v2\/pages"}],"about":[{"href":"https:\/\/www.ataway.com\/es-ar\/wp-json\/wp\/v2\/types\/page"}],"author":[{"embeddable":true,"href":"https:\/\/www.ataway.com\/es-ar\/wp-json\/wp\/v2\/users\/6"}],"replies":[{"embeddable":true,"href":"https:\/\/www.ataway.com\/es-ar\/wp-json\/wp\/v2\/comments?post=42018"}],"version-history":[{"count":15,"href":"https:\/\/www.ataway.com\/es-ar\/wp-json\/wp\/v2\/pages\/42018\/revisions"}],"predecessor-version":[{"id":46324,"href":"https:\/\/www.ataway.com\/es-ar\/wp-json\/wp\/v2\/pages\/42018\/revisions\/46324"}],"up":[{"embeddable":true,"href":"https:\/\/www.ataway.com\/es-ar\/wp-json\/wp\/v2\/pages\/11133"}],"wp:featuredmedia":[{"embeddable":true,"href":"https:\/\/www.ataway.com\/es-ar\/wp-json\/"}],"wp:attachment":[{"href":"https:\/\/www.ataway.com\/es-ar\/wp-json\/wp\/v2\/media?parent=42018"}],"curies":[{"name":"wp","href":"https:\/\/api.w.org\/{rel}","templated":true}]}}