{"id":12486,"date":"2019-11-06T10:10:02","date_gmt":"2019-11-06T13:10:02","guid":{"rendered":"https:\/\/www.ataway.com\/?page_id=12486"},"modified":"2025-09-08T09:52:09","modified_gmt":"2025-09-08T12:52:09","slug":"webinar-ukg-gestion-de-personas","status":"publish","type":"page","link":"https:\/\/www.ataway.com\/es-ar\/webinar-ukg-gestion-de-personas\/","title":{"rendered":"Webinar UKG"},"content":{"rendered":"<div class=\"wpb-content-wrapper\"><p>[vc_row full_width=&#8221;stretch_row&#8221; content_placement=&#8221;middle&#8221; parallax=&#8221;content-moving&#8221; parallax_image=&#8221;26317&#8243;][vc_column][vc_row_inner][vc_column_inner width=&#8221;2\/3&#8243;][vc_empty_space height=&#8221;132px&#8221;][vc_column_text css_animation=&#8221;fadeInDown&#8221;]<\/p>\n<h1><strong>No da para m\u00e1s: turnos mal hechos, reclamos y horas extra sin control. El cambio es ahora.<\/strong><\/h1>\n<p>[\/vc_column_text][vc_column_text css_animation=&#8221;fadeInUp&#8221; el_class=&#8221;medium&#8221;]<\/p>\n<h3><strong>Unite a este webinar exclusivo de Ataway y UKG y descubr\u00ed c\u00f3mo las organizaciones l\u00edderes optimizan la gesti\u00f3n de su talento con tecnolog\u00eda de vanguardia. <\/strong><\/h3>\n<p>[\/vc_column_text][\/vc_column_inner][vc_column_inner width=&#8221;1\/3&#8243;][vc_empty_space height=&#8221;164px&#8221;][vc_message message_box_style=&#8221;outline&#8221; message_box_color=&#8221;white&#8221; icon_fontawesome=&#8221;far fa-calendar-alt&#8221; css_animation=&#8221;flipInX&#8221;]<\/p>\n<h3><strong>Webinar Virtual Teams<br \/>\n<span data-olk-copy-source=\"MessageBody\">10 de septiembre<br \/>\n<\/span><\/strong><strong><span data-olk-copy-source=\"MessageBody\">10:00 Argentina y Chile<\/span><br \/>\n<\/strong><\/h3>\n<p>[\/vc_message][\/vc_column_inner][\/vc_row_inner][vc_icon type=&#8221;entypo&#8221; icon_entypo=&#8221;entypo-icon entypo-icon-down-open-big&#8221; color=&#8221;white&#8221; background_style=&#8221;rounded&#8221; background_color=&#8221;custom&#8221; size=&#8221;sm&#8221; align=&#8221;center&#8221; custom_background_color=&#8221;rgba(10,10,10,0.56)&#8221; el_class=&#8221;scroller-cursor-pointer&#8221;][\/vc_column][\/vc_row][vc_row full_width=&#8221;stretch_row&#8221; el_id=&#8221;scroller-second-frame&#8221; css=&#8221;.vc_custom_1572986661774{background-color: #ffffff !important;}&#8221;][vc_column width=&#8221;1\/2&#8243;][vc_column_text]<strong>Invitan<\/strong><\/p>\n<p><img loading=\"lazy\" decoding=\"async\" class=\"wp-image-25943 \" src=\"https:\/\/www.ataway.com\/wp-content\/uploads\/2022\/04\/Ataway-UKG-3-300x55.png\" alt=\"\" width=\"404\" height=\"74\" srcset=\"https:\/\/www.ataway.com\/wp-content\/uploads\/2022\/04\/Ataway-UKG-3-300x55.png 300w, https:\/\/www.ataway.com\/wp-content\/uploads\/2022\/04\/Ataway-UKG-3-768x140.png 768w, https:\/\/www.ataway.com\/wp-content\/uploads\/2022\/04\/Ataway-UKG-3-1024x186.png 1024w, https:\/\/www.ataway.com\/wp-content\/uploads\/2022\/04\/Ataway-UKG-3-260x47.png 260w, https:\/\/www.ataway.com\/wp-content\/uploads\/2022\/04\/Ataway-UKG-3-50x9.png 50w, https:\/\/www.ataway.com\/wp-content\/uploads\/2022\/04\/Ataway-UKG-3-150x27.png 150w, https:\/\/www.ataway.com\/wp-content\/uploads\/2022\/04\/Ataway-UKG-3.png 1055w\" sizes=\"auto, (max-width:767px) 404px, 404px\" \/><\/p>\n<p>[\/vc_column_text][vc_column_text]<\/p>\n<h3 data-start=\"344\" data-end=\"378\"><span style=\"color: #ff7600;\"><strong>\u00bfPor qu\u00e9 asistir?<\/strong><\/span><\/h3>\n<p data-start=\"379\" data-end=\"412\"><span style=\"color: #333333;\">La mayor\u00eda de las organizaciones conviven con problemas que parecen \u201cnormales\u201d: <strong data-start=\"483\" data-end=\"518\">ausentismo, rotaci\u00f3n, reclamos\u2026<\/strong> pero en realidad son el s\u00edntoma de una planificaci\u00f3n rota.<\/span><\/p>\n<p data-start=\"581\" data-end=\"625\"><span style=\"color: #333333;\">En este evento online te mostraremos c\u00f3mo:<\/span><\/p>\n<p data-start=\"628\" data-end=\"675\"><span style=\"color: #333333;\"><strong data-start=\"628\" data-end=\"673\">&#8211; Recuperar el control total sin planillas.<br \/>\n<\/strong>&#8211; Optimizar la gesti\u00f3n de personas con la tecnolog\u00eda de <strong data-start=\"732\" data-end=\"739\">UKG<\/strong>.<\/span><br \/>\n<span style=\"color: #333333;\">&#8211; Entender por qu\u00e9 <strong data-start=\"762\" data-end=\"826\">tu operaci\u00f3n no necesita m\u00e1s gente, sino mejor planificaci\u00f3n<\/strong>.<\/span><br \/>\n<span style=\"color: #333333;\">&#8211; Inspirarte con <strong data-start=\"847\" data-end=\"863\">casos reales<\/strong> de empresas que ya transformaron su manera de trabajar.<\/span><br \/>\n<span style=\"color: #333333;\">&#8211; Conocer c\u00f3mo <strong data-start=\"937\" data-end=\"945\">GAIA<\/strong> lleva la gesti\u00f3n laboral al siguiente nivel.<\/span><\/p>\n<p data-start=\"628\" data-end=\"675\"><span style=\"color: #333333;\">Una oportunidad \u00fanica para repensar tu estrategia de RRHH y volver m\u00e1s eficiente tu operaci\u00f3n.<\/span><\/p>\n<p>[\/vc_column_text][vc_column_text]<\/p>\n<h3 data-start=\"871\" data-end=\"915\"><span style=\"color: #ff7600;\"><strong data-start=\"874\" data-end=\"913\">Agenda<\/strong><\/span><\/h3>\n<p data-start=\"917\" data-end=\"1154\"><strong data-start=\"917\" data-end=\"926\">10:00<\/strong> \u2013 Bienvenida y presentaci\u00f3n de Ataway<br data-start=\"964\" data-end=\"967\" \/><strong data-start=\"967\" data-end=\"976\">10:25<\/strong> \u2013 C\u00f3mo UKG potencia la gesti\u00f3n de personas<br data-start=\"1019\" data-end=\"1022\" \/><strong data-start=\"1022\" data-end=\"1031\">10:45<\/strong> \u2013 Casos de \u00e9xito con cliente invitado<br data-start=\"1069\" data-end=\"1072\" \/><strong data-start=\"1072\" data-end=\"1081\">11:05<\/strong> \u2013 GAIA: innovaci\u00f3n en gesti\u00f3n laboral<br data-start=\"1119\" data-end=\"1122\" \/><strong data-start=\"1122\" data-end=\"1131\">11:20<\/strong> \u2013 Preguntas y cierre<\/p>\n<p>[\/vc_column_text][\/vc_column][vc_column width=&#8221;1\/2&#8243;][vc_column_text]<strong>\u00a1No te quedes afuera! Complet\u00e1 el formulario y asegur\u00e1 tu lugar en este webinar exclusivo.<\/strong>[\/vc_column_text]\n<div class=\"wpcf7 no-js\" id=\"wpcf7-f43080-o1\" lang=\"en\" dir=\"ltr\" data-wpcf7-id=\"43080\">\n<div class=\"screen-reader-response\"><p role=\"status\" aria-live=\"polite\" aria-atomic=\"true\"><\/p> <ul><\/ul><\/div>\n<form action=\"\/es-ar\/wp-json\/wp\/v2\/pages\/12486#wpcf7-f43080-o1\" method=\"post\" class=\"wpcf7-form init\" aria-label=\"Formulario de contacto\" novalidate=\"novalidate\" data-status=\"init\">\n<fieldset class=\"hidden-fields-container\"><input type=\"hidden\" name=\"_wpcf7\" value=\"43080\" \/><input type=\"hidden\" name=\"_wpcf7_version\" value=\"6.1.2\" \/><input type=\"hidden\" name=\"_wpcf7_locale\" value=\"en\" \/><input type=\"hidden\" name=\"_wpcf7_unit_tag\" value=\"wpcf7-f43080-o1\" \/><input type=\"hidden\" name=\"_wpcf7_container_post\" value=\"0\" \/><input type=\"hidden\" name=\"_wpcf7_posted_data_hash\" value=\"\" \/><input type=\"hidden\" name=\"_wpcf7_recaptcha_response\" value=\"\" \/>\n<\/fieldset>\n<p><label><span style=\"color: #333333;\"> Nombre y Apellido*<br \/>\n<span class=\"wpcf7-form-control-wrap\" data-name=\"your-name\"><input size=\"40\" maxlength=\"400\" class=\"wpcf7-form-control wpcf7-text wpcf7-validates-as-required\" aria-required=\"true\" aria-invalid=\"false\" value=\"\" type=\"text\" name=\"your-name\" \/><\/span> <\/span><\/label>\n<\/p>\n<p><label><span style=\"color: #333333;\"> Correo Electr\u00f3nico*<br \/>\n<span class=\"wpcf7-form-control-wrap\" data-name=\"your-email\"><input size=\"40\" maxlength=\"400\" class=\"wpcf7-form-control wpcf7-email wpcf7-validates-as-required wpcf7-text wpcf7-validates-as-email\" aria-required=\"true\" aria-invalid=\"false\" value=\"\" type=\"email\" name=\"your-email\" \/><\/span> <\/span><\/label>\n<\/p>\n<p><label><span style=\"color: #333333;\"> Empresa*<br \/>\n<span class=\"wpcf7-form-control-wrap\" data-name=\"your-company\"><input size=\"40\" maxlength=\"400\" class=\"wpcf7-form-control wpcf7-text wpcf7-validates-as-required\" aria-required=\"true\" aria-invalid=\"false\" value=\"\" type=\"text\" name=\"your-company\" \/><\/span> <\/span><\/label>\n<\/p>\n<p><label><span style=\"color: #333333;\"> Cargo*<br \/>\n<span class=\"wpcf7-form-control-wrap\" data-name=\"your-job\"><input size=\"40\" maxlength=\"400\" class=\"wpcf7-form-control wpcf7-text wpcf7-validates-as-required\" aria-required=\"true\" aria-invalid=\"false\" value=\"\" type=\"text\" name=\"your-job\" \/><\/span> <\/span><\/label>\n<\/p>\n<p><label><span style=\"color: #333333;\"> Tel\u00e9fono<br \/>\n<span class=\"wpcf7-form-control-wrap\" data-name=\"your-phone\"><input size=\"40\" maxlength=\"400\" class=\"wpcf7-form-control wpcf7-text\" aria-invalid=\"false\" value=\"\" type=\"text\" name=\"your-phone\" \/><\/span> <\/span><\/label>\n<\/p>\n\n<p><input class=\"wpcf7-form-control wpcf7-submit has-spinner\" type=\"submit\" value=\"Enviar\" \/>\n<\/p><div class=\"wpcf7-response-output\" aria-hidden=\"true\"><\/div>\n<\/form>\n<\/div>\n[\/vc_column][\/vc_row][vc_row][vc_column][vc_separator color=&#8221;black&#8221;][vc_column_text]<\/p>\n<h4 style=\"text-align: center;\"><strong>Para m\u00e1s informaci\u00f3n:\u00a0<\/strong><u><a tabindex=\"-1\" title=\"mailto:sales-arg@ataway.com\" href=\"mailto:sales-arg@ataway.com\" target=\"_blank\" rel=\"noreferrer noopener\">sales-arg@ataway.com<\/a><\/u><\/h4>\n<p>[\/vc_column_text][vc_empty_space][\/vc_column][\/vc_row][vc_row full_width=&#8221;stretch_row_content&#8221; disable_element=&#8221;yes&#8221;][vc_column][vc_gmaps link=&#8221;#E-8_JTNDaWZyYW1lJTIwc3JjJTNEJTIyaHR0cHMlM0ElMkYlMkZ3d3cuZ29vZ2xlLmNvbSUyRm1hcHMlMkZlbWJlZCUzRnBiJTNEJTIxMW0xNCUyMTFtOCUyMTFtMyUyMTFkMTMxMzQuNjI0ODI3OTQ3ODU1JTIxMmQtNTguMzY5NzM2JTIxM2QtMzQuNjEyODU0JTIxM20yJTIxMWkxMDI0JTIxMmk3NjglMjE0ZjEzLjElMjEzbTMlMjExbTIlMjExczB4MCUyNTNBMHg1YmJjNTE0Mjg1YjcxYmVhJTIxMnNLZXIlMjUyMFNhbiUyNTIwVGVsbW8lMjUyMEhvdGVsJTI1MjAlMjUyNiUyNTIwRXZlbnRzJTIxNWUwJTIxM20yJTIxMXNlbiUyMTJzYXIlMjE0djE1NzMwNDU2ODY1MDUlMjE1bTIlMjExc2VuJTIxMnNhciUyMiUyMHdpZHRoJTNEJTIyNjAwJTIyJTIwaGVpZ2h0JTNEJTIyNDUwJTIyJTIwZnJhbWVib3JkZXIlM0QlMjIwJTIyJTIwc3R5bGUlM0QlMjJib3JkZXIlM0EwJTNCJTIyJTIwYWxsb3dmdWxsc2NyZWVuJTNEJTIyJTIyJTNFJTNDJTJGaWZyYW1lJTNF&#8221;][\/vc_column][\/vc_row][vc_row full_width=&#8221;stretch_row&#8221; parallax=&#8221;content-moving&#8221; parallax_image=&#8221;27307&#8243;][vc_column width=&#8221;2\/3&#8243;][vc_column_text css_animation=&#8221;fadeInLeft&#8221;]<\/p>\n<div class=\"flex max-w-full flex-col flex-grow\">\n<div class=\"min-h-8 text-message flex w-full flex-col items-end gap-2 whitespace-normal break-words [.text-message+&amp;]:mt-5\" dir=\"auto\" data-message-author-role=\"assistant\" data-message-id=\"e1815a6b-e4b6-471a-8e79-79a987f73d83\" data-message-model-slug=\"gpt-4o\">\n<div class=\"flex w-full flex-col gap-1 empty:hidden first:pt-[3px]\">\n<div class=\"markdown prose w-full break-words dark:prose-invert light\">\n<h2 style=\"text-align: right;\"><span style=\"color: #ffffff;\"><strong>Conoc\u00e9 m\u00e1s sobre UKG<\/strong><\/span><\/h2>\n<\/div>\n<\/div>\n<\/div>\n<\/div>\n<div class=\"mb-2 flex gap-3 empty:hidden -ml-2\">\n<div class=\"items-center justify-start rounded-xl p-1 flex\">\n<div class=\"flex items-center\">\n<div class=\"flex items-center pb-0\"><\/div>\n<\/div>\n<\/div>\n<\/div>\n<p>[\/vc_column_text][\/vc_column][vc_column width=&#8221;1\/3&#8243;][vc_btn title=&#8221;\u00a1Conoc\u00e9 M\u00e1s!&#8221; style=&#8221;outline&#8221; color=&#8221;white&#8221; size=&#8221;lg&#8221; css_animation=&#8221;bounceIn&#8221; link=&#8221;url:https%3A%2F%2Fwww.ataway.com%2Fes-ar%2Fsoluciones%2Fukg-gestion-de-la-fuerza-laboral%2F|target:_blank&#8221;][\/vc_column][\/vc_row]<\/p>\n<\/div>","protected":false},"excerpt":{"rendered":"<p>[vc_row full_width=&#8221;stretch_row&#8221; content_placement=&#8221;middle&#8221; parallax=&#8221;content-moving&#8221; parallax_image=&#8221;26317&#8243;][vc_column][vc_row_inner][vc_column_inner width=&#8221;2\/3&#8243;][vc_empty_space height=&#8221;132px&#8221;][vc_column_text css_animation=&#8221;fadeInDown&#8221;] No da para m\u00e1s: turnos mal hechos, reclamos y horas extra sin control. El cambio es ahora. [\/vc_column_text][vc_column_text<span class=\"excerpt-hellip\"> [\u2026]<\/span><\/p>\n","protected":false},"author":6,"featured_media":40684,"parent":0,"menu_order":0,"comment_status":"closed","ping_status":"closed","template":"","meta":{"footnotes":""},"class_list":["post-12486","page","type-page","status-publish","has-post-thumbnail","hentry"],"_links":{"self":[{"href":"https:\/\/www.ataway.com\/es-ar\/wp-json\/wp\/v2\/pages\/12486","targetHints":{"allow":["GET"]}}],"collection":[{"href":"https:\/\/www.ataway.com\/es-ar\/wp-json\/wp\/v2\/pages"}],"about":[{"href":"https:\/\/www.ataway.com\/es-ar\/wp-json\/wp\/v2\/types\/page"}],"author":[{"embeddable":true,"href":"https:\/\/www.ataway.com\/es-ar\/wp-json\/wp\/v2\/users\/6"}],"replies":[{"embeddable":true,"href":"https:\/\/www.ataway.com\/es-ar\/wp-json\/wp\/v2\/comments?post=12486"}],"version-history":[{"count":88,"href":"https:\/\/www.ataway.com\/es-ar\/wp-json\/wp\/v2\/pages\/12486\/revisions"}],"predecessor-version":[{"id":43090,"href":"https:\/\/www.ataway.com\/es-ar\/wp-json\/wp\/v2\/pages\/12486\/revisions\/43090"}],"wp:featuredmedia":[{"embeddable":true,"href":"https:\/\/www.ataway.com\/es-ar\/wp-json\/wp\/v2\/media\/40684"}],"wp:attachment":[{"href":"https:\/\/www.ataway.com\/es-ar\/wp-json\/wp\/v2\/media?parent=12486"}],"curies":[{"name":"wp","href":"https:\/\/api.w.org\/{rel}","templated":true}]}}