{"id":11340,"date":"2019-04-11T23:41:35","date_gmt":"2019-04-12T02:41:35","guid":{"rendered":"http:\/\/www.ataway.com\/?page_id=11340"},"modified":"2026-04-07T15:21:45","modified_gmt":"2026-04-07T18:21:45","slug":"ataway","status":"publish","type":"page","link":"https:\/\/www.ataway.com\/es-ar\/","title":{"rendered":"Home"},"content":{"rendered":"<div class=\"wpb-content-wrapper\"><p>[vc_row full_width=&#8221;stretch_row&#8221; content_placement=&#8221;middle&#8221; css=&#8221;.vc_custom_1534136249431{margin-bottom: -50px !important;}&#8221;][vc_column][vc_column_text]\n\t\t\t<!-- START SliderHomeNewESAR REVOLUTION SLIDER 6.6.19 --><p class=\"rs-p-wp-fix\"><\/p>\n\t\t\t<rs-module-wrap id=\"rev_slider_47_1_wrapper\" data-source=\"gallery\" style=\"visibility:hidden;background:transparent;padding:0;\">\n\t\t\t\t<rs-module id=\"rev_slider_47_1\" style=\"\" data-version=\"6.6.19\">\n\t\t\t\t\t<rs-slides style=\"overflow: hidden; position: absolute;\">\n\t\t\t\t\t\t<rs-slide style=\"position: absolute;\" data-key=\"rs-174\" data-title=\"Buenos Aires\" data-duration=\"12000\" data-anim=\"adpr:false;\" data-in=\"o:0;\" data-out=\"a:false;\">\n\t\t\t\t\t\t\t<img decoding=\"async\" src=\"\/\/www.ataway.com\/wp-content\/plugins\/revslider\/public\/assets\/assets\/dummy.png\" alt=\"Buenos Aires\" title=\"Home\" class=\"rev-slidebg tp-rs-img rs-lazyload\" data-lazyload=\"\/\/www.ataway.com\/wp-content\/plugins\/revslider\/public\/assets\/assets\/transparent.png\" data-parallax=\"7\" data-no-retina>\n<!--\n\t\t\t\t\t\t\t--><rs-layer\n\t\t\t\t\t\t\t\tid=\"slider-47-slide-174-layer-10\" \n\t\t\t\t\t\t\t\tclass=\"rs-fsv rs-nolc rs-layer-video intrinsic-ignore\"\n\t\t\t\t\t\t\t\tdata-type=\"video\"\n\t\t\t\t\t\t\t\tdata-rsp_ch=\"on\"\n\t\t\t\t\t\t\t\tdata-xy=\"x:0;y:0;\"\n\t\t\t\t\t\t\t\tdata-text=\"l:22;a:inherit;\"\n\t\t\t\t\t\t\t\tdata-dim=\"w:100%;h:100%;\"\n\t\t\t\t\t\t\t\tdata-basealign=\"slide\"\n\t\t\t\t\t\t\t\tdata-video=\"vfc:true;vd:0;fc:true;l:false;ptimer:false;sav:f;\"\n\t\t\t\t\t\t\t\tdata-poster=\"\/\/www.ataway.com\/wp-content\/uploads\/revslider\/video-media\/Buenos-Aires-Argentina_174_layer.jpeg\"\n\t\t\t\t\t\t\t\tdata-mp4=\"\/\/www.ataway.com\/wp-content\/uploads\/2018\/10\/Buenos-Aires-Argentina.mp4\"\n\t\t\t\t\t\t\t\tdata-frame_1=\"st:600;sp:1000;sR:600;\"\n\t\t\t\t\t\t\t\tdata-frame_999=\"o:0;st:w;sp:2000;sR:10400.000610352;\"\n\t\t\t\t\t\t\t\tstyle=\"z-index:5;\"\n\t\t\t\t\t\t\t>\n\t\t\t\t\t\t\t<\/rs-layer><!--\n-->\t\t\t\t\t\t<\/rs-slide>\n\t\t\t\t\t\t<rs-slide style=\"position: absolute;\" data-key=\"rs-182\" data-title=\"Buenos Aires\" data-duration=\"12000\" data-anim=\"adpr:false;\" data-in=\"o:0;\" data-out=\"a:false;\">\n\t\t\t\t\t\t\t<img decoding=\"async\" src=\"\/\/www.ataway.com\/wp-content\/plugins\/revslider\/public\/assets\/assets\/dummy.png\" alt=\"Buenos Aires\" title=\"Home\" class=\"rev-slidebg tp-rs-img rs-lazyload\" data-lazyload=\"\/\/www.ataway.com\/wp-content\/plugins\/revslider\/public\/assets\/assets\/transparent.png\" data-parallax=\"7\" data-no-retina>\n<!--\n\t\t\t\t\t\t\t--><rs-layer\n\t\t\t\t\t\t\t\tid=\"slider-47-slide-182-layer-10\" \n\t\t\t\t\t\t\t\tclass=\"rs-fsv rs-nolc rs-layer-video intrinsic-ignore\"\n\t\t\t\t\t\t\t\tdata-type=\"video\"\n\t\t\t\t\t\t\t\tdata-rsp_ch=\"on\"\n\t\t\t\t\t\t\t\tdata-xy=\"x:0;y:0;\"\n\t\t\t\t\t\t\t\tdata-text=\"l:22;a:inherit;\"\n\t\t\t\t\t\t\t\tdata-dim=\"w:100%;h:100%;\"\n\t\t\t\t\t\t\t\tdata-basealign=\"slide\"\n\t\t\t\t\t\t\t\tdata-video=\"vfc:true;vd:0;fc:true;l:false;ptimer:false;sav:f;\"\n\t\t\t\t\t\t\t\tdata-poster=\"\/\/www.ataway.com\/wp-content\/uploads\/revslider\/video-media\/Buenos-Aires-Argentina_182_layer.jpeg\"\n\t\t\t\t\t\t\t\tdata-mp4=\"\/\/www.ataway.com\/wp-content\/uploads\/2018\/10\/Buenos-Aires-Argentina.mp4\"\n\t\t\t\t\t\t\t\tdata-frame_1=\"st:600;sp:1000;sR:600;\"\n\t\t\t\t\t\t\t\tdata-frame_999=\"o:0;st:w;sp:2000;sR:10400.000610352;\"\n\t\t\t\t\t\t\t\tstyle=\"z-index:5;\"\n\t\t\t\t\t\t\t>\n\t\t\t\t\t\t\t<\/rs-layer><!--\n-->\t\t\t\t\t\t<\/rs-slide>\n\t\t\t\t\t<\/rs-slides>\n\t\t\t\t\t<rs-static-layers class=\"rs-stl-visible\"><!--\n\n\t\t\t\t\t\t\t--><h1\n\t\t\t\t\t\t\t\tid=\"slider-47-slide-43-layer-8\" \n\t\t\t\t\t\t\t\tclass=\"rs-layer rs-layer-static\"\n\t\t\t\t\t\t\t\tdata-type=\"text\"\n\t\t\t\t\t\t\t\tdata-rsp_ch=\"on\"\n\t\t\t\t\t\t\t\tdata-xy=\"xo:50px,45px,45px,35px;yo:304px,249px,130px,80px;\"\n\t\t\t\t\t\t\t\tdata-text=\"w:normal;s:50,40,50,37;l:52,42,52,39;fw:700;a:inherit;\"\n\t\t\t\t\t\t\t\tdata-dim=\"w:656px,633px,auto,auto;h:auto,162px,auto,auto;\"\n\t\t\t\t\t\t\t\tdata-wrpcls=\"slider-adapter-title\"\n\t\t\t\t\t\t\t\tdata-onslides=\"s:1;\"\n\t\t\t\t\t\t\t\tdata-frame_0=\"y:-50px;\"\n\t\t\t\t\t\t\t\tdata-frame_1=\"sp:2000;\"\n\t\t\t\t\t\t\t\tdata-frame_999=\"o:0;st:w;sp:1000;\"\n\t\t\t\t\t\t\t\tstyle=\"z-index:8;font-family:'cerapro bold', 'Arial', 'Tahoma', 'sans-serif';\"\n\t\t\t\t\t\t\t>\u00a1Hola! Somos Ataway, \nla consultora global que har\u00e1\ncrecer tu negocio. \n\t\t\t\t\t\t\t<\/h1><!--\n\n\t\t\t\t\t\t\t--><rs-layer\n\t\t\t\t\t\t\t\tid=\"slider-47-slide-43-layer-14\" \n\t\t\t\t\t\t\t\tclass=\"arrow-down-flex rs-layer-static\"\n\t\t\t\t\t\t\t\tdata-type=\"text\"\n\t\t\t\t\t\t\t\tdata-xy=\"x:c;xo:-3px,0,0,0;y:b;yo:90px,60px,60px,50px;\"\n\t\t\t\t\t\t\t\tdata-text=\"s:48;l:22;a:inherit;\"\n\t\t\t\t\t\t\t\tdata-actions='o:click;a:scrollbelow;offset:64px;d:100;sp:1000;e:power3.inOut;'\n\t\t\t\t\t\t\t\tdata-basealign=\"slide\"\n\t\t\t\t\t\t\t\tdata-rsp_o=\"off\"\n\t\t\t\t\t\t\t\tdata-rsp_bd=\"off\"\n\t\t\t\t\t\t\t\tdata-onslides=\"s:1;\"\n\t\t\t\t\t\t\t\tdata-frame_999=\"o:0;st:w;\"\n\t\t\t\t\t\t\t\tstyle=\"z-index:7;font-family:'Open Sans';\"\n\t\t\t\t\t\t\t><i class=\"fa-angle-down\"><\/i> \n\t\t\t\t\t\t\t<\/rs-layer><!--\n\n\t\t\t\t\t\t\t--><rs-layer\n\t\t\t\t\t\t\t\tid=\"slider-47-slide-43-layer-16\" \n\t\t\t\t\t\t\t\tclass=\"rs-layer-static\"\n\t\t\t\t\t\t\t\tdata-type=\"text\"\n\t\t\t\t\t\t\t\tdata-rsp_ch=\"on\"\n\t\t\t\t\t\t\t\tdata-xy=\"xo:51px,47px,47px,34px;yo:545px,453px,380px,350px;\"\n\t\t\t\t\t\t\t\tdata-text=\"w:normal;l:22;a:inherit;\"\n\t\t\t\t\t\t\t\tdata-dim=\"w:582px,582px,582px,386px;\"\n\t\t\t\t\t\t\t\tdata-wrpcls=\"slider-adapter-button\"\n\t\t\t\t\t\t\t\tdata-onslides=\"s:1;\"\n\t\t\t\t\t\t\t\tdata-frame_999=\"o:0;st:w;\"\n\t\t\t\t\t\t\t\tstyle=\"z-index:9;font-family:'cerapro light', 'Arial', 'Tahoma', 'sans-serif';\"\n\t\t\t\t\t\t\t><div class=\"button_align align_left\"><a class=\"button  button_left button_size_3\" href=\"\/es-ar\/contact-ataway\/\"     style=\"background-color:#df7b1a!important;color:#ffffff;\"     title=\"\"><span class=\"button_icon\"><i class=\"icon-right-open\"  style=\"color:#ffffff!important;\" aria-hidden=\"true\"><\/i><\/span><span class=\"button_label\">Cont\u00e1ctanos<\/span><\/a><\/div>\n \n\t\t\t\t\t\t\t<\/rs-layer><!--\n\t\t\t\t\t--><\/rs-static-layers>\n\t\t\t\t<\/rs-module>\n\t\t\t\t<script>\n\t\t\t\t\tsetREVStartSize({c: 'rev_slider_47_1',rl:[1280,1024,768,420],el:[868,768,960,720],gw:[1240,1024,768,420],gh:[868,768,960,720],type:'standard',justify:'',layout:'fullscreen',offsetContainer:'',offset:'',mh:\"700px\"});if (window.RS_MODULES!==undefined && window.RS_MODULES.modules!==undefined && window.RS_MODULES.modules[\"revslider471\"]!==undefined) {window.RS_MODULES.modules[\"revslider471\"].once = false;window.revapi47 = undefined;if (window.RS_MODULES.checkMinimal!==undefined) window.RS_MODULES.checkMinimal()}\n\t\t\t\t<\/script>\n\t\t\t<\/rs-module-wrap>\n\t\t\t<!-- END REVOLUTION SLIDER -->\n[\/vc_column_text][\/vc_column][\/vc_row][vc_row full_width=&#8221;stretch_row&#8221; content_placement=&#8221;middle&#8221; parallax=&#8221;content-moving&#8221; parallax_image=&#8221;26315&#8243; disable_element=&#8221;yes&#8221;][vc_column width=&#8221;2\/3&#8243;][vc_column_text css_animation=&#8221;fadeInLeft&#8221; el_id=&#8221;center&#8221; el_class=&#8221;center&#8221;]<\/p>\n<h3><span style=\"color: #ffffff;\"><strong>WEBINAR EXCLUSIVO 10 de Septiembre: \u201cNo da para m\u00e1s: turnos mal hechos, reclamos y horas extra sin control. El cambio es ahora.\u201d<\/strong><\/span><\/h3>\n<p>[\/vc_column_text][\/vc_column][vc_column width=&#8221;1\/3&#8243;][vc_btn title=&#8221;\u00a1Inscribite ac\u00e1!&#8221; style=&#8221;outline&#8221; color=&#8221;white&#8221; size=&#8221;lg&#8221; css_animation=&#8221;bounceIn&#8221; link=&#8221;url:https%3A%2F%2Fwww.ataway.com%2Fes-ar%2Fwebinar-ukg-gestion-de-personas%2F&#8221;][\/vc_column][\/vc_row][vc_row full_width=&#8221;stretch_row&#8221; content_placement=&#8221;middle&#8221; css=&#8221;.vc_custom_1552814872490{background-color: #ffffff !important;}&#8221;][vc_column][vc_empty_space height=&#8221;128&#8243;][vc_row_inner][vc_column_inner][vc_column_text css_animation=&#8221;slideInDown&#8221; css=&#8221;.vc_custom_1574691966183{margin-bottom: 20px !important;}&#8221;]<\/p>\n<h1 style=\"text-align: center;\"><span style=\"color: #333333;\"><strong>Solucionamos todos tus problemas.<\/strong> <\/span><span style=\"color: #333333;\">Bueno&#8230; no todos. Pero realizamos proyectos que reducen los costos y aumentan la eficiencia de tu empresa.<\/span><\/h1>\n<p>[\/vc_column_text][vc_column_text css_animation=&#8221;fadeInDown&#8221;]<\/p>\n<h3 style=\"text-align: center;\"><strong><span style=\"color: #eb7932;\">La combinaci\u00f3n de nuestra s\u00f3lida experiencia, mentalidad de entrepeneur y presencia global nos hace \u00fanicos en nuestra industria, dando como resultado muchos proyectos exitosos y una organizaci\u00f3n en constante crecimiento.<\/span><\/strong><\/h3>\n<p>[\/vc_column_text][vc_column_text css_animation=&#8221;fadeInUp&#8221;]<div class=\"button_align align_center\"><a class=\"button  button_left button_size_2\" href=\"https:\/\/www.ataway.com\/es-ar\/soluciones\/\"     style=\"background-color:#ee7a23!important;color:#ffffff;\"     title=\"\"><span class=\"button_icon\"><i class=\"icon-right-open\"  style=\"color:#ffffff!important;\" aria-hidden=\"true\"><\/i><\/span><span class=\"button_label\">Nuestras Soluciones<\/span><\/a><\/div>\n[\/vc_column_text][vc_empty_space][\/vc_column_inner][\/vc_row_inner][\/vc_column][\/vc_row][vc_row full_width=&#8221;stretch_row&#8221; parallax=&#8221;content-moving&#8221; parallax_image=&#8221;46292&#8243;][vc_column][vc_row_inner gap=&#8221;20&#8243; css=&#8221;.vc_custom_1527141403331{margin-top: 0px !important;margin-right: 0px !important;margin-bottom: 0px !important;margin-left: 0px !important;padding-top: 0px !important;padding-right: 0px !important;padding-bottom: 0px !important;padding-left: 0px !important;}&#8221;][vc_column_inner width=&#8221;1\/6&#8243; css=&#8221;.vc_custom_1527482667379{padding-top: 0px !important;padding-right: 0px !important;padding-bottom: 0px !important;padding-left: 0px !important;}&#8221; offset=&#8221;vc_col-xs-6&#8243;]<div class=\"quick_fact align_center animate-math\"><div class=\"number-wrapper\"><span class=\"number\" data-to=\"23\">23<\/span><\/div><h3 class=\"title title_tag \">Oficinas<\/h3><hr class=\"hr_narrow\" \/><div class=\"desc\"><\/div><\/div>\n[\/vc_column_inner][vc_column_inner width=&#8221;1\/6&#8243; css=&#8221;.vc_custom_1527482673137{padding-top: 0px !important;padding-right: 0px !important;padding-bottom: 0px !important;padding-left: 0px !important;}&#8221; offset=&#8221;vc_col-xs-6&#8243;]<div class=\"quick_fact align_center animate-math\"><div class=\"number-wrapper\"><span class=\"number\" data-to=\"16\">16<\/span><\/div><h3 class=\"title title_tag \">Pa\u00edses<\/h3><hr class=\"hr_narrow\" \/><div class=\"desc\"><\/div><\/div>\n[\/vc_column_inner][vc_column_inner width=&#8221;1\/6&#8243; css=&#8221;.vc_custom_1527482662028{padding-top: 0px !important;padding-right: 0px !important;padding-bottom: 0px !important;padding-left: 0px !important;}&#8221; offset=&#8221;vc_col-xs-6&#8243;]<div class=\"quick_fact align_center animate-math\"><div class=\"number-wrapper\"><span class=\"number\" data-to=\"500\">500<\/span><span class=\"label postfix\">+<\/span><\/div><h3 class=\"title title_tag \">Empleados<\/h3><hr class=\"hr_narrow\" \/><div class=\"desc\"><\/div><\/div>\n[\/vc_column_inner][vc_column_inner width=&#8221;1\/6&#8243; css=&#8221;.vc_custom_1527482679961{padding-top: 0px !important;padding-right: 0px !important;padding-bottom: 0px !important;padding-left: 0px !important;}&#8221; offset=&#8221;vc_col-xs-6&#8243;]<div class=\"quick_fact align_center animate-math\"><div class=\"number-wrapper\"><span class=\"number\" data-to=\"89\">89<\/span><span class=\"label postfix\">%<\/span><\/div><h3 class=\"title title_tag \">Retenci\u00f3n de Clientes<\/h3><hr class=\"hr_narrow\" \/><div class=\"desc\"><\/div><\/div>\n[\/vc_column_inner][vc_column_inner width=&#8221;1\/6&#8243; css=&#8221;.vc_custom_1527482655957{padding-top: 0px !important;padding-right: 0px !important;padding-bottom: 0px !important;padding-left: 0px !important;}&#8221; offset=&#8221;vc_col-xs-6&#8243;]<div class=\"quick_fact align_center animate-math\"><div class=\"number-wrapper\"><span class=\"number\" data-to=\"1200\">1200<\/span><span class=\"label postfix\">+<\/span><\/div><h3 class=\"title title_tag \">Proyectos Exitosos<\/h3><hr class=\"hr_narrow\" \/><div class=\"desc\"><\/div><\/div>\n[\/vc_column_inner][vc_column_inner width=&#8221;1\/6&#8243; css=&#8221;.vc_custom_1527482647613{padding-top: 0px !important;padding-right: 0px !important;padding-bottom: 0px !important;padding-left: 0px !important;}&#8221; offset=&#8221;vc_col-xs-6&#8243;]<div class=\"quick_fact align_center animate-math\"><div class=\"number-wrapper\"><span class=\"number\" data-to=\"5\">5<\/span><\/div><h3 class=\"title title_tag \">Centros Offshore<\/h3><hr class=\"hr_narrow\" \/><div class=\"desc\"><\/div><\/div>\n[\/vc_column_inner][\/vc_row_inner][\/vc_column][\/vc_row][vc_row full_width=&#8221;stretch_row&#8221; content_placement=&#8221;middle&#8221; parallax=&#8221;content-moving&#8221; parallax_image=&#8221;10619&#8243; css=&#8221;.vc_custom_1552877792221{background-color: #ffffff !important;}&#8221;][vc_column][vc_empty_space][vc_empty_space height=&#8221;128&#8243;][vc_row_inner][vc_column_inner width=&#8221;2\/3&#8243;][vc_column_text css_animation=&#8221;fadeInDown&#8221; css=&#8221;.vc_custom_1554922427066{margin-bottom: 20px !important;}&#8221;]<\/p>\n<h1 style=\"text-align: left;\"><span style=\"color: #333333;\"><strong>El control lo ten\u00e9s vos.<\/strong><br \/>\nUnite a nuestro equipo<br \/>\ny potenci\u00e1 tu carrera<\/span><span style=\"color: #333333;\">.<\/span><\/h1>\n<p>[\/vc_column_text][vc_column_text css_animation=&#8221;fadeInUp&#8221; el_class=&#8221;big&#8221;]<\/p>\n<h3 style=\"text-align: left;\"><strong><span style=\"color: #eb7932;\">Tu experiencia en Ataway te va a acercar a diferentes clientes, industrias, culturas, proyectos&#8230; \u00bfEst\u00e1s listo para crecer profesionalmente?<\/span><\/strong><\/h3>\n<p>[\/vc_column_text][vc_column_text css_animation=&#8221;fadeInUp&#8221;]<div class=\"button_align align_left\"><a class=\"button  button_left button_size_2\" href=\"\/es-ar\/work\/\"     style=\"background-color:#ee7a23!important;color:#ffffff;\"     title=\"\"><span class=\"button_icon\"><i class=\"icon-right-open\"  style=\"color:#ffffff!important;\" aria-hidden=\"true\"><\/i><\/span><span class=\"button_label\">Conoc\u00e9 m\u00e1s<\/span><\/a><\/div>\n[\/vc_column_text][\/vc_column_inner][vc_column_inner width=&#8221;1\/3&#8243;][\/vc_column_inner][\/vc_row_inner][vc_empty_space height=&#8221;128&#8243;][\/vc_column][\/vc_row][vc_row full_width=&#8221;stretch_row&#8221; parallax=&#8221;content-moving&#8221; css=&#8221;.vc_custom_1699023253969{background-color: #f4f4f4 !important;}&#8221;][vc_column][vc_row_inner][vc_column_inner][vc_column_text]<\/p>\n<h2 style=\"text-align: center;\"><span style=\"color: #333333;\"><strong>\u00a1Conocenos m\u00e1s all\u00e1 de los negocios!<\/strong><\/span><\/h2>\n<p>[\/vc_column_text][\/vc_column_inner][\/vc_row_inner][vc_row_inner][vc_column_inner width=&#8221;1\/3&#8243;][vc_hoverbox image=&#8221;35973&#8243; primary_title=&#8221;&#8221; hover_title=&#8221;&#8221;]<a href=\"https:\/\/www.linkedin.com\/feed\/update\/urn:li:activity:7148408413738225664\">\u00a1Celebrando 15 a\u00f1os de \u00e9xitos y logros en Ataway Buenos Aires! \ud83c\udf89\u2728\u00a0<\/a>[\/vc_hoverbox][vc_column_text css=&#8221;.vc_custom_1720190010246{margin-top: -24px !important;border-top-width: -24px !important;padding-top: -24px !important;}&#8221;]<\/p>\n<p style=\"text-align: left;\"><a href=\"https:\/\/www.linkedin.com\/feed\/update\/urn:li:activity:7148408413738225664\/\"><span style=\"color: #ff6600;\"><strong>CULTURA EMPRESARIAL<\/strong><\/span><\/a><\/p>\n<p>[\/vc_column_text][\/vc_column_inner][vc_column_inner width=&#8221;1\/3&#8243;][vc_hoverbox image=&#8221;35985&#8243; primary_title=&#8221;&#8221; hover_title=&#8221;&#8221;]<a href=\"https:\/\/www.linkedin.com\/feed\/update\/urn:li:activity:7207436874724847616\">\ud83c\udf77\u2728 Un Gran \u00c9xito: Cata de Vinos y Automatizaci\u00f3n Inteligente con Ataway Buenos Aires \u2728\ud83c\udf77<\/a>[\/vc_hoverbox][vc_column_text css=&#8221;.vc_custom_1720190028181{margin-top: -24px !important;border-top-width: -24px !important;padding-top: -24px !important;}&#8221;]<a href=\"https:\/\/www.linkedin.com\/feed\/update\/urn:li:activity:7207436874724847616\/\"><span style=\"color: #ff6600;\"><strong>EVENTO<\/strong><\/span><\/a>[\/vc_column_text][\/vc_column_inner][vc_column_inner width=&#8221;1\/3&#8243;][vc_hoverbox image=&#8221;17662&#8243; primary_title=&#8221;&#8221; hover_title=&#8221;&#8221;]<a href=\"https:\/\/www.linkedin.com\/feed\/update\/urn:li:activity:7095841263689564160\">En Ataway Argentina y Chile, celebramos nuestro segundo All Hands Meeting\u00a0del a\u00f1o con un emocionante encuentro presencial y virtual. \ud83d\udcaa\ud83c\udf0e<\/a>[\/vc_hoverbox][vc_column_text css=&#8221;.vc_custom_1699018227993{margin-top: -24px !important;border-top-width: -24px !important;padding-top: -24px !important;}&#8221;]<a href=\"https:\/\/www.linkedin.com\/feed\/update\/urn:li:activity:7095841263689564160\"><span style=\"color: #ff6600;\"><strong>ALL HANDS MEETING<\/strong><\/span><\/a>[\/vc_column_text][\/vc_column_inner][\/vc_row_inner][vc_row_inner][vc_column_inner][vc_column_text css_animation=&#8221;fadeInUp&#8221;]<div class=\"button_align align_center\"><a class=\"button  button_left button_size_3\" href=\"https:\/\/www.linkedin.com\/company\/atawaybuenosaires\/\"     style=\"background-color:#ee7a23!important;color:#ffffff;\"     title=\"\"><span class=\"button_icon\"><i class=\"icon-right-open\"  style=\"color:#ffffff!important;\" aria-hidden=\"true\"><\/i><\/span><span class=\"button_label\">\u00a1Seguinos en LinkedIn!<\/span><\/a><\/div>\n[\/vc_column_text][\/vc_column_inner][\/vc_row_inner][\/vc_column][\/vc_row][vc_row full_width=&#8221;stretch_row&#8221; full_height=&#8221;yes&#8221; content_placement=&#8221;middle&#8221; css=&#8221;.vc_custom_1552280207454{background-color: #ffffff !important;}&#8221;][vc_column][vc_empty_space height=&#8221;32&#8243;][vc_row_inner][vc_column_inner][vc_column_text]<\/p>\n<h1 style=\"text-align: center;\"><span style=\"color: #333333;\"><strong>Estamos<\/strong> donde vos est\u00e1s.<\/span><\/h1>\n<p>[\/vc_column_text][vc_column_text css=&#8221;.vc_custom_1721134367427{margin-top: 50px !important;}&#8221;]<script type=\"text\/javascript\" src=\"https:\/\/www.ataway.com\/wp-content\/uploads\/2024\/07\/mapdata-5.js\"><\/script><br \/>\n<script type=\"text\/javascript\" src=\"https:\/\/www.ataway.com\/wp-content\/uploads\/2024\/07\/worldmap-4.js\"><\/script><\/p>\n<div id=\"map\"><\/div>\n<p>[\/vc_column_text][\/vc_column_inner][\/vc_row_inner][vc_empty_space height=&#8221;32&#8243;][\/vc_column][\/vc_row][vc_row full_width=&#8221;stretch_row&#8221; parallax=&#8221;content-moving&#8221; parallax_image=&#8221;14210&#8243;][vc_column width=&#8221;2\/3&#8243;][vc_column_text]<\/p>\n<h2 style=\"text-align: right;\"><span style=\"color: #ffffff;\"><strong>Historias de \u00c9xito Inspiradoras<\/strong><\/span><\/h2>\n<p>[\/vc_column_text][\/vc_column][vc_column width=&#8221;1\/3&#8243;][vc_btn title=&#8221;Lee nuestros casos de \u00e9xito&#8221; style=&#8221;outline&#8221; color=&#8221;white&#8221; size=&#8221;lg&#8221; align=&#8221;left&#8221; link=&#8221;url:https%3A%2F%2Fwww.ataway.com%2Fes-ar%2Fclientes%2F|||&#8221;][\/vc_column][\/vc_row]<\/p>\n<\/div>","protected":false},"excerpt":{"rendered":"<p>[vc_row full_width=&#8221;stretch_row&#8221; content_placement=&#8221;middle&#8221; css=&#8221;.vc_custom_1534136249431{margin-bottom: -50px !important;}&#8221;][vc_column][vc_column_text][\/vc_column_text][\/vc_column][\/vc_row][vc_row full_width=&#8221;stretch_row&#8221; content_placement=&#8221;middle&#8221; parallax=&#8221;content-moving&#8221; parallax_image=&#8221;26315&#8243; disable_element=&#8221;yes&#8221;][vc_column width=&#8221;2\/3&#8243;][vc_column_text css_animation=&#8221;fadeInLeft&#8221; el_id=&#8221;center&#8221; el_class=&#8221;center&#8221;] WEBINAR EXCLUSIVO 10 de Septiembre: \u201cNo da para m\u00e1s: turnos mal<span class=\"excerpt-hellip\"> [\u2026]<\/span><\/p>\n","protected":false},"author":3,"featured_media":-1,"parent":0,"menu_order":0,"comment_status":"closed","ping_status":"closed","template":"","meta":{"footnotes":""},"class_list":["post-11340","page","type-page","status-publish","has-post-thumbnail","hentry"],"_links":{"self":[{"href":"https:\/\/www.ataway.com\/es-ar\/wp-json\/wp\/v2\/pages\/11340","targetHints":{"allow":["GET"]}}],"collection":[{"href":"https:\/\/www.ataway.com\/es-ar\/wp-json\/wp\/v2\/pages"}],"about":[{"href":"https:\/\/www.ataway.com\/es-ar\/wp-json\/wp\/v2\/types\/page"}],"author":[{"embeddable":true,"href":"https:\/\/www.ataway.com\/es-ar\/wp-json\/wp\/v2\/users\/3"}],"replies":[{"embeddable":true,"href":"https:\/\/www.ataway.com\/es-ar\/wp-json\/wp\/v2\/comments?post=11340"}],"version-history":[{"count":38,"href":"https:\/\/www.ataway.com\/es-ar\/wp-json\/wp\/v2\/pages\/11340\/revisions"}],"predecessor-version":[{"id":46305,"href":"https:\/\/www.ataway.com\/es-ar\/wp-json\/wp\/v2\/pages\/11340\/revisions\/46305"}],"wp:featuredmedia":[{"embeddable":true,"href":"https:\/\/www.ataway.com\/es-ar\/wp-json\/"}],"wp:attachment":[{"href":"https:\/\/www.ataway.com\/es-ar\/wp-json\/wp\/v2\/media?parent=11340"}],"curies":[{"name":"wp","href":"https:\/\/api.w.org\/{rel}","templated":true}]}}