{"id":11155,"date":"2019-04-10T05:21:15","date_gmt":"2019-04-10T08:21:15","guid":{"rendered":"http:\/\/www.ataway.com\/global-home\/?page_id=11155"},"modified":"2025-12-17T13:18:39","modified_gmt":"2025-12-17T16:18:39","slug":"quienes-somos","status":"publish","type":"page","link":"https:\/\/www.ataway.com\/es-ar\/quienes-somos\/","title":{"rendered":"Ataway"},"content":{"rendered":"<div class=\"wpb-content-wrapper\"><p>[vc_row full_width=&#8221;stretch_row&#8221; full_height=&#8221;yes&#8221; content_placement=&#8221;middle&#8221; parallax=&#8221;content-moving&#8221; parallax_image=&#8221;43040&#8243;][vc_column][vc_empty_space height=&#8221;100&#8243;][vc_row_inner content_placement=&#8221;middle&#8221;][vc_column_inner width=&#8221;2\/3&#8243;][vc_column_text css_animation=&#8221;fadeInDown&#8221;]<\/p>\n<h1><strong>Ataway Buenos Aires: Soluciones adaptables para problemas complejos<\/strong><\/h1>\n<p>[\/vc_column_text][vc_column_text css_animation=&#8221;fadeInUp&#8221; css=&#8221;.vc_custom_1755783689100{padding-bottom: 32px !important;}&#8221; el_class=&#8221;medium&#8221;]<\/p>\n<h3><span style=\"color: #ffffff;\">Traemos experiencia, infraestructura y pasi\u00f3n a cada proyecto. En Ataway Buenos Aires, nos convertimos en tu socio y trabajamos en equipo para lograr resultados.<\/span><\/h3>\n<p>[\/vc_column_text][vc_btn title=&#8221;\u00a1Conversemos sobre tu proyecto!&#8221; style=&#8221;outline&#8221; shape=&#8221;round&#8221; color=&#8221;white&#8221; size=&#8221;lg&#8221; align=&#8221;left&#8221; css_animation=&#8221;bounceIn&#8221; link=&#8221;url:https%3A%2F%2Fwww.ataway.com%2Fes-ar%2Fcontacto%2F&#8221;][\/vc_column_inner][vc_column_inner width=&#8221;1\/3&#8243;][\/vc_column_inner][\/vc_row_inner][vc_icon type=&#8221;entypo&#8221; icon_entypo=&#8221;entypo-icon entypo-icon-down-open-big&#8221; color=&#8221;custom&#8221; background_style=&#8221;rounded&#8221; background_color=&#8221;custom&#8221; size=&#8221;sm&#8221; align=&#8221;center&#8221; custom_color=&#8221;rgba(255,255,255,0.56)&#8221; custom_background_color=&#8221;rgba(10,10,10,0.56)&#8221; el_class=&#8221;scroller-cursor-pointer&#8221;][vc_empty_space height=&#8221;8px&#8221;][\/vc_column][\/vc_row][vc_row full_width=&#8221;stretch_row&#8221; content_placement=&#8221;middle&#8221; css=&#8221;.vc_custom_1746541084552{background-color: #ffffff !important;}&#8221; el_id=&#8221;nuestra-historia&#8221;][vc_column][vc_empty_space height=&#8221;32&#8243;][vc_column_text css_animation=&#8221;fadeInDown&#8221;]<\/p>\n<h1 style=\"text-align: center;\"><span style=\"color: #333333;\">Fundada en 2000 en Par\u00eds, Ataway se ha centrado desde el principio en la creaci\u00f3n de relaciones a largo plazo con sus clientes. <strong>Nuestra misi\u00f3n es llevar tu negocio al siguiente nivel.<\/strong><\/span><\/h1>\n<p>[\/vc_column_text][vc_empty_space height=&#8221;32&#8243;][vc_row_inner][vc_column_inner width=&#8221;1\/3&#8243;][vc_column_text css_animation=&#8221;fadeInUp&#8221;]<span style=\"color: #ed7502;\"><strong>QUI\u00c9NES SOMOS<\/strong><\/span><\/p>\n<hr \/>\n<h3><span style=\"color: #333333;\"><strong>Ataway: Tu Socio Global en Consultor\u00eda<\/strong><\/span><br \/>\n<span style=\"color: #333333;\">Impulsamos empresas alrededor del mundo con soluciones innovadoras y una expertise que transforma industrias.<\/span><\/h3>\n<p>[\/vc_column_text][\/vc_column_inner][vc_column_inner width=&#8221;1\/3&#8243;][vc_column_text css_animation=&#8221;fadeInUp&#8221;]<span style=\"color: #ed7502;\"><strong>QU\u00c9 HACEMOS<br \/>\n<\/strong><\/span><\/p>\n<hr \/>\n<h3><span style=\"color: #333333;\"><strong>Ataway Lleva Tu Negocio al Siguente Nivel<\/strong><br \/>\nOfrecemos servicios de consultor\u00eda a medida y soluciones innovadoras para optimizar tus operaciones, agilizar procesos y maximizar la eficiencia.<br \/>\n<\/span><\/h3>\n<p>[\/vc_column_text][\/vc_column_inner][vc_column_inner width=&#8221;1\/3&#8243;][vc_column_text css_animation=&#8221;fadeInUp&#8221;]<span style=\"color: #ed7502;\"><strong>POR QU\u00c9 LO HACEMOS<br \/>\n<\/strong><\/span><\/p>\n<hr \/>\n<h3><span style=\"color: #333333;\"><strong>Desbloque\u00e1 tu m\u00e1ximo potencial<\/strong><\/span><br \/>\n<span style=\"color: #333333;\">Al asociarte con Ataway, pod\u00e9s enfocarte en la creatividad, innovaci\u00f3n y crecimiento, mientras nosotros nos encargamos del resto.<\/span><\/h3>\n<p>[\/vc_column_text][\/vc_column_inner][\/vc_row_inner][\/vc_column][\/vc_row][vc_row full_width=&#8221;stretch_row&#8221; full_height=&#8221;yes&#8221; content_placement=&#8221;middle&#8221; css=&#8221;.vc_custom_1746541071890{background-color: #ffffff !important;}&#8221; el_id=&#8221;nuestros-partners&#8221;][vc_column][vc_empty_space height=&#8221;64&#8243;][vc_column_text css_animation=&#8221;fadeInDown&#8221; el_class=&#8221;medium&#8221;]<\/p>\n<h1 style=\"text-align: center;\"><span style=\"color: #333333;\">Una historia llena de \u00e9xitos.<\/span><strong><span style=\"color: #333333;\"><strong><br \/>\nSocios globales.<\/strong><\/span><\/strong><\/h1>\n<h3 style=\"text-align: center; color: #333333;\">Nos esforzamos por convertirnos en los mejores socios de todos los tiempos.<br \/>\nLes agradecemos por su confianza a lo largo de los a\u00f1os. \u00a1Van a estar orgullosos de nosotros!<\/h3>\n<p>[\/vc_column_text][vc_empty_space height=&#8221;32&#8243;][vc_row_inner content_placement=&#8221;middle&#8221;][vc_column_inner width=&#8221;1\/4&#8243;][vc_single_image image=&#8221;9868&#8243; img_size=&#8221;240&#215;110&#8243; onclick=&#8221;custom_link&#8221; img_link_target=&#8221;_blank&#8221; css_animation=&#8221;fadeInUp&#8221; link=&#8221;https:\/\/www.automationanywhere.com\/&#8221;][\/vc_column_inner][vc_column_inner width=&#8221;1\/4&#8243;][vc_single_image image=&#8221;44922&#8243; img_size=&#8221;medium&#8221; alignment=&#8221;center&#8221; onclick=&#8221;custom_link&#8221; img_link_target=&#8221;_blank&#8221; css_animation=&#8221;fadeInUp&#8221; link=&#8221;https:\/\/www.kronos.com&#8221;][\/vc_column_inner][vc_column_inner width=&#8221;1\/4&#8243;][vc_single_image image=&#8221;9874&#8243; img_size=&#8221;240&#215;110&#8243; alignment=&#8221;center&#8221; onclick=&#8221;custom_link&#8221; img_link_target=&#8221;_blank&#8221; css_animation=&#8221;fadeInUp&#8221; link=&#8221;https:\/\/www.oracle.com\/index.html&#8221;][\/vc_column_inner][vc_column_inner width=&#8221;1\/4&#8243;][vc_single_image image=&#8221;9865&#8243; img_size=&#8221;180&#215;98&#8243; onclick=&#8221;custom_link&#8221; img_link_target=&#8221;_blank&#8221; css_animation=&#8221;fadeInUp&#8221; link=&#8221;https:\/\/www.sap.com\/index.html&#8221;][\/vc_column_inner][\/vc_row_inner][vc_row_inner content_placement=&#8221;top&#8221; css=&#8221;.vc_custom_1728051964417{margin-top: -32px !important;border-top-width: -32px !important;padding-top: -32px !important;}&#8221;][vc_column_inner width=&#8221;1\/4&#8243; css=&#8221;.vc_custom_1728051976747{margin-top: -32px !important;border-top-width: -32px !important;padding-top: -32px !important;}&#8221;][vc_column_text css_animation=&#8221;fadeInUp&#8221;]<\/p>\n<h4 style=\"text-align: left;\"><em>A360 cloud suite:<\/em><br \/>\nAI Agent Studio<br \/>\nRPA Bots<br \/>\nAutomator AI<br \/>\nAutomation Co-pilot<br \/>\nDocument Automation<br \/>\nProcess Discovery<\/h4>\n<p>[\/vc_column_text][\/vc_column_inner][vc_column_inner width=&#8221;1\/4&#8243;][vc_column_text css_animation=&#8221;fadeInUp&#8221; css=&#8221;.vc_custom_1728051993932{margin-top: -32px !important;border-top-width: -32px !important;padding-top: -32px !important;}&#8221;]<\/p>\n<h4 style=\"text-align: left;\">UKG Pro WFM (WorkForce Dimensions actual WorkForce Management)<br \/>\nWorkforce Central<\/h4>\n<p>[\/vc_column_text][\/vc_column_inner][vc_column_inner width=&#8221;1\/4&#8243;][vc_column_text css_animation=&#8221;fadeInUp&#8221; css=&#8221;.vc_custom_1728052001259{margin-top: -32px !important;border-top-width: -32px !important;padding-top: -32px !important;}&#8221;]<\/p>\n<h4 style=\"text-align: left;\">HCM Cloud<br \/>\nERP Cloud<br \/>\nEPM Enterprise performance Manager<br \/>\nOCI Oracle CLoud<br \/>\nPeopleSoft<\/h4>\n<p>[\/vc_column_text][\/vc_column_inner][vc_column_inner width=&#8221;1\/4&#8243;][vc_column_text css_animation=&#8221;fadeInUp&#8221; css=&#8221;.vc_custom_1728052008643{margin-top: -32px !important;border-top-width: -32px !important;padding-top: -32px !important;}&#8221;]<\/p>\n<h4 style=\"text-align: left;\">SAP S\/4HANA<br \/>\nSAP R3<br \/>\nSuccessFactors<\/h4>\n<p>[\/vc_column_text][\/vc_column_inner][\/vc_row_inner][\/vc_column][\/vc_row][vc_row el_id=&#8221;nuestros-valores&#8221;][vc_column][vc_column_text css_animation=&#8221;fadeInDown&#8221;]<\/p>\n<h2 style=\"text-align: center;\"><span style=\"color: #333333;\"><strong>Ataway Pledge<\/strong><\/span><\/h2>\n<p>[\/vc_column_text][vc_column_text css_animation=&#8221;fadeInUp&#8221;]<\/p>\n<h3><em><strong><span style=\"color: #333333;\">Nuestro compromiso \u2013 <span style=\"color: #eb7932;\">T.R.U.S.T.<\/span> &#8211; representa a nuestra promesa como empresa y como individuos de lograr el \u00e9xito juntos.<\/span><\/strong><\/em><\/h3>\n<p>[\/vc_column_text][\/vc_column][\/vc_row][vc_row full_width=&#8221;stretch_row_content_no_spaces&#8221;][vc_column][vc_single_image image=&#8221;14149&#8243; img_size=&#8221;full&#8221; alignment=&#8221;center&#8221;][\/vc_column][\/vc_row][vc_row][vc_column css_animation=&#8221;fadeInUp&#8221; width=&#8221;1\/5&#8243;][vc_single_image image=&#8221;38352&#8243;][vc_column_text]#1 We Succeed as a <strong>TEAM<\/strong><\/p>\n<p>Ataway es una organizaci\u00f3n peque\u00f1a con grandes ambiciones que no pueden alcanzarse con el esfuerzo de una sola persona. El trabajo en equipo genera grandes resultados.[\/vc_column_text][\/vc_column][vc_column css_animation=&#8221;fadeInUp&#8221; width=&#8221;1\/5&#8243;][vc_single_image image=&#8221;38304&#8243;][vc_column_text]#2 We Embrace <strong>RISKS<\/strong><\/p>\n<p>Ataway se fund\u00f3 con la audacia de tener una visi\u00f3n aspiracional y la capacidad de asumir riesgos para hacerla realidad. Siempre buscamos avanzar al siguiente nivel.[\/vc_column_text][\/vc_column][vc_column css_animation=&#8221;fadeInUp&#8221; width=&#8221;1\/5&#8243;][vc_single_image image=&#8221;38316&#8243;][vc_column_text]#3 It&#8217;s <strong>UP TO ME<\/strong><\/p>\n<p>En Ataway valoramos la responsabilidad y el esp\u00edritu emprendedor. Creamos una cultura donde cada persona es responsable y el crecimiento est\u00e1 en manos de cada uno de nosotros.[\/vc_column_text][\/vc_column][vc_column css_animation=&#8221;fadeInUp&#8221; width=&#8221;1\/5&#8243;][vc_single_image image=&#8221;38340&#8243;][vc_column_text]#4 We <strong>SERVE<\/strong><\/p>\n<p>Ataway es una organizaci\u00f3n de servicios con una mentalidad de servicio incomparable, tanto hacia sus clientes como hacia sus colaboradores. Creamos valor para nuestros socios, generando confianza y lealtad.[\/vc_column_text][\/vc_column][vc_column css_animation=&#8221;fadeInUp&#8221; width=&#8221;1\/5&#8243;][vc_single_image image=&#8221;38328&#8243;][vc_column_text]#5 We are <strong>THANKFUL<\/strong><\/p>\n<p>En Ataway nos esforzamos por marcar la diferencia, tanto interna como externamente. Lo que nos define es que elegimos ayudar y asistir, aunque no seamos los beneficiarios directos del acto.[\/vc_column_text][\/vc_column][\/vc_row][vc_row el_id=&#8221;nuestro-equipo&#8221;][vc_column][vc_column_text css_animation=&#8221;fadeInDown&#8221;]<\/p>\n<h2 style=\"text-align: center;\"><span style=\"color: #333333;\"><strong>Conoc\u00e9 a nuestro Equipo de Ataway Argentina<\/strong><\/span><\/h2>\n<p>[\/vc_column_text][vc_row_inner][vc_column_inner width=&#8221;1\/2&#8243;]<div class=\"team team_vertical\"><h4 class=\"title \">Ataway CEO<\/h4><div class=\"image_frame photo no_link scale-with-grid\"><div class=\"image_wrapper\"><img loading=\"lazy\" decoding=\"async\" class=\"scale-with-grid\" src=\"https:\/\/www.ataway.com\/wp-content\/uploads\/2025\/04\/aragonai-a241cd48-4f84-4e30-af5e-807a3acd1bd7-1-e1746540853512.jpeg\" alt=\"Jean-Michel Ataway CEO\" width=\"150\" height=\"150\"\/><\/div><\/div><div class=\"desc_wrapper clearfix\"><h4 class=\"desc_wrappper_title \"><b>Jean-Michel Isoir<\/b><\/h4><hr class=\"hr_color\" \/><div class=\"desc\">Jean-Michel es el CEO global de Ataway desde hace m\u00e1s de 20 a\u00f1os. Comenz\u00f3 su carrera en Deloitte y luego decidi\u00f3 fundar Ataway, una empresa de consultor\u00eda creada por consultores, para consultores.<br \/>\nEl concepto detr\u00e1s de la creaci\u00f3n de Ataway fue y sigue siendo ofrecer un mejor entorno para los consultores, enfoc\u00e1ndose en proyectos globales que muchos buscan, pero que a menudo son dif\u00edciles de conseguir en las Big Four.<br \/>\nAs\u00ed naci\u00f3 Ataway, como una organizaci\u00f3n horizontal que prioriza la comunicaci\u00f3n abierta, as\u00ed como los proyectos y entregas globales, que siguen siendo sus principales fortalezas hasta hoy.<br \/>\nJean-Michel es un CEO que apoya los proyectos de manera activa, y en ocasiones incluso participa personalmente en la entrega de servicios para clientes en distintas oficinas y pa\u00edses.<\/div><\/div><\/div>\n[vc_btn title=&#8221;Visite su perfil de LinkedIn&#8221; style=&#8221;outline&#8221; color=&#8221;warning&#8221; size=&#8221;lg&#8221; i_icon_fontawesome=&#8221;fab fa-linkedin&#8221; css_animation=&#8221;none&#8221; add_icon=&#8221;true&#8221; link=&#8221;url:https%3A%2F%2Fwww.linkedin.com%2Fin%2Fjean-michel-isoir-64970a%2F||target:%20_blank|&#8221;][\/vc_column_inner][vc_column_inner width=&#8221;1\/2&#8243;]<div class=\"team team_vertical\"><h4 class=\"title \">Director General Ataway Argentina y Chile<\/h4><div class=\"image_frame photo no_link scale-with-grid\"><div class=\"image_wrapper\"><img loading=\"lazy\" decoding=\"async\" class=\"scale-with-grid\" src=\"https:\/\/www.ataway.com\/wp-content\/uploads\/2025\/05\/1549910665675-e1746540798355.jpg\" alt=\"An\u00edbal Serantes - Ataway Argentina y Chile\" width=\"150\" height=\"150\"\/><\/div><\/div><div class=\"desc_wrapper clearfix\"><h4 class=\"desc_wrappper_title \"><b>An\u00edbal Serantes<\/b><\/h4><hr class=\"hr_color\" \/><div class=\"desc\">An\u00edbal Serantes es un profesional destacado en Tecnolog\u00eda de la Informaci\u00f3n, con una s\u00f3lida trayectoria en gesti\u00f3n de proyectos, relaciones con clientes y ventas, principalmente en el \u00e1mbito de corporaciones internacionales. Posee una profunda experiencia en industrias como telecomunicaciones, manufactura y consumo, y cuenta con conocimientos funcionales en finanzas, recursos humanos y tecnolog\u00eda. An\u00edbal ha liderado con \u00e9xito numerosos proyectos empresariales de gran escala, incluyendo implementaciones de ERP, sistemas de CRM y facturaci\u00f3n, e iniciativas de servicios compartidos en pa\u00edses como Argentina, Chile, M\u00e9xico, Estados Unidos y Brasil.<br \/>\nDesde el a\u00f1o 2021 es miembro de la Comisi\u00f3n Directiva de la CESSI, trabajando activamente para desarrollar la industria del software en Argentina.<br \/>\nActualmente, se desempe\u00f1a como Director General de las oficinas de Argentina, Chile y Miami, supervisando la estrategia operativa y el rendimiento.<br \/>\n<\/div><\/div><\/div>\n[vc_btn title=&#8221;Visite su perfil de LinkedIn&#8221; style=&#8221;outline&#8221; color=&#8221;warning&#8221; size=&#8221;lg&#8221; i_icon_fontawesome=&#8221;fab fa-linkedin&#8221; css_animation=&#8221;none&#8221; add_icon=&#8221;true&#8221; link=&#8221;url:https%3A%2F%2Fwww.linkedin.com%2Fin%2Fanibalserantes%2F|target:_blank&#8221;][\/vc_column_inner][\/vc_row_inner][\/vc_column][\/vc_row][vc_row][vc_column][vc_column_text]<\/p>\n<h3 style=\"text-align: center;\"><span style=\"color: #333333;\"><strong data-start=\"115\" data-end=\"164\">\u00bfListo para dar el siguiente paso con Ataway?<\/strong><\/span><br data-start=\"164\" data-end=\"167\" \/><span style=\"color: #333333;\">Descubr\u00ed c\u00f3mo podemos acompa\u00f1arte en tu transformaci\u00f3n.<\/span><\/h3>\n<p>[\/vc_column_text][vc_btn title=&#8221;\u00a1Contactanos!&#8221; style=&#8221;classic&#8221; color=&#8221;warning&#8221; align=&#8221;center&#8221; link=&#8221;url:https%3A%2F%2Fwww.ataway.com%2Fes-ar%2Fcontacto%2F|target:_blank&#8221;][\/vc_column][\/vc_row]<\/p>\n<\/div>","protected":false},"excerpt":{"rendered":"<p>[vc_row full_width=&#8221;stretch_row&#8221; full_height=&#8221;yes&#8221; content_placement=&#8221;middle&#8221; parallax=&#8221;content-moving&#8221; parallax_image=&#8221;43040&#8243;][vc_column][vc_empty_space height=&#8221;100&#8243;][vc_row_inner content_placement=&#8221;middle&#8221;][vc_column_inner width=&#8221;2\/3&#8243;][vc_column_text css_animation=&#8221;fadeInDown&#8221;] Ataway Buenos Aires: Soluciones adaptables para problemas complejos [\/vc_column_text][vc_column_text css_animation=&#8221;fadeInUp&#8221; css=&#8221;.vc_custom_1755783689100{padding-bottom: 32px !important;}&#8221; el_class=&#8221;medium&#8221;] Traemos experiencia,<span class=\"excerpt-hellip\"> [\u2026]<\/span><\/p>\n","protected":false},"author":6,"featured_media":-1,"parent":0,"menu_order":0,"comment_status":"closed","ping_status":"closed","template":"","meta":{"footnotes":""},"class_list":["post-11155","page","type-page","status-publish","has-post-thumbnail","hentry"],"_links":{"self":[{"href":"https:\/\/www.ataway.com\/es-ar\/wp-json\/wp\/v2\/pages\/11155","targetHints":{"allow":["GET"]}}],"collection":[{"href":"https:\/\/www.ataway.com\/es-ar\/wp-json\/wp\/v2\/pages"}],"about":[{"href":"https:\/\/www.ataway.com\/es-ar\/wp-json\/wp\/v2\/types\/page"}],"author":[{"embeddable":true,"href":"https:\/\/www.ataway.com\/es-ar\/wp-json\/wp\/v2\/users\/6"}],"replies":[{"embeddable":true,"href":"https:\/\/www.ataway.com\/es-ar\/wp-json\/wp\/v2\/comments?post=11155"}],"version-history":[{"count":41,"href":"https:\/\/www.ataway.com\/es-ar\/wp-json\/wp\/v2\/pages\/11155\/revisions"}],"predecessor-version":[{"id":45374,"href":"https:\/\/www.ataway.com\/es-ar\/wp-json\/wp\/v2\/pages\/11155\/revisions\/45374"}],"wp:featuredmedia":[{"embeddable":true,"href":"https:\/\/www.ataway.com\/es-ar\/wp-json\/"}],"wp:attachment":[{"href":"https:\/\/www.ataway.com\/es-ar\/wp-json\/wp\/v2\/media?parent=11155"}],"curies":[{"name":"wp","href":"https:\/\/api.w.org\/{rel}","templated":true}]}}