{"id":11133,"date":"2019-04-09T15:46:25","date_gmt":"2019-04-09T18:46:25","guid":{"rendered":"http:\/\/www.ataway.com\/global-home\/?page_id=11133"},"modified":"2025-12-17T12:55:19","modified_gmt":"2025-12-17T15:55:19","slug":"soluciones","status":"publish","type":"page","link":"https:\/\/www.ataway.com\/es-ar\/soluciones\/","title":{"rendered":"Soluciones"},"content":{"rendered":"<div class=\"wpb-content-wrapper\"><p>[vc_row full_width=&#8221;stretch_row&#8221; full_height=&#8221;yes&#8221; content_placement=&#8221;middle&#8221; parallax=&#8221;content-moving&#8221; parallax_image=&#8221;10850&#8243; disable_element=&#8221;yes&#8221;][vc_column][vc_empty_space height=&#8221;100&#8243;][\/vc_column][\/vc_row][vc_row full_width=&#8221;stretch_row&#8221; full_height=&#8221;yes&#8221; content_placement=&#8221;middle&#8221; parallax=&#8221;content-moving&#8221; parallax_image=&#8221;38397&#8243;][vc_column][vc_row_inner][vc_column_inner width=&#8221;2\/3&#8243;][vc_column_text css_animation=&#8221;fadeInDown&#8221;]<\/p>\n<h1><span style=\"color: #333333;\">Avancemos\u00a0<\/span><strong><span style=\"color: #333333;\">juntos.<\/span><\/strong><\/h1>\n<p>[\/vc_column_text][vc_column_text css_animation=&#8221;fadeInUp&#8221; el_class=&#8221;small&#8221;]<\/p>\n<h3><span style=\"color: #eb7932;\">No importa la complejidad de los desaf\u00edos de tu negocio, tenemos la experiencia y la capacidad para ofrecerte la soluci\u00f3n correcta. Optimizamos tus procesos, reducimos tus gastos y creamos mayor valor. \u00a1Al final del d\u00eda solo importa tu \u00e9xito!<\/span><\/h3>\n<p>[\/vc_column_text][vc_column_text]<div class=\"button_align align_left\"><a class=\"button  button_left button_size_3\" href=\"https:\/\/www.ataway.com\/es-ar\/soluciones\/#Ataway-Solutions\"     style=\"background-color:#ff7600!important;color:#ffffff;\"     title=\"\"><span class=\"button_icon\"><i class=\"icon-right-open\"  style=\"color:#ffffff!important;\" aria-hidden=\"true\"><\/i><\/span><span class=\"button_label\">Descubr\u00ed las soluciones de Ataway<\/span><\/a><\/div>\n[\/vc_column_text][\/vc_column_inner][vc_column_inner width=&#8221;1\/3&#8243;][\/vc_column_inner][\/vc_row_inner][\/vc_column][\/vc_row][vc_row el_id=&#8221;Ataway-Solutions&#8221;][vc_column][vc_column_text css_animation=&#8221;fadeInDown&#8221;]<\/p>\n<h2 style=\"text-align: left;\"><span style=\"color: #333333;\"><strong>Nuestras soluciones<\/strong><\/span><\/h2>\n<p>[\/vc_column_text][vc_row_inner][vc_column_inner width=&#8221;1\/4&#8243;][vc_hoverbox image=&#8221;14303&#8243; primary_title=&#8221;&#8221; hover_title=&#8221;&#8221; hover_btn_title=&#8221;\u00a1Lee m\u00e1s!&#8221; hover_btn_style=&#8221;outline-custom&#8221; hover_btn_outline_custom_color=&#8221;#f47521&#8243; hover_btn_outline_custom_hover_background=&#8221;#f47521&#8243; hover_btn_outline_custom_hover_text=&#8221;#ffffff&#8221; css_animation=&#8221;fadeInUp&#8221; hover_add_button=&#8221;true&#8221; hover_btn_link=&#8221;url:https%3A%2F%2Fwww.ataway.com%2Fes-ar%2Fsoluciones%2Fautomatizacion-robotica-de-procesos%2F||target:%20_blank|&#8221;]<span class=\"TextRun SCXP107566075 BCX0\" lang=\"ES-ES\" xml:lang=\"ES-ES\" data-scheme-color=\"@7F7F7F,1,18:50000,19:50000\" data-usefontface=\"true\" data-contrast=\"none\"><span class=\"NormalTextRun SCXP107566075 BCX0\"><a href=\"https:\/\/www.ataway.com\/es-ar\/soluciones\/automatizacion-robotica-de-procesos\/\"><strong>RPA, la soluci\u00f3n tecnol\u00f3gica que te permitir\u00e1 automatizar tareas digitales.<\/strong><\/a><\/span><\/span>[\/vc_hoverbox][\/vc_column_inner][vc_column_inner width=&#8221;1\/4&#8243;][vc_hoverbox image=&#8221;45312&#8243; primary_title=&#8221;&#8221; hover_title=&#8221;&#8221; hover_btn_title=&#8221;\u00a1Aprend\u00e9 m\u00e1s!&#8221; hover_btn_style=&#8221;outline-custom&#8221; hover_btn_outline_custom_color=&#8221;#f47521&#8243; hover_btn_outline_custom_hover_background=&#8221;#f47521&#8243; hover_btn_outline_custom_hover_text=&#8221;#ffffff&#8221; css_animation=&#8221;fadeInUp&#8221; hover_add_button=&#8221;true&#8221; hover_btn_link=&#8221;url:https%3A%2F%2Fwww.ataway.com%2Fes-ar%2Fsoluciones%2Fukg-gestion-de-la-fuerza-laboral%2F|target:_blank&#8221;]<strong><a href=\"https:\/\/www.ataway.com\/es-ar\/soluciones\/ukg-gestion-de-la-fuerza-laboral\/\">Ataway junto con UKG brindan un valor excepcional en la gesti\u00f3n de la fuerza laboral para que tu proyecto sea un \u00e9xito.<\/a><\/strong>[\/vc_hoverbox][\/vc_column_inner][vc_column_inner width=&#8221;1\/4&#8243;][vc_hoverbox image=&#8221;14081&#8243; primary_title=&#8221;&#8221; hover_title=&#8221;&#8221; hover_btn_title=&#8221;\u00a1Conoc\u00e9 m\u00e1s!&#8221; hover_btn_style=&#8221;outline&#8221; hover_btn_color=&#8221;warning&#8221; css_animation=&#8221;fadeInUp&#8221; hover_add_button=&#8221;true&#8221; hover_btn_link=&#8221;url:https%3A%2F%2Fwww.ataway.com%2Fes-ar%2Fsoluciones%2Foraclecloud%2F|||&#8221;]<strong><a href=\"https:\/\/www.ataway.com\/es-ar\/soluciones\/oraclecloud\/\">Modernizate, innov\u00e1 y compet\u00ed en el mundo digital con de Oracle Cloud, un servicio completo e integrado de nube.<\/a><\/strong>[\/vc_hoverbox][\/vc_column_inner][vc_column_inner width=&#8221;1\/4&#8243;][vc_hoverbox image=&#8221;14305&#8243; primary_title=&#8221;&#8221; hover_title=&#8221;&#8221; css_animation=&#8221;fadeInUp&#8221;]<\/p>\n<p id=\"tw-target-text\" class=\"tw-data-text tw-text-large tw-ta\" dir=\"ltr\" data-placeholder=\"Translation\"><span class=\"Y2IQFc\" lang=\"es\">Te ayudamos a administrar y reinventar tus negocios con soluciones abiertas, escalables y modulares para problemas de TI complejos. \u00a1Aprend\u00e9 m\u00e1s!<\/span><\/p>\n<p>[\/vc_hoverbox][\/vc_column_inner][\/vc_row_inner][vc_row_inner][vc_column_inner width=&#8221;1\/4&#8243;][vc_hoverbox image=&#8221;14307&#8243; primary_title=&#8221;&#8221; hover_title=&#8221;&#8221; css_animation=&#8221;fadeInUp&#8221;]<\/p>\n<div id=\"tw-target-text-container\" class=\"tw-ta-container F0azHf tw-nfl\" tabindex=\"0\">\n<p id=\"tw-target-text\" class=\"tw-data-text tw-text-large tw-ta\" dir=\"ltr\" data-placeholder=\"Translation\"><span class=\"Y2IQFc\" lang=\"es\">Apoyamos a tu empresa en la realizaci\u00f3n de diversos proyectos de transformaci\u00f3n empresarial.<\/span><\/p>\n<\/div>\n<p>[\/vc_hoverbox][\/vc_column_inner][vc_column_inner width=&#8221;1\/4&#8243;][vc_hoverbox image=&#8221;17472&#8243; primary_title=&#8221;&#8221; hover_title=&#8221;&#8221; hover_btn_title=&#8221;\u00a1Le\u00e9 m\u00e1s!&#8221; hover_btn_style=&#8221;outline&#8221; hover_btn_color=&#8221;warning&#8221; css_animation=&#8221;fadeInUp&#8221; hover_add_button=&#8221;true&#8221; hover_btn_link=&#8221;url:https%3A%2F%2Fwww.ataway.com%2Fes-ar%2Fsoluciones%2Fdesarrollo-de-aplicaciones%2F|||&#8221;]<strong><a href=\"https:\/\/www.ataway.com\/es-ar\/soluciones\/desarrollo-de-aplicaciones\/\">Te ayudamos a crear una app que satisfaga tus necesidades comerciales e industriales con habilidad t\u00e9cnica y facilidad de uso.<\/a><\/strong>[\/vc_hoverbox][\/vc_column_inner][vc_column_inner width=&#8221;1\/4&#8243;][vc_hoverbox image=&#8221;14308&#8243; primary_title=&#8221;&#8221; hover_title=&#8221;&#8221; css_animation=&#8221;fadeInUp&#8221;]Logr\u00e1 que tus equipos de computaci\u00f3n est\u00e9n a la vanguardia tecnol\u00f3gica, para que puedan cumplir adecuadamente sus funciones. \u00a1Contactanos![\/vc_hoverbox][\/vc_column_inner][vc_column_inner width=&#8221;1\/4&#8243;][\/vc_column_inner][\/vc_row_inner][\/vc_column][\/vc_row][vc_row full_width=&#8221;stretch_row&#8221; content_placement=&#8221;middle&#8221; css=&#8221;.vc_custom_1552846578292{background-color: #ffffff !important;}&#8221; el_id=&#8221;scroller-second-frame&#8221;][vc_column][vc_empty_space height=&#8221;16&#8243;][vc_row_inner css=&#8221;.vc_custom_1552899477088{margin-bottom: 0px !important;}&#8221;][vc_column_inner][vc_column_text css_animation=&#8221;fadeInDown&#8221; el_class=&#8221;big&#8221;]<\/p>\n<h1 style=\"text-align: left;\"><span style=\"color: #333333;\">Expertise.<\/span><\/h1>\n<p>[\/vc_column_text][\/vc_column_inner][\/vc_row_inner][vc_row_inner][vc_column_inner width=&#8221;1\/3&#8243;][vc_column_text css_animation=&#8221;fadeInUp&#8221; el_class=&#8221;small&#8221;]<\/p>\n<h4><span style=\"color: #eb7932;\"><img loading=\"lazy\" decoding=\"async\" class=\"alignnone wp-image-10377\" src=\"https:\/\/34.230.143.247\/wp-content\/uploads\/2019\/03\/About-icon-people-294x300.png\" alt=\"\" width=\"39\" height=\"40\" srcset=\"https:\/\/www.ataway.com\/wp-content\/uploads\/2019\/03\/About-icon-people-294x300.png 294w, https:\/\/www.ataway.com\/wp-content\/uploads\/2019\/03\/About-icon-people-150x150.png 150w, https:\/\/www.ataway.com\/wp-content\/uploads\/2019\/03\/About-icon-people-143x146.png 143w, https:\/\/www.ataway.com\/wp-content\/uploads\/2019\/03\/About-icon-people-50x50.png 50w, https:\/\/www.ataway.com\/wp-content\/uploads\/2019\/03\/About-icon-people-74x75.png 74w, https:\/\/www.ataway.com\/wp-content\/uploads\/2019\/03\/About-icon-people-85x85.png 85w, https:\/\/www.ataway.com\/wp-content\/uploads\/2019\/03\/About-icon-people-80x80.png 80w, https:\/\/www.ataway.com\/wp-content\/uploads\/2019\/03\/About-icon-people.png 500w\" sizes=\"auto, (max-width:767px) 39px, 39px\" \/><\/span><br \/>\n<span style=\"color: #eb7932;\">PERSONAS<\/span><br \/>\n<strong>Donde las fronteras desaparecen.<\/strong><br \/>\nSomos un equipo de 450 consultores en m\u00e1s de 15 pa\u00edses. Tenemos conocimiento, experiencia y una correcta actitud para ayudarte en tus desaf\u00edos diarios.<\/h4>\n<p>[\/vc_column_text][\/vc_column_inner][vc_column_inner width=&#8221;1\/3&#8243;][vc_column_text css_animation=&#8221;fadeInUp&#8221; el_class=&#8221;small&#8221;]<\/p>\n<h4><img loading=\"lazy\" decoding=\"async\" class=\"alignnone wp-image-10378\" src=\"https:\/\/34.230.143.247\/wp-content\/uploads\/2019\/03\/About-icon-processes-294x300.png\" alt=\"\" width=\"39\" height=\"40\" srcset=\"https:\/\/www.ataway.com\/wp-content\/uploads\/2019\/03\/About-icon-processes-294x300.png 294w, https:\/\/www.ataway.com\/wp-content\/uploads\/2019\/03\/About-icon-processes-150x150.png 150w, https:\/\/www.ataway.com\/wp-content\/uploads\/2019\/03\/About-icon-processes-143x146.png 143w, https:\/\/www.ataway.com\/wp-content\/uploads\/2019\/03\/About-icon-processes-50x50.png 50w, https:\/\/www.ataway.com\/wp-content\/uploads\/2019\/03\/About-icon-processes-74x75.png 74w, https:\/\/www.ataway.com\/wp-content\/uploads\/2019\/03\/About-icon-processes-85x85.png 85w, https:\/\/www.ataway.com\/wp-content\/uploads\/2019\/03\/About-icon-processes-80x80.png 80w, https:\/\/www.ataway.com\/wp-content\/uploads\/2019\/03\/About-icon-processes.png 500w\" sizes=\"auto, (max-width:767px) 39px, 39px\" \/><br \/>\n<span style=\"color: #eb7932;\">PROCESOS<\/span><br \/>\n<strong>Menos es m\u00e1s.<\/strong><br \/>\n<span class=\"EOP SCXW145067653\" data-ccp-props=\"{&quot;201341983&quot;:0,&quot;335551550&quot;:6,&quot;335551620&quot;:6,&quot;335559739&quot;:160,&quot;335559740&quot;:240}\">Te ayudamos a optimizar tus \u00e1reas de negocio como finanzas, recursos humanos y supply chain. Implementamos aplicaciones innovadoras en la nube y soluciones de automatizaci\u00f3n (RPA\/AI).<\/span><\/h4>\n<p>[\/vc_column_text][\/vc_column_inner][vc_column_inner width=&#8221;1\/3&#8243;][vc_column_text css_animation=&#8221;fadeInUp&#8221; el_class=&#8221;small&#8221;]<\/p>\n<h4><img loading=\"lazy\" decoding=\"async\" class=\"alignnone wp-image-10379\" src=\"https:\/\/34.230.143.247\/wp-content\/uploads\/2019\/03\/About-icon-technology-294x300.png\" alt=\"\" width=\"40\" height=\"41\" srcset=\"https:\/\/www.ataway.com\/wp-content\/uploads\/2019\/03\/About-icon-technology-294x300.png 294w, https:\/\/www.ataway.com\/wp-content\/uploads\/2019\/03\/About-icon-technology-150x150.png 150w, https:\/\/www.ataway.com\/wp-content\/uploads\/2019\/03\/About-icon-technology-143x146.png 143w, https:\/\/www.ataway.com\/wp-content\/uploads\/2019\/03\/About-icon-technology-50x50.png 50w, https:\/\/www.ataway.com\/wp-content\/uploads\/2019\/03\/About-icon-technology-74x75.png 74w, https:\/\/www.ataway.com\/wp-content\/uploads\/2019\/03\/About-icon-technology-85x85.png 85w, https:\/\/www.ataway.com\/wp-content\/uploads\/2019\/03\/About-icon-technology-80x80.png 80w, https:\/\/www.ataway.com\/wp-content\/uploads\/2019\/03\/About-icon-technology.png 500w\" sizes=\"auto, (max-width:767px) 40px, 40px\" \/><br \/>\n<span style=\"color: #eb7932;\">TECNOLOG\u00cdA<\/span><br \/>\n<strong>\u00bfEst\u00e1s listo?<\/strong><br \/>\nEstamos asociados a l\u00edderes tecnol\u00f3gicos como Oracle, Automation Anywhere, SAP y Kronos, para ofrecerte las herramientas y capacidades adecuadas para ejecutar tus proyectos de transformaci\u00f3n. Somos los expertos, \u00a1conf\u00eda en nosotros!<\/h4>\n<p>[\/vc_column_text][\/vc_column_inner][\/vc_row_inner][\/vc_column][\/vc_row][vc_row full_width=&#8221;stretch_row&#8221; content_placement=&#8221;middle&#8221; css=&#8221;.vc_custom_1552898974383{margin-top: 0px !important;margin-bottom: 0px !important;background-color: #ffffff !important;}&#8221;][vc_column css=&#8221;.vc_custom_1552898985909{margin-top: 0px !important;margin-bottom: 0px !important;}&#8221;][vc_row_inner css=&#8221;.vc_custom_1552898995312{margin-top: 0px !important;margin-bottom: 0px !important;}&#8221;][vc_column_inner css=&#8221;.vc_custom_1552899000074{margin-top: 0px !important;margin-bottom: 0px !important;}&#8221;][vc_single_image image=&#8221;11142&#8243; img_size=&#8221;full&#8221; alignment=&#8221;center&#8221; css_animation=&#8221;fadeInUp&#8221; css=&#8221;.vc_custom_1554835283090{margin-top: 0px !important;margin-bottom: 0px !important;}&#8221;][\/vc_column_inner][\/vc_row_inner][\/vc_column][\/vc_row][vc_row full_width=&#8221;stretch_row&#8221; content_placement=&#8221;middle&#8221; css=&#8221;.vc_custom_1552897637450{background-color: #ffffff !important;}&#8221;][vc_column][vc_empty_space height=&#8221;16&#8243;][vc_row_inner css=&#8221;.vc_custom_1552899510789{margin-bottom: 0px !important;}&#8221;][vc_column_inner][vc_column_text css_animation=&#8221;fadeInDown&#8221; el_class=&#8221;big&#8221;]<\/p>\n<h1 style=\"text-align: left;\"><span style=\"color: #333333;\">Procesos de negocios.<\/span><\/h1>\n<p>[\/vc_column_text][\/vc_column_inner][\/vc_row_inner][vc_row_inner][vc_column_inner width=&#8221;1\/3&#8243;][vc_column_text css_animation=&#8221;fadeInUp&#8221; el_class=&#8221;small&#8221;]<\/p>\n<h4><img loading=\"lazy\" decoding=\"async\" class=\"alignnone wp-image-10393\" src=\"https:\/\/34.230.143.247\/wp-content\/uploads\/2019\/03\/About-icon-finance-294x300.png\" alt=\"\" width=\"40\" height=\"41\" srcset=\"https:\/\/www.ataway.com\/wp-content\/uploads\/2019\/03\/About-icon-finance-294x300.png 294w, https:\/\/www.ataway.com\/wp-content\/uploads\/2019\/03\/About-icon-finance-150x150.png 150w, https:\/\/www.ataway.com\/wp-content\/uploads\/2019\/03\/About-icon-finance-143x146.png 143w, https:\/\/www.ataway.com\/wp-content\/uploads\/2019\/03\/About-icon-finance-50x50.png 50w, https:\/\/www.ataway.com\/wp-content\/uploads\/2019\/03\/About-icon-finance-74x75.png 74w, https:\/\/www.ataway.com\/wp-content\/uploads\/2019\/03\/About-icon-finance-85x85.png 85w, https:\/\/www.ataway.com\/wp-content\/uploads\/2019\/03\/About-icon-finance-80x80.png 80w, https:\/\/www.ataway.com\/wp-content\/uploads\/2019\/03\/About-icon-finance.png 500w\" sizes=\"auto, (max-width:767px) 40px, 40px\" \/><br \/>\n<span style=\"color: #eb7932;\">FINANZAS<\/span><br \/>\n<strong>Estar\u00e1s un paso adelante.<\/strong><br \/>\nImplementamos tu nuevo ERP Cloud a nivel local y global, completamos la automatizaci\u00f3n de tus procesos de RPA, reducimos el tiempo de tu cierre. \u00a1Lo hacemos todo m\u00e1s f\u00e1cil y eficiente!<\/h4>\n<p>[\/vc_column_text][\/vc_column_inner][vc_column_inner width=&#8221;1\/3&#8243;][vc_column_text css_animation=&#8221;fadeInUp&#8221; el_class=&#8221;small&#8221;]<\/p>\n<h4><img loading=\"lazy\" decoding=\"async\" class=\"alignnone wp-image-10394\" src=\"https:\/\/34.230.143.247\/wp-content\/uploads\/2019\/03\/About-icon-HR-294x300.png\" alt=\"\" width=\"40\" height=\"41\" srcset=\"https:\/\/www.ataway.com\/wp-content\/uploads\/2019\/03\/About-icon-HR-294x300.png 294w, https:\/\/www.ataway.com\/wp-content\/uploads\/2019\/03\/About-icon-HR-150x150.png 150w, https:\/\/www.ataway.com\/wp-content\/uploads\/2019\/03\/About-icon-HR-143x146.png 143w, https:\/\/www.ataway.com\/wp-content\/uploads\/2019\/03\/About-icon-HR-50x50.png 50w, https:\/\/www.ataway.com\/wp-content\/uploads\/2019\/03\/About-icon-HR-74x75.png 74w, https:\/\/www.ataway.com\/wp-content\/uploads\/2019\/03\/About-icon-HR-85x85.png 85w, https:\/\/www.ataway.com\/wp-content\/uploads\/2019\/03\/About-icon-HR-80x80.png 80w, https:\/\/www.ataway.com\/wp-content\/uploads\/2019\/03\/About-icon-HR.png 500w\" sizes=\"auto, (max-width:767px) 40px, 40px\" \/><br \/>\n<span style=\"color: #eb7932;\">HR &amp; PAYROLL<\/span><br \/>\n<strong>Navegando por los cambios.<\/strong><br \/>\nHR es el socio principal en los negocios. Sabemos lo que funciona, sabemos c\u00f3mo hacerlo funcionar, sabemos c\u00f3mo solucionar problemas. \u00a1Unite a nosotros y surfe\u00e1 la ola!<\/h4>\n<p>[\/vc_column_text][\/vc_column_inner][vc_column_inner width=&#8221;1\/3&#8243;][vc_column_text css_animation=&#8221;fadeInUp&#8221; el_class=&#8221;small&#8221;]<\/p>\n<h4><img loading=\"lazy\" decoding=\"async\" class=\"alignnone wp-image-10395\" src=\"https:\/\/34.230.143.247\/wp-content\/uploads\/2019\/03\/About-icon-supply-chain-294x300.png\" alt=\"\" width=\"40\" height=\"41\" srcset=\"https:\/\/www.ataway.com\/wp-content\/uploads\/2019\/03\/About-icon-supply-chain-294x300.png 294w, https:\/\/www.ataway.com\/wp-content\/uploads\/2019\/03\/About-icon-supply-chain-150x150.png 150w, https:\/\/www.ataway.com\/wp-content\/uploads\/2019\/03\/About-icon-supply-chain-143x146.png 143w, https:\/\/www.ataway.com\/wp-content\/uploads\/2019\/03\/About-icon-supply-chain-50x50.png 50w, https:\/\/www.ataway.com\/wp-content\/uploads\/2019\/03\/About-icon-supply-chain-74x75.png 74w, https:\/\/www.ataway.com\/wp-content\/uploads\/2019\/03\/About-icon-supply-chain-85x85.png 85w, https:\/\/www.ataway.com\/wp-content\/uploads\/2019\/03\/About-icon-supply-chain-80x80.png 80w, https:\/\/www.ataway.com\/wp-content\/uploads\/2019\/03\/About-icon-supply-chain.png 500w\" sizes=\"auto, (max-width:767px) 40px, 40px\" \/><br \/>\n<span style=\"color: #eb7932;\">SUPPLY CHAIN<\/span><br \/>\n<strong>A la velocidad de la luz.<\/strong><br \/>\nPlanificaci\u00f3n de la producci\u00f3n, WMS, TMS, RFID, IOT, etc. \u00a1Lo sabemos todo! Podemos desafiar las leyes de la f\u00edsica y hacer que tus costos bajen.<\/h4>\n<p>[\/vc_column_text][\/vc_column_inner][\/vc_row_inner][vc_empty_space height=&#8221;32&#8243;][\/vc_column][\/vc_row][vc_row full_width=&#8221;stretch_row&#8221; content_placement=&#8221;middle&#8221; css=&#8221;.vc_custom_1552900650622{background-color: #ffffff !important;}&#8221;][vc_column][vc_empty_space height=&#8221;32&#8243;][\/vc_column][\/vc_row][vc_row el_id=&#8221;js-code&#8221;][vc_column][vc_raw_js]JTNDc2NyaXB0JTIwdHlwZSUzRCUyMnRleHQlMkZqYXZhc2NyaXB0JTIyJTNFJTBBJTI4ZnVuY3Rpb24lMjglMjQlMjklMjAlN0IlMEElMjQlMjglMjIlMjNUb3BfYmFyJTIyJTI5LmFkZENsYXNzJTI4JTIyZGFya19iYWNrZ3JvdW5kJTIyJTI5JTNCJTBBJTdEJTI4alF1ZXJ5JTI5JTI5JTNCJTBBJTNDJTJGc2NyaXB0JTNF[\/vc_raw_js][\/vc_column][\/vc_row]<\/p>\n<\/div>","protected":false},"excerpt":{"rendered":"<p>[vc_row full_width=&#8221;stretch_row&#8221; full_height=&#8221;yes&#8221; content_placement=&#8221;middle&#8221; parallax=&#8221;content-moving&#8221; parallax_image=&#8221;10850&#8243; disable_element=&#8221;yes&#8221;][vc_column][vc_empty_space height=&#8221;100&#8243;][\/vc_column][\/vc_row][vc_row full_width=&#8221;stretch_row&#8221; full_height=&#8221;yes&#8221; content_placement=&#8221;middle&#8221; parallax=&#8221;content-moving&#8221; parallax_image=&#8221;38397&#8243;][vc_column][vc_row_inner][vc_column_inner width=&#8221;2\/3&#8243;][vc_column_text css_animation=&#8221;fadeInDown&#8221;] Avancemos\u00a0juntos. [\/vc_column_text][vc_column_text css_animation=&#8221;fadeInUp&#8221; el_class=&#8221;small&#8221;] No importa la complejidad de los desaf\u00edos<span class=\"excerpt-hellip\"> [\u2026]<\/span><\/p>\n","protected":false},"author":6,"featured_media":-1,"parent":0,"menu_order":0,"comment_status":"closed","ping_status":"closed","template":"","meta":{"footnotes":""},"class_list":["post-11133","page","type-page","status-publish","has-post-thumbnail","hentry"],"_links":{"self":[{"href":"https:\/\/www.ataway.com\/es-ar\/wp-json\/wp\/v2\/pages\/11133","targetHints":{"allow":["GET"]}}],"collection":[{"href":"https:\/\/www.ataway.com\/es-ar\/wp-json\/wp\/v2\/pages"}],"about":[{"href":"https:\/\/www.ataway.com\/es-ar\/wp-json\/wp\/v2\/types\/page"}],"author":[{"embeddable":true,"href":"https:\/\/www.ataway.com\/es-ar\/wp-json\/wp\/v2\/users\/6"}],"replies":[{"embeddable":true,"href":"https:\/\/www.ataway.com\/es-ar\/wp-json\/wp\/v2\/comments?post=11133"}],"version-history":[{"count":31,"href":"https:\/\/www.ataway.com\/es-ar\/wp-json\/wp\/v2\/pages\/11133\/revisions"}],"predecessor-version":[{"id":45324,"href":"https:\/\/www.ataway.com\/es-ar\/wp-json\/wp\/v2\/pages\/11133\/revisions\/45324"}],"wp:featuredmedia":[{"embeddable":true,"href":"https:\/\/www.ataway.com\/es-ar\/wp-json\/"}],"wp:attachment":[{"href":"https:\/\/www.ataway.com\/es-ar\/wp-json\/wp\/v2\/media?parent=11133"}],"curies":[{"name":"wp","href":"https:\/\/api.w.org\/{rel}","templated":true}]}}